{"id":1856109,"date":"2025-10-07T17:15:18","date_gmt":"2025-10-07T14:15:18","guid":{"rendered":"https:\/\/ruuby.ee\/pood\/maaratlemata\/norev-mudelauto-citroen-mehari-1978-light-blue-jet-car-143\/"},"modified":"2026-04-08T01:28:23","modified_gmt":"2026-04-07T22:28:23","slug":"norev-mudelauto-citroen-mehari-1978-light-blue-jet-car-143","status":"publish","type":"product","link":"http:\/\/ruuby.ee\/en\/pood\/lapsed\/mudelautod\/norev-mudelauto-citroen-mehari-1978-light-blue-jet-car-143\/","title":{"rendered":"NOREV mudelauto, Citro\u00ebn Mehari 1978 Light Blue Jet-car 1:43"},"content":{"rendered":"<p>1968. aasta Pariisi auton\u00e4itusel esitletud M\u00e9hari p\u00f5hines krahv Roland de la Poype&#8217;i v\u00e4ljat\u00f6\u00f6tatud protot\u00fc\u00fcpidel.<\/p>\n<p>Kerge (525 kg) plastkerega avastas avalikkus v\u00e4ga originaalse disainiga auto. Sellest sai kiiresti kultusauto, mis tekitas puhkusemeeleolu. T\u00e4nap\u00e4eval on see kohandatud ainulaadsete v\u00e4rvidega, n\u00e4iteks selle mere ja ranna meenutava sinisega.<\/p>\n<p>Meie m\u00e4ngumudel j\u00e4ljendab neid detaile ustavalt, kokkupandava esiklaasi ja vedrustusega, mis sobib ideaalselt retroautode entusiastidele.<\/p>\n<p>Skaala &#8211; 1:43<br \/>\nMudeli tootja &#8211; Norev<br \/>\nAasta &#8211; 1978<br \/>\nV\u00e4rv &#8211; Sinine<br \/>\nMaterjal &#8211; Metall (Zamak)<br \/>\nAutotootja -CITRO\u00cbN<br \/>\nSaadavus kuu &#8211; 2024\/10<\/p>","protected":false},"excerpt":{"rendered":"<p>1968. aasta Pariisi auton\u00e4itusel esitletud M\u00e9hari p\u00f5hines krahv Roland de la Poype&#8217;i v\u00e4ljat\u00f6\u00f6tatud protot\u00fc\u00fcpidel. Kerge (525 kg) plastkerega avastas avalikkus v\u00e4ga originaalse disainiga auto. Sellest sai kiiresti kultusauto, mis tekitas puhkusemeeleolu. T\u00e4nap\u00e4eval on see kohandatud ainulaadsete v\u00e4rvidega, n\u00e4iteks selle mere ja ranna meenutava sinisega. Meie m\u00e4ngumudel j\u00e4ljendab neid detaile ustavalt, kokkupandava esiklaasi ja vedrustusega, mis [&hellip;]<\/p>\n","protected":false},"featured_media":1856181,"comment_status":"open","ping_status":"closed","template":"","meta":[],"product_brand":[],"product_cat":[22,1119],"product_tag":[1120],"class_list":{"0":"post-1856109","1":"product","2":"type-product","3":"status-publish","4":"has-post-thumbnail","6":"product_cat-lapsed","7":"product_cat-mudelautod","8":"product_tag-mudelautod","10":"first","11":"instock","12":"taxable","13":"shipping-taxable","14":"purchasable","15":"product-type-simple"},"yoast_head":"<!-- This site is optimized with the Yoast SEO plugin v27.3 - https:\/\/yoast.com\/product\/yoast-seo-wordpress\/ -->\n<title>NOREV mudelauto, Citro\u00ebn Mehari 1978 Light Blue Jet-car 1:43 - RUUBY<\/title>\n<meta name=\"robots\" content=\"index, follow, max-snippet:-1, max-image-preview:large, max-video-preview:-1\" \/>\n<link rel=\"canonical\" href=\"http:\/\/ruuby.ee\/en\/pood\/lapsed\/mudelautod\/norev-mudelauto-citroen-mehari-1978-light-blue-jet-car-143\/\" \/>\n<meta property=\"og:locale\" content=\"en_GB\" \/>\n<meta property=\"og:type\" content=\"article\" \/>\n<meta property=\"og:title\" content=\"NOREV mudelauto, Citro\u00ebn Mehari 1978 Light Blue Jet-car 1:43 - RUUBY\" \/>\n<meta property=\"og:description\" content=\"1968. aasta Pariisi auton\u00e4itusel esitletud M\u00e9hari p\u00f5hines krahv Roland de la Poype&#8217;i v\u00e4ljat\u00f6\u00f6tatud protot\u00fc\u00fcpidel. Kerge (525 kg) plastkerega avastas avalikkus v\u00e4ga originaalse disainiga auto. Sellest sai kiiresti kultusauto, mis tekitas puhkusemeeleolu. T\u00e4nap\u00e4eval on see kohandatud ainulaadsete v\u00e4rvidega, n\u00e4iteks selle mere ja ranna meenutava sinisega. Meie m\u00e4ngumudel j\u00e4ljendab neid detaile ustavalt, kokkupandava esiklaasi ja vedrustusega, mis [&hellip;]\" \/>\n<meta property=\"og:url\" content=\"http:\/\/ruuby.ee\/en\/pood\/lapsed\/mudelautod\/norev-mudelauto-citroen-mehari-1978-light-blue-jet-car-143\/\" \/>\n<meta property=\"og:site_name\" content=\"RUUBY\" \/>\n<meta property=\"article:publisher\" content=\"https:\/\/www.facebook.com\/ruubyconcept\" \/>\n<meta property=\"article:modified_time\" content=\"2026-04-07T22:28:23+00:00\" \/>\n<meta property=\"og:image\" content=\"http:\/\/ruuby.ee\/wp-content\/uploads\/2025\/10\/Screenshot-2025-10-07-at-18.07.26.png\" \/>\n\t<meta property=\"og:image:width\" content=\"1186\" \/>\n\t<meta property=\"og:image:height\" content=\"1182\" \/>\n\t<meta property=\"og:image:type\" content=\"image\/png\" \/>\n<meta name=\"twitter:card\" content=\"summary_large_image\" \/>\n<meta name=\"twitter:label1\" content=\"Estimated reading time\" \/>\n\t<meta name=\"twitter:data1\" content=\"1 minute\" \/>\n<script type=\"application\/ld+json\" class=\"yoast-schema-graph\">{\"@context\":\"https:\\\/\\\/schema.org\",\"@graph\":[{\"@type\":[\"WebPage\",\"ItemPage\"],\"@id\":\"http:\\\/\\\/ruuby.ee\\\/en\\\/pood\\\/lapsed\\\/mudelautod\\\/norev-mudelauto-citroen-mehari-1978-light-blue-jet-car-143\\\/\",\"url\":\"http:\\\/\\\/ruuby.ee\\\/en\\\/pood\\\/lapsed\\\/mudelautod\\\/norev-mudelauto-citroen-mehari-1978-light-blue-jet-car-143\\\/\",\"name\":\"NOREV mudelauto, Citro\u00ebn Mehari 1978 Light Blue Jet-car 1:43 - RUUBY\",\"isPartOf\":{\"@id\":\"https:\\\/\\\/ruuby.ee\\\/en\\\/#website\"},\"primaryImageOfPage\":{\"@id\":\"http:\\\/\\\/ruuby.ee\\\/en\\\/pood\\\/lapsed\\\/mudelautod\\\/norev-mudelauto-citroen-mehari-1978-light-blue-jet-car-143\\\/#primaryimage\"},\"image\":{\"@id\":\"http:\\\/\\\/ruuby.ee\\\/en\\\/pood\\\/lapsed\\\/mudelautod\\\/norev-mudelauto-citroen-mehari-1978-light-blue-jet-car-143\\\/#primaryimage\"},\"thumbnailUrl\":\"http:\\\/\\\/ruuby.ee\\\/wp-content\\\/uploads\\\/2025\\\/10\\\/Screenshot-2025-10-07-at-18.07.26.png\",\"datePublished\":\"2025-10-07T14:15:18+00:00\",\"dateModified\":\"2026-04-07T22:28:23+00:00\",\"breadcrumb\":{\"@id\":\"http:\\\/\\\/ruuby.ee\\\/en\\\/pood\\\/lapsed\\\/mudelautod\\\/norev-mudelauto-citroen-mehari-1978-light-blue-jet-car-143\\\/#breadcrumb\"},\"inLanguage\":\"en-GB\",\"potentialAction\":[{\"@type\":\"ReadAction\",\"target\":[\"http:\\\/\\\/ruuby.ee\\\/en\\\/pood\\\/lapsed\\\/mudelautod\\\/norev-mudelauto-citroen-mehari-1978-light-blue-jet-car-143\\\/\"]}]},{\"@type\":\"ImageObject\",\"inLanguage\":\"en-GB\",\"@id\":\"http:\\\/\\\/ruuby.ee\\\/en\\\/pood\\\/lapsed\\\/mudelautod\\\/norev-mudelauto-citroen-mehari-1978-light-blue-jet-car-143\\\/#primaryimage\",\"url\":\"http:\\\/\\\/ruuby.ee\\\/wp-content\\\/uploads\\\/2025\\\/10\\\/Screenshot-2025-10-07-at-18.07.26.png\",\"contentUrl\":\"http:\\\/\\\/ruuby.ee\\\/wp-content\\\/uploads\\\/2025\\\/10\\\/Screenshot-2025-10-07-at-18.07.26.png\",\"width\":1186,\"height\":1182},{\"@type\":\"BreadcrumbList\",\"@id\":\"http:\\\/\\\/ruuby.ee\\\/en\\\/pood\\\/lapsed\\\/mudelautod\\\/norev-mudelauto-citroen-mehari-1978-light-blue-jet-car-143\\\/#breadcrumb\",\"itemListElement\":[{\"@type\":\"ListItem\",\"position\":1,\"name\":\"Kdu\",\"item\":\"https:\\\/\\\/ruuby.ee\\\/en\\\/\"},{\"@type\":\"ListItem\",\"position\":2,\"name\":\"Pood\",\"item\":\"https:\\\/\\\/ruuby.ee\\\/en\\\/pood\\\/\"},{\"@type\":\"ListItem\",\"position\":3,\"name\":\"NOREV mudelauto, Citro\u00ebn Mehari 1978 Light Blue Jet-car 1:43\"}]},{\"@type\":\"WebSite\",\"@id\":\"https:\\\/\\\/ruuby.ee\\\/en\\\/#website\",\"url\":\"https:\\\/\\\/ruuby.ee\\\/en\\\/\",\"name\":\"RUUBY\",\"description\":\"Ruubys on \u00fchendatud elustiil ja disain\",\"publisher\":{\"@id\":\"https:\\\/\\\/ruuby.ee\\\/en\\\/#organization\"},\"alternateName\":\"Ruuby Disain\",\"potentialAction\":[{\"@type\":\"SearchAction\",\"target\":{\"@type\":\"EntryPoint\",\"urlTemplate\":\"https:\\\/\\\/ruuby.ee\\\/en\\\/?s={search_term_string}\"},\"query-input\":{\"@type\":\"PropertyValueSpecification\",\"valueRequired\":true,\"valueName\":\"search_term_string\"}}],\"inLanguage\":\"en-GB\"},{\"@type\":\"Organization\",\"@id\":\"https:\\\/\\\/ruuby.ee\\\/en\\\/#organization\",\"name\":\"Ruuby Disain O\u00dc\",\"alternateName\":\"Ruuby\",\"url\":\"https:\\\/\\\/ruuby.ee\\\/en\\\/\",\"logo\":{\"@type\":\"ImageObject\",\"inLanguage\":\"en-GB\",\"@id\":\"https:\\\/\\\/ruuby.ee\\\/en\\\/#\\\/schema\\\/logo\\\/image\\\/\",\"url\":\"http:\\\/\\\/ruuby.ee\\\/wp-content\\\/uploads\\\/2023\\\/06\\\/cropped-Black-White-Elegant-Circle-Signature-Fashion-Logo-12_large.png\",\"contentUrl\":\"http:\\\/\\\/ruuby.ee\\\/wp-content\\\/uploads\\\/2023\\\/06\\\/cropped-Black-White-Elegant-Circle-Signature-Fashion-Logo-12_large.png\",\"width\":1280,\"height\":747,\"caption\":\"Ruuby Disain O\u00dc\"},\"image\":{\"@id\":\"https:\\\/\\\/ruuby.ee\\\/en\\\/#\\\/schema\\\/logo\\\/image\\\/\"},\"sameAs\":[\"https:\\\/\\\/www.facebook.com\\\/ruubyconcept\",\"https:\\\/\\\/www.instagram.com\\\/ruuby_concept\\\/\"]}]}<\/script>\n<!-- \/ Yoast SEO plugin. -->","yoast_head_json":{"title":"NOREV mudelauto, Citro\u00ebn Mehari 1978 Light Blue Jet-car 1:43 - RUUBY","robots":{"index":"index","follow":"follow","max-snippet":"max-snippet:-1","max-image-preview":"max-image-preview:large","max-video-preview":"max-video-preview:-1"},"canonical":"http:\/\/ruuby.ee\/en\/pood\/lapsed\/mudelautod\/norev-mudelauto-citroen-mehari-1978-light-blue-jet-car-143\/","og_locale":"en_GB","og_type":"article","og_title":"NOREV mudelauto, Citro\u00ebn Mehari 1978 Light Blue Jet-car 1:43 - RUUBY","og_description":"1968. aasta Pariisi auton\u00e4itusel esitletud M\u00e9hari p\u00f5hines krahv Roland de la Poype&#8217;i v\u00e4ljat\u00f6\u00f6tatud protot\u00fc\u00fcpidel. Kerge (525 kg) plastkerega avastas avalikkus v\u00e4ga originaalse disainiga auto. Sellest sai kiiresti kultusauto, mis tekitas puhkusemeeleolu. T\u00e4nap\u00e4eval on see kohandatud ainulaadsete v\u00e4rvidega, n\u00e4iteks selle mere ja ranna meenutava sinisega. Meie m\u00e4ngumudel j\u00e4ljendab neid detaile ustavalt, kokkupandava esiklaasi ja vedrustusega, mis [&hellip;]","og_url":"http:\/\/ruuby.ee\/en\/pood\/lapsed\/mudelautod\/norev-mudelauto-citroen-mehari-1978-light-blue-jet-car-143\/","og_site_name":"RUUBY","article_publisher":"https:\/\/www.facebook.com\/ruubyconcept","article_modified_time":"2026-04-07T22:28:23+00:00","og_image":[{"width":1186,"height":1182,"url":"http:\/\/ruuby.ee\/wp-content\/uploads\/2025\/10\/Screenshot-2025-10-07-at-18.07.26.png","type":"image\/png"}],"twitter_card":"summary_large_image","twitter_misc":{"Estimated reading time":"1 minute"},"schema":{"@context":"https:\/\/schema.org","@graph":[{"@type":["WebPage","ItemPage"],"@id":"http:\/\/ruuby.ee\/en\/pood\/lapsed\/mudelautod\/norev-mudelauto-citroen-mehari-1978-light-blue-jet-car-143\/","url":"http:\/\/ruuby.ee\/en\/pood\/lapsed\/mudelautod\/norev-mudelauto-citroen-mehari-1978-light-blue-jet-car-143\/","name":"NOREV mudelauto, Citro\u00ebn Mehari 1978 Light Blue Jet-car 1:43 - RUUBY","isPartOf":{"@id":"https:\/\/ruuby.ee\/en\/#website"},"primaryImageOfPage":{"@id":"http:\/\/ruuby.ee\/en\/pood\/lapsed\/mudelautod\/norev-mudelauto-citroen-mehari-1978-light-blue-jet-car-143\/#primaryimage"},"image":{"@id":"http:\/\/ruuby.ee\/en\/pood\/lapsed\/mudelautod\/norev-mudelauto-citroen-mehari-1978-light-blue-jet-car-143\/#primaryimage"},"thumbnailUrl":"http:\/\/ruuby.ee\/wp-content\/uploads\/2025\/10\/Screenshot-2025-10-07-at-18.07.26.png","datePublished":"2025-10-07T14:15:18+00:00","dateModified":"2026-04-07T22:28:23+00:00","breadcrumb":{"@id":"http:\/\/ruuby.ee\/en\/pood\/lapsed\/mudelautod\/norev-mudelauto-citroen-mehari-1978-light-blue-jet-car-143\/#breadcrumb"},"inLanguage":"en-GB","potentialAction":[{"@type":"ReadAction","target":["http:\/\/ruuby.ee\/en\/pood\/lapsed\/mudelautod\/norev-mudelauto-citroen-mehari-1978-light-blue-jet-car-143\/"]}]},{"@type":"ImageObject","inLanguage":"en-GB","@id":"http:\/\/ruuby.ee\/en\/pood\/lapsed\/mudelautod\/norev-mudelauto-citroen-mehari-1978-light-blue-jet-car-143\/#primaryimage","url":"http:\/\/ruuby.ee\/wp-content\/uploads\/2025\/10\/Screenshot-2025-10-07-at-18.07.26.png","contentUrl":"http:\/\/ruuby.ee\/wp-content\/uploads\/2025\/10\/Screenshot-2025-10-07-at-18.07.26.png","width":1186,"height":1182},{"@type":"BreadcrumbList","@id":"http:\/\/ruuby.ee\/en\/pood\/lapsed\/mudelautod\/norev-mudelauto-citroen-mehari-1978-light-blue-jet-car-143\/#breadcrumb","itemListElement":[{"@type":"ListItem","position":1,"name":"Kdu","item":"https:\/\/ruuby.ee\/en\/"},{"@type":"ListItem","position":2,"name":"Pood","item":"https:\/\/ruuby.ee\/en\/pood\/"},{"@type":"ListItem","position":3,"name":"NOREV mudelauto, Citro\u00ebn Mehari 1978 Light Blue Jet-car 1:43"}]},{"@type":"WebSite","@id":"https:\/\/ruuby.ee\/en\/#website","url":"https:\/\/ruuby.ee\/en\/","name":"RUUBY","description":"Ruubys on \u00fchendatud elustiil ja disain","publisher":{"@id":"https:\/\/ruuby.ee\/en\/#organization"},"alternateName":"Ruuby Disain","potentialAction":[{"@type":"SearchAction","target":{"@type":"EntryPoint","urlTemplate":"https:\/\/ruuby.ee\/en\/?s={search_term_string}"},"query-input":{"@type":"PropertyValueSpecification","valueRequired":true,"valueName":"search_term_string"}}],"inLanguage":"en-GB"},{"@type":"Organization","@id":"https:\/\/ruuby.ee\/en\/#organization","name":"Ruuby Disain O\u00dc","alternateName":"Ruuby","url":"https:\/\/ruuby.ee\/en\/","logo":{"@type":"ImageObject","inLanguage":"en-GB","@id":"https:\/\/ruuby.ee\/en\/#\/schema\/logo\/image\/","url":"http:\/\/ruuby.ee\/wp-content\/uploads\/2023\/06\/cropped-Black-White-Elegant-Circle-Signature-Fashion-Logo-12_large.png","contentUrl":"http:\/\/ruuby.ee\/wp-content\/uploads\/2023\/06\/cropped-Black-White-Elegant-Circle-Signature-Fashion-Logo-12_large.png","width":1280,"height":747,"caption":"Ruuby Disain O\u00dc"},"image":{"@id":"https:\/\/ruuby.ee\/en\/#\/schema\/logo\/image\/"},"sameAs":["https:\/\/www.facebook.com\/ruubyconcept","https:\/\/www.instagram.com\/ruuby_concept\/"]}]}},"jetpack_sharing_enabled":true,"_links":{"self":[{"href":"http:\/\/ruuby.ee\/en\/wp-json\/wp\/v2\/product\/1856109","targetHints":{"allow":["GET"]}}],"collection":[{"href":"http:\/\/ruuby.ee\/en\/wp-json\/wp\/v2\/product"}],"about":[{"href":"http:\/\/ruuby.ee\/en\/wp-json\/wp\/v2\/types\/product"}],"replies":[{"embeddable":true,"href":"http:\/\/ruuby.ee\/en\/wp-json\/wp\/v2\/comments?post=1856109"}],"wp:featuredmedia":[{"embeddable":true,"href":"http:\/\/ruuby.ee\/en\/wp-json\/wp\/v2\/media\/1856181"}],"wp:attachment":[{"href":"http:\/\/ruuby.ee\/en\/wp-json\/wp\/v2\/media?parent=1856109"}],"wp:term":[{"taxonomy":"product_brand","embeddable":true,"href":"http:\/\/ruuby.ee\/en\/wp-json\/wp\/v2\/product_brand?post=1856109"},{"taxonomy":"product_cat","embeddable":true,"href":"http:\/\/ruuby.ee\/en\/wp-json\/wp\/v2\/product_cat?post=1856109"},{"taxonomy":"product_tag","embeddable":true,"href":"http:\/\/ruuby.ee\/en\/wp-json\/wp\/v2\/product_tag?post=1856109"}],"curies":[{"name":"wp","href":"https:\/\/api.w.org\/{rel}","templated":true}]}}