{"id":1855923,"date":"2025-10-01T12:58:33","date_gmt":"2025-10-01T09:58:33","guid":{"rendered":"https:\/\/ruuby.ee\/pood\/maaratlemata\/tinnemia-luce-telefonikott-violet-ice\/"},"modified":"2026-04-08T01:28:23","modified_gmt":"2026-04-07T22:28:23","slug":"tinnemia-luce-telefonikott-violet-ice","status":"publish","type":"product","link":"http:\/\/ruuby.ee\/en\/pood\/aksessuaarid\/kotid\/tinnemia-luce-telefonikott-violet-ice\/","title":{"rendered":"Tinne+Mia Luce telefonikott, violet ice"},"content":{"rendered":"<p>Tinne+Mia Luce telefonikott, see kott on puhvis kollektsiooni v\u00e4ikseim \u00f5de. \u00dclimalt pehme ja kaitsev \u00fcmbris sinu telefonile. Materjali tunned \u00e4ra Feel Good kotist.<\/p>\n<p>spetsifikatsioonid<br \/>\n\u2013 suurus: 9,5 x 17 cm (sobib iPhone Pro Maxi \u00fcmber)<br \/>\n\u2013 rihma pikkus 38 cm<br \/>\n\u2013 YKK t\u00f5mblukk<br \/>\n\u2013 sees tasku pangakaardi jaoks<br \/>\n\u2013 v\u00e4lismaterjal: s\u00fcnteetiline \/ vegan nahk<br \/>\n\u2013 sisematerjal: veekindel nailon<\/p>","protected":false},"excerpt":{"rendered":"<p>Selle puhvis telefonikotiga saate oma telefoni stiilselt kaasas kanda ilma taskut v\u00f5i suurt kotti kasutamata. T\u00e4nu rihmale saate seda telefonikotti kanda \u00fcmber \u00f5lgade.<\/p>","protected":false},"featured_media":1855934,"comment_status":"open","ping_status":"closed","template":"","meta":[],"product_brand":[],"product_cat":[43,33,671],"product_tag":[295],"class_list":{"0":"post-1855923","1":"product","2":"type-product","3":"status-publish","4":"has-post-thumbnail","6":"product_cat-aksessuaarid","7":"product_cat-kotid","8":"product_cat-telefonikott","9":"product_tag-telefonikott","11":"first","12":"outofstock","13":"taxable","14":"shipping-taxable","15":"purchasable","16":"product-type-simple"},"yoast_head":"<!-- This site is optimized with the Yoast SEO plugin v27.3 - https:\/\/yoast.com\/product\/yoast-seo-wordpress\/ -->\n<title>Tinne+Mia Luce telefonikott, violet ice - RUUBY<\/title>\n<meta name=\"robots\" content=\"index, follow, max-snippet:-1, max-image-preview:large, max-video-preview:-1\" \/>\n<link rel=\"canonical\" href=\"http:\/\/ruuby.ee\/en\/pood\/aksessuaarid\/kotid\/tinnemia-luce-telefonikott-violet-ice\/\" \/>\n<meta property=\"og:locale\" content=\"en_GB\" \/>\n<meta property=\"og:type\" content=\"article\" \/>\n<meta property=\"og:title\" content=\"Tinne+Mia Luce telefonikott, violet ice - RUUBY\" \/>\n<meta property=\"og:description\" content=\"Selle puhvis telefonikotiga saate oma telefoni stiilselt kaasas kanda ilma taskut v\u00f5i suurt kotti kasutamata. T\u00e4nu rihmale saate seda telefonikotti kanda \u00fcmber \u00f5lgade.\" \/>\n<meta property=\"og:url\" content=\"http:\/\/ruuby.ee\/en\/pood\/aksessuaarid\/kotid\/tinnemia-luce-telefonikott-violet-ice\/\" \/>\n<meta property=\"og:site_name\" content=\"RUUBY\" \/>\n<meta property=\"article:publisher\" content=\"https:\/\/www.facebook.com\/ruubyconcept\" \/>\n<meta property=\"article:modified_time\" content=\"2026-04-07T22:28:23+00:00\" \/>\n<meta property=\"og:image\" content=\"http:\/\/ruuby.ee\/wp-content\/uploads\/2025\/10\/Screenshot-2025-10-01-at-13.05.28.png\" \/>\n\t<meta property=\"og:image:width\" content=\"980\" \/>\n\t<meta property=\"og:image:height\" content=\"976\" \/>\n\t<meta property=\"og:image:type\" content=\"image\/png\" \/>\n<meta name=\"twitter:card\" content=\"summary_large_image\" \/>\n<meta name=\"twitter:label1\" content=\"Estimated reading time\" \/>\n\t<meta name=\"twitter:data1\" content=\"1 minute\" \/>\n<script type=\"application\/ld+json\" class=\"yoast-schema-graph\">{\"@context\":\"https:\\\/\\\/schema.org\",\"@graph\":[{\"@type\":[\"WebPage\",\"ItemPage\"],\"@id\":\"http:\\\/\\\/ruuby.ee\\\/pood\\\/aksessuaarid\\\/kotid\\\/tinnemia-luce-telefonikott-violet-ice\\\/\",\"url\":\"http:\\\/\\\/ruuby.ee\\\/pood\\\/aksessuaarid\\\/kotid\\\/tinnemia-luce-telefonikott-violet-ice\\\/\",\"name\":\"Tinne+Mia Luce telefonikott, violet ice - RUUBY\",\"isPartOf\":{\"@id\":\"http:\\\/\\\/ruuby.ee\\\/#website\"},\"primaryImageOfPage\":{\"@id\":\"http:\\\/\\\/ruuby.ee\\\/pood\\\/aksessuaarid\\\/kotid\\\/tinnemia-luce-telefonikott-violet-ice\\\/#primaryimage\"},\"image\":{\"@id\":\"http:\\\/\\\/ruuby.ee\\\/pood\\\/aksessuaarid\\\/kotid\\\/tinnemia-luce-telefonikott-violet-ice\\\/#primaryimage\"},\"thumbnailUrl\":\"http:\\\/\\\/ruuby.ee\\\/wp-content\\\/uploads\\\/2025\\\/10\\\/Screenshot-2025-10-01-at-13.05.28.png\",\"datePublished\":\"2025-10-01T09:58:33+00:00\",\"dateModified\":\"2026-04-07T22:28:23+00:00\",\"breadcrumb\":{\"@id\":\"http:\\\/\\\/ruuby.ee\\\/pood\\\/aksessuaarid\\\/kotid\\\/tinnemia-luce-telefonikott-violet-ice\\\/#breadcrumb\"},\"inLanguage\":\"en-GB\",\"potentialAction\":[{\"@type\":\"ReadAction\",\"target\":[\"http:\\\/\\\/ruuby.ee\\\/pood\\\/aksessuaarid\\\/kotid\\\/tinnemia-luce-telefonikott-violet-ice\\\/\"]}]},{\"@type\":\"ImageObject\",\"inLanguage\":\"en-GB\",\"@id\":\"http:\\\/\\\/ruuby.ee\\\/pood\\\/aksessuaarid\\\/kotid\\\/tinnemia-luce-telefonikott-violet-ice\\\/#primaryimage\",\"url\":\"http:\\\/\\\/ruuby.ee\\\/wp-content\\\/uploads\\\/2025\\\/10\\\/Screenshot-2025-10-01-at-13.05.28.png\",\"contentUrl\":\"http:\\\/\\\/ruuby.ee\\\/wp-content\\\/uploads\\\/2025\\\/10\\\/Screenshot-2025-10-01-at-13.05.28.png\",\"width\":980,\"height\":976},{\"@type\":\"BreadcrumbList\",\"@id\":\"http:\\\/\\\/ruuby.ee\\\/pood\\\/aksessuaarid\\\/kotid\\\/tinnemia-luce-telefonikott-violet-ice\\\/#breadcrumb\",\"itemListElement\":[{\"@type\":\"ListItem\",\"position\":1,\"name\":\"Kdu\",\"item\":\"http:\\\/\\\/ruuby.ee\\\/\"},{\"@type\":\"ListItem\",\"position\":2,\"name\":\"Pood\",\"item\":\"http:\\\/\\\/ruuby.ee\\\/pood\\\/\"},{\"@type\":\"ListItem\",\"position\":3,\"name\":\"Tinne+Mia Luce telefonikott, violet ice\"}]},{\"@type\":\"WebSite\",\"@id\":\"http:\\\/\\\/ruuby.ee\\\/#website\",\"url\":\"http:\\\/\\\/ruuby.ee\\\/\",\"name\":\"RUUBY\",\"description\":\"Ruubys on \u00fchendatud elustiil ja disain\",\"publisher\":{\"@id\":\"http:\\\/\\\/ruuby.ee\\\/#organization\"},\"alternateName\":\"Ruuby Disain\",\"potentialAction\":[{\"@type\":\"SearchAction\",\"target\":{\"@type\":\"EntryPoint\",\"urlTemplate\":\"http:\\\/\\\/ruuby.ee\\\/?s={search_term_string}\"},\"query-input\":{\"@type\":\"PropertyValueSpecification\",\"valueRequired\":true,\"valueName\":\"search_term_string\"}}],\"inLanguage\":\"en-GB\"},{\"@type\":\"Organization\",\"@id\":\"http:\\\/\\\/ruuby.ee\\\/#organization\",\"name\":\"Ruuby Disain O\u00dc\",\"alternateName\":\"Ruuby\",\"url\":\"http:\\\/\\\/ruuby.ee\\\/\",\"logo\":{\"@type\":\"ImageObject\",\"inLanguage\":\"en-GB\",\"@id\":\"http:\\\/\\\/ruuby.ee\\\/#\\\/schema\\\/logo\\\/image\\\/\",\"url\":\"http:\\\/\\\/ruuby.ee\\\/wp-content\\\/uploads\\\/2023\\\/06\\\/cropped-Black-White-Elegant-Circle-Signature-Fashion-Logo-12_large.png\",\"contentUrl\":\"http:\\\/\\\/ruuby.ee\\\/wp-content\\\/uploads\\\/2023\\\/06\\\/cropped-Black-White-Elegant-Circle-Signature-Fashion-Logo-12_large.png\",\"width\":1280,\"height\":747,\"caption\":\"Ruuby Disain O\u00dc\"},\"image\":{\"@id\":\"http:\\\/\\\/ruuby.ee\\\/#\\\/schema\\\/logo\\\/image\\\/\"},\"sameAs\":[\"https:\\\/\\\/www.facebook.com\\\/ruubyconcept\",\"https:\\\/\\\/www.instagram.com\\\/ruuby_concept\\\/\"]}]}<\/script>\n<!-- \/ Yoast SEO plugin. -->","yoast_head_json":{"title":"Tinne+Mia Luce telefonikott, violet ice - RUUBY","robots":{"index":"index","follow":"follow","max-snippet":"max-snippet:-1","max-image-preview":"max-image-preview:large","max-video-preview":"max-video-preview:-1"},"canonical":"http:\/\/ruuby.ee\/en\/pood\/aksessuaarid\/kotid\/tinnemia-luce-telefonikott-violet-ice\/","og_locale":"en_GB","og_type":"article","og_title":"Tinne+Mia Luce telefonikott, violet ice - RUUBY","og_description":"Selle puhvis telefonikotiga saate oma telefoni stiilselt kaasas kanda ilma taskut v\u00f5i suurt kotti kasutamata. T\u00e4nu rihmale saate seda telefonikotti kanda \u00fcmber \u00f5lgade.","og_url":"http:\/\/ruuby.ee\/en\/pood\/aksessuaarid\/kotid\/tinnemia-luce-telefonikott-violet-ice\/","og_site_name":"RUUBY","article_publisher":"https:\/\/www.facebook.com\/ruubyconcept","article_modified_time":"2026-04-07T22:28:23+00:00","og_image":[{"width":980,"height":976,"url":"http:\/\/ruuby.ee\/wp-content\/uploads\/2025\/10\/Screenshot-2025-10-01-at-13.05.28.png","type":"image\/png"}],"twitter_card":"summary_large_image","twitter_misc":{"Estimated reading time":"1 minute"},"schema":{"@context":"https:\/\/schema.org","@graph":[{"@type":["WebPage","ItemPage"],"@id":"http:\/\/ruuby.ee\/pood\/aksessuaarid\/kotid\/tinnemia-luce-telefonikott-violet-ice\/","url":"http:\/\/ruuby.ee\/pood\/aksessuaarid\/kotid\/tinnemia-luce-telefonikott-violet-ice\/","name":"Tinne+Mia Luce telefonikott, violet ice - RUUBY","isPartOf":{"@id":"http:\/\/ruuby.ee\/#website"},"primaryImageOfPage":{"@id":"http:\/\/ruuby.ee\/pood\/aksessuaarid\/kotid\/tinnemia-luce-telefonikott-violet-ice\/#primaryimage"},"image":{"@id":"http:\/\/ruuby.ee\/pood\/aksessuaarid\/kotid\/tinnemia-luce-telefonikott-violet-ice\/#primaryimage"},"thumbnailUrl":"http:\/\/ruuby.ee\/wp-content\/uploads\/2025\/10\/Screenshot-2025-10-01-at-13.05.28.png","datePublished":"2025-10-01T09:58:33+00:00","dateModified":"2026-04-07T22:28:23+00:00","breadcrumb":{"@id":"http:\/\/ruuby.ee\/pood\/aksessuaarid\/kotid\/tinnemia-luce-telefonikott-violet-ice\/#breadcrumb"},"inLanguage":"en-GB","potentialAction":[{"@type":"ReadAction","target":["http:\/\/ruuby.ee\/pood\/aksessuaarid\/kotid\/tinnemia-luce-telefonikott-violet-ice\/"]}]},{"@type":"ImageObject","inLanguage":"en-GB","@id":"http:\/\/ruuby.ee\/pood\/aksessuaarid\/kotid\/tinnemia-luce-telefonikott-violet-ice\/#primaryimage","url":"http:\/\/ruuby.ee\/wp-content\/uploads\/2025\/10\/Screenshot-2025-10-01-at-13.05.28.png","contentUrl":"http:\/\/ruuby.ee\/wp-content\/uploads\/2025\/10\/Screenshot-2025-10-01-at-13.05.28.png","width":980,"height":976},{"@type":"BreadcrumbList","@id":"http:\/\/ruuby.ee\/pood\/aksessuaarid\/kotid\/tinnemia-luce-telefonikott-violet-ice\/#breadcrumb","itemListElement":[{"@type":"ListItem","position":1,"name":"Kdu","item":"http:\/\/ruuby.ee\/"},{"@type":"ListItem","position":2,"name":"Pood","item":"http:\/\/ruuby.ee\/pood\/"},{"@type":"ListItem","position":3,"name":"Tinne+Mia Luce telefonikott, violet ice"}]},{"@type":"WebSite","@id":"http:\/\/ruuby.ee\/#website","url":"http:\/\/ruuby.ee\/","name":"RUUBY","description":"Ruubys on \u00fchendatud elustiil ja disain","publisher":{"@id":"http:\/\/ruuby.ee\/#organization"},"alternateName":"Ruuby Disain","potentialAction":[{"@type":"SearchAction","target":{"@type":"EntryPoint","urlTemplate":"http:\/\/ruuby.ee\/?s={search_term_string}"},"query-input":{"@type":"PropertyValueSpecification","valueRequired":true,"valueName":"search_term_string"}}],"inLanguage":"en-GB"},{"@type":"Organization","@id":"http:\/\/ruuby.ee\/#organization","name":"Ruuby Disain O\u00dc","alternateName":"Ruuby","url":"http:\/\/ruuby.ee\/","logo":{"@type":"ImageObject","inLanguage":"en-GB","@id":"http:\/\/ruuby.ee\/#\/schema\/logo\/image\/","url":"http:\/\/ruuby.ee\/wp-content\/uploads\/2023\/06\/cropped-Black-White-Elegant-Circle-Signature-Fashion-Logo-12_large.png","contentUrl":"http:\/\/ruuby.ee\/wp-content\/uploads\/2023\/06\/cropped-Black-White-Elegant-Circle-Signature-Fashion-Logo-12_large.png","width":1280,"height":747,"caption":"Ruuby Disain O\u00dc"},"image":{"@id":"http:\/\/ruuby.ee\/#\/schema\/logo\/image\/"},"sameAs":["https:\/\/www.facebook.com\/ruubyconcept","https:\/\/www.instagram.com\/ruuby_concept\/"]}]}},"jetpack_sharing_enabled":true,"_links":{"self":[{"href":"http:\/\/ruuby.ee\/en\/wp-json\/wp\/v2\/product\/1855923","targetHints":{"allow":["GET"]}}],"collection":[{"href":"http:\/\/ruuby.ee\/en\/wp-json\/wp\/v2\/product"}],"about":[{"href":"http:\/\/ruuby.ee\/en\/wp-json\/wp\/v2\/types\/product"}],"replies":[{"embeddable":true,"href":"http:\/\/ruuby.ee\/en\/wp-json\/wp\/v2\/comments?post=1855923"}],"wp:featuredmedia":[{"embeddable":true,"href":"http:\/\/ruuby.ee\/en\/wp-json\/wp\/v2\/media\/1855934"}],"wp:attachment":[{"href":"http:\/\/ruuby.ee\/en\/wp-json\/wp\/v2\/media?parent=1855923"}],"wp:term":[{"taxonomy":"product_brand","embeddable":true,"href":"http:\/\/ruuby.ee\/en\/wp-json\/wp\/v2\/product_brand?post=1855923"},{"taxonomy":"product_cat","embeddable":true,"href":"http:\/\/ruuby.ee\/en\/wp-json\/wp\/v2\/product_cat?post=1855923"},{"taxonomy":"product_tag","embeddable":true,"href":"http:\/\/ruuby.ee\/en\/wp-json\/wp\/v2\/product_tag?post=1855923"}],"curies":[{"name":"wp","href":"https:\/\/api.w.org\/{rel}","templated":true}]}}