{"id":1855791,"date":"2025-09-27T13:07:00","date_gmt":"2025-09-27T10:07:00","guid":{"rendered":"https:\/\/ruuby.ee\/pood\/maaratlemata\/house-nordic-lillepott-ceramic-brown\/"},"modified":"2026-04-08T01:28:23","modified_gmt":"2026-04-07T22:28:23","slug":"house-nordic-lillepott-ceramic-brown","status":"publish","type":"product","link":"http:\/\/ruuby.ee\/en\/pood\/kodusisustus\/vaasid\/house-nordic-lillepott-ceramic-brown\/","title":{"rendered":"House Nordic lillepott, Ceramic, Brown"},"content":{"rendered":"<p>Tooge oma koju v\u00f5i aeda Taani elegantsi rikkaliku mullapruuni v\u00e4rvi keraamilise lillepotiga.<\/p>\n<p>M\u00f5\u00f5dud: 13,5&#215;13,5&#215;13 cm.<\/p>\n<p>Br\u00e4nd on tuntud oma kire poolest m\u00f6\u00f6bli ja sisustustoodete vastu. See sobib ideaalselt teie lemmiktaimede istutamiseks. See \u00fchendab funktsionaalsuse ajatu disainiga, mis t\u00e4iendab teie sisekujundust. Vastupidavast keraamikast valmistatud lillepott lubab pikaajalist kasutamist.<\/p>","protected":false},"excerpt":{"rendered":"<p>Tooge oma koju v\u00f5i aeda Taani elegantsi rikkaliku mullapruuni v\u00e4rvi keraamilise lillepotiga. M\u00f5\u00f5dud: 13,5&#215;13,5&#215;13 cm. Br\u00e4nd on tuntud oma kire poolest m\u00f6\u00f6bli ja sisustustoodete vastu. See sobib ideaalselt teie lemmiktaimede istutamiseks. See \u00fchendab funktsionaalsuse ajatu disainiga, mis t\u00e4iendab teie sisekujundust. Vastupidavast keraamikast valmistatud lillepott lubab pikaajalist kasutamist.<\/p>","protected":false},"featured_media":1855818,"comment_status":"open","ping_status":"closed","template":"","meta":[],"product_brand":[],"product_cat":[42,62],"product_tag":[239,364],"class_list":{"0":"post-1855791","1":"product","2":"type-product","3":"status-publish","4":"has-post-thumbnail","6":"product_cat-kodusisustus","7":"product_cat-vaasid","8":"product_tag-lillepott","9":"product_tag-vaas","11":"first","12":"instock","13":"taxable","14":"shipping-taxable","15":"purchasable","16":"product-type-simple"},"yoast_head":"<!-- This site is optimized with the Yoast SEO plugin v27.3 - https:\/\/yoast.com\/product\/yoast-seo-wordpress\/ -->\n<title>House Nordic lillepott, Ceramic, Brown - RUUBY<\/title>\n<meta name=\"robots\" content=\"index, follow, max-snippet:-1, max-image-preview:large, max-video-preview:-1\" \/>\n<link rel=\"canonical\" href=\"http:\/\/ruuby.ee\/en\/pood\/kodusisustus\/vaasid\/house-nordic-lillepott-ceramic-brown\/\" \/>\n<meta property=\"og:locale\" content=\"en_GB\" \/>\n<meta property=\"og:type\" content=\"article\" \/>\n<meta property=\"og:title\" content=\"House Nordic lillepott, Ceramic, Brown - RUUBY\" \/>\n<meta property=\"og:description\" content=\"Tooge oma koju v\u00f5i aeda Taani elegantsi rikkaliku mullapruuni v\u00e4rvi keraamilise lillepotiga. M\u00f5\u00f5dud: 13,5&#215;13,5&#215;13 cm. Br\u00e4nd on tuntud oma kire poolest m\u00f6\u00f6bli ja sisustustoodete vastu. See sobib ideaalselt teie lemmiktaimede istutamiseks. See \u00fchendab funktsionaalsuse ajatu disainiga, mis t\u00e4iendab teie sisekujundust. Vastupidavast keraamikast valmistatud lillepott lubab pikaajalist kasutamist.\" \/>\n<meta property=\"og:url\" content=\"http:\/\/ruuby.ee\/en\/pood\/kodusisustus\/vaasid\/house-nordic-lillepott-ceramic-brown\/\" \/>\n<meta property=\"og:site_name\" content=\"RUUBY\" \/>\n<meta property=\"article:publisher\" content=\"https:\/\/www.facebook.com\/ruubyconcept\" \/>\n<meta property=\"article:modified_time\" content=\"2026-04-07T22:28:23+00:00\" \/>\n<meta property=\"og:image\" content=\"http:\/\/ruuby.ee\/wp-content\/uploads\/2025\/09\/Screenshot-2025-09-27-at-14.21.01.png\" \/>\n\t<meta property=\"og:image:width\" content=\"1478\" \/>\n\t<meta property=\"og:image:height\" content=\"1294\" \/>\n\t<meta property=\"og:image:type\" content=\"image\/png\" \/>\n<meta name=\"twitter:card\" content=\"summary_large_image\" \/>\n<meta name=\"twitter:label1\" content=\"Estimated reading time\" \/>\n\t<meta name=\"twitter:data1\" content=\"1 minute\" \/>\n<script type=\"application\/ld+json\" class=\"yoast-schema-graph\">{\"@context\":\"https:\\\/\\\/schema.org\",\"@graph\":[{\"@type\":[\"WebPage\",\"ItemPage\"],\"@id\":\"http:\\\/\\\/ruuby.ee\\\/pood\\\/kodusisustus\\\/vaasid\\\/house-nordic-lillepott-ceramic-brown\\\/\",\"url\":\"http:\\\/\\\/ruuby.ee\\\/pood\\\/kodusisustus\\\/vaasid\\\/house-nordic-lillepott-ceramic-brown\\\/\",\"name\":\"House Nordic lillepott, Ceramic, Brown - RUUBY\",\"isPartOf\":{\"@id\":\"http:\\\/\\\/ruuby.ee\\\/en\\\/#website\"},\"primaryImageOfPage\":{\"@id\":\"http:\\\/\\\/ruuby.ee\\\/pood\\\/kodusisustus\\\/vaasid\\\/house-nordic-lillepott-ceramic-brown\\\/#primaryimage\"},\"image\":{\"@id\":\"http:\\\/\\\/ruuby.ee\\\/pood\\\/kodusisustus\\\/vaasid\\\/house-nordic-lillepott-ceramic-brown\\\/#primaryimage\"},\"thumbnailUrl\":\"http:\\\/\\\/ruuby.ee\\\/wp-content\\\/uploads\\\/2025\\\/09\\\/Screenshot-2025-09-27-at-14.21.01.png\",\"datePublished\":\"2025-09-27T10:07:00+00:00\",\"dateModified\":\"2026-04-07T22:28:23+00:00\",\"breadcrumb\":{\"@id\":\"http:\\\/\\\/ruuby.ee\\\/pood\\\/kodusisustus\\\/vaasid\\\/house-nordic-lillepott-ceramic-brown\\\/#breadcrumb\"},\"inLanguage\":\"en-GB\",\"potentialAction\":[{\"@type\":\"ReadAction\",\"target\":[\"http:\\\/\\\/ruuby.ee\\\/pood\\\/kodusisustus\\\/vaasid\\\/house-nordic-lillepott-ceramic-brown\\\/\"]}]},{\"@type\":\"ImageObject\",\"inLanguage\":\"en-GB\",\"@id\":\"http:\\\/\\\/ruuby.ee\\\/pood\\\/kodusisustus\\\/vaasid\\\/house-nordic-lillepott-ceramic-brown\\\/#primaryimage\",\"url\":\"http:\\\/\\\/ruuby.ee\\\/wp-content\\\/uploads\\\/2025\\\/09\\\/Screenshot-2025-09-27-at-14.21.01.png\",\"contentUrl\":\"http:\\\/\\\/ruuby.ee\\\/wp-content\\\/uploads\\\/2025\\\/09\\\/Screenshot-2025-09-27-at-14.21.01.png\",\"width\":1478,\"height\":1294},{\"@type\":\"BreadcrumbList\",\"@id\":\"http:\\\/\\\/ruuby.ee\\\/pood\\\/kodusisustus\\\/vaasid\\\/house-nordic-lillepott-ceramic-brown\\\/#breadcrumb\",\"itemListElement\":[{\"@type\":\"ListItem\",\"position\":1,\"name\":\"Kdu\",\"item\":\"http:\\\/\\\/ruuby.ee\\\/en\\\/\"},{\"@type\":\"ListItem\",\"position\":2,\"name\":\"Pood\",\"item\":\"http:\\\/\\\/ruuby.ee\\\/en\\\/pood\\\/\"},{\"@type\":\"ListItem\",\"position\":3,\"name\":\"House Nordic lillepott, Ceramic, Brown\"}]},{\"@type\":\"WebSite\",\"@id\":\"http:\\\/\\\/ruuby.ee\\\/en\\\/#website\",\"url\":\"http:\\\/\\\/ruuby.ee\\\/en\\\/\",\"name\":\"RUUBY\",\"description\":\"Ruubys on \u00fchendatud elustiil ja disain\",\"publisher\":{\"@id\":\"http:\\\/\\\/ruuby.ee\\\/en\\\/#organization\"},\"alternateName\":\"Ruuby Disain\",\"potentialAction\":[{\"@type\":\"SearchAction\",\"target\":{\"@type\":\"EntryPoint\",\"urlTemplate\":\"http:\\\/\\\/ruuby.ee\\\/en\\\/?s={search_term_string}\"},\"query-input\":{\"@type\":\"PropertyValueSpecification\",\"valueRequired\":true,\"valueName\":\"search_term_string\"}}],\"inLanguage\":\"en-GB\"},{\"@type\":\"Organization\",\"@id\":\"http:\\\/\\\/ruuby.ee\\\/en\\\/#organization\",\"name\":\"Ruuby Disain O\u00dc\",\"alternateName\":\"Ruuby\",\"url\":\"http:\\\/\\\/ruuby.ee\\\/en\\\/\",\"logo\":{\"@type\":\"ImageObject\",\"inLanguage\":\"en-GB\",\"@id\":\"http:\\\/\\\/ruuby.ee\\\/en\\\/#\\\/schema\\\/logo\\\/image\\\/\",\"url\":\"http:\\\/\\\/ruuby.ee\\\/wp-content\\\/uploads\\\/2023\\\/06\\\/cropped-Black-White-Elegant-Circle-Signature-Fashion-Logo-12_large.png\",\"contentUrl\":\"http:\\\/\\\/ruuby.ee\\\/wp-content\\\/uploads\\\/2023\\\/06\\\/cropped-Black-White-Elegant-Circle-Signature-Fashion-Logo-12_large.png\",\"width\":1280,\"height\":747,\"caption\":\"Ruuby Disain O\u00dc\"},\"image\":{\"@id\":\"http:\\\/\\\/ruuby.ee\\\/en\\\/#\\\/schema\\\/logo\\\/image\\\/\"},\"sameAs\":[\"https:\\\/\\\/www.facebook.com\\\/ruubyconcept\",\"https:\\\/\\\/www.instagram.com\\\/ruuby_concept\\\/\"]}]}<\/script>\n<!-- \/ Yoast SEO plugin. -->","yoast_head_json":{"title":"House Nordic lillepott, Ceramic, Brown - RUUBY","robots":{"index":"index","follow":"follow","max-snippet":"max-snippet:-1","max-image-preview":"max-image-preview:large","max-video-preview":"max-video-preview:-1"},"canonical":"http:\/\/ruuby.ee\/en\/pood\/kodusisustus\/vaasid\/house-nordic-lillepott-ceramic-brown\/","og_locale":"en_GB","og_type":"article","og_title":"House Nordic lillepott, Ceramic, Brown - RUUBY","og_description":"Tooge oma koju v\u00f5i aeda Taani elegantsi rikkaliku mullapruuni v\u00e4rvi keraamilise lillepotiga. M\u00f5\u00f5dud: 13,5&#215;13,5&#215;13 cm. Br\u00e4nd on tuntud oma kire poolest m\u00f6\u00f6bli ja sisustustoodete vastu. See sobib ideaalselt teie lemmiktaimede istutamiseks. See \u00fchendab funktsionaalsuse ajatu disainiga, mis t\u00e4iendab teie sisekujundust. Vastupidavast keraamikast valmistatud lillepott lubab pikaajalist kasutamist.","og_url":"http:\/\/ruuby.ee\/en\/pood\/kodusisustus\/vaasid\/house-nordic-lillepott-ceramic-brown\/","og_site_name":"RUUBY","article_publisher":"https:\/\/www.facebook.com\/ruubyconcept","article_modified_time":"2026-04-07T22:28:23+00:00","og_image":[{"width":1478,"height":1294,"url":"http:\/\/ruuby.ee\/wp-content\/uploads\/2025\/09\/Screenshot-2025-09-27-at-14.21.01.png","type":"image\/png"}],"twitter_card":"summary_large_image","twitter_misc":{"Estimated reading time":"1 minute"},"schema":{"@context":"https:\/\/schema.org","@graph":[{"@type":["WebPage","ItemPage"],"@id":"http:\/\/ruuby.ee\/pood\/kodusisustus\/vaasid\/house-nordic-lillepott-ceramic-brown\/","url":"http:\/\/ruuby.ee\/pood\/kodusisustus\/vaasid\/house-nordic-lillepott-ceramic-brown\/","name":"House Nordic lillepott, Ceramic, Brown - RUUBY","isPartOf":{"@id":"http:\/\/ruuby.ee\/en\/#website"},"primaryImageOfPage":{"@id":"http:\/\/ruuby.ee\/pood\/kodusisustus\/vaasid\/house-nordic-lillepott-ceramic-brown\/#primaryimage"},"image":{"@id":"http:\/\/ruuby.ee\/pood\/kodusisustus\/vaasid\/house-nordic-lillepott-ceramic-brown\/#primaryimage"},"thumbnailUrl":"http:\/\/ruuby.ee\/wp-content\/uploads\/2025\/09\/Screenshot-2025-09-27-at-14.21.01.png","datePublished":"2025-09-27T10:07:00+00:00","dateModified":"2026-04-07T22:28:23+00:00","breadcrumb":{"@id":"http:\/\/ruuby.ee\/pood\/kodusisustus\/vaasid\/house-nordic-lillepott-ceramic-brown\/#breadcrumb"},"inLanguage":"en-GB","potentialAction":[{"@type":"ReadAction","target":["http:\/\/ruuby.ee\/pood\/kodusisustus\/vaasid\/house-nordic-lillepott-ceramic-brown\/"]}]},{"@type":"ImageObject","inLanguage":"en-GB","@id":"http:\/\/ruuby.ee\/pood\/kodusisustus\/vaasid\/house-nordic-lillepott-ceramic-brown\/#primaryimage","url":"http:\/\/ruuby.ee\/wp-content\/uploads\/2025\/09\/Screenshot-2025-09-27-at-14.21.01.png","contentUrl":"http:\/\/ruuby.ee\/wp-content\/uploads\/2025\/09\/Screenshot-2025-09-27-at-14.21.01.png","width":1478,"height":1294},{"@type":"BreadcrumbList","@id":"http:\/\/ruuby.ee\/pood\/kodusisustus\/vaasid\/house-nordic-lillepott-ceramic-brown\/#breadcrumb","itemListElement":[{"@type":"ListItem","position":1,"name":"Kdu","item":"http:\/\/ruuby.ee\/en\/"},{"@type":"ListItem","position":2,"name":"Pood","item":"http:\/\/ruuby.ee\/en\/pood\/"},{"@type":"ListItem","position":3,"name":"House Nordic lillepott, Ceramic, Brown"}]},{"@type":"WebSite","@id":"http:\/\/ruuby.ee\/en\/#website","url":"http:\/\/ruuby.ee\/en\/","name":"RUUBY","description":"Ruubys on \u00fchendatud elustiil ja disain","publisher":{"@id":"http:\/\/ruuby.ee\/en\/#organization"},"alternateName":"Ruuby Disain","potentialAction":[{"@type":"SearchAction","target":{"@type":"EntryPoint","urlTemplate":"http:\/\/ruuby.ee\/en\/?s={search_term_string}"},"query-input":{"@type":"PropertyValueSpecification","valueRequired":true,"valueName":"search_term_string"}}],"inLanguage":"en-GB"},{"@type":"Organization","@id":"http:\/\/ruuby.ee\/en\/#organization","name":"Ruuby Disain O\u00dc","alternateName":"Ruuby","url":"http:\/\/ruuby.ee\/en\/","logo":{"@type":"ImageObject","inLanguage":"en-GB","@id":"http:\/\/ruuby.ee\/en\/#\/schema\/logo\/image\/","url":"http:\/\/ruuby.ee\/wp-content\/uploads\/2023\/06\/cropped-Black-White-Elegant-Circle-Signature-Fashion-Logo-12_large.png","contentUrl":"http:\/\/ruuby.ee\/wp-content\/uploads\/2023\/06\/cropped-Black-White-Elegant-Circle-Signature-Fashion-Logo-12_large.png","width":1280,"height":747,"caption":"Ruuby Disain O\u00dc"},"image":{"@id":"http:\/\/ruuby.ee\/en\/#\/schema\/logo\/image\/"},"sameAs":["https:\/\/www.facebook.com\/ruubyconcept","https:\/\/www.instagram.com\/ruuby_concept\/"]}]}},"jetpack_sharing_enabled":true,"_links":{"self":[{"href":"http:\/\/ruuby.ee\/en\/wp-json\/wp\/v2\/product\/1855791","targetHints":{"allow":["GET"]}}],"collection":[{"href":"http:\/\/ruuby.ee\/en\/wp-json\/wp\/v2\/product"}],"about":[{"href":"http:\/\/ruuby.ee\/en\/wp-json\/wp\/v2\/types\/product"}],"replies":[{"embeddable":true,"href":"http:\/\/ruuby.ee\/en\/wp-json\/wp\/v2\/comments?post=1855791"}],"wp:featuredmedia":[{"embeddable":true,"href":"http:\/\/ruuby.ee\/en\/wp-json\/wp\/v2\/media\/1855818"}],"wp:attachment":[{"href":"http:\/\/ruuby.ee\/en\/wp-json\/wp\/v2\/media?parent=1855791"}],"wp:term":[{"taxonomy":"product_brand","embeddable":true,"href":"http:\/\/ruuby.ee\/en\/wp-json\/wp\/v2\/product_brand?post=1855791"},{"taxonomy":"product_cat","embeddable":true,"href":"http:\/\/ruuby.ee\/en\/wp-json\/wp\/v2\/product_cat?post=1855791"},{"taxonomy":"product_tag","embeddable":true,"href":"http:\/\/ruuby.ee\/en\/wp-json\/wp\/v2\/product_tag?post=1855791"}],"curies":[{"name":"wp","href":"https:\/\/api.w.org\/{rel}","templated":true}]}}