{"id":1855134,"date":"2025-09-25T12:05:32","date_gmt":"2025-09-25T09:05:32","guid":{"rendered":"https:\/\/ruuby.ee\/?post_type=product&#038;p=1855134"},"modified":"2026-04-11T19:00:04","modified_gmt":"2026-04-11T16:00:04","slug":"igor-kummiksaapad-soul-black","status":"publish","type":"product","link":"http:\/\/ruuby.ee\/en\/pood\/jalanoud\/saapad\/igor-kummiksaapad-soul-black\/","title":{"rendered":"IGOR kummiksaapad, Soul Black"},"content":{"rendered":"<p>IGORi naiste pahkluuni ulatuvad Wellingtoni saapad muutuvad iga p\u00e4evaga trendikamaks. Osta meie pahkluuni ulatuvad Wellingtoni saapad ja saavuta vihmastel p\u00e4evadel t\u00f5eliselt linnalik v\u00e4limus.<\/p>\n<p data-start=\"162\" data-end=\"195\"><strong data-start=\"162\" data-end=\"193\">Stiilselt vastu vihmasteks p\u00e4evadeks.<\/strong><\/p>\n<p data-start=\"197\" data-end=\"363\">Soul Black kummikud on loodud niiskete ilmade truuks kaaslaseks. Vastupidavast PVC-st valmistatud pehme pealismaterjal muudab need \u00fchtaegu mugavaks ja praktiliseks.<\/p>\n<p data-start=\"365\" data-end=\"583\">Sees peidab end umbes 2 cm paksune tekstiilist sisetald, mis pakub jalale pehmust ja soojust \u2013 nii ei puutu jalg otse vastu kummimaterjali. Tulemuseks on m\u00f5nusam ja soojem kandmiskogemus ka pikematel jalutusk\u00e4ikudel.<\/p>\n<p data-start=\"585\" data-end=\"693\">Tugev roomiktald lisab kindlust igal sammul, kaitstes sind libeduse eest nii linnat\u00e4naval kui ka looduses.<\/p>\n<p data-start=\"695\" data-end=\"771\"><strong data-start=\"695\" data-end=\"769\">Soul Black \u2013 minimalistlik, praktiline ja alati valmis vihmap\u00e4evadeks.<\/strong><\/p>\n<p><strong>IGOR:<\/strong><\/p>\n<p>Juba \u00fcle 40 aasta, alates 1974. aastast, on IGOR disaininud, tootnud ja m\u00fc\u00fcnud \u200b\u200boma Wellingtoni saabaste, tarretisandaalide ja suvesandaalide kollektsioone. Igal hooajal \u00fchendame klassikalisi disaine uutega, mis on inspireeritud moemaailma uusimatest trendidest.<\/p>\n<p>Mugavus ning lai v\u00e4rvi- ja mudelivalik on esimesest p\u00e4evast peale olnud MADE IN SPAIN kaubam\u00e4rgi peamiseks filosoofiaks.<\/p>\n<p>Valmistatud Hispaanias.<\/p>","protected":false},"excerpt":{"rendered":"<p>P\u00f5hjamaa stiilis kummiksaabas mati viimistlusega, tekstiilist k\u00fclgedega, eemaldatava mugavussisetalla ja tekstiilvoodriga.<\/p>","protected":false},"featured_media":1855142,"comment_status":"open","ping_status":"closed","template":"","meta":[],"product_brand":[],"product_cat":[39,1105],"product_tag":[1106,343,1107],"class_list":{"0":"post-1855134","1":"product","2":"type-product","3":"status-publish","4":"has-post-thumbnail","6":"product_cat-jalanoud","7":"product_cat-saapad","8":"product_tag-igor","9":"product_tag-jalanoud","10":"product_tag-saapad","12":"first","13":"instock","14":"taxable","15":"shipping-taxable","16":"purchasable","17":"product-type-variable","18":"rtwpvs-product"},"yoast_head":"<!-- This site is optimized with the Yoast SEO plugin v27.3 - https:\/\/yoast.com\/product\/yoast-seo-wordpress\/ -->\n<title>IGOR kummiksaapad, Soul Black - RUUBY<\/title>\n<meta name=\"robots\" content=\"index, follow, max-snippet:-1, max-image-preview:large, max-video-preview:-1\" \/>\n<link rel=\"canonical\" href=\"https:\/\/ruuby.ee\/en\/pood\/jalanoud\/saapad\/igor-kummiksaapad-soul-black\/\" \/>\n<meta property=\"og:locale\" content=\"en_GB\" \/>\n<meta property=\"og:type\" content=\"article\" \/>\n<meta property=\"og:title\" content=\"IGOR kummiksaapad, Soul Black - RUUBY\" \/>\n<meta property=\"og:description\" content=\"P\u00f5hjamaa stiilis kummiksaabas mati viimistlusega, tekstiilist k\u00fclgedega, eemaldatava mugavussisetalla ja tekstiilvoodriga.\" \/>\n<meta property=\"og:url\" content=\"https:\/\/ruuby.ee\/en\/pood\/jalanoud\/saapad\/igor-kummiksaapad-soul-black\/\" \/>\n<meta property=\"og:site_name\" content=\"RUUBY\" \/>\n<meta property=\"article:publisher\" content=\"https:\/\/www.facebook.com\/ruubyconcept\" \/>\n<meta property=\"article:modified_time\" content=\"2026-04-11T16:00:04+00:00\" \/>\n<meta property=\"og:image\" content=\"https:\/\/ruuby.ee\/wp-content\/uploads\/2025\/09\/Screenshot-2025-09-25-at-12.07.12.png\" \/>\n\t<meta property=\"og:image:width\" content=\"856\" \/>\n\t<meta property=\"og:image:height\" content=\"1030\" \/>\n\t<meta property=\"og:image:type\" content=\"image\/png\" \/>\n<meta name=\"twitter:card\" content=\"summary_large_image\" \/>\n<meta name=\"twitter:label1\" content=\"Estimated reading time\" \/>\n\t<meta name=\"twitter:data1\" content=\"2 minutes\" \/>\n<script type=\"application\/ld+json\" class=\"yoast-schema-graph\">{\"@context\":\"https:\\\/\\\/schema.org\",\"@graph\":[{\"@type\":[\"WebPage\",\"ItemPage\"],\"@id\":\"https:\\\/\\\/ruuby.ee\\\/pood\\\/jalanoud\\\/saapad\\\/igor-kummiksaapad-soul-black\\\/\",\"url\":\"https:\\\/\\\/ruuby.ee\\\/pood\\\/jalanoud\\\/saapad\\\/igor-kummiksaapad-soul-black\\\/\",\"name\":\"IGOR kummiksaapad, Soul Black - RUUBY\",\"isPartOf\":{\"@id\":\"http:\\\/\\\/ruuby.ee\\\/#website\"},\"primaryImageOfPage\":{\"@id\":\"https:\\\/\\\/ruuby.ee\\\/pood\\\/jalanoud\\\/saapad\\\/igor-kummiksaapad-soul-black\\\/#primaryimage\"},\"image\":{\"@id\":\"https:\\\/\\\/ruuby.ee\\\/pood\\\/jalanoud\\\/saapad\\\/igor-kummiksaapad-soul-black\\\/#primaryimage\"},\"thumbnailUrl\":\"http:\\\/\\\/ruuby.ee\\\/wp-content\\\/uploads\\\/2025\\\/09\\\/Screenshot-2025-09-25-at-12.07.12.png\",\"datePublished\":\"2025-09-25T09:05:32+00:00\",\"dateModified\":\"2026-04-11T16:00:04+00:00\",\"breadcrumb\":{\"@id\":\"https:\\\/\\\/ruuby.ee\\\/pood\\\/jalanoud\\\/saapad\\\/igor-kummiksaapad-soul-black\\\/#breadcrumb\"},\"inLanguage\":\"en-GB\",\"potentialAction\":[{\"@type\":\"ReadAction\",\"target\":[\"https:\\\/\\\/ruuby.ee\\\/pood\\\/jalanoud\\\/saapad\\\/igor-kummiksaapad-soul-black\\\/\"]}]},{\"@type\":\"ImageObject\",\"inLanguage\":\"en-GB\",\"@id\":\"https:\\\/\\\/ruuby.ee\\\/pood\\\/jalanoud\\\/saapad\\\/igor-kummiksaapad-soul-black\\\/#primaryimage\",\"url\":\"http:\\\/\\\/ruuby.ee\\\/wp-content\\\/uploads\\\/2025\\\/09\\\/Screenshot-2025-09-25-at-12.07.12.png\",\"contentUrl\":\"http:\\\/\\\/ruuby.ee\\\/wp-content\\\/uploads\\\/2025\\\/09\\\/Screenshot-2025-09-25-at-12.07.12.png\",\"width\":856,\"height\":1030},{\"@type\":\"BreadcrumbList\",\"@id\":\"https:\\\/\\\/ruuby.ee\\\/pood\\\/jalanoud\\\/saapad\\\/igor-kummiksaapad-soul-black\\\/#breadcrumb\",\"itemListElement\":[{\"@type\":\"ListItem\",\"position\":1,\"name\":\"Kdu\",\"item\":\"http:\\\/\\\/ruuby.ee\\\/\"},{\"@type\":\"ListItem\",\"position\":2,\"name\":\"Pood\",\"item\":\"http:\\\/\\\/ruuby.ee\\\/pood\\\/\"},{\"@type\":\"ListItem\",\"position\":3,\"name\":\"IGOR kummiksaapad, Soul Black\"}]},{\"@type\":\"WebSite\",\"@id\":\"http:\\\/\\\/ruuby.ee\\\/#website\",\"url\":\"http:\\\/\\\/ruuby.ee\\\/\",\"name\":\"RUUBY\",\"description\":\"Ruubys on \u00fchendatud elustiil ja disain\",\"publisher\":{\"@id\":\"http:\\\/\\\/ruuby.ee\\\/#organization\"},\"alternateName\":\"Ruuby Disain\",\"potentialAction\":[{\"@type\":\"SearchAction\",\"target\":{\"@type\":\"EntryPoint\",\"urlTemplate\":\"http:\\\/\\\/ruuby.ee\\\/?s={search_term_string}\"},\"query-input\":{\"@type\":\"PropertyValueSpecification\",\"valueRequired\":true,\"valueName\":\"search_term_string\"}}],\"inLanguage\":\"en-GB\"},{\"@type\":\"Organization\",\"@id\":\"http:\\\/\\\/ruuby.ee\\\/#organization\",\"name\":\"Ruuby Disain O\u00dc\",\"alternateName\":\"Ruuby\",\"url\":\"http:\\\/\\\/ruuby.ee\\\/\",\"logo\":{\"@type\":\"ImageObject\",\"inLanguage\":\"en-GB\",\"@id\":\"http:\\\/\\\/ruuby.ee\\\/#\\\/schema\\\/logo\\\/image\\\/\",\"url\":\"http:\\\/\\\/ruuby.ee\\\/wp-content\\\/uploads\\\/2023\\\/06\\\/cropped-Black-White-Elegant-Circle-Signature-Fashion-Logo-12_large.png\",\"contentUrl\":\"http:\\\/\\\/ruuby.ee\\\/wp-content\\\/uploads\\\/2023\\\/06\\\/cropped-Black-White-Elegant-Circle-Signature-Fashion-Logo-12_large.png\",\"width\":1280,\"height\":747,\"caption\":\"Ruuby Disain O\u00dc\"},\"image\":{\"@id\":\"http:\\\/\\\/ruuby.ee\\\/#\\\/schema\\\/logo\\\/image\\\/\"},\"sameAs\":[\"https:\\\/\\\/www.facebook.com\\\/ruubyconcept\",\"https:\\\/\\\/www.instagram.com\\\/ruuby_concept\\\/\"]}]}<\/script>\n<!-- \/ Yoast SEO plugin. -->","yoast_head_json":{"title":"IGOR kummiksaapad, Soul Black - RUUBY","robots":{"index":"index","follow":"follow","max-snippet":"max-snippet:-1","max-image-preview":"max-image-preview:large","max-video-preview":"max-video-preview:-1"},"canonical":"https:\/\/ruuby.ee\/en\/pood\/jalanoud\/saapad\/igor-kummiksaapad-soul-black\/","og_locale":"en_GB","og_type":"article","og_title":"IGOR kummiksaapad, Soul Black - RUUBY","og_description":"P\u00f5hjamaa stiilis kummiksaabas mati viimistlusega, tekstiilist k\u00fclgedega, eemaldatava mugavussisetalla ja tekstiilvoodriga.","og_url":"https:\/\/ruuby.ee\/en\/pood\/jalanoud\/saapad\/igor-kummiksaapad-soul-black\/","og_site_name":"RUUBY","article_publisher":"https:\/\/www.facebook.com\/ruubyconcept","article_modified_time":"2026-04-11T16:00:04+00:00","og_image":[{"width":856,"height":1030,"url":"https:\/\/ruuby.ee\/wp-content\/uploads\/2025\/09\/Screenshot-2025-09-25-at-12.07.12.png","type":"image\/png"}],"twitter_card":"summary_large_image","twitter_misc":{"Estimated reading time":"2 minutes"},"schema":{"@context":"https:\/\/schema.org","@graph":[{"@type":["WebPage","ItemPage"],"@id":"https:\/\/ruuby.ee\/pood\/jalanoud\/saapad\/igor-kummiksaapad-soul-black\/","url":"https:\/\/ruuby.ee\/pood\/jalanoud\/saapad\/igor-kummiksaapad-soul-black\/","name":"IGOR kummiksaapad, Soul Black - RUUBY","isPartOf":{"@id":"http:\/\/ruuby.ee\/#website"},"primaryImageOfPage":{"@id":"https:\/\/ruuby.ee\/pood\/jalanoud\/saapad\/igor-kummiksaapad-soul-black\/#primaryimage"},"image":{"@id":"https:\/\/ruuby.ee\/pood\/jalanoud\/saapad\/igor-kummiksaapad-soul-black\/#primaryimage"},"thumbnailUrl":"http:\/\/ruuby.ee\/wp-content\/uploads\/2025\/09\/Screenshot-2025-09-25-at-12.07.12.png","datePublished":"2025-09-25T09:05:32+00:00","dateModified":"2026-04-11T16:00:04+00:00","breadcrumb":{"@id":"https:\/\/ruuby.ee\/pood\/jalanoud\/saapad\/igor-kummiksaapad-soul-black\/#breadcrumb"},"inLanguage":"en-GB","potentialAction":[{"@type":"ReadAction","target":["https:\/\/ruuby.ee\/pood\/jalanoud\/saapad\/igor-kummiksaapad-soul-black\/"]}]},{"@type":"ImageObject","inLanguage":"en-GB","@id":"https:\/\/ruuby.ee\/pood\/jalanoud\/saapad\/igor-kummiksaapad-soul-black\/#primaryimage","url":"http:\/\/ruuby.ee\/wp-content\/uploads\/2025\/09\/Screenshot-2025-09-25-at-12.07.12.png","contentUrl":"http:\/\/ruuby.ee\/wp-content\/uploads\/2025\/09\/Screenshot-2025-09-25-at-12.07.12.png","width":856,"height":1030},{"@type":"BreadcrumbList","@id":"https:\/\/ruuby.ee\/pood\/jalanoud\/saapad\/igor-kummiksaapad-soul-black\/#breadcrumb","itemListElement":[{"@type":"ListItem","position":1,"name":"Kdu","item":"http:\/\/ruuby.ee\/"},{"@type":"ListItem","position":2,"name":"Pood","item":"http:\/\/ruuby.ee\/pood\/"},{"@type":"ListItem","position":3,"name":"IGOR kummiksaapad, Soul Black"}]},{"@type":"WebSite","@id":"http:\/\/ruuby.ee\/#website","url":"http:\/\/ruuby.ee\/","name":"RUUBY","description":"Ruubys on \u00fchendatud elustiil ja disain","publisher":{"@id":"http:\/\/ruuby.ee\/#organization"},"alternateName":"Ruuby Disain","potentialAction":[{"@type":"SearchAction","target":{"@type":"EntryPoint","urlTemplate":"http:\/\/ruuby.ee\/?s={search_term_string}"},"query-input":{"@type":"PropertyValueSpecification","valueRequired":true,"valueName":"search_term_string"}}],"inLanguage":"en-GB"},{"@type":"Organization","@id":"http:\/\/ruuby.ee\/#organization","name":"Ruuby Disain O\u00dc","alternateName":"Ruuby","url":"http:\/\/ruuby.ee\/","logo":{"@type":"ImageObject","inLanguage":"en-GB","@id":"http:\/\/ruuby.ee\/#\/schema\/logo\/image\/","url":"http:\/\/ruuby.ee\/wp-content\/uploads\/2023\/06\/cropped-Black-White-Elegant-Circle-Signature-Fashion-Logo-12_large.png","contentUrl":"http:\/\/ruuby.ee\/wp-content\/uploads\/2023\/06\/cropped-Black-White-Elegant-Circle-Signature-Fashion-Logo-12_large.png","width":1280,"height":747,"caption":"Ruuby Disain O\u00dc"},"image":{"@id":"http:\/\/ruuby.ee\/#\/schema\/logo\/image\/"},"sameAs":["https:\/\/www.facebook.com\/ruubyconcept","https:\/\/www.instagram.com\/ruuby_concept\/"]}]}},"jetpack_sharing_enabled":true,"_links":{"self":[{"href":"http:\/\/ruuby.ee\/en\/wp-json\/wp\/v2\/product\/1855134","targetHints":{"allow":["GET"]}}],"collection":[{"href":"http:\/\/ruuby.ee\/en\/wp-json\/wp\/v2\/product"}],"about":[{"href":"http:\/\/ruuby.ee\/en\/wp-json\/wp\/v2\/types\/product"}],"replies":[{"embeddable":true,"href":"http:\/\/ruuby.ee\/en\/wp-json\/wp\/v2\/comments?post=1855134"}],"wp:featuredmedia":[{"embeddable":true,"href":"http:\/\/ruuby.ee\/en\/wp-json\/wp\/v2\/media\/1855142"}],"wp:attachment":[{"href":"http:\/\/ruuby.ee\/en\/wp-json\/wp\/v2\/media?parent=1855134"}],"wp:term":[{"taxonomy":"product_brand","embeddable":true,"href":"http:\/\/ruuby.ee\/en\/wp-json\/wp\/v2\/product_brand?post=1855134"},{"taxonomy":"product_cat","embeddable":true,"href":"http:\/\/ruuby.ee\/en\/wp-json\/wp\/v2\/product_cat?post=1855134"},{"taxonomy":"product_tag","embeddable":true,"href":"http:\/\/ruuby.ee\/en\/wp-json\/wp\/v2\/product_tag?post=1855134"}],"curies":[{"name":"wp","href":"https:\/\/api.w.org\/{rel}","templated":true}]}}