{"id":1855065,"date":"2025-09-18T14:39:12","date_gmt":"2025-09-18T11:39:12","guid":{"rendered":"https:\/\/ruuby.ee\/pood\/maaratlemata\/vinoos-veini-maitsed-kommis-grand-cru-0vol\/"},"modified":"2026-04-05T01:25:18","modified_gmt":"2026-04-04T22:25:18","slug":"vinoos-veini-maitsed-kommis-grand-cru-0vol","status":"publish","type":"product","link":"http:\/\/ruuby.ee\/en\/pood\/joulueri\/joulugurmee\/vinoos-veini-maitsed-kommis-grand-cru-0vol\/","title":{"rendered":"Vinoos &#8211; Veini maitsed kommis, Grand Cru, 0%vol"},"content":{"rendered":"<p>Kauaoodatud, aga n\u00fc\u00fcd l\u00f5puks reaalsus. Meie parim VEINIKOMM v\u00e4ikese s\u00e4delusega l\u00f5pus. Iga\u00fcks, kes seda maitseb, armub koheselt eksootiliste puuviljade, leedri\u00f5ie ja \u00f5unte buketti. Mahlakas roheline, ehedalt prantsusep\u00e4rasel viisil. Karge ja v\u00e4rske. Elegantne maitseelamus kollaste puuviljade, floora ja v\u00fcrtsikate nootidega.<\/p>\n<p>Absoluutselt vastupandamatu&#8230; \u00d5nnis. Vegan ja gluteenivaba.<\/p>\n<p>Koostisosad: Gl\u00fckoosisiirup, suhkur, modifitseeritud t\u00e4rklis (nisu, mais, kartul), happed: sidrunhape, piimhape, \u00f5unhape, naatriummalaat, vahuveini aroom, taime\u00f5li (kookos), karnaubavaha.<\/p>\n<p>50 grammi<\/p>\n<p>Gluteenisisaldus on alla seadusliku normi. (Codex Alimentarius, 41\/2009).<\/p>","protected":false},"excerpt":{"rendered":"<p>See uus, ahvatleb lemmik peaks kindlasti teie nimekirjas olema!<\/p>","protected":false},"featured_media":1855094,"comment_status":"open","ping_status":"closed","template":"","meta":[],"product_brand":[],"product_cat":[26,491,952,644],"product_tag":[112,1102,1101],"class_list":{"0":"post-1855065","1":"product","2":"type-product","3":"status-publish","4":"has-post-thumbnail","6":"product_cat-gurmee","7":"product_cat-joulueri","8":"product_cat-joulugurmee","9":"product_cat-maiustused","10":"product_tag-gurmee","11":"product_tag-kummikomm","12":"product_tag-vinoos","14":"first","15":"instock","16":"taxable","17":"shipping-taxable","18":"purchasable","19":"product-type-simple"},"yoast_head":"<!-- This site is optimized with the Yoast SEO plugin v27.2 - https:\/\/yoast.com\/product\/yoast-seo-wordpress\/ -->\n<title>Vinoos - Veini maitsed kommis, Grand Cru, 0%vol - RUUBY<\/title>\n<meta name=\"robots\" content=\"index, follow, max-snippet:-1, max-image-preview:large, max-video-preview:-1\" \/>\n<link rel=\"canonical\" href=\"http:\/\/ruuby.ee\/en\/pood\/joulueri\/joulugurmee\/vinoos-veini-maitsed-kommis-grand-cru-0vol\/\" \/>\n<meta property=\"og:locale\" content=\"en_GB\" \/>\n<meta property=\"og:type\" content=\"article\" \/>\n<meta property=\"og:title\" content=\"Vinoos - Veini maitsed kommis, Grand Cru, 0%vol - RUUBY\" \/>\n<meta property=\"og:description\" content=\"See uus, ahvatleb lemmik peaks kindlasti teie nimekirjas olema!\" \/>\n<meta property=\"og:url\" content=\"http:\/\/ruuby.ee\/en\/pood\/joulueri\/joulugurmee\/vinoos-veini-maitsed-kommis-grand-cru-0vol\/\" \/>\n<meta property=\"og:site_name\" content=\"RUUBY\" \/>\n<meta property=\"article:publisher\" content=\"https:\/\/www.facebook.com\/ruubyconcept\" \/>\n<meta property=\"article:modified_time\" content=\"2026-04-04T22:25:18+00:00\" \/>\n<meta property=\"og:image\" content=\"http:\/\/ruuby.ee\/wp-content\/uploads\/2025\/09\/Screenshot-2025-09-18-at-15.52.57.png\" \/>\n\t<meta property=\"og:image:width\" content=\"1232\" \/>\n\t<meta property=\"og:image:height\" content=\"1074\" \/>\n\t<meta property=\"og:image:type\" content=\"image\/png\" \/>\n<meta name=\"twitter:card\" content=\"summary_large_image\" \/>\n<meta name=\"twitter:label1\" content=\"Estimated reading time\" \/>\n\t<meta name=\"twitter:data1\" content=\"1 minute\" \/>\n<script type=\"application\/ld+json\" class=\"yoast-schema-graph\">{\"@context\":\"https:\/\/schema.org\",\"@graph\":[{\"@type\":[\"WebPage\",\"ItemPage\"],\"@id\":\"http:\/\/ruuby.ee\/en\/pood\/joulueri\/joulugurmee\/vinoos-veini-maitsed-kommis-grand-cru-0vol\/\",\"url\":\"http:\/\/ruuby.ee\/en\/pood\/joulueri\/joulugurmee\/vinoos-veini-maitsed-kommis-grand-cru-0vol\/\",\"name\":\"Vinoos - Veini maitsed kommis, Grand Cru, 0%vol - RUUBY\",\"isPartOf\":{\"@id\":\"http:\/\/ruuby.ee\/#website\"},\"primaryImageOfPage\":{\"@id\":\"http:\/\/ruuby.ee\/en\/pood\/joulueri\/joulugurmee\/vinoos-veini-maitsed-kommis-grand-cru-0vol\/#primaryimage\"},\"image\":{\"@id\":\"http:\/\/ruuby.ee\/en\/pood\/joulueri\/joulugurmee\/vinoos-veini-maitsed-kommis-grand-cru-0vol\/#primaryimage\"},\"thumbnailUrl\":\"http:\/\/ruuby.ee\/wp-content\/uploads\/2025\/09\/Screenshot-2025-09-18-at-15.52.57.png\",\"datePublished\":\"2025-09-18T11:39:12+00:00\",\"dateModified\":\"2026-04-04T22:25:18+00:00\",\"breadcrumb\":{\"@id\":\"http:\/\/ruuby.ee\/en\/pood\/joulueri\/joulugurmee\/vinoos-veini-maitsed-kommis-grand-cru-0vol\/#breadcrumb\"},\"inLanguage\":\"en-GB\",\"potentialAction\":[{\"@type\":\"ReadAction\",\"target\":[\"http:\/\/ruuby.ee\/en\/pood\/joulueri\/joulugurmee\/vinoos-veini-maitsed-kommis-grand-cru-0vol\/\"]}]},{\"@type\":\"ImageObject\",\"inLanguage\":\"en-GB\",\"@id\":\"http:\/\/ruuby.ee\/en\/pood\/joulueri\/joulugurmee\/vinoos-veini-maitsed-kommis-grand-cru-0vol\/#primaryimage\",\"url\":\"http:\/\/ruuby.ee\/wp-content\/uploads\/2025\/09\/Screenshot-2025-09-18-at-15.52.57.png\",\"contentUrl\":\"http:\/\/ruuby.ee\/wp-content\/uploads\/2025\/09\/Screenshot-2025-09-18-at-15.52.57.png\",\"width\":1232,\"height\":1074},{\"@type\":\"BreadcrumbList\",\"@id\":\"http:\/\/ruuby.ee\/en\/pood\/joulueri\/joulugurmee\/vinoos-veini-maitsed-kommis-grand-cru-0vol\/#breadcrumb\",\"itemListElement\":[{\"@type\":\"ListItem\",\"position\":1,\"name\":\"Kdu\",\"item\":\"http:\/\/ruuby.ee\/\"},{\"@type\":\"ListItem\",\"position\":2,\"name\":\"Pood\",\"item\":\"https:\/\/ruuby.ee\/en\/pood\/\"},{\"@type\":\"ListItem\",\"position\":3,\"name\":\"Vinoos &#8211; Veini maitsed kommis, Grand Cru, 0%vol\"}]},{\"@type\":\"WebSite\",\"@id\":\"http:\/\/ruuby.ee\/#website\",\"url\":\"http:\/\/ruuby.ee\/\",\"name\":\"RUUBY\",\"description\":\"Ruubys on \u00fchendatud elustiil ja disain\",\"publisher\":{\"@id\":\"http:\/\/ruuby.ee\/#organization\"},\"alternateName\":\"Ruuby Disain\",\"potentialAction\":[{\"@type\":\"SearchAction\",\"target\":{\"@type\":\"EntryPoint\",\"urlTemplate\":\"http:\/\/ruuby.ee\/?s={search_term_string}\"},\"query-input\":{\"@type\":\"PropertyValueSpecification\",\"valueRequired\":true,\"valueName\":\"search_term_string\"}}],\"inLanguage\":\"en-GB\"},{\"@type\":\"Organization\",\"@id\":\"http:\/\/ruuby.ee\/#organization\",\"name\":\"Ruuby Disain O\u00dc\",\"alternateName\":\"Ruuby\",\"url\":\"http:\/\/ruuby.ee\/\",\"logo\":{\"@type\":\"ImageObject\",\"inLanguage\":\"en-GB\",\"@id\":\"http:\/\/ruuby.ee\/#\/schema\/logo\/image\/\",\"url\":\"http:\/\/ruuby.ee\/wp-content\/uploads\/2023\/06\/cropped-Black-White-Elegant-Circle-Signature-Fashion-Logo-12_large.png\",\"contentUrl\":\"http:\/\/ruuby.ee\/wp-content\/uploads\/2023\/06\/cropped-Black-White-Elegant-Circle-Signature-Fashion-Logo-12_large.png\",\"width\":1280,\"height\":747,\"caption\":\"Ruuby Disain O\u00dc\"},\"image\":{\"@id\":\"http:\/\/ruuby.ee\/#\/schema\/logo\/image\/\"},\"sameAs\":[\"https:\/\/www.facebook.com\/ruubyconcept\",\"https:\/\/www.instagram.com\/ruuby_concept\/\"]}]}<\/script>\n<!-- \/ Yoast SEO plugin. -->","yoast_head_json":{"title":"Vinoos - Veini maitsed kommis, Grand Cru, 0%vol - RUUBY","robots":{"index":"index","follow":"follow","max-snippet":"max-snippet:-1","max-image-preview":"max-image-preview:large","max-video-preview":"max-video-preview:-1"},"canonical":"http:\/\/ruuby.ee\/en\/pood\/joulueri\/joulugurmee\/vinoos-veini-maitsed-kommis-grand-cru-0vol\/","og_locale":"en_GB","og_type":"article","og_title":"Vinoos - Veini maitsed kommis, Grand Cru, 0%vol - RUUBY","og_description":"See uus, ahvatleb lemmik peaks kindlasti teie nimekirjas olema!","og_url":"http:\/\/ruuby.ee\/en\/pood\/joulueri\/joulugurmee\/vinoos-veini-maitsed-kommis-grand-cru-0vol\/","og_site_name":"RUUBY","article_publisher":"https:\/\/www.facebook.com\/ruubyconcept","article_modified_time":"2026-04-04T22:25:18+00:00","og_image":[{"width":1232,"height":1074,"url":"http:\/\/ruuby.ee\/wp-content\/uploads\/2025\/09\/Screenshot-2025-09-18-at-15.52.57.png","type":"image\/png"}],"twitter_card":"summary_large_image","twitter_misc":{"Estimated reading time":"1 minute"},"schema":{"@context":"https:\/\/schema.org","@graph":[{"@type":["WebPage","ItemPage"],"@id":"http:\/\/ruuby.ee\/en\/pood\/joulueri\/joulugurmee\/vinoos-veini-maitsed-kommis-grand-cru-0vol\/","url":"http:\/\/ruuby.ee\/en\/pood\/joulueri\/joulugurmee\/vinoos-veini-maitsed-kommis-grand-cru-0vol\/","name":"Vinoos - Veini maitsed kommis, Grand Cru, 0%vol - RUUBY","isPartOf":{"@id":"http:\/\/ruuby.ee\/#website"},"primaryImageOfPage":{"@id":"http:\/\/ruuby.ee\/en\/pood\/joulueri\/joulugurmee\/vinoos-veini-maitsed-kommis-grand-cru-0vol\/#primaryimage"},"image":{"@id":"http:\/\/ruuby.ee\/en\/pood\/joulueri\/joulugurmee\/vinoos-veini-maitsed-kommis-grand-cru-0vol\/#primaryimage"},"thumbnailUrl":"http:\/\/ruuby.ee\/wp-content\/uploads\/2025\/09\/Screenshot-2025-09-18-at-15.52.57.png","datePublished":"2025-09-18T11:39:12+00:00","dateModified":"2026-04-04T22:25:18+00:00","breadcrumb":{"@id":"http:\/\/ruuby.ee\/en\/pood\/joulueri\/joulugurmee\/vinoos-veini-maitsed-kommis-grand-cru-0vol\/#breadcrumb"},"inLanguage":"en-GB","potentialAction":[{"@type":"ReadAction","target":["http:\/\/ruuby.ee\/en\/pood\/joulueri\/joulugurmee\/vinoos-veini-maitsed-kommis-grand-cru-0vol\/"]}]},{"@type":"ImageObject","inLanguage":"en-GB","@id":"http:\/\/ruuby.ee\/en\/pood\/joulueri\/joulugurmee\/vinoos-veini-maitsed-kommis-grand-cru-0vol\/#primaryimage","url":"http:\/\/ruuby.ee\/wp-content\/uploads\/2025\/09\/Screenshot-2025-09-18-at-15.52.57.png","contentUrl":"http:\/\/ruuby.ee\/wp-content\/uploads\/2025\/09\/Screenshot-2025-09-18-at-15.52.57.png","width":1232,"height":1074},{"@type":"BreadcrumbList","@id":"http:\/\/ruuby.ee\/en\/pood\/joulueri\/joulugurmee\/vinoos-veini-maitsed-kommis-grand-cru-0vol\/#breadcrumb","itemListElement":[{"@type":"ListItem","position":1,"name":"Kdu","item":"http:\/\/ruuby.ee\/"},{"@type":"ListItem","position":2,"name":"Pood","item":"https:\/\/ruuby.ee\/en\/pood\/"},{"@type":"ListItem","position":3,"name":"Vinoos &#8211; Veini maitsed kommis, Grand Cru, 0%vol"}]},{"@type":"WebSite","@id":"http:\/\/ruuby.ee\/#website","url":"http:\/\/ruuby.ee\/","name":"RUUBY","description":"Ruubys on \u00fchendatud elustiil ja disain","publisher":{"@id":"http:\/\/ruuby.ee\/#organization"},"alternateName":"Ruuby Disain","potentialAction":[{"@type":"SearchAction","target":{"@type":"EntryPoint","urlTemplate":"http:\/\/ruuby.ee\/?s={search_term_string}"},"query-input":{"@type":"PropertyValueSpecification","valueRequired":true,"valueName":"search_term_string"}}],"inLanguage":"en-GB"},{"@type":"Organization","@id":"http:\/\/ruuby.ee\/#organization","name":"Ruuby Disain O\u00dc","alternateName":"Ruuby","url":"http:\/\/ruuby.ee\/","logo":{"@type":"ImageObject","inLanguage":"en-GB","@id":"http:\/\/ruuby.ee\/#\/schema\/logo\/image\/","url":"http:\/\/ruuby.ee\/wp-content\/uploads\/2023\/06\/cropped-Black-White-Elegant-Circle-Signature-Fashion-Logo-12_large.png","contentUrl":"http:\/\/ruuby.ee\/wp-content\/uploads\/2023\/06\/cropped-Black-White-Elegant-Circle-Signature-Fashion-Logo-12_large.png","width":1280,"height":747,"caption":"Ruuby Disain O\u00dc"},"image":{"@id":"http:\/\/ruuby.ee\/#\/schema\/logo\/image\/"},"sameAs":["https:\/\/www.facebook.com\/ruubyconcept","https:\/\/www.instagram.com\/ruuby_concept\/"]}]}},"jetpack_sharing_enabled":true,"_links":{"self":[{"href":"http:\/\/ruuby.ee\/en\/wp-json\/wp\/v2\/product\/1855065","targetHints":{"allow":["GET"]}}],"collection":[{"href":"http:\/\/ruuby.ee\/en\/wp-json\/wp\/v2\/product"}],"about":[{"href":"http:\/\/ruuby.ee\/en\/wp-json\/wp\/v2\/types\/product"}],"replies":[{"embeddable":true,"href":"http:\/\/ruuby.ee\/en\/wp-json\/wp\/v2\/comments?post=1855065"}],"wp:featuredmedia":[{"embeddable":true,"href":"http:\/\/ruuby.ee\/en\/wp-json\/wp\/v2\/media\/1855094"}],"wp:attachment":[{"href":"http:\/\/ruuby.ee\/en\/wp-json\/wp\/v2\/media?parent=1855065"}],"wp:term":[{"taxonomy":"product_brand","embeddable":true,"href":"http:\/\/ruuby.ee\/en\/wp-json\/wp\/v2\/product_brand?post=1855065"},{"taxonomy":"product_cat","embeddable":true,"href":"http:\/\/ruuby.ee\/en\/wp-json\/wp\/v2\/product_cat?post=1855065"},{"taxonomy":"product_tag","embeddable":true,"href":"http:\/\/ruuby.ee\/en\/wp-json\/wp\/v2\/product_tag?post=1855065"}],"curies":[{"name":"wp","href":"https:\/\/api.w.org\/{rel}","templated":true}]}}