{"id":1854987,"date":"2025-09-12T12:45:19","date_gmt":"2025-09-12T09:45:19","guid":{"rendered":"https:\/\/ruuby.ee\/pood\/maaratlemata\/ayaida-korduvkasutatavad-korred-sirge\/"},"modified":"2026-04-08T01:28:23","modified_gmt":"2026-04-07T22:28:23","slug":"ayaida-korduvkasutatavad-korred-sirge","status":"publish","type":"product","link":"http:\/\/ruuby.ee\/en\/pood\/aksessuaarid\/joogipudelid-ja-haara-kaasa-valik\/joogipudelid-joogipudelid-ja-haara-kaasa-valik\/ayaida-korduvkasutatavad-korred-sirge\/","title":{"rendered":"AYA&amp;IDA &#8211; korduvkasutatavad k\u00f5rred, sirge"},"content":{"rendered":"<p>Lisage oma igap\u00e4evaellu elegantne ja korduvkasutatav h\u00f5ng AYA&amp;IDA roostevabast terasest korduvkasutatavate k\u00f5rtega. Need k\u00f5rred on eriti laiad, mist\u00f5ttu sobivad need k\u00f5igeks alates k\u00fclmadest jookidest kuni paksude smuutideni.<\/p>\n<p>Ajatu ja stiilse disainiga \u2013 koos funktsionaalsusega \u2013 sobivad need ideaalselt nii pidulikeks s\u00fcndmusteks kui ka igap\u00e4evaseks kasutamiseks.<\/p>\n<p>K\u00f5rred on valmistatud 18\/8 roostevabast terasest ja neid saab h\u00f5lpsasti puhastada kaasasoleva puhastusvahendiga v\u00f5i n\u00f5udepesumasinas \u2013 ning kasutada ikka ja j\u00e4lle. Praktiline, vastupidav ja korduvkasutatav alternatiiv \u00fchekordselt kasutatavatele k\u00f5rtele.<\/p>\n<p>See toode sisaldab:<br \/>\n4 x roostevabast terasest k\u00f5rt, \u00d88 mm x K 215 mm<br \/>\n1 x puhastushari<\/p>\n<p>Laboris sertifitseeritud vastavalt LFGB standarditele (toiduga kokkupuutumise kvaliteedi testimine).<\/p>\n<p><strong>Iga ostetud AYA&amp;IDA toote eest annetame UNICEF-i kaudu abivajavatele lastele 100 liitrit puhast vett.<\/strong><\/p>\n<p>K\u00f5rgus: 21,5 cm<\/p>","protected":false},"excerpt":{"rendered":"<p>Praktilised ja korduvkasutatavad eriti laiad k\u00f5rred \u2013 sobivad igat t\u00fc\u00fcpi jookidele. Puhastushari on kaasas.<\/p>","protected":false},"featured_media":1855016,"comment_status":"open","ping_status":"closed","template":"","meta":[],"product_brand":[],"product_cat":[43,838,463,42,841,60],"product_tag":[461,470],"class_list":{"0":"post-1854987","1":"product","2":"type-product","3":"status-publish","4":"has-post-thumbnail","6":"product_cat-aksessuaarid","7":"product_cat-joogipudelid-joogipudelid-ja-haara-kaasa-valik","8":"product_cat-joogipudelid-ja-haara-kaasa-valik","9":"product_cat-kodusisustus","10":"product_cat-lisad-joogipudelid-ja-haara-kaasa-valik","11":"product_cat-soogituba","12":"product_tag-ayaida","13":"product_tag-joogikorred","15":"first","16":"instock","17":"taxable","18":"shipping-taxable","19":"purchasable","20":"product-type-simple"},"yoast_head":"<!-- This site is optimized with the Yoast SEO plugin v27.3 - https:\/\/yoast.com\/product\/yoast-seo-wordpress\/ -->\n<title>AYA&amp;IDA - korduvkasutatavad k\u00f5rred, sirge - RUUBY<\/title>\n<meta name=\"robots\" content=\"index, follow, max-snippet:-1, max-image-preview:large, max-video-preview:-1\" \/>\n<link rel=\"canonical\" href=\"https:\/\/ruuby.ee\/en\/pood\/aksessuaarid\/joogipudelid-ja-haara-kaasa-valik\/joogipudelid-joogipudelid-ja-haara-kaasa-valik\/ayaida-korduvkasutatavad-korred-sirge\/\" \/>\n<meta property=\"og:locale\" content=\"en_GB\" \/>\n<meta property=\"og:type\" content=\"article\" \/>\n<meta property=\"og:title\" content=\"AYA&amp;IDA - korduvkasutatavad k\u00f5rred, sirge - RUUBY\" \/>\n<meta property=\"og:description\" content=\"Praktilised ja korduvkasutatavad eriti laiad k\u00f5rred \u2013 sobivad igat t\u00fc\u00fcpi jookidele. Puhastushari on kaasas.\" \/>\n<meta property=\"og:url\" content=\"https:\/\/ruuby.ee\/en\/pood\/aksessuaarid\/joogipudelid-ja-haara-kaasa-valik\/joogipudelid-joogipudelid-ja-haara-kaasa-valik\/ayaida-korduvkasutatavad-korred-sirge\/\" \/>\n<meta property=\"og:site_name\" content=\"RUUBY\" \/>\n<meta property=\"article:publisher\" content=\"https:\/\/www.facebook.com\/ruubyconcept\" \/>\n<meta property=\"article:modified_time\" content=\"2026-04-07T22:28:23+00:00\" \/>\n<meta property=\"og:image\" content=\"https:\/\/ruuby.ee\/wp-content\/uploads\/2025\/09\/Screenshot-2025-09-12-at-13.03.24.png\" \/>\n\t<meta property=\"og:image:width\" content=\"956\" \/>\n\t<meta property=\"og:image:height\" content=\"1344\" \/>\n\t<meta property=\"og:image:type\" content=\"image\/png\" \/>\n<meta name=\"twitter:card\" content=\"summary_large_image\" \/>\n<meta name=\"twitter:label1\" content=\"Estimated reading time\" \/>\n\t<meta name=\"twitter:data1\" content=\"1 minute\" \/>\n<script type=\"application\/ld+json\" class=\"yoast-schema-graph\">{\"@context\":\"https:\\\/\\\/schema.org\",\"@graph\":[{\"@type\":[\"WebPage\",\"ItemPage\"],\"@id\":\"https:\\\/\\\/ruuby.ee\\\/en\\\/pood\\\/aksessuaarid\\\/joogipudelid-ja-haara-kaasa-valik\\\/joogipudelid-joogipudelid-ja-haara-kaasa-valik\\\/ayaida-korduvkasutatavad-korred-sirge\\\/\",\"url\":\"https:\\\/\\\/ruuby.ee\\\/en\\\/pood\\\/aksessuaarid\\\/joogipudelid-ja-haara-kaasa-valik\\\/joogipudelid-joogipudelid-ja-haara-kaasa-valik\\\/ayaida-korduvkasutatavad-korred-sirge\\\/\",\"name\":\"AYA&amp;IDA - korduvkasutatavad k\u00f5rred, sirge - RUUBY\",\"isPartOf\":{\"@id\":\"http:\\\/\\\/ruuby.ee\\\/en\\\/#website\"},\"primaryImageOfPage\":{\"@id\":\"https:\\\/\\\/ruuby.ee\\\/en\\\/pood\\\/aksessuaarid\\\/joogipudelid-ja-haara-kaasa-valik\\\/joogipudelid-joogipudelid-ja-haara-kaasa-valik\\\/ayaida-korduvkasutatavad-korred-sirge\\\/#primaryimage\"},\"image\":{\"@id\":\"https:\\\/\\\/ruuby.ee\\\/en\\\/pood\\\/aksessuaarid\\\/joogipudelid-ja-haara-kaasa-valik\\\/joogipudelid-joogipudelid-ja-haara-kaasa-valik\\\/ayaida-korduvkasutatavad-korred-sirge\\\/#primaryimage\"},\"thumbnailUrl\":\"http:\\\/\\\/ruuby.ee\\\/wp-content\\\/uploads\\\/2025\\\/09\\\/Screenshot-2025-09-12-at-13.03.24.png\",\"datePublished\":\"2025-09-12T09:45:19+00:00\",\"dateModified\":\"2026-04-07T22:28:23+00:00\",\"breadcrumb\":{\"@id\":\"https:\\\/\\\/ruuby.ee\\\/en\\\/pood\\\/aksessuaarid\\\/joogipudelid-ja-haara-kaasa-valik\\\/joogipudelid-joogipudelid-ja-haara-kaasa-valik\\\/ayaida-korduvkasutatavad-korred-sirge\\\/#breadcrumb\"},\"inLanguage\":\"en-GB\",\"potentialAction\":[{\"@type\":\"ReadAction\",\"target\":[\"https:\\\/\\\/ruuby.ee\\\/en\\\/pood\\\/aksessuaarid\\\/joogipudelid-ja-haara-kaasa-valik\\\/joogipudelid-joogipudelid-ja-haara-kaasa-valik\\\/ayaida-korduvkasutatavad-korred-sirge\\\/\"]}]},{\"@type\":\"ImageObject\",\"inLanguage\":\"en-GB\",\"@id\":\"https:\\\/\\\/ruuby.ee\\\/en\\\/pood\\\/aksessuaarid\\\/joogipudelid-ja-haara-kaasa-valik\\\/joogipudelid-joogipudelid-ja-haara-kaasa-valik\\\/ayaida-korduvkasutatavad-korred-sirge\\\/#primaryimage\",\"url\":\"http:\\\/\\\/ruuby.ee\\\/wp-content\\\/uploads\\\/2025\\\/09\\\/Screenshot-2025-09-12-at-13.03.24.png\",\"contentUrl\":\"http:\\\/\\\/ruuby.ee\\\/wp-content\\\/uploads\\\/2025\\\/09\\\/Screenshot-2025-09-12-at-13.03.24.png\",\"width\":956,\"height\":1344},{\"@type\":\"BreadcrumbList\",\"@id\":\"https:\\\/\\\/ruuby.ee\\\/en\\\/pood\\\/aksessuaarid\\\/joogipudelid-ja-haara-kaasa-valik\\\/joogipudelid-joogipudelid-ja-haara-kaasa-valik\\\/ayaida-korduvkasutatavad-korred-sirge\\\/#breadcrumb\",\"itemListElement\":[{\"@type\":\"ListItem\",\"position\":1,\"name\":\"Kdu\",\"item\":\"http:\\\/\\\/ruuby.ee\\\/en\\\/\"},{\"@type\":\"ListItem\",\"position\":2,\"name\":\"Pood\",\"item\":\"http:\\\/\\\/ruuby.ee\\\/en\\\/pood\\\/\"},{\"@type\":\"ListItem\",\"position\":3,\"name\":\"AYA&amp;IDA &#8211; korduvkasutatavad k\u00f5rred, sirge\"}]},{\"@type\":\"WebSite\",\"@id\":\"http:\\\/\\\/ruuby.ee\\\/en\\\/#website\",\"url\":\"http:\\\/\\\/ruuby.ee\\\/en\\\/\",\"name\":\"RUUBY\",\"description\":\"Ruubys on \u00fchendatud elustiil ja disain\",\"publisher\":{\"@id\":\"http:\\\/\\\/ruuby.ee\\\/en\\\/#organization\"},\"alternateName\":\"Ruuby Disain\",\"potentialAction\":[{\"@type\":\"SearchAction\",\"target\":{\"@type\":\"EntryPoint\",\"urlTemplate\":\"http:\\\/\\\/ruuby.ee\\\/en\\\/?s={search_term_string}\"},\"query-input\":{\"@type\":\"PropertyValueSpecification\",\"valueRequired\":true,\"valueName\":\"search_term_string\"}}],\"inLanguage\":\"en-GB\"},{\"@type\":\"Organization\",\"@id\":\"http:\\\/\\\/ruuby.ee\\\/en\\\/#organization\",\"name\":\"Ruuby Disain O\u00dc\",\"alternateName\":\"Ruuby\",\"url\":\"http:\\\/\\\/ruuby.ee\\\/en\\\/\",\"logo\":{\"@type\":\"ImageObject\",\"inLanguage\":\"en-GB\",\"@id\":\"http:\\\/\\\/ruuby.ee\\\/en\\\/#\\\/schema\\\/logo\\\/image\\\/\",\"url\":\"http:\\\/\\\/ruuby.ee\\\/wp-content\\\/uploads\\\/2023\\\/06\\\/cropped-Black-White-Elegant-Circle-Signature-Fashion-Logo-12_large.png\",\"contentUrl\":\"http:\\\/\\\/ruuby.ee\\\/wp-content\\\/uploads\\\/2023\\\/06\\\/cropped-Black-White-Elegant-Circle-Signature-Fashion-Logo-12_large.png\",\"width\":1280,\"height\":747,\"caption\":\"Ruuby Disain O\u00dc\"},\"image\":{\"@id\":\"http:\\\/\\\/ruuby.ee\\\/en\\\/#\\\/schema\\\/logo\\\/image\\\/\"},\"sameAs\":[\"https:\\\/\\\/www.facebook.com\\\/ruubyconcept\",\"https:\\\/\\\/www.instagram.com\\\/ruuby_concept\\\/\"]}]}<\/script>\n<!-- \/ Yoast SEO plugin. -->","yoast_head_json":{"title":"AYA&amp;IDA - korduvkasutatavad k\u00f5rred, sirge - RUUBY","robots":{"index":"index","follow":"follow","max-snippet":"max-snippet:-1","max-image-preview":"max-image-preview:large","max-video-preview":"max-video-preview:-1"},"canonical":"https:\/\/ruuby.ee\/en\/pood\/aksessuaarid\/joogipudelid-ja-haara-kaasa-valik\/joogipudelid-joogipudelid-ja-haara-kaasa-valik\/ayaida-korduvkasutatavad-korred-sirge\/","og_locale":"en_GB","og_type":"article","og_title":"AYA&amp;IDA - korduvkasutatavad k\u00f5rred, sirge - RUUBY","og_description":"Praktilised ja korduvkasutatavad eriti laiad k\u00f5rred \u2013 sobivad igat t\u00fc\u00fcpi jookidele. Puhastushari on kaasas.","og_url":"https:\/\/ruuby.ee\/en\/pood\/aksessuaarid\/joogipudelid-ja-haara-kaasa-valik\/joogipudelid-joogipudelid-ja-haara-kaasa-valik\/ayaida-korduvkasutatavad-korred-sirge\/","og_site_name":"RUUBY","article_publisher":"https:\/\/www.facebook.com\/ruubyconcept","article_modified_time":"2026-04-07T22:28:23+00:00","og_image":[{"width":956,"height":1344,"url":"https:\/\/ruuby.ee\/wp-content\/uploads\/2025\/09\/Screenshot-2025-09-12-at-13.03.24.png","type":"image\/png"}],"twitter_card":"summary_large_image","twitter_misc":{"Estimated reading time":"1 minute"},"schema":{"@context":"https:\/\/schema.org","@graph":[{"@type":["WebPage","ItemPage"],"@id":"https:\/\/ruuby.ee\/en\/pood\/aksessuaarid\/joogipudelid-ja-haara-kaasa-valik\/joogipudelid-joogipudelid-ja-haara-kaasa-valik\/ayaida-korduvkasutatavad-korred-sirge\/","url":"https:\/\/ruuby.ee\/en\/pood\/aksessuaarid\/joogipudelid-ja-haara-kaasa-valik\/joogipudelid-joogipudelid-ja-haara-kaasa-valik\/ayaida-korduvkasutatavad-korred-sirge\/","name":"AYA&amp;IDA - korduvkasutatavad k\u00f5rred, sirge - RUUBY","isPartOf":{"@id":"http:\/\/ruuby.ee\/en\/#website"},"primaryImageOfPage":{"@id":"https:\/\/ruuby.ee\/en\/pood\/aksessuaarid\/joogipudelid-ja-haara-kaasa-valik\/joogipudelid-joogipudelid-ja-haara-kaasa-valik\/ayaida-korduvkasutatavad-korred-sirge\/#primaryimage"},"image":{"@id":"https:\/\/ruuby.ee\/en\/pood\/aksessuaarid\/joogipudelid-ja-haara-kaasa-valik\/joogipudelid-joogipudelid-ja-haara-kaasa-valik\/ayaida-korduvkasutatavad-korred-sirge\/#primaryimage"},"thumbnailUrl":"http:\/\/ruuby.ee\/wp-content\/uploads\/2025\/09\/Screenshot-2025-09-12-at-13.03.24.png","datePublished":"2025-09-12T09:45:19+00:00","dateModified":"2026-04-07T22:28:23+00:00","breadcrumb":{"@id":"https:\/\/ruuby.ee\/en\/pood\/aksessuaarid\/joogipudelid-ja-haara-kaasa-valik\/joogipudelid-joogipudelid-ja-haara-kaasa-valik\/ayaida-korduvkasutatavad-korred-sirge\/#breadcrumb"},"inLanguage":"en-GB","potentialAction":[{"@type":"ReadAction","target":["https:\/\/ruuby.ee\/en\/pood\/aksessuaarid\/joogipudelid-ja-haara-kaasa-valik\/joogipudelid-joogipudelid-ja-haara-kaasa-valik\/ayaida-korduvkasutatavad-korred-sirge\/"]}]},{"@type":"ImageObject","inLanguage":"en-GB","@id":"https:\/\/ruuby.ee\/en\/pood\/aksessuaarid\/joogipudelid-ja-haara-kaasa-valik\/joogipudelid-joogipudelid-ja-haara-kaasa-valik\/ayaida-korduvkasutatavad-korred-sirge\/#primaryimage","url":"http:\/\/ruuby.ee\/wp-content\/uploads\/2025\/09\/Screenshot-2025-09-12-at-13.03.24.png","contentUrl":"http:\/\/ruuby.ee\/wp-content\/uploads\/2025\/09\/Screenshot-2025-09-12-at-13.03.24.png","width":956,"height":1344},{"@type":"BreadcrumbList","@id":"https:\/\/ruuby.ee\/en\/pood\/aksessuaarid\/joogipudelid-ja-haara-kaasa-valik\/joogipudelid-joogipudelid-ja-haara-kaasa-valik\/ayaida-korduvkasutatavad-korred-sirge\/#breadcrumb","itemListElement":[{"@type":"ListItem","position":1,"name":"Kdu","item":"http:\/\/ruuby.ee\/en\/"},{"@type":"ListItem","position":2,"name":"Pood","item":"http:\/\/ruuby.ee\/en\/pood\/"},{"@type":"ListItem","position":3,"name":"AYA&amp;IDA &#8211; korduvkasutatavad k\u00f5rred, sirge"}]},{"@type":"WebSite","@id":"http:\/\/ruuby.ee\/en\/#website","url":"http:\/\/ruuby.ee\/en\/","name":"RUUBY","description":"Ruubys on \u00fchendatud elustiil ja disain","publisher":{"@id":"http:\/\/ruuby.ee\/en\/#organization"},"alternateName":"Ruuby Disain","potentialAction":[{"@type":"SearchAction","target":{"@type":"EntryPoint","urlTemplate":"http:\/\/ruuby.ee\/en\/?s={search_term_string}"},"query-input":{"@type":"PropertyValueSpecification","valueRequired":true,"valueName":"search_term_string"}}],"inLanguage":"en-GB"},{"@type":"Organization","@id":"http:\/\/ruuby.ee\/en\/#organization","name":"Ruuby Disain O\u00dc","alternateName":"Ruuby","url":"http:\/\/ruuby.ee\/en\/","logo":{"@type":"ImageObject","inLanguage":"en-GB","@id":"http:\/\/ruuby.ee\/en\/#\/schema\/logo\/image\/","url":"http:\/\/ruuby.ee\/wp-content\/uploads\/2023\/06\/cropped-Black-White-Elegant-Circle-Signature-Fashion-Logo-12_large.png","contentUrl":"http:\/\/ruuby.ee\/wp-content\/uploads\/2023\/06\/cropped-Black-White-Elegant-Circle-Signature-Fashion-Logo-12_large.png","width":1280,"height":747,"caption":"Ruuby Disain O\u00dc"},"image":{"@id":"http:\/\/ruuby.ee\/en\/#\/schema\/logo\/image\/"},"sameAs":["https:\/\/www.facebook.com\/ruubyconcept","https:\/\/www.instagram.com\/ruuby_concept\/"]}]}},"jetpack_sharing_enabled":true,"_links":{"self":[{"href":"http:\/\/ruuby.ee\/en\/wp-json\/wp\/v2\/product\/1854987","targetHints":{"allow":["GET"]}}],"collection":[{"href":"http:\/\/ruuby.ee\/en\/wp-json\/wp\/v2\/product"}],"about":[{"href":"http:\/\/ruuby.ee\/en\/wp-json\/wp\/v2\/types\/product"}],"replies":[{"embeddable":true,"href":"http:\/\/ruuby.ee\/en\/wp-json\/wp\/v2\/comments?post=1854987"}],"wp:featuredmedia":[{"embeddable":true,"href":"http:\/\/ruuby.ee\/en\/wp-json\/wp\/v2\/media\/1855016"}],"wp:attachment":[{"href":"http:\/\/ruuby.ee\/en\/wp-json\/wp\/v2\/media?parent=1854987"}],"wp:term":[{"taxonomy":"product_brand","embeddable":true,"href":"http:\/\/ruuby.ee\/en\/wp-json\/wp\/v2\/product_brand?post=1854987"},{"taxonomy":"product_cat","embeddable":true,"href":"http:\/\/ruuby.ee\/en\/wp-json\/wp\/v2\/product_cat?post=1854987"},{"taxonomy":"product_tag","embeddable":true,"href":"http:\/\/ruuby.ee\/en\/wp-json\/wp\/v2\/product_tag?post=1854987"}],"curies":[{"name":"wp","href":"https:\/\/api.w.org\/{rel}","templated":true}]}}