{"id":1854365,"date":"2025-07-15T15:17:43","date_gmt":"2025-07-15T12:17:43","guid":{"rendered":"https:\/\/ruuby.ee\/pood\/maaratlemata\/pole-to-pole-diivan-sofa-new-york-4-seater-right-lounge-coco\/"},"modified":"2026-04-08T01:28:23","modified_gmt":"2026-04-07T22:28:23","slug":"pole-to-pole-diivan-sofa-new-york-4-seater-right-lounge-coco","status":"publish","type":"product","link":"http:\/\/ruuby.ee\/en\/pood\/kodusisustus\/diivanid-ja-paevavoodid\/pole-to-pole-diivan-sofa-new-york-4-seater-right-lounge-coco\/","title":{"rendered":"Pole To Pole \u2013 Diivan, Sofa New York 4-seater (Right Lounge) Coco"},"content":{"rendered":"<p>\u00f5sta oma eluruumi uuele tasemele New Yorgi diivaniga \u2013 see on mooduliteos, mis \u00fchendab endas kaasaegse disaini ja erakordse mugavuse. See mitmek\u00fclgne diivan v\u00f5imaldab teil kohandada istumispaigutust igale s\u00fcndmusele v\u00f5i ruumipaigutusele. Selle \u0161ikk bee\u017e polster sobib paljude sisustusstiilidega, lisades teie kodule elegantsi. Kvaliteetsetest materjalidest valmistatud diivan pakub nii vastupidavust kui ka luksuslikku mugavust, muutes selle ideaalseks valikuks moodsasse ellu.<\/p>\n<p><strong>Saadaval v\u00e4rvid: <\/strong>Beige, Coco, Sand Boucle<\/p>\n<p><strong>M\u00f5\u00f5dud:<\/strong><\/p>\n<p>Pikkus 172 cm<br \/>\nLaius 304 cm<br \/>\nK\u00f5rgus 67 cm<\/p>\n<p>V\u00e4rv Coco<br \/>\nMaterjal: vaht, puit<br \/>\nV\u00e4\u00e4rtused: Hollandi disain<br \/>\nValmistatud Hiinas<br \/>\nBr\u00e4ndi asukoht: Holland<\/p>","protected":false},"excerpt":{"rendered":"<p>Diivan, mis ei j\u00e4ta k\u00fclmaks kedagi.<\/p>\n<p>Ilus silmale ja mugav istudes!<\/p>\n<p>Tellimuse tarne 2-3 n\u00e4dalat.<\/p>","protected":false},"featured_media":1854366,"comment_status":"open","ping_status":"closed","template":"","meta":[],"product_brand":[],"product_cat":[744,42],"product_tag":[745],"class_list":{"0":"post-1854365","1":"product","2":"type-product","3":"status-publish","4":"has-post-thumbnail","6":"product_cat-diivanid-ja-paevavoodid","7":"product_cat-kodusisustus","8":"product_tag-diivan","10":"first","11":"onbackorder","12":"taxable","13":"shipping-taxable","14":"purchasable","15":"product-type-simple"},"yoast_head":"<!-- This site is optimized with the Yoast SEO plugin v27.3 - https:\/\/yoast.com\/product\/yoast-seo-wordpress\/ -->\n<title>Pole To Pole \u2013 Diivan, Sofa New York 4-seater (Right Lounge) Coco - RUUBY<\/title>\n<meta name=\"robots\" content=\"index, follow, max-snippet:-1, max-image-preview:large, max-video-preview:-1\" \/>\n<link rel=\"canonical\" href=\"http:\/\/ruuby.ee\/en\/pood\/kodusisustus\/diivanid-ja-paevavoodid\/pole-to-pole-diivan-sofa-new-york-4-seater-right-lounge-coco\/\" \/>\n<meta property=\"og:locale\" content=\"en_GB\" \/>\n<meta property=\"og:type\" content=\"article\" \/>\n<meta property=\"og:title\" content=\"Pole To Pole \u2013 Diivan, Sofa New York 4-seater (Right Lounge) Coco - RUUBY\" \/>\n<meta property=\"og:description\" content=\"Diivan, mis ei j\u00e4ta k\u00fclmaks kedagi.  Ilus silmale ja mugav istudes!  Tellimuse tarne 2-3 n\u00e4dalat.\" \/>\n<meta property=\"og:url\" content=\"http:\/\/ruuby.ee\/en\/pood\/kodusisustus\/diivanid-ja-paevavoodid\/pole-to-pole-diivan-sofa-new-york-4-seater-right-lounge-coco\/\" \/>\n<meta property=\"og:site_name\" content=\"RUUBY\" \/>\n<meta property=\"article:publisher\" content=\"https:\/\/www.facebook.com\/ruubyconcept\" \/>\n<meta property=\"article:modified_time\" content=\"2026-04-07T22:28:23+00:00\" \/>\n<meta property=\"og:image\" content=\"http:\/\/ruuby.ee\/wp-content\/uploads\/2025\/07\/Screenshot-2025-07-15-at-15.18.21.png\" \/>\n\t<meta property=\"og:image:width\" content=\"1718\" \/>\n\t<meta property=\"og:image:height\" content=\"1222\" \/>\n\t<meta property=\"og:image:type\" content=\"image\/png\" \/>\n<meta name=\"twitter:card\" content=\"summary_large_image\" \/>\n<meta name=\"twitter:label1\" content=\"Estimated reading time\" \/>\n\t<meta name=\"twitter:data1\" content=\"1 minute\" \/>\n<script type=\"application\/ld+json\" class=\"yoast-schema-graph\">{\"@context\":\"https:\\\/\\\/schema.org\",\"@graph\":[{\"@type\":[\"WebPage\",\"ItemPage\"],\"@id\":\"http:\\\/\\\/ruuby.ee\\\/pood\\\/kodusisustus\\\/diivanid-ja-paevavoodid\\\/pole-to-pole-diivan-sofa-new-york-4-seater-right-lounge-coco\\\/\",\"url\":\"http:\\\/\\\/ruuby.ee\\\/pood\\\/kodusisustus\\\/diivanid-ja-paevavoodid\\\/pole-to-pole-diivan-sofa-new-york-4-seater-right-lounge-coco\\\/\",\"name\":\"Pole To Pole \u2013 Diivan, Sofa New York 4-seater (Right Lounge) Coco - RUUBY\",\"isPartOf\":{\"@id\":\"https:\\\/\\\/ruuby.ee\\\/en\\\/#website\"},\"primaryImageOfPage\":{\"@id\":\"http:\\\/\\\/ruuby.ee\\\/pood\\\/kodusisustus\\\/diivanid-ja-paevavoodid\\\/pole-to-pole-diivan-sofa-new-york-4-seater-right-lounge-coco\\\/#primaryimage\"},\"image\":{\"@id\":\"http:\\\/\\\/ruuby.ee\\\/pood\\\/kodusisustus\\\/diivanid-ja-paevavoodid\\\/pole-to-pole-diivan-sofa-new-york-4-seater-right-lounge-coco\\\/#primaryimage\"},\"thumbnailUrl\":\"http:\\\/\\\/ruuby.ee\\\/wp-content\\\/uploads\\\/2025\\\/07\\\/Screenshot-2025-07-15-at-15.18.21.png\",\"datePublished\":\"2025-07-15T12:17:43+00:00\",\"dateModified\":\"2026-04-07T22:28:23+00:00\",\"breadcrumb\":{\"@id\":\"http:\\\/\\\/ruuby.ee\\\/pood\\\/kodusisustus\\\/diivanid-ja-paevavoodid\\\/pole-to-pole-diivan-sofa-new-york-4-seater-right-lounge-coco\\\/#breadcrumb\"},\"inLanguage\":\"en-GB\",\"potentialAction\":[{\"@type\":\"ReadAction\",\"target\":[\"http:\\\/\\\/ruuby.ee\\\/pood\\\/kodusisustus\\\/diivanid-ja-paevavoodid\\\/pole-to-pole-diivan-sofa-new-york-4-seater-right-lounge-coco\\\/\"]}]},{\"@type\":\"ImageObject\",\"inLanguage\":\"en-GB\",\"@id\":\"http:\\\/\\\/ruuby.ee\\\/pood\\\/kodusisustus\\\/diivanid-ja-paevavoodid\\\/pole-to-pole-diivan-sofa-new-york-4-seater-right-lounge-coco\\\/#primaryimage\",\"url\":\"http:\\\/\\\/ruuby.ee\\\/wp-content\\\/uploads\\\/2025\\\/07\\\/Screenshot-2025-07-15-at-15.18.21.png\",\"contentUrl\":\"http:\\\/\\\/ruuby.ee\\\/wp-content\\\/uploads\\\/2025\\\/07\\\/Screenshot-2025-07-15-at-15.18.21.png\",\"width\":1718,\"height\":1222},{\"@type\":\"BreadcrumbList\",\"@id\":\"http:\\\/\\\/ruuby.ee\\\/pood\\\/kodusisustus\\\/diivanid-ja-paevavoodid\\\/pole-to-pole-diivan-sofa-new-york-4-seater-right-lounge-coco\\\/#breadcrumb\",\"itemListElement\":[{\"@type\":\"ListItem\",\"position\":1,\"name\":\"Kdu\",\"item\":\"https:\\\/\\\/ruuby.ee\\\/en\\\/\"},{\"@type\":\"ListItem\",\"position\":2,\"name\":\"Pood\",\"item\":\"https:\\\/\\\/ruuby.ee\\\/en\\\/pood\\\/\"},{\"@type\":\"ListItem\",\"position\":3,\"name\":\"Pole To Pole \u2013 Diivan, Sofa New York 4-seater (Right Lounge) Coco\"}]},{\"@type\":\"WebSite\",\"@id\":\"https:\\\/\\\/ruuby.ee\\\/en\\\/#website\",\"url\":\"https:\\\/\\\/ruuby.ee\\\/en\\\/\",\"name\":\"RUUBY\",\"description\":\"Ruubys on \u00fchendatud elustiil ja disain\",\"publisher\":{\"@id\":\"https:\\\/\\\/ruuby.ee\\\/en\\\/#organization\"},\"alternateName\":\"Ruuby Disain\",\"potentialAction\":[{\"@type\":\"SearchAction\",\"target\":{\"@type\":\"EntryPoint\",\"urlTemplate\":\"https:\\\/\\\/ruuby.ee\\\/en\\\/?s={search_term_string}\"},\"query-input\":{\"@type\":\"PropertyValueSpecification\",\"valueRequired\":true,\"valueName\":\"search_term_string\"}}],\"inLanguage\":\"en-GB\"},{\"@type\":\"Organization\",\"@id\":\"https:\\\/\\\/ruuby.ee\\\/en\\\/#organization\",\"name\":\"Ruuby Disain O\u00dc\",\"alternateName\":\"Ruuby\",\"url\":\"https:\\\/\\\/ruuby.ee\\\/en\\\/\",\"logo\":{\"@type\":\"ImageObject\",\"inLanguage\":\"en-GB\",\"@id\":\"https:\\\/\\\/ruuby.ee\\\/en\\\/#\\\/schema\\\/logo\\\/image\\\/\",\"url\":\"http:\\\/\\\/ruuby.ee\\\/wp-content\\\/uploads\\\/2023\\\/06\\\/cropped-Black-White-Elegant-Circle-Signature-Fashion-Logo-12_large.png\",\"contentUrl\":\"http:\\\/\\\/ruuby.ee\\\/wp-content\\\/uploads\\\/2023\\\/06\\\/cropped-Black-White-Elegant-Circle-Signature-Fashion-Logo-12_large.png\",\"width\":1280,\"height\":747,\"caption\":\"Ruuby Disain O\u00dc\"},\"image\":{\"@id\":\"https:\\\/\\\/ruuby.ee\\\/en\\\/#\\\/schema\\\/logo\\\/image\\\/\"},\"sameAs\":[\"https:\\\/\\\/www.facebook.com\\\/ruubyconcept\",\"https:\\\/\\\/www.instagram.com\\\/ruuby_concept\\\/\"]}]}<\/script>\n<!-- \/ Yoast SEO plugin. -->","yoast_head_json":{"title":"Pole To Pole \u2013 Diivan, Sofa New York 4-seater (Right Lounge) Coco - RUUBY","robots":{"index":"index","follow":"follow","max-snippet":"max-snippet:-1","max-image-preview":"max-image-preview:large","max-video-preview":"max-video-preview:-1"},"canonical":"http:\/\/ruuby.ee\/en\/pood\/kodusisustus\/diivanid-ja-paevavoodid\/pole-to-pole-diivan-sofa-new-york-4-seater-right-lounge-coco\/","og_locale":"en_GB","og_type":"article","og_title":"Pole To Pole \u2013 Diivan, Sofa New York 4-seater (Right Lounge) Coco - RUUBY","og_description":"Diivan, mis ei j\u00e4ta k\u00fclmaks kedagi.  Ilus silmale ja mugav istudes!  Tellimuse tarne 2-3 n\u00e4dalat.","og_url":"http:\/\/ruuby.ee\/en\/pood\/kodusisustus\/diivanid-ja-paevavoodid\/pole-to-pole-diivan-sofa-new-york-4-seater-right-lounge-coco\/","og_site_name":"RUUBY","article_publisher":"https:\/\/www.facebook.com\/ruubyconcept","article_modified_time":"2026-04-07T22:28:23+00:00","og_image":[{"width":1718,"height":1222,"url":"http:\/\/ruuby.ee\/wp-content\/uploads\/2025\/07\/Screenshot-2025-07-15-at-15.18.21.png","type":"image\/png"}],"twitter_card":"summary_large_image","twitter_misc":{"Estimated reading time":"1 minute"},"schema":{"@context":"https:\/\/schema.org","@graph":[{"@type":["WebPage","ItemPage"],"@id":"http:\/\/ruuby.ee\/pood\/kodusisustus\/diivanid-ja-paevavoodid\/pole-to-pole-diivan-sofa-new-york-4-seater-right-lounge-coco\/","url":"http:\/\/ruuby.ee\/pood\/kodusisustus\/diivanid-ja-paevavoodid\/pole-to-pole-diivan-sofa-new-york-4-seater-right-lounge-coco\/","name":"Pole To Pole \u2013 Diivan, Sofa New York 4-seater (Right Lounge) Coco - RUUBY","isPartOf":{"@id":"https:\/\/ruuby.ee\/en\/#website"},"primaryImageOfPage":{"@id":"http:\/\/ruuby.ee\/pood\/kodusisustus\/diivanid-ja-paevavoodid\/pole-to-pole-diivan-sofa-new-york-4-seater-right-lounge-coco\/#primaryimage"},"image":{"@id":"http:\/\/ruuby.ee\/pood\/kodusisustus\/diivanid-ja-paevavoodid\/pole-to-pole-diivan-sofa-new-york-4-seater-right-lounge-coco\/#primaryimage"},"thumbnailUrl":"http:\/\/ruuby.ee\/wp-content\/uploads\/2025\/07\/Screenshot-2025-07-15-at-15.18.21.png","datePublished":"2025-07-15T12:17:43+00:00","dateModified":"2026-04-07T22:28:23+00:00","breadcrumb":{"@id":"http:\/\/ruuby.ee\/pood\/kodusisustus\/diivanid-ja-paevavoodid\/pole-to-pole-diivan-sofa-new-york-4-seater-right-lounge-coco\/#breadcrumb"},"inLanguage":"en-GB","potentialAction":[{"@type":"ReadAction","target":["http:\/\/ruuby.ee\/pood\/kodusisustus\/diivanid-ja-paevavoodid\/pole-to-pole-diivan-sofa-new-york-4-seater-right-lounge-coco\/"]}]},{"@type":"ImageObject","inLanguage":"en-GB","@id":"http:\/\/ruuby.ee\/pood\/kodusisustus\/diivanid-ja-paevavoodid\/pole-to-pole-diivan-sofa-new-york-4-seater-right-lounge-coco\/#primaryimage","url":"http:\/\/ruuby.ee\/wp-content\/uploads\/2025\/07\/Screenshot-2025-07-15-at-15.18.21.png","contentUrl":"http:\/\/ruuby.ee\/wp-content\/uploads\/2025\/07\/Screenshot-2025-07-15-at-15.18.21.png","width":1718,"height":1222},{"@type":"BreadcrumbList","@id":"http:\/\/ruuby.ee\/pood\/kodusisustus\/diivanid-ja-paevavoodid\/pole-to-pole-diivan-sofa-new-york-4-seater-right-lounge-coco\/#breadcrumb","itemListElement":[{"@type":"ListItem","position":1,"name":"Kdu","item":"https:\/\/ruuby.ee\/en\/"},{"@type":"ListItem","position":2,"name":"Pood","item":"https:\/\/ruuby.ee\/en\/pood\/"},{"@type":"ListItem","position":3,"name":"Pole To Pole \u2013 Diivan, Sofa New York 4-seater (Right Lounge) Coco"}]},{"@type":"WebSite","@id":"https:\/\/ruuby.ee\/en\/#website","url":"https:\/\/ruuby.ee\/en\/","name":"RUUBY","description":"Ruubys on \u00fchendatud elustiil ja disain","publisher":{"@id":"https:\/\/ruuby.ee\/en\/#organization"},"alternateName":"Ruuby Disain","potentialAction":[{"@type":"SearchAction","target":{"@type":"EntryPoint","urlTemplate":"https:\/\/ruuby.ee\/en\/?s={search_term_string}"},"query-input":{"@type":"PropertyValueSpecification","valueRequired":true,"valueName":"search_term_string"}}],"inLanguage":"en-GB"},{"@type":"Organization","@id":"https:\/\/ruuby.ee\/en\/#organization","name":"Ruuby Disain O\u00dc","alternateName":"Ruuby","url":"https:\/\/ruuby.ee\/en\/","logo":{"@type":"ImageObject","inLanguage":"en-GB","@id":"https:\/\/ruuby.ee\/en\/#\/schema\/logo\/image\/","url":"http:\/\/ruuby.ee\/wp-content\/uploads\/2023\/06\/cropped-Black-White-Elegant-Circle-Signature-Fashion-Logo-12_large.png","contentUrl":"http:\/\/ruuby.ee\/wp-content\/uploads\/2023\/06\/cropped-Black-White-Elegant-Circle-Signature-Fashion-Logo-12_large.png","width":1280,"height":747,"caption":"Ruuby Disain O\u00dc"},"image":{"@id":"https:\/\/ruuby.ee\/en\/#\/schema\/logo\/image\/"},"sameAs":["https:\/\/www.facebook.com\/ruubyconcept","https:\/\/www.instagram.com\/ruuby_concept\/"]}]}},"jetpack_sharing_enabled":true,"_links":{"self":[{"href":"http:\/\/ruuby.ee\/en\/wp-json\/wp\/v2\/product\/1854365","targetHints":{"allow":["GET"]}}],"collection":[{"href":"http:\/\/ruuby.ee\/en\/wp-json\/wp\/v2\/product"}],"about":[{"href":"http:\/\/ruuby.ee\/en\/wp-json\/wp\/v2\/types\/product"}],"replies":[{"embeddable":true,"href":"http:\/\/ruuby.ee\/en\/wp-json\/wp\/v2\/comments?post=1854365"}],"wp:featuredmedia":[{"embeddable":true,"href":"http:\/\/ruuby.ee\/en\/wp-json\/wp\/v2\/media\/1854366"}],"wp:attachment":[{"href":"http:\/\/ruuby.ee\/en\/wp-json\/wp\/v2\/media?parent=1854365"}],"wp:term":[{"taxonomy":"product_brand","embeddable":true,"href":"http:\/\/ruuby.ee\/en\/wp-json\/wp\/v2\/product_brand?post=1854365"},{"taxonomy":"product_cat","embeddable":true,"href":"http:\/\/ruuby.ee\/en\/wp-json\/wp\/v2\/product_cat?post=1854365"},{"taxonomy":"product_tag","embeddable":true,"href":"http:\/\/ruuby.ee\/en\/wp-json\/wp\/v2\/product_tag?post=1854365"}],"curies":[{"name":"wp","href":"https:\/\/api.w.org\/{rel}","templated":true}]}}