{"id":1854338,"date":"2025-07-15T14:33:52","date_gmt":"2025-07-15T11:33:52","guid":{"rendered":"https:\/\/ruuby.ee\/pood\/maaratlemata\/pole-to-pole-diivan-new-york-4-seater-sand-boucle\/"},"modified":"2026-04-04T01:24:51","modified_gmt":"2026-04-03T22:24:51","slug":"pole-to-pole-diivan-new-york-4-seater-sand-boucle","status":"publish","type":"product","link":"http:\/\/ruuby.ee\/en\/pood\/kodusisustus\/diivanid-ja-paevavoodid\/pole-to-pole-diivan-new-york-4-seater-sand-boucle\/","title":{"rendered":"Pole To Pole \u2013 Diivan, New York 4-seater, Sand Boucle"},"content":{"rendered":"<p>T\u00f5sta oma eluruumi uuele tasemele New Yorgi diivaniga \u2013 see on mooduliteos, mis \u00fchendab endas kaasaegse disaini ja erakordse mugavuse. See mitmek\u00fclgne diivan v\u00f5imaldab teil kohandada istumispaigutust igale s\u00fcndmusele v\u00f5i ruumipaigutusele. Selle \u0161ikk bee\u017e polster sobib paljude sisustusstiilidega, lisades teie kodule elegantsi. Kvaliteetsetest materjalidest valmistatud diivan pakub nii vastupidavust kui ka luksuslikku mugavust, muutes selle ideaalseks valikuks moodsasse ellu.<\/p>\n<p><strong>Saadaval v\u00e4rvid: <\/strong>Beige, Coco, Sand Boucle<\/p>\n<p><strong>M\u00f5\u00f5dud:<\/strong><\/p>\n<p>Pikkus: 100 cm<br \/>\nLaius: 304 cm<br \/>\nK\u00f5rgus: 67 cm<br \/>\nV\u00e4rv: Sand Boucle<\/p>\n<p>Materjal: vaht, puit<br \/>\nV\u00e4\u00e4rtused: Hollandi disain<br \/>\nValmistatud Hiinas<br \/>\nBr\u00e4ndi asukoht: Holland<\/p>","protected":false},"excerpt":{"rendered":"<div class=\"woocommerce-product-details__short-description\">\n<p>Diivan, mis ei j\u00e4ta k\u00fclmaks kedagi.<\/p>\n<p>Ilus silmale ja mugav istudes!<\/p>\n<p>Tellimuse tarne 2-3 n\u00e4dalat.<\/p>\n<\/div>","protected":false},"featured_media":1854340,"comment_status":"open","ping_status":"closed","template":"","meta":[],"product_brand":[],"product_cat":[744,42],"product_tag":[745],"class_list":{"0":"post-1854338","1":"product","2":"type-product","3":"status-publish","4":"has-post-thumbnail","6":"product_cat-diivanid-ja-paevavoodid","7":"product_cat-kodusisustus","8":"product_tag-diivan","10":"first","11":"onbackorder","12":"taxable","13":"shipping-taxable","14":"purchasable","15":"product-type-simple"},"yoast_head":"<!-- This site is optimized with the Yoast SEO plugin v27.2 - https:\/\/yoast.com\/product\/yoast-seo-wordpress\/ -->\n<title>Pole To Pole \u2013 Diivan, New York 4-seater, Sand Boucle - RUUBY<\/title>\n<meta name=\"robots\" content=\"index, follow, max-snippet:-1, max-image-preview:large, max-video-preview:-1\" \/>\n<link rel=\"canonical\" href=\"https:\/\/ruuby.ee\/en\/pood\/kodusisustus\/diivanid-ja-paevavoodid\/pole-to-pole-diivan-new-york-4-seater-sand-boucle\/\" \/>\n<meta property=\"og:locale\" content=\"en_GB\" \/>\n<meta property=\"og:type\" content=\"article\" \/>\n<meta property=\"og:title\" content=\"Pole To Pole \u2013 Diivan, New York 4-seater, Sand Boucle - RUUBY\" \/>\n<meta property=\"og:description\" content=\"Diivan, mis ei j\u00e4ta k\u00fclmaks kedagi.  Ilus silmale ja mugav istudes!  Tellimuse tarne 2-3 n\u00e4dalat.\" \/>\n<meta property=\"og:url\" content=\"https:\/\/ruuby.ee\/en\/pood\/kodusisustus\/diivanid-ja-paevavoodid\/pole-to-pole-diivan-new-york-4-seater-sand-boucle\/\" \/>\n<meta property=\"og:site_name\" content=\"RUUBY\" \/>\n<meta property=\"article:publisher\" content=\"https:\/\/www.facebook.com\/ruubyconcept\" \/>\n<meta property=\"article:modified_time\" content=\"2026-04-03T22:24:51+00:00\" \/>\n<meta property=\"og:image\" content=\"https:\/\/ruuby.ee\/wp-content\/uploads\/2025\/07\/Screenshot-2025-07-15-at-14.35.09.png\" \/>\n\t<meta property=\"og:image:width\" content=\"1472\" \/>\n\t<meta property=\"og:image:height\" content=\"1240\" \/>\n\t<meta property=\"og:image:type\" content=\"image\/png\" \/>\n<meta name=\"twitter:card\" content=\"summary_large_image\" \/>\n<meta name=\"twitter:label1\" content=\"Estimated reading time\" \/>\n\t<meta name=\"twitter:data1\" content=\"1 minute\" \/>\n<script type=\"application\/ld+json\" class=\"yoast-schema-graph\">{\"@context\":\"https:\/\/schema.org\",\"@graph\":[{\"@type\":[\"WebPage\",\"ItemPage\"],\"@id\":\"https:\/\/ruuby.ee\/pood\/kodusisustus\/diivanid-ja-paevavoodid\/pole-to-pole-diivan-new-york-4-seater-sand-boucle\/\",\"url\":\"https:\/\/ruuby.ee\/pood\/kodusisustus\/diivanid-ja-paevavoodid\/pole-to-pole-diivan-new-york-4-seater-sand-boucle\/\",\"name\":\"Pole To Pole \u2013 Diivan, New York 4-seater, Sand Boucle - RUUBY\",\"isPartOf\":{\"@id\":\"https:\/\/ruuby.ee\/en\/#website\"},\"primaryImageOfPage\":{\"@id\":\"https:\/\/ruuby.ee\/pood\/kodusisustus\/diivanid-ja-paevavoodid\/pole-to-pole-diivan-new-york-4-seater-sand-boucle\/#primaryimage\"},\"image\":{\"@id\":\"https:\/\/ruuby.ee\/pood\/kodusisustus\/diivanid-ja-paevavoodid\/pole-to-pole-diivan-new-york-4-seater-sand-boucle\/#primaryimage\"},\"thumbnailUrl\":\"http:\/\/ruuby.ee\/wp-content\/uploads\/2025\/07\/Screenshot-2025-07-15-at-14.35.09.png\",\"datePublished\":\"2025-07-15T11:33:52+00:00\",\"dateModified\":\"2026-04-03T22:24:51+00:00\",\"breadcrumb\":{\"@id\":\"https:\/\/ruuby.ee\/pood\/kodusisustus\/diivanid-ja-paevavoodid\/pole-to-pole-diivan-new-york-4-seater-sand-boucle\/#breadcrumb\"},\"inLanguage\":\"en-GB\",\"potentialAction\":[{\"@type\":\"ReadAction\",\"target\":[\"https:\/\/ruuby.ee\/pood\/kodusisustus\/diivanid-ja-paevavoodid\/pole-to-pole-diivan-new-york-4-seater-sand-boucle\/\"]}]},{\"@type\":\"ImageObject\",\"inLanguage\":\"en-GB\",\"@id\":\"https:\/\/ruuby.ee\/pood\/kodusisustus\/diivanid-ja-paevavoodid\/pole-to-pole-diivan-new-york-4-seater-sand-boucle\/#primaryimage\",\"url\":\"http:\/\/ruuby.ee\/wp-content\/uploads\/2025\/07\/Screenshot-2025-07-15-at-14.35.09.png\",\"contentUrl\":\"http:\/\/ruuby.ee\/wp-content\/uploads\/2025\/07\/Screenshot-2025-07-15-at-14.35.09.png\",\"width\":1472,\"height\":1240},{\"@type\":\"BreadcrumbList\",\"@id\":\"https:\/\/ruuby.ee\/pood\/kodusisustus\/diivanid-ja-paevavoodid\/pole-to-pole-diivan-new-york-4-seater-sand-boucle\/#breadcrumb\",\"itemListElement\":[{\"@type\":\"ListItem\",\"position\":1,\"name\":\"Kdu\",\"item\":\"https:\/\/ruuby.ee\/en\/\"},{\"@type\":\"ListItem\",\"position\":2,\"name\":\"Pood\",\"item\":\"https:\/\/ruuby.ee\/pood\/\"},{\"@type\":\"ListItem\",\"position\":3,\"name\":\"Pole To Pole \u2013 Diivan, New York 4-seater, Sand Boucle\"}]},{\"@type\":\"WebSite\",\"@id\":\"https:\/\/ruuby.ee\/en\/#website\",\"url\":\"https:\/\/ruuby.ee\/en\/\",\"name\":\"RUUBY\",\"description\":\"Ruubys on \u00fchendatud elustiil ja disain\",\"publisher\":{\"@id\":\"https:\/\/ruuby.ee\/en\/#organization\"},\"alternateName\":\"Ruuby Disain\",\"potentialAction\":[{\"@type\":\"SearchAction\",\"target\":{\"@type\":\"EntryPoint\",\"urlTemplate\":\"https:\/\/ruuby.ee\/en\/?s={search_term_string}\"},\"query-input\":{\"@type\":\"PropertyValueSpecification\",\"valueRequired\":true,\"valueName\":\"search_term_string\"}}],\"inLanguage\":\"en-GB\"},{\"@type\":\"Organization\",\"@id\":\"https:\/\/ruuby.ee\/en\/#organization\",\"name\":\"Ruuby Disain O\u00dc\",\"alternateName\":\"Ruuby\",\"url\":\"https:\/\/ruuby.ee\/en\/\",\"logo\":{\"@type\":\"ImageObject\",\"inLanguage\":\"en-GB\",\"@id\":\"https:\/\/ruuby.ee\/en\/#\/schema\/logo\/image\/\",\"url\":\"http:\/\/ruuby.ee\/wp-content\/uploads\/2023\/06\/cropped-Black-White-Elegant-Circle-Signature-Fashion-Logo-12_large.png\",\"contentUrl\":\"http:\/\/ruuby.ee\/wp-content\/uploads\/2023\/06\/cropped-Black-White-Elegant-Circle-Signature-Fashion-Logo-12_large.png\",\"width\":1280,\"height\":747,\"caption\":\"Ruuby Disain O\u00dc\"},\"image\":{\"@id\":\"https:\/\/ruuby.ee\/en\/#\/schema\/logo\/image\/\"},\"sameAs\":[\"https:\/\/www.facebook.com\/ruubyconcept\",\"https:\/\/www.instagram.com\/ruuby_concept\/\"]}]}<\/script>\n<!-- \/ Yoast SEO plugin. -->","yoast_head_json":{"title":"Pole To Pole \u2013 Diivan, New York 4-seater, Sand Boucle - RUUBY","robots":{"index":"index","follow":"follow","max-snippet":"max-snippet:-1","max-image-preview":"max-image-preview:large","max-video-preview":"max-video-preview:-1"},"canonical":"https:\/\/ruuby.ee\/en\/pood\/kodusisustus\/diivanid-ja-paevavoodid\/pole-to-pole-diivan-new-york-4-seater-sand-boucle\/","og_locale":"en_GB","og_type":"article","og_title":"Pole To Pole \u2013 Diivan, New York 4-seater, Sand Boucle - RUUBY","og_description":"Diivan, mis ei j\u00e4ta k\u00fclmaks kedagi.  Ilus silmale ja mugav istudes!  Tellimuse tarne 2-3 n\u00e4dalat.","og_url":"https:\/\/ruuby.ee\/en\/pood\/kodusisustus\/diivanid-ja-paevavoodid\/pole-to-pole-diivan-new-york-4-seater-sand-boucle\/","og_site_name":"RUUBY","article_publisher":"https:\/\/www.facebook.com\/ruubyconcept","article_modified_time":"2026-04-03T22:24:51+00:00","og_image":[{"width":1472,"height":1240,"url":"https:\/\/ruuby.ee\/wp-content\/uploads\/2025\/07\/Screenshot-2025-07-15-at-14.35.09.png","type":"image\/png"}],"twitter_card":"summary_large_image","twitter_misc":{"Estimated reading time":"1 minute"},"schema":{"@context":"https:\/\/schema.org","@graph":[{"@type":["WebPage","ItemPage"],"@id":"https:\/\/ruuby.ee\/pood\/kodusisustus\/diivanid-ja-paevavoodid\/pole-to-pole-diivan-new-york-4-seater-sand-boucle\/","url":"https:\/\/ruuby.ee\/pood\/kodusisustus\/diivanid-ja-paevavoodid\/pole-to-pole-diivan-new-york-4-seater-sand-boucle\/","name":"Pole To Pole \u2013 Diivan, New York 4-seater, Sand Boucle - RUUBY","isPartOf":{"@id":"https:\/\/ruuby.ee\/en\/#website"},"primaryImageOfPage":{"@id":"https:\/\/ruuby.ee\/pood\/kodusisustus\/diivanid-ja-paevavoodid\/pole-to-pole-diivan-new-york-4-seater-sand-boucle\/#primaryimage"},"image":{"@id":"https:\/\/ruuby.ee\/pood\/kodusisustus\/diivanid-ja-paevavoodid\/pole-to-pole-diivan-new-york-4-seater-sand-boucle\/#primaryimage"},"thumbnailUrl":"http:\/\/ruuby.ee\/wp-content\/uploads\/2025\/07\/Screenshot-2025-07-15-at-14.35.09.png","datePublished":"2025-07-15T11:33:52+00:00","dateModified":"2026-04-03T22:24:51+00:00","breadcrumb":{"@id":"https:\/\/ruuby.ee\/pood\/kodusisustus\/diivanid-ja-paevavoodid\/pole-to-pole-diivan-new-york-4-seater-sand-boucle\/#breadcrumb"},"inLanguage":"en-GB","potentialAction":[{"@type":"ReadAction","target":["https:\/\/ruuby.ee\/pood\/kodusisustus\/diivanid-ja-paevavoodid\/pole-to-pole-diivan-new-york-4-seater-sand-boucle\/"]}]},{"@type":"ImageObject","inLanguage":"en-GB","@id":"https:\/\/ruuby.ee\/pood\/kodusisustus\/diivanid-ja-paevavoodid\/pole-to-pole-diivan-new-york-4-seater-sand-boucle\/#primaryimage","url":"http:\/\/ruuby.ee\/wp-content\/uploads\/2025\/07\/Screenshot-2025-07-15-at-14.35.09.png","contentUrl":"http:\/\/ruuby.ee\/wp-content\/uploads\/2025\/07\/Screenshot-2025-07-15-at-14.35.09.png","width":1472,"height":1240},{"@type":"BreadcrumbList","@id":"https:\/\/ruuby.ee\/pood\/kodusisustus\/diivanid-ja-paevavoodid\/pole-to-pole-diivan-new-york-4-seater-sand-boucle\/#breadcrumb","itemListElement":[{"@type":"ListItem","position":1,"name":"Kdu","item":"https:\/\/ruuby.ee\/en\/"},{"@type":"ListItem","position":2,"name":"Pood","item":"https:\/\/ruuby.ee\/pood\/"},{"@type":"ListItem","position":3,"name":"Pole To Pole \u2013 Diivan, New York 4-seater, Sand Boucle"}]},{"@type":"WebSite","@id":"https:\/\/ruuby.ee\/en\/#website","url":"https:\/\/ruuby.ee\/en\/","name":"RUUBY","description":"Ruubys on \u00fchendatud elustiil ja disain","publisher":{"@id":"https:\/\/ruuby.ee\/en\/#organization"},"alternateName":"Ruuby Disain","potentialAction":[{"@type":"SearchAction","target":{"@type":"EntryPoint","urlTemplate":"https:\/\/ruuby.ee\/en\/?s={search_term_string}"},"query-input":{"@type":"PropertyValueSpecification","valueRequired":true,"valueName":"search_term_string"}}],"inLanguage":"en-GB"},{"@type":"Organization","@id":"https:\/\/ruuby.ee\/en\/#organization","name":"Ruuby Disain O\u00dc","alternateName":"Ruuby","url":"https:\/\/ruuby.ee\/en\/","logo":{"@type":"ImageObject","inLanguage":"en-GB","@id":"https:\/\/ruuby.ee\/en\/#\/schema\/logo\/image\/","url":"http:\/\/ruuby.ee\/wp-content\/uploads\/2023\/06\/cropped-Black-White-Elegant-Circle-Signature-Fashion-Logo-12_large.png","contentUrl":"http:\/\/ruuby.ee\/wp-content\/uploads\/2023\/06\/cropped-Black-White-Elegant-Circle-Signature-Fashion-Logo-12_large.png","width":1280,"height":747,"caption":"Ruuby Disain O\u00dc"},"image":{"@id":"https:\/\/ruuby.ee\/en\/#\/schema\/logo\/image\/"},"sameAs":["https:\/\/www.facebook.com\/ruubyconcept","https:\/\/www.instagram.com\/ruuby_concept\/"]}]}},"jetpack_sharing_enabled":true,"_links":{"self":[{"href":"http:\/\/ruuby.ee\/en\/wp-json\/wp\/v2\/product\/1854338","targetHints":{"allow":["GET"]}}],"collection":[{"href":"http:\/\/ruuby.ee\/en\/wp-json\/wp\/v2\/product"}],"about":[{"href":"http:\/\/ruuby.ee\/en\/wp-json\/wp\/v2\/types\/product"}],"replies":[{"embeddable":true,"href":"http:\/\/ruuby.ee\/en\/wp-json\/wp\/v2\/comments?post=1854338"}],"wp:featuredmedia":[{"embeddable":true,"href":"http:\/\/ruuby.ee\/en\/wp-json\/wp\/v2\/media\/1854340"}],"wp:attachment":[{"href":"http:\/\/ruuby.ee\/en\/wp-json\/wp\/v2\/media?parent=1854338"}],"wp:term":[{"taxonomy":"product_brand","embeddable":true,"href":"http:\/\/ruuby.ee\/en\/wp-json\/wp\/v2\/product_brand?post=1854338"},{"taxonomy":"product_cat","embeddable":true,"href":"http:\/\/ruuby.ee\/en\/wp-json\/wp\/v2\/product_cat?post=1854338"},{"taxonomy":"product_tag","embeddable":true,"href":"http:\/\/ruuby.ee\/en\/wp-json\/wp\/v2\/product_tag?post=1854338"}],"curies":[{"name":"wp","href":"https:\/\/api.w.org\/{rel}","templated":true}]}}