{"id":1854235,"date":"2025-07-11T13:05:01","date_gmt":"2025-07-11T10:05:01","guid":{"rendered":"https:\/\/ruuby.ee\/pood\/maaratlemata\/fan-palm-wet-brush-medium-beach-rose\/"},"modified":"2026-04-07T01:27:07","modified_gmt":"2026-04-06T22:27:07","slug":"fan-palm-wet-brush-medium-beach-rose","status":"publish","type":"product","link":"http:\/\/ruuby.ee\/en\/pood\/aksessuaarid\/juukseharjad\/fan-palm-wet-brush-medium-beach-rose\/","title":{"rendered":"Fan Palm, Wet Brush, Medium \u2013 Beach Rose"},"content":{"rendered":"<p>Fan Palmi m\u00e4rgharjadel on peened, kindlad, pehmed ja kuldsete pehmete otstega harjased. Meie peened harjased liiguvad sujuvalt l\u00e4bi m\u00e4rgade juuste, aidates pusasid lahti harutada ega tekita t\u00e4iendavat murrutust. Harjased on peanahal imelised ja stimuleerivad peanahka. Must padi jaotab survet \u00fchtlaselt, nii et hari liigub juustes sujuvalt. Meie harjad on p\u00f5hjalikult Koreas valmistatud \u2013 kui proovite, j\u00e4\u00e4te s\u00f5ltuvusse!<\/p>\n<p>Need on pakendatud kaunisse sahtlikarpi kuldsete fooliumdetailidega.<\/p>","protected":false},"excerpt":{"rendered":"<p>Fan Palmi m\u00e4rgharjadel on peened, kindlad, pehmed ja kuldsete pehmete otstega harjased. Meie peened harjased liiguvad sujuvalt l\u00e4bi m\u00e4rgade juuste, aidates pusasid lahti harutada ega tekita t\u00e4iendavat murrutust. Harjased on peanahal imelised ja stimuleerivad peanahka. Must padi jaotab survet \u00fchtlaselt, nii et hari liigub juustes sujuvalt. Meie harjad on p\u00f5hjalikult Koreas valmistatud \u2013 kui proovite, [&hellip;]<\/p>\n","protected":false},"featured_media":1854236,"comment_status":"open","ping_status":"closed","template":"","meta":[],"product_brand":[],"product_cat":[43,1076],"product_tag":[1078,1077],"class_list":{"0":"post-1854235","1":"product","2":"type-product","3":"status-publish","4":"has-post-thumbnail","6":"product_cat-aksessuaarid","7":"product_cat-juukseharjad","8":"product_tag-fan-palm","9":"product_tag-juuksehari","11":"first","12":"instock","13":"taxable","14":"shipping-taxable","15":"purchasable","16":"product-type-simple"},"yoast_head":"<!-- This site is optimized with the Yoast SEO plugin v27.3 - https:\/\/yoast.com\/product\/yoast-seo-wordpress\/ -->\n<title>Fan Palm, Wet Brush, Medium \u2013 Beach Rose - RUUBY<\/title>\n<meta name=\"robots\" content=\"index, follow, max-snippet:-1, max-image-preview:large, max-video-preview:-1\" \/>\n<link rel=\"canonical\" href=\"http:\/\/ruuby.ee\/en\/pood\/aksessuaarid\/juukseharjad\/fan-palm-wet-brush-medium-beach-rose\/\" \/>\n<meta property=\"og:locale\" content=\"en_GB\" \/>\n<meta property=\"og:type\" content=\"article\" \/>\n<meta property=\"og:title\" content=\"Fan Palm, Wet Brush, Medium \u2013 Beach Rose - RUUBY\" \/>\n<meta property=\"og:description\" content=\"Fan Palmi m\u00e4rgharjadel on peened, kindlad, pehmed ja kuldsete pehmete otstega harjased. Meie peened harjased liiguvad sujuvalt l\u00e4bi m\u00e4rgade juuste, aidates pusasid lahti harutada ega tekita t\u00e4iendavat murrutust. Harjased on peanahal imelised ja stimuleerivad peanahka. Must padi jaotab survet \u00fchtlaselt, nii et hari liigub juustes sujuvalt. Meie harjad on p\u00f5hjalikult Koreas valmistatud \u2013 kui proovite, [&hellip;]\" \/>\n<meta property=\"og:url\" content=\"http:\/\/ruuby.ee\/en\/pood\/aksessuaarid\/juukseharjad\/fan-palm-wet-brush-medium-beach-rose\/\" \/>\n<meta property=\"og:site_name\" content=\"RUUBY\" \/>\n<meta property=\"article:publisher\" content=\"https:\/\/www.facebook.com\/ruubyconcept\" \/>\n<meta property=\"article:modified_time\" content=\"2026-04-06T22:27:07+00:00\" \/>\n<meta property=\"og:image\" content=\"http:\/\/ruuby.ee\/wp-content\/uploads\/2025\/07\/Screenshot-2025-07-11-at-13.22.05.png\" \/>\n\t<meta property=\"og:image:width\" content=\"1368\" \/>\n\t<meta property=\"og:image:height\" content=\"1138\" \/>\n\t<meta property=\"og:image:type\" content=\"image\/png\" \/>\n<meta name=\"twitter:card\" content=\"summary_large_image\" \/>\n<meta name=\"twitter:label1\" content=\"Estimated reading time\" \/>\n\t<meta name=\"twitter:data1\" content=\"1 minute\" \/>\n<script type=\"application\/ld+json\" class=\"yoast-schema-graph\">{\"@context\":\"https:\\\/\\\/schema.org\",\"@graph\":[{\"@type\":[\"WebPage\",\"ItemPage\"],\"@id\":\"http:\\\/\\\/ruuby.ee\\\/pood\\\/aksessuaarid\\\/juukseharjad\\\/fan-palm-wet-brush-medium-beach-rose\\\/\",\"url\":\"http:\\\/\\\/ruuby.ee\\\/pood\\\/aksessuaarid\\\/juukseharjad\\\/fan-palm-wet-brush-medium-beach-rose\\\/\",\"name\":\"Fan Palm, Wet Brush, Medium \u2013 Beach Rose - RUUBY\",\"isPartOf\":{\"@id\":\"https:\\\/\\\/ruuby.ee\\\/en\\\/#website\"},\"primaryImageOfPage\":{\"@id\":\"http:\\\/\\\/ruuby.ee\\\/pood\\\/aksessuaarid\\\/juukseharjad\\\/fan-palm-wet-brush-medium-beach-rose\\\/#primaryimage\"},\"image\":{\"@id\":\"http:\\\/\\\/ruuby.ee\\\/pood\\\/aksessuaarid\\\/juukseharjad\\\/fan-palm-wet-brush-medium-beach-rose\\\/#primaryimage\"},\"thumbnailUrl\":\"http:\\\/\\\/ruuby.ee\\\/wp-content\\\/uploads\\\/2025\\\/07\\\/Screenshot-2025-07-11-at-13.22.05.png\",\"datePublished\":\"2025-07-11T10:05:01+00:00\",\"dateModified\":\"2026-04-06T22:27:07+00:00\",\"breadcrumb\":{\"@id\":\"http:\\\/\\\/ruuby.ee\\\/pood\\\/aksessuaarid\\\/juukseharjad\\\/fan-palm-wet-brush-medium-beach-rose\\\/#breadcrumb\"},\"inLanguage\":\"en-GB\",\"potentialAction\":[{\"@type\":\"ReadAction\",\"target\":[\"http:\\\/\\\/ruuby.ee\\\/pood\\\/aksessuaarid\\\/juukseharjad\\\/fan-palm-wet-brush-medium-beach-rose\\\/\"]}]},{\"@type\":\"ImageObject\",\"inLanguage\":\"en-GB\",\"@id\":\"http:\\\/\\\/ruuby.ee\\\/pood\\\/aksessuaarid\\\/juukseharjad\\\/fan-palm-wet-brush-medium-beach-rose\\\/#primaryimage\",\"url\":\"http:\\\/\\\/ruuby.ee\\\/wp-content\\\/uploads\\\/2025\\\/07\\\/Screenshot-2025-07-11-at-13.22.05.png\",\"contentUrl\":\"http:\\\/\\\/ruuby.ee\\\/wp-content\\\/uploads\\\/2025\\\/07\\\/Screenshot-2025-07-11-at-13.22.05.png\",\"width\":1368,\"height\":1138},{\"@type\":\"BreadcrumbList\",\"@id\":\"http:\\\/\\\/ruuby.ee\\\/pood\\\/aksessuaarid\\\/juukseharjad\\\/fan-palm-wet-brush-medium-beach-rose\\\/#breadcrumb\",\"itemListElement\":[{\"@type\":\"ListItem\",\"position\":1,\"name\":\"Kdu\",\"item\":\"https:\\\/\\\/ruuby.ee\\\/en\\\/\"},{\"@type\":\"ListItem\",\"position\":2,\"name\":\"Pood\",\"item\":\"https:\\\/\\\/ruuby.ee\\\/en\\\/pood\\\/\"},{\"@type\":\"ListItem\",\"position\":3,\"name\":\"Fan Palm, Wet Brush, Medium \u2013 Beach Rose\"}]},{\"@type\":\"WebSite\",\"@id\":\"https:\\\/\\\/ruuby.ee\\\/en\\\/#website\",\"url\":\"https:\\\/\\\/ruuby.ee\\\/en\\\/\",\"name\":\"RUUBY\",\"description\":\"Ruubys on \u00fchendatud elustiil ja disain\",\"publisher\":{\"@id\":\"https:\\\/\\\/ruuby.ee\\\/en\\\/#organization\"},\"alternateName\":\"Ruuby Disain\",\"potentialAction\":[{\"@type\":\"SearchAction\",\"target\":{\"@type\":\"EntryPoint\",\"urlTemplate\":\"https:\\\/\\\/ruuby.ee\\\/en\\\/?s={search_term_string}\"},\"query-input\":{\"@type\":\"PropertyValueSpecification\",\"valueRequired\":true,\"valueName\":\"search_term_string\"}}],\"inLanguage\":\"en-GB\"},{\"@type\":\"Organization\",\"@id\":\"https:\\\/\\\/ruuby.ee\\\/en\\\/#organization\",\"name\":\"Ruuby Disain O\u00dc\",\"alternateName\":\"Ruuby\",\"url\":\"https:\\\/\\\/ruuby.ee\\\/en\\\/\",\"logo\":{\"@type\":\"ImageObject\",\"inLanguage\":\"en-GB\",\"@id\":\"https:\\\/\\\/ruuby.ee\\\/en\\\/#\\\/schema\\\/logo\\\/image\\\/\",\"url\":\"http:\\\/\\\/ruuby.ee\\\/wp-content\\\/uploads\\\/2023\\\/06\\\/cropped-Black-White-Elegant-Circle-Signature-Fashion-Logo-12_large.png\",\"contentUrl\":\"http:\\\/\\\/ruuby.ee\\\/wp-content\\\/uploads\\\/2023\\\/06\\\/cropped-Black-White-Elegant-Circle-Signature-Fashion-Logo-12_large.png\",\"width\":1280,\"height\":747,\"caption\":\"Ruuby Disain O\u00dc\"},\"image\":{\"@id\":\"https:\\\/\\\/ruuby.ee\\\/en\\\/#\\\/schema\\\/logo\\\/image\\\/\"},\"sameAs\":[\"https:\\\/\\\/www.facebook.com\\\/ruubyconcept\",\"https:\\\/\\\/www.instagram.com\\\/ruuby_concept\\\/\"]}]}<\/script>\n<!-- \/ Yoast SEO plugin. -->","yoast_head_json":{"title":"Fan Palm, Wet Brush, Medium \u2013 Beach Rose - RUUBY","robots":{"index":"index","follow":"follow","max-snippet":"max-snippet:-1","max-image-preview":"max-image-preview:large","max-video-preview":"max-video-preview:-1"},"canonical":"http:\/\/ruuby.ee\/en\/pood\/aksessuaarid\/juukseharjad\/fan-palm-wet-brush-medium-beach-rose\/","og_locale":"en_GB","og_type":"article","og_title":"Fan Palm, Wet Brush, Medium \u2013 Beach Rose - RUUBY","og_description":"Fan Palmi m\u00e4rgharjadel on peened, kindlad, pehmed ja kuldsete pehmete otstega harjased. Meie peened harjased liiguvad sujuvalt l\u00e4bi m\u00e4rgade juuste, aidates pusasid lahti harutada ega tekita t\u00e4iendavat murrutust. Harjased on peanahal imelised ja stimuleerivad peanahka. Must padi jaotab survet \u00fchtlaselt, nii et hari liigub juustes sujuvalt. Meie harjad on p\u00f5hjalikult Koreas valmistatud \u2013 kui proovite, [&hellip;]","og_url":"http:\/\/ruuby.ee\/en\/pood\/aksessuaarid\/juukseharjad\/fan-palm-wet-brush-medium-beach-rose\/","og_site_name":"RUUBY","article_publisher":"https:\/\/www.facebook.com\/ruubyconcept","article_modified_time":"2026-04-06T22:27:07+00:00","og_image":[{"width":1368,"height":1138,"url":"http:\/\/ruuby.ee\/wp-content\/uploads\/2025\/07\/Screenshot-2025-07-11-at-13.22.05.png","type":"image\/png"}],"twitter_card":"summary_large_image","twitter_misc":{"Estimated reading time":"1 minute"},"schema":{"@context":"https:\/\/schema.org","@graph":[{"@type":["WebPage","ItemPage"],"@id":"http:\/\/ruuby.ee\/pood\/aksessuaarid\/juukseharjad\/fan-palm-wet-brush-medium-beach-rose\/","url":"http:\/\/ruuby.ee\/pood\/aksessuaarid\/juukseharjad\/fan-palm-wet-brush-medium-beach-rose\/","name":"Fan Palm, Wet Brush, Medium \u2013 Beach Rose - RUUBY","isPartOf":{"@id":"https:\/\/ruuby.ee\/en\/#website"},"primaryImageOfPage":{"@id":"http:\/\/ruuby.ee\/pood\/aksessuaarid\/juukseharjad\/fan-palm-wet-brush-medium-beach-rose\/#primaryimage"},"image":{"@id":"http:\/\/ruuby.ee\/pood\/aksessuaarid\/juukseharjad\/fan-palm-wet-brush-medium-beach-rose\/#primaryimage"},"thumbnailUrl":"http:\/\/ruuby.ee\/wp-content\/uploads\/2025\/07\/Screenshot-2025-07-11-at-13.22.05.png","datePublished":"2025-07-11T10:05:01+00:00","dateModified":"2026-04-06T22:27:07+00:00","breadcrumb":{"@id":"http:\/\/ruuby.ee\/pood\/aksessuaarid\/juukseharjad\/fan-palm-wet-brush-medium-beach-rose\/#breadcrumb"},"inLanguage":"en-GB","potentialAction":[{"@type":"ReadAction","target":["http:\/\/ruuby.ee\/pood\/aksessuaarid\/juukseharjad\/fan-palm-wet-brush-medium-beach-rose\/"]}]},{"@type":"ImageObject","inLanguage":"en-GB","@id":"http:\/\/ruuby.ee\/pood\/aksessuaarid\/juukseharjad\/fan-palm-wet-brush-medium-beach-rose\/#primaryimage","url":"http:\/\/ruuby.ee\/wp-content\/uploads\/2025\/07\/Screenshot-2025-07-11-at-13.22.05.png","contentUrl":"http:\/\/ruuby.ee\/wp-content\/uploads\/2025\/07\/Screenshot-2025-07-11-at-13.22.05.png","width":1368,"height":1138},{"@type":"BreadcrumbList","@id":"http:\/\/ruuby.ee\/pood\/aksessuaarid\/juukseharjad\/fan-palm-wet-brush-medium-beach-rose\/#breadcrumb","itemListElement":[{"@type":"ListItem","position":1,"name":"Kdu","item":"https:\/\/ruuby.ee\/en\/"},{"@type":"ListItem","position":2,"name":"Pood","item":"https:\/\/ruuby.ee\/en\/pood\/"},{"@type":"ListItem","position":3,"name":"Fan Palm, Wet Brush, Medium \u2013 Beach Rose"}]},{"@type":"WebSite","@id":"https:\/\/ruuby.ee\/en\/#website","url":"https:\/\/ruuby.ee\/en\/","name":"RUUBY","description":"Ruubys on \u00fchendatud elustiil ja disain","publisher":{"@id":"https:\/\/ruuby.ee\/en\/#organization"},"alternateName":"Ruuby Disain","potentialAction":[{"@type":"SearchAction","target":{"@type":"EntryPoint","urlTemplate":"https:\/\/ruuby.ee\/en\/?s={search_term_string}"},"query-input":{"@type":"PropertyValueSpecification","valueRequired":true,"valueName":"search_term_string"}}],"inLanguage":"en-GB"},{"@type":"Organization","@id":"https:\/\/ruuby.ee\/en\/#organization","name":"Ruuby Disain O\u00dc","alternateName":"Ruuby","url":"https:\/\/ruuby.ee\/en\/","logo":{"@type":"ImageObject","inLanguage":"en-GB","@id":"https:\/\/ruuby.ee\/en\/#\/schema\/logo\/image\/","url":"http:\/\/ruuby.ee\/wp-content\/uploads\/2023\/06\/cropped-Black-White-Elegant-Circle-Signature-Fashion-Logo-12_large.png","contentUrl":"http:\/\/ruuby.ee\/wp-content\/uploads\/2023\/06\/cropped-Black-White-Elegant-Circle-Signature-Fashion-Logo-12_large.png","width":1280,"height":747,"caption":"Ruuby Disain O\u00dc"},"image":{"@id":"https:\/\/ruuby.ee\/en\/#\/schema\/logo\/image\/"},"sameAs":["https:\/\/www.facebook.com\/ruubyconcept","https:\/\/www.instagram.com\/ruuby_concept\/"]}]}},"jetpack_sharing_enabled":true,"_links":{"self":[{"href":"http:\/\/ruuby.ee\/en\/wp-json\/wp\/v2\/product\/1854235","targetHints":{"allow":["GET"]}}],"collection":[{"href":"http:\/\/ruuby.ee\/en\/wp-json\/wp\/v2\/product"}],"about":[{"href":"http:\/\/ruuby.ee\/en\/wp-json\/wp\/v2\/types\/product"}],"replies":[{"embeddable":true,"href":"http:\/\/ruuby.ee\/en\/wp-json\/wp\/v2\/comments?post=1854235"}],"wp:featuredmedia":[{"embeddable":true,"href":"http:\/\/ruuby.ee\/en\/wp-json\/wp\/v2\/media\/1854236"}],"wp:attachment":[{"href":"http:\/\/ruuby.ee\/en\/wp-json\/wp\/v2\/media?parent=1854235"}],"wp:term":[{"taxonomy":"product_brand","embeddable":true,"href":"http:\/\/ruuby.ee\/en\/wp-json\/wp\/v2\/product_brand?post=1854235"},{"taxonomy":"product_cat","embeddable":true,"href":"http:\/\/ruuby.ee\/en\/wp-json\/wp\/v2\/product_cat?post=1854235"},{"taxonomy":"product_tag","embeddable":true,"href":"http:\/\/ruuby.ee\/en\/wp-json\/wp\/v2\/product_tag?post=1854235"}],"curies":[{"name":"wp","href":"https:\/\/api.w.org\/{rel}","templated":true}]}}