{"id":1854154,"date":"2025-07-07T17:45:29","date_gmt":"2025-07-07T14:45:29","guid":{"rendered":"https:\/\/ruuby.ee\/pood\/maaratlemata\/fan-palm-juuksehari-large-stardust\/"},"modified":"2026-04-07T01:27:07","modified_gmt":"2026-04-06T22:27:07","slug":"fan-palm-juuksehari-large-stardust","status":"publish","type":"product","link":"http:\/\/ruuby.ee\/en\/pood\/aksessuaarid\/juukseharjad\/fan-palm-juuksehari-large-stardust\/","title":{"rendered":"Fan Palm juuksehari, Large &#8211; Stardust"},"content":{"rendered":"<p>Fan Palmi Blush metssea- ja nailonharjastega hari lisab juustele l\u00e4iget ja siledust. Pikemad nailonharjased stimuleerivad \u00f5rnalt peanahka ja aitavad juukseid lahti harutada, samal ajal kui metsseaharjased aitavad rasu laiali jaotada. See stimuleerib verevoolu juuksefolliikulisse ja enamik inimesi leiab, et see aitab v\u00e4hendada juuste pesemise sagedust kolme v\u00f5i nelja p\u00e4evani. Pakend on pakendatud kaunisse sahtlikarpi kuldfooliumdetailidega.<\/p>\n<p>Suur t\u00e4hetolm sobib suurep\u00e4raselt pikematele juustele.<\/p>\n<p>M\u00f5\u00f5tmed 23 \u00d7 8 \u00d7 3 cm<br \/>\nV\u00e4rv: Suur t\u00e4ht, topelt\u00f5is, t\u00e4hetolm, kookos<\/p>","protected":false},"excerpt":{"rendered":"<p>Fan Palmi Blush metssea- ja nailonharjastega hari lisab juustele l\u00e4iget ja siledust. Pikemad nailonharjased stimuleerivad \u00f5rnalt peanahka ja aitavad juukseid lahti harutada, samal ajal kui metsseaharjased aitavad rasu laiali jaotada. See stimuleerib verevoolu juuksefolliikulisse ja enamik inimesi leiab, et see aitab v\u00e4hendada juuste pesemise sagedust kolme v\u00f5i nelja p\u00e4evani. Pakend on pakendatud kaunisse sahtlikarpi kuldfooliumdetailidega. [&hellip;]<\/p>\n","protected":false},"featured_media":1854156,"comment_status":"open","ping_status":"closed","template":"","meta":[],"product_brand":[],"product_cat":[43,1076],"product_tag":[1078,1077],"class_list":{"0":"post-1854154","1":"product","2":"type-product","3":"status-publish","4":"has-post-thumbnail","6":"product_cat-aksessuaarid","7":"product_cat-juukseharjad","8":"product_tag-fan-palm","9":"product_tag-juuksehari","11":"first","12":"instock","13":"taxable","14":"shipping-taxable","15":"purchasable","16":"product-type-simple"},"yoast_head":"<!-- This site is optimized with the Yoast SEO plugin v27.3 - https:\/\/yoast.com\/product\/yoast-seo-wordpress\/ -->\n<title>Fan Palm juuksehari, Large - Stardust - RUUBY<\/title>\n<meta name=\"robots\" content=\"index, follow, max-snippet:-1, max-image-preview:large, max-video-preview:-1\" \/>\n<link rel=\"canonical\" href=\"http:\/\/ruuby.ee\/en\/pood\/aksessuaarid\/juukseharjad\/fan-palm-juuksehari-large-stardust\/\" \/>\n<meta property=\"og:locale\" content=\"en_GB\" \/>\n<meta property=\"og:type\" content=\"article\" \/>\n<meta property=\"og:title\" content=\"Fan Palm juuksehari, Large - Stardust - RUUBY\" \/>\n<meta property=\"og:description\" content=\"Fan Palmi Blush metssea- ja nailonharjastega hari lisab juustele l\u00e4iget ja siledust. Pikemad nailonharjased stimuleerivad \u00f5rnalt peanahka ja aitavad juukseid lahti harutada, samal ajal kui metsseaharjased aitavad rasu laiali jaotada. See stimuleerib verevoolu juuksefolliikulisse ja enamik inimesi leiab, et see aitab v\u00e4hendada juuste pesemise sagedust kolme v\u00f5i nelja p\u00e4evani. Pakend on pakendatud kaunisse sahtlikarpi kuldfooliumdetailidega. [&hellip;]\" \/>\n<meta property=\"og:url\" content=\"http:\/\/ruuby.ee\/en\/pood\/aksessuaarid\/juukseharjad\/fan-palm-juuksehari-large-stardust\/\" \/>\n<meta property=\"og:site_name\" content=\"RUUBY\" \/>\n<meta property=\"article:publisher\" content=\"https:\/\/www.facebook.com\/ruubyconcept\" \/>\n<meta property=\"article:modified_time\" content=\"2026-04-06T22:27:07+00:00\" \/>\n<meta property=\"og:image\" content=\"http:\/\/ruuby.ee\/wp-content\/uploads\/2025\/07\/Screenshot-2025-07-07-at-17.54.03.png\" \/>\n\t<meta property=\"og:image:width\" content=\"864\" \/>\n\t<meta property=\"og:image:height\" content=\"1000\" \/>\n\t<meta property=\"og:image:type\" content=\"image\/png\" \/>\n<meta name=\"twitter:card\" content=\"summary_large_image\" \/>\n<meta name=\"twitter:label1\" content=\"Estimated reading time\" \/>\n\t<meta name=\"twitter:data1\" content=\"1 minute\" \/>\n<script type=\"application\/ld+json\" class=\"yoast-schema-graph\">{\"@context\":\"https:\\\/\\\/schema.org\",\"@graph\":[{\"@type\":[\"WebPage\",\"ItemPage\"],\"@id\":\"http:\\\/\\\/ruuby.ee\\\/pood\\\/aksessuaarid\\\/juukseharjad\\\/fan-palm-juuksehari-large-stardust\\\/\",\"url\":\"http:\\\/\\\/ruuby.ee\\\/pood\\\/aksessuaarid\\\/juukseharjad\\\/fan-palm-juuksehari-large-stardust\\\/\",\"name\":\"Fan Palm juuksehari, Large - Stardust - RUUBY\",\"isPartOf\":{\"@id\":\"https:\\\/\\\/ruuby.ee\\\/en\\\/#website\"},\"primaryImageOfPage\":{\"@id\":\"http:\\\/\\\/ruuby.ee\\\/pood\\\/aksessuaarid\\\/juukseharjad\\\/fan-palm-juuksehari-large-stardust\\\/#primaryimage\"},\"image\":{\"@id\":\"http:\\\/\\\/ruuby.ee\\\/pood\\\/aksessuaarid\\\/juukseharjad\\\/fan-palm-juuksehari-large-stardust\\\/#primaryimage\"},\"thumbnailUrl\":\"http:\\\/\\\/ruuby.ee\\\/wp-content\\\/uploads\\\/2025\\\/07\\\/Screenshot-2025-07-07-at-17.54.03.png\",\"datePublished\":\"2025-07-07T14:45:29+00:00\",\"dateModified\":\"2026-04-06T22:27:07+00:00\",\"breadcrumb\":{\"@id\":\"http:\\\/\\\/ruuby.ee\\\/pood\\\/aksessuaarid\\\/juukseharjad\\\/fan-palm-juuksehari-large-stardust\\\/#breadcrumb\"},\"inLanguage\":\"en-GB\",\"potentialAction\":[{\"@type\":\"ReadAction\",\"target\":[\"http:\\\/\\\/ruuby.ee\\\/pood\\\/aksessuaarid\\\/juukseharjad\\\/fan-palm-juuksehari-large-stardust\\\/\"]}]},{\"@type\":\"ImageObject\",\"inLanguage\":\"en-GB\",\"@id\":\"http:\\\/\\\/ruuby.ee\\\/pood\\\/aksessuaarid\\\/juukseharjad\\\/fan-palm-juuksehari-large-stardust\\\/#primaryimage\",\"url\":\"http:\\\/\\\/ruuby.ee\\\/wp-content\\\/uploads\\\/2025\\\/07\\\/Screenshot-2025-07-07-at-17.54.03.png\",\"contentUrl\":\"http:\\\/\\\/ruuby.ee\\\/wp-content\\\/uploads\\\/2025\\\/07\\\/Screenshot-2025-07-07-at-17.54.03.png\",\"width\":864,\"height\":1000},{\"@type\":\"BreadcrumbList\",\"@id\":\"http:\\\/\\\/ruuby.ee\\\/pood\\\/aksessuaarid\\\/juukseharjad\\\/fan-palm-juuksehari-large-stardust\\\/#breadcrumb\",\"itemListElement\":[{\"@type\":\"ListItem\",\"position\":1,\"name\":\"Kdu\",\"item\":\"https:\\\/\\\/ruuby.ee\\\/en\\\/\"},{\"@type\":\"ListItem\",\"position\":2,\"name\":\"Pood\",\"item\":\"https:\\\/\\\/ruuby.ee\\\/en\\\/pood\\\/\"},{\"@type\":\"ListItem\",\"position\":3,\"name\":\"Fan Palm juuksehari, Large &#8211; Stardust\"}]},{\"@type\":\"WebSite\",\"@id\":\"https:\\\/\\\/ruuby.ee\\\/en\\\/#website\",\"url\":\"https:\\\/\\\/ruuby.ee\\\/en\\\/\",\"name\":\"RUUBY\",\"description\":\"Ruubys on \u00fchendatud elustiil ja disain\",\"publisher\":{\"@id\":\"https:\\\/\\\/ruuby.ee\\\/en\\\/#organization\"},\"alternateName\":\"Ruuby Disain\",\"potentialAction\":[{\"@type\":\"SearchAction\",\"target\":{\"@type\":\"EntryPoint\",\"urlTemplate\":\"https:\\\/\\\/ruuby.ee\\\/en\\\/?s={search_term_string}\"},\"query-input\":{\"@type\":\"PropertyValueSpecification\",\"valueRequired\":true,\"valueName\":\"search_term_string\"}}],\"inLanguage\":\"en-GB\"},{\"@type\":\"Organization\",\"@id\":\"https:\\\/\\\/ruuby.ee\\\/en\\\/#organization\",\"name\":\"Ruuby Disain O\u00dc\",\"alternateName\":\"Ruuby\",\"url\":\"https:\\\/\\\/ruuby.ee\\\/en\\\/\",\"logo\":{\"@type\":\"ImageObject\",\"inLanguage\":\"en-GB\",\"@id\":\"https:\\\/\\\/ruuby.ee\\\/en\\\/#\\\/schema\\\/logo\\\/image\\\/\",\"url\":\"http:\\\/\\\/ruuby.ee\\\/wp-content\\\/uploads\\\/2023\\\/06\\\/cropped-Black-White-Elegant-Circle-Signature-Fashion-Logo-12_large.png\",\"contentUrl\":\"http:\\\/\\\/ruuby.ee\\\/wp-content\\\/uploads\\\/2023\\\/06\\\/cropped-Black-White-Elegant-Circle-Signature-Fashion-Logo-12_large.png\",\"width\":1280,\"height\":747,\"caption\":\"Ruuby Disain O\u00dc\"},\"image\":{\"@id\":\"https:\\\/\\\/ruuby.ee\\\/en\\\/#\\\/schema\\\/logo\\\/image\\\/\"},\"sameAs\":[\"https:\\\/\\\/www.facebook.com\\\/ruubyconcept\",\"https:\\\/\\\/www.instagram.com\\\/ruuby_concept\\\/\"]}]}<\/script>\n<!-- \/ Yoast SEO plugin. -->","yoast_head_json":{"title":"Fan Palm juuksehari, Large - Stardust - RUUBY","robots":{"index":"index","follow":"follow","max-snippet":"max-snippet:-1","max-image-preview":"max-image-preview:large","max-video-preview":"max-video-preview:-1"},"canonical":"http:\/\/ruuby.ee\/en\/pood\/aksessuaarid\/juukseharjad\/fan-palm-juuksehari-large-stardust\/","og_locale":"en_GB","og_type":"article","og_title":"Fan Palm juuksehari, Large - Stardust - RUUBY","og_description":"Fan Palmi Blush metssea- ja nailonharjastega hari lisab juustele l\u00e4iget ja siledust. Pikemad nailonharjased stimuleerivad \u00f5rnalt peanahka ja aitavad juukseid lahti harutada, samal ajal kui metsseaharjased aitavad rasu laiali jaotada. See stimuleerib verevoolu juuksefolliikulisse ja enamik inimesi leiab, et see aitab v\u00e4hendada juuste pesemise sagedust kolme v\u00f5i nelja p\u00e4evani. Pakend on pakendatud kaunisse sahtlikarpi kuldfooliumdetailidega. [&hellip;]","og_url":"http:\/\/ruuby.ee\/en\/pood\/aksessuaarid\/juukseharjad\/fan-palm-juuksehari-large-stardust\/","og_site_name":"RUUBY","article_publisher":"https:\/\/www.facebook.com\/ruubyconcept","article_modified_time":"2026-04-06T22:27:07+00:00","og_image":[{"width":864,"height":1000,"url":"http:\/\/ruuby.ee\/wp-content\/uploads\/2025\/07\/Screenshot-2025-07-07-at-17.54.03.png","type":"image\/png"}],"twitter_card":"summary_large_image","twitter_misc":{"Estimated reading time":"1 minute"},"schema":{"@context":"https:\/\/schema.org","@graph":[{"@type":["WebPage","ItemPage"],"@id":"http:\/\/ruuby.ee\/pood\/aksessuaarid\/juukseharjad\/fan-palm-juuksehari-large-stardust\/","url":"http:\/\/ruuby.ee\/pood\/aksessuaarid\/juukseharjad\/fan-palm-juuksehari-large-stardust\/","name":"Fan Palm juuksehari, Large - Stardust - RUUBY","isPartOf":{"@id":"https:\/\/ruuby.ee\/en\/#website"},"primaryImageOfPage":{"@id":"http:\/\/ruuby.ee\/pood\/aksessuaarid\/juukseharjad\/fan-palm-juuksehari-large-stardust\/#primaryimage"},"image":{"@id":"http:\/\/ruuby.ee\/pood\/aksessuaarid\/juukseharjad\/fan-palm-juuksehari-large-stardust\/#primaryimage"},"thumbnailUrl":"http:\/\/ruuby.ee\/wp-content\/uploads\/2025\/07\/Screenshot-2025-07-07-at-17.54.03.png","datePublished":"2025-07-07T14:45:29+00:00","dateModified":"2026-04-06T22:27:07+00:00","breadcrumb":{"@id":"http:\/\/ruuby.ee\/pood\/aksessuaarid\/juukseharjad\/fan-palm-juuksehari-large-stardust\/#breadcrumb"},"inLanguage":"en-GB","potentialAction":[{"@type":"ReadAction","target":["http:\/\/ruuby.ee\/pood\/aksessuaarid\/juukseharjad\/fan-palm-juuksehari-large-stardust\/"]}]},{"@type":"ImageObject","inLanguage":"en-GB","@id":"http:\/\/ruuby.ee\/pood\/aksessuaarid\/juukseharjad\/fan-palm-juuksehari-large-stardust\/#primaryimage","url":"http:\/\/ruuby.ee\/wp-content\/uploads\/2025\/07\/Screenshot-2025-07-07-at-17.54.03.png","contentUrl":"http:\/\/ruuby.ee\/wp-content\/uploads\/2025\/07\/Screenshot-2025-07-07-at-17.54.03.png","width":864,"height":1000},{"@type":"BreadcrumbList","@id":"http:\/\/ruuby.ee\/pood\/aksessuaarid\/juukseharjad\/fan-palm-juuksehari-large-stardust\/#breadcrumb","itemListElement":[{"@type":"ListItem","position":1,"name":"Kdu","item":"https:\/\/ruuby.ee\/en\/"},{"@type":"ListItem","position":2,"name":"Pood","item":"https:\/\/ruuby.ee\/en\/pood\/"},{"@type":"ListItem","position":3,"name":"Fan Palm juuksehari, Large &#8211; Stardust"}]},{"@type":"WebSite","@id":"https:\/\/ruuby.ee\/en\/#website","url":"https:\/\/ruuby.ee\/en\/","name":"RUUBY","description":"Ruubys on \u00fchendatud elustiil ja disain","publisher":{"@id":"https:\/\/ruuby.ee\/en\/#organization"},"alternateName":"Ruuby Disain","potentialAction":[{"@type":"SearchAction","target":{"@type":"EntryPoint","urlTemplate":"https:\/\/ruuby.ee\/en\/?s={search_term_string}"},"query-input":{"@type":"PropertyValueSpecification","valueRequired":true,"valueName":"search_term_string"}}],"inLanguage":"en-GB"},{"@type":"Organization","@id":"https:\/\/ruuby.ee\/en\/#organization","name":"Ruuby Disain O\u00dc","alternateName":"Ruuby","url":"https:\/\/ruuby.ee\/en\/","logo":{"@type":"ImageObject","inLanguage":"en-GB","@id":"https:\/\/ruuby.ee\/en\/#\/schema\/logo\/image\/","url":"http:\/\/ruuby.ee\/wp-content\/uploads\/2023\/06\/cropped-Black-White-Elegant-Circle-Signature-Fashion-Logo-12_large.png","contentUrl":"http:\/\/ruuby.ee\/wp-content\/uploads\/2023\/06\/cropped-Black-White-Elegant-Circle-Signature-Fashion-Logo-12_large.png","width":1280,"height":747,"caption":"Ruuby Disain O\u00dc"},"image":{"@id":"https:\/\/ruuby.ee\/en\/#\/schema\/logo\/image\/"},"sameAs":["https:\/\/www.facebook.com\/ruubyconcept","https:\/\/www.instagram.com\/ruuby_concept\/"]}]}},"jetpack_sharing_enabled":true,"_links":{"self":[{"href":"http:\/\/ruuby.ee\/en\/wp-json\/wp\/v2\/product\/1854154","targetHints":{"allow":["GET"]}}],"collection":[{"href":"http:\/\/ruuby.ee\/en\/wp-json\/wp\/v2\/product"}],"about":[{"href":"http:\/\/ruuby.ee\/en\/wp-json\/wp\/v2\/types\/product"}],"replies":[{"embeddable":true,"href":"http:\/\/ruuby.ee\/en\/wp-json\/wp\/v2\/comments?post=1854154"}],"wp:featuredmedia":[{"embeddable":true,"href":"http:\/\/ruuby.ee\/en\/wp-json\/wp\/v2\/media\/1854156"}],"wp:attachment":[{"href":"http:\/\/ruuby.ee\/en\/wp-json\/wp\/v2\/media?parent=1854154"}],"wp:term":[{"taxonomy":"product_brand","embeddable":true,"href":"http:\/\/ruuby.ee\/en\/wp-json\/wp\/v2\/product_brand?post=1854154"},{"taxonomy":"product_cat","embeddable":true,"href":"http:\/\/ruuby.ee\/en\/wp-json\/wp\/v2\/product_cat?post=1854154"},{"taxonomy":"product_tag","embeddable":true,"href":"http:\/\/ruuby.ee\/en\/wp-json\/wp\/v2\/product_tag?post=1854154"}],"curies":[{"name":"wp","href":"https:\/\/api.w.org\/{rel}","templated":true}]}}