{"id":1854153,"date":"2025-07-07T17:43:56","date_gmt":"2025-07-07T14:43:56","guid":{"rendered":"https:\/\/ruuby.ee\/pood\/maaratlemata\/fan-palm-juuksehari-eco-glam-large-nude\/"},"modified":"2026-04-07T01:27:07","modified_gmt":"2026-04-06T22:27:07","slug":"fan-palm-juuksehari-eco-glam-large-nude","status":"publish","type":"product","link":"http:\/\/ruuby.ee\/en\/pood\/aksessuaarid\/juukseharjad\/fan-palm-juuksehari-eco-glam-large-nude\/","title":{"rendered":"Fan Palm juuksehari, Eco Glam, Large &#8211; Nude"},"content":{"rendered":"<p>Fan Palmi suur luksuslik metssea- ja nailonharjastega juuksehari, mille maisist valmistatud biolagunev korpus lisab teie igap\u00e4evasesse stiili ning annab juustele l\u00e4iget ja siledust. Nailonharjased on pikemad, et \u00f5rnalt stimuleerida peanahka ja lahti harutada juukseid, samas kui metsseaharjased aitavad rasu laiali jaotada. See stimuleerib verevoolu juuksefolliikulisse. Enamik leiab, et see aitab v\u00e4hendada juuste pesemise sagedust iga kolme v\u00f5i nelja p\u00e4eva v\u00f5rra.<\/p>\n<p>Tarnitakse kaunis silindrilises karbis kuldfooliumdetailidega.<\/p>\n<p>&nbsp;<\/p>","protected":false},"excerpt":{"rendered":"<p>Fan Palmi suur luksuslik metssea- ja nailonharjastega juuksehari, mille maisist valmistatud biolagunev korpus lisab teie igap\u00e4evasesse stiili ning annab juustele l\u00e4iget ja siledust. Nailonharjased on pikemad, et \u00f5rnalt stimuleerida peanahka ja lahti harutada juukseid, samas kui metsseaharjased aitavad rasu laiali jaotada. See stimuleerib verevoolu juuksefolliikulisse. Enamik leiab, et see aitab v\u00e4hendada juuste pesemise sagedust iga [&hellip;]<\/p>\n","protected":false},"featured_media":1854161,"comment_status":"open","ping_status":"closed","template":"","meta":[],"product_brand":[],"product_cat":[43,1076],"product_tag":[1078,1077],"class_list":{"0":"post-1854153","1":"product","2":"type-product","3":"status-publish","4":"has-post-thumbnail","6":"product_cat-aksessuaarid","7":"product_cat-juukseharjad","8":"product_tag-fan-palm","9":"product_tag-juuksehari","11":"first","12":"outofstock","13":"taxable","14":"shipping-taxable","15":"purchasable","16":"product-type-simple"},"yoast_head":"<!-- This site is optimized with the Yoast SEO plugin v27.3 - https:\/\/yoast.com\/product\/yoast-seo-wordpress\/ -->\n<title>Fan Palm juuksehari, Eco Glam, Large - Nude - RUUBY<\/title>\n<meta name=\"robots\" content=\"index, follow, max-snippet:-1, max-image-preview:large, max-video-preview:-1\" \/>\n<link rel=\"canonical\" href=\"http:\/\/ruuby.ee\/en\/pood\/aksessuaarid\/juukseharjad\/fan-palm-juuksehari-eco-glam-large-nude\/\" \/>\n<meta property=\"og:locale\" content=\"en_GB\" \/>\n<meta property=\"og:type\" content=\"article\" \/>\n<meta property=\"og:title\" content=\"Fan Palm juuksehari, Eco Glam, Large - Nude - RUUBY\" \/>\n<meta property=\"og:description\" content=\"Fan Palmi suur luksuslik metssea- ja nailonharjastega juuksehari, mille maisist valmistatud biolagunev korpus lisab teie igap\u00e4evasesse stiili ning annab juustele l\u00e4iget ja siledust. Nailonharjased on pikemad, et \u00f5rnalt stimuleerida peanahka ja lahti harutada juukseid, samas kui metsseaharjased aitavad rasu laiali jaotada. See stimuleerib verevoolu juuksefolliikulisse. Enamik leiab, et see aitab v\u00e4hendada juuste pesemise sagedust iga [&hellip;]\" \/>\n<meta property=\"og:url\" content=\"http:\/\/ruuby.ee\/en\/pood\/aksessuaarid\/juukseharjad\/fan-palm-juuksehari-eco-glam-large-nude\/\" \/>\n<meta property=\"og:site_name\" content=\"RUUBY\" \/>\n<meta property=\"article:publisher\" content=\"https:\/\/www.facebook.com\/ruubyconcept\" \/>\n<meta property=\"article:modified_time\" content=\"2026-04-06T22:27:07+00:00\" \/>\n<meta property=\"og:image\" content=\"http:\/\/ruuby.ee\/wp-content\/uploads\/2025\/07\/Screenshot-2025-07-07-at-18.00.30.png\" \/>\n\t<meta property=\"og:image:width\" content=\"736\" \/>\n\t<meta property=\"og:image:height\" content=\"1022\" \/>\n\t<meta property=\"og:image:type\" content=\"image\/png\" \/>\n<meta name=\"twitter:card\" content=\"summary_large_image\" \/>\n<meta name=\"twitter:label1\" content=\"Estimated reading time\" \/>\n\t<meta name=\"twitter:data1\" content=\"1 minute\" \/>\n<script type=\"application\/ld+json\" class=\"yoast-schema-graph\">{\"@context\":\"https:\\\/\\\/schema.org\",\"@graph\":[{\"@type\":[\"WebPage\",\"ItemPage\"],\"@id\":\"http:\\\/\\\/ruuby.ee\\\/pood\\\/aksessuaarid\\\/juukseharjad\\\/fan-palm-juuksehari-eco-glam-large-nude\\\/\",\"url\":\"http:\\\/\\\/ruuby.ee\\\/pood\\\/aksessuaarid\\\/juukseharjad\\\/fan-palm-juuksehari-eco-glam-large-nude\\\/\",\"name\":\"Fan Palm juuksehari, Eco Glam, Large - Nude - RUUBY\",\"isPartOf\":{\"@id\":\"https:\\\/\\\/ruuby.ee\\\/en\\\/#website\"},\"primaryImageOfPage\":{\"@id\":\"http:\\\/\\\/ruuby.ee\\\/pood\\\/aksessuaarid\\\/juukseharjad\\\/fan-palm-juuksehari-eco-glam-large-nude\\\/#primaryimage\"},\"image\":{\"@id\":\"http:\\\/\\\/ruuby.ee\\\/pood\\\/aksessuaarid\\\/juukseharjad\\\/fan-palm-juuksehari-eco-glam-large-nude\\\/#primaryimage\"},\"thumbnailUrl\":\"http:\\\/\\\/ruuby.ee\\\/wp-content\\\/uploads\\\/2025\\\/07\\\/Screenshot-2025-07-07-at-18.00.30.png\",\"datePublished\":\"2025-07-07T14:43:56+00:00\",\"dateModified\":\"2026-04-06T22:27:07+00:00\",\"breadcrumb\":{\"@id\":\"http:\\\/\\\/ruuby.ee\\\/pood\\\/aksessuaarid\\\/juukseharjad\\\/fan-palm-juuksehari-eco-glam-large-nude\\\/#breadcrumb\"},\"inLanguage\":\"en-GB\",\"potentialAction\":[{\"@type\":\"ReadAction\",\"target\":[\"http:\\\/\\\/ruuby.ee\\\/pood\\\/aksessuaarid\\\/juukseharjad\\\/fan-palm-juuksehari-eco-glam-large-nude\\\/\"]}]},{\"@type\":\"ImageObject\",\"inLanguage\":\"en-GB\",\"@id\":\"http:\\\/\\\/ruuby.ee\\\/pood\\\/aksessuaarid\\\/juukseharjad\\\/fan-palm-juuksehari-eco-glam-large-nude\\\/#primaryimage\",\"url\":\"http:\\\/\\\/ruuby.ee\\\/wp-content\\\/uploads\\\/2025\\\/07\\\/Screenshot-2025-07-07-at-18.00.30.png\",\"contentUrl\":\"http:\\\/\\\/ruuby.ee\\\/wp-content\\\/uploads\\\/2025\\\/07\\\/Screenshot-2025-07-07-at-18.00.30.png\",\"width\":736,\"height\":1022},{\"@type\":\"BreadcrumbList\",\"@id\":\"http:\\\/\\\/ruuby.ee\\\/pood\\\/aksessuaarid\\\/juukseharjad\\\/fan-palm-juuksehari-eco-glam-large-nude\\\/#breadcrumb\",\"itemListElement\":[{\"@type\":\"ListItem\",\"position\":1,\"name\":\"Kdu\",\"item\":\"https:\\\/\\\/ruuby.ee\\\/en\\\/\"},{\"@type\":\"ListItem\",\"position\":2,\"name\":\"Pood\",\"item\":\"https:\\\/\\\/ruuby.ee\\\/en\\\/pood\\\/\"},{\"@type\":\"ListItem\",\"position\":3,\"name\":\"Fan Palm juuksehari, Eco Glam, Large &#8211; Nude\"}]},{\"@type\":\"WebSite\",\"@id\":\"https:\\\/\\\/ruuby.ee\\\/en\\\/#website\",\"url\":\"https:\\\/\\\/ruuby.ee\\\/en\\\/\",\"name\":\"RUUBY\",\"description\":\"Ruubys on \u00fchendatud elustiil ja disain\",\"publisher\":{\"@id\":\"https:\\\/\\\/ruuby.ee\\\/en\\\/#organization\"},\"alternateName\":\"Ruuby Disain\",\"potentialAction\":[{\"@type\":\"SearchAction\",\"target\":{\"@type\":\"EntryPoint\",\"urlTemplate\":\"https:\\\/\\\/ruuby.ee\\\/en\\\/?s={search_term_string}\"},\"query-input\":{\"@type\":\"PropertyValueSpecification\",\"valueRequired\":true,\"valueName\":\"search_term_string\"}}],\"inLanguage\":\"en-GB\"},{\"@type\":\"Organization\",\"@id\":\"https:\\\/\\\/ruuby.ee\\\/en\\\/#organization\",\"name\":\"Ruuby Disain O\u00dc\",\"alternateName\":\"Ruuby\",\"url\":\"https:\\\/\\\/ruuby.ee\\\/en\\\/\",\"logo\":{\"@type\":\"ImageObject\",\"inLanguage\":\"en-GB\",\"@id\":\"https:\\\/\\\/ruuby.ee\\\/en\\\/#\\\/schema\\\/logo\\\/image\\\/\",\"url\":\"http:\\\/\\\/ruuby.ee\\\/wp-content\\\/uploads\\\/2023\\\/06\\\/cropped-Black-White-Elegant-Circle-Signature-Fashion-Logo-12_large.png\",\"contentUrl\":\"http:\\\/\\\/ruuby.ee\\\/wp-content\\\/uploads\\\/2023\\\/06\\\/cropped-Black-White-Elegant-Circle-Signature-Fashion-Logo-12_large.png\",\"width\":1280,\"height\":747,\"caption\":\"Ruuby Disain O\u00dc\"},\"image\":{\"@id\":\"https:\\\/\\\/ruuby.ee\\\/en\\\/#\\\/schema\\\/logo\\\/image\\\/\"},\"sameAs\":[\"https:\\\/\\\/www.facebook.com\\\/ruubyconcept\",\"https:\\\/\\\/www.instagram.com\\\/ruuby_concept\\\/\"]}]}<\/script>\n<!-- \/ Yoast SEO plugin. -->","yoast_head_json":{"title":"Fan Palm juuksehari, Eco Glam, Large - Nude - RUUBY","robots":{"index":"index","follow":"follow","max-snippet":"max-snippet:-1","max-image-preview":"max-image-preview:large","max-video-preview":"max-video-preview:-1"},"canonical":"http:\/\/ruuby.ee\/en\/pood\/aksessuaarid\/juukseharjad\/fan-palm-juuksehari-eco-glam-large-nude\/","og_locale":"en_GB","og_type":"article","og_title":"Fan Palm juuksehari, Eco Glam, Large - Nude - RUUBY","og_description":"Fan Palmi suur luksuslik metssea- ja nailonharjastega juuksehari, mille maisist valmistatud biolagunev korpus lisab teie igap\u00e4evasesse stiili ning annab juustele l\u00e4iget ja siledust. Nailonharjased on pikemad, et \u00f5rnalt stimuleerida peanahka ja lahti harutada juukseid, samas kui metsseaharjased aitavad rasu laiali jaotada. See stimuleerib verevoolu juuksefolliikulisse. Enamik leiab, et see aitab v\u00e4hendada juuste pesemise sagedust iga [&hellip;]","og_url":"http:\/\/ruuby.ee\/en\/pood\/aksessuaarid\/juukseharjad\/fan-palm-juuksehari-eco-glam-large-nude\/","og_site_name":"RUUBY","article_publisher":"https:\/\/www.facebook.com\/ruubyconcept","article_modified_time":"2026-04-06T22:27:07+00:00","og_image":[{"width":736,"height":1022,"url":"http:\/\/ruuby.ee\/wp-content\/uploads\/2025\/07\/Screenshot-2025-07-07-at-18.00.30.png","type":"image\/png"}],"twitter_card":"summary_large_image","twitter_misc":{"Estimated reading time":"1 minute"},"schema":{"@context":"https:\/\/schema.org","@graph":[{"@type":["WebPage","ItemPage"],"@id":"http:\/\/ruuby.ee\/pood\/aksessuaarid\/juukseharjad\/fan-palm-juuksehari-eco-glam-large-nude\/","url":"http:\/\/ruuby.ee\/pood\/aksessuaarid\/juukseharjad\/fan-palm-juuksehari-eco-glam-large-nude\/","name":"Fan Palm juuksehari, Eco Glam, Large - Nude - RUUBY","isPartOf":{"@id":"https:\/\/ruuby.ee\/en\/#website"},"primaryImageOfPage":{"@id":"http:\/\/ruuby.ee\/pood\/aksessuaarid\/juukseharjad\/fan-palm-juuksehari-eco-glam-large-nude\/#primaryimage"},"image":{"@id":"http:\/\/ruuby.ee\/pood\/aksessuaarid\/juukseharjad\/fan-palm-juuksehari-eco-glam-large-nude\/#primaryimage"},"thumbnailUrl":"http:\/\/ruuby.ee\/wp-content\/uploads\/2025\/07\/Screenshot-2025-07-07-at-18.00.30.png","datePublished":"2025-07-07T14:43:56+00:00","dateModified":"2026-04-06T22:27:07+00:00","breadcrumb":{"@id":"http:\/\/ruuby.ee\/pood\/aksessuaarid\/juukseharjad\/fan-palm-juuksehari-eco-glam-large-nude\/#breadcrumb"},"inLanguage":"en-GB","potentialAction":[{"@type":"ReadAction","target":["http:\/\/ruuby.ee\/pood\/aksessuaarid\/juukseharjad\/fan-palm-juuksehari-eco-glam-large-nude\/"]}]},{"@type":"ImageObject","inLanguage":"en-GB","@id":"http:\/\/ruuby.ee\/pood\/aksessuaarid\/juukseharjad\/fan-palm-juuksehari-eco-glam-large-nude\/#primaryimage","url":"http:\/\/ruuby.ee\/wp-content\/uploads\/2025\/07\/Screenshot-2025-07-07-at-18.00.30.png","contentUrl":"http:\/\/ruuby.ee\/wp-content\/uploads\/2025\/07\/Screenshot-2025-07-07-at-18.00.30.png","width":736,"height":1022},{"@type":"BreadcrumbList","@id":"http:\/\/ruuby.ee\/pood\/aksessuaarid\/juukseharjad\/fan-palm-juuksehari-eco-glam-large-nude\/#breadcrumb","itemListElement":[{"@type":"ListItem","position":1,"name":"Kdu","item":"https:\/\/ruuby.ee\/en\/"},{"@type":"ListItem","position":2,"name":"Pood","item":"https:\/\/ruuby.ee\/en\/pood\/"},{"@type":"ListItem","position":3,"name":"Fan Palm juuksehari, Eco Glam, Large &#8211; Nude"}]},{"@type":"WebSite","@id":"https:\/\/ruuby.ee\/en\/#website","url":"https:\/\/ruuby.ee\/en\/","name":"RUUBY","description":"Ruubys on \u00fchendatud elustiil ja disain","publisher":{"@id":"https:\/\/ruuby.ee\/en\/#organization"},"alternateName":"Ruuby Disain","potentialAction":[{"@type":"SearchAction","target":{"@type":"EntryPoint","urlTemplate":"https:\/\/ruuby.ee\/en\/?s={search_term_string}"},"query-input":{"@type":"PropertyValueSpecification","valueRequired":true,"valueName":"search_term_string"}}],"inLanguage":"en-GB"},{"@type":"Organization","@id":"https:\/\/ruuby.ee\/en\/#organization","name":"Ruuby Disain O\u00dc","alternateName":"Ruuby","url":"https:\/\/ruuby.ee\/en\/","logo":{"@type":"ImageObject","inLanguage":"en-GB","@id":"https:\/\/ruuby.ee\/en\/#\/schema\/logo\/image\/","url":"http:\/\/ruuby.ee\/wp-content\/uploads\/2023\/06\/cropped-Black-White-Elegant-Circle-Signature-Fashion-Logo-12_large.png","contentUrl":"http:\/\/ruuby.ee\/wp-content\/uploads\/2023\/06\/cropped-Black-White-Elegant-Circle-Signature-Fashion-Logo-12_large.png","width":1280,"height":747,"caption":"Ruuby Disain O\u00dc"},"image":{"@id":"https:\/\/ruuby.ee\/en\/#\/schema\/logo\/image\/"},"sameAs":["https:\/\/www.facebook.com\/ruubyconcept","https:\/\/www.instagram.com\/ruuby_concept\/"]}]}},"jetpack_sharing_enabled":true,"_links":{"self":[{"href":"http:\/\/ruuby.ee\/en\/wp-json\/wp\/v2\/product\/1854153","targetHints":{"allow":["GET"]}}],"collection":[{"href":"http:\/\/ruuby.ee\/en\/wp-json\/wp\/v2\/product"}],"about":[{"href":"http:\/\/ruuby.ee\/en\/wp-json\/wp\/v2\/types\/product"}],"replies":[{"embeddable":true,"href":"http:\/\/ruuby.ee\/en\/wp-json\/wp\/v2\/comments?post=1854153"}],"wp:featuredmedia":[{"embeddable":true,"href":"http:\/\/ruuby.ee\/en\/wp-json\/wp\/v2\/media\/1854161"}],"wp:attachment":[{"href":"http:\/\/ruuby.ee\/en\/wp-json\/wp\/v2\/media?parent=1854153"}],"wp:term":[{"taxonomy":"product_brand","embeddable":true,"href":"http:\/\/ruuby.ee\/en\/wp-json\/wp\/v2\/product_brand?post=1854153"},{"taxonomy":"product_cat","embeddable":true,"href":"http:\/\/ruuby.ee\/en\/wp-json\/wp\/v2\/product_cat?post=1854153"},{"taxonomy":"product_tag","embeddable":true,"href":"http:\/\/ruuby.ee\/en\/wp-json\/wp\/v2\/product_tag?post=1854153"}],"curies":[{"name":"wp","href":"https:\/\/api.w.org\/{rel}","templated":true}]}}