{"id":1854133,"date":"2025-07-06T16:51:18","date_gmt":"2025-07-06T13:51:18","guid":{"rendered":"https:\/\/ruuby.ee\/pood\/maaratlemata\/helge-kuu-kipsist-alus-cloud-wavy\/"},"modified":"2026-04-08T01:28:24","modified_gmt":"2026-04-07T22:28:24","slug":"helge-kuu-kipsist-alus-cloud-wavy","status":"publish","type":"product","link":"http:\/\/ruuby.ee\/en\/pood\/kodusisustus\/kuunlad\/kipsist-alused\/helge-kuu-kipsist-alus-cloud-wavy\/","title":{"rendered":"Helge Kuu &#8211; Kipsist Alus Cloud Wavy"},"content":{"rendered":"<p>Helge Kuu kipsist alus Wavy on efektne koduaksessuaar, mis sobib nii k\u00fc\u00fcnalde- kui ka ehete, viirukite v\u00f5i meigitoodete aluseks!<\/p>\n<ul>\n<li>Sobib k\u00fc\u00fcnalde, ehete, taimede jms aluseks<\/li>\n<li>Kaal:\u00a0 umb. 380 grammi<\/li>\n<li>Suurus: pikkus 29 cm, laius 14 cm, k\u00f5rgus 1,5 cm<\/li>\n<li>K\u00e4sitsi valatud Eestis<\/li>\n<li>Puhastada kerge seebi ja sooja veega, mitte pesta n\u00f5udepesumasinas.<\/li>\n<li>Toote p\u00f5hjas kaitsvad silikoonist \u2018mummud\u2019<\/li>\n<li>Iga alus valmib spetsiaalselt tellimusena, seega v\u00f5ib erineda pildil olevast.<\/li>\n<\/ul>\n<p>M\u00e4rgi Lisainfosse, millises toonis alust soovid: Valge, T\u00e4pid, Marmor.<\/p>","protected":false},"excerpt":{"rendered":"<p>Helge Kuu kipsist alus Wavy on efektne koduaksessuaar, mis sobib nii k\u00fc\u00fcnalde- kui ka ehete, viirukite v\u00f5i meigitoodete aluseks! Sobib k\u00fc\u00fcnalde, ehete, taimede jms aluseks Kaal:\u00a0 umb. 380 grammi Suurus: pikkus 29 cm, laius 14 cm, k\u00f5rgus 1,5 cm K\u00e4sitsi valatud Eestis Puhastada kerge seebi ja sooja veega, mitte pesta n\u00f5udepesumasinas. Toote p\u00f5hjas kaitsvad silikoonist [&hellip;]<\/p>\n","protected":false},"featured_media":1854200,"comment_status":"open","ping_status":"closed","template":"","meta":[],"product_brand":[],"product_cat":[742,42,54],"product_tag":[477,478],"class_list":{"0":"post-1854133","1":"product","2":"type-product","3":"status-publish","4":"has-post-thumbnail","6":"product_cat-kipsist-alused","7":"product_cat-kodusisustus","8":"product_cat-kuunlad","9":"product_tag-helge-kuu","10":"product_tag-kuunlaalus","12":"first","13":"instock","14":"taxable","15":"shipping-taxable","16":"purchasable","17":"product-type-simple"},"yoast_head":"<!-- This site is optimized with the Yoast SEO plugin v27.3 - https:\/\/yoast.com\/product\/yoast-seo-wordpress\/ -->\n<title>Helge Kuu - Kipsist Alus Cloud Wavy - RUUBY<\/title>\n<meta name=\"robots\" content=\"index, follow, max-snippet:-1, max-image-preview:large, max-video-preview:-1\" \/>\n<link rel=\"canonical\" href=\"http:\/\/ruuby.ee\/en\/pood\/kodusisustus\/kuunlad\/kipsist-alused\/helge-kuu-kipsist-alus-cloud-wavy\/\" \/>\n<meta property=\"og:locale\" content=\"en_GB\" \/>\n<meta property=\"og:type\" content=\"article\" \/>\n<meta property=\"og:title\" content=\"Helge Kuu - Kipsist Alus Cloud Wavy - RUUBY\" \/>\n<meta property=\"og:description\" content=\"Helge Kuu kipsist alus Wavy on efektne koduaksessuaar, mis sobib nii k\u00fc\u00fcnalde- kui ka ehete, viirukite v\u00f5i meigitoodete aluseks! Sobib k\u00fc\u00fcnalde, ehete, taimede jms aluseks Kaal:\u00a0 umb. 380 grammi Suurus: pikkus 29 cm, laius 14 cm, k\u00f5rgus 1,5 cm K\u00e4sitsi valatud Eestis Puhastada kerge seebi ja sooja veega, mitte pesta n\u00f5udepesumasinas. Toote p\u00f5hjas kaitsvad silikoonist [&hellip;]\" \/>\n<meta property=\"og:url\" content=\"http:\/\/ruuby.ee\/en\/pood\/kodusisustus\/kuunlad\/kipsist-alused\/helge-kuu-kipsist-alus-cloud-wavy\/\" \/>\n<meta property=\"og:site_name\" content=\"RUUBY\" \/>\n<meta property=\"article:publisher\" content=\"https:\/\/www.facebook.com\/ruubyconcept\" \/>\n<meta property=\"article:modified_time\" content=\"2026-04-07T22:28:24+00:00\" \/>\n<meta property=\"og:image\" content=\"http:\/\/ruuby.ee\/wp-content\/uploads\/2025\/07\/Screenshot-2025-07-08-at-10.20.13.png\" \/>\n\t<meta property=\"og:image:width\" content=\"932\" \/>\n\t<meta property=\"og:image:height\" content=\"1168\" \/>\n\t<meta property=\"og:image:type\" content=\"image\/png\" \/>\n<meta name=\"twitter:card\" content=\"summary_large_image\" \/>\n<meta name=\"twitter:label1\" content=\"Estimated reading time\" \/>\n\t<meta name=\"twitter:data1\" content=\"1 minute\" \/>\n<script type=\"application\/ld+json\" class=\"yoast-schema-graph\">{\"@context\":\"https:\\\/\\\/schema.org\",\"@graph\":[{\"@type\":[\"WebPage\",\"ItemPage\"],\"@id\":\"http:\\\/\\\/ruuby.ee\\\/pood\\\/kodusisustus\\\/kuunlad\\\/kipsist-alused\\\/helge-kuu-kipsist-alus-cloud-wavy\\\/\",\"url\":\"http:\\\/\\\/ruuby.ee\\\/pood\\\/kodusisustus\\\/kuunlad\\\/kipsist-alused\\\/helge-kuu-kipsist-alus-cloud-wavy\\\/\",\"name\":\"Helge Kuu - Kipsist Alus Cloud Wavy - RUUBY\",\"isPartOf\":{\"@id\":\"http:\\\/\\\/ruuby.ee\\\/en\\\/#website\"},\"primaryImageOfPage\":{\"@id\":\"http:\\\/\\\/ruuby.ee\\\/pood\\\/kodusisustus\\\/kuunlad\\\/kipsist-alused\\\/helge-kuu-kipsist-alus-cloud-wavy\\\/#primaryimage\"},\"image\":{\"@id\":\"http:\\\/\\\/ruuby.ee\\\/pood\\\/kodusisustus\\\/kuunlad\\\/kipsist-alused\\\/helge-kuu-kipsist-alus-cloud-wavy\\\/#primaryimage\"},\"thumbnailUrl\":\"http:\\\/\\\/ruuby.ee\\\/wp-content\\\/uploads\\\/2025\\\/07\\\/Screenshot-2025-07-08-at-10.20.13.png\",\"datePublished\":\"2025-07-06T13:51:18+00:00\",\"dateModified\":\"2026-04-07T22:28:24+00:00\",\"breadcrumb\":{\"@id\":\"http:\\\/\\\/ruuby.ee\\\/pood\\\/kodusisustus\\\/kuunlad\\\/kipsist-alused\\\/helge-kuu-kipsist-alus-cloud-wavy\\\/#breadcrumb\"},\"inLanguage\":\"en-GB\",\"potentialAction\":[{\"@type\":\"ReadAction\",\"target\":[\"http:\\\/\\\/ruuby.ee\\\/pood\\\/kodusisustus\\\/kuunlad\\\/kipsist-alused\\\/helge-kuu-kipsist-alus-cloud-wavy\\\/\"]}]},{\"@type\":\"ImageObject\",\"inLanguage\":\"en-GB\",\"@id\":\"http:\\\/\\\/ruuby.ee\\\/pood\\\/kodusisustus\\\/kuunlad\\\/kipsist-alused\\\/helge-kuu-kipsist-alus-cloud-wavy\\\/#primaryimage\",\"url\":\"http:\\\/\\\/ruuby.ee\\\/wp-content\\\/uploads\\\/2025\\\/07\\\/Screenshot-2025-07-08-at-10.20.13.png\",\"contentUrl\":\"http:\\\/\\\/ruuby.ee\\\/wp-content\\\/uploads\\\/2025\\\/07\\\/Screenshot-2025-07-08-at-10.20.13.png\",\"width\":932,\"height\":1168},{\"@type\":\"BreadcrumbList\",\"@id\":\"http:\\\/\\\/ruuby.ee\\\/pood\\\/kodusisustus\\\/kuunlad\\\/kipsist-alused\\\/helge-kuu-kipsist-alus-cloud-wavy\\\/#breadcrumb\",\"itemListElement\":[{\"@type\":\"ListItem\",\"position\":1,\"name\":\"Kdu\",\"item\":\"http:\\\/\\\/ruuby.ee\\\/en\\\/\"},{\"@type\":\"ListItem\",\"position\":2,\"name\":\"Pood\",\"item\":\"http:\\\/\\\/ruuby.ee\\\/en\\\/pood\\\/\"},{\"@type\":\"ListItem\",\"position\":3,\"name\":\"Helge Kuu &#8211; Kipsist Alus Cloud Wavy\"}]},{\"@type\":\"WebSite\",\"@id\":\"http:\\\/\\\/ruuby.ee\\\/en\\\/#website\",\"url\":\"http:\\\/\\\/ruuby.ee\\\/en\\\/\",\"name\":\"RUUBY\",\"description\":\"Ruubys on \u00fchendatud elustiil ja disain\",\"publisher\":{\"@id\":\"http:\\\/\\\/ruuby.ee\\\/en\\\/#organization\"},\"alternateName\":\"Ruuby Disain\",\"potentialAction\":[{\"@type\":\"SearchAction\",\"target\":{\"@type\":\"EntryPoint\",\"urlTemplate\":\"http:\\\/\\\/ruuby.ee\\\/en\\\/?s={search_term_string}\"},\"query-input\":{\"@type\":\"PropertyValueSpecification\",\"valueRequired\":true,\"valueName\":\"search_term_string\"}}],\"inLanguage\":\"en-GB\"},{\"@type\":\"Organization\",\"@id\":\"http:\\\/\\\/ruuby.ee\\\/en\\\/#organization\",\"name\":\"Ruuby Disain O\u00dc\",\"alternateName\":\"Ruuby\",\"url\":\"http:\\\/\\\/ruuby.ee\\\/en\\\/\",\"logo\":{\"@type\":\"ImageObject\",\"inLanguage\":\"en-GB\",\"@id\":\"http:\\\/\\\/ruuby.ee\\\/en\\\/#\\\/schema\\\/logo\\\/image\\\/\",\"url\":\"http:\\\/\\\/ruuby.ee\\\/wp-content\\\/uploads\\\/2023\\\/06\\\/cropped-Black-White-Elegant-Circle-Signature-Fashion-Logo-12_large.png\",\"contentUrl\":\"http:\\\/\\\/ruuby.ee\\\/wp-content\\\/uploads\\\/2023\\\/06\\\/cropped-Black-White-Elegant-Circle-Signature-Fashion-Logo-12_large.png\",\"width\":1280,\"height\":747,\"caption\":\"Ruuby Disain O\u00dc\"},\"image\":{\"@id\":\"http:\\\/\\\/ruuby.ee\\\/en\\\/#\\\/schema\\\/logo\\\/image\\\/\"},\"sameAs\":[\"https:\\\/\\\/www.facebook.com\\\/ruubyconcept\",\"https:\\\/\\\/www.instagram.com\\\/ruuby_concept\\\/\"]}]}<\/script>\n<!-- \/ Yoast SEO plugin. -->","yoast_head_json":{"title":"Helge Kuu - Kipsist Alus Cloud Wavy - RUUBY","robots":{"index":"index","follow":"follow","max-snippet":"max-snippet:-1","max-image-preview":"max-image-preview:large","max-video-preview":"max-video-preview:-1"},"canonical":"http:\/\/ruuby.ee\/en\/pood\/kodusisustus\/kuunlad\/kipsist-alused\/helge-kuu-kipsist-alus-cloud-wavy\/","og_locale":"en_GB","og_type":"article","og_title":"Helge Kuu - Kipsist Alus Cloud Wavy - RUUBY","og_description":"Helge Kuu kipsist alus Wavy on efektne koduaksessuaar, mis sobib nii k\u00fc\u00fcnalde- kui ka ehete, viirukite v\u00f5i meigitoodete aluseks! Sobib k\u00fc\u00fcnalde, ehete, taimede jms aluseks Kaal:\u00a0 umb. 380 grammi Suurus: pikkus 29 cm, laius 14 cm, k\u00f5rgus 1,5 cm K\u00e4sitsi valatud Eestis Puhastada kerge seebi ja sooja veega, mitte pesta n\u00f5udepesumasinas. Toote p\u00f5hjas kaitsvad silikoonist [&hellip;]","og_url":"http:\/\/ruuby.ee\/en\/pood\/kodusisustus\/kuunlad\/kipsist-alused\/helge-kuu-kipsist-alus-cloud-wavy\/","og_site_name":"RUUBY","article_publisher":"https:\/\/www.facebook.com\/ruubyconcept","article_modified_time":"2026-04-07T22:28:24+00:00","og_image":[{"width":932,"height":1168,"url":"http:\/\/ruuby.ee\/wp-content\/uploads\/2025\/07\/Screenshot-2025-07-08-at-10.20.13.png","type":"image\/png"}],"twitter_card":"summary_large_image","twitter_misc":{"Estimated reading time":"1 minute"},"schema":{"@context":"https:\/\/schema.org","@graph":[{"@type":["WebPage","ItemPage"],"@id":"http:\/\/ruuby.ee\/pood\/kodusisustus\/kuunlad\/kipsist-alused\/helge-kuu-kipsist-alus-cloud-wavy\/","url":"http:\/\/ruuby.ee\/pood\/kodusisustus\/kuunlad\/kipsist-alused\/helge-kuu-kipsist-alus-cloud-wavy\/","name":"Helge Kuu - Kipsist Alus Cloud Wavy - RUUBY","isPartOf":{"@id":"http:\/\/ruuby.ee\/en\/#website"},"primaryImageOfPage":{"@id":"http:\/\/ruuby.ee\/pood\/kodusisustus\/kuunlad\/kipsist-alused\/helge-kuu-kipsist-alus-cloud-wavy\/#primaryimage"},"image":{"@id":"http:\/\/ruuby.ee\/pood\/kodusisustus\/kuunlad\/kipsist-alused\/helge-kuu-kipsist-alus-cloud-wavy\/#primaryimage"},"thumbnailUrl":"http:\/\/ruuby.ee\/wp-content\/uploads\/2025\/07\/Screenshot-2025-07-08-at-10.20.13.png","datePublished":"2025-07-06T13:51:18+00:00","dateModified":"2026-04-07T22:28:24+00:00","breadcrumb":{"@id":"http:\/\/ruuby.ee\/pood\/kodusisustus\/kuunlad\/kipsist-alused\/helge-kuu-kipsist-alus-cloud-wavy\/#breadcrumb"},"inLanguage":"en-GB","potentialAction":[{"@type":"ReadAction","target":["http:\/\/ruuby.ee\/pood\/kodusisustus\/kuunlad\/kipsist-alused\/helge-kuu-kipsist-alus-cloud-wavy\/"]}]},{"@type":"ImageObject","inLanguage":"en-GB","@id":"http:\/\/ruuby.ee\/pood\/kodusisustus\/kuunlad\/kipsist-alused\/helge-kuu-kipsist-alus-cloud-wavy\/#primaryimage","url":"http:\/\/ruuby.ee\/wp-content\/uploads\/2025\/07\/Screenshot-2025-07-08-at-10.20.13.png","contentUrl":"http:\/\/ruuby.ee\/wp-content\/uploads\/2025\/07\/Screenshot-2025-07-08-at-10.20.13.png","width":932,"height":1168},{"@type":"BreadcrumbList","@id":"http:\/\/ruuby.ee\/pood\/kodusisustus\/kuunlad\/kipsist-alused\/helge-kuu-kipsist-alus-cloud-wavy\/#breadcrumb","itemListElement":[{"@type":"ListItem","position":1,"name":"Kdu","item":"http:\/\/ruuby.ee\/en\/"},{"@type":"ListItem","position":2,"name":"Pood","item":"http:\/\/ruuby.ee\/en\/pood\/"},{"@type":"ListItem","position":3,"name":"Helge Kuu &#8211; Kipsist Alus Cloud Wavy"}]},{"@type":"WebSite","@id":"http:\/\/ruuby.ee\/en\/#website","url":"http:\/\/ruuby.ee\/en\/","name":"RUUBY","description":"Ruubys on \u00fchendatud elustiil ja disain","publisher":{"@id":"http:\/\/ruuby.ee\/en\/#organization"},"alternateName":"Ruuby Disain","potentialAction":[{"@type":"SearchAction","target":{"@type":"EntryPoint","urlTemplate":"http:\/\/ruuby.ee\/en\/?s={search_term_string}"},"query-input":{"@type":"PropertyValueSpecification","valueRequired":true,"valueName":"search_term_string"}}],"inLanguage":"en-GB"},{"@type":"Organization","@id":"http:\/\/ruuby.ee\/en\/#organization","name":"Ruuby Disain O\u00dc","alternateName":"Ruuby","url":"http:\/\/ruuby.ee\/en\/","logo":{"@type":"ImageObject","inLanguage":"en-GB","@id":"http:\/\/ruuby.ee\/en\/#\/schema\/logo\/image\/","url":"http:\/\/ruuby.ee\/wp-content\/uploads\/2023\/06\/cropped-Black-White-Elegant-Circle-Signature-Fashion-Logo-12_large.png","contentUrl":"http:\/\/ruuby.ee\/wp-content\/uploads\/2023\/06\/cropped-Black-White-Elegant-Circle-Signature-Fashion-Logo-12_large.png","width":1280,"height":747,"caption":"Ruuby Disain O\u00dc"},"image":{"@id":"http:\/\/ruuby.ee\/en\/#\/schema\/logo\/image\/"},"sameAs":["https:\/\/www.facebook.com\/ruubyconcept","https:\/\/www.instagram.com\/ruuby_concept\/"]}]}},"jetpack_sharing_enabled":true,"_links":{"self":[{"href":"http:\/\/ruuby.ee\/en\/wp-json\/wp\/v2\/product\/1854133","targetHints":{"allow":["GET"]}}],"collection":[{"href":"http:\/\/ruuby.ee\/en\/wp-json\/wp\/v2\/product"}],"about":[{"href":"http:\/\/ruuby.ee\/en\/wp-json\/wp\/v2\/types\/product"}],"replies":[{"embeddable":true,"href":"http:\/\/ruuby.ee\/en\/wp-json\/wp\/v2\/comments?post=1854133"}],"wp:featuredmedia":[{"embeddable":true,"href":"http:\/\/ruuby.ee\/en\/wp-json\/wp\/v2\/media\/1854200"}],"wp:attachment":[{"href":"http:\/\/ruuby.ee\/en\/wp-json\/wp\/v2\/media?parent=1854133"}],"wp:term":[{"taxonomy":"product_brand","embeddable":true,"href":"http:\/\/ruuby.ee\/en\/wp-json\/wp\/v2\/product_brand?post=1854133"},{"taxonomy":"product_cat","embeddable":true,"href":"http:\/\/ruuby.ee\/en\/wp-json\/wp\/v2\/product_cat?post=1854133"},{"taxonomy":"product_tag","embeddable":true,"href":"http:\/\/ruuby.ee\/en\/wp-json\/wp\/v2\/product_tag?post=1854133"}],"curies":[{"name":"wp","href":"https:\/\/api.w.org\/{rel}","templated":true}]}}