{"id":1854123,"date":"2025-07-06T14:17:47","date_gmt":"2025-07-06T11:17:47","guid":{"rendered":"https:\/\/ruuby.ee\/pood\/maaratlemata\/nore-toaparfuum-laim-basiilik-mandariin\/"},"modified":"2026-04-04T01:24:51","modified_gmt":"2026-04-03T22:24:51","slug":"nore-toaparfuum-laim-basiilik-mandariin","status":"publish","type":"product","link":"http:\/\/ruuby.ee\/en\/pood\/kodusisustus\/ruumilohnastajad\/nore-toaparfuum-laim-basiilik-mandariin\/","title":{"rendered":"NORE toaparf\u00fc\u00fcm, Laim-basiilik-mandariin"},"content":{"rendered":"<p>Lummav kooslus laimi, basiiliku ja k\u00fcpsete mandariinide aroomidest, mida tasakaalustavad valge t\u00fc\u00fcmian ja pat\u0161uli.<\/p>\n<p>Nore toaparf\u00fc\u00fcmid valmivad k\u00e4sit\u00f6\u00f6na looduslikust baasainest ning k\u00f5rgekvaliteedilistest aroomi\u00f5lidest.<\/p>\n<p>Pihustage toaparf\u00fc\u00fcmi 2-3 korda \u00f5hku, intensiivsema l\u00f5hna saamiseks korrake. V\u00e4ltige toaparf\u00fc\u00fcmi pihustamist otse esemetele v\u00f5i materjalidele. Parf\u00fc\u00fcm v\u00f5ib kahjustada tekstiilist, klaasist, puidust v\u00f5i plastist pindasid. Toaparf\u00fc\u00fcm ei ole m\u00f5eldud kasutamiseks isikliku parf\u00fc\u00fcmina. Hoida lastele ja loomadele k\u00e4ttesaamatus kohas.<\/p>\n<p>Kogus 100ml.<\/p>","protected":false},"excerpt":{"rendered":"<p>Lummav kooslus laimi, basiiliku ja k\u00fcpsete mandariinide aroomidest, mida tasakaalustavad valge t\u00fc\u00fcmian ja pat\u0161uli. Nore toaparf\u00fc\u00fcmid valmivad k\u00e4sit\u00f6\u00f6na looduslikust baasainest ning k\u00f5rgekvaliteedilistest aroomi\u00f5lidest. Pihustage toaparf\u00fc\u00fcmi 2-3 korda \u00f5hku, intensiivsema l\u00f5hna saamiseks korrake. V\u00e4ltige toaparf\u00fc\u00fcmi pihustamist otse esemetele v\u00f5i materjalidele. Parf\u00fc\u00fcm v\u00f5ib kahjustada tekstiilist, klaasist, puidust v\u00f5i plastist pindasid. Toaparf\u00fc\u00fcm ei ole m\u00f5eldud kasutamiseks isikliku parf\u00fc\u00fcmina. [&hellip;]<\/p>\n","protected":false},"featured_media":1854207,"comment_status":"open","ping_status":"closed","template":"","meta":[],"product_brand":[],"product_cat":[42,44],"product_tag":[114,243],"class_list":{"0":"post-1854123","1":"product","2":"type-product","3":"status-publish","4":"has-post-thumbnail","6":"product_cat-kodusisustus","7":"product_cat-ruumilohnastajad","8":"product_tag-nore","9":"product_tag-toaparfuum","11":"first","12":"instock","13":"taxable","14":"shipping-taxable","15":"purchasable","16":"product-type-simple"},"yoast_head":"<!-- This site is optimized with the Yoast SEO plugin v27.2 - https:\/\/yoast.com\/product\/yoast-seo-wordpress\/ -->\n<title>NORE toaparf\u00fc\u00fcm, Laim-basiilik-mandariin - RUUBY<\/title>\n<meta name=\"robots\" content=\"index, follow, max-snippet:-1, max-image-preview:large, max-video-preview:-1\" \/>\n<link rel=\"canonical\" href=\"https:\/\/ruuby.ee\/en\/pood\/kodusisustus\/ruumilohnastajad\/nore-toaparfuum-laim-basiilik-mandariin\/\" \/>\n<meta property=\"og:locale\" content=\"en_GB\" \/>\n<meta property=\"og:type\" content=\"article\" \/>\n<meta property=\"og:title\" content=\"NORE toaparf\u00fc\u00fcm, Laim-basiilik-mandariin - RUUBY\" \/>\n<meta property=\"og:description\" content=\"Lummav kooslus laimi, basiiliku ja k\u00fcpsete mandariinide aroomidest, mida tasakaalustavad valge t\u00fc\u00fcmian ja pat\u0161uli. Nore toaparf\u00fc\u00fcmid valmivad k\u00e4sit\u00f6\u00f6na looduslikust baasainest ning k\u00f5rgekvaliteedilistest aroomi\u00f5lidest. Pihustage toaparf\u00fc\u00fcmi 2-3 korda \u00f5hku, intensiivsema l\u00f5hna saamiseks korrake. V\u00e4ltige toaparf\u00fc\u00fcmi pihustamist otse esemetele v\u00f5i materjalidele. Parf\u00fc\u00fcm v\u00f5ib kahjustada tekstiilist, klaasist, puidust v\u00f5i plastist pindasid. Toaparf\u00fc\u00fcm ei ole m\u00f5eldud kasutamiseks isikliku parf\u00fc\u00fcmina. [&hellip;]\" \/>\n<meta property=\"og:url\" content=\"https:\/\/ruuby.ee\/en\/pood\/kodusisustus\/ruumilohnastajad\/nore-toaparfuum-laim-basiilik-mandariin\/\" \/>\n<meta property=\"og:site_name\" content=\"RUUBY\" \/>\n<meta property=\"article:publisher\" content=\"https:\/\/www.facebook.com\/ruubyconcept\" \/>\n<meta property=\"article:modified_time\" content=\"2026-04-03T22:24:51+00:00\" \/>\n<meta property=\"og:image\" content=\"https:\/\/ruuby.ee\/wp-content\/uploads\/2025\/07\/Screenshot-2025-07-08-at-10.32.53.png\" \/>\n\t<meta property=\"og:image:width\" content=\"888\" \/>\n\t<meta property=\"og:image:height\" content=\"1120\" \/>\n\t<meta property=\"og:image:type\" content=\"image\/png\" \/>\n<meta name=\"twitter:card\" content=\"summary_large_image\" \/>\n<meta name=\"twitter:label1\" content=\"Estimated reading time\" \/>\n\t<meta name=\"twitter:data1\" content=\"1 minute\" \/>\n<script type=\"application\/ld+json\" class=\"yoast-schema-graph\">{\"@context\":\"https:\/\/schema.org\",\"@graph\":[{\"@type\":[\"WebPage\",\"ItemPage\"],\"@id\":\"https:\/\/ruuby.ee\/en\/pood\/kodusisustus\/ruumilohnastajad\/nore-toaparfuum-laim-basiilik-mandariin\/\",\"url\":\"https:\/\/ruuby.ee\/en\/pood\/kodusisustus\/ruumilohnastajad\/nore-toaparfuum-laim-basiilik-mandariin\/\",\"name\":\"NORE toaparf\u00fc\u00fcm, Laim-basiilik-mandariin - RUUBY\",\"isPartOf\":{\"@id\":\"https:\/\/ruuby.ee\/en\/#website\"},\"primaryImageOfPage\":{\"@id\":\"https:\/\/ruuby.ee\/en\/pood\/kodusisustus\/ruumilohnastajad\/nore-toaparfuum-laim-basiilik-mandariin\/#primaryimage\"},\"image\":{\"@id\":\"https:\/\/ruuby.ee\/en\/pood\/kodusisustus\/ruumilohnastajad\/nore-toaparfuum-laim-basiilik-mandariin\/#primaryimage\"},\"thumbnailUrl\":\"http:\/\/ruuby.ee\/wp-content\/uploads\/2025\/07\/Screenshot-2025-07-08-at-10.32.53.png\",\"datePublished\":\"2025-07-06T11:17:47+00:00\",\"dateModified\":\"2026-04-03T22:24:51+00:00\",\"breadcrumb\":{\"@id\":\"https:\/\/ruuby.ee\/en\/pood\/kodusisustus\/ruumilohnastajad\/nore-toaparfuum-laim-basiilik-mandariin\/#breadcrumb\"},\"inLanguage\":\"en-GB\",\"potentialAction\":[{\"@type\":\"ReadAction\",\"target\":[\"https:\/\/ruuby.ee\/en\/pood\/kodusisustus\/ruumilohnastajad\/nore-toaparfuum-laim-basiilik-mandariin\/\"]}]},{\"@type\":\"ImageObject\",\"inLanguage\":\"en-GB\",\"@id\":\"https:\/\/ruuby.ee\/en\/pood\/kodusisustus\/ruumilohnastajad\/nore-toaparfuum-laim-basiilik-mandariin\/#primaryimage\",\"url\":\"http:\/\/ruuby.ee\/wp-content\/uploads\/2025\/07\/Screenshot-2025-07-08-at-10.32.53.png\",\"contentUrl\":\"http:\/\/ruuby.ee\/wp-content\/uploads\/2025\/07\/Screenshot-2025-07-08-at-10.32.53.png\",\"width\":888,\"height\":1120},{\"@type\":\"BreadcrumbList\",\"@id\":\"https:\/\/ruuby.ee\/en\/pood\/kodusisustus\/ruumilohnastajad\/nore-toaparfuum-laim-basiilik-mandariin\/#breadcrumb\",\"itemListElement\":[{\"@type\":\"ListItem\",\"position\":1,\"name\":\"Kdu\",\"item\":\"https:\/\/ruuby.ee\/en\/\"},{\"@type\":\"ListItem\",\"position\":2,\"name\":\"Pood\",\"item\":\"https:\/\/ruuby.ee\/pood\/\"},{\"@type\":\"ListItem\",\"position\":3,\"name\":\"NORE toaparf\u00fc\u00fcm, Laim-basiilik-mandariin\"}]},{\"@type\":\"WebSite\",\"@id\":\"https:\/\/ruuby.ee\/en\/#website\",\"url\":\"https:\/\/ruuby.ee\/en\/\",\"name\":\"RUUBY\",\"description\":\"Ruubys on \u00fchendatud elustiil ja disain\",\"publisher\":{\"@id\":\"https:\/\/ruuby.ee\/en\/#organization\"},\"alternateName\":\"Ruuby Disain\",\"potentialAction\":[{\"@type\":\"SearchAction\",\"target\":{\"@type\":\"EntryPoint\",\"urlTemplate\":\"https:\/\/ruuby.ee\/en\/?s={search_term_string}\"},\"query-input\":{\"@type\":\"PropertyValueSpecification\",\"valueRequired\":true,\"valueName\":\"search_term_string\"}}],\"inLanguage\":\"en-GB\"},{\"@type\":\"Organization\",\"@id\":\"https:\/\/ruuby.ee\/en\/#organization\",\"name\":\"Ruuby Disain O\u00dc\",\"alternateName\":\"Ruuby\",\"url\":\"https:\/\/ruuby.ee\/en\/\",\"logo\":{\"@type\":\"ImageObject\",\"inLanguage\":\"en-GB\",\"@id\":\"https:\/\/ruuby.ee\/en\/#\/schema\/logo\/image\/\",\"url\":\"http:\/\/ruuby.ee\/wp-content\/uploads\/2023\/06\/cropped-Black-White-Elegant-Circle-Signature-Fashion-Logo-12_large.png\",\"contentUrl\":\"http:\/\/ruuby.ee\/wp-content\/uploads\/2023\/06\/cropped-Black-White-Elegant-Circle-Signature-Fashion-Logo-12_large.png\",\"width\":1280,\"height\":747,\"caption\":\"Ruuby Disain O\u00dc\"},\"image\":{\"@id\":\"https:\/\/ruuby.ee\/en\/#\/schema\/logo\/image\/\"},\"sameAs\":[\"https:\/\/www.facebook.com\/ruubyconcept\",\"https:\/\/www.instagram.com\/ruuby_concept\/\"]}]}<\/script>\n<!-- \/ Yoast SEO plugin. -->","yoast_head_json":{"title":"NORE toaparf\u00fc\u00fcm, Laim-basiilik-mandariin - RUUBY","robots":{"index":"index","follow":"follow","max-snippet":"max-snippet:-1","max-image-preview":"max-image-preview:large","max-video-preview":"max-video-preview:-1"},"canonical":"https:\/\/ruuby.ee\/en\/pood\/kodusisustus\/ruumilohnastajad\/nore-toaparfuum-laim-basiilik-mandariin\/","og_locale":"en_GB","og_type":"article","og_title":"NORE toaparf\u00fc\u00fcm, Laim-basiilik-mandariin - RUUBY","og_description":"Lummav kooslus laimi, basiiliku ja k\u00fcpsete mandariinide aroomidest, mida tasakaalustavad valge t\u00fc\u00fcmian ja pat\u0161uli. Nore toaparf\u00fc\u00fcmid valmivad k\u00e4sit\u00f6\u00f6na looduslikust baasainest ning k\u00f5rgekvaliteedilistest aroomi\u00f5lidest. Pihustage toaparf\u00fc\u00fcmi 2-3 korda \u00f5hku, intensiivsema l\u00f5hna saamiseks korrake. V\u00e4ltige toaparf\u00fc\u00fcmi pihustamist otse esemetele v\u00f5i materjalidele. Parf\u00fc\u00fcm v\u00f5ib kahjustada tekstiilist, klaasist, puidust v\u00f5i plastist pindasid. Toaparf\u00fc\u00fcm ei ole m\u00f5eldud kasutamiseks isikliku parf\u00fc\u00fcmina. [&hellip;]","og_url":"https:\/\/ruuby.ee\/en\/pood\/kodusisustus\/ruumilohnastajad\/nore-toaparfuum-laim-basiilik-mandariin\/","og_site_name":"RUUBY","article_publisher":"https:\/\/www.facebook.com\/ruubyconcept","article_modified_time":"2026-04-03T22:24:51+00:00","og_image":[{"width":888,"height":1120,"url":"https:\/\/ruuby.ee\/wp-content\/uploads\/2025\/07\/Screenshot-2025-07-08-at-10.32.53.png","type":"image\/png"}],"twitter_card":"summary_large_image","twitter_misc":{"Estimated reading time":"1 minute"},"schema":{"@context":"https:\/\/schema.org","@graph":[{"@type":["WebPage","ItemPage"],"@id":"https:\/\/ruuby.ee\/en\/pood\/kodusisustus\/ruumilohnastajad\/nore-toaparfuum-laim-basiilik-mandariin\/","url":"https:\/\/ruuby.ee\/en\/pood\/kodusisustus\/ruumilohnastajad\/nore-toaparfuum-laim-basiilik-mandariin\/","name":"NORE toaparf\u00fc\u00fcm, Laim-basiilik-mandariin - RUUBY","isPartOf":{"@id":"https:\/\/ruuby.ee\/en\/#website"},"primaryImageOfPage":{"@id":"https:\/\/ruuby.ee\/en\/pood\/kodusisustus\/ruumilohnastajad\/nore-toaparfuum-laim-basiilik-mandariin\/#primaryimage"},"image":{"@id":"https:\/\/ruuby.ee\/en\/pood\/kodusisustus\/ruumilohnastajad\/nore-toaparfuum-laim-basiilik-mandariin\/#primaryimage"},"thumbnailUrl":"http:\/\/ruuby.ee\/wp-content\/uploads\/2025\/07\/Screenshot-2025-07-08-at-10.32.53.png","datePublished":"2025-07-06T11:17:47+00:00","dateModified":"2026-04-03T22:24:51+00:00","breadcrumb":{"@id":"https:\/\/ruuby.ee\/en\/pood\/kodusisustus\/ruumilohnastajad\/nore-toaparfuum-laim-basiilik-mandariin\/#breadcrumb"},"inLanguage":"en-GB","potentialAction":[{"@type":"ReadAction","target":["https:\/\/ruuby.ee\/en\/pood\/kodusisustus\/ruumilohnastajad\/nore-toaparfuum-laim-basiilik-mandariin\/"]}]},{"@type":"ImageObject","inLanguage":"en-GB","@id":"https:\/\/ruuby.ee\/en\/pood\/kodusisustus\/ruumilohnastajad\/nore-toaparfuum-laim-basiilik-mandariin\/#primaryimage","url":"http:\/\/ruuby.ee\/wp-content\/uploads\/2025\/07\/Screenshot-2025-07-08-at-10.32.53.png","contentUrl":"http:\/\/ruuby.ee\/wp-content\/uploads\/2025\/07\/Screenshot-2025-07-08-at-10.32.53.png","width":888,"height":1120},{"@type":"BreadcrumbList","@id":"https:\/\/ruuby.ee\/en\/pood\/kodusisustus\/ruumilohnastajad\/nore-toaparfuum-laim-basiilik-mandariin\/#breadcrumb","itemListElement":[{"@type":"ListItem","position":1,"name":"Kdu","item":"https:\/\/ruuby.ee\/en\/"},{"@type":"ListItem","position":2,"name":"Pood","item":"https:\/\/ruuby.ee\/pood\/"},{"@type":"ListItem","position":3,"name":"NORE toaparf\u00fc\u00fcm, Laim-basiilik-mandariin"}]},{"@type":"WebSite","@id":"https:\/\/ruuby.ee\/en\/#website","url":"https:\/\/ruuby.ee\/en\/","name":"RUUBY","description":"Ruubys on \u00fchendatud elustiil ja disain","publisher":{"@id":"https:\/\/ruuby.ee\/en\/#organization"},"alternateName":"Ruuby Disain","potentialAction":[{"@type":"SearchAction","target":{"@type":"EntryPoint","urlTemplate":"https:\/\/ruuby.ee\/en\/?s={search_term_string}"},"query-input":{"@type":"PropertyValueSpecification","valueRequired":true,"valueName":"search_term_string"}}],"inLanguage":"en-GB"},{"@type":"Organization","@id":"https:\/\/ruuby.ee\/en\/#organization","name":"Ruuby Disain O\u00dc","alternateName":"Ruuby","url":"https:\/\/ruuby.ee\/en\/","logo":{"@type":"ImageObject","inLanguage":"en-GB","@id":"https:\/\/ruuby.ee\/en\/#\/schema\/logo\/image\/","url":"http:\/\/ruuby.ee\/wp-content\/uploads\/2023\/06\/cropped-Black-White-Elegant-Circle-Signature-Fashion-Logo-12_large.png","contentUrl":"http:\/\/ruuby.ee\/wp-content\/uploads\/2023\/06\/cropped-Black-White-Elegant-Circle-Signature-Fashion-Logo-12_large.png","width":1280,"height":747,"caption":"Ruuby Disain O\u00dc"},"image":{"@id":"https:\/\/ruuby.ee\/en\/#\/schema\/logo\/image\/"},"sameAs":["https:\/\/www.facebook.com\/ruubyconcept","https:\/\/www.instagram.com\/ruuby_concept\/"]}]}},"jetpack_sharing_enabled":true,"_links":{"self":[{"href":"http:\/\/ruuby.ee\/en\/wp-json\/wp\/v2\/product\/1854123","targetHints":{"allow":["GET"]}}],"collection":[{"href":"http:\/\/ruuby.ee\/en\/wp-json\/wp\/v2\/product"}],"about":[{"href":"http:\/\/ruuby.ee\/en\/wp-json\/wp\/v2\/types\/product"}],"replies":[{"embeddable":true,"href":"http:\/\/ruuby.ee\/en\/wp-json\/wp\/v2\/comments?post=1854123"}],"wp:featuredmedia":[{"embeddable":true,"href":"http:\/\/ruuby.ee\/en\/wp-json\/wp\/v2\/media\/1854207"}],"wp:attachment":[{"href":"http:\/\/ruuby.ee\/en\/wp-json\/wp\/v2\/media?parent=1854123"}],"wp:term":[{"taxonomy":"product_brand","embeddable":true,"href":"http:\/\/ruuby.ee\/en\/wp-json\/wp\/v2\/product_brand?post=1854123"},{"taxonomy":"product_cat","embeddable":true,"href":"http:\/\/ruuby.ee\/en\/wp-json\/wp\/v2\/product_cat?post=1854123"},{"taxonomy":"product_tag","embeddable":true,"href":"http:\/\/ruuby.ee\/en\/wp-json\/wp\/v2\/product_tag?post=1854123"}],"curies":[{"name":"wp","href":"https:\/\/api.w.org\/{rel}","templated":true}]}}