{"id":1854120,"date":"2025-07-06T14:07:50","date_gmt":"2025-07-06T11:07:50","guid":{"rendered":"https:\/\/ruuby.ee\/pood\/maaratlemata\/nore-kuunal-apelsin-johvikas-kadakamari-220g\/"},"modified":"2026-04-04T01:24:51","modified_gmt":"2026-04-03T22:24:51","slug":"nore-kuunal-apelsin-johvikas-kadakamari-220g","status":"publish","type":"product","link":"http:\/\/ruuby.ee\/en\/pood\/kodusisustus\/kuunlad\/lohnakuunlad\/nore-kuunal-apelsin-johvikas-kadakamari-220g\/","title":{"rendered":"Nore k\u00fc\u00fcnal \u2013 Apelsin-j\u00f5hvikas-kadakamari 220g"},"content":{"rendered":"<p>Mahlane segu apelsinidest, j\u00f5hvikatest ja kadakamarjadest. L\u00f5hnale lisavad iseloomu leedrimarjad ja seederm\u00e4nni seemned.<\/p>\n<p>Nore k\u00fc\u00fcnlad valmivad k\u00e4sit\u00f6\u00f6na k\u00f5rgekvaliteedilistest aroomi\u00f5lidest ning 100% taimsest kookos-rapsivahast, mis ei sisalda parafiini ega s\u00fcnteetilisi lisandeid. K\u00f5rge kookose sisaldus k\u00fc\u00fcnlavahas pikendab p\u00f5lemisaega ning tagab k\u00fc\u00fcnla puhta p\u00f5lemise.<\/p>\n<p>Ligikaudne p\u00f5lemisaeg: 50 tundi<\/p>\n<p>Netokaal: 220g<\/p>\n<p>Kasutamine: P\u00f5leta k\u00fc\u00fcnalt alati kogu pealispinna sulamiseni, see tagab k\u00fc\u00fcnla \u00fchtlase sulamise. K\u00fc\u00fcnla kustutamiseks vajuta taht sulavaha sisse v\u00f5i kasuta k\u00fc\u00fcnlakustutajat. \u00c4ra puhu leeki \u00e4ra, nii v\u00e4ldid tahma tekkimist ja sulavaha laiali puhumist. L\u00f5ika alati enne uut kasutuskorda taht 5mm pikkuseks, nii v\u00e4ldid k\u00fc\u00fcnla eba\u00fchtlast p\u00f5lemist, tahma tekkimist ja k\u00fc\u00fcnlaklaasi \u00fclekuumenemist. \u00c4ra p\u00f5leta k\u00fc\u00fcnalt j\u00e4rjest \u00fcle 4 tunni, et v\u00e4ltida klaasi \u00fclekuumenemist. \u00c4ra p\u00f5leta k\u00fc\u00fcnalt j\u00e4relvalveta ega kergelt s\u00fcttivate esemete l\u00e4hedal. Hoia k\u00fc\u00fcnalt lastele ja loomadele k\u00e4ttesaamatus kohas.<\/p>\n<p>Tunne enda k\u00fc\u00fcnlast r\u00f5\u00f5mu!<\/p>","protected":false},"excerpt":{"rendered":"<p>Mahlane segu apelsinidest, j\u00f5hvikatest ja kadakamarjadest. L\u00f5hnale lisavad iseloomu leedrimarjad ja seederm\u00e4nni seemned. Nore k\u00fc\u00fcnlad valmivad k\u00e4sit\u00f6\u00f6na k\u00f5rgekvaliteedilistest aroomi\u00f5lidest ning 100% taimsest kookos-rapsivahast, mis ei sisalda parafiini ega s\u00fcnteetilisi lisandeid. K\u00f5rge kookose sisaldus k\u00fc\u00fcnlavahas pikendab p\u00f5lemisaega ning tagab k\u00fc\u00fcnla puhta p\u00f5lemise. Ligikaudne p\u00f5lemisaeg: 50 tundi Netokaal: 220g Kasutamine: P\u00f5leta k\u00fc\u00fcnalt alati kogu pealispinna sulamiseni, see [&hellip;]<\/p>\n","protected":false},"featured_media":1854213,"comment_status":"open","ping_status":"closed","template":"","meta":[],"product_brand":[],"product_cat":[42,54,739],"product_tag":[232,114],"class_list":{"0":"post-1854120","1":"product","2":"type-product","3":"status-publish","4":"has-post-thumbnail","6":"product_cat-kodusisustus","7":"product_cat-kuunlad","8":"product_cat-lohnakuunlad","9":"product_tag-lohnakuunal","10":"product_tag-nore","12":"first","13":"outofstock","14":"taxable","15":"shipping-taxable","16":"purchasable","17":"product-type-simple"},"yoast_head":"<!-- This site is optimized with the Yoast SEO plugin v27.2 - https:\/\/yoast.com\/product\/yoast-seo-wordpress\/ -->\n<title>Nore k\u00fc\u00fcnal \u2013 Apelsin-j\u00f5hvikas-kadakamari 220g - RUUBY<\/title>\n<meta name=\"robots\" content=\"index, follow, max-snippet:-1, max-image-preview:large, max-video-preview:-1\" \/>\n<link rel=\"canonical\" href=\"https:\/\/ruuby.ee\/en\/pood\/kodusisustus\/kuunlad\/lohnakuunlad\/nore-kuunal-apelsin-johvikas-kadakamari-220g\/\" \/>\n<meta property=\"og:locale\" content=\"en_GB\" \/>\n<meta property=\"og:type\" content=\"article\" \/>\n<meta property=\"og:title\" content=\"Nore k\u00fc\u00fcnal \u2013 Apelsin-j\u00f5hvikas-kadakamari 220g - RUUBY\" \/>\n<meta property=\"og:description\" content=\"Mahlane segu apelsinidest, j\u00f5hvikatest ja kadakamarjadest. L\u00f5hnale lisavad iseloomu leedrimarjad ja seederm\u00e4nni seemned. Nore k\u00fc\u00fcnlad valmivad k\u00e4sit\u00f6\u00f6na k\u00f5rgekvaliteedilistest aroomi\u00f5lidest ning 100% taimsest kookos-rapsivahast, mis ei sisalda parafiini ega s\u00fcnteetilisi lisandeid. K\u00f5rge kookose sisaldus k\u00fc\u00fcnlavahas pikendab p\u00f5lemisaega ning tagab k\u00fc\u00fcnla puhta p\u00f5lemise. Ligikaudne p\u00f5lemisaeg: 50 tundi Netokaal: 220g Kasutamine: P\u00f5leta k\u00fc\u00fcnalt alati kogu pealispinna sulamiseni, see [&hellip;]\" \/>\n<meta property=\"og:url\" content=\"https:\/\/ruuby.ee\/en\/pood\/kodusisustus\/kuunlad\/lohnakuunlad\/nore-kuunal-apelsin-johvikas-kadakamari-220g\/\" \/>\n<meta property=\"og:site_name\" content=\"RUUBY\" \/>\n<meta property=\"article:publisher\" content=\"https:\/\/www.facebook.com\/ruubyconcept\" \/>\n<meta property=\"article:modified_time\" content=\"2026-04-03T22:24:51+00:00\" \/>\n<meta property=\"og:image\" content=\"https:\/\/ruuby.ee\/wp-content\/uploads\/2025\/07\/Screenshot-2025-07-08-at-10.40.03.png\" \/>\n\t<meta property=\"og:image:width\" content=\"892\" \/>\n\t<meta property=\"og:image:height\" content=\"1122\" \/>\n\t<meta property=\"og:image:type\" content=\"image\/png\" \/>\n<meta name=\"twitter:card\" content=\"summary_large_image\" \/>\n<meta name=\"twitter:label1\" content=\"Estimated reading time\" \/>\n\t<meta name=\"twitter:data1\" content=\"1 minute\" \/>\n<script type=\"application\/ld+json\" class=\"yoast-schema-graph\">{\"@context\":\"https:\/\/schema.org\",\"@graph\":[{\"@type\":[\"WebPage\",\"ItemPage\"],\"@id\":\"https:\/\/ruuby.ee\/pood\/kodusisustus\/kuunlad\/lohnakuunlad\/nore-kuunal-apelsin-johvikas-kadakamari-220g\/\",\"url\":\"https:\/\/ruuby.ee\/pood\/kodusisustus\/kuunlad\/lohnakuunlad\/nore-kuunal-apelsin-johvikas-kadakamari-220g\/\",\"name\":\"Nore k\u00fc\u00fcnal \u2013 Apelsin-j\u00f5hvikas-kadakamari 220g - RUUBY\",\"isPartOf\":{\"@id\":\"https:\/\/ruuby.ee\/en\/#website\"},\"primaryImageOfPage\":{\"@id\":\"https:\/\/ruuby.ee\/pood\/kodusisustus\/kuunlad\/lohnakuunlad\/nore-kuunal-apelsin-johvikas-kadakamari-220g\/#primaryimage\"},\"image\":{\"@id\":\"https:\/\/ruuby.ee\/pood\/kodusisustus\/kuunlad\/lohnakuunlad\/nore-kuunal-apelsin-johvikas-kadakamari-220g\/#primaryimage\"},\"thumbnailUrl\":\"http:\/\/ruuby.ee\/wp-content\/uploads\/2025\/07\/Screenshot-2025-07-08-at-10.40.03.png\",\"datePublished\":\"2025-07-06T11:07:50+00:00\",\"dateModified\":\"2026-04-03T22:24:51+00:00\",\"breadcrumb\":{\"@id\":\"https:\/\/ruuby.ee\/pood\/kodusisustus\/kuunlad\/lohnakuunlad\/nore-kuunal-apelsin-johvikas-kadakamari-220g\/#breadcrumb\"},\"inLanguage\":\"en-GB\",\"potentialAction\":[{\"@type\":\"ReadAction\",\"target\":[\"https:\/\/ruuby.ee\/pood\/kodusisustus\/kuunlad\/lohnakuunlad\/nore-kuunal-apelsin-johvikas-kadakamari-220g\/\"]}]},{\"@type\":\"ImageObject\",\"inLanguage\":\"en-GB\",\"@id\":\"https:\/\/ruuby.ee\/pood\/kodusisustus\/kuunlad\/lohnakuunlad\/nore-kuunal-apelsin-johvikas-kadakamari-220g\/#primaryimage\",\"url\":\"http:\/\/ruuby.ee\/wp-content\/uploads\/2025\/07\/Screenshot-2025-07-08-at-10.40.03.png\",\"contentUrl\":\"http:\/\/ruuby.ee\/wp-content\/uploads\/2025\/07\/Screenshot-2025-07-08-at-10.40.03.png\",\"width\":892,\"height\":1122},{\"@type\":\"BreadcrumbList\",\"@id\":\"https:\/\/ruuby.ee\/pood\/kodusisustus\/kuunlad\/lohnakuunlad\/nore-kuunal-apelsin-johvikas-kadakamari-220g\/#breadcrumb\",\"itemListElement\":[{\"@type\":\"ListItem\",\"position\":1,\"name\":\"Kdu\",\"item\":\"https:\/\/ruuby.ee\/en\/\"},{\"@type\":\"ListItem\",\"position\":2,\"name\":\"Pood\",\"item\":\"https:\/\/ruuby.ee\/pood\/\"},{\"@type\":\"ListItem\",\"position\":3,\"name\":\"Nore k\u00fc\u00fcnal \u2013 Apelsin-j\u00f5hvikas-kadakamari 220g\"}]},{\"@type\":\"WebSite\",\"@id\":\"https:\/\/ruuby.ee\/en\/#website\",\"url\":\"https:\/\/ruuby.ee\/en\/\",\"name\":\"RUUBY\",\"description\":\"Ruubys on \u00fchendatud elustiil ja disain\",\"publisher\":{\"@id\":\"https:\/\/ruuby.ee\/en\/#organization\"},\"alternateName\":\"Ruuby Disain\",\"potentialAction\":[{\"@type\":\"SearchAction\",\"target\":{\"@type\":\"EntryPoint\",\"urlTemplate\":\"https:\/\/ruuby.ee\/en\/?s={search_term_string}\"},\"query-input\":{\"@type\":\"PropertyValueSpecification\",\"valueRequired\":true,\"valueName\":\"search_term_string\"}}],\"inLanguage\":\"en-GB\"},{\"@type\":\"Organization\",\"@id\":\"https:\/\/ruuby.ee\/en\/#organization\",\"name\":\"Ruuby Disain O\u00dc\",\"alternateName\":\"Ruuby\",\"url\":\"https:\/\/ruuby.ee\/en\/\",\"logo\":{\"@type\":\"ImageObject\",\"inLanguage\":\"en-GB\",\"@id\":\"https:\/\/ruuby.ee\/en\/#\/schema\/logo\/image\/\",\"url\":\"http:\/\/ruuby.ee\/wp-content\/uploads\/2023\/06\/cropped-Black-White-Elegant-Circle-Signature-Fashion-Logo-12_large.png\",\"contentUrl\":\"http:\/\/ruuby.ee\/wp-content\/uploads\/2023\/06\/cropped-Black-White-Elegant-Circle-Signature-Fashion-Logo-12_large.png\",\"width\":1280,\"height\":747,\"caption\":\"Ruuby Disain O\u00dc\"},\"image\":{\"@id\":\"https:\/\/ruuby.ee\/en\/#\/schema\/logo\/image\/\"},\"sameAs\":[\"https:\/\/www.facebook.com\/ruubyconcept\",\"https:\/\/www.instagram.com\/ruuby_concept\/\"]}]}<\/script>\n<!-- \/ Yoast SEO plugin. -->","yoast_head_json":{"title":"Nore k\u00fc\u00fcnal \u2013 Apelsin-j\u00f5hvikas-kadakamari 220g - RUUBY","robots":{"index":"index","follow":"follow","max-snippet":"max-snippet:-1","max-image-preview":"max-image-preview:large","max-video-preview":"max-video-preview:-1"},"canonical":"https:\/\/ruuby.ee\/en\/pood\/kodusisustus\/kuunlad\/lohnakuunlad\/nore-kuunal-apelsin-johvikas-kadakamari-220g\/","og_locale":"en_GB","og_type":"article","og_title":"Nore k\u00fc\u00fcnal \u2013 Apelsin-j\u00f5hvikas-kadakamari 220g - RUUBY","og_description":"Mahlane segu apelsinidest, j\u00f5hvikatest ja kadakamarjadest. L\u00f5hnale lisavad iseloomu leedrimarjad ja seederm\u00e4nni seemned. Nore k\u00fc\u00fcnlad valmivad k\u00e4sit\u00f6\u00f6na k\u00f5rgekvaliteedilistest aroomi\u00f5lidest ning 100% taimsest kookos-rapsivahast, mis ei sisalda parafiini ega s\u00fcnteetilisi lisandeid. K\u00f5rge kookose sisaldus k\u00fc\u00fcnlavahas pikendab p\u00f5lemisaega ning tagab k\u00fc\u00fcnla puhta p\u00f5lemise. Ligikaudne p\u00f5lemisaeg: 50 tundi Netokaal: 220g Kasutamine: P\u00f5leta k\u00fc\u00fcnalt alati kogu pealispinna sulamiseni, see [&hellip;]","og_url":"https:\/\/ruuby.ee\/en\/pood\/kodusisustus\/kuunlad\/lohnakuunlad\/nore-kuunal-apelsin-johvikas-kadakamari-220g\/","og_site_name":"RUUBY","article_publisher":"https:\/\/www.facebook.com\/ruubyconcept","article_modified_time":"2026-04-03T22:24:51+00:00","og_image":[{"width":892,"height":1122,"url":"https:\/\/ruuby.ee\/wp-content\/uploads\/2025\/07\/Screenshot-2025-07-08-at-10.40.03.png","type":"image\/png"}],"twitter_card":"summary_large_image","twitter_misc":{"Estimated reading time":"1 minute"},"schema":{"@context":"https:\/\/schema.org","@graph":[{"@type":["WebPage","ItemPage"],"@id":"https:\/\/ruuby.ee\/pood\/kodusisustus\/kuunlad\/lohnakuunlad\/nore-kuunal-apelsin-johvikas-kadakamari-220g\/","url":"https:\/\/ruuby.ee\/pood\/kodusisustus\/kuunlad\/lohnakuunlad\/nore-kuunal-apelsin-johvikas-kadakamari-220g\/","name":"Nore k\u00fc\u00fcnal \u2013 Apelsin-j\u00f5hvikas-kadakamari 220g - RUUBY","isPartOf":{"@id":"https:\/\/ruuby.ee\/en\/#website"},"primaryImageOfPage":{"@id":"https:\/\/ruuby.ee\/pood\/kodusisustus\/kuunlad\/lohnakuunlad\/nore-kuunal-apelsin-johvikas-kadakamari-220g\/#primaryimage"},"image":{"@id":"https:\/\/ruuby.ee\/pood\/kodusisustus\/kuunlad\/lohnakuunlad\/nore-kuunal-apelsin-johvikas-kadakamari-220g\/#primaryimage"},"thumbnailUrl":"http:\/\/ruuby.ee\/wp-content\/uploads\/2025\/07\/Screenshot-2025-07-08-at-10.40.03.png","datePublished":"2025-07-06T11:07:50+00:00","dateModified":"2026-04-03T22:24:51+00:00","breadcrumb":{"@id":"https:\/\/ruuby.ee\/pood\/kodusisustus\/kuunlad\/lohnakuunlad\/nore-kuunal-apelsin-johvikas-kadakamari-220g\/#breadcrumb"},"inLanguage":"en-GB","potentialAction":[{"@type":"ReadAction","target":["https:\/\/ruuby.ee\/pood\/kodusisustus\/kuunlad\/lohnakuunlad\/nore-kuunal-apelsin-johvikas-kadakamari-220g\/"]}]},{"@type":"ImageObject","inLanguage":"en-GB","@id":"https:\/\/ruuby.ee\/pood\/kodusisustus\/kuunlad\/lohnakuunlad\/nore-kuunal-apelsin-johvikas-kadakamari-220g\/#primaryimage","url":"http:\/\/ruuby.ee\/wp-content\/uploads\/2025\/07\/Screenshot-2025-07-08-at-10.40.03.png","contentUrl":"http:\/\/ruuby.ee\/wp-content\/uploads\/2025\/07\/Screenshot-2025-07-08-at-10.40.03.png","width":892,"height":1122},{"@type":"BreadcrumbList","@id":"https:\/\/ruuby.ee\/pood\/kodusisustus\/kuunlad\/lohnakuunlad\/nore-kuunal-apelsin-johvikas-kadakamari-220g\/#breadcrumb","itemListElement":[{"@type":"ListItem","position":1,"name":"Kdu","item":"https:\/\/ruuby.ee\/en\/"},{"@type":"ListItem","position":2,"name":"Pood","item":"https:\/\/ruuby.ee\/pood\/"},{"@type":"ListItem","position":3,"name":"Nore k\u00fc\u00fcnal \u2013 Apelsin-j\u00f5hvikas-kadakamari 220g"}]},{"@type":"WebSite","@id":"https:\/\/ruuby.ee\/en\/#website","url":"https:\/\/ruuby.ee\/en\/","name":"RUUBY","description":"Ruubys on \u00fchendatud elustiil ja disain","publisher":{"@id":"https:\/\/ruuby.ee\/en\/#organization"},"alternateName":"Ruuby Disain","potentialAction":[{"@type":"SearchAction","target":{"@type":"EntryPoint","urlTemplate":"https:\/\/ruuby.ee\/en\/?s={search_term_string}"},"query-input":{"@type":"PropertyValueSpecification","valueRequired":true,"valueName":"search_term_string"}}],"inLanguage":"en-GB"},{"@type":"Organization","@id":"https:\/\/ruuby.ee\/en\/#organization","name":"Ruuby Disain O\u00dc","alternateName":"Ruuby","url":"https:\/\/ruuby.ee\/en\/","logo":{"@type":"ImageObject","inLanguage":"en-GB","@id":"https:\/\/ruuby.ee\/en\/#\/schema\/logo\/image\/","url":"http:\/\/ruuby.ee\/wp-content\/uploads\/2023\/06\/cropped-Black-White-Elegant-Circle-Signature-Fashion-Logo-12_large.png","contentUrl":"http:\/\/ruuby.ee\/wp-content\/uploads\/2023\/06\/cropped-Black-White-Elegant-Circle-Signature-Fashion-Logo-12_large.png","width":1280,"height":747,"caption":"Ruuby Disain O\u00dc"},"image":{"@id":"https:\/\/ruuby.ee\/en\/#\/schema\/logo\/image\/"},"sameAs":["https:\/\/www.facebook.com\/ruubyconcept","https:\/\/www.instagram.com\/ruuby_concept\/"]}]}},"jetpack_sharing_enabled":true,"_links":{"self":[{"href":"http:\/\/ruuby.ee\/en\/wp-json\/wp\/v2\/product\/1854120","targetHints":{"allow":["GET"]}}],"collection":[{"href":"http:\/\/ruuby.ee\/en\/wp-json\/wp\/v2\/product"}],"about":[{"href":"http:\/\/ruuby.ee\/en\/wp-json\/wp\/v2\/types\/product"}],"replies":[{"embeddable":true,"href":"http:\/\/ruuby.ee\/en\/wp-json\/wp\/v2\/comments?post=1854120"}],"wp:featuredmedia":[{"embeddable":true,"href":"http:\/\/ruuby.ee\/en\/wp-json\/wp\/v2\/media\/1854213"}],"wp:attachment":[{"href":"http:\/\/ruuby.ee\/en\/wp-json\/wp\/v2\/media?parent=1854120"}],"wp:term":[{"taxonomy":"product_brand","embeddable":true,"href":"http:\/\/ruuby.ee\/en\/wp-json\/wp\/v2\/product_brand?post=1854120"},{"taxonomy":"product_cat","embeddable":true,"href":"http:\/\/ruuby.ee\/en\/wp-json\/wp\/v2\/product_cat?post=1854120"},{"taxonomy":"product_tag","embeddable":true,"href":"http:\/\/ruuby.ee\/en\/wp-json\/wp\/v2\/product_tag?post=1854120"}],"curies":[{"name":"wp","href":"https:\/\/api.w.org\/{rel}","templated":true}]}}