{"id":1854036,"date":"2025-07-04T22:04:16","date_gmt":"2025-07-04T19:04:16","guid":{"rendered":"https:\/\/ruuby.ee\/pood\/maaratlemata\/happy-socks-2ne-kinkekomplekt-mini-me-froggys-41-2-3y\/"},"modified":"2026-04-05T01:25:19","modified_gmt":"2026-04-04T22:25:19","slug":"happy-socks-2ne-kinkekomplekt-mini-me-froggys-41-2-3y","status":"publish","type":"product","link":"http:\/\/ruuby.ee\/en\/pood\/aksessuaarid\/sokid\/happy-socks-2ne-kinkekomplekt-mini-me-froggys-41-2-3y\/","title":{"rendered":"HAPPY SOCKS &#8211; 2ne kinkekomplekt,  Mini &amp; Me Froggys, 41\/2-3Y"},"content":{"rendered":"<p>Sobita minisokkidega meie topeltl\u00f5busate kahesokkide komplektis nii suurtele kui ka v\u00e4ikestele konnadele. H\u00fcppa l\u00f5bu sisse kahe Mini &amp; Me Froggys kinkekomplektiga, mis sisaldab armsat konnateemaliste sokkide paari sobivates suurustes. M\u00e4nguline disain kujutab r\u00f5\u00f5msameelset rohelist konnategelast erksal taustal, luues v\u00f5luva visuaalse efekti. See komplekt sobib ideaalselt lastele, kellele meeldib neid oma mini-minaga sobitada, v\u00f5i vanematele, kes otsivad l\u00f5busat viisi oma pisikese garderoobi isikup\u00e4ra lisamiseks. Konnasokkide erksad v\u00e4rvid ja veider muster muudavad need ideaalseks valikuks nii igap\u00e4evaseks kandmiseks kui ka eriliseks maiuspalaks.<\/p>\n<p>T\u00e4iuslik kingitus: lastele, kes armastavad kahepaiksetest s\u00f5pru.<\/p>\n<ul>\n<li>Tugevdatud kand ja varvas<\/li>\n<li>Nimesilt<\/li>\n<li>Orgaanilise puuvilla segu<\/li>\n<li>Taaskasutatud segu<\/li>\n<\/ul>\n<p>Materjalid:<\/p>\n<p>TOODE 1: 86% puuvill, 12% pol\u00fcamiid, 2% elastaan<br \/>\nTOODE 2: 77% puuvill, 22% pol\u00fcamiid, 1% elastaan<\/p>","protected":false},"excerpt":{"rendered":"<p>Sobita minisokkidega meie topeltl\u00f5busate kahesokkide komplektis nii suurtele kui ka v\u00e4ikestele konnadele. H\u00fcppa l\u00f5bu sisse kahe Mini &amp; Me Froggys kinkekomplektiga, mis sisaldab armsat konnateemaliste sokkide paari sobivates suurustes. M\u00e4nguline disain kujutab r\u00f5\u00f5msameelset rohelist konnategelast erksal taustal, luues v\u00f5luva visuaalse efekti. See komplekt sobib ideaalselt lastele, kellele meeldib neid oma mini-minaga sobitada, v\u00f5i vanematele, kes [&hellip;]<\/p>\n","protected":false},"featured_media":1854101,"comment_status":"open","ping_status":"closed","template":"","meta":[],"product_brand":[],"product_cat":[43,792],"product_tag":[793,279],"class_list":{"0":"post-1854036","1":"product","2":"type-product","3":"status-publish","4":"has-post-thumbnail","6":"product_cat-aksessuaarid","7":"product_cat-sokid","8":"product_tag-happy-socks","9":"product_tag-kinkekomplekt","11":"first","12":"instock","13":"taxable","14":"shipping-taxable","15":"purchasable","16":"product-type-simple"},"yoast_head":"<!-- This site is optimized with the Yoast SEO plugin v27.2 - https:\/\/yoast.com\/product\/yoast-seo-wordpress\/ -->\n<title>HAPPY SOCKS - 2ne kinkekomplekt, Mini &amp; Me Froggys, 41\/2-3Y - RUUBY<\/title>\n<meta name=\"robots\" content=\"index, follow, max-snippet:-1, max-image-preview:large, max-video-preview:-1\" \/>\n<link rel=\"canonical\" href=\"http:\/\/ruuby.ee\/en\/pood\/aksessuaarid\/sokid\/happy-socks-2ne-kinkekomplekt-mini-me-froggys-41-2-3y\/\" \/>\n<meta property=\"og:locale\" content=\"en_GB\" \/>\n<meta property=\"og:type\" content=\"article\" \/>\n<meta property=\"og:title\" content=\"HAPPY SOCKS - 2ne kinkekomplekt, Mini &amp; Me Froggys, 41\/2-3Y - RUUBY\" \/>\n<meta property=\"og:description\" content=\"Sobita minisokkidega meie topeltl\u00f5busate kahesokkide komplektis nii suurtele kui ka v\u00e4ikestele konnadele. H\u00fcppa l\u00f5bu sisse kahe Mini &amp; Me Froggys kinkekomplektiga, mis sisaldab armsat konnateemaliste sokkide paari sobivates suurustes. M\u00e4nguline disain kujutab r\u00f5\u00f5msameelset rohelist konnategelast erksal taustal, luues v\u00f5luva visuaalse efekti. See komplekt sobib ideaalselt lastele, kellele meeldib neid oma mini-minaga sobitada, v\u00f5i vanematele, kes [&hellip;]\" \/>\n<meta property=\"og:url\" content=\"http:\/\/ruuby.ee\/en\/pood\/aksessuaarid\/sokid\/happy-socks-2ne-kinkekomplekt-mini-me-froggys-41-2-3y\/\" \/>\n<meta property=\"og:site_name\" content=\"RUUBY\" \/>\n<meta property=\"article:publisher\" content=\"https:\/\/www.facebook.com\/ruubyconcept\" \/>\n<meta property=\"article:modified_time\" content=\"2026-04-04T22:25:19+00:00\" \/>\n<meta property=\"og:image\" content=\"http:\/\/ruuby.ee\/wp-content\/uploads\/2025\/07\/Screenshot-2025-07-05-at-19.54.04.png\" \/>\n\t<meta property=\"og:image:width\" content=\"1482\" \/>\n\t<meta property=\"og:image:height\" content=\"1096\" \/>\n\t<meta property=\"og:image:type\" content=\"image\/png\" \/>\n<meta name=\"twitter:card\" content=\"summary_large_image\" \/>\n<meta name=\"twitter:label1\" content=\"Estimated reading time\" \/>\n\t<meta name=\"twitter:data1\" content=\"1 minute\" \/>\n<script type=\"application\/ld+json\" class=\"yoast-schema-graph\">{\"@context\":\"https:\/\/schema.org\",\"@graph\":[{\"@type\":[\"WebPage\",\"ItemPage\"],\"@id\":\"http:\/\/ruuby.ee\/en\/pood\/aksessuaarid\/sokid\/happy-socks-2ne-kinkekomplekt-mini-me-froggys-41-2-3y\/\",\"url\":\"http:\/\/ruuby.ee\/en\/pood\/aksessuaarid\/sokid\/happy-socks-2ne-kinkekomplekt-mini-me-froggys-41-2-3y\/\",\"name\":\"HAPPY SOCKS - 2ne kinkekomplekt, Mini &amp; Me Froggys, 41\/2-3Y - RUUBY\",\"isPartOf\":{\"@id\":\"http:\/\/ruuby.ee\/#website\"},\"primaryImageOfPage\":{\"@id\":\"http:\/\/ruuby.ee\/en\/pood\/aksessuaarid\/sokid\/happy-socks-2ne-kinkekomplekt-mini-me-froggys-41-2-3y\/#primaryimage\"},\"image\":{\"@id\":\"http:\/\/ruuby.ee\/en\/pood\/aksessuaarid\/sokid\/happy-socks-2ne-kinkekomplekt-mini-me-froggys-41-2-3y\/#primaryimage\"},\"thumbnailUrl\":\"http:\/\/ruuby.ee\/wp-content\/uploads\/2025\/07\/Screenshot-2025-07-05-at-19.54.04.png\",\"datePublished\":\"2025-07-04T19:04:16+00:00\",\"dateModified\":\"2026-04-04T22:25:19+00:00\",\"breadcrumb\":{\"@id\":\"http:\/\/ruuby.ee\/en\/pood\/aksessuaarid\/sokid\/happy-socks-2ne-kinkekomplekt-mini-me-froggys-41-2-3y\/#breadcrumb\"},\"inLanguage\":\"en-GB\",\"potentialAction\":[{\"@type\":\"ReadAction\",\"target\":[\"http:\/\/ruuby.ee\/en\/pood\/aksessuaarid\/sokid\/happy-socks-2ne-kinkekomplekt-mini-me-froggys-41-2-3y\/\"]}]},{\"@type\":\"ImageObject\",\"inLanguage\":\"en-GB\",\"@id\":\"http:\/\/ruuby.ee\/en\/pood\/aksessuaarid\/sokid\/happy-socks-2ne-kinkekomplekt-mini-me-froggys-41-2-3y\/#primaryimage\",\"url\":\"http:\/\/ruuby.ee\/wp-content\/uploads\/2025\/07\/Screenshot-2025-07-05-at-19.54.04.png\",\"contentUrl\":\"http:\/\/ruuby.ee\/wp-content\/uploads\/2025\/07\/Screenshot-2025-07-05-at-19.54.04.png\",\"width\":1482,\"height\":1096},{\"@type\":\"BreadcrumbList\",\"@id\":\"http:\/\/ruuby.ee\/en\/pood\/aksessuaarid\/sokid\/happy-socks-2ne-kinkekomplekt-mini-me-froggys-41-2-3y\/#breadcrumb\",\"itemListElement\":[{\"@type\":\"ListItem\",\"position\":1,\"name\":\"Kdu\",\"item\":\"http:\/\/ruuby.ee\/\"},{\"@type\":\"ListItem\",\"position\":2,\"name\":\"Pood\",\"item\":\"https:\/\/ruuby.ee\/en\/pood\/\"},{\"@type\":\"ListItem\",\"position\":3,\"name\":\"HAPPY SOCKS &#8211; 2ne kinkekomplekt, Mini &amp; Me Froggys, 41\/2-3Y\"}]},{\"@type\":\"WebSite\",\"@id\":\"http:\/\/ruuby.ee\/#website\",\"url\":\"http:\/\/ruuby.ee\/\",\"name\":\"RUUBY\",\"description\":\"Ruubys on \u00fchendatud elustiil ja disain\",\"publisher\":{\"@id\":\"http:\/\/ruuby.ee\/#organization\"},\"alternateName\":\"Ruuby Disain\",\"potentialAction\":[{\"@type\":\"SearchAction\",\"target\":{\"@type\":\"EntryPoint\",\"urlTemplate\":\"http:\/\/ruuby.ee\/?s={search_term_string}\"},\"query-input\":{\"@type\":\"PropertyValueSpecification\",\"valueRequired\":true,\"valueName\":\"search_term_string\"}}],\"inLanguage\":\"en-GB\"},{\"@type\":\"Organization\",\"@id\":\"http:\/\/ruuby.ee\/#organization\",\"name\":\"Ruuby Disain O\u00dc\",\"alternateName\":\"Ruuby\",\"url\":\"http:\/\/ruuby.ee\/\",\"logo\":{\"@type\":\"ImageObject\",\"inLanguage\":\"en-GB\",\"@id\":\"http:\/\/ruuby.ee\/#\/schema\/logo\/image\/\",\"url\":\"http:\/\/ruuby.ee\/wp-content\/uploads\/2023\/06\/cropped-Black-White-Elegant-Circle-Signature-Fashion-Logo-12_large.png\",\"contentUrl\":\"http:\/\/ruuby.ee\/wp-content\/uploads\/2023\/06\/cropped-Black-White-Elegant-Circle-Signature-Fashion-Logo-12_large.png\",\"width\":1280,\"height\":747,\"caption\":\"Ruuby Disain O\u00dc\"},\"image\":{\"@id\":\"http:\/\/ruuby.ee\/#\/schema\/logo\/image\/\"},\"sameAs\":[\"https:\/\/www.facebook.com\/ruubyconcept\",\"https:\/\/www.instagram.com\/ruuby_concept\/\"]}]}<\/script>\n<!-- \/ Yoast SEO plugin. -->","yoast_head_json":{"title":"HAPPY SOCKS - 2ne kinkekomplekt, Mini &amp; Me Froggys, 41\/2-3Y - RUUBY","robots":{"index":"index","follow":"follow","max-snippet":"max-snippet:-1","max-image-preview":"max-image-preview:large","max-video-preview":"max-video-preview:-1"},"canonical":"http:\/\/ruuby.ee\/en\/pood\/aksessuaarid\/sokid\/happy-socks-2ne-kinkekomplekt-mini-me-froggys-41-2-3y\/","og_locale":"en_GB","og_type":"article","og_title":"HAPPY SOCKS - 2ne kinkekomplekt, Mini &amp; Me Froggys, 41\/2-3Y - RUUBY","og_description":"Sobita minisokkidega meie topeltl\u00f5busate kahesokkide komplektis nii suurtele kui ka v\u00e4ikestele konnadele. H\u00fcppa l\u00f5bu sisse kahe Mini &amp; Me Froggys kinkekomplektiga, mis sisaldab armsat konnateemaliste sokkide paari sobivates suurustes. M\u00e4nguline disain kujutab r\u00f5\u00f5msameelset rohelist konnategelast erksal taustal, luues v\u00f5luva visuaalse efekti. See komplekt sobib ideaalselt lastele, kellele meeldib neid oma mini-minaga sobitada, v\u00f5i vanematele, kes [&hellip;]","og_url":"http:\/\/ruuby.ee\/en\/pood\/aksessuaarid\/sokid\/happy-socks-2ne-kinkekomplekt-mini-me-froggys-41-2-3y\/","og_site_name":"RUUBY","article_publisher":"https:\/\/www.facebook.com\/ruubyconcept","article_modified_time":"2026-04-04T22:25:19+00:00","og_image":[{"width":1482,"height":1096,"url":"http:\/\/ruuby.ee\/wp-content\/uploads\/2025\/07\/Screenshot-2025-07-05-at-19.54.04.png","type":"image\/png"}],"twitter_card":"summary_large_image","twitter_misc":{"Estimated reading time":"1 minute"},"schema":{"@context":"https:\/\/schema.org","@graph":[{"@type":["WebPage","ItemPage"],"@id":"http:\/\/ruuby.ee\/en\/pood\/aksessuaarid\/sokid\/happy-socks-2ne-kinkekomplekt-mini-me-froggys-41-2-3y\/","url":"http:\/\/ruuby.ee\/en\/pood\/aksessuaarid\/sokid\/happy-socks-2ne-kinkekomplekt-mini-me-froggys-41-2-3y\/","name":"HAPPY SOCKS - 2ne kinkekomplekt, Mini &amp; Me Froggys, 41\/2-3Y - RUUBY","isPartOf":{"@id":"http:\/\/ruuby.ee\/#website"},"primaryImageOfPage":{"@id":"http:\/\/ruuby.ee\/en\/pood\/aksessuaarid\/sokid\/happy-socks-2ne-kinkekomplekt-mini-me-froggys-41-2-3y\/#primaryimage"},"image":{"@id":"http:\/\/ruuby.ee\/en\/pood\/aksessuaarid\/sokid\/happy-socks-2ne-kinkekomplekt-mini-me-froggys-41-2-3y\/#primaryimage"},"thumbnailUrl":"http:\/\/ruuby.ee\/wp-content\/uploads\/2025\/07\/Screenshot-2025-07-05-at-19.54.04.png","datePublished":"2025-07-04T19:04:16+00:00","dateModified":"2026-04-04T22:25:19+00:00","breadcrumb":{"@id":"http:\/\/ruuby.ee\/en\/pood\/aksessuaarid\/sokid\/happy-socks-2ne-kinkekomplekt-mini-me-froggys-41-2-3y\/#breadcrumb"},"inLanguage":"en-GB","potentialAction":[{"@type":"ReadAction","target":["http:\/\/ruuby.ee\/en\/pood\/aksessuaarid\/sokid\/happy-socks-2ne-kinkekomplekt-mini-me-froggys-41-2-3y\/"]}]},{"@type":"ImageObject","inLanguage":"en-GB","@id":"http:\/\/ruuby.ee\/en\/pood\/aksessuaarid\/sokid\/happy-socks-2ne-kinkekomplekt-mini-me-froggys-41-2-3y\/#primaryimage","url":"http:\/\/ruuby.ee\/wp-content\/uploads\/2025\/07\/Screenshot-2025-07-05-at-19.54.04.png","contentUrl":"http:\/\/ruuby.ee\/wp-content\/uploads\/2025\/07\/Screenshot-2025-07-05-at-19.54.04.png","width":1482,"height":1096},{"@type":"BreadcrumbList","@id":"http:\/\/ruuby.ee\/en\/pood\/aksessuaarid\/sokid\/happy-socks-2ne-kinkekomplekt-mini-me-froggys-41-2-3y\/#breadcrumb","itemListElement":[{"@type":"ListItem","position":1,"name":"Kdu","item":"http:\/\/ruuby.ee\/"},{"@type":"ListItem","position":2,"name":"Pood","item":"https:\/\/ruuby.ee\/en\/pood\/"},{"@type":"ListItem","position":3,"name":"HAPPY SOCKS &#8211; 2ne kinkekomplekt, Mini &amp; Me Froggys, 41\/2-3Y"}]},{"@type":"WebSite","@id":"http:\/\/ruuby.ee\/#website","url":"http:\/\/ruuby.ee\/","name":"RUUBY","description":"Ruubys on \u00fchendatud elustiil ja disain","publisher":{"@id":"http:\/\/ruuby.ee\/#organization"},"alternateName":"Ruuby Disain","potentialAction":[{"@type":"SearchAction","target":{"@type":"EntryPoint","urlTemplate":"http:\/\/ruuby.ee\/?s={search_term_string}"},"query-input":{"@type":"PropertyValueSpecification","valueRequired":true,"valueName":"search_term_string"}}],"inLanguage":"en-GB"},{"@type":"Organization","@id":"http:\/\/ruuby.ee\/#organization","name":"Ruuby Disain O\u00dc","alternateName":"Ruuby","url":"http:\/\/ruuby.ee\/","logo":{"@type":"ImageObject","inLanguage":"en-GB","@id":"http:\/\/ruuby.ee\/#\/schema\/logo\/image\/","url":"http:\/\/ruuby.ee\/wp-content\/uploads\/2023\/06\/cropped-Black-White-Elegant-Circle-Signature-Fashion-Logo-12_large.png","contentUrl":"http:\/\/ruuby.ee\/wp-content\/uploads\/2023\/06\/cropped-Black-White-Elegant-Circle-Signature-Fashion-Logo-12_large.png","width":1280,"height":747,"caption":"Ruuby Disain O\u00dc"},"image":{"@id":"http:\/\/ruuby.ee\/#\/schema\/logo\/image\/"},"sameAs":["https:\/\/www.facebook.com\/ruubyconcept","https:\/\/www.instagram.com\/ruuby_concept\/"]}]}},"jetpack_sharing_enabled":true,"_links":{"self":[{"href":"http:\/\/ruuby.ee\/en\/wp-json\/wp\/v2\/product\/1854036","targetHints":{"allow":["GET"]}}],"collection":[{"href":"http:\/\/ruuby.ee\/en\/wp-json\/wp\/v2\/product"}],"about":[{"href":"http:\/\/ruuby.ee\/en\/wp-json\/wp\/v2\/types\/product"}],"replies":[{"embeddable":true,"href":"http:\/\/ruuby.ee\/en\/wp-json\/wp\/v2\/comments?post=1854036"}],"wp:featuredmedia":[{"embeddable":true,"href":"http:\/\/ruuby.ee\/en\/wp-json\/wp\/v2\/media\/1854101"}],"wp:attachment":[{"href":"http:\/\/ruuby.ee\/en\/wp-json\/wp\/v2\/media?parent=1854036"}],"wp:term":[{"taxonomy":"product_brand","embeddable":true,"href":"http:\/\/ruuby.ee\/en\/wp-json\/wp\/v2\/product_brand?post=1854036"},{"taxonomy":"product_cat","embeddable":true,"href":"http:\/\/ruuby.ee\/en\/wp-json\/wp\/v2\/product_cat?post=1854036"},{"taxonomy":"product_tag","embeddable":true,"href":"http:\/\/ruuby.ee\/en\/wp-json\/wp\/v2\/product_tag?post=1854036"}],"curies":[{"name":"wp","href":"https:\/\/api.w.org\/{rel}","templated":true}]}}