{"id":1854030,"date":"2025-07-04T22:04:00","date_gmt":"2025-07-04T19:04:00","guid":{"rendered":"https:\/\/ruuby.ee\/?post_type=product&#038;p=1854030"},"modified":"2026-04-08T01:28:24","modified_gmt":"2026-04-07T22:28:24","slug":"happy-socks-kohvitopsi-kinkekomplekt","status":"publish","type":"product","link":"http:\/\/ruuby.ee\/en\/pood\/aksessuaarid\/sokid\/happy-socks-kohvitopsi-kinkekomplekt\/","title":{"rendered":"HAPPY SOCKS &#8211; Kohvitopsi kinkekomplekt"},"content":{"rendered":"<p>ALUSTA OMA P\u00c4EVA ERKSATE JA L\u00d5BUSATE KOHVITASSI M\u00d5\u00d5TMETE PIKKUSEGA SOKKIDEL, MIS SOBIVAD IDEAALSELT NII NAISTELE KUI KA MEESTELE, KES ARMASTAVAD STIILI.<\/p>\n<ul>\n<li>Tugevdatud kand ja varvas<\/li>\n<li>Soonikviimistlus<\/li>\n<li>Happy Socksi logo<\/li>\n<li>86% puuvill, 12% pol\u00fcamiid, 2% elastaan<\/li>\n<\/ul>\n<p>Happy Socks ajalugu algas hilisel rootsi kevadel pilvise aprillitaeva all, 2008. aastal. Kahel s\u00f5bral oli visioon: levitada r\u00f5\u00f5mu, muutes igap\u00e4evased r\u00f5ivad v\u00e4rvilise aktsendiga, k\u00f5rgekvaliteedilisteks kunstiteosteks. Nii s\u00fcndisidki maailma k\u00f5ige \u00f5nnelikumad sokid \u2013 Happy Socks. T\u00e4na m\u00fc\u00fcakse Happy Socks sokke enam kui 70 maailma riigis. Happy Socks sokid paistavad silma l\u00f5putute mudelite poolest, milles p\u00f5imuvad paljud v\u00e4rvid ja mustrid. \u00a0Lihtsalt \u00f6eldes \u2013 igaks elujuhtumiks, eluviisiks ja -stiiliks on olemas sobiv, k\u00f5rgekvaliteediline sokipaar.<\/p>","protected":false},"excerpt":{"rendered":"<p>ALUSTA OMA P\u00c4EVA ERKSATE JA L\u00d5BUSATE KOHVITASSI M\u00d5\u00d5TMETE PIKKUSEGA SOKKIDEL, MIS SOBIVAD IDEAALSELT NII NAISTELE KUI KA MEESTELE, KES ARMASTAVAD STIILI. Tugevdatud kand ja varvas Soonikviimistlus Happy Socksi logo 86% puuvill, 12% pol\u00fcamiid, 2% elastaan Happy Socks ajalugu algas hilisel rootsi kevadel pilvise aprillitaeva all, 2008. aastal. Kahel s\u00f5bral oli visioon: levitada r\u00f5\u00f5mu, muutes igap\u00e4evased [&hellip;]<\/p>\n","protected":false},"featured_media":1854054,"comment_status":"open","ping_status":"closed","template":"","meta":[],"product_brand":[],"product_cat":[43,792],"product_tag":[],"class_list":{"0":"post-1854030","1":"product","2":"type-product","3":"status-publish","4":"has-post-thumbnail","6":"product_cat-aksessuaarid","7":"product_cat-sokid","9":"first","10":"instock","11":"taxable","12":"shipping-taxable","13":"purchasable","14":"product-type-variable","15":"rtwpvs-product"},"yoast_head":"<!-- This site is optimized with the Yoast SEO plugin v27.3 - https:\/\/yoast.com\/product\/yoast-seo-wordpress\/ -->\n<title>HAPPY SOCKS - Kohvitopsi kinkekomplekt - RUUBY<\/title>\n<meta name=\"robots\" content=\"index, follow, max-snippet:-1, max-image-preview:large, max-video-preview:-1\" \/>\n<link rel=\"canonical\" href=\"http:\/\/ruuby.ee\/en\/pood\/aksessuaarid\/sokid\/happy-socks-kohvitopsi-kinkekomplekt\/\" \/>\n<meta property=\"og:locale\" content=\"en_GB\" \/>\n<meta property=\"og:type\" content=\"article\" \/>\n<meta property=\"og:title\" content=\"HAPPY SOCKS - Kohvitopsi kinkekomplekt - RUUBY\" \/>\n<meta property=\"og:description\" content=\"ALUSTA OMA P\u00c4EVA ERKSATE JA L\u00d5BUSATE KOHVITASSI M\u00d5\u00d5TMETE PIKKUSEGA SOKKIDEL, MIS SOBIVAD IDEAALSELT NII NAISTELE KUI KA MEESTELE, KES ARMASTAVAD STIILI. Tugevdatud kand ja varvas Soonikviimistlus Happy Socksi logo 86% puuvill, 12% pol\u00fcamiid, 2% elastaan Happy Socks ajalugu algas hilisel rootsi kevadel pilvise aprillitaeva all, 2008. aastal. Kahel s\u00f5bral oli visioon: levitada r\u00f5\u00f5mu, muutes igap\u00e4evased [&hellip;]\" \/>\n<meta property=\"og:url\" content=\"http:\/\/ruuby.ee\/en\/pood\/aksessuaarid\/sokid\/happy-socks-kohvitopsi-kinkekomplekt\/\" \/>\n<meta property=\"og:site_name\" content=\"RUUBY\" \/>\n<meta property=\"article:publisher\" content=\"https:\/\/www.facebook.com\/ruubyconcept\" \/>\n<meta property=\"article:modified_time\" content=\"2026-04-07T22:28:24+00:00\" \/>\n<meta property=\"og:image\" content=\"http:\/\/ruuby.ee\/wp-content\/uploads\/2025\/07\/Screenshot-2025-07-04-at-22.39.54.png\" \/>\n\t<meta property=\"og:image:width\" content=\"670\" \/>\n\t<meta property=\"og:image:height\" content=\"720\" \/>\n\t<meta property=\"og:image:type\" content=\"image\/png\" \/>\n<meta name=\"twitter:card\" content=\"summary_large_image\" \/>\n<meta name=\"twitter:label1\" content=\"Estimated reading time\" \/>\n\t<meta name=\"twitter:data1\" content=\"1 minute\" \/>\n<script type=\"application\/ld+json\" class=\"yoast-schema-graph\">{\"@context\":\"https:\\\/\\\/schema.org\",\"@graph\":[{\"@type\":[\"WebPage\",\"ItemPage\"],\"@id\":\"http:\\\/\\\/ruuby.ee\\\/pood\\\/aksessuaarid\\\/sokid\\\/happy-socks-kohvitopsi-kinkekomplekt\\\/\",\"url\":\"http:\\\/\\\/ruuby.ee\\\/pood\\\/aksessuaarid\\\/sokid\\\/happy-socks-kohvitopsi-kinkekomplekt\\\/\",\"name\":\"HAPPY SOCKS - Kohvitopsi kinkekomplekt - RUUBY\",\"isPartOf\":{\"@id\":\"http:\\\/\\\/ruuby.ee\\\/#website\"},\"primaryImageOfPage\":{\"@id\":\"http:\\\/\\\/ruuby.ee\\\/pood\\\/aksessuaarid\\\/sokid\\\/happy-socks-kohvitopsi-kinkekomplekt\\\/#primaryimage\"},\"image\":{\"@id\":\"http:\\\/\\\/ruuby.ee\\\/pood\\\/aksessuaarid\\\/sokid\\\/happy-socks-kohvitopsi-kinkekomplekt\\\/#primaryimage\"},\"thumbnailUrl\":\"http:\\\/\\\/ruuby.ee\\\/wp-content\\\/uploads\\\/2025\\\/07\\\/Screenshot-2025-07-04-at-22.39.54.png\",\"datePublished\":\"2025-07-04T19:04:00+00:00\",\"dateModified\":\"2026-04-07T22:28:24+00:00\",\"breadcrumb\":{\"@id\":\"http:\\\/\\\/ruuby.ee\\\/pood\\\/aksessuaarid\\\/sokid\\\/happy-socks-kohvitopsi-kinkekomplekt\\\/#breadcrumb\"},\"inLanguage\":\"en-GB\",\"potentialAction\":[{\"@type\":\"ReadAction\",\"target\":[\"http:\\\/\\\/ruuby.ee\\\/pood\\\/aksessuaarid\\\/sokid\\\/happy-socks-kohvitopsi-kinkekomplekt\\\/\"]}]},{\"@type\":\"ImageObject\",\"inLanguage\":\"en-GB\",\"@id\":\"http:\\\/\\\/ruuby.ee\\\/pood\\\/aksessuaarid\\\/sokid\\\/happy-socks-kohvitopsi-kinkekomplekt\\\/#primaryimage\",\"url\":\"http:\\\/\\\/ruuby.ee\\\/wp-content\\\/uploads\\\/2025\\\/07\\\/Screenshot-2025-07-04-at-22.39.54.png\",\"contentUrl\":\"http:\\\/\\\/ruuby.ee\\\/wp-content\\\/uploads\\\/2025\\\/07\\\/Screenshot-2025-07-04-at-22.39.54.png\",\"width\":670,\"height\":720},{\"@type\":\"BreadcrumbList\",\"@id\":\"http:\\\/\\\/ruuby.ee\\\/pood\\\/aksessuaarid\\\/sokid\\\/happy-socks-kohvitopsi-kinkekomplekt\\\/#breadcrumb\",\"itemListElement\":[{\"@type\":\"ListItem\",\"position\":1,\"name\":\"Kdu\",\"item\":\"http:\\\/\\\/ruuby.ee\\\/\"},{\"@type\":\"ListItem\",\"position\":2,\"name\":\"Pood\",\"item\":\"http:\\\/\\\/ruuby.ee\\\/pood\\\/\"},{\"@type\":\"ListItem\",\"position\":3,\"name\":\"HAPPY SOCKS &#8211; Kohvitopsi kinkekomplekt\"}]},{\"@type\":\"WebSite\",\"@id\":\"http:\\\/\\\/ruuby.ee\\\/#website\",\"url\":\"http:\\\/\\\/ruuby.ee\\\/\",\"name\":\"RUUBY\",\"description\":\"Ruubys on \u00fchendatud elustiil ja disain\",\"publisher\":{\"@id\":\"http:\\\/\\\/ruuby.ee\\\/#organization\"},\"alternateName\":\"Ruuby Disain\",\"potentialAction\":[{\"@type\":\"SearchAction\",\"target\":{\"@type\":\"EntryPoint\",\"urlTemplate\":\"http:\\\/\\\/ruuby.ee\\\/?s={search_term_string}\"},\"query-input\":{\"@type\":\"PropertyValueSpecification\",\"valueRequired\":true,\"valueName\":\"search_term_string\"}}],\"inLanguage\":\"en-GB\"},{\"@type\":\"Organization\",\"@id\":\"http:\\\/\\\/ruuby.ee\\\/#organization\",\"name\":\"Ruuby Disain O\u00dc\",\"alternateName\":\"Ruuby\",\"url\":\"http:\\\/\\\/ruuby.ee\\\/\",\"logo\":{\"@type\":\"ImageObject\",\"inLanguage\":\"en-GB\",\"@id\":\"http:\\\/\\\/ruuby.ee\\\/#\\\/schema\\\/logo\\\/image\\\/\",\"url\":\"http:\\\/\\\/ruuby.ee\\\/wp-content\\\/uploads\\\/2023\\\/06\\\/cropped-Black-White-Elegant-Circle-Signature-Fashion-Logo-12_large.png\",\"contentUrl\":\"http:\\\/\\\/ruuby.ee\\\/wp-content\\\/uploads\\\/2023\\\/06\\\/cropped-Black-White-Elegant-Circle-Signature-Fashion-Logo-12_large.png\",\"width\":1280,\"height\":747,\"caption\":\"Ruuby Disain O\u00dc\"},\"image\":{\"@id\":\"http:\\\/\\\/ruuby.ee\\\/#\\\/schema\\\/logo\\\/image\\\/\"},\"sameAs\":[\"https:\\\/\\\/www.facebook.com\\\/ruubyconcept\",\"https:\\\/\\\/www.instagram.com\\\/ruuby_concept\\\/\"]}]}<\/script>\n<!-- \/ Yoast SEO plugin. -->","yoast_head_json":{"title":"HAPPY SOCKS - Kohvitopsi kinkekomplekt - RUUBY","robots":{"index":"index","follow":"follow","max-snippet":"max-snippet:-1","max-image-preview":"max-image-preview:large","max-video-preview":"max-video-preview:-1"},"canonical":"http:\/\/ruuby.ee\/en\/pood\/aksessuaarid\/sokid\/happy-socks-kohvitopsi-kinkekomplekt\/","og_locale":"en_GB","og_type":"article","og_title":"HAPPY SOCKS - Kohvitopsi kinkekomplekt - RUUBY","og_description":"ALUSTA OMA P\u00c4EVA ERKSATE JA L\u00d5BUSATE KOHVITASSI M\u00d5\u00d5TMETE PIKKUSEGA SOKKIDEL, MIS SOBIVAD IDEAALSELT NII NAISTELE KUI KA MEESTELE, KES ARMASTAVAD STIILI. Tugevdatud kand ja varvas Soonikviimistlus Happy Socksi logo 86% puuvill, 12% pol\u00fcamiid, 2% elastaan Happy Socks ajalugu algas hilisel rootsi kevadel pilvise aprillitaeva all, 2008. aastal. Kahel s\u00f5bral oli visioon: levitada r\u00f5\u00f5mu, muutes igap\u00e4evased [&hellip;]","og_url":"http:\/\/ruuby.ee\/en\/pood\/aksessuaarid\/sokid\/happy-socks-kohvitopsi-kinkekomplekt\/","og_site_name":"RUUBY","article_publisher":"https:\/\/www.facebook.com\/ruubyconcept","article_modified_time":"2026-04-07T22:28:24+00:00","og_image":[{"width":670,"height":720,"url":"http:\/\/ruuby.ee\/wp-content\/uploads\/2025\/07\/Screenshot-2025-07-04-at-22.39.54.png","type":"image\/png"}],"twitter_card":"summary_large_image","twitter_misc":{"Estimated reading time":"1 minute"},"schema":{"@context":"https:\/\/schema.org","@graph":[{"@type":["WebPage","ItemPage"],"@id":"http:\/\/ruuby.ee\/pood\/aksessuaarid\/sokid\/happy-socks-kohvitopsi-kinkekomplekt\/","url":"http:\/\/ruuby.ee\/pood\/aksessuaarid\/sokid\/happy-socks-kohvitopsi-kinkekomplekt\/","name":"HAPPY SOCKS - Kohvitopsi kinkekomplekt - RUUBY","isPartOf":{"@id":"http:\/\/ruuby.ee\/#website"},"primaryImageOfPage":{"@id":"http:\/\/ruuby.ee\/pood\/aksessuaarid\/sokid\/happy-socks-kohvitopsi-kinkekomplekt\/#primaryimage"},"image":{"@id":"http:\/\/ruuby.ee\/pood\/aksessuaarid\/sokid\/happy-socks-kohvitopsi-kinkekomplekt\/#primaryimage"},"thumbnailUrl":"http:\/\/ruuby.ee\/wp-content\/uploads\/2025\/07\/Screenshot-2025-07-04-at-22.39.54.png","datePublished":"2025-07-04T19:04:00+00:00","dateModified":"2026-04-07T22:28:24+00:00","breadcrumb":{"@id":"http:\/\/ruuby.ee\/pood\/aksessuaarid\/sokid\/happy-socks-kohvitopsi-kinkekomplekt\/#breadcrumb"},"inLanguage":"en-GB","potentialAction":[{"@type":"ReadAction","target":["http:\/\/ruuby.ee\/pood\/aksessuaarid\/sokid\/happy-socks-kohvitopsi-kinkekomplekt\/"]}]},{"@type":"ImageObject","inLanguage":"en-GB","@id":"http:\/\/ruuby.ee\/pood\/aksessuaarid\/sokid\/happy-socks-kohvitopsi-kinkekomplekt\/#primaryimage","url":"http:\/\/ruuby.ee\/wp-content\/uploads\/2025\/07\/Screenshot-2025-07-04-at-22.39.54.png","contentUrl":"http:\/\/ruuby.ee\/wp-content\/uploads\/2025\/07\/Screenshot-2025-07-04-at-22.39.54.png","width":670,"height":720},{"@type":"BreadcrumbList","@id":"http:\/\/ruuby.ee\/pood\/aksessuaarid\/sokid\/happy-socks-kohvitopsi-kinkekomplekt\/#breadcrumb","itemListElement":[{"@type":"ListItem","position":1,"name":"Kdu","item":"http:\/\/ruuby.ee\/"},{"@type":"ListItem","position":2,"name":"Pood","item":"http:\/\/ruuby.ee\/pood\/"},{"@type":"ListItem","position":3,"name":"HAPPY SOCKS &#8211; Kohvitopsi kinkekomplekt"}]},{"@type":"WebSite","@id":"http:\/\/ruuby.ee\/#website","url":"http:\/\/ruuby.ee\/","name":"RUUBY","description":"Ruubys on \u00fchendatud elustiil ja disain","publisher":{"@id":"http:\/\/ruuby.ee\/#organization"},"alternateName":"Ruuby Disain","potentialAction":[{"@type":"SearchAction","target":{"@type":"EntryPoint","urlTemplate":"http:\/\/ruuby.ee\/?s={search_term_string}"},"query-input":{"@type":"PropertyValueSpecification","valueRequired":true,"valueName":"search_term_string"}}],"inLanguage":"en-GB"},{"@type":"Organization","@id":"http:\/\/ruuby.ee\/#organization","name":"Ruuby Disain O\u00dc","alternateName":"Ruuby","url":"http:\/\/ruuby.ee\/","logo":{"@type":"ImageObject","inLanguage":"en-GB","@id":"http:\/\/ruuby.ee\/#\/schema\/logo\/image\/","url":"http:\/\/ruuby.ee\/wp-content\/uploads\/2023\/06\/cropped-Black-White-Elegant-Circle-Signature-Fashion-Logo-12_large.png","contentUrl":"http:\/\/ruuby.ee\/wp-content\/uploads\/2023\/06\/cropped-Black-White-Elegant-Circle-Signature-Fashion-Logo-12_large.png","width":1280,"height":747,"caption":"Ruuby Disain O\u00dc"},"image":{"@id":"http:\/\/ruuby.ee\/#\/schema\/logo\/image\/"},"sameAs":["https:\/\/www.facebook.com\/ruubyconcept","https:\/\/www.instagram.com\/ruuby_concept\/"]}]}},"jetpack_sharing_enabled":true,"_links":{"self":[{"href":"http:\/\/ruuby.ee\/en\/wp-json\/wp\/v2\/product\/1854030","targetHints":{"allow":["GET"]}}],"collection":[{"href":"http:\/\/ruuby.ee\/en\/wp-json\/wp\/v2\/product"}],"about":[{"href":"http:\/\/ruuby.ee\/en\/wp-json\/wp\/v2\/types\/product"}],"replies":[{"embeddable":true,"href":"http:\/\/ruuby.ee\/en\/wp-json\/wp\/v2\/comments?post=1854030"}],"wp:featuredmedia":[{"embeddable":true,"href":"http:\/\/ruuby.ee\/en\/wp-json\/wp\/v2\/media\/1854054"}],"wp:attachment":[{"href":"http:\/\/ruuby.ee\/en\/wp-json\/wp\/v2\/media?parent=1854030"}],"wp:term":[{"taxonomy":"product_brand","embeddable":true,"href":"http:\/\/ruuby.ee\/en\/wp-json\/wp\/v2\/product_brand?post=1854030"},{"taxonomy":"product_cat","embeddable":true,"href":"http:\/\/ruuby.ee\/en\/wp-json\/wp\/v2\/product_cat?post=1854030"},{"taxonomy":"product_tag","embeddable":true,"href":"http:\/\/ruuby.ee\/en\/wp-json\/wp\/v2\/product_tag?post=1854030"}],"curies":[{"name":"wp","href":"https:\/\/api.w.org\/{rel}","templated":true}]}}