{"id":1853926,"date":"2025-07-02T09:05:44","date_gmt":"2025-07-02T06:05:44","guid":{"rendered":"https:\/\/ruuby.ee\/pood\/maaratlemata\/dock-bay-juukseratid-nautical-navy\/"},"modified":"2026-04-08T01:28:24","modified_gmt":"2026-04-07T22:28:24","slug":"dock-bay-juukseratid-nautical-navy","status":"publish","type":"product","link":"http:\/\/ruuby.ee\/en\/pood\/aksessuaarid\/kiirelt-kuivavad-ratikud-ponchod\/juukseratik\/dock-bay-juukseratid-nautical-navy\/","title":{"rendered":"Dock &amp; Bay juukser\u00e4tid &#8211; Nautical Navy"},"content":{"rendered":"<p>L\u00f5peta raske puuvillase r\u00e4tiku peas hoidmine, loe hoopis seda\u2026<\/p>\n<p>Mis teeb need juuksem\u00e4hised nii heaks?<\/p>\n<p>Kiire kuivamine \u2013 Aitab poole l\u00fchemaks juuste kuivamisajast<br \/>\nAjas\u00e4\u00e4st \u2013 V\u00e4hem aega f\u00f6\u00f6nitamisele<br \/>\nKerge \u2013 Enam pole vaja rasket r\u00e4tikut peas hoida<br \/>\nLihtne kasutada \u2013 Lihtsalt kata kinni, keera ja kinnita<br \/>\nImav \u2013 Eemaldab juustest liigse niiskuse<br \/>\n\u00dclisiledad \u2013 V\u00e4hem h\u00f5\u00f5rdumist t\u00e4hendab kahuvabasid juukseid<br \/>\nPlaneedis\u00f5bralik \u2013 Valmistatud 100% taaskasutatud plastpudelitest<br \/>\nValmistatud 83% pol\u00fcestrist, 17% pol\u00fcamiidist<br \/>\nSertifitseeritud B Corp \u2013 see t\u00e4hendab, et need on paremad!<\/p>\n<p>Oleme p\u00fchendunud sellele, et k\u00f5ik meie tooted oleksid valmistatud 100% taaskasutatud tarbijaj\u00e4rgsetest plastpudelitest, mis muidu oleksid planeeti reostama j\u00e4\u00e4nud.<\/p>\n<p>Iga juuksem\u00e4hise valmistamiseks on taaskasutatud v\u00e4hemalt 10 plastpudelit.<\/p>\n<p>Mugavuse osas pole me siiski j\u00e4releandmisi teinud \u2013 meie tooted s\u00e4ilitavad endiselt oma luksusliku tunde.<\/p>\n<p>&nbsp;<\/p>","protected":false},"excerpt":{"rendered":"<p>Hilja t\u00f6\u00f6le? V\u00f5i veel hullem, peole? \u200b\u200bL\u00f5ika kuivatamine poole v\u00f5rra l\u00fchemaks ja veeda v\u00e4hem aega f\u00f6\u00f6niga, kasutades \u00fcliimavaid juuksek\u00e4\u00e4re. Haara kaasa kiiresti kuivav seemisnahast juukser\u00e4tik, mis on loodud liigse niiskuse eemaldamiseks, j\u00e4\u00e4des samal ajal kergeks ja imeliseks.<\/p>","protected":false},"featured_media":1853929,"comment_status":"open","ping_status":"closed","template":"","meta":[],"product_brand":[],"product_cat":[1054,999],"product_tag":[1004,1055],"class_list":{"0":"post-1853926","1":"product","2":"type-product","3":"status-publish","4":"has-post-thumbnail","6":"product_cat-juukseratik","7":"product_cat-kiirelt-kuivavad-ratikud-ponchod","8":"product_tag-dockbay","9":"product_tag-juukseratik","11":"first","12":"instock","13":"taxable","14":"shipping-taxable","15":"purchasable","16":"product-type-simple"},"yoast_head":"<!-- This site is optimized with the Yoast SEO plugin v27.3 - https:\/\/yoast.com\/product\/yoast-seo-wordpress\/ -->\n<title>Dock &amp; Bay juukser\u00e4tid - Nautical Navy - RUUBY<\/title>\n<meta name=\"robots\" content=\"index, follow, max-snippet:-1, max-image-preview:large, max-video-preview:-1\" \/>\n<link rel=\"canonical\" href=\"https:\/\/ruuby.ee\/en\/pood\/aksessuaarid\/kiirelt-kuivavad-ratikud-ponchod\/juukseratik\/dock-bay-juukseratid-nautical-navy\/\" \/>\n<meta property=\"og:locale\" content=\"en_GB\" \/>\n<meta property=\"og:type\" content=\"article\" \/>\n<meta property=\"og:title\" content=\"Dock &amp; Bay juukser\u00e4tid - Nautical Navy - RUUBY\" \/>\n<meta property=\"og:description\" content=\"Hilja t\u00f6\u00f6le? V\u00f5i veel hullem, peole? \u200b\u200bL\u00f5ika kuivatamine poole v\u00f5rra l\u00fchemaks ja veeda v\u00e4hem aega f\u00f6\u00f6niga, kasutades \u00fcliimavaid juuksek\u00e4\u00e4re. Haara kaasa kiiresti kuivav seemisnahast juukser\u00e4tik, mis on loodud liigse niiskuse eemaldamiseks, j\u00e4\u00e4des samal ajal kergeks ja imeliseks.\" \/>\n<meta property=\"og:url\" content=\"https:\/\/ruuby.ee\/en\/pood\/aksessuaarid\/kiirelt-kuivavad-ratikud-ponchod\/juukseratik\/dock-bay-juukseratid-nautical-navy\/\" \/>\n<meta property=\"og:site_name\" content=\"RUUBY\" \/>\n<meta property=\"article:publisher\" content=\"https:\/\/www.facebook.com\/ruubyconcept\" \/>\n<meta property=\"article:modified_time\" content=\"2026-04-07T22:28:24+00:00\" \/>\n<meta property=\"og:image\" content=\"https:\/\/ruuby.ee\/wp-content\/uploads\/2025\/07\/Screenshot-2025-07-02-at-09.06.40.png\" \/>\n\t<meta property=\"og:image:width\" content=\"1164\" \/>\n\t<meta property=\"og:image:height\" content=\"1160\" \/>\n\t<meta property=\"og:image:type\" content=\"image\/png\" \/>\n<meta name=\"twitter:card\" content=\"summary_large_image\" \/>\n<meta name=\"twitter:label1\" content=\"Estimated reading time\" \/>\n\t<meta name=\"twitter:data1\" content=\"1 minute\" \/>\n<script type=\"application\/ld+json\" class=\"yoast-schema-graph\">{\"@context\":\"https:\\\/\\\/schema.org\",\"@graph\":[{\"@type\":[\"WebPage\",\"ItemPage\"],\"@id\":\"https:\\\/\\\/ruuby.ee\\\/pood\\\/aksessuaarid\\\/kiirelt-kuivavad-ratikud-ponchod\\\/juukseratik\\\/dock-bay-juukseratid-nautical-navy\\\/\",\"url\":\"https:\\\/\\\/ruuby.ee\\\/pood\\\/aksessuaarid\\\/kiirelt-kuivavad-ratikud-ponchod\\\/juukseratik\\\/dock-bay-juukseratid-nautical-navy\\\/\",\"name\":\"Dock &amp; Bay juukser\u00e4tid - Nautical Navy - RUUBY\",\"isPartOf\":{\"@id\":\"http:\\\/\\\/ruuby.ee\\\/#website\"},\"primaryImageOfPage\":{\"@id\":\"https:\\\/\\\/ruuby.ee\\\/pood\\\/aksessuaarid\\\/kiirelt-kuivavad-ratikud-ponchod\\\/juukseratik\\\/dock-bay-juukseratid-nautical-navy\\\/#primaryimage\"},\"image\":{\"@id\":\"https:\\\/\\\/ruuby.ee\\\/pood\\\/aksessuaarid\\\/kiirelt-kuivavad-ratikud-ponchod\\\/juukseratik\\\/dock-bay-juukseratid-nautical-navy\\\/#primaryimage\"},\"thumbnailUrl\":\"http:\\\/\\\/ruuby.ee\\\/wp-content\\\/uploads\\\/2025\\\/07\\\/Screenshot-2025-07-02-at-09.06.40.png\",\"datePublished\":\"2025-07-02T06:05:44+00:00\",\"dateModified\":\"2026-04-07T22:28:24+00:00\",\"breadcrumb\":{\"@id\":\"https:\\\/\\\/ruuby.ee\\\/pood\\\/aksessuaarid\\\/kiirelt-kuivavad-ratikud-ponchod\\\/juukseratik\\\/dock-bay-juukseratid-nautical-navy\\\/#breadcrumb\"},\"inLanguage\":\"en-GB\",\"potentialAction\":[{\"@type\":\"ReadAction\",\"target\":[\"https:\\\/\\\/ruuby.ee\\\/pood\\\/aksessuaarid\\\/kiirelt-kuivavad-ratikud-ponchod\\\/juukseratik\\\/dock-bay-juukseratid-nautical-navy\\\/\"]}]},{\"@type\":\"ImageObject\",\"inLanguage\":\"en-GB\",\"@id\":\"https:\\\/\\\/ruuby.ee\\\/pood\\\/aksessuaarid\\\/kiirelt-kuivavad-ratikud-ponchod\\\/juukseratik\\\/dock-bay-juukseratid-nautical-navy\\\/#primaryimage\",\"url\":\"http:\\\/\\\/ruuby.ee\\\/wp-content\\\/uploads\\\/2025\\\/07\\\/Screenshot-2025-07-02-at-09.06.40.png\",\"contentUrl\":\"http:\\\/\\\/ruuby.ee\\\/wp-content\\\/uploads\\\/2025\\\/07\\\/Screenshot-2025-07-02-at-09.06.40.png\",\"width\":1164,\"height\":1160},{\"@type\":\"BreadcrumbList\",\"@id\":\"https:\\\/\\\/ruuby.ee\\\/pood\\\/aksessuaarid\\\/kiirelt-kuivavad-ratikud-ponchod\\\/juukseratik\\\/dock-bay-juukseratid-nautical-navy\\\/#breadcrumb\",\"itemListElement\":[{\"@type\":\"ListItem\",\"position\":1,\"name\":\"Kdu\",\"item\":\"http:\\\/\\\/ruuby.ee\\\/\"},{\"@type\":\"ListItem\",\"position\":2,\"name\":\"Pood\",\"item\":\"http:\\\/\\\/ruuby.ee\\\/pood\\\/\"},{\"@type\":\"ListItem\",\"position\":3,\"name\":\"Dock &amp; Bay juukser\u00e4tid &#8211; Nautical Navy\"}]},{\"@type\":\"WebSite\",\"@id\":\"http:\\\/\\\/ruuby.ee\\\/#website\",\"url\":\"http:\\\/\\\/ruuby.ee\\\/\",\"name\":\"RUUBY\",\"description\":\"Ruubys on \u00fchendatud elustiil ja disain\",\"publisher\":{\"@id\":\"http:\\\/\\\/ruuby.ee\\\/#organization\"},\"alternateName\":\"Ruuby Disain\",\"potentialAction\":[{\"@type\":\"SearchAction\",\"target\":{\"@type\":\"EntryPoint\",\"urlTemplate\":\"http:\\\/\\\/ruuby.ee\\\/?s={search_term_string}\"},\"query-input\":{\"@type\":\"PropertyValueSpecification\",\"valueRequired\":true,\"valueName\":\"search_term_string\"}}],\"inLanguage\":\"en-GB\"},{\"@type\":\"Organization\",\"@id\":\"http:\\\/\\\/ruuby.ee\\\/#organization\",\"name\":\"Ruuby Disain O\u00dc\",\"alternateName\":\"Ruuby\",\"url\":\"http:\\\/\\\/ruuby.ee\\\/\",\"logo\":{\"@type\":\"ImageObject\",\"inLanguage\":\"en-GB\",\"@id\":\"http:\\\/\\\/ruuby.ee\\\/#\\\/schema\\\/logo\\\/image\\\/\",\"url\":\"http:\\\/\\\/ruuby.ee\\\/wp-content\\\/uploads\\\/2023\\\/06\\\/cropped-Black-White-Elegant-Circle-Signature-Fashion-Logo-12_large.png\",\"contentUrl\":\"http:\\\/\\\/ruuby.ee\\\/wp-content\\\/uploads\\\/2023\\\/06\\\/cropped-Black-White-Elegant-Circle-Signature-Fashion-Logo-12_large.png\",\"width\":1280,\"height\":747,\"caption\":\"Ruuby Disain O\u00dc\"},\"image\":{\"@id\":\"http:\\\/\\\/ruuby.ee\\\/#\\\/schema\\\/logo\\\/image\\\/\"},\"sameAs\":[\"https:\\\/\\\/www.facebook.com\\\/ruubyconcept\",\"https:\\\/\\\/www.instagram.com\\\/ruuby_concept\\\/\"]}]}<\/script>\n<!-- \/ Yoast SEO plugin. -->","yoast_head_json":{"title":"Dock &amp; Bay juukser\u00e4tid - Nautical Navy - RUUBY","robots":{"index":"index","follow":"follow","max-snippet":"max-snippet:-1","max-image-preview":"max-image-preview:large","max-video-preview":"max-video-preview:-1"},"canonical":"https:\/\/ruuby.ee\/en\/pood\/aksessuaarid\/kiirelt-kuivavad-ratikud-ponchod\/juukseratik\/dock-bay-juukseratid-nautical-navy\/","og_locale":"en_GB","og_type":"article","og_title":"Dock &amp; Bay juukser\u00e4tid - Nautical Navy - RUUBY","og_description":"Hilja t\u00f6\u00f6le? V\u00f5i veel hullem, peole? \u200b\u200bL\u00f5ika kuivatamine poole v\u00f5rra l\u00fchemaks ja veeda v\u00e4hem aega f\u00f6\u00f6niga, kasutades \u00fcliimavaid juuksek\u00e4\u00e4re. Haara kaasa kiiresti kuivav seemisnahast juukser\u00e4tik, mis on loodud liigse niiskuse eemaldamiseks, j\u00e4\u00e4des samal ajal kergeks ja imeliseks.","og_url":"https:\/\/ruuby.ee\/en\/pood\/aksessuaarid\/kiirelt-kuivavad-ratikud-ponchod\/juukseratik\/dock-bay-juukseratid-nautical-navy\/","og_site_name":"RUUBY","article_publisher":"https:\/\/www.facebook.com\/ruubyconcept","article_modified_time":"2026-04-07T22:28:24+00:00","og_image":[{"width":1164,"height":1160,"url":"https:\/\/ruuby.ee\/wp-content\/uploads\/2025\/07\/Screenshot-2025-07-02-at-09.06.40.png","type":"image\/png"}],"twitter_card":"summary_large_image","twitter_misc":{"Estimated reading time":"1 minute"},"schema":{"@context":"https:\/\/schema.org","@graph":[{"@type":["WebPage","ItemPage"],"@id":"https:\/\/ruuby.ee\/pood\/aksessuaarid\/kiirelt-kuivavad-ratikud-ponchod\/juukseratik\/dock-bay-juukseratid-nautical-navy\/","url":"https:\/\/ruuby.ee\/pood\/aksessuaarid\/kiirelt-kuivavad-ratikud-ponchod\/juukseratik\/dock-bay-juukseratid-nautical-navy\/","name":"Dock &amp; Bay juukser\u00e4tid - Nautical Navy - RUUBY","isPartOf":{"@id":"http:\/\/ruuby.ee\/#website"},"primaryImageOfPage":{"@id":"https:\/\/ruuby.ee\/pood\/aksessuaarid\/kiirelt-kuivavad-ratikud-ponchod\/juukseratik\/dock-bay-juukseratid-nautical-navy\/#primaryimage"},"image":{"@id":"https:\/\/ruuby.ee\/pood\/aksessuaarid\/kiirelt-kuivavad-ratikud-ponchod\/juukseratik\/dock-bay-juukseratid-nautical-navy\/#primaryimage"},"thumbnailUrl":"http:\/\/ruuby.ee\/wp-content\/uploads\/2025\/07\/Screenshot-2025-07-02-at-09.06.40.png","datePublished":"2025-07-02T06:05:44+00:00","dateModified":"2026-04-07T22:28:24+00:00","breadcrumb":{"@id":"https:\/\/ruuby.ee\/pood\/aksessuaarid\/kiirelt-kuivavad-ratikud-ponchod\/juukseratik\/dock-bay-juukseratid-nautical-navy\/#breadcrumb"},"inLanguage":"en-GB","potentialAction":[{"@type":"ReadAction","target":["https:\/\/ruuby.ee\/pood\/aksessuaarid\/kiirelt-kuivavad-ratikud-ponchod\/juukseratik\/dock-bay-juukseratid-nautical-navy\/"]}]},{"@type":"ImageObject","inLanguage":"en-GB","@id":"https:\/\/ruuby.ee\/pood\/aksessuaarid\/kiirelt-kuivavad-ratikud-ponchod\/juukseratik\/dock-bay-juukseratid-nautical-navy\/#primaryimage","url":"http:\/\/ruuby.ee\/wp-content\/uploads\/2025\/07\/Screenshot-2025-07-02-at-09.06.40.png","contentUrl":"http:\/\/ruuby.ee\/wp-content\/uploads\/2025\/07\/Screenshot-2025-07-02-at-09.06.40.png","width":1164,"height":1160},{"@type":"BreadcrumbList","@id":"https:\/\/ruuby.ee\/pood\/aksessuaarid\/kiirelt-kuivavad-ratikud-ponchod\/juukseratik\/dock-bay-juukseratid-nautical-navy\/#breadcrumb","itemListElement":[{"@type":"ListItem","position":1,"name":"Kdu","item":"http:\/\/ruuby.ee\/"},{"@type":"ListItem","position":2,"name":"Pood","item":"http:\/\/ruuby.ee\/pood\/"},{"@type":"ListItem","position":3,"name":"Dock &amp; Bay juukser\u00e4tid &#8211; Nautical Navy"}]},{"@type":"WebSite","@id":"http:\/\/ruuby.ee\/#website","url":"http:\/\/ruuby.ee\/","name":"RUUBY","description":"Ruubys on \u00fchendatud elustiil ja disain","publisher":{"@id":"http:\/\/ruuby.ee\/#organization"},"alternateName":"Ruuby Disain","potentialAction":[{"@type":"SearchAction","target":{"@type":"EntryPoint","urlTemplate":"http:\/\/ruuby.ee\/?s={search_term_string}"},"query-input":{"@type":"PropertyValueSpecification","valueRequired":true,"valueName":"search_term_string"}}],"inLanguage":"en-GB"},{"@type":"Organization","@id":"http:\/\/ruuby.ee\/#organization","name":"Ruuby Disain O\u00dc","alternateName":"Ruuby","url":"http:\/\/ruuby.ee\/","logo":{"@type":"ImageObject","inLanguage":"en-GB","@id":"http:\/\/ruuby.ee\/#\/schema\/logo\/image\/","url":"http:\/\/ruuby.ee\/wp-content\/uploads\/2023\/06\/cropped-Black-White-Elegant-Circle-Signature-Fashion-Logo-12_large.png","contentUrl":"http:\/\/ruuby.ee\/wp-content\/uploads\/2023\/06\/cropped-Black-White-Elegant-Circle-Signature-Fashion-Logo-12_large.png","width":1280,"height":747,"caption":"Ruuby Disain O\u00dc"},"image":{"@id":"http:\/\/ruuby.ee\/#\/schema\/logo\/image\/"},"sameAs":["https:\/\/www.facebook.com\/ruubyconcept","https:\/\/www.instagram.com\/ruuby_concept\/"]}]}},"jetpack_sharing_enabled":true,"_links":{"self":[{"href":"http:\/\/ruuby.ee\/en\/wp-json\/wp\/v2\/product\/1853926","targetHints":{"allow":["GET"]}}],"collection":[{"href":"http:\/\/ruuby.ee\/en\/wp-json\/wp\/v2\/product"}],"about":[{"href":"http:\/\/ruuby.ee\/en\/wp-json\/wp\/v2\/types\/product"}],"replies":[{"embeddable":true,"href":"http:\/\/ruuby.ee\/en\/wp-json\/wp\/v2\/comments?post=1853926"}],"wp:featuredmedia":[{"embeddable":true,"href":"http:\/\/ruuby.ee\/en\/wp-json\/wp\/v2\/media\/1853929"}],"wp:attachment":[{"href":"http:\/\/ruuby.ee\/en\/wp-json\/wp\/v2\/media?parent=1853926"}],"wp:term":[{"taxonomy":"product_brand","embeddable":true,"href":"http:\/\/ruuby.ee\/en\/wp-json\/wp\/v2\/product_brand?post=1853926"},{"taxonomy":"product_cat","embeddable":true,"href":"http:\/\/ruuby.ee\/en\/wp-json\/wp\/v2\/product_cat?post=1853926"},{"taxonomy":"product_tag","embeddable":true,"href":"http:\/\/ruuby.ee\/en\/wp-json\/wp\/v2\/product_tag?post=1853926"}],"curies":[{"name":"wp","href":"https:\/\/api.w.org\/{rel}","templated":true}]}}