{"id":1853820,"date":"2025-06-27T21:38:35","date_gmt":"2025-06-27T18:38:35","guid":{"rendered":"https:\/\/ruuby.ee\/pood\/maaratlemata\/nailmatic-vannipomm-pulsar\/"},"modified":"2026-04-08T01:28:24","modified_gmt":"2026-04-07T22:28:24","slug":"nailmatic-vannipomm-pulsar","status":"publish","type":"product","link":"http:\/\/ruuby.ee\/en\/pood\/lapsed\/vann\/nailmatic-vannipomm-pulsar\/","title":{"rendered":"Nailmatic &#8211; Vannipomm, PULSAR"},"content":{"rendered":"<p>See kihisev ja puhastav vannipomm on spetsiaalselt loodud laste tundliku naha jaoks. Kergelt l\u00f5hnastatud muudab see vanni violetseks piimateeks!<\/p>\n<p>S\u00e4ilitusainetevaba, vegan, julmusevaba. See kosmiline reis sisaldab lastele rahustavaid ja niisutavaid omadusi: &#8211; E-vitamiin &#8211; P\u00e4evalille\u00f5li &#8211; Magusa mandli\u00f5li &#8211; Kummeli ekstrakt. Unistuste kokteil, mis hellitab neid ja jagab samal ajal suurep\u00e4rast hetke.<\/p>\n<p>Kasulik meeldetuletus: vannipommiga v\u00f5i ilma, \u00e4rge kunagi j\u00e4tke last vette j\u00e4relevalveta. Lastele alates 3. eluaastast. Taaskasutatav pakend ja tr\u00fckitud taimsete tintidega.<\/p>\n<p>Koostisosad &#8211; vannipomm (Pulsar): naatriumvesinikkarbonaat, sidrunhape, naatriumsulfaat, p\u00e4evalille\u00f5li (Helianthus Annuus), parf\u00fc\u00fcm, magusa mandli\u00f5li (Prunus Amygdalus Dulcis), taimne \u00f5li (Olus), tokoferool, gl\u00fctseriin, naatrium C14-16 olefiinsulfonaat, naatriumkokosulfaat, kummeli\u00f5ie ekstrakt, maltodekstriin, CI 42090 (sinine 2), CI 47005 (kollane 3), CI 19140 (kollane 4), CI 45100 (punane<\/p>","protected":false},"excerpt":{"rendered":"<p>See kihisev ja puhastav vannipomm on spetsiaalselt loodud laste tundliku naha jaoks. Kergelt l\u00f5hnastatud muudab see vanni violetseks piimateeks! S\u00e4ilitusainetevaba, vegan, julmusevaba. See kosmiline reis sisaldab lastele rahustavaid ja niisutavaid omadusi: &#8211; E-vitamiin &#8211; P\u00e4evalille\u00f5li &#8211; Magusa mandli\u00f5li &#8211; Kummeli ekstrakt. Unistuste kokteil, mis hellitab neid ja jagab samal ajal suurep\u00e4rast hetke. Kasulik meeldetuletus: vannipommiga [&hellip;]<\/p>\n","protected":false},"featured_media":1853823,"comment_status":"open","ping_status":"closed","template":"","meta":[],"product_brand":[],"product_cat":[22,677],"product_tag":[119,413],"class_list":{"0":"post-1853820","1":"product","2":"type-product","3":"status-publish","4":"has-post-thumbnail","6":"product_cat-lapsed","7":"product_cat-vann","8":"product_tag-nailmatic","9":"product_tag-vannipomm","11":"first","12":"instock","13":"taxable","14":"shipping-taxable","15":"purchasable","16":"product-type-simple"},"yoast_head":"<!-- This site is optimized with the Yoast SEO plugin v27.3 - https:\/\/yoast.com\/product\/yoast-seo-wordpress\/ -->\n<title>Nailmatic - Vannipomm, PULSAR - RUUBY<\/title>\n<meta name=\"robots\" content=\"index, follow, max-snippet:-1, max-image-preview:large, max-video-preview:-1\" \/>\n<link rel=\"canonical\" href=\"https:\/\/ruuby.ee\/en\/pood\/lapsed\/vann\/nailmatic-vannipomm-pulsar\/\" \/>\n<meta property=\"og:locale\" content=\"en_GB\" \/>\n<meta property=\"og:type\" content=\"article\" \/>\n<meta property=\"og:title\" content=\"Nailmatic - Vannipomm, PULSAR - RUUBY\" \/>\n<meta property=\"og:description\" content=\"See kihisev ja puhastav vannipomm on spetsiaalselt loodud laste tundliku naha jaoks. Kergelt l\u00f5hnastatud muudab see vanni violetseks piimateeks! S\u00e4ilitusainetevaba, vegan, julmusevaba. See kosmiline reis sisaldab lastele rahustavaid ja niisutavaid omadusi: &#8211; E-vitamiin &#8211; P\u00e4evalille\u00f5li &#8211; Magusa mandli\u00f5li &#8211; Kummeli ekstrakt. Unistuste kokteil, mis hellitab neid ja jagab samal ajal suurep\u00e4rast hetke. Kasulik meeldetuletus: vannipommiga [&hellip;]\" \/>\n<meta property=\"og:url\" content=\"https:\/\/ruuby.ee\/en\/pood\/lapsed\/vann\/nailmatic-vannipomm-pulsar\/\" \/>\n<meta property=\"og:site_name\" content=\"RUUBY\" \/>\n<meta property=\"article:publisher\" content=\"https:\/\/www.facebook.com\/ruubyconcept\" \/>\n<meta property=\"article:modified_time\" content=\"2026-04-07T22:28:24+00:00\" \/>\n<meta property=\"og:image\" content=\"https:\/\/ruuby.ee\/wp-content\/uploads\/2025\/06\/Screenshot-2025-06-27-at-21.41.47.png\" \/>\n\t<meta property=\"og:image:width\" content=\"1158\" \/>\n\t<meta property=\"og:image:height\" content=\"1156\" \/>\n\t<meta property=\"og:image:type\" content=\"image\/png\" \/>\n<meta name=\"twitter:card\" content=\"summary_large_image\" \/>\n<meta name=\"twitter:label1\" content=\"Estimated reading time\" \/>\n\t<meta name=\"twitter:data1\" content=\"1 minute\" \/>\n<script type=\"application\/ld+json\" class=\"yoast-schema-graph\">{\"@context\":\"https:\\\/\\\/schema.org\",\"@graph\":[{\"@type\":[\"WebPage\",\"ItemPage\"],\"@id\":\"https:\\\/\\\/ruuby.ee\\\/pood\\\/lapsed\\\/vann\\\/nailmatic-vannipomm-pulsar\\\/\",\"url\":\"https:\\\/\\\/ruuby.ee\\\/pood\\\/lapsed\\\/vann\\\/nailmatic-vannipomm-pulsar\\\/\",\"name\":\"Nailmatic - Vannipomm, PULSAR - RUUBY\",\"isPartOf\":{\"@id\":\"http:\\\/\\\/ruuby.ee\\\/en\\\/#website\"},\"primaryImageOfPage\":{\"@id\":\"https:\\\/\\\/ruuby.ee\\\/pood\\\/lapsed\\\/vann\\\/nailmatic-vannipomm-pulsar\\\/#primaryimage\"},\"image\":{\"@id\":\"https:\\\/\\\/ruuby.ee\\\/pood\\\/lapsed\\\/vann\\\/nailmatic-vannipomm-pulsar\\\/#primaryimage\"},\"thumbnailUrl\":\"http:\\\/\\\/ruuby.ee\\\/wp-content\\\/uploads\\\/2025\\\/06\\\/Screenshot-2025-06-27-at-21.41.47.png\",\"datePublished\":\"2025-06-27T18:38:35+00:00\",\"dateModified\":\"2026-04-07T22:28:24+00:00\",\"breadcrumb\":{\"@id\":\"https:\\\/\\\/ruuby.ee\\\/pood\\\/lapsed\\\/vann\\\/nailmatic-vannipomm-pulsar\\\/#breadcrumb\"},\"inLanguage\":\"en-GB\",\"potentialAction\":[{\"@type\":\"ReadAction\",\"target\":[\"https:\\\/\\\/ruuby.ee\\\/pood\\\/lapsed\\\/vann\\\/nailmatic-vannipomm-pulsar\\\/\"]}]},{\"@type\":\"ImageObject\",\"inLanguage\":\"en-GB\",\"@id\":\"https:\\\/\\\/ruuby.ee\\\/pood\\\/lapsed\\\/vann\\\/nailmatic-vannipomm-pulsar\\\/#primaryimage\",\"url\":\"http:\\\/\\\/ruuby.ee\\\/wp-content\\\/uploads\\\/2025\\\/06\\\/Screenshot-2025-06-27-at-21.41.47.png\",\"contentUrl\":\"http:\\\/\\\/ruuby.ee\\\/wp-content\\\/uploads\\\/2025\\\/06\\\/Screenshot-2025-06-27-at-21.41.47.png\",\"width\":1158,\"height\":1156},{\"@type\":\"BreadcrumbList\",\"@id\":\"https:\\\/\\\/ruuby.ee\\\/pood\\\/lapsed\\\/vann\\\/nailmatic-vannipomm-pulsar\\\/#breadcrumb\",\"itemListElement\":[{\"@type\":\"ListItem\",\"position\":1,\"name\":\"Kdu\",\"item\":\"http:\\\/\\\/ruuby.ee\\\/en\\\/\"},{\"@type\":\"ListItem\",\"position\":2,\"name\":\"Pood\",\"item\":\"http:\\\/\\\/ruuby.ee\\\/en\\\/pood\\\/\"},{\"@type\":\"ListItem\",\"position\":3,\"name\":\"Nailmatic &#8211; Vannipomm, PULSAR\"}]},{\"@type\":\"WebSite\",\"@id\":\"http:\\\/\\\/ruuby.ee\\\/en\\\/#website\",\"url\":\"http:\\\/\\\/ruuby.ee\\\/en\\\/\",\"name\":\"RUUBY\",\"description\":\"Ruubys on \u00fchendatud elustiil ja disain\",\"publisher\":{\"@id\":\"http:\\\/\\\/ruuby.ee\\\/en\\\/#organization\"},\"alternateName\":\"Ruuby Disain\",\"potentialAction\":[{\"@type\":\"SearchAction\",\"target\":{\"@type\":\"EntryPoint\",\"urlTemplate\":\"http:\\\/\\\/ruuby.ee\\\/en\\\/?s={search_term_string}\"},\"query-input\":{\"@type\":\"PropertyValueSpecification\",\"valueRequired\":true,\"valueName\":\"search_term_string\"}}],\"inLanguage\":\"en-GB\"},{\"@type\":\"Organization\",\"@id\":\"http:\\\/\\\/ruuby.ee\\\/en\\\/#organization\",\"name\":\"Ruuby Disain O\u00dc\",\"alternateName\":\"Ruuby\",\"url\":\"http:\\\/\\\/ruuby.ee\\\/en\\\/\",\"logo\":{\"@type\":\"ImageObject\",\"inLanguage\":\"en-GB\",\"@id\":\"http:\\\/\\\/ruuby.ee\\\/en\\\/#\\\/schema\\\/logo\\\/image\\\/\",\"url\":\"http:\\\/\\\/ruuby.ee\\\/wp-content\\\/uploads\\\/2023\\\/06\\\/cropped-Black-White-Elegant-Circle-Signature-Fashion-Logo-12_large.png\",\"contentUrl\":\"http:\\\/\\\/ruuby.ee\\\/wp-content\\\/uploads\\\/2023\\\/06\\\/cropped-Black-White-Elegant-Circle-Signature-Fashion-Logo-12_large.png\",\"width\":1280,\"height\":747,\"caption\":\"Ruuby Disain O\u00dc\"},\"image\":{\"@id\":\"http:\\\/\\\/ruuby.ee\\\/en\\\/#\\\/schema\\\/logo\\\/image\\\/\"},\"sameAs\":[\"https:\\\/\\\/www.facebook.com\\\/ruubyconcept\",\"https:\\\/\\\/www.instagram.com\\\/ruuby_concept\\\/\"]}]}<\/script>\n<!-- \/ Yoast SEO plugin. -->","yoast_head_json":{"title":"Nailmatic - Vannipomm, PULSAR - RUUBY","robots":{"index":"index","follow":"follow","max-snippet":"max-snippet:-1","max-image-preview":"max-image-preview:large","max-video-preview":"max-video-preview:-1"},"canonical":"https:\/\/ruuby.ee\/en\/pood\/lapsed\/vann\/nailmatic-vannipomm-pulsar\/","og_locale":"en_GB","og_type":"article","og_title":"Nailmatic - Vannipomm, PULSAR - RUUBY","og_description":"See kihisev ja puhastav vannipomm on spetsiaalselt loodud laste tundliku naha jaoks. Kergelt l\u00f5hnastatud muudab see vanni violetseks piimateeks! S\u00e4ilitusainetevaba, vegan, julmusevaba. See kosmiline reis sisaldab lastele rahustavaid ja niisutavaid omadusi: &#8211; E-vitamiin &#8211; P\u00e4evalille\u00f5li &#8211; Magusa mandli\u00f5li &#8211; Kummeli ekstrakt. Unistuste kokteil, mis hellitab neid ja jagab samal ajal suurep\u00e4rast hetke. Kasulik meeldetuletus: vannipommiga [&hellip;]","og_url":"https:\/\/ruuby.ee\/en\/pood\/lapsed\/vann\/nailmatic-vannipomm-pulsar\/","og_site_name":"RUUBY","article_publisher":"https:\/\/www.facebook.com\/ruubyconcept","article_modified_time":"2026-04-07T22:28:24+00:00","og_image":[{"width":1158,"height":1156,"url":"https:\/\/ruuby.ee\/wp-content\/uploads\/2025\/06\/Screenshot-2025-06-27-at-21.41.47.png","type":"image\/png"}],"twitter_card":"summary_large_image","twitter_misc":{"Estimated reading time":"1 minute"},"schema":{"@context":"https:\/\/schema.org","@graph":[{"@type":["WebPage","ItemPage"],"@id":"https:\/\/ruuby.ee\/pood\/lapsed\/vann\/nailmatic-vannipomm-pulsar\/","url":"https:\/\/ruuby.ee\/pood\/lapsed\/vann\/nailmatic-vannipomm-pulsar\/","name":"Nailmatic - Vannipomm, PULSAR - RUUBY","isPartOf":{"@id":"http:\/\/ruuby.ee\/en\/#website"},"primaryImageOfPage":{"@id":"https:\/\/ruuby.ee\/pood\/lapsed\/vann\/nailmatic-vannipomm-pulsar\/#primaryimage"},"image":{"@id":"https:\/\/ruuby.ee\/pood\/lapsed\/vann\/nailmatic-vannipomm-pulsar\/#primaryimage"},"thumbnailUrl":"http:\/\/ruuby.ee\/wp-content\/uploads\/2025\/06\/Screenshot-2025-06-27-at-21.41.47.png","datePublished":"2025-06-27T18:38:35+00:00","dateModified":"2026-04-07T22:28:24+00:00","breadcrumb":{"@id":"https:\/\/ruuby.ee\/pood\/lapsed\/vann\/nailmatic-vannipomm-pulsar\/#breadcrumb"},"inLanguage":"en-GB","potentialAction":[{"@type":"ReadAction","target":["https:\/\/ruuby.ee\/pood\/lapsed\/vann\/nailmatic-vannipomm-pulsar\/"]}]},{"@type":"ImageObject","inLanguage":"en-GB","@id":"https:\/\/ruuby.ee\/pood\/lapsed\/vann\/nailmatic-vannipomm-pulsar\/#primaryimage","url":"http:\/\/ruuby.ee\/wp-content\/uploads\/2025\/06\/Screenshot-2025-06-27-at-21.41.47.png","contentUrl":"http:\/\/ruuby.ee\/wp-content\/uploads\/2025\/06\/Screenshot-2025-06-27-at-21.41.47.png","width":1158,"height":1156},{"@type":"BreadcrumbList","@id":"https:\/\/ruuby.ee\/pood\/lapsed\/vann\/nailmatic-vannipomm-pulsar\/#breadcrumb","itemListElement":[{"@type":"ListItem","position":1,"name":"Kdu","item":"http:\/\/ruuby.ee\/en\/"},{"@type":"ListItem","position":2,"name":"Pood","item":"http:\/\/ruuby.ee\/en\/pood\/"},{"@type":"ListItem","position":3,"name":"Nailmatic &#8211; Vannipomm, PULSAR"}]},{"@type":"WebSite","@id":"http:\/\/ruuby.ee\/en\/#website","url":"http:\/\/ruuby.ee\/en\/","name":"RUUBY","description":"Ruubys on \u00fchendatud elustiil ja disain","publisher":{"@id":"http:\/\/ruuby.ee\/en\/#organization"},"alternateName":"Ruuby Disain","potentialAction":[{"@type":"SearchAction","target":{"@type":"EntryPoint","urlTemplate":"http:\/\/ruuby.ee\/en\/?s={search_term_string}"},"query-input":{"@type":"PropertyValueSpecification","valueRequired":true,"valueName":"search_term_string"}}],"inLanguage":"en-GB"},{"@type":"Organization","@id":"http:\/\/ruuby.ee\/en\/#organization","name":"Ruuby Disain O\u00dc","alternateName":"Ruuby","url":"http:\/\/ruuby.ee\/en\/","logo":{"@type":"ImageObject","inLanguage":"en-GB","@id":"http:\/\/ruuby.ee\/en\/#\/schema\/logo\/image\/","url":"http:\/\/ruuby.ee\/wp-content\/uploads\/2023\/06\/cropped-Black-White-Elegant-Circle-Signature-Fashion-Logo-12_large.png","contentUrl":"http:\/\/ruuby.ee\/wp-content\/uploads\/2023\/06\/cropped-Black-White-Elegant-Circle-Signature-Fashion-Logo-12_large.png","width":1280,"height":747,"caption":"Ruuby Disain O\u00dc"},"image":{"@id":"http:\/\/ruuby.ee\/en\/#\/schema\/logo\/image\/"},"sameAs":["https:\/\/www.facebook.com\/ruubyconcept","https:\/\/www.instagram.com\/ruuby_concept\/"]}]}},"jetpack_sharing_enabled":true,"_links":{"self":[{"href":"http:\/\/ruuby.ee\/en\/wp-json\/wp\/v2\/product\/1853820","targetHints":{"allow":["GET"]}}],"collection":[{"href":"http:\/\/ruuby.ee\/en\/wp-json\/wp\/v2\/product"}],"about":[{"href":"http:\/\/ruuby.ee\/en\/wp-json\/wp\/v2\/types\/product"}],"replies":[{"embeddable":true,"href":"http:\/\/ruuby.ee\/en\/wp-json\/wp\/v2\/comments?post=1853820"}],"wp:featuredmedia":[{"embeddable":true,"href":"http:\/\/ruuby.ee\/en\/wp-json\/wp\/v2\/media\/1853823"}],"wp:attachment":[{"href":"http:\/\/ruuby.ee\/en\/wp-json\/wp\/v2\/media?parent=1853820"}],"wp:term":[{"taxonomy":"product_brand","embeddable":true,"href":"http:\/\/ruuby.ee\/en\/wp-json\/wp\/v2\/product_brand?post=1853820"},{"taxonomy":"product_cat","embeddable":true,"href":"http:\/\/ruuby.ee\/en\/wp-json\/wp\/v2\/product_cat?post=1853820"},{"taxonomy":"product_tag","embeddable":true,"href":"http:\/\/ruuby.ee\/en\/wp-json\/wp\/v2\/product_tag?post=1853820"}],"curies":[{"name":"wp","href":"https:\/\/api.w.org\/{rel}","templated":true}]}}