{"id":1853819,"date":"2025-06-27T21:38:31","date_gmt":"2025-06-27T18:38:31","guid":{"rendered":"https:\/\/ruuby.ee\/pood\/maaratlemata\/nailmatic-vannipomm-galaxy\/"},"modified":"2026-04-08T01:28:24","modified_gmt":"2026-04-07T22:28:24","slug":"nailmatic-vannipomm-galaxy","status":"publish","type":"product","link":"http:\/\/ruuby.ee\/en\/pood\/lapsed\/vann\/nailmatic-vannipomm-galaxy\/","title":{"rendered":"Nailmatic &#8211; Vannipomm, GALAXY"},"content":{"rendered":"<p>See vannipomm on t\u00f5eline vikerkaarev\u00e4rvides avaldust pakkuv (ainult veel, pole hullu). 100% lapsed, 100% l\u00f5bu! Vann t\u00e4isv\u00e4rvides? Jah, ja v\u00f5ite olla kindlad, et nahal ega vannis pole plekke. Imeline \u00fcllatus, mis mullitab valjult, hoolitsedes samal ajal \u00f5rna noore naha eest? Vanemad on m\u00f5nusalt kergendunud. L\u00f5\u00f5gastav koostis, mis on ideaalne esimene samm laste uneaja rutiini suunas? Vanemad on vaimustuses! Lennutage lapsed magama (ja kuule): kummeliga rikastatud vannipommid pakuvad rahustavat pausi, mis kutsub magama minema (kas sa just \u00fctlesid jee?). Vegan, julmusevaba, ilma s\u00e4ilitusaineteta. Marjal\u00f5hnaline.<\/p>\n<p>Kasulik meeldetuletus: vannipommiga v\u00f5i ilma, \u00e4rge kunagi j\u00e4tke last vette j\u00e4relevalveta. Lastele alates 3. eluaastast. Taaskasutatav pakend ja tr\u00fckitud taimsete tintidega.<\/p>\n<p>Koostisosad: naatriumvesinikkarbonaat, sidrunhape, naatriumsulfaat, p\u00e4evalille\u00f5li (Helianthus annuus), parf\u00fc\u00fcm, magusa mandli\u00f5li (Prunus amygdalus dulcis), taimne \u00f5li (Olus), tokoferool, gl\u00fctseriin, naatrium C14-16 olefiinsulfonaat, naatriumkokosulfaat, kummeli\u00f5ie ekstrakt, maltodekstriin, ci 42090 (sinine 2), ci 47005 (kollane 3), ci 19140 (kollane 4), ci 45100 (punane 52), ci 14720 (punane 14).<\/p>","protected":false},"excerpt":{"rendered":"<p>See vannipomm on t\u00f5eline vikerkaarev\u00e4rvides avaldust pakkuv (ainult veel, pole hullu). 100% lapsed, 100% l\u00f5bu! Vann t\u00e4isv\u00e4rvides? Jah, ja v\u00f5ite olla kindlad, et nahal ega vannis pole plekke. Imeline \u00fcllatus, mis mullitab valjult, hoolitsedes samal ajal \u00f5rna noore naha eest? Vanemad on m\u00f5nusalt kergendunud. L\u00f5\u00f5gastav koostis, mis on ideaalne esimene samm laste uneaja rutiini suunas? [&hellip;]<\/p>\n","protected":false},"featured_media":1853830,"comment_status":"open","ping_status":"closed","template":"","meta":[],"product_brand":[],"product_cat":[22,677],"product_tag":[119,413],"class_list":{"0":"post-1853819","1":"product","2":"type-product","3":"status-publish","4":"has-post-thumbnail","6":"product_cat-lapsed","7":"product_cat-vann","8":"product_tag-nailmatic","9":"product_tag-vannipomm","11":"first","12":"outofstock","13":"taxable","14":"shipping-taxable","15":"purchasable","16":"product-type-simple"},"yoast_head":"<!-- This site is optimized with the Yoast SEO plugin v27.3 - https:\/\/yoast.com\/product\/yoast-seo-wordpress\/ -->\n<title>Nailmatic - Vannipomm, GALAXY - RUUBY<\/title>\n<meta name=\"robots\" content=\"index, follow, max-snippet:-1, max-image-preview:large, max-video-preview:-1\" \/>\n<link rel=\"canonical\" href=\"http:\/\/ruuby.ee\/en\/pood\/lapsed\/vann\/nailmatic-vannipomm-galaxy\/\" \/>\n<meta property=\"og:locale\" content=\"en_GB\" \/>\n<meta property=\"og:type\" content=\"article\" \/>\n<meta property=\"og:title\" content=\"Nailmatic - Vannipomm, GALAXY - RUUBY\" \/>\n<meta property=\"og:description\" content=\"See vannipomm on t\u00f5eline vikerkaarev\u00e4rvides avaldust pakkuv (ainult veel, pole hullu). 100% lapsed, 100% l\u00f5bu! Vann t\u00e4isv\u00e4rvides? Jah, ja v\u00f5ite olla kindlad, et nahal ega vannis pole plekke. Imeline \u00fcllatus, mis mullitab valjult, hoolitsedes samal ajal \u00f5rna noore naha eest? Vanemad on m\u00f5nusalt kergendunud. L\u00f5\u00f5gastav koostis, mis on ideaalne esimene samm laste uneaja rutiini suunas? [&hellip;]\" \/>\n<meta property=\"og:url\" content=\"http:\/\/ruuby.ee\/en\/pood\/lapsed\/vann\/nailmatic-vannipomm-galaxy\/\" \/>\n<meta property=\"og:site_name\" content=\"RUUBY\" \/>\n<meta property=\"article:publisher\" content=\"https:\/\/www.facebook.com\/ruubyconcept\" \/>\n<meta property=\"article:modified_time\" content=\"2026-04-07T22:28:24+00:00\" \/>\n<meta property=\"og:image\" content=\"http:\/\/ruuby.ee\/wp-content\/uploads\/2025\/06\/Image-27.06.2025-at-21.57.jpeg\" \/>\n\t<meta property=\"og:image:width\" content=\"596\" \/>\n\t<meta property=\"og:image:height\" content=\"634\" \/>\n\t<meta property=\"og:image:type\" content=\"image\/jpeg\" \/>\n<meta name=\"twitter:card\" content=\"summary_large_image\" \/>\n<meta name=\"twitter:label1\" content=\"Estimated reading time\" \/>\n\t<meta name=\"twitter:data1\" content=\"2 minutes\" \/>\n<script type=\"application\/ld+json\" class=\"yoast-schema-graph\">{\"@context\":\"https:\\\/\\\/schema.org\",\"@graph\":[{\"@type\":[\"WebPage\",\"ItemPage\"],\"@id\":\"http:\\\/\\\/ruuby.ee\\\/pood\\\/lapsed\\\/vann\\\/nailmatic-vannipomm-galaxy\\\/\",\"url\":\"http:\\\/\\\/ruuby.ee\\\/pood\\\/lapsed\\\/vann\\\/nailmatic-vannipomm-galaxy\\\/\",\"name\":\"Nailmatic - Vannipomm, GALAXY - RUUBY\",\"isPartOf\":{\"@id\":\"http:\\\/\\\/ruuby.ee\\\/en\\\/#website\"},\"primaryImageOfPage\":{\"@id\":\"http:\\\/\\\/ruuby.ee\\\/pood\\\/lapsed\\\/vann\\\/nailmatic-vannipomm-galaxy\\\/#primaryimage\"},\"image\":{\"@id\":\"http:\\\/\\\/ruuby.ee\\\/pood\\\/lapsed\\\/vann\\\/nailmatic-vannipomm-galaxy\\\/#primaryimage\"},\"thumbnailUrl\":\"http:\\\/\\\/ruuby.ee\\\/wp-content\\\/uploads\\\/2025\\\/06\\\/Image-27.06.2025-at-21.57.jpeg\",\"datePublished\":\"2025-06-27T18:38:31+00:00\",\"dateModified\":\"2026-04-07T22:28:24+00:00\",\"breadcrumb\":{\"@id\":\"http:\\\/\\\/ruuby.ee\\\/pood\\\/lapsed\\\/vann\\\/nailmatic-vannipomm-galaxy\\\/#breadcrumb\"},\"inLanguage\":\"en-GB\",\"potentialAction\":[{\"@type\":\"ReadAction\",\"target\":[\"http:\\\/\\\/ruuby.ee\\\/pood\\\/lapsed\\\/vann\\\/nailmatic-vannipomm-galaxy\\\/\"]}]},{\"@type\":\"ImageObject\",\"inLanguage\":\"en-GB\",\"@id\":\"http:\\\/\\\/ruuby.ee\\\/pood\\\/lapsed\\\/vann\\\/nailmatic-vannipomm-galaxy\\\/#primaryimage\",\"url\":\"http:\\\/\\\/ruuby.ee\\\/wp-content\\\/uploads\\\/2025\\\/06\\\/Image-27.06.2025-at-21.57.jpeg\",\"contentUrl\":\"http:\\\/\\\/ruuby.ee\\\/wp-content\\\/uploads\\\/2025\\\/06\\\/Image-27.06.2025-at-21.57.jpeg\",\"width\":596,\"height\":634},{\"@type\":\"BreadcrumbList\",\"@id\":\"http:\\\/\\\/ruuby.ee\\\/pood\\\/lapsed\\\/vann\\\/nailmatic-vannipomm-galaxy\\\/#breadcrumb\",\"itemListElement\":[{\"@type\":\"ListItem\",\"position\":1,\"name\":\"Kdu\",\"item\":\"http:\\\/\\\/ruuby.ee\\\/en\\\/\"},{\"@type\":\"ListItem\",\"position\":2,\"name\":\"Pood\",\"item\":\"http:\\\/\\\/ruuby.ee\\\/en\\\/pood\\\/\"},{\"@type\":\"ListItem\",\"position\":3,\"name\":\"Nailmatic &#8211; Vannipomm, GALAXY\"}]},{\"@type\":\"WebSite\",\"@id\":\"http:\\\/\\\/ruuby.ee\\\/en\\\/#website\",\"url\":\"http:\\\/\\\/ruuby.ee\\\/en\\\/\",\"name\":\"RUUBY\",\"description\":\"Ruubys on \u00fchendatud elustiil ja disain\",\"publisher\":{\"@id\":\"http:\\\/\\\/ruuby.ee\\\/en\\\/#organization\"},\"alternateName\":\"Ruuby Disain\",\"potentialAction\":[{\"@type\":\"SearchAction\",\"target\":{\"@type\":\"EntryPoint\",\"urlTemplate\":\"http:\\\/\\\/ruuby.ee\\\/en\\\/?s={search_term_string}\"},\"query-input\":{\"@type\":\"PropertyValueSpecification\",\"valueRequired\":true,\"valueName\":\"search_term_string\"}}],\"inLanguage\":\"en-GB\"},{\"@type\":\"Organization\",\"@id\":\"http:\\\/\\\/ruuby.ee\\\/en\\\/#organization\",\"name\":\"Ruuby Disain O\u00dc\",\"alternateName\":\"Ruuby\",\"url\":\"http:\\\/\\\/ruuby.ee\\\/en\\\/\",\"logo\":{\"@type\":\"ImageObject\",\"inLanguage\":\"en-GB\",\"@id\":\"http:\\\/\\\/ruuby.ee\\\/en\\\/#\\\/schema\\\/logo\\\/image\\\/\",\"url\":\"http:\\\/\\\/ruuby.ee\\\/wp-content\\\/uploads\\\/2023\\\/06\\\/cropped-Black-White-Elegant-Circle-Signature-Fashion-Logo-12_large.png\",\"contentUrl\":\"http:\\\/\\\/ruuby.ee\\\/wp-content\\\/uploads\\\/2023\\\/06\\\/cropped-Black-White-Elegant-Circle-Signature-Fashion-Logo-12_large.png\",\"width\":1280,\"height\":747,\"caption\":\"Ruuby Disain O\u00dc\"},\"image\":{\"@id\":\"http:\\\/\\\/ruuby.ee\\\/en\\\/#\\\/schema\\\/logo\\\/image\\\/\"},\"sameAs\":[\"https:\\\/\\\/www.facebook.com\\\/ruubyconcept\",\"https:\\\/\\\/www.instagram.com\\\/ruuby_concept\\\/\"]}]}<\/script>\n<!-- \/ Yoast SEO plugin. -->","yoast_head_json":{"title":"Nailmatic - Vannipomm, GALAXY - RUUBY","robots":{"index":"index","follow":"follow","max-snippet":"max-snippet:-1","max-image-preview":"max-image-preview:large","max-video-preview":"max-video-preview:-1"},"canonical":"http:\/\/ruuby.ee\/en\/pood\/lapsed\/vann\/nailmatic-vannipomm-galaxy\/","og_locale":"en_GB","og_type":"article","og_title":"Nailmatic - Vannipomm, GALAXY - RUUBY","og_description":"See vannipomm on t\u00f5eline vikerkaarev\u00e4rvides avaldust pakkuv (ainult veel, pole hullu). 100% lapsed, 100% l\u00f5bu! Vann t\u00e4isv\u00e4rvides? Jah, ja v\u00f5ite olla kindlad, et nahal ega vannis pole plekke. Imeline \u00fcllatus, mis mullitab valjult, hoolitsedes samal ajal \u00f5rna noore naha eest? Vanemad on m\u00f5nusalt kergendunud. L\u00f5\u00f5gastav koostis, mis on ideaalne esimene samm laste uneaja rutiini suunas? [&hellip;]","og_url":"http:\/\/ruuby.ee\/en\/pood\/lapsed\/vann\/nailmatic-vannipomm-galaxy\/","og_site_name":"RUUBY","article_publisher":"https:\/\/www.facebook.com\/ruubyconcept","article_modified_time":"2026-04-07T22:28:24+00:00","og_image":[{"width":596,"height":634,"url":"http:\/\/ruuby.ee\/wp-content\/uploads\/2025\/06\/Image-27.06.2025-at-21.57.jpeg","type":"image\/jpeg"}],"twitter_card":"summary_large_image","twitter_misc":{"Estimated reading time":"2 minutes"},"schema":{"@context":"https:\/\/schema.org","@graph":[{"@type":["WebPage","ItemPage"],"@id":"http:\/\/ruuby.ee\/pood\/lapsed\/vann\/nailmatic-vannipomm-galaxy\/","url":"http:\/\/ruuby.ee\/pood\/lapsed\/vann\/nailmatic-vannipomm-galaxy\/","name":"Nailmatic - Vannipomm, GALAXY - RUUBY","isPartOf":{"@id":"http:\/\/ruuby.ee\/en\/#website"},"primaryImageOfPage":{"@id":"http:\/\/ruuby.ee\/pood\/lapsed\/vann\/nailmatic-vannipomm-galaxy\/#primaryimage"},"image":{"@id":"http:\/\/ruuby.ee\/pood\/lapsed\/vann\/nailmatic-vannipomm-galaxy\/#primaryimage"},"thumbnailUrl":"http:\/\/ruuby.ee\/wp-content\/uploads\/2025\/06\/Image-27.06.2025-at-21.57.jpeg","datePublished":"2025-06-27T18:38:31+00:00","dateModified":"2026-04-07T22:28:24+00:00","breadcrumb":{"@id":"http:\/\/ruuby.ee\/pood\/lapsed\/vann\/nailmatic-vannipomm-galaxy\/#breadcrumb"},"inLanguage":"en-GB","potentialAction":[{"@type":"ReadAction","target":["http:\/\/ruuby.ee\/pood\/lapsed\/vann\/nailmatic-vannipomm-galaxy\/"]}]},{"@type":"ImageObject","inLanguage":"en-GB","@id":"http:\/\/ruuby.ee\/pood\/lapsed\/vann\/nailmatic-vannipomm-galaxy\/#primaryimage","url":"http:\/\/ruuby.ee\/wp-content\/uploads\/2025\/06\/Image-27.06.2025-at-21.57.jpeg","contentUrl":"http:\/\/ruuby.ee\/wp-content\/uploads\/2025\/06\/Image-27.06.2025-at-21.57.jpeg","width":596,"height":634},{"@type":"BreadcrumbList","@id":"http:\/\/ruuby.ee\/pood\/lapsed\/vann\/nailmatic-vannipomm-galaxy\/#breadcrumb","itemListElement":[{"@type":"ListItem","position":1,"name":"Kdu","item":"http:\/\/ruuby.ee\/en\/"},{"@type":"ListItem","position":2,"name":"Pood","item":"http:\/\/ruuby.ee\/en\/pood\/"},{"@type":"ListItem","position":3,"name":"Nailmatic &#8211; Vannipomm, GALAXY"}]},{"@type":"WebSite","@id":"http:\/\/ruuby.ee\/en\/#website","url":"http:\/\/ruuby.ee\/en\/","name":"RUUBY","description":"Ruubys on \u00fchendatud elustiil ja disain","publisher":{"@id":"http:\/\/ruuby.ee\/en\/#organization"},"alternateName":"Ruuby Disain","potentialAction":[{"@type":"SearchAction","target":{"@type":"EntryPoint","urlTemplate":"http:\/\/ruuby.ee\/en\/?s={search_term_string}"},"query-input":{"@type":"PropertyValueSpecification","valueRequired":true,"valueName":"search_term_string"}}],"inLanguage":"en-GB"},{"@type":"Organization","@id":"http:\/\/ruuby.ee\/en\/#organization","name":"Ruuby Disain O\u00dc","alternateName":"Ruuby","url":"http:\/\/ruuby.ee\/en\/","logo":{"@type":"ImageObject","inLanguage":"en-GB","@id":"http:\/\/ruuby.ee\/en\/#\/schema\/logo\/image\/","url":"http:\/\/ruuby.ee\/wp-content\/uploads\/2023\/06\/cropped-Black-White-Elegant-Circle-Signature-Fashion-Logo-12_large.png","contentUrl":"http:\/\/ruuby.ee\/wp-content\/uploads\/2023\/06\/cropped-Black-White-Elegant-Circle-Signature-Fashion-Logo-12_large.png","width":1280,"height":747,"caption":"Ruuby Disain O\u00dc"},"image":{"@id":"http:\/\/ruuby.ee\/en\/#\/schema\/logo\/image\/"},"sameAs":["https:\/\/www.facebook.com\/ruubyconcept","https:\/\/www.instagram.com\/ruuby_concept\/"]}]}},"jetpack_sharing_enabled":true,"_links":{"self":[{"href":"http:\/\/ruuby.ee\/en\/wp-json\/wp\/v2\/product\/1853819","targetHints":{"allow":["GET"]}}],"collection":[{"href":"http:\/\/ruuby.ee\/en\/wp-json\/wp\/v2\/product"}],"about":[{"href":"http:\/\/ruuby.ee\/en\/wp-json\/wp\/v2\/types\/product"}],"replies":[{"embeddable":true,"href":"http:\/\/ruuby.ee\/en\/wp-json\/wp\/v2\/comments?post=1853819"}],"wp:featuredmedia":[{"embeddable":true,"href":"http:\/\/ruuby.ee\/en\/wp-json\/wp\/v2\/media\/1853830"}],"wp:attachment":[{"href":"http:\/\/ruuby.ee\/en\/wp-json\/wp\/v2\/media?parent=1853819"}],"wp:term":[{"taxonomy":"product_brand","embeddable":true,"href":"http:\/\/ruuby.ee\/en\/wp-json\/wp\/v2\/product_brand?post=1853819"},{"taxonomy":"product_cat","embeddable":true,"href":"http:\/\/ruuby.ee\/en\/wp-json\/wp\/v2\/product_cat?post=1853819"},{"taxonomy":"product_tag","embeddable":true,"href":"http:\/\/ruuby.ee\/en\/wp-json\/wp\/v2\/product_tag?post=1853819"}],"curies":[{"name":"wp","href":"https:\/\/api.w.org\/{rel}","templated":true}]}}