{"id":1853815,"date":"2025-06-27T21:38:17","date_gmt":"2025-06-27T18:38:17","guid":{"rendered":"https:\/\/ruuby.ee\/pood\/maaratlemata\/nailmatic-kinkekomplekt-huulelaigeveepohine-kuunelakk-fairytales\/"},"modified":"2026-04-08T01:28:24","modified_gmt":"2026-04-07T22:28:24","slug":"nailmatic-kinkekomplekt-huulelaigeveepohine-kuunelakk-fairytales","status":"publish","type":"product","link":"http:\/\/ruuby.ee\/en\/pood\/joulueri\/joulu-kinkekomplektid\/nailmatic-kinkekomplekt-huulelaigeveepohine-kuunelakk-fairytales\/","title":{"rendered":"Nailmatic &#8211; Kinkekomplekt (huulel\u00e4ige+veep\u00f5hine k\u00fc\u00fcnelakk), FAIRYTALES"},"content":{"rendered":"<p>Nailmaticu ilukomplekt algajatele ilusalongi f\u00e4nnidele: Polly k\u00fc\u00fcnelakk ja viinamarja huulel\u00e4ige. Maitsev ja glamuurne kinkekomplekt lastele!<\/p>\n<p>Duo-komplekt, mis sisaldab Polly k\u00fc\u00fcnelakki ja viinamarja huulel\u00e4iget. 100% lastele, 100% l\u00f5bus!<\/p>\n<p>Vegan, julmusevaba.<\/p>\n<p>Valmistatud Prantsusmaal.<\/p>\n<p>Dermatoloogiliselt testitud. Disain loodud koost\u00f6\u00f6s OMY-ga. Ei sobi alla 3-aastastele lastele. Lastele m\u00f5eldud k\u00fc\u00fcnelakk. Garanteeritult ftalaadi-, formaldeh\u00fc\u00fcdi-, tolueeni- ja l\u00f5hnavaba.<\/p>\n<p>Lihtne peale kanda ja eemaldada \u2013 peske lapse k\u00e4ed sooja seebiveega. H\u00f5\u00f5rumist pole vaja peaaegu \u00fcldse teha, see l\u00e4heb kergesti maha. Rollette on l\u00f5bus ja \u00f5rn huultehooldusvahend. Valmistatud aprikoosiseemne\u00f5liga, mis on t\u00e4is niisutavaid omadusi. 97% koostisosad on loodusliku p\u00e4ritoluga. E-vitamiini ja oomega-6- ja oomega-9-rasvhapetega rikastatud v\u00e4rvitu ja puuviljane l\u00e4ige l\u00f5hnab maitsva viinamarja j\u00e4rele!<\/p>\n<p>Koostisosad Elliot: aqua (vesi), naatriumst\u00fcreen\/akr\u00fclaatide kopol\u00fcmeer, pol\u00fcet\u00fcleentereftalaat, ppg-3 met\u00fc\u00fcleeter, kaltsiumnaatriumboorsilikaat, fenoks\u00fcetanool, disiloksaan, r\u00e4nidioksiid, naatriumvesinikkarbonaat, hektoriit, naatriumdeh\u00fcdroatsetaat, peg-12 dimetikoon, prop\u00fcleengl\u00fckool, ppg-2 met\u00fc\u00fcleeter, peg-150\/dets\u00fc\u00fclalkohol\/SMDI kopol\u00fcmeer, pol\u00fcuretaan-11, kaaliumsulfaat, et\u00fc\u00fclheks\u00fc\u00fclgl\u00fctseriin, naatriumh\u00fcdroksiid, tinaoksiid, t-but\u00fc\u00fclalkohol, isooktanool, peg-40 kastoor\u00f5li, ppg-30 but\u00fc\u00fcleeter, bentoniit, tokoferool, aminomet\u00fc\u00fclpropanool, r\u00e4nidioksiiddimet\u00fc\u00fclsil\u00fclaat, ci 77891 (titaandioksiid), ci 77007 (ultramariinid), ci 73360 (punane 30 lake), ci 77000 (alumiiniumpulber). Koostisosad Blackberry Rollette: dilinoolhappe\/propaandiooli kopol\u00fcmeer, h\u00fcdrogeenitud et\u00fc\u00fclheks\u00fc\u00fcl oliiv, aprikoosiseemne\u00f5li (prunus armeniaca), p\u00e4evalilleseemne\u00f5li (helianthus annuus), h\u00fcdrogeenitud oliivi\u00f5li mitteseebistuvad osakesed, vaniljeekstrakt (vanilla planifolia), parf\u00fc\u00fcm (l\u00f5hnaaine), pol\u00fcamiid-8, pol\u00fcprop\u00fcleen, tokofer\u00fc\u00fclatsetaat, ammooniumgl\u00fcts\u00fcrrisaat, pol\u00fcst\u00fcreen, bensotriasol\u00fc\u00fcldodets\u00fc\u00fcl-p-kresool, et\u00fcleen\/va kopol\u00fcmeer, okt\u00fc\u00fcldodekanool, steariinhape, magneesiumh\u00fcdroksiid, alumiiniumh\u00fcdroksiid, sorbitaanoleaat, CI 15850 (punane 7 lake), CI 42090 (sinine 1 lake).<\/p>\n<p>Sisaldab: 8 ml + 6,5 ml<\/p>","protected":false},"excerpt":{"rendered":"<p>Nailmaticu ilukomplekt algajatele ilusalongi f\u00e4nnidele: Polly k\u00fc\u00fcnelakk ja viinamarja huulel\u00e4ige. Maitsev ja glamuurne kinkekomplekt lastele! Duo-komplekt, mis sisaldab Polly k\u00fc\u00fcnelakki ja viinamarja huulel\u00e4iget. 100% lastele, 100% l\u00f5bus! Vegan, julmusevaba. Valmistatud Prantsusmaal. Dermatoloogiliselt testitud. Disain loodud koost\u00f6\u00f6s OMY-ga. Ei sobi alla 3-aastastele lastele. Lastele m\u00f5eldud k\u00fc\u00fcnelakk. Garanteeritult ftalaadi-, formaldeh\u00fc\u00fcdi-, tolueeni- ja l\u00f5hnavaba. Lihtne peale kanda ja [&hellip;]<\/p>\n","protected":false},"featured_media":1853872,"comment_status":"open","ping_status":"closed","template":"","meta":[],"product_brand":[],"product_cat":[654,954,491,657,655,22,344],"product_tag":[123,279,120,119],"class_list":{"0":"post-1853815","1":"product","2":"type-product","3":"status-publish","4":"has-post-thumbnail","6":"product_cat-huulelaige","7":"product_cat-joulu-kinkekomplektid","8":"product_cat-joulueri","9":"product_cat-kinkekomplektid","10":"product_cat-kuunelakk","11":"product_cat-lapsed","12":"product_cat-laste-kosmeetika","13":"product_tag-huulelaige","14":"product_tag-kinkekomplekt","15":"product_tag-kuunelakid","16":"product_tag-nailmatic","18":"first","19":"instock","20":"taxable","21":"shipping-taxable","22":"purchasable","23":"product-type-simple"},"yoast_head":"<!-- This site is optimized with the Yoast SEO plugin v27.3 - https:\/\/yoast.com\/product\/yoast-seo-wordpress\/ -->\n<title>Nailmatic - Kinkekomplekt (huulel\u00e4ige+veep\u00f5hine k\u00fc\u00fcnelakk), FAIRYTALES - RUUBY<\/title>\n<meta name=\"robots\" content=\"index, follow, max-snippet:-1, max-image-preview:large, max-video-preview:-1\" \/>\n<link rel=\"canonical\" href=\"https:\/\/ruuby.ee\/en\/pood\/joulueri\/joulu-kinkekomplektid\/nailmatic-kinkekomplekt-huulelaigeveepohine-kuunelakk-fairytales\/\" \/>\n<meta property=\"og:locale\" content=\"en_GB\" \/>\n<meta property=\"og:type\" content=\"article\" \/>\n<meta property=\"og:title\" content=\"Nailmatic - Kinkekomplekt (huulel\u00e4ige+veep\u00f5hine k\u00fc\u00fcnelakk), FAIRYTALES - RUUBY\" \/>\n<meta property=\"og:description\" content=\"Nailmaticu ilukomplekt algajatele ilusalongi f\u00e4nnidele: Polly k\u00fc\u00fcnelakk ja viinamarja huulel\u00e4ige. Maitsev ja glamuurne kinkekomplekt lastele! Duo-komplekt, mis sisaldab Polly k\u00fc\u00fcnelakki ja viinamarja huulel\u00e4iget. 100% lastele, 100% l\u00f5bus! Vegan, julmusevaba. Valmistatud Prantsusmaal. Dermatoloogiliselt testitud. Disain loodud koost\u00f6\u00f6s OMY-ga. Ei sobi alla 3-aastastele lastele. Lastele m\u00f5eldud k\u00fc\u00fcnelakk. Garanteeritult ftalaadi-, formaldeh\u00fc\u00fcdi-, tolueeni- ja l\u00f5hnavaba. Lihtne peale kanda ja [&hellip;]\" \/>\n<meta property=\"og:url\" content=\"https:\/\/ruuby.ee\/en\/pood\/joulueri\/joulu-kinkekomplektid\/nailmatic-kinkekomplekt-huulelaigeveepohine-kuunelakk-fairytales\/\" \/>\n<meta property=\"og:site_name\" content=\"RUUBY\" \/>\n<meta property=\"article:publisher\" content=\"https:\/\/www.facebook.com\/ruubyconcept\" \/>\n<meta property=\"article:modified_time\" content=\"2026-04-07T22:28:24+00:00\" \/>\n<meta property=\"og:image\" content=\"https:\/\/ruuby.ee\/wp-content\/uploads\/2025\/06\/Screenshot-2025-06-27-at-22.55.43.png\" \/>\n\t<meta property=\"og:image:width\" content=\"528\" \/>\n\t<meta property=\"og:image:height\" content=\"582\" \/>\n\t<meta property=\"og:image:type\" content=\"image\/png\" \/>\n<meta name=\"twitter:card\" content=\"summary_large_image\" \/>\n<meta name=\"twitter:label1\" content=\"Estimated reading time\" \/>\n\t<meta name=\"twitter:data1\" content=\"2 minutes\" \/>\n<script type=\"application\/ld+json\" class=\"yoast-schema-graph\">{\"@context\":\"https:\\\/\\\/schema.org\",\"@graph\":[{\"@type\":[\"WebPage\",\"ItemPage\"],\"@id\":\"https:\\\/\\\/ruuby.ee\\\/pood\\\/joulueri\\\/joulu-kinkekomplektid\\\/nailmatic-kinkekomplekt-huulelaigeveepohine-kuunelakk-fairytales\\\/\",\"url\":\"https:\\\/\\\/ruuby.ee\\\/pood\\\/joulueri\\\/joulu-kinkekomplektid\\\/nailmatic-kinkekomplekt-huulelaigeveepohine-kuunelakk-fairytales\\\/\",\"name\":\"Nailmatic - Kinkekomplekt (huulel\u00e4ige+veep\u00f5hine k\u00fc\u00fcnelakk), FAIRYTALES - RUUBY\",\"isPartOf\":{\"@id\":\"http:\\\/\\\/ruuby.ee\\\/en\\\/#website\"},\"primaryImageOfPage\":{\"@id\":\"https:\\\/\\\/ruuby.ee\\\/pood\\\/joulueri\\\/joulu-kinkekomplektid\\\/nailmatic-kinkekomplekt-huulelaigeveepohine-kuunelakk-fairytales\\\/#primaryimage\"},\"image\":{\"@id\":\"https:\\\/\\\/ruuby.ee\\\/pood\\\/joulueri\\\/joulu-kinkekomplektid\\\/nailmatic-kinkekomplekt-huulelaigeveepohine-kuunelakk-fairytales\\\/#primaryimage\"},\"thumbnailUrl\":\"http:\\\/\\\/ruuby.ee\\\/wp-content\\\/uploads\\\/2025\\\/06\\\/Screenshot-2025-06-27-at-22.55.43.png\",\"datePublished\":\"2025-06-27T18:38:17+00:00\",\"dateModified\":\"2026-04-07T22:28:24+00:00\",\"breadcrumb\":{\"@id\":\"https:\\\/\\\/ruuby.ee\\\/pood\\\/joulueri\\\/joulu-kinkekomplektid\\\/nailmatic-kinkekomplekt-huulelaigeveepohine-kuunelakk-fairytales\\\/#breadcrumb\"},\"inLanguage\":\"en-GB\",\"potentialAction\":[{\"@type\":\"ReadAction\",\"target\":[\"https:\\\/\\\/ruuby.ee\\\/pood\\\/joulueri\\\/joulu-kinkekomplektid\\\/nailmatic-kinkekomplekt-huulelaigeveepohine-kuunelakk-fairytales\\\/\"]}]},{\"@type\":\"ImageObject\",\"inLanguage\":\"en-GB\",\"@id\":\"https:\\\/\\\/ruuby.ee\\\/pood\\\/joulueri\\\/joulu-kinkekomplektid\\\/nailmatic-kinkekomplekt-huulelaigeveepohine-kuunelakk-fairytales\\\/#primaryimage\",\"url\":\"http:\\\/\\\/ruuby.ee\\\/wp-content\\\/uploads\\\/2025\\\/06\\\/Screenshot-2025-06-27-at-22.55.43.png\",\"contentUrl\":\"http:\\\/\\\/ruuby.ee\\\/wp-content\\\/uploads\\\/2025\\\/06\\\/Screenshot-2025-06-27-at-22.55.43.png\",\"width\":528,\"height\":582},{\"@type\":\"BreadcrumbList\",\"@id\":\"https:\\\/\\\/ruuby.ee\\\/pood\\\/joulueri\\\/joulu-kinkekomplektid\\\/nailmatic-kinkekomplekt-huulelaigeveepohine-kuunelakk-fairytales\\\/#breadcrumb\",\"itemListElement\":[{\"@type\":\"ListItem\",\"position\":1,\"name\":\"Kdu\",\"item\":\"http:\\\/\\\/ruuby.ee\\\/en\\\/\"},{\"@type\":\"ListItem\",\"position\":2,\"name\":\"Pood\",\"item\":\"http:\\\/\\\/ruuby.ee\\\/en\\\/pood\\\/\"},{\"@type\":\"ListItem\",\"position\":3,\"name\":\"Nailmatic &#8211; Kinkekomplekt (huulel\u00e4ige+veep\u00f5hine k\u00fc\u00fcnelakk), FAIRYTALES\"}]},{\"@type\":\"WebSite\",\"@id\":\"http:\\\/\\\/ruuby.ee\\\/en\\\/#website\",\"url\":\"http:\\\/\\\/ruuby.ee\\\/en\\\/\",\"name\":\"RUUBY\",\"description\":\"Ruubys on \u00fchendatud elustiil ja disain\",\"publisher\":{\"@id\":\"http:\\\/\\\/ruuby.ee\\\/en\\\/#organization\"},\"alternateName\":\"Ruuby Disain\",\"potentialAction\":[{\"@type\":\"SearchAction\",\"target\":{\"@type\":\"EntryPoint\",\"urlTemplate\":\"http:\\\/\\\/ruuby.ee\\\/en\\\/?s={search_term_string}\"},\"query-input\":{\"@type\":\"PropertyValueSpecification\",\"valueRequired\":true,\"valueName\":\"search_term_string\"}}],\"inLanguage\":\"en-GB\"},{\"@type\":\"Organization\",\"@id\":\"http:\\\/\\\/ruuby.ee\\\/en\\\/#organization\",\"name\":\"Ruuby Disain O\u00dc\",\"alternateName\":\"Ruuby\",\"url\":\"http:\\\/\\\/ruuby.ee\\\/en\\\/\",\"logo\":{\"@type\":\"ImageObject\",\"inLanguage\":\"en-GB\",\"@id\":\"http:\\\/\\\/ruuby.ee\\\/en\\\/#\\\/schema\\\/logo\\\/image\\\/\",\"url\":\"http:\\\/\\\/ruuby.ee\\\/wp-content\\\/uploads\\\/2023\\\/06\\\/cropped-Black-White-Elegant-Circle-Signature-Fashion-Logo-12_large.png\",\"contentUrl\":\"http:\\\/\\\/ruuby.ee\\\/wp-content\\\/uploads\\\/2023\\\/06\\\/cropped-Black-White-Elegant-Circle-Signature-Fashion-Logo-12_large.png\",\"width\":1280,\"height\":747,\"caption\":\"Ruuby Disain O\u00dc\"},\"image\":{\"@id\":\"http:\\\/\\\/ruuby.ee\\\/en\\\/#\\\/schema\\\/logo\\\/image\\\/\"},\"sameAs\":[\"https:\\\/\\\/www.facebook.com\\\/ruubyconcept\",\"https:\\\/\\\/www.instagram.com\\\/ruuby_concept\\\/\"]}]}<\/script>\n<!-- \/ Yoast SEO plugin. -->","yoast_head_json":{"title":"Nailmatic - Kinkekomplekt (huulel\u00e4ige+veep\u00f5hine k\u00fc\u00fcnelakk), FAIRYTALES - RUUBY","robots":{"index":"index","follow":"follow","max-snippet":"max-snippet:-1","max-image-preview":"max-image-preview:large","max-video-preview":"max-video-preview:-1"},"canonical":"https:\/\/ruuby.ee\/en\/pood\/joulueri\/joulu-kinkekomplektid\/nailmatic-kinkekomplekt-huulelaigeveepohine-kuunelakk-fairytales\/","og_locale":"en_GB","og_type":"article","og_title":"Nailmatic - Kinkekomplekt (huulel\u00e4ige+veep\u00f5hine k\u00fc\u00fcnelakk), FAIRYTALES - RUUBY","og_description":"Nailmaticu ilukomplekt algajatele ilusalongi f\u00e4nnidele: Polly k\u00fc\u00fcnelakk ja viinamarja huulel\u00e4ige. Maitsev ja glamuurne kinkekomplekt lastele! Duo-komplekt, mis sisaldab Polly k\u00fc\u00fcnelakki ja viinamarja huulel\u00e4iget. 100% lastele, 100% l\u00f5bus! Vegan, julmusevaba. Valmistatud Prantsusmaal. Dermatoloogiliselt testitud. Disain loodud koost\u00f6\u00f6s OMY-ga. Ei sobi alla 3-aastastele lastele. Lastele m\u00f5eldud k\u00fc\u00fcnelakk. Garanteeritult ftalaadi-, formaldeh\u00fc\u00fcdi-, tolueeni- ja l\u00f5hnavaba. Lihtne peale kanda ja [&hellip;]","og_url":"https:\/\/ruuby.ee\/en\/pood\/joulueri\/joulu-kinkekomplektid\/nailmatic-kinkekomplekt-huulelaigeveepohine-kuunelakk-fairytales\/","og_site_name":"RUUBY","article_publisher":"https:\/\/www.facebook.com\/ruubyconcept","article_modified_time":"2026-04-07T22:28:24+00:00","og_image":[{"width":528,"height":582,"url":"https:\/\/ruuby.ee\/wp-content\/uploads\/2025\/06\/Screenshot-2025-06-27-at-22.55.43.png","type":"image\/png"}],"twitter_card":"summary_large_image","twitter_misc":{"Estimated reading time":"2 minutes"},"schema":{"@context":"https:\/\/schema.org","@graph":[{"@type":["WebPage","ItemPage"],"@id":"https:\/\/ruuby.ee\/pood\/joulueri\/joulu-kinkekomplektid\/nailmatic-kinkekomplekt-huulelaigeveepohine-kuunelakk-fairytales\/","url":"https:\/\/ruuby.ee\/pood\/joulueri\/joulu-kinkekomplektid\/nailmatic-kinkekomplekt-huulelaigeveepohine-kuunelakk-fairytales\/","name":"Nailmatic - Kinkekomplekt (huulel\u00e4ige+veep\u00f5hine k\u00fc\u00fcnelakk), FAIRYTALES - RUUBY","isPartOf":{"@id":"http:\/\/ruuby.ee\/en\/#website"},"primaryImageOfPage":{"@id":"https:\/\/ruuby.ee\/pood\/joulueri\/joulu-kinkekomplektid\/nailmatic-kinkekomplekt-huulelaigeveepohine-kuunelakk-fairytales\/#primaryimage"},"image":{"@id":"https:\/\/ruuby.ee\/pood\/joulueri\/joulu-kinkekomplektid\/nailmatic-kinkekomplekt-huulelaigeveepohine-kuunelakk-fairytales\/#primaryimage"},"thumbnailUrl":"http:\/\/ruuby.ee\/wp-content\/uploads\/2025\/06\/Screenshot-2025-06-27-at-22.55.43.png","datePublished":"2025-06-27T18:38:17+00:00","dateModified":"2026-04-07T22:28:24+00:00","breadcrumb":{"@id":"https:\/\/ruuby.ee\/pood\/joulueri\/joulu-kinkekomplektid\/nailmatic-kinkekomplekt-huulelaigeveepohine-kuunelakk-fairytales\/#breadcrumb"},"inLanguage":"en-GB","potentialAction":[{"@type":"ReadAction","target":["https:\/\/ruuby.ee\/pood\/joulueri\/joulu-kinkekomplektid\/nailmatic-kinkekomplekt-huulelaigeveepohine-kuunelakk-fairytales\/"]}]},{"@type":"ImageObject","inLanguage":"en-GB","@id":"https:\/\/ruuby.ee\/pood\/joulueri\/joulu-kinkekomplektid\/nailmatic-kinkekomplekt-huulelaigeveepohine-kuunelakk-fairytales\/#primaryimage","url":"http:\/\/ruuby.ee\/wp-content\/uploads\/2025\/06\/Screenshot-2025-06-27-at-22.55.43.png","contentUrl":"http:\/\/ruuby.ee\/wp-content\/uploads\/2025\/06\/Screenshot-2025-06-27-at-22.55.43.png","width":528,"height":582},{"@type":"BreadcrumbList","@id":"https:\/\/ruuby.ee\/pood\/joulueri\/joulu-kinkekomplektid\/nailmatic-kinkekomplekt-huulelaigeveepohine-kuunelakk-fairytales\/#breadcrumb","itemListElement":[{"@type":"ListItem","position":1,"name":"Kdu","item":"http:\/\/ruuby.ee\/en\/"},{"@type":"ListItem","position":2,"name":"Pood","item":"http:\/\/ruuby.ee\/en\/pood\/"},{"@type":"ListItem","position":3,"name":"Nailmatic &#8211; Kinkekomplekt (huulel\u00e4ige+veep\u00f5hine k\u00fc\u00fcnelakk), FAIRYTALES"}]},{"@type":"WebSite","@id":"http:\/\/ruuby.ee\/en\/#website","url":"http:\/\/ruuby.ee\/en\/","name":"RUUBY","description":"Ruubys on \u00fchendatud elustiil ja disain","publisher":{"@id":"http:\/\/ruuby.ee\/en\/#organization"},"alternateName":"Ruuby Disain","potentialAction":[{"@type":"SearchAction","target":{"@type":"EntryPoint","urlTemplate":"http:\/\/ruuby.ee\/en\/?s={search_term_string}"},"query-input":{"@type":"PropertyValueSpecification","valueRequired":true,"valueName":"search_term_string"}}],"inLanguage":"en-GB"},{"@type":"Organization","@id":"http:\/\/ruuby.ee\/en\/#organization","name":"Ruuby Disain O\u00dc","alternateName":"Ruuby","url":"http:\/\/ruuby.ee\/en\/","logo":{"@type":"ImageObject","inLanguage":"en-GB","@id":"http:\/\/ruuby.ee\/en\/#\/schema\/logo\/image\/","url":"http:\/\/ruuby.ee\/wp-content\/uploads\/2023\/06\/cropped-Black-White-Elegant-Circle-Signature-Fashion-Logo-12_large.png","contentUrl":"http:\/\/ruuby.ee\/wp-content\/uploads\/2023\/06\/cropped-Black-White-Elegant-Circle-Signature-Fashion-Logo-12_large.png","width":1280,"height":747,"caption":"Ruuby Disain O\u00dc"},"image":{"@id":"http:\/\/ruuby.ee\/en\/#\/schema\/logo\/image\/"},"sameAs":["https:\/\/www.facebook.com\/ruubyconcept","https:\/\/www.instagram.com\/ruuby_concept\/"]}]}},"jetpack_sharing_enabled":true,"_links":{"self":[{"href":"http:\/\/ruuby.ee\/en\/wp-json\/wp\/v2\/product\/1853815","targetHints":{"allow":["GET"]}}],"collection":[{"href":"http:\/\/ruuby.ee\/en\/wp-json\/wp\/v2\/product"}],"about":[{"href":"http:\/\/ruuby.ee\/en\/wp-json\/wp\/v2\/types\/product"}],"replies":[{"embeddable":true,"href":"http:\/\/ruuby.ee\/en\/wp-json\/wp\/v2\/comments?post=1853815"}],"wp:featuredmedia":[{"embeddable":true,"href":"http:\/\/ruuby.ee\/en\/wp-json\/wp\/v2\/media\/1853872"}],"wp:attachment":[{"href":"http:\/\/ruuby.ee\/en\/wp-json\/wp\/v2\/media?parent=1853815"}],"wp:term":[{"taxonomy":"product_brand","embeddable":true,"href":"http:\/\/ruuby.ee\/en\/wp-json\/wp\/v2\/product_brand?post=1853815"},{"taxonomy":"product_cat","embeddable":true,"href":"http:\/\/ruuby.ee\/en\/wp-json\/wp\/v2\/product_cat?post=1853815"},{"taxonomy":"product_tag","embeddable":true,"href":"http:\/\/ruuby.ee\/en\/wp-json\/wp\/v2\/product_tag?post=1853815"}],"curies":[{"name":"wp","href":"https:\/\/api.w.org\/{rel}","templated":true}]}}