{"id":1853812,"date":"2025-06-27T21:38:07","date_gmt":"2025-06-27T18:38:07","guid":{"rendered":"https:\/\/ruuby.ee\/pood\/maaratlemata\/nailmatic-kuunekleepsud-happy\/"},"modified":"2026-04-03T01:24:30","modified_gmt":"2026-04-02T22:24:30","slug":"nailmatic-kuunekleepsud-happy","status":"publish","type":"product","link":"http:\/\/ruuby.ee\/en\/pood\/lapsed\/laste-kosmeetika\/kuunekleepsud\/nailmatic-kuunekleepsud-happy\/","title":{"rendered":"Nailmatic &#8211; K\u00fc\u00fcnekleepsud, HAPPY"},"content":{"rendered":"<p>Kas elate oma unistust s\u00f5rmeotsteni? \u00dckssarvik, vikerkaar, kitarr v\u00f5i kosmoserakett\u2026 Lastele meeldib see kindlasti: kaunistage oma k\u00fc\u00fcsi 72 armsa kleebisega!!<\/p>\n<p>Kleepige lihtsalt \u00fcks igale k\u00fc\u00fcnele ja laske neil sukelduda oma valitud m\u00e4ngu. \u00d5ndsus s\u00fcndinud jutuvestjatele!<\/p>\n<p>K\u00f5ige parem manik\u00fc\u00fcr: turvaline ja loominguline<br \/>\n\u00dclimalt lihtne kasutada: kleepige see peale ja kleepige see m\u00e4ngu l\u00f5ppedes v\u00e4lja.<\/p>\n<p>Kleebised v\u00f5ivad p\u00fcsida paigal 1 v\u00f5i 2 p\u00e4eva, kui need on \u00fchtlaselt puhastele k\u00fc\u00fcntele kantud.<\/p>\n<p>Need taluvad head k\u00e4tepesu, kuid mitte vanni. Palun eemaldage need, et need veega ei kaoks (pole keskkonnas\u00f5bralik).<br \/>\nP\u00e4rast kasutamist visake kleebised taaskasutuskasti. Neil on ka teine \u200b\u200belu m\u00e4rkmikus.<br \/>\nVegan ja julmusevaba.<\/p>","protected":false},"excerpt":{"rendered":"<p>Kas elate oma unistust s\u00f5rmeotsteni? \u00dckssarvik, vikerkaar, kitarr v\u00f5i kosmoserakett\u2026 Lastele meeldib see kindlasti: kaunistage oma k\u00fc\u00fcsi 72 armsa kleebisega!! Kleepige lihtsalt \u00fcks igale k\u00fc\u00fcnele ja laske neil sukelduda oma valitud m\u00e4ngu. \u00d5ndsus s\u00fcndinud jutuvestjatele! K\u00f5ige parem manik\u00fc\u00fcr: turvaline ja loominguline \u00dclimalt lihtne kasutada: kleepige see peale ja kleepige see m\u00e4ngu l\u00f5ppedes v\u00e4lja. Kleebised v\u00f5ivad [&hellip;]<\/p>\n","protected":false},"featured_media":1853839,"comment_status":"open","ping_status":"closed","template":"","meta":[],"product_brand":[],"product_cat":[656,22,344],"product_tag":[76,119],"class_list":{"0":"post-1853812","1":"product","2":"type-product","3":"status-publish","4":"has-post-thumbnail","6":"product_cat-kuunekleepsud","7":"product_cat-lapsed","8":"product_cat-laste-kosmeetika","9":"product_tag-kuunekleepsud","10":"product_tag-nailmatic","12":"first","13":"instock","14":"taxable","15":"shipping-taxable","16":"purchasable","17":"product-type-simple"},"yoast_head":"<!-- This site is optimized with the Yoast SEO plugin v27.2 - https:\/\/yoast.com\/product\/yoast-seo-wordpress\/ -->\n<title>Nailmatic - K\u00fc\u00fcnekleepsud, HAPPY - RUUBY<\/title>\n<meta name=\"robots\" content=\"index, follow, max-snippet:-1, max-image-preview:large, max-video-preview:-1\" \/>\n<link rel=\"canonical\" href=\"http:\/\/ruuby.ee\/en\/pood\/lapsed\/laste-kosmeetika\/kuunekleepsud\/nailmatic-kuunekleepsud-happy\/\" \/>\n<meta property=\"og:locale\" content=\"en_GB\" \/>\n<meta property=\"og:type\" content=\"article\" \/>\n<meta property=\"og:title\" content=\"Nailmatic - K\u00fc\u00fcnekleepsud, HAPPY - RUUBY\" \/>\n<meta property=\"og:description\" content=\"Kas elate oma unistust s\u00f5rmeotsteni? \u00dckssarvik, vikerkaar, kitarr v\u00f5i kosmoserakett\u2026 Lastele meeldib see kindlasti: kaunistage oma k\u00fc\u00fcsi 72 armsa kleebisega!! Kleepige lihtsalt \u00fcks igale k\u00fc\u00fcnele ja laske neil sukelduda oma valitud m\u00e4ngu. \u00d5ndsus s\u00fcndinud jutuvestjatele! K\u00f5ige parem manik\u00fc\u00fcr: turvaline ja loominguline \u00dclimalt lihtne kasutada: kleepige see peale ja kleepige see m\u00e4ngu l\u00f5ppedes v\u00e4lja. Kleebised v\u00f5ivad [&hellip;]\" \/>\n<meta property=\"og:url\" content=\"http:\/\/ruuby.ee\/en\/pood\/lapsed\/laste-kosmeetika\/kuunekleepsud\/nailmatic-kuunekleepsud-happy\/\" \/>\n<meta property=\"og:site_name\" content=\"RUUBY\" \/>\n<meta property=\"article:publisher\" content=\"https:\/\/www.facebook.com\/ruubyconcept\" \/>\n<meta property=\"article:modified_time\" content=\"2026-04-02T22:24:30+00:00\" \/>\n<meta property=\"og:image\" content=\"http:\/\/ruuby.ee\/wp-content\/uploads\/2025\/06\/Screenshot-2025-06-27-at-22.09.18.png\" \/>\n\t<meta property=\"og:image:width\" content=\"1130\" \/>\n\t<meta property=\"og:image:height\" content=\"1156\" \/>\n\t<meta property=\"og:image:type\" content=\"image\/png\" \/>\n<meta name=\"twitter:card\" content=\"summary_large_image\" \/>\n<meta name=\"twitter:label1\" content=\"Estimated reading time\" \/>\n\t<meta name=\"twitter:data1\" content=\"1 minute\" \/>\n<script type=\"application\/ld+json\" class=\"yoast-schema-graph\">{\"@context\":\"https:\/\/schema.org\",\"@graph\":[{\"@type\":[\"WebPage\",\"ItemPage\"],\"@id\":\"http:\/\/ruuby.ee\/en\/pood\/lapsed\/laste-kosmeetika\/kuunekleepsud\/nailmatic-kuunekleepsud-happy\/\",\"url\":\"http:\/\/ruuby.ee\/en\/pood\/lapsed\/laste-kosmeetika\/kuunekleepsud\/nailmatic-kuunekleepsud-happy\/\",\"name\":\"Nailmatic - K\u00fc\u00fcnekleepsud, HAPPY - RUUBY\",\"isPartOf\":{\"@id\":\"https:\/\/ruuby.ee\/en\/#website\"},\"primaryImageOfPage\":{\"@id\":\"http:\/\/ruuby.ee\/en\/pood\/lapsed\/laste-kosmeetika\/kuunekleepsud\/nailmatic-kuunekleepsud-happy\/#primaryimage\"},\"image\":{\"@id\":\"http:\/\/ruuby.ee\/en\/pood\/lapsed\/laste-kosmeetika\/kuunekleepsud\/nailmatic-kuunekleepsud-happy\/#primaryimage\"},\"thumbnailUrl\":\"http:\/\/ruuby.ee\/wp-content\/uploads\/2025\/06\/Screenshot-2025-06-27-at-22.09.18.png\",\"datePublished\":\"2025-06-27T18:38:07+00:00\",\"dateModified\":\"2026-04-02T22:24:30+00:00\",\"breadcrumb\":{\"@id\":\"http:\/\/ruuby.ee\/en\/pood\/lapsed\/laste-kosmeetika\/kuunekleepsud\/nailmatic-kuunekleepsud-happy\/#breadcrumb\"},\"inLanguage\":\"en-GB\",\"potentialAction\":[{\"@type\":\"ReadAction\",\"target\":[\"http:\/\/ruuby.ee\/en\/pood\/lapsed\/laste-kosmeetika\/kuunekleepsud\/nailmatic-kuunekleepsud-happy\/\"]}]},{\"@type\":\"ImageObject\",\"inLanguage\":\"en-GB\",\"@id\":\"http:\/\/ruuby.ee\/en\/pood\/lapsed\/laste-kosmeetika\/kuunekleepsud\/nailmatic-kuunekleepsud-happy\/#primaryimage\",\"url\":\"http:\/\/ruuby.ee\/wp-content\/uploads\/2025\/06\/Screenshot-2025-06-27-at-22.09.18.png\",\"contentUrl\":\"http:\/\/ruuby.ee\/wp-content\/uploads\/2025\/06\/Screenshot-2025-06-27-at-22.09.18.png\",\"width\":1130,\"height\":1156},{\"@type\":\"BreadcrumbList\",\"@id\":\"http:\/\/ruuby.ee\/en\/pood\/lapsed\/laste-kosmeetika\/kuunekleepsud\/nailmatic-kuunekleepsud-happy\/#breadcrumb\",\"itemListElement\":[{\"@type\":\"ListItem\",\"position\":1,\"name\":\"Kdu\",\"item\":\"https:\/\/ruuby.ee\/en\/\"},{\"@type\":\"ListItem\",\"position\":2,\"name\":\"Pood\",\"item\":\"https:\/\/ruuby.ee\/pood\/\"},{\"@type\":\"ListItem\",\"position\":3,\"name\":\"Nailmatic &#8211; K\u00fc\u00fcnekleepsud, HAPPY\"}]},{\"@type\":\"WebSite\",\"@id\":\"https:\/\/ruuby.ee\/en\/#website\",\"url\":\"https:\/\/ruuby.ee\/en\/\",\"name\":\"RUUBY\",\"description\":\"Ruubys on \u00fchendatud elustiil ja disain\",\"publisher\":{\"@id\":\"https:\/\/ruuby.ee\/en\/#organization\"},\"alternateName\":\"Ruuby Disain\",\"potentialAction\":[{\"@type\":\"SearchAction\",\"target\":{\"@type\":\"EntryPoint\",\"urlTemplate\":\"https:\/\/ruuby.ee\/en\/?s={search_term_string}\"},\"query-input\":{\"@type\":\"PropertyValueSpecification\",\"valueRequired\":true,\"valueName\":\"search_term_string\"}}],\"inLanguage\":\"en-GB\"},{\"@type\":\"Organization\",\"@id\":\"https:\/\/ruuby.ee\/en\/#organization\",\"name\":\"Ruuby Disain O\u00dc\",\"alternateName\":\"Ruuby\",\"url\":\"https:\/\/ruuby.ee\/en\/\",\"logo\":{\"@type\":\"ImageObject\",\"inLanguage\":\"en-GB\",\"@id\":\"https:\/\/ruuby.ee\/en\/#\/schema\/logo\/image\/\",\"url\":\"http:\/\/ruuby.ee\/wp-content\/uploads\/2023\/06\/cropped-Black-White-Elegant-Circle-Signature-Fashion-Logo-12_large.png\",\"contentUrl\":\"http:\/\/ruuby.ee\/wp-content\/uploads\/2023\/06\/cropped-Black-White-Elegant-Circle-Signature-Fashion-Logo-12_large.png\",\"width\":1280,\"height\":747,\"caption\":\"Ruuby Disain O\u00dc\"},\"image\":{\"@id\":\"https:\/\/ruuby.ee\/en\/#\/schema\/logo\/image\/\"},\"sameAs\":[\"https:\/\/www.facebook.com\/ruubyconcept\",\"https:\/\/www.instagram.com\/ruuby_concept\/\"]}]}<\/script>\n<!-- \/ Yoast SEO plugin. -->","yoast_head_json":{"title":"Nailmatic - K\u00fc\u00fcnekleepsud, HAPPY - RUUBY","robots":{"index":"index","follow":"follow","max-snippet":"max-snippet:-1","max-image-preview":"max-image-preview:large","max-video-preview":"max-video-preview:-1"},"canonical":"http:\/\/ruuby.ee\/en\/pood\/lapsed\/laste-kosmeetika\/kuunekleepsud\/nailmatic-kuunekleepsud-happy\/","og_locale":"en_GB","og_type":"article","og_title":"Nailmatic - K\u00fc\u00fcnekleepsud, HAPPY - RUUBY","og_description":"Kas elate oma unistust s\u00f5rmeotsteni? \u00dckssarvik, vikerkaar, kitarr v\u00f5i kosmoserakett\u2026 Lastele meeldib see kindlasti: kaunistage oma k\u00fc\u00fcsi 72 armsa kleebisega!! Kleepige lihtsalt \u00fcks igale k\u00fc\u00fcnele ja laske neil sukelduda oma valitud m\u00e4ngu. \u00d5ndsus s\u00fcndinud jutuvestjatele! K\u00f5ige parem manik\u00fc\u00fcr: turvaline ja loominguline \u00dclimalt lihtne kasutada: kleepige see peale ja kleepige see m\u00e4ngu l\u00f5ppedes v\u00e4lja. Kleebised v\u00f5ivad [&hellip;]","og_url":"http:\/\/ruuby.ee\/en\/pood\/lapsed\/laste-kosmeetika\/kuunekleepsud\/nailmatic-kuunekleepsud-happy\/","og_site_name":"RUUBY","article_publisher":"https:\/\/www.facebook.com\/ruubyconcept","article_modified_time":"2026-04-02T22:24:30+00:00","og_image":[{"width":1130,"height":1156,"url":"http:\/\/ruuby.ee\/wp-content\/uploads\/2025\/06\/Screenshot-2025-06-27-at-22.09.18.png","type":"image\/png"}],"twitter_card":"summary_large_image","twitter_misc":{"Estimated reading time":"1 minute"},"schema":{"@context":"https:\/\/schema.org","@graph":[{"@type":["WebPage","ItemPage"],"@id":"http:\/\/ruuby.ee\/en\/pood\/lapsed\/laste-kosmeetika\/kuunekleepsud\/nailmatic-kuunekleepsud-happy\/","url":"http:\/\/ruuby.ee\/en\/pood\/lapsed\/laste-kosmeetika\/kuunekleepsud\/nailmatic-kuunekleepsud-happy\/","name":"Nailmatic - K\u00fc\u00fcnekleepsud, HAPPY - RUUBY","isPartOf":{"@id":"https:\/\/ruuby.ee\/en\/#website"},"primaryImageOfPage":{"@id":"http:\/\/ruuby.ee\/en\/pood\/lapsed\/laste-kosmeetika\/kuunekleepsud\/nailmatic-kuunekleepsud-happy\/#primaryimage"},"image":{"@id":"http:\/\/ruuby.ee\/en\/pood\/lapsed\/laste-kosmeetika\/kuunekleepsud\/nailmatic-kuunekleepsud-happy\/#primaryimage"},"thumbnailUrl":"http:\/\/ruuby.ee\/wp-content\/uploads\/2025\/06\/Screenshot-2025-06-27-at-22.09.18.png","datePublished":"2025-06-27T18:38:07+00:00","dateModified":"2026-04-02T22:24:30+00:00","breadcrumb":{"@id":"http:\/\/ruuby.ee\/en\/pood\/lapsed\/laste-kosmeetika\/kuunekleepsud\/nailmatic-kuunekleepsud-happy\/#breadcrumb"},"inLanguage":"en-GB","potentialAction":[{"@type":"ReadAction","target":["http:\/\/ruuby.ee\/en\/pood\/lapsed\/laste-kosmeetika\/kuunekleepsud\/nailmatic-kuunekleepsud-happy\/"]}]},{"@type":"ImageObject","inLanguage":"en-GB","@id":"http:\/\/ruuby.ee\/en\/pood\/lapsed\/laste-kosmeetika\/kuunekleepsud\/nailmatic-kuunekleepsud-happy\/#primaryimage","url":"http:\/\/ruuby.ee\/wp-content\/uploads\/2025\/06\/Screenshot-2025-06-27-at-22.09.18.png","contentUrl":"http:\/\/ruuby.ee\/wp-content\/uploads\/2025\/06\/Screenshot-2025-06-27-at-22.09.18.png","width":1130,"height":1156},{"@type":"BreadcrumbList","@id":"http:\/\/ruuby.ee\/en\/pood\/lapsed\/laste-kosmeetika\/kuunekleepsud\/nailmatic-kuunekleepsud-happy\/#breadcrumb","itemListElement":[{"@type":"ListItem","position":1,"name":"Kdu","item":"https:\/\/ruuby.ee\/en\/"},{"@type":"ListItem","position":2,"name":"Pood","item":"https:\/\/ruuby.ee\/pood\/"},{"@type":"ListItem","position":3,"name":"Nailmatic &#8211; K\u00fc\u00fcnekleepsud, HAPPY"}]},{"@type":"WebSite","@id":"https:\/\/ruuby.ee\/en\/#website","url":"https:\/\/ruuby.ee\/en\/","name":"RUUBY","description":"Ruubys on \u00fchendatud elustiil ja disain","publisher":{"@id":"https:\/\/ruuby.ee\/en\/#organization"},"alternateName":"Ruuby Disain","potentialAction":[{"@type":"SearchAction","target":{"@type":"EntryPoint","urlTemplate":"https:\/\/ruuby.ee\/en\/?s={search_term_string}"},"query-input":{"@type":"PropertyValueSpecification","valueRequired":true,"valueName":"search_term_string"}}],"inLanguage":"en-GB"},{"@type":"Organization","@id":"https:\/\/ruuby.ee\/en\/#organization","name":"Ruuby Disain O\u00dc","alternateName":"Ruuby","url":"https:\/\/ruuby.ee\/en\/","logo":{"@type":"ImageObject","inLanguage":"en-GB","@id":"https:\/\/ruuby.ee\/en\/#\/schema\/logo\/image\/","url":"http:\/\/ruuby.ee\/wp-content\/uploads\/2023\/06\/cropped-Black-White-Elegant-Circle-Signature-Fashion-Logo-12_large.png","contentUrl":"http:\/\/ruuby.ee\/wp-content\/uploads\/2023\/06\/cropped-Black-White-Elegant-Circle-Signature-Fashion-Logo-12_large.png","width":1280,"height":747,"caption":"Ruuby Disain O\u00dc"},"image":{"@id":"https:\/\/ruuby.ee\/en\/#\/schema\/logo\/image\/"},"sameAs":["https:\/\/www.facebook.com\/ruubyconcept","https:\/\/www.instagram.com\/ruuby_concept\/"]}]}},"jetpack_sharing_enabled":true,"_links":{"self":[{"href":"http:\/\/ruuby.ee\/en\/wp-json\/wp\/v2\/product\/1853812","targetHints":{"allow":["GET"]}}],"collection":[{"href":"http:\/\/ruuby.ee\/en\/wp-json\/wp\/v2\/product"}],"about":[{"href":"http:\/\/ruuby.ee\/en\/wp-json\/wp\/v2\/types\/product"}],"replies":[{"embeddable":true,"href":"http:\/\/ruuby.ee\/en\/wp-json\/wp\/v2\/comments?post=1853812"}],"wp:featuredmedia":[{"embeddable":true,"href":"http:\/\/ruuby.ee\/en\/wp-json\/wp\/v2\/media\/1853839"}],"wp:attachment":[{"href":"http:\/\/ruuby.ee\/en\/wp-json\/wp\/v2\/media?parent=1853812"}],"wp:term":[{"taxonomy":"product_brand","embeddable":true,"href":"http:\/\/ruuby.ee\/en\/wp-json\/wp\/v2\/product_brand?post=1853812"},{"taxonomy":"product_cat","embeddable":true,"href":"http:\/\/ruuby.ee\/en\/wp-json\/wp\/v2\/product_cat?post=1853812"},{"taxonomy":"product_tag","embeddable":true,"href":"http:\/\/ruuby.ee\/en\/wp-json\/wp\/v2\/product_tag?post=1853812"}],"curies":[{"name":"wp","href":"https:\/\/api.w.org\/{rel}","templated":true}]}}