{"id":1853810,"date":"2025-06-27T21:38:02","date_gmt":"2025-06-27T18:38:02","guid":{"rendered":"https:\/\/ruuby.ee\/pood\/maaratlemata\/nailmatic-huulelaige-kirss\/"},"modified":"2026-04-04T01:24:52","modified_gmt":"2026-04-03T22:24:52","slug":"nailmatic-huulelaige-kirss","status":"publish","type":"product","link":"http:\/\/ruuby.ee\/en\/pood\/lapsed\/laste-kosmeetika\/huulelaige\/nailmatic-huulelaige-kirss\/","title":{"rendered":"Nailmatic &#8211; Huulel\u00e4ige, KIRSS"},"content":{"rendered":"<p>See huulel\u00e4ige on v\u00e4rvitu, niisutav, naturaalne ja puuviljane huulel\u00e4ige. nailmatic on loonud l\u00f5busa hoolduse: 100% lastele, 100% l\u00f5bu! Oma \u00fcliloodusliku koostise (97% looduslikku p\u00e4ritolu koostisosad), v\u00e4rvitava pakendi ja erksate v\u00e4rvidega hellitab meie nailmatic Rollette huulel\u00e4ige teie printsesse!<\/p>\n<p>Kuna lapsed tahavad alati t\u00e4iskasvanuid kopeerida, t\u00f6\u00f6tas nailmaticu labor kuid v\u00e4rvitu ja maitsva huulel\u00e4ike kallal. Nagu ema, nii ka t\u00fctar? Jah, ja miks mitte!<\/p>\n<p>Milline s\u00e4rav laste huulel\u00e4ige! Spetsiaalselt selle huulel\u00e4ike jaoks loodud l\u00f5bus rullkuuliga aplikaator teenis endale armsa h\u00fc\u00fcdnime: Rollette. Enne huulel\u00e4ike huultele kandmist on teie laps valmis oma sisemise meigikunstniku sinu peal avalduma! Vinge ja isikup\u00e4rane v\u00e4limus: iga Rollette on omaette tegelane, kes saab omaette s\u00e4rada omaette karbis. Loodud koost\u00f6\u00f6s meie s\u00f5pradega OMY Desgin &amp; Playst. Taaskasutatavad pakendid, millele on tr\u00fckitud taimseid v\u00e4rvaineid. Valmistatud Prantsusmaal: nailmaticus n\u00f5uame siiraid suhteid k\u00f5igi oma tarnijatega, mis k\u00f5ik p\u00f5hinevad 100% prantsuse oskusteabel. Koostisosad: OKT\u00dc\u00dcLDODEKANOOL, OLEIINHAPPE\/LINOOLINHAPPE\/LINOLEENPOL\u00dcGL\u00dcTSERIIDID, APRIKOOSI (PRUNUS ARMENIACA) TUUMA\u00d5LI, PARFUM (L\u00d5HNAAINE), DEKSTRIINPALMITAAT, PALMIITHAPE, AMMOONIUMGL\u00dcTS\u00dcRRISAAT, TOKOFER\u00dc\u00dcLATSETAAT, BENSOTRIASOL\u00dc\u00dcLDODETS\u00dc\u00dcL-P-KRESOOL, SORBITAANOLEAAT, CI 45410 (RED 28 LAKE), ALFA-ISOMET\u00dc\u00dcLJONOON.<\/p>\n<p>Sisu: 6,5 ml Kaal: 42 g<\/p>\n<p>Vegan ja loomakatseteta.<\/p>","protected":false},"excerpt":{"rendered":"<p>See huulel\u00e4ige on v\u00e4rvitu, niisutav, naturaalne ja puuviljane huulel\u00e4ige. nailmatic on loonud l\u00f5busa hoolduse: 100% lastele, 100% l\u00f5bu! Oma \u00fcliloodusliku koostise (97% looduslikku p\u00e4ritolu koostisosad), v\u00e4rvitava pakendi ja erksate v\u00e4rvidega hellitab meie nailmatic Rollette huulel\u00e4ige teie printsesse! Kuna lapsed tahavad alati t\u00e4iskasvanuid kopeerida, t\u00f6\u00f6tas nailmaticu labor kuid v\u00e4rvitu ja maitsva huulel\u00e4ike kallal. Nagu ema, nii [&hellip;]<\/p>\n","protected":false},"featured_media":1853837,"comment_status":"open","ping_status":"closed","template":"","meta":[],"product_brand":[],"product_cat":[654,22,344],"product_tag":[123,119],"class_list":{"0":"post-1853810","1":"product","2":"type-product","3":"status-publish","4":"has-post-thumbnail","6":"product_cat-huulelaige","7":"product_cat-lapsed","8":"product_cat-laste-kosmeetika","9":"product_tag-huulelaige","10":"product_tag-nailmatic","12":"first","13":"instock","14":"taxable","15":"shipping-taxable","16":"purchasable","17":"product-type-simple"},"yoast_head":"<!-- This site is optimized with the Yoast SEO plugin v27.2 - https:\/\/yoast.com\/product\/yoast-seo-wordpress\/ -->\n<title>Nailmatic - Huulel\u00e4ige, KIRSS - RUUBY<\/title>\n<meta name=\"robots\" content=\"index, follow, max-snippet:-1, max-image-preview:large, max-video-preview:-1\" \/>\n<link rel=\"canonical\" href=\"https:\/\/ruuby.ee\/en\/pood\/lapsed\/laste-kosmeetika\/huulelaige\/nailmatic-huulelaige-kirss\/\" \/>\n<meta property=\"og:locale\" content=\"en_GB\" \/>\n<meta property=\"og:type\" content=\"article\" \/>\n<meta property=\"og:title\" content=\"Nailmatic - Huulel\u00e4ige, KIRSS - RUUBY\" \/>\n<meta property=\"og:description\" content=\"See huulel\u00e4ige on v\u00e4rvitu, niisutav, naturaalne ja puuviljane huulel\u00e4ige. nailmatic on loonud l\u00f5busa hoolduse: 100% lastele, 100% l\u00f5bu! Oma \u00fcliloodusliku koostise (97% looduslikku p\u00e4ritolu koostisosad), v\u00e4rvitava pakendi ja erksate v\u00e4rvidega hellitab meie nailmatic Rollette huulel\u00e4ige teie printsesse! Kuna lapsed tahavad alati t\u00e4iskasvanuid kopeerida, t\u00f6\u00f6tas nailmaticu labor kuid v\u00e4rvitu ja maitsva huulel\u00e4ike kallal. Nagu ema, nii [&hellip;]\" \/>\n<meta property=\"og:url\" content=\"https:\/\/ruuby.ee\/en\/pood\/lapsed\/laste-kosmeetika\/huulelaige\/nailmatic-huulelaige-kirss\/\" \/>\n<meta property=\"og:site_name\" content=\"RUUBY\" \/>\n<meta property=\"article:publisher\" content=\"https:\/\/www.facebook.com\/ruubyconcept\" \/>\n<meta property=\"article:modified_time\" content=\"2026-04-03T22:24:52+00:00\" \/>\n<meta property=\"og:image\" content=\"https:\/\/ruuby.ee\/wp-content\/uploads\/2025\/06\/Image-27.06.2025-at-22.04.jpeg\" \/>\n\t<meta property=\"og:image:width\" content=\"1192\" \/>\n\t<meta property=\"og:image:height\" content=\"1182\" \/>\n\t<meta property=\"og:image:type\" content=\"image\/jpeg\" \/>\n<meta name=\"twitter:card\" content=\"summary_large_image\" \/>\n<meta name=\"twitter:label1\" content=\"Estimated reading time\" \/>\n\t<meta name=\"twitter:data1\" content=\"2 minutes\" \/>\n<script type=\"application\/ld+json\" class=\"yoast-schema-graph\">{\"@context\":\"https:\/\/schema.org\",\"@graph\":[{\"@type\":[\"WebPage\",\"ItemPage\"],\"@id\":\"https:\/\/ruuby.ee\/en\/pood\/lapsed\/laste-kosmeetika\/huulelaige\/nailmatic-huulelaige-kirss\/\",\"url\":\"https:\/\/ruuby.ee\/en\/pood\/lapsed\/laste-kosmeetika\/huulelaige\/nailmatic-huulelaige-kirss\/\",\"name\":\"Nailmatic - Huulel\u00e4ige, KIRSS - RUUBY\",\"isPartOf\":{\"@id\":\"https:\/\/ruuby.ee\/en\/#website\"},\"primaryImageOfPage\":{\"@id\":\"https:\/\/ruuby.ee\/en\/pood\/lapsed\/laste-kosmeetika\/huulelaige\/nailmatic-huulelaige-kirss\/#primaryimage\"},\"image\":{\"@id\":\"https:\/\/ruuby.ee\/en\/pood\/lapsed\/laste-kosmeetika\/huulelaige\/nailmatic-huulelaige-kirss\/#primaryimage\"},\"thumbnailUrl\":\"http:\/\/ruuby.ee\/wp-content\/uploads\/2025\/06\/Image-27.06.2025-at-22.04.jpeg\",\"datePublished\":\"2025-06-27T18:38:02+00:00\",\"dateModified\":\"2026-04-03T22:24:52+00:00\",\"breadcrumb\":{\"@id\":\"https:\/\/ruuby.ee\/en\/pood\/lapsed\/laste-kosmeetika\/huulelaige\/nailmatic-huulelaige-kirss\/#breadcrumb\"},\"inLanguage\":\"en-GB\",\"potentialAction\":[{\"@type\":\"ReadAction\",\"target\":[\"https:\/\/ruuby.ee\/en\/pood\/lapsed\/laste-kosmeetika\/huulelaige\/nailmatic-huulelaige-kirss\/\"]}]},{\"@type\":\"ImageObject\",\"inLanguage\":\"en-GB\",\"@id\":\"https:\/\/ruuby.ee\/en\/pood\/lapsed\/laste-kosmeetika\/huulelaige\/nailmatic-huulelaige-kirss\/#primaryimage\",\"url\":\"http:\/\/ruuby.ee\/wp-content\/uploads\/2025\/06\/Image-27.06.2025-at-22.04.jpeg\",\"contentUrl\":\"http:\/\/ruuby.ee\/wp-content\/uploads\/2025\/06\/Image-27.06.2025-at-22.04.jpeg\",\"width\":1192,\"height\":1182},{\"@type\":\"BreadcrumbList\",\"@id\":\"https:\/\/ruuby.ee\/en\/pood\/lapsed\/laste-kosmeetika\/huulelaige\/nailmatic-huulelaige-kirss\/#breadcrumb\",\"itemListElement\":[{\"@type\":\"ListItem\",\"position\":1,\"name\":\"Kdu\",\"item\":\"https:\/\/ruuby.ee\/en\/\"},{\"@type\":\"ListItem\",\"position\":2,\"name\":\"Pood\",\"item\":\"https:\/\/ruuby.ee\/pood\/\"},{\"@type\":\"ListItem\",\"position\":3,\"name\":\"Nailmatic &#8211; Huulel\u00e4ige, KIRSS\"}]},{\"@type\":\"WebSite\",\"@id\":\"https:\/\/ruuby.ee\/en\/#website\",\"url\":\"https:\/\/ruuby.ee\/en\/\",\"name\":\"RUUBY\",\"description\":\"Ruubys on \u00fchendatud elustiil ja disain\",\"publisher\":{\"@id\":\"https:\/\/ruuby.ee\/en\/#organization\"},\"alternateName\":\"Ruuby Disain\",\"potentialAction\":[{\"@type\":\"SearchAction\",\"target\":{\"@type\":\"EntryPoint\",\"urlTemplate\":\"https:\/\/ruuby.ee\/en\/?s={search_term_string}\"},\"query-input\":{\"@type\":\"PropertyValueSpecification\",\"valueRequired\":true,\"valueName\":\"search_term_string\"}}],\"inLanguage\":\"en-GB\"},{\"@type\":\"Organization\",\"@id\":\"https:\/\/ruuby.ee\/en\/#organization\",\"name\":\"Ruuby Disain O\u00dc\",\"alternateName\":\"Ruuby\",\"url\":\"https:\/\/ruuby.ee\/en\/\",\"logo\":{\"@type\":\"ImageObject\",\"inLanguage\":\"en-GB\",\"@id\":\"https:\/\/ruuby.ee\/en\/#\/schema\/logo\/image\/\",\"url\":\"http:\/\/ruuby.ee\/wp-content\/uploads\/2023\/06\/cropped-Black-White-Elegant-Circle-Signature-Fashion-Logo-12_large.png\",\"contentUrl\":\"http:\/\/ruuby.ee\/wp-content\/uploads\/2023\/06\/cropped-Black-White-Elegant-Circle-Signature-Fashion-Logo-12_large.png\",\"width\":1280,\"height\":747,\"caption\":\"Ruuby Disain O\u00dc\"},\"image\":{\"@id\":\"https:\/\/ruuby.ee\/en\/#\/schema\/logo\/image\/\"},\"sameAs\":[\"https:\/\/www.facebook.com\/ruubyconcept\",\"https:\/\/www.instagram.com\/ruuby_concept\/\"]}]}<\/script>\n<!-- \/ Yoast SEO plugin. -->","yoast_head_json":{"title":"Nailmatic - Huulel\u00e4ige, KIRSS - RUUBY","robots":{"index":"index","follow":"follow","max-snippet":"max-snippet:-1","max-image-preview":"max-image-preview:large","max-video-preview":"max-video-preview:-1"},"canonical":"https:\/\/ruuby.ee\/en\/pood\/lapsed\/laste-kosmeetika\/huulelaige\/nailmatic-huulelaige-kirss\/","og_locale":"en_GB","og_type":"article","og_title":"Nailmatic - Huulel\u00e4ige, KIRSS - RUUBY","og_description":"See huulel\u00e4ige on v\u00e4rvitu, niisutav, naturaalne ja puuviljane huulel\u00e4ige. nailmatic on loonud l\u00f5busa hoolduse: 100% lastele, 100% l\u00f5bu! Oma \u00fcliloodusliku koostise (97% looduslikku p\u00e4ritolu koostisosad), v\u00e4rvitava pakendi ja erksate v\u00e4rvidega hellitab meie nailmatic Rollette huulel\u00e4ige teie printsesse! Kuna lapsed tahavad alati t\u00e4iskasvanuid kopeerida, t\u00f6\u00f6tas nailmaticu labor kuid v\u00e4rvitu ja maitsva huulel\u00e4ike kallal. Nagu ema, nii [&hellip;]","og_url":"https:\/\/ruuby.ee\/en\/pood\/lapsed\/laste-kosmeetika\/huulelaige\/nailmatic-huulelaige-kirss\/","og_site_name":"RUUBY","article_publisher":"https:\/\/www.facebook.com\/ruubyconcept","article_modified_time":"2026-04-03T22:24:52+00:00","og_image":[{"width":1192,"height":1182,"url":"https:\/\/ruuby.ee\/wp-content\/uploads\/2025\/06\/Image-27.06.2025-at-22.04.jpeg","type":"image\/jpeg"}],"twitter_card":"summary_large_image","twitter_misc":{"Estimated reading time":"2 minutes"},"schema":{"@context":"https:\/\/schema.org","@graph":[{"@type":["WebPage","ItemPage"],"@id":"https:\/\/ruuby.ee\/en\/pood\/lapsed\/laste-kosmeetika\/huulelaige\/nailmatic-huulelaige-kirss\/","url":"https:\/\/ruuby.ee\/en\/pood\/lapsed\/laste-kosmeetika\/huulelaige\/nailmatic-huulelaige-kirss\/","name":"Nailmatic - Huulel\u00e4ige, KIRSS - RUUBY","isPartOf":{"@id":"https:\/\/ruuby.ee\/en\/#website"},"primaryImageOfPage":{"@id":"https:\/\/ruuby.ee\/en\/pood\/lapsed\/laste-kosmeetika\/huulelaige\/nailmatic-huulelaige-kirss\/#primaryimage"},"image":{"@id":"https:\/\/ruuby.ee\/en\/pood\/lapsed\/laste-kosmeetika\/huulelaige\/nailmatic-huulelaige-kirss\/#primaryimage"},"thumbnailUrl":"http:\/\/ruuby.ee\/wp-content\/uploads\/2025\/06\/Image-27.06.2025-at-22.04.jpeg","datePublished":"2025-06-27T18:38:02+00:00","dateModified":"2026-04-03T22:24:52+00:00","breadcrumb":{"@id":"https:\/\/ruuby.ee\/en\/pood\/lapsed\/laste-kosmeetika\/huulelaige\/nailmatic-huulelaige-kirss\/#breadcrumb"},"inLanguage":"en-GB","potentialAction":[{"@type":"ReadAction","target":["https:\/\/ruuby.ee\/en\/pood\/lapsed\/laste-kosmeetika\/huulelaige\/nailmatic-huulelaige-kirss\/"]}]},{"@type":"ImageObject","inLanguage":"en-GB","@id":"https:\/\/ruuby.ee\/en\/pood\/lapsed\/laste-kosmeetika\/huulelaige\/nailmatic-huulelaige-kirss\/#primaryimage","url":"http:\/\/ruuby.ee\/wp-content\/uploads\/2025\/06\/Image-27.06.2025-at-22.04.jpeg","contentUrl":"http:\/\/ruuby.ee\/wp-content\/uploads\/2025\/06\/Image-27.06.2025-at-22.04.jpeg","width":1192,"height":1182},{"@type":"BreadcrumbList","@id":"https:\/\/ruuby.ee\/en\/pood\/lapsed\/laste-kosmeetika\/huulelaige\/nailmatic-huulelaige-kirss\/#breadcrumb","itemListElement":[{"@type":"ListItem","position":1,"name":"Kdu","item":"https:\/\/ruuby.ee\/en\/"},{"@type":"ListItem","position":2,"name":"Pood","item":"https:\/\/ruuby.ee\/pood\/"},{"@type":"ListItem","position":3,"name":"Nailmatic &#8211; Huulel\u00e4ige, KIRSS"}]},{"@type":"WebSite","@id":"https:\/\/ruuby.ee\/en\/#website","url":"https:\/\/ruuby.ee\/en\/","name":"RUUBY","description":"Ruubys on \u00fchendatud elustiil ja disain","publisher":{"@id":"https:\/\/ruuby.ee\/en\/#organization"},"alternateName":"Ruuby Disain","potentialAction":[{"@type":"SearchAction","target":{"@type":"EntryPoint","urlTemplate":"https:\/\/ruuby.ee\/en\/?s={search_term_string}"},"query-input":{"@type":"PropertyValueSpecification","valueRequired":true,"valueName":"search_term_string"}}],"inLanguage":"en-GB"},{"@type":"Organization","@id":"https:\/\/ruuby.ee\/en\/#organization","name":"Ruuby Disain O\u00dc","alternateName":"Ruuby","url":"https:\/\/ruuby.ee\/en\/","logo":{"@type":"ImageObject","inLanguage":"en-GB","@id":"https:\/\/ruuby.ee\/en\/#\/schema\/logo\/image\/","url":"http:\/\/ruuby.ee\/wp-content\/uploads\/2023\/06\/cropped-Black-White-Elegant-Circle-Signature-Fashion-Logo-12_large.png","contentUrl":"http:\/\/ruuby.ee\/wp-content\/uploads\/2023\/06\/cropped-Black-White-Elegant-Circle-Signature-Fashion-Logo-12_large.png","width":1280,"height":747,"caption":"Ruuby Disain O\u00dc"},"image":{"@id":"https:\/\/ruuby.ee\/en\/#\/schema\/logo\/image\/"},"sameAs":["https:\/\/www.facebook.com\/ruubyconcept","https:\/\/www.instagram.com\/ruuby_concept\/"]}]}},"jetpack_sharing_enabled":true,"_links":{"self":[{"href":"http:\/\/ruuby.ee\/en\/wp-json\/wp\/v2\/product\/1853810","targetHints":{"allow":["GET"]}}],"collection":[{"href":"http:\/\/ruuby.ee\/en\/wp-json\/wp\/v2\/product"}],"about":[{"href":"http:\/\/ruuby.ee\/en\/wp-json\/wp\/v2\/types\/product"}],"replies":[{"embeddable":true,"href":"http:\/\/ruuby.ee\/en\/wp-json\/wp\/v2\/comments?post=1853810"}],"wp:featuredmedia":[{"embeddable":true,"href":"http:\/\/ruuby.ee\/en\/wp-json\/wp\/v2\/media\/1853837"}],"wp:attachment":[{"href":"http:\/\/ruuby.ee\/en\/wp-json\/wp\/v2\/media?parent=1853810"}],"wp:term":[{"taxonomy":"product_brand","embeddable":true,"href":"http:\/\/ruuby.ee\/en\/wp-json\/wp\/v2\/product_brand?post=1853810"},{"taxonomy":"product_cat","embeddable":true,"href":"http:\/\/ruuby.ee\/en\/wp-json\/wp\/v2\/product_cat?post=1853810"},{"taxonomy":"product_tag","embeddable":true,"href":"http:\/\/ruuby.ee\/en\/wp-json\/wp\/v2\/product_tag?post=1853810"}],"curies":[{"name":"wp","href":"https:\/\/api.w.org\/{rel}","templated":true}]}}