{"id":1853803,"date":"2025-06-27T21:37:40","date_gmt":"2025-06-27T18:37:40","guid":{"rendered":"https:\/\/ruuby.ee\/pood\/maaratlemata\/nailmatic-veepohine-kuunelakk-aurora\/"},"modified":"2026-04-04T01:24:52","modified_gmt":"2026-04-03T22:24:52","slug":"nailmatic-veepohine-kuunelakk-aurora","status":"publish","type":"product","link":"http:\/\/ruuby.ee\/en\/pood\/lapsed\/laste-kosmeetika\/kuunelakk\/nailmatic-veepohine-kuunelakk-aurora\/","title":{"rendered":"Nailmatic &#8211; Veep\u00f5hine k\u00fc\u00fcnelakk, AURORA"},"content":{"rendered":"<p>Pane oma lapse k\u00fc\u00fcned s\u00e4rama Aurora Gold k\u00fc\u00fcnelakiga!<br \/>\nSee s\u00e4delev lakk, mis on loodud spetsiaalselt v\u00e4ikestele printsidele ja printsessidele, \u00fchendab endas turvalisuse, l\u00e4ike ja l\u00f5bususe, luues unustamatuid ilu- ja m\u00e4nguhetki.<br \/>\nM\u00fcrgivaba koostisega on see ideaalne viis, kuidas teie pisikese loovus saab t\u00e4ieliku enesekindlusega s\u00e4rada!<\/p>\n<p>Lihtne kasutada, sama lihtne kui lugeda kolmeni!<\/p>\n<p>1. \u00c4ratage laki v\u00e4rv pudelit raputades.<\/p>\n<p>2. Kandke peale \u00fcks kuni kaks kihti.<\/p>\n<p>3. Lehvitage k\u00e4tega \u00f5hus, nagu poleks teil millestki hooli. Valmis! \ud83d\ude42<\/p>\n<p>See on veep\u00f5hine k\u00fc\u00fcnelakk, mis on spetsiaalselt lastele loodud.<br \/>\nImeline! Seda on lihtne peale kanda, aga see tuleb maha ka sooja seebiveega v\u00f5i vannis.<\/p>\n<p>See on ftalaatide-, formaldeh\u00fc\u00fcdi-, tolueeni- ja l\u00f5hnaainetevaba. Vegan ja julmusevaba. Ei m\u00e4\u00e4ri. Dermatoloogiliselt testitud. Disainitud koost\u00f6\u00f6s OMY-ga. Valmistatud Prantsusmaal. Kasutada t\u00e4iskasvanu j\u00e4relvalve all.<\/p>\n<p>Sobib alates 3. eluaastast. Sisaldab 8 ml.<\/p>","protected":false},"excerpt":{"rendered":"<p>Pane oma lapse k\u00fc\u00fcned s\u00e4rama Aurora Gold k\u00fc\u00fcnelakiga! See s\u00e4delev lakk, mis on loodud spetsiaalselt v\u00e4ikestele printsidele ja printsessidele, \u00fchendab endas turvalisuse, l\u00e4ike ja l\u00f5bususe, luues unustamatuid ilu- ja m\u00e4nguhetki. M\u00fcrgivaba koostisega on see ideaalne viis, kuidas teie pisikese loovus saab t\u00e4ieliku enesekindlusega s\u00e4rada! Lihtne kasutada, sama lihtne kui lugeda kolmeni! 1. \u00c4ratage laki v\u00e4rv [&hellip;]<\/p>\n","protected":false},"featured_media":1853865,"comment_status":"open","ping_status":"closed","template":"","meta":[],"product_brand":[],"product_cat":[655,22,344],"product_tag":[120,119],"class_list":{"0":"post-1853803","1":"product","2":"type-product","3":"status-publish","4":"has-post-thumbnail","6":"product_cat-kuunelakk","7":"product_cat-lapsed","8":"product_cat-laste-kosmeetika","9":"product_tag-kuunelakid","10":"product_tag-nailmatic","12":"first","13":"instock","14":"taxable","15":"shipping-taxable","16":"purchasable","17":"product-type-simple"},"yoast_head":"<!-- This site is optimized with the Yoast SEO plugin v27.2 - https:\/\/yoast.com\/product\/yoast-seo-wordpress\/ -->\n<title>Nailmatic - Veep\u00f5hine k\u00fc\u00fcnelakk, AURORA - RUUBY<\/title>\n<meta name=\"robots\" content=\"index, follow, max-snippet:-1, max-image-preview:large, max-video-preview:-1\" \/>\n<link rel=\"canonical\" href=\"https:\/\/ruuby.ee\/en\/pood\/lapsed\/laste-kosmeetika\/kuunelakk\/nailmatic-veepohine-kuunelakk-aurora\/\" \/>\n<meta property=\"og:locale\" content=\"en_GB\" \/>\n<meta property=\"og:type\" content=\"article\" \/>\n<meta property=\"og:title\" content=\"Nailmatic - Veep\u00f5hine k\u00fc\u00fcnelakk, AURORA - RUUBY\" \/>\n<meta property=\"og:description\" content=\"Pane oma lapse k\u00fc\u00fcned s\u00e4rama Aurora Gold k\u00fc\u00fcnelakiga! See s\u00e4delev lakk, mis on loodud spetsiaalselt v\u00e4ikestele printsidele ja printsessidele, \u00fchendab endas turvalisuse, l\u00e4ike ja l\u00f5bususe, luues unustamatuid ilu- ja m\u00e4nguhetki. M\u00fcrgivaba koostisega on see ideaalne viis, kuidas teie pisikese loovus saab t\u00e4ieliku enesekindlusega s\u00e4rada! Lihtne kasutada, sama lihtne kui lugeda kolmeni! 1. \u00c4ratage laki v\u00e4rv [&hellip;]\" \/>\n<meta property=\"og:url\" content=\"https:\/\/ruuby.ee\/en\/pood\/lapsed\/laste-kosmeetika\/kuunelakk\/nailmatic-veepohine-kuunelakk-aurora\/\" \/>\n<meta property=\"og:site_name\" content=\"RUUBY\" \/>\n<meta property=\"article:publisher\" content=\"https:\/\/www.facebook.com\/ruubyconcept\" \/>\n<meta property=\"article:modified_time\" content=\"2026-04-03T22:24:52+00:00\" \/>\n<meta property=\"og:image\" content=\"https:\/\/ruuby.ee\/wp-content\/uploads\/2025\/06\/Screenshot-2025-06-27-at-22.45.04.png\" \/>\n\t<meta property=\"og:image:width\" content=\"1138\" \/>\n\t<meta property=\"og:image:height\" content=\"1134\" \/>\n\t<meta property=\"og:image:type\" content=\"image\/png\" \/>\n<meta name=\"twitter:card\" content=\"summary_large_image\" \/>\n<meta name=\"twitter:label1\" content=\"Estimated reading time\" \/>\n\t<meta name=\"twitter:data1\" content=\"1 minute\" \/>\n<script type=\"application\/ld+json\" class=\"yoast-schema-graph\">{\"@context\":\"https:\/\/schema.org\",\"@graph\":[{\"@type\":[\"WebPage\",\"ItemPage\"],\"@id\":\"https:\/\/ruuby.ee\/en\/pood\/lapsed\/laste-kosmeetika\/kuunelakk\/nailmatic-veepohine-kuunelakk-aurora\/\",\"url\":\"https:\/\/ruuby.ee\/en\/pood\/lapsed\/laste-kosmeetika\/kuunelakk\/nailmatic-veepohine-kuunelakk-aurora\/\",\"name\":\"Nailmatic - Veep\u00f5hine k\u00fc\u00fcnelakk, AURORA - RUUBY\",\"isPartOf\":{\"@id\":\"https:\/\/ruuby.ee\/en\/#website\"},\"primaryImageOfPage\":{\"@id\":\"https:\/\/ruuby.ee\/en\/pood\/lapsed\/laste-kosmeetika\/kuunelakk\/nailmatic-veepohine-kuunelakk-aurora\/#primaryimage\"},\"image\":{\"@id\":\"https:\/\/ruuby.ee\/en\/pood\/lapsed\/laste-kosmeetika\/kuunelakk\/nailmatic-veepohine-kuunelakk-aurora\/#primaryimage\"},\"thumbnailUrl\":\"http:\/\/ruuby.ee\/wp-content\/uploads\/2025\/06\/Screenshot-2025-06-27-at-22.45.04.png\",\"datePublished\":\"2025-06-27T18:37:40+00:00\",\"dateModified\":\"2026-04-03T22:24:52+00:00\",\"breadcrumb\":{\"@id\":\"https:\/\/ruuby.ee\/en\/pood\/lapsed\/laste-kosmeetika\/kuunelakk\/nailmatic-veepohine-kuunelakk-aurora\/#breadcrumb\"},\"inLanguage\":\"en-GB\",\"potentialAction\":[{\"@type\":\"ReadAction\",\"target\":[\"https:\/\/ruuby.ee\/en\/pood\/lapsed\/laste-kosmeetika\/kuunelakk\/nailmatic-veepohine-kuunelakk-aurora\/\"]}]},{\"@type\":\"ImageObject\",\"inLanguage\":\"en-GB\",\"@id\":\"https:\/\/ruuby.ee\/en\/pood\/lapsed\/laste-kosmeetika\/kuunelakk\/nailmatic-veepohine-kuunelakk-aurora\/#primaryimage\",\"url\":\"http:\/\/ruuby.ee\/wp-content\/uploads\/2025\/06\/Screenshot-2025-06-27-at-22.45.04.png\",\"contentUrl\":\"http:\/\/ruuby.ee\/wp-content\/uploads\/2025\/06\/Screenshot-2025-06-27-at-22.45.04.png\",\"width\":1138,\"height\":1134},{\"@type\":\"BreadcrumbList\",\"@id\":\"https:\/\/ruuby.ee\/en\/pood\/lapsed\/laste-kosmeetika\/kuunelakk\/nailmatic-veepohine-kuunelakk-aurora\/#breadcrumb\",\"itemListElement\":[{\"@type\":\"ListItem\",\"position\":1,\"name\":\"Kdu\",\"item\":\"https:\/\/ruuby.ee\/en\/\"},{\"@type\":\"ListItem\",\"position\":2,\"name\":\"Pood\",\"item\":\"https:\/\/ruuby.ee\/pood\/\"},{\"@type\":\"ListItem\",\"position\":3,\"name\":\"Nailmatic &#8211; Veep\u00f5hine k\u00fc\u00fcnelakk, AURORA\"}]},{\"@type\":\"WebSite\",\"@id\":\"https:\/\/ruuby.ee\/en\/#website\",\"url\":\"https:\/\/ruuby.ee\/en\/\",\"name\":\"RUUBY\",\"description\":\"Ruubys on \u00fchendatud elustiil ja disain\",\"publisher\":{\"@id\":\"https:\/\/ruuby.ee\/en\/#organization\"},\"alternateName\":\"Ruuby Disain\",\"potentialAction\":[{\"@type\":\"SearchAction\",\"target\":{\"@type\":\"EntryPoint\",\"urlTemplate\":\"https:\/\/ruuby.ee\/en\/?s={search_term_string}\"},\"query-input\":{\"@type\":\"PropertyValueSpecification\",\"valueRequired\":true,\"valueName\":\"search_term_string\"}}],\"inLanguage\":\"en-GB\"},{\"@type\":\"Organization\",\"@id\":\"https:\/\/ruuby.ee\/en\/#organization\",\"name\":\"Ruuby Disain O\u00dc\",\"alternateName\":\"Ruuby\",\"url\":\"https:\/\/ruuby.ee\/en\/\",\"logo\":{\"@type\":\"ImageObject\",\"inLanguage\":\"en-GB\",\"@id\":\"https:\/\/ruuby.ee\/en\/#\/schema\/logo\/image\/\",\"url\":\"http:\/\/ruuby.ee\/wp-content\/uploads\/2023\/06\/cropped-Black-White-Elegant-Circle-Signature-Fashion-Logo-12_large.png\",\"contentUrl\":\"http:\/\/ruuby.ee\/wp-content\/uploads\/2023\/06\/cropped-Black-White-Elegant-Circle-Signature-Fashion-Logo-12_large.png\",\"width\":1280,\"height\":747,\"caption\":\"Ruuby Disain O\u00dc\"},\"image\":{\"@id\":\"https:\/\/ruuby.ee\/en\/#\/schema\/logo\/image\/\"},\"sameAs\":[\"https:\/\/www.facebook.com\/ruubyconcept\",\"https:\/\/www.instagram.com\/ruuby_concept\/\"]}]}<\/script>\n<!-- \/ Yoast SEO plugin. -->","yoast_head_json":{"title":"Nailmatic - Veep\u00f5hine k\u00fc\u00fcnelakk, AURORA - RUUBY","robots":{"index":"index","follow":"follow","max-snippet":"max-snippet:-1","max-image-preview":"max-image-preview:large","max-video-preview":"max-video-preview:-1"},"canonical":"https:\/\/ruuby.ee\/en\/pood\/lapsed\/laste-kosmeetika\/kuunelakk\/nailmatic-veepohine-kuunelakk-aurora\/","og_locale":"en_GB","og_type":"article","og_title":"Nailmatic - Veep\u00f5hine k\u00fc\u00fcnelakk, AURORA - RUUBY","og_description":"Pane oma lapse k\u00fc\u00fcned s\u00e4rama Aurora Gold k\u00fc\u00fcnelakiga! See s\u00e4delev lakk, mis on loodud spetsiaalselt v\u00e4ikestele printsidele ja printsessidele, \u00fchendab endas turvalisuse, l\u00e4ike ja l\u00f5bususe, luues unustamatuid ilu- ja m\u00e4nguhetki. M\u00fcrgivaba koostisega on see ideaalne viis, kuidas teie pisikese loovus saab t\u00e4ieliku enesekindlusega s\u00e4rada! Lihtne kasutada, sama lihtne kui lugeda kolmeni! 1. \u00c4ratage laki v\u00e4rv [&hellip;]","og_url":"https:\/\/ruuby.ee\/en\/pood\/lapsed\/laste-kosmeetika\/kuunelakk\/nailmatic-veepohine-kuunelakk-aurora\/","og_site_name":"RUUBY","article_publisher":"https:\/\/www.facebook.com\/ruubyconcept","article_modified_time":"2026-04-03T22:24:52+00:00","og_image":[{"width":1138,"height":1134,"url":"https:\/\/ruuby.ee\/wp-content\/uploads\/2025\/06\/Screenshot-2025-06-27-at-22.45.04.png","type":"image\/png"}],"twitter_card":"summary_large_image","twitter_misc":{"Estimated reading time":"1 minute"},"schema":{"@context":"https:\/\/schema.org","@graph":[{"@type":["WebPage","ItemPage"],"@id":"https:\/\/ruuby.ee\/en\/pood\/lapsed\/laste-kosmeetika\/kuunelakk\/nailmatic-veepohine-kuunelakk-aurora\/","url":"https:\/\/ruuby.ee\/en\/pood\/lapsed\/laste-kosmeetika\/kuunelakk\/nailmatic-veepohine-kuunelakk-aurora\/","name":"Nailmatic - Veep\u00f5hine k\u00fc\u00fcnelakk, AURORA - RUUBY","isPartOf":{"@id":"https:\/\/ruuby.ee\/en\/#website"},"primaryImageOfPage":{"@id":"https:\/\/ruuby.ee\/en\/pood\/lapsed\/laste-kosmeetika\/kuunelakk\/nailmatic-veepohine-kuunelakk-aurora\/#primaryimage"},"image":{"@id":"https:\/\/ruuby.ee\/en\/pood\/lapsed\/laste-kosmeetika\/kuunelakk\/nailmatic-veepohine-kuunelakk-aurora\/#primaryimage"},"thumbnailUrl":"http:\/\/ruuby.ee\/wp-content\/uploads\/2025\/06\/Screenshot-2025-06-27-at-22.45.04.png","datePublished":"2025-06-27T18:37:40+00:00","dateModified":"2026-04-03T22:24:52+00:00","breadcrumb":{"@id":"https:\/\/ruuby.ee\/en\/pood\/lapsed\/laste-kosmeetika\/kuunelakk\/nailmatic-veepohine-kuunelakk-aurora\/#breadcrumb"},"inLanguage":"en-GB","potentialAction":[{"@type":"ReadAction","target":["https:\/\/ruuby.ee\/en\/pood\/lapsed\/laste-kosmeetika\/kuunelakk\/nailmatic-veepohine-kuunelakk-aurora\/"]}]},{"@type":"ImageObject","inLanguage":"en-GB","@id":"https:\/\/ruuby.ee\/en\/pood\/lapsed\/laste-kosmeetika\/kuunelakk\/nailmatic-veepohine-kuunelakk-aurora\/#primaryimage","url":"http:\/\/ruuby.ee\/wp-content\/uploads\/2025\/06\/Screenshot-2025-06-27-at-22.45.04.png","contentUrl":"http:\/\/ruuby.ee\/wp-content\/uploads\/2025\/06\/Screenshot-2025-06-27-at-22.45.04.png","width":1138,"height":1134},{"@type":"BreadcrumbList","@id":"https:\/\/ruuby.ee\/en\/pood\/lapsed\/laste-kosmeetika\/kuunelakk\/nailmatic-veepohine-kuunelakk-aurora\/#breadcrumb","itemListElement":[{"@type":"ListItem","position":1,"name":"Kdu","item":"https:\/\/ruuby.ee\/en\/"},{"@type":"ListItem","position":2,"name":"Pood","item":"https:\/\/ruuby.ee\/pood\/"},{"@type":"ListItem","position":3,"name":"Nailmatic &#8211; Veep\u00f5hine k\u00fc\u00fcnelakk, AURORA"}]},{"@type":"WebSite","@id":"https:\/\/ruuby.ee\/en\/#website","url":"https:\/\/ruuby.ee\/en\/","name":"RUUBY","description":"Ruubys on \u00fchendatud elustiil ja disain","publisher":{"@id":"https:\/\/ruuby.ee\/en\/#organization"},"alternateName":"Ruuby Disain","potentialAction":[{"@type":"SearchAction","target":{"@type":"EntryPoint","urlTemplate":"https:\/\/ruuby.ee\/en\/?s={search_term_string}"},"query-input":{"@type":"PropertyValueSpecification","valueRequired":true,"valueName":"search_term_string"}}],"inLanguage":"en-GB"},{"@type":"Organization","@id":"https:\/\/ruuby.ee\/en\/#organization","name":"Ruuby Disain O\u00dc","alternateName":"Ruuby","url":"https:\/\/ruuby.ee\/en\/","logo":{"@type":"ImageObject","inLanguage":"en-GB","@id":"https:\/\/ruuby.ee\/en\/#\/schema\/logo\/image\/","url":"http:\/\/ruuby.ee\/wp-content\/uploads\/2023\/06\/cropped-Black-White-Elegant-Circle-Signature-Fashion-Logo-12_large.png","contentUrl":"http:\/\/ruuby.ee\/wp-content\/uploads\/2023\/06\/cropped-Black-White-Elegant-Circle-Signature-Fashion-Logo-12_large.png","width":1280,"height":747,"caption":"Ruuby Disain O\u00dc"},"image":{"@id":"https:\/\/ruuby.ee\/en\/#\/schema\/logo\/image\/"},"sameAs":["https:\/\/www.facebook.com\/ruubyconcept","https:\/\/www.instagram.com\/ruuby_concept\/"]}]}},"jetpack_sharing_enabled":true,"_links":{"self":[{"href":"http:\/\/ruuby.ee\/en\/wp-json\/wp\/v2\/product\/1853803","targetHints":{"allow":["GET"]}}],"collection":[{"href":"http:\/\/ruuby.ee\/en\/wp-json\/wp\/v2\/product"}],"about":[{"href":"http:\/\/ruuby.ee\/en\/wp-json\/wp\/v2\/types\/product"}],"replies":[{"embeddable":true,"href":"http:\/\/ruuby.ee\/en\/wp-json\/wp\/v2\/comments?post=1853803"}],"wp:featuredmedia":[{"embeddable":true,"href":"http:\/\/ruuby.ee\/en\/wp-json\/wp\/v2\/media\/1853865"}],"wp:attachment":[{"href":"http:\/\/ruuby.ee\/en\/wp-json\/wp\/v2\/media?parent=1853803"}],"wp:term":[{"taxonomy":"product_brand","embeddable":true,"href":"http:\/\/ruuby.ee\/en\/wp-json\/wp\/v2\/product_brand?post=1853803"},{"taxonomy":"product_cat","embeddable":true,"href":"http:\/\/ruuby.ee\/en\/wp-json\/wp\/v2\/product_cat?post=1853803"},{"taxonomy":"product_tag","embeddable":true,"href":"http:\/\/ruuby.ee\/en\/wp-json\/wp\/v2\/product_tag?post=1853803"}],"curies":[{"name":"wp","href":"https:\/\/api.w.org\/{rel}","templated":true}]}}