{"id":1853087,"date":"2025-05-01T20:58:47","date_gmt":"2025-05-01T17:58:47","guid":{"rendered":"http:\/\/ruuby.ee\/?post_type=product&#038;p=1853087"},"modified":"2026-04-08T01:28:25","modified_gmt":"2026-04-07T22:28:25","slug":"omy-naokleepsud-kawaii","status":"publish","type":"product","link":"http:\/\/ruuby.ee\/en\/pood\/lapsed\/laste-kosmeetika\/naokleepsud\/omy-naokleepsud-kawaii\/","title":{"rendered":"OMY &#8211; n\u00e4okleepsud, Kawaii"},"content":{"rendered":"<p>\u00dcmberpaigutatavad ja nahas\u00f5bralikud, neid on lihtne peale kanda l\u00f5putute ainulaadsete ja v\u00e4rviliste stiilide loomiseks.<\/p>\n<p>Dermatoloogiliselt testitud mugava ja \u00e4rritusvaba kogemuse tagamiseks.<br \/>\nKohustuslik abivahend m\u00e4ngulisteks hetkedeks alates 3. eluaastast!<\/p>\n<p>85 kleepsu n\u00e4ole<br \/>\nSuurus: 19,5 x 16 cm \/ 7,7 x 6,3 tolli<br \/>\nDisainitud huumoriga meie Pariisi stuudios<\/p>","protected":false},"excerpt":{"rendered":"<p>85 l\u00f5busat ja fluorestseeruvat kleebist lahedate ja erksate v\u00e4limuste loomiseks ning loovuse vallandamiseks!<\/p>\n<p>Suurep\u00e4rane kingiidee!<\/p>","protected":false},"featured_media":1853088,"comment_status":"open","ping_status":"closed","template":"","meta":[],"product_brand":[],"product_cat":[22,344,1042],"product_tag":[],"class_list":{"0":"post-1853087","1":"product","2":"type-product","3":"status-publish","4":"has-post-thumbnail","6":"product_cat-lapsed","7":"product_cat-laste-kosmeetika","8":"product_cat-naokleepsud","10":"first","11":"instock","12":"taxable","13":"shipping-taxable","14":"purchasable","15":"product-type-simple"},"yoast_head":"<!-- This site is optimized with the Yoast SEO plugin v27.3 - https:\/\/yoast.com\/product\/yoast-seo-wordpress\/ -->\n<title>OMY - n\u00e4okleepsud, Kawaii - RUUBY<\/title>\n<meta name=\"robots\" content=\"index, follow, max-snippet:-1, max-image-preview:large, max-video-preview:-1\" \/>\n<link rel=\"canonical\" href=\"http:\/\/ruuby.ee\/en\/pood\/lapsed\/laste-kosmeetika\/naokleepsud\/omy-naokleepsud-kawaii\/\" \/>\n<meta property=\"og:locale\" content=\"en_GB\" \/>\n<meta property=\"og:type\" content=\"article\" \/>\n<meta property=\"og:title\" content=\"OMY - n\u00e4okleepsud, Kawaii - RUUBY\" \/>\n<meta property=\"og:description\" content=\"85 l\u00f5busat ja fluorestseeruvat kleebist lahedate ja erksate v\u00e4limuste loomiseks ning loovuse vallandamiseks!  Suurep\u00e4rane kingiidee!\" \/>\n<meta property=\"og:url\" content=\"http:\/\/ruuby.ee\/en\/pood\/lapsed\/laste-kosmeetika\/naokleepsud\/omy-naokleepsud-kawaii\/\" \/>\n<meta property=\"og:site_name\" content=\"RUUBY\" \/>\n<meta property=\"article:publisher\" content=\"https:\/\/www.facebook.com\/ruubyconcept\" \/>\n<meta property=\"article:modified_time\" content=\"2026-04-07T22:28:25+00:00\" \/>\n<meta property=\"og:image\" content=\"http:\/\/ruuby.ee\/wp-content\/uploads\/2025\/05\/Screenshot-2025-05-01-at-20.57.55.png\" \/>\n\t<meta property=\"og:image:width\" content=\"1364\" \/>\n\t<meta property=\"og:image:height\" content=\"1272\" \/>\n\t<meta property=\"og:image:type\" content=\"image\/png\" \/>\n<meta name=\"twitter:card\" content=\"summary_large_image\" \/>\n<meta name=\"twitter:label1\" content=\"Estimated reading time\" \/>\n\t<meta name=\"twitter:data1\" content=\"1 minute\" \/>\n<script type=\"application\/ld+json\" class=\"yoast-schema-graph\">{\"@context\":\"https:\\\/\\\/schema.org\",\"@graph\":[{\"@type\":[\"WebPage\",\"ItemPage\"],\"@id\":\"http:\\\/\\\/ruuby.ee\\\/pood\\\/lapsed\\\/laste-kosmeetika\\\/naokleepsud\\\/omy-naokleepsud-kawaii\\\/\",\"url\":\"http:\\\/\\\/ruuby.ee\\\/pood\\\/lapsed\\\/laste-kosmeetika\\\/naokleepsud\\\/omy-naokleepsud-kawaii\\\/\",\"name\":\"OMY - n\u00e4okleepsud, Kawaii - RUUBY\",\"isPartOf\":{\"@id\":\"http:\\\/\\\/ruuby.ee\\\/en\\\/#website\"},\"primaryImageOfPage\":{\"@id\":\"http:\\\/\\\/ruuby.ee\\\/pood\\\/lapsed\\\/laste-kosmeetika\\\/naokleepsud\\\/omy-naokleepsud-kawaii\\\/#primaryimage\"},\"image\":{\"@id\":\"http:\\\/\\\/ruuby.ee\\\/pood\\\/lapsed\\\/laste-kosmeetika\\\/naokleepsud\\\/omy-naokleepsud-kawaii\\\/#primaryimage\"},\"thumbnailUrl\":\"http:\\\/\\\/ruuby.ee\\\/wp-content\\\/uploads\\\/2025\\\/05\\\/Screenshot-2025-05-01-at-20.57.55.png\",\"datePublished\":\"2025-05-01T17:58:47+00:00\",\"dateModified\":\"2026-04-07T22:28:25+00:00\",\"breadcrumb\":{\"@id\":\"http:\\\/\\\/ruuby.ee\\\/pood\\\/lapsed\\\/laste-kosmeetika\\\/naokleepsud\\\/omy-naokleepsud-kawaii\\\/#breadcrumb\"},\"inLanguage\":\"en-GB\",\"potentialAction\":[{\"@type\":\"ReadAction\",\"target\":[\"http:\\\/\\\/ruuby.ee\\\/pood\\\/lapsed\\\/laste-kosmeetika\\\/naokleepsud\\\/omy-naokleepsud-kawaii\\\/\"]}]},{\"@type\":\"ImageObject\",\"inLanguage\":\"en-GB\",\"@id\":\"http:\\\/\\\/ruuby.ee\\\/pood\\\/lapsed\\\/laste-kosmeetika\\\/naokleepsud\\\/omy-naokleepsud-kawaii\\\/#primaryimage\",\"url\":\"http:\\\/\\\/ruuby.ee\\\/wp-content\\\/uploads\\\/2025\\\/05\\\/Screenshot-2025-05-01-at-20.57.55.png\",\"contentUrl\":\"http:\\\/\\\/ruuby.ee\\\/wp-content\\\/uploads\\\/2025\\\/05\\\/Screenshot-2025-05-01-at-20.57.55.png\",\"width\":1364,\"height\":1272},{\"@type\":\"BreadcrumbList\",\"@id\":\"http:\\\/\\\/ruuby.ee\\\/pood\\\/lapsed\\\/laste-kosmeetika\\\/naokleepsud\\\/omy-naokleepsud-kawaii\\\/#breadcrumb\",\"itemListElement\":[{\"@type\":\"ListItem\",\"position\":1,\"name\":\"Kdu\",\"item\":\"http:\\\/\\\/ruuby.ee\\\/en\\\/\"},{\"@type\":\"ListItem\",\"position\":2,\"name\":\"Pood\",\"item\":\"http:\\\/\\\/ruuby.ee\\\/en\\\/pood\\\/\"},{\"@type\":\"ListItem\",\"position\":3,\"name\":\"OMY &#8211; n\u00e4okleepsud, Kawaii\"}]},{\"@type\":\"WebSite\",\"@id\":\"http:\\\/\\\/ruuby.ee\\\/en\\\/#website\",\"url\":\"http:\\\/\\\/ruuby.ee\\\/en\\\/\",\"name\":\"RUUBY\",\"description\":\"Ruubys on \u00fchendatud elustiil ja disain\",\"publisher\":{\"@id\":\"http:\\\/\\\/ruuby.ee\\\/en\\\/#organization\"},\"alternateName\":\"Ruuby Disain\",\"potentialAction\":[{\"@type\":\"SearchAction\",\"target\":{\"@type\":\"EntryPoint\",\"urlTemplate\":\"http:\\\/\\\/ruuby.ee\\\/en\\\/?s={search_term_string}\"},\"query-input\":{\"@type\":\"PropertyValueSpecification\",\"valueRequired\":true,\"valueName\":\"search_term_string\"}}],\"inLanguage\":\"en-GB\"},{\"@type\":\"Organization\",\"@id\":\"http:\\\/\\\/ruuby.ee\\\/en\\\/#organization\",\"name\":\"Ruuby Disain O\u00dc\",\"alternateName\":\"Ruuby\",\"url\":\"http:\\\/\\\/ruuby.ee\\\/en\\\/\",\"logo\":{\"@type\":\"ImageObject\",\"inLanguage\":\"en-GB\",\"@id\":\"http:\\\/\\\/ruuby.ee\\\/en\\\/#\\\/schema\\\/logo\\\/image\\\/\",\"url\":\"http:\\\/\\\/ruuby.ee\\\/wp-content\\\/uploads\\\/2023\\\/06\\\/cropped-Black-White-Elegant-Circle-Signature-Fashion-Logo-12_large.png\",\"contentUrl\":\"http:\\\/\\\/ruuby.ee\\\/wp-content\\\/uploads\\\/2023\\\/06\\\/cropped-Black-White-Elegant-Circle-Signature-Fashion-Logo-12_large.png\",\"width\":1280,\"height\":747,\"caption\":\"Ruuby Disain O\u00dc\"},\"image\":{\"@id\":\"http:\\\/\\\/ruuby.ee\\\/en\\\/#\\\/schema\\\/logo\\\/image\\\/\"},\"sameAs\":[\"https:\\\/\\\/www.facebook.com\\\/ruubyconcept\",\"https:\\\/\\\/www.instagram.com\\\/ruuby_concept\\\/\"]}]}<\/script>\n<!-- \/ Yoast SEO plugin. -->","yoast_head_json":{"title":"OMY - n\u00e4okleepsud, Kawaii - RUUBY","robots":{"index":"index","follow":"follow","max-snippet":"max-snippet:-1","max-image-preview":"max-image-preview:large","max-video-preview":"max-video-preview:-1"},"canonical":"http:\/\/ruuby.ee\/en\/pood\/lapsed\/laste-kosmeetika\/naokleepsud\/omy-naokleepsud-kawaii\/","og_locale":"en_GB","og_type":"article","og_title":"OMY - n\u00e4okleepsud, Kawaii - RUUBY","og_description":"85 l\u00f5busat ja fluorestseeruvat kleebist lahedate ja erksate v\u00e4limuste loomiseks ning loovuse vallandamiseks!  Suurep\u00e4rane kingiidee!","og_url":"http:\/\/ruuby.ee\/en\/pood\/lapsed\/laste-kosmeetika\/naokleepsud\/omy-naokleepsud-kawaii\/","og_site_name":"RUUBY","article_publisher":"https:\/\/www.facebook.com\/ruubyconcept","article_modified_time":"2026-04-07T22:28:25+00:00","og_image":[{"width":1364,"height":1272,"url":"http:\/\/ruuby.ee\/wp-content\/uploads\/2025\/05\/Screenshot-2025-05-01-at-20.57.55.png","type":"image\/png"}],"twitter_card":"summary_large_image","twitter_misc":{"Estimated reading time":"1 minute"},"schema":{"@context":"https:\/\/schema.org","@graph":[{"@type":["WebPage","ItemPage"],"@id":"http:\/\/ruuby.ee\/pood\/lapsed\/laste-kosmeetika\/naokleepsud\/omy-naokleepsud-kawaii\/","url":"http:\/\/ruuby.ee\/pood\/lapsed\/laste-kosmeetika\/naokleepsud\/omy-naokleepsud-kawaii\/","name":"OMY - n\u00e4okleepsud, Kawaii - RUUBY","isPartOf":{"@id":"http:\/\/ruuby.ee\/en\/#website"},"primaryImageOfPage":{"@id":"http:\/\/ruuby.ee\/pood\/lapsed\/laste-kosmeetika\/naokleepsud\/omy-naokleepsud-kawaii\/#primaryimage"},"image":{"@id":"http:\/\/ruuby.ee\/pood\/lapsed\/laste-kosmeetika\/naokleepsud\/omy-naokleepsud-kawaii\/#primaryimage"},"thumbnailUrl":"http:\/\/ruuby.ee\/wp-content\/uploads\/2025\/05\/Screenshot-2025-05-01-at-20.57.55.png","datePublished":"2025-05-01T17:58:47+00:00","dateModified":"2026-04-07T22:28:25+00:00","breadcrumb":{"@id":"http:\/\/ruuby.ee\/pood\/lapsed\/laste-kosmeetika\/naokleepsud\/omy-naokleepsud-kawaii\/#breadcrumb"},"inLanguage":"en-GB","potentialAction":[{"@type":"ReadAction","target":["http:\/\/ruuby.ee\/pood\/lapsed\/laste-kosmeetika\/naokleepsud\/omy-naokleepsud-kawaii\/"]}]},{"@type":"ImageObject","inLanguage":"en-GB","@id":"http:\/\/ruuby.ee\/pood\/lapsed\/laste-kosmeetika\/naokleepsud\/omy-naokleepsud-kawaii\/#primaryimage","url":"http:\/\/ruuby.ee\/wp-content\/uploads\/2025\/05\/Screenshot-2025-05-01-at-20.57.55.png","contentUrl":"http:\/\/ruuby.ee\/wp-content\/uploads\/2025\/05\/Screenshot-2025-05-01-at-20.57.55.png","width":1364,"height":1272},{"@type":"BreadcrumbList","@id":"http:\/\/ruuby.ee\/pood\/lapsed\/laste-kosmeetika\/naokleepsud\/omy-naokleepsud-kawaii\/#breadcrumb","itemListElement":[{"@type":"ListItem","position":1,"name":"Kdu","item":"http:\/\/ruuby.ee\/en\/"},{"@type":"ListItem","position":2,"name":"Pood","item":"http:\/\/ruuby.ee\/en\/pood\/"},{"@type":"ListItem","position":3,"name":"OMY &#8211; n\u00e4okleepsud, Kawaii"}]},{"@type":"WebSite","@id":"http:\/\/ruuby.ee\/en\/#website","url":"http:\/\/ruuby.ee\/en\/","name":"RUUBY","description":"Ruubys on \u00fchendatud elustiil ja disain","publisher":{"@id":"http:\/\/ruuby.ee\/en\/#organization"},"alternateName":"Ruuby Disain","potentialAction":[{"@type":"SearchAction","target":{"@type":"EntryPoint","urlTemplate":"http:\/\/ruuby.ee\/en\/?s={search_term_string}"},"query-input":{"@type":"PropertyValueSpecification","valueRequired":true,"valueName":"search_term_string"}}],"inLanguage":"en-GB"},{"@type":"Organization","@id":"http:\/\/ruuby.ee\/en\/#organization","name":"Ruuby Disain O\u00dc","alternateName":"Ruuby","url":"http:\/\/ruuby.ee\/en\/","logo":{"@type":"ImageObject","inLanguage":"en-GB","@id":"http:\/\/ruuby.ee\/en\/#\/schema\/logo\/image\/","url":"http:\/\/ruuby.ee\/wp-content\/uploads\/2023\/06\/cropped-Black-White-Elegant-Circle-Signature-Fashion-Logo-12_large.png","contentUrl":"http:\/\/ruuby.ee\/wp-content\/uploads\/2023\/06\/cropped-Black-White-Elegant-Circle-Signature-Fashion-Logo-12_large.png","width":1280,"height":747,"caption":"Ruuby Disain O\u00dc"},"image":{"@id":"http:\/\/ruuby.ee\/en\/#\/schema\/logo\/image\/"},"sameAs":["https:\/\/www.facebook.com\/ruubyconcept","https:\/\/www.instagram.com\/ruuby_concept\/"]}]}},"jetpack_sharing_enabled":true,"_links":{"self":[{"href":"http:\/\/ruuby.ee\/en\/wp-json\/wp\/v2\/product\/1853087","targetHints":{"allow":["GET"]}}],"collection":[{"href":"http:\/\/ruuby.ee\/en\/wp-json\/wp\/v2\/product"}],"about":[{"href":"http:\/\/ruuby.ee\/en\/wp-json\/wp\/v2\/types\/product"}],"replies":[{"embeddable":true,"href":"http:\/\/ruuby.ee\/en\/wp-json\/wp\/v2\/comments?post=1853087"}],"wp:featuredmedia":[{"embeddable":true,"href":"http:\/\/ruuby.ee\/en\/wp-json\/wp\/v2\/media\/1853088"}],"wp:attachment":[{"href":"http:\/\/ruuby.ee\/en\/wp-json\/wp\/v2\/media?parent=1853087"}],"wp:term":[{"taxonomy":"product_brand","embeddable":true,"href":"http:\/\/ruuby.ee\/en\/wp-json\/wp\/v2\/product_brand?post=1853087"},{"taxonomy":"product_cat","embeddable":true,"href":"http:\/\/ruuby.ee\/en\/wp-json\/wp\/v2\/product_cat?post=1853087"},{"taxonomy":"product_tag","embeddable":true,"href":"http:\/\/ruuby.ee\/en\/wp-json\/wp\/v2\/product_tag?post=1853087"}],"curies":[{"name":"wp","href":"https:\/\/api.w.org\/{rel}","templated":true}]}}