{"id":1852990,"date":"2025-04-29T21:03:03","date_gmt":"2025-04-29T18:03:03","guid":{"rendered":"http:\/\/ruuby.ee\/?post_type=product&#038;p=1852990"},"modified":"2026-04-08T01:28:26","modified_gmt":"2026-04-07T22:28:26","slug":"studio-roof-william-morrise-kimp","status":"publish","type":"product","link":"http:\/\/ruuby.ee\/en\/pood\/aksessuaarid\/3d-loodusfiguurid\/studio-roof-william-morrise-kimp\/","title":{"rendered":"Studio ROOF &#8211; William Morrise kimp"},"content":{"rendered":"<p>3D-objekt kokkupanekuks.<\/p>\n<p>Valmistatud taaskasutatud papist ja tr\u00fckitud taimsete tintidega.<br \/>\n\u00dche lille ligikaudsed m\u00f5\u00f5tmed kokkupandud kujul: 12 x 4 x 28 cm.<\/p>\n<p>2 x A4 lehte 20 t\u00fckiga, mida saab v\u00e4lja v\u00f5tta ja kokku panna.<\/p>\n<p>Kokkupanekujuhised leiate pakendi sisek\u00fcljelt.<\/p>","protected":false},"excerpt":{"rendered":"<p>Lillede orgaanilised kujundid ja v\u00e4rvid on olnud kunstnikele inspiratsiooniallikaks l\u00e4bi aegade.<\/p>\n<p>Oleme ammutanud inspiratsiooni Van Goghi, Gustav Klimti ja William Morrise meistriteostest ning t\u00f5lkinud need kolmem\u00f5\u00f5tmelisteks kimpudeks. Need kimbud viitavad originaalteostele, kuid on omal moel t\u00e4iesti ainulaadsed. Kingi endale v\u00f5i l\u00e4hedasele kimp, mis viitab meistriteosele ja ei n\u00e4rbu kunagi!<\/p>","protected":false},"featured_media":1852991,"comment_status":"closed","ping_status":"closed","template":"","meta":[],"product_brand":[],"product_cat":[1038,43],"product_tag":[],"class_list":{"0":"post-1852990","1":"product","2":"type-product","3":"status-publish","4":"has-post-thumbnail","6":"product_cat-3d-loodusfiguurid","7":"product_cat-aksessuaarid","9":"first","10":"instock","11":"taxable","12":"shipping-taxable","13":"purchasable","14":"product-type-simple"},"yoast_head":"<!-- This site is optimized with the Yoast SEO plugin v27.3 - https:\/\/yoast.com\/product\/yoast-seo-wordpress\/ -->\n<title>Studio ROOF - William Morrise kimp - RUUBY<\/title>\n<meta name=\"robots\" content=\"index, follow, max-snippet:-1, max-image-preview:large, max-video-preview:-1\" \/>\n<link rel=\"canonical\" href=\"http:\/\/ruuby.ee\/en\/pood\/aksessuaarid\/3d-loodusfiguurid\/studio-roof-william-morrise-kimp\/\" \/>\n<meta property=\"og:locale\" content=\"en_GB\" \/>\n<meta property=\"og:type\" content=\"article\" \/>\n<meta property=\"og:title\" content=\"Studio ROOF - William Morrise kimp - RUUBY\" \/>\n<meta property=\"og:description\" content=\"Lillede orgaanilised kujundid ja v\u00e4rvid on olnud kunstnikele inspiratsiooniallikaks l\u00e4bi aegade.  Oleme ammutanud inspiratsiooni Van Goghi, Gustav Klimti ja William Morrise meistriteostest ning t\u00f5lkinud need kolmem\u00f5\u00f5tmelisteks kimpudeks. Need kimbud viitavad originaalteostele, kuid on omal moel t\u00e4iesti ainulaadsed. Kingi endale v\u00f5i l\u00e4hedasele kimp, mis viitab meistriteosele ja ei n\u00e4rbu kunagi!\" \/>\n<meta property=\"og:url\" content=\"http:\/\/ruuby.ee\/en\/pood\/aksessuaarid\/3d-loodusfiguurid\/studio-roof-william-morrise-kimp\/\" \/>\n<meta property=\"og:site_name\" content=\"RUUBY\" \/>\n<meta property=\"article:publisher\" content=\"https:\/\/www.facebook.com\/ruubyconcept\" \/>\n<meta property=\"article:modified_time\" content=\"2026-04-07T22:28:26+00:00\" \/>\n<meta property=\"og:image\" content=\"http:\/\/ruuby.ee\/wp-content\/uploads\/2025\/04\/Screenshot-2025-04-29-at-21.03.32.png\" \/>\n\t<meta property=\"og:image:width\" content=\"764\" \/>\n\t<meta property=\"og:image:height\" content=\"1094\" \/>\n\t<meta property=\"og:image:type\" content=\"image\/png\" \/>\n<meta name=\"twitter:card\" content=\"summary_large_image\" \/>\n<meta name=\"twitter:label1\" content=\"Estimated reading time\" \/>\n\t<meta name=\"twitter:data1\" content=\"1 minute\" \/>\n<script type=\"application\/ld+json\" class=\"yoast-schema-graph\">{\"@context\":\"https:\\\/\\\/schema.org\",\"@graph\":[{\"@type\":[\"WebPage\",\"ItemPage\"],\"@id\":\"http:\\\/\\\/ruuby.ee\\\/en\\\/pood\\\/aksessuaarid\\\/3d-loodusfiguurid\\\/studio-roof-william-morrise-kimp\\\/\",\"url\":\"http:\\\/\\\/ruuby.ee\\\/en\\\/pood\\\/aksessuaarid\\\/3d-loodusfiguurid\\\/studio-roof-william-morrise-kimp\\\/\",\"name\":\"Studio ROOF - William Morrise kimp - RUUBY\",\"isPartOf\":{\"@id\":\"https:\\\/\\\/ruuby.ee\\\/en\\\/#website\"},\"primaryImageOfPage\":{\"@id\":\"http:\\\/\\\/ruuby.ee\\\/en\\\/pood\\\/aksessuaarid\\\/3d-loodusfiguurid\\\/studio-roof-william-morrise-kimp\\\/#primaryimage\"},\"image\":{\"@id\":\"http:\\\/\\\/ruuby.ee\\\/en\\\/pood\\\/aksessuaarid\\\/3d-loodusfiguurid\\\/studio-roof-william-morrise-kimp\\\/#primaryimage\"},\"thumbnailUrl\":\"http:\\\/\\\/ruuby.ee\\\/wp-content\\\/uploads\\\/2025\\\/04\\\/Screenshot-2025-04-29-at-21.03.32.png\",\"datePublished\":\"2025-04-29T18:03:03+00:00\",\"dateModified\":\"2026-04-07T22:28:26+00:00\",\"breadcrumb\":{\"@id\":\"http:\\\/\\\/ruuby.ee\\\/en\\\/pood\\\/aksessuaarid\\\/3d-loodusfiguurid\\\/studio-roof-william-morrise-kimp\\\/#breadcrumb\"},\"inLanguage\":\"en-GB\",\"potentialAction\":[{\"@type\":\"ReadAction\",\"target\":[\"http:\\\/\\\/ruuby.ee\\\/en\\\/pood\\\/aksessuaarid\\\/3d-loodusfiguurid\\\/studio-roof-william-morrise-kimp\\\/\"]}]},{\"@type\":\"ImageObject\",\"inLanguage\":\"en-GB\",\"@id\":\"http:\\\/\\\/ruuby.ee\\\/en\\\/pood\\\/aksessuaarid\\\/3d-loodusfiguurid\\\/studio-roof-william-morrise-kimp\\\/#primaryimage\",\"url\":\"http:\\\/\\\/ruuby.ee\\\/wp-content\\\/uploads\\\/2025\\\/04\\\/Screenshot-2025-04-29-at-21.03.32.png\",\"contentUrl\":\"http:\\\/\\\/ruuby.ee\\\/wp-content\\\/uploads\\\/2025\\\/04\\\/Screenshot-2025-04-29-at-21.03.32.png\",\"width\":764,\"height\":1094},{\"@type\":\"BreadcrumbList\",\"@id\":\"http:\\\/\\\/ruuby.ee\\\/en\\\/pood\\\/aksessuaarid\\\/3d-loodusfiguurid\\\/studio-roof-william-morrise-kimp\\\/#breadcrumb\",\"itemListElement\":[{\"@type\":\"ListItem\",\"position\":1,\"name\":\"Kdu\",\"item\":\"https:\\\/\\\/ruuby.ee\\\/en\\\/\"},{\"@type\":\"ListItem\",\"position\":2,\"name\":\"Pood\",\"item\":\"http:\\\/\\\/ruuby.ee\\\/en\\\/pood\\\/\"},{\"@type\":\"ListItem\",\"position\":3,\"name\":\"Studio ROOF &#8211; William Morrise kimp\"}]},{\"@type\":\"WebSite\",\"@id\":\"https:\\\/\\\/ruuby.ee\\\/en\\\/#website\",\"url\":\"https:\\\/\\\/ruuby.ee\\\/en\\\/\",\"name\":\"RUUBY\",\"description\":\"Ruubys on \u00fchendatud elustiil ja disain\",\"publisher\":{\"@id\":\"https:\\\/\\\/ruuby.ee\\\/en\\\/#organization\"},\"alternateName\":\"Ruuby Disain\",\"potentialAction\":[{\"@type\":\"SearchAction\",\"target\":{\"@type\":\"EntryPoint\",\"urlTemplate\":\"https:\\\/\\\/ruuby.ee\\\/en\\\/?s={search_term_string}\"},\"query-input\":{\"@type\":\"PropertyValueSpecification\",\"valueRequired\":true,\"valueName\":\"search_term_string\"}}],\"inLanguage\":\"en-GB\"},{\"@type\":\"Organization\",\"@id\":\"https:\\\/\\\/ruuby.ee\\\/en\\\/#organization\",\"name\":\"Ruuby Disain O\u00dc\",\"alternateName\":\"Ruuby\",\"url\":\"https:\\\/\\\/ruuby.ee\\\/en\\\/\",\"logo\":{\"@type\":\"ImageObject\",\"inLanguage\":\"en-GB\",\"@id\":\"https:\\\/\\\/ruuby.ee\\\/en\\\/#\\\/schema\\\/logo\\\/image\\\/\",\"url\":\"http:\\\/\\\/ruuby.ee\\\/wp-content\\\/uploads\\\/2023\\\/06\\\/cropped-Black-White-Elegant-Circle-Signature-Fashion-Logo-12_large.png\",\"contentUrl\":\"http:\\\/\\\/ruuby.ee\\\/wp-content\\\/uploads\\\/2023\\\/06\\\/cropped-Black-White-Elegant-Circle-Signature-Fashion-Logo-12_large.png\",\"width\":1280,\"height\":747,\"caption\":\"Ruuby Disain O\u00dc\"},\"image\":{\"@id\":\"https:\\\/\\\/ruuby.ee\\\/en\\\/#\\\/schema\\\/logo\\\/image\\\/\"},\"sameAs\":[\"https:\\\/\\\/www.facebook.com\\\/ruubyconcept\",\"https:\\\/\\\/www.instagram.com\\\/ruuby_concept\\\/\"]}]}<\/script>\n<!-- \/ Yoast SEO plugin. -->","yoast_head_json":{"title":"Studio ROOF - William Morrise kimp - RUUBY","robots":{"index":"index","follow":"follow","max-snippet":"max-snippet:-1","max-image-preview":"max-image-preview:large","max-video-preview":"max-video-preview:-1"},"canonical":"http:\/\/ruuby.ee\/en\/pood\/aksessuaarid\/3d-loodusfiguurid\/studio-roof-william-morrise-kimp\/","og_locale":"en_GB","og_type":"article","og_title":"Studio ROOF - William Morrise kimp - RUUBY","og_description":"Lillede orgaanilised kujundid ja v\u00e4rvid on olnud kunstnikele inspiratsiooniallikaks l\u00e4bi aegade.  Oleme ammutanud inspiratsiooni Van Goghi, Gustav Klimti ja William Morrise meistriteostest ning t\u00f5lkinud need kolmem\u00f5\u00f5tmelisteks kimpudeks. Need kimbud viitavad originaalteostele, kuid on omal moel t\u00e4iesti ainulaadsed. Kingi endale v\u00f5i l\u00e4hedasele kimp, mis viitab meistriteosele ja ei n\u00e4rbu kunagi!","og_url":"http:\/\/ruuby.ee\/en\/pood\/aksessuaarid\/3d-loodusfiguurid\/studio-roof-william-morrise-kimp\/","og_site_name":"RUUBY","article_publisher":"https:\/\/www.facebook.com\/ruubyconcept","article_modified_time":"2026-04-07T22:28:26+00:00","og_image":[{"width":764,"height":1094,"url":"http:\/\/ruuby.ee\/wp-content\/uploads\/2025\/04\/Screenshot-2025-04-29-at-21.03.32.png","type":"image\/png"}],"twitter_card":"summary_large_image","twitter_misc":{"Estimated reading time":"1 minute"},"schema":{"@context":"https:\/\/schema.org","@graph":[{"@type":["WebPage","ItemPage"],"@id":"http:\/\/ruuby.ee\/en\/pood\/aksessuaarid\/3d-loodusfiguurid\/studio-roof-william-morrise-kimp\/","url":"http:\/\/ruuby.ee\/en\/pood\/aksessuaarid\/3d-loodusfiguurid\/studio-roof-william-morrise-kimp\/","name":"Studio ROOF - William Morrise kimp - RUUBY","isPartOf":{"@id":"https:\/\/ruuby.ee\/en\/#website"},"primaryImageOfPage":{"@id":"http:\/\/ruuby.ee\/en\/pood\/aksessuaarid\/3d-loodusfiguurid\/studio-roof-william-morrise-kimp\/#primaryimage"},"image":{"@id":"http:\/\/ruuby.ee\/en\/pood\/aksessuaarid\/3d-loodusfiguurid\/studio-roof-william-morrise-kimp\/#primaryimage"},"thumbnailUrl":"http:\/\/ruuby.ee\/wp-content\/uploads\/2025\/04\/Screenshot-2025-04-29-at-21.03.32.png","datePublished":"2025-04-29T18:03:03+00:00","dateModified":"2026-04-07T22:28:26+00:00","breadcrumb":{"@id":"http:\/\/ruuby.ee\/en\/pood\/aksessuaarid\/3d-loodusfiguurid\/studio-roof-william-morrise-kimp\/#breadcrumb"},"inLanguage":"en-GB","potentialAction":[{"@type":"ReadAction","target":["http:\/\/ruuby.ee\/en\/pood\/aksessuaarid\/3d-loodusfiguurid\/studio-roof-william-morrise-kimp\/"]}]},{"@type":"ImageObject","inLanguage":"en-GB","@id":"http:\/\/ruuby.ee\/en\/pood\/aksessuaarid\/3d-loodusfiguurid\/studio-roof-william-morrise-kimp\/#primaryimage","url":"http:\/\/ruuby.ee\/wp-content\/uploads\/2025\/04\/Screenshot-2025-04-29-at-21.03.32.png","contentUrl":"http:\/\/ruuby.ee\/wp-content\/uploads\/2025\/04\/Screenshot-2025-04-29-at-21.03.32.png","width":764,"height":1094},{"@type":"BreadcrumbList","@id":"http:\/\/ruuby.ee\/en\/pood\/aksessuaarid\/3d-loodusfiguurid\/studio-roof-william-morrise-kimp\/#breadcrumb","itemListElement":[{"@type":"ListItem","position":1,"name":"Kdu","item":"https:\/\/ruuby.ee\/en\/"},{"@type":"ListItem","position":2,"name":"Pood","item":"http:\/\/ruuby.ee\/en\/pood\/"},{"@type":"ListItem","position":3,"name":"Studio ROOF &#8211; William Morrise kimp"}]},{"@type":"WebSite","@id":"https:\/\/ruuby.ee\/en\/#website","url":"https:\/\/ruuby.ee\/en\/","name":"RUUBY","description":"Ruubys on \u00fchendatud elustiil ja disain","publisher":{"@id":"https:\/\/ruuby.ee\/en\/#organization"},"alternateName":"Ruuby Disain","potentialAction":[{"@type":"SearchAction","target":{"@type":"EntryPoint","urlTemplate":"https:\/\/ruuby.ee\/en\/?s={search_term_string}"},"query-input":{"@type":"PropertyValueSpecification","valueRequired":true,"valueName":"search_term_string"}}],"inLanguage":"en-GB"},{"@type":"Organization","@id":"https:\/\/ruuby.ee\/en\/#organization","name":"Ruuby Disain O\u00dc","alternateName":"Ruuby","url":"https:\/\/ruuby.ee\/en\/","logo":{"@type":"ImageObject","inLanguage":"en-GB","@id":"https:\/\/ruuby.ee\/en\/#\/schema\/logo\/image\/","url":"http:\/\/ruuby.ee\/wp-content\/uploads\/2023\/06\/cropped-Black-White-Elegant-Circle-Signature-Fashion-Logo-12_large.png","contentUrl":"http:\/\/ruuby.ee\/wp-content\/uploads\/2023\/06\/cropped-Black-White-Elegant-Circle-Signature-Fashion-Logo-12_large.png","width":1280,"height":747,"caption":"Ruuby Disain O\u00dc"},"image":{"@id":"https:\/\/ruuby.ee\/en\/#\/schema\/logo\/image\/"},"sameAs":["https:\/\/www.facebook.com\/ruubyconcept","https:\/\/www.instagram.com\/ruuby_concept\/"]}]}},"jetpack_sharing_enabled":true,"_links":{"self":[{"href":"http:\/\/ruuby.ee\/en\/wp-json\/wp\/v2\/product\/1852990","targetHints":{"allow":["GET"]}}],"collection":[{"href":"http:\/\/ruuby.ee\/en\/wp-json\/wp\/v2\/product"}],"about":[{"href":"http:\/\/ruuby.ee\/en\/wp-json\/wp\/v2\/types\/product"}],"replies":[{"embeddable":true,"href":"http:\/\/ruuby.ee\/en\/wp-json\/wp\/v2\/comments?post=1852990"}],"wp:featuredmedia":[{"embeddable":true,"href":"http:\/\/ruuby.ee\/en\/wp-json\/wp\/v2\/media\/1852991"}],"wp:attachment":[{"href":"http:\/\/ruuby.ee\/en\/wp-json\/wp\/v2\/media?parent=1852990"}],"wp:term":[{"taxonomy":"product_brand","embeddable":true,"href":"http:\/\/ruuby.ee\/en\/wp-json\/wp\/v2\/product_brand?post=1852990"},{"taxonomy":"product_cat","embeddable":true,"href":"http:\/\/ruuby.ee\/en\/wp-json\/wp\/v2\/product_cat?post=1852990"},{"taxonomy":"product_tag","embeddable":true,"href":"http:\/\/ruuby.ee\/en\/wp-json\/wp\/v2\/product_tag?post=1852990"}],"curies":[{"name":"wp","href":"https:\/\/api.w.org\/{rel}","templated":true}]}}