{"id":1852946,"date":"2025-04-29T16:59:39","date_gmt":"2025-04-29T13:59:39","guid":{"rendered":"http:\/\/ruuby.ee\/?post_type=product&#038;p=1852946"},"modified":"2026-04-08T01:28:26","modified_gmt":"2026-04-07T22:28:26","slug":"studio-roof-paabulinnu-liblikas","status":"publish","type":"product","link":"http:\/\/ruuby.ee\/en\/pood\/aksessuaarid\/3d-loodusfiguurid\/studio-roof-paabulinnu-liblikas\/","title":{"rendered":"Studio ROOF &#8211; Paabulinnu liblikas"},"content":{"rendered":"<p>3D-objekt kokkupanekuks.<\/p>\n<p>Valmistatud taaskasutatud papist ja tr\u00fckitud taimsete tintidega.<br \/>\nM\u00f5\u00f5tmed kokkupandult: 17 x 5 x 15 cm.<\/p>\n<p>4 x B7 lehte 11 t\u00fckiga, mis tuleb v\u00e4lja v\u00f5tta ja kokku panna.<br \/>\nKokkupanekujuhised leiate pakendi sisek\u00fcljelt.<\/p>","protected":false},"excerpt":{"rendered":"<p>Kuigi putukad on v\u00e4ikesed, on neil Maa eluj\u00f5u jaoks suur t\u00e4htsus.<\/p>\n<p>Kui erakordne, et nad saavad n\u00fc\u00fcd oma lugu jutustada ka teie kodus! Need v\u00e4rvilised olendid, mis on tr\u00fckitud taaskasutatud papile taimse tindiga, v\u00f5imaldavad oma erksate graafiliste mustritega lisada veidi ilu nii teie koju kui ka maailma.<\/p>","protected":false},"featured_media":1852947,"comment_status":"closed","ping_status":"closed","template":"","meta":[],"product_brand":[],"product_cat":[1038,43],"product_tag":[],"class_list":{"0":"post-1852946","1":"product","2":"type-product","3":"status-publish","4":"has-post-thumbnail","6":"product_cat-3d-loodusfiguurid","7":"product_cat-aksessuaarid","9":"first","10":"instock","11":"taxable","12":"shipping-taxable","13":"purchasable","14":"product-type-simple"},"yoast_head":"<!-- This site is optimized with the Yoast SEO plugin v27.3 - https:\/\/yoast.com\/product\/yoast-seo-wordpress\/ -->\n<title>Studio ROOF - Paabulinnu liblikas - RUUBY<\/title>\n<meta name=\"robots\" content=\"index, follow, max-snippet:-1, max-image-preview:large, max-video-preview:-1\" \/>\n<link rel=\"canonical\" href=\"http:\/\/ruuby.ee\/en\/pood\/aksessuaarid\/3d-loodusfiguurid\/studio-roof-paabulinnu-liblikas\/\" \/>\n<meta property=\"og:locale\" content=\"en_GB\" \/>\n<meta property=\"og:type\" content=\"article\" \/>\n<meta property=\"og:title\" content=\"Studio ROOF - Paabulinnu liblikas - RUUBY\" \/>\n<meta property=\"og:description\" content=\"Kuigi putukad on v\u00e4ikesed, on neil Maa eluj\u00f5u jaoks suur t\u00e4htsus.  Kui erakordne, et nad saavad n\u00fc\u00fcd oma lugu jutustada ka teie kodus! Need v\u00e4rvilised olendid, mis on tr\u00fckitud taaskasutatud papile taimse tindiga, v\u00f5imaldavad oma erksate graafiliste mustritega lisada veidi ilu nii teie koju kui ka maailma.\" \/>\n<meta property=\"og:url\" content=\"http:\/\/ruuby.ee\/en\/pood\/aksessuaarid\/3d-loodusfiguurid\/studio-roof-paabulinnu-liblikas\/\" \/>\n<meta property=\"og:site_name\" content=\"RUUBY\" \/>\n<meta property=\"article:publisher\" content=\"https:\/\/www.facebook.com\/ruubyconcept\" \/>\n<meta property=\"article:modified_time\" content=\"2026-04-07T22:28:26+00:00\" \/>\n<meta property=\"og:image\" content=\"http:\/\/ruuby.ee\/wp-content\/uploads\/2025\/04\/Screenshot-2025-04-29-at-16.52.43.png\" \/>\n\t<meta property=\"og:image:width\" content=\"1020\" \/>\n\t<meta property=\"og:image:height\" content=\"1136\" \/>\n\t<meta property=\"og:image:type\" content=\"image\/png\" \/>\n<meta name=\"twitter:card\" content=\"summary_large_image\" \/>\n<meta name=\"twitter:label1\" content=\"Estimated reading time\" \/>\n\t<meta name=\"twitter:data1\" content=\"1 minute\" \/>\n<script type=\"application\/ld+json\" class=\"yoast-schema-graph\">{\"@context\":\"https:\\\/\\\/schema.org\",\"@graph\":[{\"@type\":[\"WebPage\",\"ItemPage\"],\"@id\":\"http:\\\/\\\/ruuby.ee\\\/en\\\/pood\\\/aksessuaarid\\\/3d-loodusfiguurid\\\/studio-roof-paabulinnu-liblikas\\\/\",\"url\":\"http:\\\/\\\/ruuby.ee\\\/en\\\/pood\\\/aksessuaarid\\\/3d-loodusfiguurid\\\/studio-roof-paabulinnu-liblikas\\\/\",\"name\":\"Studio ROOF - Paabulinnu liblikas - RUUBY\",\"isPartOf\":{\"@id\":\"https:\\\/\\\/ruuby.ee\\\/en\\\/#website\"},\"primaryImageOfPage\":{\"@id\":\"http:\\\/\\\/ruuby.ee\\\/en\\\/pood\\\/aksessuaarid\\\/3d-loodusfiguurid\\\/studio-roof-paabulinnu-liblikas\\\/#primaryimage\"},\"image\":{\"@id\":\"http:\\\/\\\/ruuby.ee\\\/en\\\/pood\\\/aksessuaarid\\\/3d-loodusfiguurid\\\/studio-roof-paabulinnu-liblikas\\\/#primaryimage\"},\"thumbnailUrl\":\"http:\\\/\\\/ruuby.ee\\\/wp-content\\\/uploads\\\/2025\\\/04\\\/Screenshot-2025-04-29-at-16.52.43.png\",\"datePublished\":\"2025-04-29T13:59:39+00:00\",\"dateModified\":\"2026-04-07T22:28:26+00:00\",\"breadcrumb\":{\"@id\":\"http:\\\/\\\/ruuby.ee\\\/en\\\/pood\\\/aksessuaarid\\\/3d-loodusfiguurid\\\/studio-roof-paabulinnu-liblikas\\\/#breadcrumb\"},\"inLanguage\":\"en-GB\",\"potentialAction\":[{\"@type\":\"ReadAction\",\"target\":[\"http:\\\/\\\/ruuby.ee\\\/en\\\/pood\\\/aksessuaarid\\\/3d-loodusfiguurid\\\/studio-roof-paabulinnu-liblikas\\\/\"]}]},{\"@type\":\"ImageObject\",\"inLanguage\":\"en-GB\",\"@id\":\"http:\\\/\\\/ruuby.ee\\\/en\\\/pood\\\/aksessuaarid\\\/3d-loodusfiguurid\\\/studio-roof-paabulinnu-liblikas\\\/#primaryimage\",\"url\":\"http:\\\/\\\/ruuby.ee\\\/wp-content\\\/uploads\\\/2025\\\/04\\\/Screenshot-2025-04-29-at-16.52.43.png\",\"contentUrl\":\"http:\\\/\\\/ruuby.ee\\\/wp-content\\\/uploads\\\/2025\\\/04\\\/Screenshot-2025-04-29-at-16.52.43.png\",\"width\":1020,\"height\":1136},{\"@type\":\"BreadcrumbList\",\"@id\":\"http:\\\/\\\/ruuby.ee\\\/en\\\/pood\\\/aksessuaarid\\\/3d-loodusfiguurid\\\/studio-roof-paabulinnu-liblikas\\\/#breadcrumb\",\"itemListElement\":[{\"@type\":\"ListItem\",\"position\":1,\"name\":\"Kdu\",\"item\":\"https:\\\/\\\/ruuby.ee\\\/en\\\/\"},{\"@type\":\"ListItem\",\"position\":2,\"name\":\"Pood\",\"item\":\"http:\\\/\\\/ruuby.ee\\\/en\\\/pood\\\/\"},{\"@type\":\"ListItem\",\"position\":3,\"name\":\"Studio ROOF &#8211; Paabulinnu liblikas\"}]},{\"@type\":\"WebSite\",\"@id\":\"https:\\\/\\\/ruuby.ee\\\/en\\\/#website\",\"url\":\"https:\\\/\\\/ruuby.ee\\\/en\\\/\",\"name\":\"RUUBY\",\"description\":\"Ruubys on \u00fchendatud elustiil ja disain\",\"publisher\":{\"@id\":\"https:\\\/\\\/ruuby.ee\\\/en\\\/#organization\"},\"alternateName\":\"Ruuby Disain\",\"potentialAction\":[{\"@type\":\"SearchAction\",\"target\":{\"@type\":\"EntryPoint\",\"urlTemplate\":\"https:\\\/\\\/ruuby.ee\\\/en\\\/?s={search_term_string}\"},\"query-input\":{\"@type\":\"PropertyValueSpecification\",\"valueRequired\":true,\"valueName\":\"search_term_string\"}}],\"inLanguage\":\"en-GB\"},{\"@type\":\"Organization\",\"@id\":\"https:\\\/\\\/ruuby.ee\\\/en\\\/#organization\",\"name\":\"Ruuby Disain O\u00dc\",\"alternateName\":\"Ruuby\",\"url\":\"https:\\\/\\\/ruuby.ee\\\/en\\\/\",\"logo\":{\"@type\":\"ImageObject\",\"inLanguage\":\"en-GB\",\"@id\":\"https:\\\/\\\/ruuby.ee\\\/en\\\/#\\\/schema\\\/logo\\\/image\\\/\",\"url\":\"http:\\\/\\\/ruuby.ee\\\/wp-content\\\/uploads\\\/2023\\\/06\\\/cropped-Black-White-Elegant-Circle-Signature-Fashion-Logo-12_large.png\",\"contentUrl\":\"http:\\\/\\\/ruuby.ee\\\/wp-content\\\/uploads\\\/2023\\\/06\\\/cropped-Black-White-Elegant-Circle-Signature-Fashion-Logo-12_large.png\",\"width\":1280,\"height\":747,\"caption\":\"Ruuby Disain O\u00dc\"},\"image\":{\"@id\":\"https:\\\/\\\/ruuby.ee\\\/en\\\/#\\\/schema\\\/logo\\\/image\\\/\"},\"sameAs\":[\"https:\\\/\\\/www.facebook.com\\\/ruubyconcept\",\"https:\\\/\\\/www.instagram.com\\\/ruuby_concept\\\/\"]}]}<\/script>\n<!-- \/ Yoast SEO plugin. -->","yoast_head_json":{"title":"Studio ROOF - Paabulinnu liblikas - RUUBY","robots":{"index":"index","follow":"follow","max-snippet":"max-snippet:-1","max-image-preview":"max-image-preview:large","max-video-preview":"max-video-preview:-1"},"canonical":"http:\/\/ruuby.ee\/en\/pood\/aksessuaarid\/3d-loodusfiguurid\/studio-roof-paabulinnu-liblikas\/","og_locale":"en_GB","og_type":"article","og_title":"Studio ROOF - Paabulinnu liblikas - RUUBY","og_description":"Kuigi putukad on v\u00e4ikesed, on neil Maa eluj\u00f5u jaoks suur t\u00e4htsus.  Kui erakordne, et nad saavad n\u00fc\u00fcd oma lugu jutustada ka teie kodus! Need v\u00e4rvilised olendid, mis on tr\u00fckitud taaskasutatud papile taimse tindiga, v\u00f5imaldavad oma erksate graafiliste mustritega lisada veidi ilu nii teie koju kui ka maailma.","og_url":"http:\/\/ruuby.ee\/en\/pood\/aksessuaarid\/3d-loodusfiguurid\/studio-roof-paabulinnu-liblikas\/","og_site_name":"RUUBY","article_publisher":"https:\/\/www.facebook.com\/ruubyconcept","article_modified_time":"2026-04-07T22:28:26+00:00","og_image":[{"width":1020,"height":1136,"url":"http:\/\/ruuby.ee\/wp-content\/uploads\/2025\/04\/Screenshot-2025-04-29-at-16.52.43.png","type":"image\/png"}],"twitter_card":"summary_large_image","twitter_misc":{"Estimated reading time":"1 minute"},"schema":{"@context":"https:\/\/schema.org","@graph":[{"@type":["WebPage","ItemPage"],"@id":"http:\/\/ruuby.ee\/en\/pood\/aksessuaarid\/3d-loodusfiguurid\/studio-roof-paabulinnu-liblikas\/","url":"http:\/\/ruuby.ee\/en\/pood\/aksessuaarid\/3d-loodusfiguurid\/studio-roof-paabulinnu-liblikas\/","name":"Studio ROOF - Paabulinnu liblikas - RUUBY","isPartOf":{"@id":"https:\/\/ruuby.ee\/en\/#website"},"primaryImageOfPage":{"@id":"http:\/\/ruuby.ee\/en\/pood\/aksessuaarid\/3d-loodusfiguurid\/studio-roof-paabulinnu-liblikas\/#primaryimage"},"image":{"@id":"http:\/\/ruuby.ee\/en\/pood\/aksessuaarid\/3d-loodusfiguurid\/studio-roof-paabulinnu-liblikas\/#primaryimage"},"thumbnailUrl":"http:\/\/ruuby.ee\/wp-content\/uploads\/2025\/04\/Screenshot-2025-04-29-at-16.52.43.png","datePublished":"2025-04-29T13:59:39+00:00","dateModified":"2026-04-07T22:28:26+00:00","breadcrumb":{"@id":"http:\/\/ruuby.ee\/en\/pood\/aksessuaarid\/3d-loodusfiguurid\/studio-roof-paabulinnu-liblikas\/#breadcrumb"},"inLanguage":"en-GB","potentialAction":[{"@type":"ReadAction","target":["http:\/\/ruuby.ee\/en\/pood\/aksessuaarid\/3d-loodusfiguurid\/studio-roof-paabulinnu-liblikas\/"]}]},{"@type":"ImageObject","inLanguage":"en-GB","@id":"http:\/\/ruuby.ee\/en\/pood\/aksessuaarid\/3d-loodusfiguurid\/studio-roof-paabulinnu-liblikas\/#primaryimage","url":"http:\/\/ruuby.ee\/wp-content\/uploads\/2025\/04\/Screenshot-2025-04-29-at-16.52.43.png","contentUrl":"http:\/\/ruuby.ee\/wp-content\/uploads\/2025\/04\/Screenshot-2025-04-29-at-16.52.43.png","width":1020,"height":1136},{"@type":"BreadcrumbList","@id":"http:\/\/ruuby.ee\/en\/pood\/aksessuaarid\/3d-loodusfiguurid\/studio-roof-paabulinnu-liblikas\/#breadcrumb","itemListElement":[{"@type":"ListItem","position":1,"name":"Kdu","item":"https:\/\/ruuby.ee\/en\/"},{"@type":"ListItem","position":2,"name":"Pood","item":"http:\/\/ruuby.ee\/en\/pood\/"},{"@type":"ListItem","position":3,"name":"Studio ROOF &#8211; Paabulinnu liblikas"}]},{"@type":"WebSite","@id":"https:\/\/ruuby.ee\/en\/#website","url":"https:\/\/ruuby.ee\/en\/","name":"RUUBY","description":"Ruubys on \u00fchendatud elustiil ja disain","publisher":{"@id":"https:\/\/ruuby.ee\/en\/#organization"},"alternateName":"Ruuby Disain","potentialAction":[{"@type":"SearchAction","target":{"@type":"EntryPoint","urlTemplate":"https:\/\/ruuby.ee\/en\/?s={search_term_string}"},"query-input":{"@type":"PropertyValueSpecification","valueRequired":true,"valueName":"search_term_string"}}],"inLanguage":"en-GB"},{"@type":"Organization","@id":"https:\/\/ruuby.ee\/en\/#organization","name":"Ruuby Disain O\u00dc","alternateName":"Ruuby","url":"https:\/\/ruuby.ee\/en\/","logo":{"@type":"ImageObject","inLanguage":"en-GB","@id":"https:\/\/ruuby.ee\/en\/#\/schema\/logo\/image\/","url":"http:\/\/ruuby.ee\/wp-content\/uploads\/2023\/06\/cropped-Black-White-Elegant-Circle-Signature-Fashion-Logo-12_large.png","contentUrl":"http:\/\/ruuby.ee\/wp-content\/uploads\/2023\/06\/cropped-Black-White-Elegant-Circle-Signature-Fashion-Logo-12_large.png","width":1280,"height":747,"caption":"Ruuby Disain O\u00dc"},"image":{"@id":"https:\/\/ruuby.ee\/en\/#\/schema\/logo\/image\/"},"sameAs":["https:\/\/www.facebook.com\/ruubyconcept","https:\/\/www.instagram.com\/ruuby_concept\/"]}]}},"jetpack_sharing_enabled":true,"_links":{"self":[{"href":"http:\/\/ruuby.ee\/en\/wp-json\/wp\/v2\/product\/1852946","targetHints":{"allow":["GET"]}}],"collection":[{"href":"http:\/\/ruuby.ee\/en\/wp-json\/wp\/v2\/product"}],"about":[{"href":"http:\/\/ruuby.ee\/en\/wp-json\/wp\/v2\/types\/product"}],"replies":[{"embeddable":true,"href":"http:\/\/ruuby.ee\/en\/wp-json\/wp\/v2\/comments?post=1852946"}],"wp:featuredmedia":[{"embeddable":true,"href":"http:\/\/ruuby.ee\/en\/wp-json\/wp\/v2\/media\/1852947"}],"wp:attachment":[{"href":"http:\/\/ruuby.ee\/en\/wp-json\/wp\/v2\/media?parent=1852946"}],"wp:term":[{"taxonomy":"product_brand","embeddable":true,"href":"http:\/\/ruuby.ee\/en\/wp-json\/wp\/v2\/product_brand?post=1852946"},{"taxonomy":"product_cat","embeddable":true,"href":"http:\/\/ruuby.ee\/en\/wp-json\/wp\/v2\/product_cat?post=1852946"},{"taxonomy":"product_tag","embeddable":true,"href":"http:\/\/ruuby.ee\/en\/wp-json\/wp\/v2\/product_tag?post=1852946"}],"curies":[{"name":"wp","href":"https:\/\/api.w.org\/{rel}","templated":true}]}}