{"id":1852350,"date":"2025-03-28T15:43:52","date_gmt":"2025-03-28T13:43:52","guid":{"rendered":"http:\/\/ruuby.ee\/?post_type=product&#038;p=1852350"},"modified":"2026-04-08T01:28:27","modified_gmt":"2026-04-07T22:28:27","slug":"pole-to-pole-soogilaud-urban-chique-dining-table-ceramic-marble","status":"publish","type":"product","link":"http:\/\/ruuby.ee\/en\/pood\/kodusisustus\/moobel\/lauad\/pole-to-pole-soogilaud-urban-chique-dining-table-ceramic-marble\/","title":{"rendered":"Pole To Pole &#8211; S\u00f6\u00f6gilaud, Urban Chique Dining Table Ceramic Marble"},"content":{"rendered":"<p>Keraamilisest marmorist Urban Chique s\u00f6\u00f6gilaud on koht, kus kaasaegne disain kohtub igap\u00e4evase elegantsiga. Keraamiline marmorpind on praktiline kui ka vastupidav. Selle puhtad jooned ja urbanistlik esteetika muudavad selle ideaalseks sobivaks t\u00e4nap\u00e4evastesse ruumidesse, samas kui peen sooned lisavad soojust ja s\u00fcgavust.<\/p>\n<p><strong>Toote suurus:<\/strong><br \/>\nLaius: 100 CM<br \/>\nPikkus: 220cm<br \/>\nKoguk\u00f5rgus: 76 cm<br \/>\nLauaplaadi k\u00f5rgus: 71,8 cm<br \/>\nNetokaal: 122,3 KG<\/p>\n<p><strong>P\u00f5hiteave:<\/strong><br \/>\nKarbi suurus ja kaal Lauaplaat: 124 x 115 x 15 CM &#8211; 103 KG<br \/>\nKasti suurus ja kaal Jalg: 2x (69 x 41 x 80 CM \u00a0&#8211; 22,3 KG)<br \/>\nVajalik kokkupanek<br \/>\nOriginaalpakend 1 tk \/ 3 karpi<\/p>\n<p><strong>Toote materjalid:<\/strong><br \/>\nPealmine osa: keraamika ja MDF<br \/>\nJalad: MDF ja puitspoon<\/p>","protected":false},"excerpt":{"rendered":"<p>Keraamilisest marmorist Urban Chique s\u00f6\u00f6gilaud on koht, kus kaasaegne disain kohtub igap\u00e4evase elegantsiga. Keraamiline marmorpind on praktiline kui ka vastupidav. Selle puhtad jooned ja urbanistlik esteetika muudavad selle ideaalseks sobivaks t\u00e4nap\u00e4evastesse ruumidesse, samas kui peen sooned lisavad soojust ja s\u00fcgavust. Toote suurus: Laius: 100 CM Pikkus: 220cm Koguk\u00f5rgus: 76 cm Lauaplaadi k\u00f5rgus: 71,8 cm Netokaal: [&hellip;]<\/p>\n","protected":false},"featured_media":1852352,"comment_status":"closed","ping_status":"closed","template":"","meta":[],"product_brand":[],"product_cat":[42,556,825],"product_tag":[],"class_list":{"0":"post-1852350","1":"product","2":"type-product","3":"status-publish","4":"has-post-thumbnail","6":"product_cat-kodusisustus","7":"product_cat-lauad","8":"product_cat-moobel","10":"first","11":"onbackorder","12":"taxable","13":"shipping-taxable","14":"purchasable","15":"product-type-simple"},"yoast_head":"<!-- This site is optimized with the Yoast SEO plugin v27.3 - https:\/\/yoast.com\/product\/yoast-seo-wordpress\/ -->\n<title>Pole To Pole - S\u00f6\u00f6gilaud, Urban Chique Dining Table Ceramic Marble - RUUBY<\/title>\n<meta name=\"robots\" content=\"index, follow, max-snippet:-1, max-image-preview:large, max-video-preview:-1\" \/>\n<link rel=\"canonical\" href=\"https:\/\/ruuby.ee\/en\/pood\/kodusisustus\/moobel\/lauad\/pole-to-pole-soogilaud-urban-chique-dining-table-ceramic-marble\/\" \/>\n<meta property=\"og:locale\" content=\"en_GB\" \/>\n<meta property=\"og:type\" content=\"article\" \/>\n<meta property=\"og:title\" content=\"Pole To Pole - S\u00f6\u00f6gilaud, Urban Chique Dining Table Ceramic Marble - RUUBY\" \/>\n<meta property=\"og:description\" content=\"Keraamilisest marmorist Urban Chique s\u00f6\u00f6gilaud on koht, kus kaasaegne disain kohtub igap\u00e4evase elegantsiga. Keraamiline marmorpind on praktiline kui ka vastupidav. Selle puhtad jooned ja urbanistlik esteetika muudavad selle ideaalseks sobivaks t\u00e4nap\u00e4evastesse ruumidesse, samas kui peen sooned lisavad soojust ja s\u00fcgavust. Toote suurus: Laius: 100 CM Pikkus: 220cm Koguk\u00f5rgus: 76 cm Lauaplaadi k\u00f5rgus: 71,8 cm Netokaal: [&hellip;]\" \/>\n<meta property=\"og:url\" content=\"https:\/\/ruuby.ee\/en\/pood\/kodusisustus\/moobel\/lauad\/pole-to-pole-soogilaud-urban-chique-dining-table-ceramic-marble\/\" \/>\n<meta property=\"og:site_name\" content=\"RUUBY\" \/>\n<meta property=\"article:publisher\" content=\"https:\/\/www.facebook.com\/ruubyconcept\" \/>\n<meta property=\"article:modified_time\" content=\"2026-04-07T22:28:27+00:00\" \/>\n<meta property=\"og:image\" content=\"https:\/\/ruuby.ee\/wp-content\/uploads\/2025\/03\/Screenshot-2025-03-28-at-15.43.17.png\" \/>\n\t<meta property=\"og:image:width\" content=\"1750\" \/>\n\t<meta property=\"og:image:height\" content=\"1212\" \/>\n\t<meta property=\"og:image:type\" content=\"image\/png\" \/>\n<meta name=\"twitter:card\" content=\"summary_large_image\" \/>\n<meta name=\"twitter:label1\" content=\"Estimated reading time\" \/>\n\t<meta name=\"twitter:data1\" content=\"1 minute\" \/>\n<script type=\"application\/ld+json\" class=\"yoast-schema-graph\">{\"@context\":\"https:\\\/\\\/schema.org\",\"@graph\":[{\"@type\":[\"WebPage\",\"ItemPage\"],\"@id\":\"https:\\\/\\\/ruuby.ee\\\/pood\\\/kodusisustus\\\/moobel\\\/lauad\\\/pole-to-pole-soogilaud-urban-chique-dining-table-ceramic-marble\\\/\",\"url\":\"https:\\\/\\\/ruuby.ee\\\/pood\\\/kodusisustus\\\/moobel\\\/lauad\\\/pole-to-pole-soogilaud-urban-chique-dining-table-ceramic-marble\\\/\",\"name\":\"Pole To Pole - S\u00f6\u00f6gilaud, Urban Chique Dining Table Ceramic Marble - RUUBY\",\"isPartOf\":{\"@id\":\"https:\\\/\\\/ruuby.ee\\\/en\\\/#website\"},\"primaryImageOfPage\":{\"@id\":\"https:\\\/\\\/ruuby.ee\\\/pood\\\/kodusisustus\\\/moobel\\\/lauad\\\/pole-to-pole-soogilaud-urban-chique-dining-table-ceramic-marble\\\/#primaryimage\"},\"image\":{\"@id\":\"https:\\\/\\\/ruuby.ee\\\/pood\\\/kodusisustus\\\/moobel\\\/lauad\\\/pole-to-pole-soogilaud-urban-chique-dining-table-ceramic-marble\\\/#primaryimage\"},\"thumbnailUrl\":\"http:\\\/\\\/ruuby.ee\\\/wp-content\\\/uploads\\\/2025\\\/03\\\/Screenshot-2025-03-28-at-15.43.17.png\",\"datePublished\":\"2025-03-28T13:43:52+00:00\",\"dateModified\":\"2026-04-07T22:28:27+00:00\",\"breadcrumb\":{\"@id\":\"https:\\\/\\\/ruuby.ee\\\/pood\\\/kodusisustus\\\/moobel\\\/lauad\\\/pole-to-pole-soogilaud-urban-chique-dining-table-ceramic-marble\\\/#breadcrumb\"},\"inLanguage\":\"en-GB\",\"potentialAction\":[{\"@type\":\"ReadAction\",\"target\":[\"https:\\\/\\\/ruuby.ee\\\/pood\\\/kodusisustus\\\/moobel\\\/lauad\\\/pole-to-pole-soogilaud-urban-chique-dining-table-ceramic-marble\\\/\"]}]},{\"@type\":\"ImageObject\",\"inLanguage\":\"en-GB\",\"@id\":\"https:\\\/\\\/ruuby.ee\\\/pood\\\/kodusisustus\\\/moobel\\\/lauad\\\/pole-to-pole-soogilaud-urban-chique-dining-table-ceramic-marble\\\/#primaryimage\",\"url\":\"http:\\\/\\\/ruuby.ee\\\/wp-content\\\/uploads\\\/2025\\\/03\\\/Screenshot-2025-03-28-at-15.43.17.png\",\"contentUrl\":\"http:\\\/\\\/ruuby.ee\\\/wp-content\\\/uploads\\\/2025\\\/03\\\/Screenshot-2025-03-28-at-15.43.17.png\",\"width\":1750,\"height\":1212},{\"@type\":\"BreadcrumbList\",\"@id\":\"https:\\\/\\\/ruuby.ee\\\/pood\\\/kodusisustus\\\/moobel\\\/lauad\\\/pole-to-pole-soogilaud-urban-chique-dining-table-ceramic-marble\\\/#breadcrumb\",\"itemListElement\":[{\"@type\":\"ListItem\",\"position\":1,\"name\":\"Kdu\",\"item\":\"https:\\\/\\\/ruuby.ee\\\/en\\\/\"},{\"@type\":\"ListItem\",\"position\":2,\"name\":\"Pood\",\"item\":\"http:\\\/\\\/ruuby.ee\\\/en\\\/pood\\\/\"},{\"@type\":\"ListItem\",\"position\":3,\"name\":\"Pole To Pole &#8211; S\u00f6\u00f6gilaud, Urban Chique Dining Table Ceramic Marble\"}]},{\"@type\":\"WebSite\",\"@id\":\"https:\\\/\\\/ruuby.ee\\\/en\\\/#website\",\"url\":\"https:\\\/\\\/ruuby.ee\\\/en\\\/\",\"name\":\"RUUBY\",\"description\":\"Ruubys on \u00fchendatud elustiil ja disain\",\"publisher\":{\"@id\":\"https:\\\/\\\/ruuby.ee\\\/en\\\/#organization\"},\"alternateName\":\"Ruuby Disain\",\"potentialAction\":[{\"@type\":\"SearchAction\",\"target\":{\"@type\":\"EntryPoint\",\"urlTemplate\":\"https:\\\/\\\/ruuby.ee\\\/en\\\/?s={search_term_string}\"},\"query-input\":{\"@type\":\"PropertyValueSpecification\",\"valueRequired\":true,\"valueName\":\"search_term_string\"}}],\"inLanguage\":\"en-GB\"},{\"@type\":\"Organization\",\"@id\":\"https:\\\/\\\/ruuby.ee\\\/en\\\/#organization\",\"name\":\"Ruuby Disain O\u00dc\",\"alternateName\":\"Ruuby\",\"url\":\"https:\\\/\\\/ruuby.ee\\\/en\\\/\",\"logo\":{\"@type\":\"ImageObject\",\"inLanguage\":\"en-GB\",\"@id\":\"https:\\\/\\\/ruuby.ee\\\/en\\\/#\\\/schema\\\/logo\\\/image\\\/\",\"url\":\"http:\\\/\\\/ruuby.ee\\\/wp-content\\\/uploads\\\/2023\\\/06\\\/cropped-Black-White-Elegant-Circle-Signature-Fashion-Logo-12_large.png\",\"contentUrl\":\"http:\\\/\\\/ruuby.ee\\\/wp-content\\\/uploads\\\/2023\\\/06\\\/cropped-Black-White-Elegant-Circle-Signature-Fashion-Logo-12_large.png\",\"width\":1280,\"height\":747,\"caption\":\"Ruuby Disain O\u00dc\"},\"image\":{\"@id\":\"https:\\\/\\\/ruuby.ee\\\/en\\\/#\\\/schema\\\/logo\\\/image\\\/\"},\"sameAs\":[\"https:\\\/\\\/www.facebook.com\\\/ruubyconcept\",\"https:\\\/\\\/www.instagram.com\\\/ruuby_concept\\\/\"]}]}<\/script>\n<!-- \/ Yoast SEO plugin. -->","yoast_head_json":{"title":"Pole To Pole - S\u00f6\u00f6gilaud, Urban Chique Dining Table Ceramic Marble - RUUBY","robots":{"index":"index","follow":"follow","max-snippet":"max-snippet:-1","max-image-preview":"max-image-preview:large","max-video-preview":"max-video-preview:-1"},"canonical":"https:\/\/ruuby.ee\/en\/pood\/kodusisustus\/moobel\/lauad\/pole-to-pole-soogilaud-urban-chique-dining-table-ceramic-marble\/","og_locale":"en_GB","og_type":"article","og_title":"Pole To Pole - S\u00f6\u00f6gilaud, Urban Chique Dining Table Ceramic Marble - RUUBY","og_description":"Keraamilisest marmorist Urban Chique s\u00f6\u00f6gilaud on koht, kus kaasaegne disain kohtub igap\u00e4evase elegantsiga. Keraamiline marmorpind on praktiline kui ka vastupidav. Selle puhtad jooned ja urbanistlik esteetika muudavad selle ideaalseks sobivaks t\u00e4nap\u00e4evastesse ruumidesse, samas kui peen sooned lisavad soojust ja s\u00fcgavust. Toote suurus: Laius: 100 CM Pikkus: 220cm Koguk\u00f5rgus: 76 cm Lauaplaadi k\u00f5rgus: 71,8 cm Netokaal: [&hellip;]","og_url":"https:\/\/ruuby.ee\/en\/pood\/kodusisustus\/moobel\/lauad\/pole-to-pole-soogilaud-urban-chique-dining-table-ceramic-marble\/","og_site_name":"RUUBY","article_publisher":"https:\/\/www.facebook.com\/ruubyconcept","article_modified_time":"2026-04-07T22:28:27+00:00","og_image":[{"width":1750,"height":1212,"url":"https:\/\/ruuby.ee\/wp-content\/uploads\/2025\/03\/Screenshot-2025-03-28-at-15.43.17.png","type":"image\/png"}],"twitter_card":"summary_large_image","twitter_misc":{"Estimated reading time":"1 minute"},"schema":{"@context":"https:\/\/schema.org","@graph":[{"@type":["WebPage","ItemPage"],"@id":"https:\/\/ruuby.ee\/pood\/kodusisustus\/moobel\/lauad\/pole-to-pole-soogilaud-urban-chique-dining-table-ceramic-marble\/","url":"https:\/\/ruuby.ee\/pood\/kodusisustus\/moobel\/lauad\/pole-to-pole-soogilaud-urban-chique-dining-table-ceramic-marble\/","name":"Pole To Pole - S\u00f6\u00f6gilaud, Urban Chique Dining Table Ceramic Marble - RUUBY","isPartOf":{"@id":"https:\/\/ruuby.ee\/en\/#website"},"primaryImageOfPage":{"@id":"https:\/\/ruuby.ee\/pood\/kodusisustus\/moobel\/lauad\/pole-to-pole-soogilaud-urban-chique-dining-table-ceramic-marble\/#primaryimage"},"image":{"@id":"https:\/\/ruuby.ee\/pood\/kodusisustus\/moobel\/lauad\/pole-to-pole-soogilaud-urban-chique-dining-table-ceramic-marble\/#primaryimage"},"thumbnailUrl":"http:\/\/ruuby.ee\/wp-content\/uploads\/2025\/03\/Screenshot-2025-03-28-at-15.43.17.png","datePublished":"2025-03-28T13:43:52+00:00","dateModified":"2026-04-07T22:28:27+00:00","breadcrumb":{"@id":"https:\/\/ruuby.ee\/pood\/kodusisustus\/moobel\/lauad\/pole-to-pole-soogilaud-urban-chique-dining-table-ceramic-marble\/#breadcrumb"},"inLanguage":"en-GB","potentialAction":[{"@type":"ReadAction","target":["https:\/\/ruuby.ee\/pood\/kodusisustus\/moobel\/lauad\/pole-to-pole-soogilaud-urban-chique-dining-table-ceramic-marble\/"]}]},{"@type":"ImageObject","inLanguage":"en-GB","@id":"https:\/\/ruuby.ee\/pood\/kodusisustus\/moobel\/lauad\/pole-to-pole-soogilaud-urban-chique-dining-table-ceramic-marble\/#primaryimage","url":"http:\/\/ruuby.ee\/wp-content\/uploads\/2025\/03\/Screenshot-2025-03-28-at-15.43.17.png","contentUrl":"http:\/\/ruuby.ee\/wp-content\/uploads\/2025\/03\/Screenshot-2025-03-28-at-15.43.17.png","width":1750,"height":1212},{"@type":"BreadcrumbList","@id":"https:\/\/ruuby.ee\/pood\/kodusisustus\/moobel\/lauad\/pole-to-pole-soogilaud-urban-chique-dining-table-ceramic-marble\/#breadcrumb","itemListElement":[{"@type":"ListItem","position":1,"name":"Kdu","item":"https:\/\/ruuby.ee\/en\/"},{"@type":"ListItem","position":2,"name":"Pood","item":"http:\/\/ruuby.ee\/en\/pood\/"},{"@type":"ListItem","position":3,"name":"Pole To Pole &#8211; S\u00f6\u00f6gilaud, Urban Chique Dining Table Ceramic Marble"}]},{"@type":"WebSite","@id":"https:\/\/ruuby.ee\/en\/#website","url":"https:\/\/ruuby.ee\/en\/","name":"RUUBY","description":"Ruubys on \u00fchendatud elustiil ja disain","publisher":{"@id":"https:\/\/ruuby.ee\/en\/#organization"},"alternateName":"Ruuby Disain","potentialAction":[{"@type":"SearchAction","target":{"@type":"EntryPoint","urlTemplate":"https:\/\/ruuby.ee\/en\/?s={search_term_string}"},"query-input":{"@type":"PropertyValueSpecification","valueRequired":true,"valueName":"search_term_string"}}],"inLanguage":"en-GB"},{"@type":"Organization","@id":"https:\/\/ruuby.ee\/en\/#organization","name":"Ruuby Disain O\u00dc","alternateName":"Ruuby","url":"https:\/\/ruuby.ee\/en\/","logo":{"@type":"ImageObject","inLanguage":"en-GB","@id":"https:\/\/ruuby.ee\/en\/#\/schema\/logo\/image\/","url":"http:\/\/ruuby.ee\/wp-content\/uploads\/2023\/06\/cropped-Black-White-Elegant-Circle-Signature-Fashion-Logo-12_large.png","contentUrl":"http:\/\/ruuby.ee\/wp-content\/uploads\/2023\/06\/cropped-Black-White-Elegant-Circle-Signature-Fashion-Logo-12_large.png","width":1280,"height":747,"caption":"Ruuby Disain O\u00dc"},"image":{"@id":"https:\/\/ruuby.ee\/en\/#\/schema\/logo\/image\/"},"sameAs":["https:\/\/www.facebook.com\/ruubyconcept","https:\/\/www.instagram.com\/ruuby_concept\/"]}]}},"jetpack_sharing_enabled":true,"_links":{"self":[{"href":"http:\/\/ruuby.ee\/en\/wp-json\/wp\/v2\/product\/1852350","targetHints":{"allow":["GET"]}}],"collection":[{"href":"http:\/\/ruuby.ee\/en\/wp-json\/wp\/v2\/product"}],"about":[{"href":"http:\/\/ruuby.ee\/en\/wp-json\/wp\/v2\/types\/product"}],"replies":[{"embeddable":true,"href":"http:\/\/ruuby.ee\/en\/wp-json\/wp\/v2\/comments?post=1852350"}],"wp:featuredmedia":[{"embeddable":true,"href":"http:\/\/ruuby.ee\/en\/wp-json\/wp\/v2\/media\/1852352"}],"wp:attachment":[{"href":"http:\/\/ruuby.ee\/en\/wp-json\/wp\/v2\/media?parent=1852350"}],"wp:term":[{"taxonomy":"product_brand","embeddable":true,"href":"http:\/\/ruuby.ee\/en\/wp-json\/wp\/v2\/product_brand?post=1852350"},{"taxonomy":"product_cat","embeddable":true,"href":"http:\/\/ruuby.ee\/en\/wp-json\/wp\/v2\/product_cat?post=1852350"},{"taxonomy":"product_tag","embeddable":true,"href":"http:\/\/ruuby.ee\/en\/wp-json\/wp\/v2\/product_tag?post=1852350"}],"curies":[{"name":"wp","href":"https:\/\/api.w.org\/{rel}","templated":true}]}}