{"id":1851944,"date":"2025-03-12T19:22:22","date_gmt":"2025-03-12T17:22:22","guid":{"rendered":"http:\/\/ruuby.ee\/?post_type=product&#038;p=1851944"},"modified":"2026-04-08T01:28:27","modified_gmt":"2026-04-07T22:28:27","slug":"bloomingville-penzano-tugitool-naturaalne-poluretang","status":"publish","type":"product","link":"http:\/\/ruuby.ee\/en\/pood\/kodusisustus\/ouemoobel\/bloomingville-penzano-tugitool-naturaalne-poluretang\/","title":{"rendered":"Bloomingville, Penzano tugitool, naturaalne, pol\u00fcretang"},"content":{"rendered":"<p>Bloomingville&#8217;i Penzano Lounge Chair on loomulik t\u00e4iendus teie v\u00e4liruumi. Tool on valmistatud pol\u00fcrotangist, mis oma elava struktuuri ja v\u00e4rviga meenutab rotangi. Patjade pehme kootud kate toob looduse l\u00e4hedale. Looge aias rahulik oaas, kombineerides looduslikke materjale ja pehmeid tekstuure.<\/p>\n<p>Soovitame m\u00f6\u00f6blit paigutada kaetud ja kuivadesse kohtadesse, et v\u00e4ltida ilmastikum\u00f5ju. Raam on k\u00fclmakindel ja padi on vetth\u00fclgav. Otsese p\u00e4ikesevalguse k\u00e4es asetamisel v\u00f5ib aja jooksul tekkida v\u00e4rvi tuhmumine<\/p>\n<p>M\u00f5\u00f5dud:L75xH70xW72 cm<\/p>\n<p>Istme s\u00fcgavus cm. 62<br \/>\nIstme k\u00f5rgus cm. 41<br \/>\nK\u00e4e k\u00f5rgus 70 cm<\/p>\n<p>Max. kandev\u00f5ime: \u00a0160kg<\/p>\n<p>&nbsp;<\/p>","protected":false},"excerpt":{"rendered":"<p>Mugavus ja disain koos!<\/p>\n<p>Delivery up to 2 weeks<\/p>","protected":false},"featured_media":1851948,"comment_status":"closed","ping_status":"closed","template":"","meta":[],"product_brand":[],"product_cat":[42,641],"product_tag":[],"class_list":{"0":"post-1851944","1":"product","2":"type-product","3":"status-publish","4":"has-post-thumbnail","6":"product_cat-kodusisustus","7":"product_cat-ouemoobel","9":"first","10":"onbackorder","11":"taxable","12":"shipping-taxable","13":"purchasable","14":"product-type-simple"},"yoast_head":"<!-- This site is optimized with the Yoast SEO plugin v27.3 - https:\/\/yoast.com\/product\/yoast-seo-wordpress\/ -->\n<title>Bloomingville, Penzano tugitool, naturaalne, pol\u00fcretang - RUUBY<\/title>\n<meta name=\"robots\" content=\"index, follow, max-snippet:-1, max-image-preview:large, max-video-preview:-1\" \/>\n<link rel=\"canonical\" href=\"http:\/\/ruuby.ee\/en\/pood\/kodusisustus\/ouemoobel\/bloomingville-penzano-tugitool-naturaalne-poluretang\/\" \/>\n<meta property=\"og:locale\" content=\"en_GB\" \/>\n<meta property=\"og:type\" content=\"article\" \/>\n<meta property=\"og:title\" content=\"Bloomingville, Penzano tugitool, naturaalne, pol\u00fcretang - RUUBY\" \/>\n<meta property=\"og:description\" content=\"Mugavus ja disain koos!  Tarne kuni 2 n\u00e4dalat.\" \/>\n<meta property=\"og:url\" content=\"http:\/\/ruuby.ee\/en\/pood\/kodusisustus\/ouemoobel\/bloomingville-penzano-tugitool-naturaalne-poluretang\/\" \/>\n<meta property=\"og:site_name\" content=\"RUUBY\" \/>\n<meta property=\"article:publisher\" content=\"https:\/\/www.facebook.com\/ruubyconcept\" \/>\n<meta property=\"article:modified_time\" content=\"2026-04-07T22:28:27+00:00\" \/>\n<meta property=\"og:image\" content=\"http:\/\/ruuby.ee\/wp-content\/uploads\/2025\/03\/Screenshot-2025-03-12-at-19.20.48.png\" \/>\n\t<meta property=\"og:image:width\" content=\"1126\" \/>\n\t<meta property=\"og:image:height\" content=\"1138\" \/>\n\t<meta property=\"og:image:type\" content=\"image\/png\" \/>\n<meta name=\"twitter:card\" content=\"summary_large_image\" \/>\n<meta name=\"twitter:label1\" content=\"Estimated reading time\" \/>\n\t<meta name=\"twitter:data1\" content=\"1 minute\" \/>\n<script type=\"application\/ld+json\" class=\"yoast-schema-graph\">{\"@context\":\"https:\\\/\\\/schema.org\",\"@graph\":[{\"@type\":[\"WebPage\",\"ItemPage\"],\"@id\":\"http:\\\/\\\/ruuby.ee\\\/en\\\/pood\\\/kodusisustus\\\/ouemoobel\\\/bloomingville-penzano-tugitool-naturaalne-poluretang\\\/\",\"url\":\"http:\\\/\\\/ruuby.ee\\\/en\\\/pood\\\/kodusisustus\\\/ouemoobel\\\/bloomingville-penzano-tugitool-naturaalne-poluretang\\\/\",\"name\":\"Bloomingville, Penzano tugitool, naturaalne, pol\u00fcretang - RUUBY\",\"isPartOf\":{\"@id\":\"https:\\\/\\\/ruuby.ee\\\/#website\"},\"primaryImageOfPage\":{\"@id\":\"http:\\\/\\\/ruuby.ee\\\/en\\\/pood\\\/kodusisustus\\\/ouemoobel\\\/bloomingville-penzano-tugitool-naturaalne-poluretang\\\/#primaryimage\"},\"image\":{\"@id\":\"http:\\\/\\\/ruuby.ee\\\/en\\\/pood\\\/kodusisustus\\\/ouemoobel\\\/bloomingville-penzano-tugitool-naturaalne-poluretang\\\/#primaryimage\"},\"thumbnailUrl\":\"http:\\\/\\\/ruuby.ee\\\/wp-content\\\/uploads\\\/2025\\\/03\\\/Screenshot-2025-03-12-at-19.20.48.png\",\"datePublished\":\"2025-03-12T17:22:22+00:00\",\"dateModified\":\"2026-04-07T22:28:27+00:00\",\"breadcrumb\":{\"@id\":\"http:\\\/\\\/ruuby.ee\\\/en\\\/pood\\\/kodusisustus\\\/ouemoobel\\\/bloomingville-penzano-tugitool-naturaalne-poluretang\\\/#breadcrumb\"},\"inLanguage\":\"en-GB\",\"potentialAction\":[{\"@type\":\"ReadAction\",\"target\":[\"http:\\\/\\\/ruuby.ee\\\/en\\\/pood\\\/kodusisustus\\\/ouemoobel\\\/bloomingville-penzano-tugitool-naturaalne-poluretang\\\/\"]}]},{\"@type\":\"ImageObject\",\"inLanguage\":\"en-GB\",\"@id\":\"http:\\\/\\\/ruuby.ee\\\/en\\\/pood\\\/kodusisustus\\\/ouemoobel\\\/bloomingville-penzano-tugitool-naturaalne-poluretang\\\/#primaryimage\",\"url\":\"http:\\\/\\\/ruuby.ee\\\/wp-content\\\/uploads\\\/2025\\\/03\\\/Screenshot-2025-03-12-at-19.20.48.png\",\"contentUrl\":\"http:\\\/\\\/ruuby.ee\\\/wp-content\\\/uploads\\\/2025\\\/03\\\/Screenshot-2025-03-12-at-19.20.48.png\",\"width\":1126,\"height\":1138},{\"@type\":\"BreadcrumbList\",\"@id\":\"http:\\\/\\\/ruuby.ee\\\/en\\\/pood\\\/kodusisustus\\\/ouemoobel\\\/bloomingville-penzano-tugitool-naturaalne-poluretang\\\/#breadcrumb\",\"itemListElement\":[{\"@type\":\"ListItem\",\"position\":1,\"name\":\"Kdu\",\"item\":\"https:\\\/\\\/ruuby.ee\\\/\"},{\"@type\":\"ListItem\",\"position\":2,\"name\":\"Pood\",\"item\":\"https:\\\/\\\/ruuby.ee\\\/pood\\\/\"},{\"@type\":\"ListItem\",\"position\":3,\"name\":\"Bloomingville, Penzano tugitool, naturaalne, pol\u00fcretang\"}]},{\"@type\":\"WebSite\",\"@id\":\"https:\\\/\\\/ruuby.ee\\\/#website\",\"url\":\"https:\\\/\\\/ruuby.ee\\\/\",\"name\":\"RUUBY\",\"description\":\"Ruubys on \u00fchendatud elustiil ja disain\",\"publisher\":{\"@id\":\"https:\\\/\\\/ruuby.ee\\\/#organization\"},\"alternateName\":\"Ruuby Disain\",\"potentialAction\":[{\"@type\":\"SearchAction\",\"target\":{\"@type\":\"EntryPoint\",\"urlTemplate\":\"https:\\\/\\\/ruuby.ee\\\/?s={search_term_string}\"},\"query-input\":{\"@type\":\"PropertyValueSpecification\",\"valueRequired\":true,\"valueName\":\"search_term_string\"}}],\"inLanguage\":\"en-GB\"},{\"@type\":\"Organization\",\"@id\":\"https:\\\/\\\/ruuby.ee\\\/#organization\",\"name\":\"Ruuby Disain O\u00dc\",\"alternateName\":\"Ruuby\",\"url\":\"https:\\\/\\\/ruuby.ee\\\/\",\"logo\":{\"@type\":\"ImageObject\",\"inLanguage\":\"en-GB\",\"@id\":\"https:\\\/\\\/ruuby.ee\\\/#\\\/schema\\\/logo\\\/image\\\/\",\"url\":\"http:\\\/\\\/ruuby.ee\\\/wp-content\\\/uploads\\\/2023\\\/06\\\/cropped-Black-White-Elegant-Circle-Signature-Fashion-Logo-12_large.png\",\"contentUrl\":\"http:\\\/\\\/ruuby.ee\\\/wp-content\\\/uploads\\\/2023\\\/06\\\/cropped-Black-White-Elegant-Circle-Signature-Fashion-Logo-12_large.png\",\"width\":1280,\"height\":747,\"caption\":\"Ruuby Disain O\u00dc\"},\"image\":{\"@id\":\"https:\\\/\\\/ruuby.ee\\\/#\\\/schema\\\/logo\\\/image\\\/\"},\"sameAs\":[\"https:\\\/\\\/www.facebook.com\\\/ruubyconcept\",\"https:\\\/\\\/www.instagram.com\\\/ruuby_concept\\\/\"]}]}<\/script>\n<!-- \/ Yoast SEO plugin. -->","yoast_head_json":{"title":"Bloomingville, Penzano tugitool, naturaalne, pol\u00fcretang - RUUBY","robots":{"index":"index","follow":"follow","max-snippet":"max-snippet:-1","max-image-preview":"max-image-preview:large","max-video-preview":"max-video-preview:-1"},"canonical":"http:\/\/ruuby.ee\/en\/pood\/kodusisustus\/ouemoobel\/bloomingville-penzano-tugitool-naturaalne-poluretang\/","og_locale":"en_GB","og_type":"article","og_title":"Bloomingville, Penzano tugitool, naturaalne, pol\u00fcretang - RUUBY","og_description":"Mugavus ja disain koos!  Tarne kuni 2 n\u00e4dalat.","og_url":"http:\/\/ruuby.ee\/en\/pood\/kodusisustus\/ouemoobel\/bloomingville-penzano-tugitool-naturaalne-poluretang\/","og_site_name":"RUUBY","article_publisher":"https:\/\/www.facebook.com\/ruubyconcept","article_modified_time":"2026-04-07T22:28:27+00:00","og_image":[{"width":1126,"height":1138,"url":"http:\/\/ruuby.ee\/wp-content\/uploads\/2025\/03\/Screenshot-2025-03-12-at-19.20.48.png","type":"image\/png"}],"twitter_card":"summary_large_image","twitter_misc":{"Estimated reading time":"1 minute"},"schema":{"@context":"https:\/\/schema.org","@graph":[{"@type":["WebPage","ItemPage"],"@id":"http:\/\/ruuby.ee\/en\/pood\/kodusisustus\/ouemoobel\/bloomingville-penzano-tugitool-naturaalne-poluretang\/","url":"http:\/\/ruuby.ee\/en\/pood\/kodusisustus\/ouemoobel\/bloomingville-penzano-tugitool-naturaalne-poluretang\/","name":"Bloomingville, Penzano tugitool, naturaalne, pol\u00fcretang - RUUBY","isPartOf":{"@id":"https:\/\/ruuby.ee\/#website"},"primaryImageOfPage":{"@id":"http:\/\/ruuby.ee\/en\/pood\/kodusisustus\/ouemoobel\/bloomingville-penzano-tugitool-naturaalne-poluretang\/#primaryimage"},"image":{"@id":"http:\/\/ruuby.ee\/en\/pood\/kodusisustus\/ouemoobel\/bloomingville-penzano-tugitool-naturaalne-poluretang\/#primaryimage"},"thumbnailUrl":"http:\/\/ruuby.ee\/wp-content\/uploads\/2025\/03\/Screenshot-2025-03-12-at-19.20.48.png","datePublished":"2025-03-12T17:22:22+00:00","dateModified":"2026-04-07T22:28:27+00:00","breadcrumb":{"@id":"http:\/\/ruuby.ee\/en\/pood\/kodusisustus\/ouemoobel\/bloomingville-penzano-tugitool-naturaalne-poluretang\/#breadcrumb"},"inLanguage":"en-GB","potentialAction":[{"@type":"ReadAction","target":["http:\/\/ruuby.ee\/en\/pood\/kodusisustus\/ouemoobel\/bloomingville-penzano-tugitool-naturaalne-poluretang\/"]}]},{"@type":"ImageObject","inLanguage":"en-GB","@id":"http:\/\/ruuby.ee\/en\/pood\/kodusisustus\/ouemoobel\/bloomingville-penzano-tugitool-naturaalne-poluretang\/#primaryimage","url":"http:\/\/ruuby.ee\/wp-content\/uploads\/2025\/03\/Screenshot-2025-03-12-at-19.20.48.png","contentUrl":"http:\/\/ruuby.ee\/wp-content\/uploads\/2025\/03\/Screenshot-2025-03-12-at-19.20.48.png","width":1126,"height":1138},{"@type":"BreadcrumbList","@id":"http:\/\/ruuby.ee\/en\/pood\/kodusisustus\/ouemoobel\/bloomingville-penzano-tugitool-naturaalne-poluretang\/#breadcrumb","itemListElement":[{"@type":"ListItem","position":1,"name":"Kdu","item":"https:\/\/ruuby.ee\/"},{"@type":"ListItem","position":2,"name":"Pood","item":"https:\/\/ruuby.ee\/pood\/"},{"@type":"ListItem","position":3,"name":"Bloomingville, Penzano tugitool, naturaalne, pol\u00fcretang"}]},{"@type":"WebSite","@id":"https:\/\/ruuby.ee\/#website","url":"https:\/\/ruuby.ee\/","name":"RUUBY","description":"Ruubys on \u00fchendatud elustiil ja disain","publisher":{"@id":"https:\/\/ruuby.ee\/#organization"},"alternateName":"Ruuby Disain","potentialAction":[{"@type":"SearchAction","target":{"@type":"EntryPoint","urlTemplate":"https:\/\/ruuby.ee\/?s={search_term_string}"},"query-input":{"@type":"PropertyValueSpecification","valueRequired":true,"valueName":"search_term_string"}}],"inLanguage":"en-GB"},{"@type":"Organization","@id":"https:\/\/ruuby.ee\/#organization","name":"Ruuby Disain O\u00dc","alternateName":"Ruuby","url":"https:\/\/ruuby.ee\/","logo":{"@type":"ImageObject","inLanguage":"en-GB","@id":"https:\/\/ruuby.ee\/#\/schema\/logo\/image\/","url":"http:\/\/ruuby.ee\/wp-content\/uploads\/2023\/06\/cropped-Black-White-Elegant-Circle-Signature-Fashion-Logo-12_large.png","contentUrl":"http:\/\/ruuby.ee\/wp-content\/uploads\/2023\/06\/cropped-Black-White-Elegant-Circle-Signature-Fashion-Logo-12_large.png","width":1280,"height":747,"caption":"Ruuby Disain O\u00dc"},"image":{"@id":"https:\/\/ruuby.ee\/#\/schema\/logo\/image\/"},"sameAs":["https:\/\/www.facebook.com\/ruubyconcept","https:\/\/www.instagram.com\/ruuby_concept\/"]}]}},"jetpack_sharing_enabled":true,"_links":{"self":[{"href":"http:\/\/ruuby.ee\/en\/wp-json\/wp\/v2\/product\/1851944","targetHints":{"allow":["GET"]}}],"collection":[{"href":"http:\/\/ruuby.ee\/en\/wp-json\/wp\/v2\/product"}],"about":[{"href":"http:\/\/ruuby.ee\/en\/wp-json\/wp\/v2\/types\/product"}],"replies":[{"embeddable":true,"href":"http:\/\/ruuby.ee\/en\/wp-json\/wp\/v2\/comments?post=1851944"}],"wp:featuredmedia":[{"embeddable":true,"href":"http:\/\/ruuby.ee\/en\/wp-json\/wp\/v2\/media\/1851948"}],"wp:attachment":[{"href":"http:\/\/ruuby.ee\/en\/wp-json\/wp\/v2\/media?parent=1851944"}],"wp:term":[{"taxonomy":"product_brand","embeddable":true,"href":"http:\/\/ruuby.ee\/en\/wp-json\/wp\/v2\/product_brand?post=1851944"},{"taxonomy":"product_cat","embeddable":true,"href":"http:\/\/ruuby.ee\/en\/wp-json\/wp\/v2\/product_cat?post=1851944"},{"taxonomy":"product_tag","embeddable":true,"href":"http:\/\/ruuby.ee\/en\/wp-json\/wp\/v2\/product_tag?post=1851944"}],"curies":[{"name":"wp","href":"https:\/\/api.w.org\/{rel}","templated":true}]}}