{"id":1851090,"date":"2025-01-23T14:35:58","date_gmt":"2025-01-23T12:35:58","guid":{"rendered":"http:\/\/ruuby.ee\/?post_type=product&#038;p=1851090"},"modified":"2026-04-03T01:24:32","modified_gmt":"2026-04-02T22:24:32","slug":"mob-aratuskell-oolamp-billy-clock-gris","status":"publish","type":"product","link":"http:\/\/ruuby.ee\/en\/pood\/kodusisustus\/kellad\/mob-aratuskell-oolamp-billy-clock-gris\/","title":{"rendered":"MOB \u00c4ratuskell-\u00d6\u00f6lamp Billy Clock, Gris"},"content":{"rendered":"<p>Billy Clock on midagi enamat kui lihtsalt \u00e4ratuskell: see on magamistoa kaaslane, mis on t\u00e4is stiili ja l\u00f5busaid funktsioone! Pehmest kangast ja &#8220;pehme puudutusega&#8221; silikoonist moodsa disainiga toob see teie lapse tuppa pehmuse. Seadistage lihtsalt kellaaeg, kuup\u00e4ev ja kuni kolm \u00e4ratust t\u00e4iuslikuks korraldamiseks. Ja pehme silikoonj\u00e4nku kujulise sisseehitatud \u00f6\u00f6valgustiga tunneb teie laps end terve \u00f6\u00f6 turvaliselt.<\/p>\n<p>Seadistage lihtsalt kellaaeg ja \u00e4ratused ning reguleerige puutetundliku nupu abil sisseehitatud \u00f6\u00f6valguse heledust. Billy kellaga on iga \u00e4rkamine \u00f5rn ja rahustav kogemus.<\/p>\n<p><strong>\u00c4ratuskell Billy Clock pakub kahte kasutusre\u017eiimi:<\/strong><\/p>\n<ul>\n<li>tavare\u017eiimi, kus kellaaega kuvatakse p\u00fcsivalt.<\/li>\n<li>TR (Touch Responsive) re\u017eiimi, kus kellaaega kuvatakse ainult nupu puudutamisel, pakkudes seega laiendatud autonoomiat.<\/li>\n<\/ul>\n<p>Kasutage integreeritud \u00f6\u00f6valgustit, et luua oma lapse toas l\u00f5\u00f5gastav \u00f5hkkond. Saate reguleerida heledust kuni 7-tunniseks t\u00f6\u00f6ajaks 30\u201340% intensiivsusega v\u00f5i j\u00e4tta \u00e4ratuskella pidevalt t\u00f6\u00f6le 14-tunnise aku t\u00f6\u00f6eaga (ilma \u00f6\u00f6lampi kasutamata).<\/p>\n<p><strong>Rahustavad helinad: <\/strong>Oleme lisanud oma Billy Clockile 5 uut l\u00f5\u00f5gastavat helinat: linnulaul, merelainete h\u00e4\u00e4l, vee \u00f5rn nirisemine, edasil\u00fckkamise funktsioon ja h\u00e4llilaul, mis muudavad \u00e4rkamise \u00fcha pehmemaks ja meeldivamaks.<\/p>\n<p><strong>Liikuvus ja lihtne laadimine: <\/strong>\u00c4ratuskell Billy Clock on kaasaskantav ja seda saab kaasas kanda k\u00f5ikjal majas. Seda laaditakse lihtsalt \u00e4ratuskellaga kaasas oleva USB kaabli abil, mis v\u00f5imaldab teil nautida selle funktsioone k\u00f5ikjal, kus viibite.<\/p>\n<p>&nbsp;<\/p>\n<p><strong>Billy Clocki tipptasemel tehnilised omadused:<\/strong><\/p>\n<ul>\n<li>5 rahustavat helinat: \u00f5rnaks \u00e4rkamiseks valige 5 l\u00f5\u00f5gastava helina hulgast, sealhulgas linnulaul, merelainete h\u00e4\u00e4l ja h\u00e4llilaul.<\/li>\n<li>3 programmeeritavat \u00e4ratust: seadistage oma p\u00e4eva t\u00e4iuslikuks korraldamiseks kuni kolm \u00e4ratust, tagades, et teie laps \u00e4rkab igal hommikul \u00f5igel ajal.<\/li>\n<li>Kuup\u00e4evahaldus: j\u00e4lgige kuup\u00e4eva kuup\u00e4eva haldamise funktsiooniga, pakkudes p\u00e4eva ja kuu kohest n\u00e4htavust.<\/li>\n<li>1200 mAh taaslaetav aku: nautige suure mahutavusega laetava aku pikemat kasutamist, tagades, et teie Billy Clock on alati valmis, kui seda vajate.<\/li>\n<li>4000 000 LED-v\u00f5imsus: nautige optimaalset heledust 4000 000 LED-v\u00f5imsusega, tagades aja ja funktsioonide selge n\u00e4htavuse ka pimedas.<\/li>\n<li>C-t\u00fc\u00fcpi laadimisport: laadige oma Billy Clock lihtsalt ja kiiresti kaasasoleva C-t\u00fc\u00fcpi laadimispordiga, pakkudes universaalset \u00fchilduvust ja mugavat laadimist k\u00f5ikjal, kus viibite.<\/li>\n<\/ul>","protected":false},"excerpt":{"rendered":"<p>\u00c4ratuskella ja \u00f6\u00f6valguse t\u00e4iuslik kombinatsioon Billy \u00e4ratuskell on ideaalne kaaslane lapse magamistoa kaunistamiseks ja valgustamiseks.<\/p>\n<p>&nbsp;<\/p>\n<p>Taas laos 19-26.09<\/p>\n<p>&nbsp;<\/p>","protected":false},"featured_media":1851091,"comment_status":"closed","ping_status":"closed","template":"","meta":[],"product_brand":[],"product_cat":[982,657,22,990],"product_tag":[],"class_list":{"0":"post-1851090","1":"product","2":"type-product","3":"status-publish","4":"has-post-thumbnail","6":"product_cat-kellad","7":"product_cat-kinkekomplektid","8":"product_cat-lapsed","9":"product_cat-oolambid","11":"first","12":"outofstock","13":"taxable","14":"shipping-taxable","15":"purchasable","16":"product-type-simple"},"yoast_head":"<!-- This site is optimized with the Yoast SEO plugin v27.2 - https:\/\/yoast.com\/product\/yoast-seo-wordpress\/ -->\n<title>MOB \u00c4ratuskell-\u00d6\u00f6lamp Billy Clock, Gris - RUUBY<\/title>\n<meta name=\"robots\" content=\"index, follow, max-snippet:-1, max-image-preview:large, max-video-preview:-1\" \/>\n<link rel=\"canonical\" href=\"http:\/\/ruuby.ee\/en\/pood\/kodusisustus\/kellad\/mob-aratuskell-oolamp-billy-clock-gris\/\" \/>\n<meta property=\"og:locale\" content=\"en_GB\" \/>\n<meta property=\"og:type\" content=\"article\" \/>\n<meta property=\"og:title\" content=\"MOB \u00c4ratuskell-\u00d6\u00f6lamp Billy Clock, Gris - RUUBY\" \/>\n<meta property=\"og:description\" content=\"\u00c4ratuskella ja \u00f6\u00f6valguse t\u00e4iuslik kombinatsioon Billy \u00e4ratuskell on ideaalne kaaslane lapse magamistoa kaunistamiseks ja valgustamiseks.  &nbsp;  Taas laos 19-26.09  &nbsp;\" \/>\n<meta property=\"og:url\" content=\"http:\/\/ruuby.ee\/en\/pood\/kodusisustus\/kellad\/mob-aratuskell-oolamp-billy-clock-gris\/\" \/>\n<meta property=\"og:site_name\" content=\"RUUBY\" \/>\n<meta property=\"article:publisher\" content=\"https:\/\/www.facebook.com\/ruubyconcept\" \/>\n<meta property=\"article:modified_time\" content=\"2026-04-02T22:24:32+00:00\" \/>\n<meta property=\"og:image\" content=\"http:\/\/ruuby.ee\/wp-content\/uploads\/2025\/01\/Screenshot-2025-01-23-at-14.36.17.png\" \/>\n\t<meta property=\"og:image:width\" content=\"1054\" \/>\n\t<meta property=\"og:image:height\" content=\"1046\" \/>\n\t<meta property=\"og:image:type\" content=\"image\/png\" \/>\n<meta name=\"twitter:card\" content=\"summary_large_image\" \/>\n<meta name=\"twitter:label1\" content=\"Estimated reading time\" \/>\n\t<meta name=\"twitter:data1\" content=\"2 minutes\" \/>\n<script type=\"application\/ld+json\" class=\"yoast-schema-graph\">{\"@context\":\"https:\/\/schema.org\",\"@graph\":[{\"@type\":[\"WebPage\",\"ItemPage\"],\"@id\":\"http:\/\/ruuby.ee\/en\/pood\/kodusisustus\/kellad\/mob-aratuskell-oolamp-billy-clock-gris\/\",\"url\":\"http:\/\/ruuby.ee\/en\/pood\/kodusisustus\/kellad\/mob-aratuskell-oolamp-billy-clock-gris\/\",\"name\":\"MOB \u00c4ratuskell-\u00d6\u00f6lamp Billy Clock, Gris - RUUBY\",\"isPartOf\":{\"@id\":\"https:\/\/ruuby.ee\/en\/#website\"},\"primaryImageOfPage\":{\"@id\":\"http:\/\/ruuby.ee\/en\/pood\/kodusisustus\/kellad\/mob-aratuskell-oolamp-billy-clock-gris\/#primaryimage\"},\"image\":{\"@id\":\"http:\/\/ruuby.ee\/en\/pood\/kodusisustus\/kellad\/mob-aratuskell-oolamp-billy-clock-gris\/#primaryimage\"},\"thumbnailUrl\":\"http:\/\/ruuby.ee\/wp-content\/uploads\/2025\/01\/Screenshot-2025-01-23-at-14.36.17.png\",\"datePublished\":\"2025-01-23T12:35:58+00:00\",\"dateModified\":\"2026-04-02T22:24:32+00:00\",\"breadcrumb\":{\"@id\":\"http:\/\/ruuby.ee\/en\/pood\/kodusisustus\/kellad\/mob-aratuskell-oolamp-billy-clock-gris\/#breadcrumb\"},\"inLanguage\":\"en-GB\",\"potentialAction\":[{\"@type\":\"ReadAction\",\"target\":[\"http:\/\/ruuby.ee\/en\/pood\/kodusisustus\/kellad\/mob-aratuskell-oolamp-billy-clock-gris\/\"]}]},{\"@type\":\"ImageObject\",\"inLanguage\":\"en-GB\",\"@id\":\"http:\/\/ruuby.ee\/en\/pood\/kodusisustus\/kellad\/mob-aratuskell-oolamp-billy-clock-gris\/#primaryimage\",\"url\":\"http:\/\/ruuby.ee\/wp-content\/uploads\/2025\/01\/Screenshot-2025-01-23-at-14.36.17.png\",\"contentUrl\":\"http:\/\/ruuby.ee\/wp-content\/uploads\/2025\/01\/Screenshot-2025-01-23-at-14.36.17.png\",\"width\":1054,\"height\":1046},{\"@type\":\"BreadcrumbList\",\"@id\":\"http:\/\/ruuby.ee\/en\/pood\/kodusisustus\/kellad\/mob-aratuskell-oolamp-billy-clock-gris\/#breadcrumb\",\"itemListElement\":[{\"@type\":\"ListItem\",\"position\":1,\"name\":\"Kdu\",\"item\":\"https:\/\/ruuby.ee\/en\/\"},{\"@type\":\"ListItem\",\"position\":2,\"name\":\"Pood\",\"item\":\"https:\/\/ruuby.ee\/pood\/\"},{\"@type\":\"ListItem\",\"position\":3,\"name\":\"MOB \u00c4ratuskell-\u00d6\u00f6lamp Billy Clock, Gris\"}]},{\"@type\":\"WebSite\",\"@id\":\"https:\/\/ruuby.ee\/en\/#website\",\"url\":\"https:\/\/ruuby.ee\/en\/\",\"name\":\"RUUBY\",\"description\":\"Ruubys on \u00fchendatud elustiil ja disain\",\"publisher\":{\"@id\":\"https:\/\/ruuby.ee\/en\/#organization\"},\"alternateName\":\"Ruuby Disain\",\"potentialAction\":[{\"@type\":\"SearchAction\",\"target\":{\"@type\":\"EntryPoint\",\"urlTemplate\":\"https:\/\/ruuby.ee\/en\/?s={search_term_string}\"},\"query-input\":{\"@type\":\"PropertyValueSpecification\",\"valueRequired\":true,\"valueName\":\"search_term_string\"}}],\"inLanguage\":\"en-GB\"},{\"@type\":\"Organization\",\"@id\":\"https:\/\/ruuby.ee\/en\/#organization\",\"name\":\"Ruuby Disain O\u00dc\",\"alternateName\":\"Ruuby\",\"url\":\"https:\/\/ruuby.ee\/en\/\",\"logo\":{\"@type\":\"ImageObject\",\"inLanguage\":\"en-GB\",\"@id\":\"https:\/\/ruuby.ee\/en\/#\/schema\/logo\/image\/\",\"url\":\"http:\/\/ruuby.ee\/wp-content\/uploads\/2023\/06\/cropped-Black-White-Elegant-Circle-Signature-Fashion-Logo-12_large.png\",\"contentUrl\":\"http:\/\/ruuby.ee\/wp-content\/uploads\/2023\/06\/cropped-Black-White-Elegant-Circle-Signature-Fashion-Logo-12_large.png\",\"width\":1280,\"height\":747,\"caption\":\"Ruuby Disain O\u00dc\"},\"image\":{\"@id\":\"https:\/\/ruuby.ee\/en\/#\/schema\/logo\/image\/\"},\"sameAs\":[\"https:\/\/www.facebook.com\/ruubyconcept\",\"https:\/\/www.instagram.com\/ruuby_concept\/\"]}]}<\/script>\n<!-- \/ Yoast SEO plugin. -->","yoast_head_json":{"title":"MOB \u00c4ratuskell-\u00d6\u00f6lamp Billy Clock, Gris - RUUBY","robots":{"index":"index","follow":"follow","max-snippet":"max-snippet:-1","max-image-preview":"max-image-preview:large","max-video-preview":"max-video-preview:-1"},"canonical":"http:\/\/ruuby.ee\/en\/pood\/kodusisustus\/kellad\/mob-aratuskell-oolamp-billy-clock-gris\/","og_locale":"en_GB","og_type":"article","og_title":"MOB \u00c4ratuskell-\u00d6\u00f6lamp Billy Clock, Gris - RUUBY","og_description":"\u00c4ratuskella ja \u00f6\u00f6valguse t\u00e4iuslik kombinatsioon Billy \u00e4ratuskell on ideaalne kaaslane lapse magamistoa kaunistamiseks ja valgustamiseks.  &nbsp;  Taas laos 19-26.09  &nbsp;","og_url":"http:\/\/ruuby.ee\/en\/pood\/kodusisustus\/kellad\/mob-aratuskell-oolamp-billy-clock-gris\/","og_site_name":"RUUBY","article_publisher":"https:\/\/www.facebook.com\/ruubyconcept","article_modified_time":"2026-04-02T22:24:32+00:00","og_image":[{"width":1054,"height":1046,"url":"http:\/\/ruuby.ee\/wp-content\/uploads\/2025\/01\/Screenshot-2025-01-23-at-14.36.17.png","type":"image\/png"}],"twitter_card":"summary_large_image","twitter_misc":{"Estimated reading time":"2 minutes"},"schema":{"@context":"https:\/\/schema.org","@graph":[{"@type":["WebPage","ItemPage"],"@id":"http:\/\/ruuby.ee\/en\/pood\/kodusisustus\/kellad\/mob-aratuskell-oolamp-billy-clock-gris\/","url":"http:\/\/ruuby.ee\/en\/pood\/kodusisustus\/kellad\/mob-aratuskell-oolamp-billy-clock-gris\/","name":"MOB \u00c4ratuskell-\u00d6\u00f6lamp Billy Clock, Gris - RUUBY","isPartOf":{"@id":"https:\/\/ruuby.ee\/en\/#website"},"primaryImageOfPage":{"@id":"http:\/\/ruuby.ee\/en\/pood\/kodusisustus\/kellad\/mob-aratuskell-oolamp-billy-clock-gris\/#primaryimage"},"image":{"@id":"http:\/\/ruuby.ee\/en\/pood\/kodusisustus\/kellad\/mob-aratuskell-oolamp-billy-clock-gris\/#primaryimage"},"thumbnailUrl":"http:\/\/ruuby.ee\/wp-content\/uploads\/2025\/01\/Screenshot-2025-01-23-at-14.36.17.png","datePublished":"2025-01-23T12:35:58+00:00","dateModified":"2026-04-02T22:24:32+00:00","breadcrumb":{"@id":"http:\/\/ruuby.ee\/en\/pood\/kodusisustus\/kellad\/mob-aratuskell-oolamp-billy-clock-gris\/#breadcrumb"},"inLanguage":"en-GB","potentialAction":[{"@type":"ReadAction","target":["http:\/\/ruuby.ee\/en\/pood\/kodusisustus\/kellad\/mob-aratuskell-oolamp-billy-clock-gris\/"]}]},{"@type":"ImageObject","inLanguage":"en-GB","@id":"http:\/\/ruuby.ee\/en\/pood\/kodusisustus\/kellad\/mob-aratuskell-oolamp-billy-clock-gris\/#primaryimage","url":"http:\/\/ruuby.ee\/wp-content\/uploads\/2025\/01\/Screenshot-2025-01-23-at-14.36.17.png","contentUrl":"http:\/\/ruuby.ee\/wp-content\/uploads\/2025\/01\/Screenshot-2025-01-23-at-14.36.17.png","width":1054,"height":1046},{"@type":"BreadcrumbList","@id":"http:\/\/ruuby.ee\/en\/pood\/kodusisustus\/kellad\/mob-aratuskell-oolamp-billy-clock-gris\/#breadcrumb","itemListElement":[{"@type":"ListItem","position":1,"name":"Kdu","item":"https:\/\/ruuby.ee\/en\/"},{"@type":"ListItem","position":2,"name":"Pood","item":"https:\/\/ruuby.ee\/pood\/"},{"@type":"ListItem","position":3,"name":"MOB \u00c4ratuskell-\u00d6\u00f6lamp Billy Clock, Gris"}]},{"@type":"WebSite","@id":"https:\/\/ruuby.ee\/en\/#website","url":"https:\/\/ruuby.ee\/en\/","name":"RUUBY","description":"Ruubys on \u00fchendatud elustiil ja disain","publisher":{"@id":"https:\/\/ruuby.ee\/en\/#organization"},"alternateName":"Ruuby Disain","potentialAction":[{"@type":"SearchAction","target":{"@type":"EntryPoint","urlTemplate":"https:\/\/ruuby.ee\/en\/?s={search_term_string}"},"query-input":{"@type":"PropertyValueSpecification","valueRequired":true,"valueName":"search_term_string"}}],"inLanguage":"en-GB"},{"@type":"Organization","@id":"https:\/\/ruuby.ee\/en\/#organization","name":"Ruuby Disain O\u00dc","alternateName":"Ruuby","url":"https:\/\/ruuby.ee\/en\/","logo":{"@type":"ImageObject","inLanguage":"en-GB","@id":"https:\/\/ruuby.ee\/en\/#\/schema\/logo\/image\/","url":"http:\/\/ruuby.ee\/wp-content\/uploads\/2023\/06\/cropped-Black-White-Elegant-Circle-Signature-Fashion-Logo-12_large.png","contentUrl":"http:\/\/ruuby.ee\/wp-content\/uploads\/2023\/06\/cropped-Black-White-Elegant-Circle-Signature-Fashion-Logo-12_large.png","width":1280,"height":747,"caption":"Ruuby Disain O\u00dc"},"image":{"@id":"https:\/\/ruuby.ee\/en\/#\/schema\/logo\/image\/"},"sameAs":["https:\/\/www.facebook.com\/ruubyconcept","https:\/\/www.instagram.com\/ruuby_concept\/"]}]}},"jetpack_sharing_enabled":true,"_links":{"self":[{"href":"http:\/\/ruuby.ee\/en\/wp-json\/wp\/v2\/product\/1851090","targetHints":{"allow":["GET"]}}],"collection":[{"href":"http:\/\/ruuby.ee\/en\/wp-json\/wp\/v2\/product"}],"about":[{"href":"http:\/\/ruuby.ee\/en\/wp-json\/wp\/v2\/types\/product"}],"replies":[{"embeddable":true,"href":"http:\/\/ruuby.ee\/en\/wp-json\/wp\/v2\/comments?post=1851090"}],"wp:featuredmedia":[{"embeddable":true,"href":"http:\/\/ruuby.ee\/en\/wp-json\/wp\/v2\/media\/1851091"}],"wp:attachment":[{"href":"http:\/\/ruuby.ee\/en\/wp-json\/wp\/v2\/media?parent=1851090"}],"wp:term":[{"taxonomy":"product_brand","embeddable":true,"href":"http:\/\/ruuby.ee\/en\/wp-json\/wp\/v2\/product_brand?post=1851090"},{"taxonomy":"product_cat","embeddable":true,"href":"http:\/\/ruuby.ee\/en\/wp-json\/wp\/v2\/product_cat?post=1851090"},{"taxonomy":"product_tag","embeddable":true,"href":"http:\/\/ruuby.ee\/en\/wp-json\/wp\/v2\/product_tag?post=1851090"}],"curies":[{"name":"wp","href":"https:\/\/api.w.org\/{rel}","templated":true}]}}