{"id":1851022,"date":"2025-01-22T12:12:32","date_gmt":"2025-01-22T10:12:32","guid":{"rendered":"http:\/\/ruuby.ee\/?post_type=product&#038;p=1851022"},"modified":"2026-04-08T01:28:28","modified_gmt":"2026-04-07T22:28:28","slug":"jesper-home-baaritool-hofu","status":"publish","type":"product","link":"http:\/\/ruuby.ee\/en\/pood\/kodusisustus\/moobel\/toolid\/jesper-home-baaritool-hofu\/","title":{"rendered":"Jesper Home &#8211; baaritool Hofu"},"content":{"rendered":"<p><strong>Viis v\u00e4rvi: millise valite?<\/strong><\/p>\n<p>Hofu baaripukk tagab mugava istumiskoha ja on rahuliku v\u00e4limusega. Seda tooli iseloomustab pigem tugev ja stabiilne disain.. See on tool, millele saad toetuda ja millest ei t\u00fcdine kergesti.<\/p>\n<p>Hofu baaripuki iste on polsterdatud kvaliteetse j\u00e4meda koega pol\u00fcestriga ja saadaval viies v\u00e4rvitoonis: Wild Walnut (helebee\u017e), Checkers Charme (helehall), Enoki (kreem), French Toast (tumebee\u017e) ja Violet Daisy (lilla) . J\u00e4me koe lisab nendele v\u00e4rvidele s\u00fcgavust ja rikkalikkust.<\/p>\n<p>Oma erinevate toonidega kangas on m\u00e4rkimisv\u00e4\u00e4rselt mitmek\u00fclgne ja ei lakka kunagi teie t\u00e4helepanu k\u00f6itmast. Yanai baaripukil on kindel iste, mis aitab teil istudes hoida p\u00fcstiasendit.<\/p>\n<p><strong>Saadaval kahes k\u00f5rguses: <\/strong><\/p>\n<ul>\n<li>Istme k\u00f5rgusega 65cm<\/li>\n<\/ul>\n<p><strong>Kogu k\u00f5rgus: <\/strong>90 cm, Laius: 49 cm, S\u00fcgavus: 53 cm<\/p>\n<p><strong>Istme m\u00f5\u00f5dud: <\/strong>Istme k\u00f5rgus: 65 cm, Istme laius: 41 cm, Istme s\u00fcgavus: 38 cm. K\u00e4etoe k\u00f5rgus (p\u00f5randast k\u00e4etoe \u00fclaosani): 74,5 cm<\/p>\n<ul>\n<li>Istme k\u00f5rgusega 75cm<\/li>\n<\/ul>\n<p><strong>Kogu k\u00f5rgus:<\/strong> 100 cm, Laius: 49 cm, S\u00fcgavus: 53 cm<\/p>\n<p><strong>Istme m\u00f5\u00f5dud:\u00a0<\/strong>Istme k\u00f5rgus: 75 cm, Istme laius: 41 cm, Istme s\u00fcgavus: 38 cm. K\u00e4etoe k\u00f5rgus (p\u00f5randast k\u00e4etoe \u00fclaosani): 85,5 cm<\/p>\n<p>&nbsp;<\/p>\n<p><strong>Materjal<\/strong><br \/>\nKangas: pol\u00fcester<br \/>\nJalad: v\u00e4rvitud metall, must<\/p>\n<p>Puhastamine: tolmuimejaga v\u00f5i harjaga. Vedelikuga kokkupuute korral kuivatage kohe. Kasutage puhastamiseks pehmet seebilahust. Loputage hoolikalt puhta veega.<\/p>\n<p>Max. koormus 130kg<\/p>","protected":false},"excerpt":{"rendered":"<p>Hofu baaripukk tagab mugava istumiskoha ja on rahuliku v\u00e4limusega. Seda tooli iseloomustab pigem tugev ja stabiilne disain.. See on tool, millele saad toetuda ja millest ei t\u00fcdine kergesti.<\/p>","protected":false},"featured_media":1851035,"comment_status":"closed","ping_status":"closed","template":"","meta":[],"product_brand":[],"product_cat":[1015,42,825,555],"product_tag":[374,719,155],"class_list":{"0":"post-1851022","1":"product","2":"type-product","3":"status-publish","4":"has-post-thumbnail","6":"product_cat-baaritoolid","7":"product_cat-kodusisustus","8":"product_cat-moobel","9":"product_cat-toolid","10":"product_tag-baaritool","11":"product_tag-jesper-home","12":"product_tag-tool","14":"first","15":"onbackorder","16":"taxable","17":"shipping-taxable","18":"purchasable","19":"product-type-variable","20":"rtwpvs-product"},"yoast_head":"<!-- This site is optimized with the Yoast SEO plugin v27.3 - https:\/\/yoast.com\/product\/yoast-seo-wordpress\/ -->\n<title>Jesper Home - baaritool Hofu - RUUBY<\/title>\n<meta name=\"robots\" content=\"index, follow, max-snippet:-1, max-image-preview:large, max-video-preview:-1\" \/>\n<link rel=\"canonical\" href=\"http:\/\/ruuby.ee\/en\/pood\/kodusisustus\/moobel\/toolid\/jesper-home-baaritool-hofu\/\" \/>\n<meta property=\"og:locale\" content=\"en_GB\" \/>\n<meta property=\"og:type\" content=\"article\" \/>\n<meta property=\"og:title\" content=\"Jesper Home - baaritool Hofu - RUUBY\" \/>\n<meta property=\"og:description\" content=\"Hofu baaripukk tagab mugava istumiskoha ja on rahuliku v\u00e4limusega. Seda tooli iseloomustab pigem tugev ja stabiilne disain.. See on tool, millele saad toetuda ja millest ei t\u00fcdine kergesti.\" \/>\n<meta property=\"og:url\" content=\"http:\/\/ruuby.ee\/en\/pood\/kodusisustus\/moobel\/toolid\/jesper-home-baaritool-hofu\/\" \/>\n<meta property=\"og:site_name\" content=\"RUUBY\" \/>\n<meta property=\"article:publisher\" content=\"https:\/\/www.facebook.com\/ruubyconcept\" \/>\n<meta property=\"article:modified_time\" content=\"2026-04-07T22:28:28+00:00\" \/>\n<meta property=\"og:image\" content=\"http:\/\/ruuby.ee\/wp-content\/uploads\/2025\/01\/Screenshot-2025-01-22-at-12.30.09.png\" \/>\n\t<meta property=\"og:image:width\" content=\"1106\" \/>\n\t<meta property=\"og:image:height\" content=\"1028\" \/>\n\t<meta property=\"og:image:type\" content=\"image\/png\" \/>\n<meta name=\"twitter:card\" content=\"summary_large_image\" \/>\n<meta name=\"twitter:label1\" content=\"Estimated reading time\" \/>\n\t<meta name=\"twitter:data1\" content=\"2 minutes\" \/>\n<script type=\"application\/ld+json\" class=\"yoast-schema-graph\">{\"@context\":\"https:\\\/\\\/schema.org\",\"@graph\":[{\"@type\":[\"WebPage\",\"ItemPage\"],\"@id\":\"http:\\\/\\\/ruuby.ee\\\/pood\\\/kodusisustus\\\/moobel\\\/toolid\\\/jesper-home-baaritool-hofu\\\/\",\"url\":\"http:\\\/\\\/ruuby.ee\\\/pood\\\/kodusisustus\\\/moobel\\\/toolid\\\/jesper-home-baaritool-hofu\\\/\",\"name\":\"Jesper Home - baaritool Hofu - RUUBY\",\"isPartOf\":{\"@id\":\"https:\\\/\\\/ruuby.ee\\\/en\\\/#website\"},\"primaryImageOfPage\":{\"@id\":\"http:\\\/\\\/ruuby.ee\\\/pood\\\/kodusisustus\\\/moobel\\\/toolid\\\/jesper-home-baaritool-hofu\\\/#primaryimage\"},\"image\":{\"@id\":\"http:\\\/\\\/ruuby.ee\\\/pood\\\/kodusisustus\\\/moobel\\\/toolid\\\/jesper-home-baaritool-hofu\\\/#primaryimage\"},\"thumbnailUrl\":\"http:\\\/\\\/ruuby.ee\\\/wp-content\\\/uploads\\\/2025\\\/01\\\/Screenshot-2025-01-22-at-12.30.09.png\",\"datePublished\":\"2025-01-22T10:12:32+00:00\",\"dateModified\":\"2026-04-07T22:28:28+00:00\",\"breadcrumb\":{\"@id\":\"http:\\\/\\\/ruuby.ee\\\/pood\\\/kodusisustus\\\/moobel\\\/toolid\\\/jesper-home-baaritool-hofu\\\/#breadcrumb\"},\"inLanguage\":\"en-GB\",\"potentialAction\":[{\"@type\":\"ReadAction\",\"target\":[\"http:\\\/\\\/ruuby.ee\\\/pood\\\/kodusisustus\\\/moobel\\\/toolid\\\/jesper-home-baaritool-hofu\\\/\"]}]},{\"@type\":\"ImageObject\",\"inLanguage\":\"en-GB\",\"@id\":\"http:\\\/\\\/ruuby.ee\\\/pood\\\/kodusisustus\\\/moobel\\\/toolid\\\/jesper-home-baaritool-hofu\\\/#primaryimage\",\"url\":\"http:\\\/\\\/ruuby.ee\\\/wp-content\\\/uploads\\\/2025\\\/01\\\/Screenshot-2025-01-22-at-12.30.09.png\",\"contentUrl\":\"http:\\\/\\\/ruuby.ee\\\/wp-content\\\/uploads\\\/2025\\\/01\\\/Screenshot-2025-01-22-at-12.30.09.png\",\"width\":1106,\"height\":1028},{\"@type\":\"BreadcrumbList\",\"@id\":\"http:\\\/\\\/ruuby.ee\\\/pood\\\/kodusisustus\\\/moobel\\\/toolid\\\/jesper-home-baaritool-hofu\\\/#breadcrumb\",\"itemListElement\":[{\"@type\":\"ListItem\",\"position\":1,\"name\":\"Kdu\",\"item\":\"https:\\\/\\\/ruuby.ee\\\/en\\\/\"},{\"@type\":\"ListItem\",\"position\":2,\"name\":\"Pood\",\"item\":\"https:\\\/\\\/ruuby.ee\\\/en\\\/pood\\\/\"},{\"@type\":\"ListItem\",\"position\":3,\"name\":\"Jesper Home &#8211; baaritool Hofu\"}]},{\"@type\":\"WebSite\",\"@id\":\"https:\\\/\\\/ruuby.ee\\\/en\\\/#website\",\"url\":\"https:\\\/\\\/ruuby.ee\\\/en\\\/\",\"name\":\"RUUBY\",\"description\":\"Ruubys on \u00fchendatud elustiil ja disain\",\"publisher\":{\"@id\":\"https:\\\/\\\/ruuby.ee\\\/en\\\/#organization\"},\"alternateName\":\"Ruuby Disain\",\"potentialAction\":[{\"@type\":\"SearchAction\",\"target\":{\"@type\":\"EntryPoint\",\"urlTemplate\":\"https:\\\/\\\/ruuby.ee\\\/en\\\/?s={search_term_string}\"},\"query-input\":{\"@type\":\"PropertyValueSpecification\",\"valueRequired\":true,\"valueName\":\"search_term_string\"}}],\"inLanguage\":\"en-GB\"},{\"@type\":\"Organization\",\"@id\":\"https:\\\/\\\/ruuby.ee\\\/en\\\/#organization\",\"name\":\"Ruuby Disain O\u00dc\",\"alternateName\":\"Ruuby\",\"url\":\"https:\\\/\\\/ruuby.ee\\\/en\\\/\",\"logo\":{\"@type\":\"ImageObject\",\"inLanguage\":\"en-GB\",\"@id\":\"https:\\\/\\\/ruuby.ee\\\/en\\\/#\\\/schema\\\/logo\\\/image\\\/\",\"url\":\"http:\\\/\\\/ruuby.ee\\\/wp-content\\\/uploads\\\/2023\\\/06\\\/cropped-Black-White-Elegant-Circle-Signature-Fashion-Logo-12_large.png\",\"contentUrl\":\"http:\\\/\\\/ruuby.ee\\\/wp-content\\\/uploads\\\/2023\\\/06\\\/cropped-Black-White-Elegant-Circle-Signature-Fashion-Logo-12_large.png\",\"width\":1280,\"height\":747,\"caption\":\"Ruuby Disain O\u00dc\"},\"image\":{\"@id\":\"https:\\\/\\\/ruuby.ee\\\/en\\\/#\\\/schema\\\/logo\\\/image\\\/\"},\"sameAs\":[\"https:\\\/\\\/www.facebook.com\\\/ruubyconcept\",\"https:\\\/\\\/www.instagram.com\\\/ruuby_concept\\\/\"]}]}<\/script>\n<!-- \/ Yoast SEO plugin. -->","yoast_head_json":{"title":"Jesper Home - baaritool Hofu - RUUBY","robots":{"index":"index","follow":"follow","max-snippet":"max-snippet:-1","max-image-preview":"max-image-preview:large","max-video-preview":"max-video-preview:-1"},"canonical":"http:\/\/ruuby.ee\/en\/pood\/kodusisustus\/moobel\/toolid\/jesper-home-baaritool-hofu\/","og_locale":"en_GB","og_type":"article","og_title":"Jesper Home - baaritool Hofu - RUUBY","og_description":"Hofu baaripukk tagab mugava istumiskoha ja on rahuliku v\u00e4limusega. Seda tooli iseloomustab pigem tugev ja stabiilne disain.. See on tool, millele saad toetuda ja millest ei t\u00fcdine kergesti.","og_url":"http:\/\/ruuby.ee\/en\/pood\/kodusisustus\/moobel\/toolid\/jesper-home-baaritool-hofu\/","og_site_name":"RUUBY","article_publisher":"https:\/\/www.facebook.com\/ruubyconcept","article_modified_time":"2026-04-07T22:28:28+00:00","og_image":[{"width":1106,"height":1028,"url":"http:\/\/ruuby.ee\/wp-content\/uploads\/2025\/01\/Screenshot-2025-01-22-at-12.30.09.png","type":"image\/png"}],"twitter_card":"summary_large_image","twitter_misc":{"Estimated reading time":"2 minutes"},"schema":{"@context":"https:\/\/schema.org","@graph":[{"@type":["WebPage","ItemPage"],"@id":"http:\/\/ruuby.ee\/pood\/kodusisustus\/moobel\/toolid\/jesper-home-baaritool-hofu\/","url":"http:\/\/ruuby.ee\/pood\/kodusisustus\/moobel\/toolid\/jesper-home-baaritool-hofu\/","name":"Jesper Home - baaritool Hofu - RUUBY","isPartOf":{"@id":"https:\/\/ruuby.ee\/en\/#website"},"primaryImageOfPage":{"@id":"http:\/\/ruuby.ee\/pood\/kodusisustus\/moobel\/toolid\/jesper-home-baaritool-hofu\/#primaryimage"},"image":{"@id":"http:\/\/ruuby.ee\/pood\/kodusisustus\/moobel\/toolid\/jesper-home-baaritool-hofu\/#primaryimage"},"thumbnailUrl":"http:\/\/ruuby.ee\/wp-content\/uploads\/2025\/01\/Screenshot-2025-01-22-at-12.30.09.png","datePublished":"2025-01-22T10:12:32+00:00","dateModified":"2026-04-07T22:28:28+00:00","breadcrumb":{"@id":"http:\/\/ruuby.ee\/pood\/kodusisustus\/moobel\/toolid\/jesper-home-baaritool-hofu\/#breadcrumb"},"inLanguage":"en-GB","potentialAction":[{"@type":"ReadAction","target":["http:\/\/ruuby.ee\/pood\/kodusisustus\/moobel\/toolid\/jesper-home-baaritool-hofu\/"]}]},{"@type":"ImageObject","inLanguage":"en-GB","@id":"http:\/\/ruuby.ee\/pood\/kodusisustus\/moobel\/toolid\/jesper-home-baaritool-hofu\/#primaryimage","url":"http:\/\/ruuby.ee\/wp-content\/uploads\/2025\/01\/Screenshot-2025-01-22-at-12.30.09.png","contentUrl":"http:\/\/ruuby.ee\/wp-content\/uploads\/2025\/01\/Screenshot-2025-01-22-at-12.30.09.png","width":1106,"height":1028},{"@type":"BreadcrumbList","@id":"http:\/\/ruuby.ee\/pood\/kodusisustus\/moobel\/toolid\/jesper-home-baaritool-hofu\/#breadcrumb","itemListElement":[{"@type":"ListItem","position":1,"name":"Kdu","item":"https:\/\/ruuby.ee\/en\/"},{"@type":"ListItem","position":2,"name":"Pood","item":"https:\/\/ruuby.ee\/en\/pood\/"},{"@type":"ListItem","position":3,"name":"Jesper Home &#8211; baaritool Hofu"}]},{"@type":"WebSite","@id":"https:\/\/ruuby.ee\/en\/#website","url":"https:\/\/ruuby.ee\/en\/","name":"RUUBY","description":"Ruubys on \u00fchendatud elustiil ja disain","publisher":{"@id":"https:\/\/ruuby.ee\/en\/#organization"},"alternateName":"Ruuby Disain","potentialAction":[{"@type":"SearchAction","target":{"@type":"EntryPoint","urlTemplate":"https:\/\/ruuby.ee\/en\/?s={search_term_string}"},"query-input":{"@type":"PropertyValueSpecification","valueRequired":true,"valueName":"search_term_string"}}],"inLanguage":"en-GB"},{"@type":"Organization","@id":"https:\/\/ruuby.ee\/en\/#organization","name":"Ruuby Disain O\u00dc","alternateName":"Ruuby","url":"https:\/\/ruuby.ee\/en\/","logo":{"@type":"ImageObject","inLanguage":"en-GB","@id":"https:\/\/ruuby.ee\/en\/#\/schema\/logo\/image\/","url":"http:\/\/ruuby.ee\/wp-content\/uploads\/2023\/06\/cropped-Black-White-Elegant-Circle-Signature-Fashion-Logo-12_large.png","contentUrl":"http:\/\/ruuby.ee\/wp-content\/uploads\/2023\/06\/cropped-Black-White-Elegant-Circle-Signature-Fashion-Logo-12_large.png","width":1280,"height":747,"caption":"Ruuby Disain O\u00dc"},"image":{"@id":"https:\/\/ruuby.ee\/en\/#\/schema\/logo\/image\/"},"sameAs":["https:\/\/www.facebook.com\/ruubyconcept","https:\/\/www.instagram.com\/ruuby_concept\/"]}]}},"jetpack_sharing_enabled":true,"_links":{"self":[{"href":"http:\/\/ruuby.ee\/en\/wp-json\/wp\/v2\/product\/1851022","targetHints":{"allow":["GET"]}}],"collection":[{"href":"http:\/\/ruuby.ee\/en\/wp-json\/wp\/v2\/product"}],"about":[{"href":"http:\/\/ruuby.ee\/en\/wp-json\/wp\/v2\/types\/product"}],"replies":[{"embeddable":true,"href":"http:\/\/ruuby.ee\/en\/wp-json\/wp\/v2\/comments?post=1851022"}],"wp:featuredmedia":[{"embeddable":true,"href":"http:\/\/ruuby.ee\/en\/wp-json\/wp\/v2\/media\/1851035"}],"wp:attachment":[{"href":"http:\/\/ruuby.ee\/en\/wp-json\/wp\/v2\/media?parent=1851022"}],"wp:term":[{"taxonomy":"product_brand","embeddable":true,"href":"http:\/\/ruuby.ee\/en\/wp-json\/wp\/v2\/product_brand?post=1851022"},{"taxonomy":"product_cat","embeddable":true,"href":"http:\/\/ruuby.ee\/en\/wp-json\/wp\/v2\/product_cat?post=1851022"},{"taxonomy":"product_tag","embeddable":true,"href":"http:\/\/ruuby.ee\/en\/wp-json\/wp\/v2\/product_tag?post=1851022"}],"curies":[{"name":"wp","href":"https:\/\/api.w.org\/{rel}","templated":true}]}}