{"id":1850976,"date":"2025-01-16T17:22:25","date_gmt":"2025-01-16T15:22:25","guid":{"rendered":"http:\/\/ruuby.ee\/?post_type=product&#038;p=1850976"},"modified":"2026-04-08T01:28:28","modified_gmt":"2026-04-07T22:28:28","slug":"muubs-vaas-soil-vanilla","status":"publish","type":"product","link":"http:\/\/ruuby.ee\/en\/pood\/kodusisustus\/vaasid\/muubs-vaas-soil-vanilla\/","title":{"rendered":"MUUBS vaas Soil &#8211; Vanilla"},"content":{"rendered":"<p>Kollektsioon Soil otsib inspiratsiooni looduse mustritest ja tekstuuridest. Pealt nagu vaniljeglasuuriga, kivikeraamika vaasi salap\u00e4rased kujundid \u00e4ratavad ellu looduse \u00f5nnistused. Koos v\u00e4rskete lillede v\u00f5i kuivatatud kaunistustega on Soil vaas imeilus nii looduslikus puitm\u00f6\u00f6bliga kui ka moodsas metallkapis.<\/p>\n<p>Kasutage vaasi eraldi, et skulptuurset kujundust t\u00f5eliselt hinnata.<\/p>\n<p>M\u00f5\u00f5dud: \u00d818XH21,5 CM<\/p>","protected":false},"excerpt":{"rendered":"<p>Kollektsioon Soil otsib inspiratsiooni looduse mustritest ja tekstuuridest. Pealt nagu vaniljeglasuuriga, kivikeraamika vaasi salap\u00e4rased kujundid \u00e4ratavad ellu looduse \u00f5nnistused. Koos v\u00e4rskete lillede v\u00f5i kuivatatud kaunistustega on Soil vaas imeilus nii looduslikus puitm\u00f6\u00f6bliga kui ka moodsas metallkapis. Kasutage vaasi eraldi, et skulptuurset kujundust t\u00f5eliselt hinnata. M\u00f5\u00f5dud: \u00d818XH21,5 CM<\/p>","protected":false},"featured_media":1850979,"comment_status":"closed","ping_status":"closed","template":"","meta":[],"product_brand":[],"product_cat":[42,62],"product_tag":[],"class_list":{"0":"post-1850976","1":"product","2":"type-product","3":"status-publish","4":"has-post-thumbnail","6":"product_cat-kodusisustus","7":"product_cat-vaasid","9":"first","10":"instock","11":"taxable","12":"shipping-taxable","13":"purchasable","14":"product-type-simple"},"yoast_head":"<!-- This site is optimized with the Yoast SEO plugin v27.3 - https:\/\/yoast.com\/product\/yoast-seo-wordpress\/ -->\n<title>MUUBS vaas Soil - Vanilla - RUUBY<\/title>\n<meta name=\"robots\" content=\"index, follow, max-snippet:-1, max-image-preview:large, max-video-preview:-1\" \/>\n<link rel=\"canonical\" href=\"http:\/\/ruuby.ee\/en\/pood\/kodusisustus\/vaasid\/muubs-vaas-soil-vanilla\/\" \/>\n<meta property=\"og:locale\" content=\"en_GB\" \/>\n<meta property=\"og:type\" content=\"article\" \/>\n<meta property=\"og:title\" content=\"MUUBS vaas Soil - Vanilla - RUUBY\" \/>\n<meta property=\"og:description\" content=\"Kollektsioon Soil otsib inspiratsiooni looduse mustritest ja tekstuuridest. Pealt nagu vaniljeglasuuriga, kivikeraamika vaasi salap\u00e4rased kujundid \u00e4ratavad ellu looduse \u00f5nnistused. Koos v\u00e4rskete lillede v\u00f5i kuivatatud kaunistustega on Soil vaas imeilus nii looduslikus puitm\u00f6\u00f6bliga kui ka moodsas metallkapis. Kasutage vaasi eraldi, et skulptuurset kujundust t\u00f5eliselt hinnata. M\u00f5\u00f5dud: \u00d818XH21,5 CM\" \/>\n<meta property=\"og:url\" content=\"http:\/\/ruuby.ee\/en\/pood\/kodusisustus\/vaasid\/muubs-vaas-soil-vanilla\/\" \/>\n<meta property=\"og:site_name\" content=\"RUUBY\" \/>\n<meta property=\"article:publisher\" content=\"https:\/\/www.facebook.com\/ruubyconcept\" \/>\n<meta property=\"article:modified_time\" content=\"2026-04-07T22:28:28+00:00\" \/>\n<meta property=\"og:image\" content=\"http:\/\/ruuby.ee\/wp-content\/uploads\/2025\/01\/Screenshot-2025-01-16-at-17.22.09.png\" \/>\n\t<meta property=\"og:image:width\" content=\"1056\" \/>\n\t<meta property=\"og:image:height\" content=\"1232\" \/>\n\t<meta property=\"og:image:type\" content=\"image\/png\" \/>\n<meta name=\"twitter:card\" content=\"summary_large_image\" \/>\n<meta name=\"twitter:label1\" content=\"Estimated reading time\" \/>\n\t<meta name=\"twitter:data1\" content=\"1 minute\" \/>\n<script type=\"application\/ld+json\" class=\"yoast-schema-graph\">{\"@context\":\"https:\\\/\\\/schema.org\",\"@graph\":[{\"@type\":[\"WebPage\",\"ItemPage\"],\"@id\":\"http:\\\/\\\/ruuby.ee\\\/en\\\/pood\\\/kodusisustus\\\/vaasid\\\/muubs-vaas-soil-vanilla\\\/\",\"url\":\"http:\\\/\\\/ruuby.ee\\\/en\\\/pood\\\/kodusisustus\\\/vaasid\\\/muubs-vaas-soil-vanilla\\\/\",\"name\":\"MUUBS vaas Soil - Vanilla - RUUBY\",\"isPartOf\":{\"@id\":\"http:\\\/\\\/ruuby.ee\\\/en\\\/#website\"},\"primaryImageOfPage\":{\"@id\":\"http:\\\/\\\/ruuby.ee\\\/en\\\/pood\\\/kodusisustus\\\/vaasid\\\/muubs-vaas-soil-vanilla\\\/#primaryimage\"},\"image\":{\"@id\":\"http:\\\/\\\/ruuby.ee\\\/en\\\/pood\\\/kodusisustus\\\/vaasid\\\/muubs-vaas-soil-vanilla\\\/#primaryimage\"},\"thumbnailUrl\":\"http:\\\/\\\/ruuby.ee\\\/wp-content\\\/uploads\\\/2025\\\/01\\\/Screenshot-2025-01-16-at-17.22.09.png\",\"datePublished\":\"2025-01-16T15:22:25+00:00\",\"dateModified\":\"2026-04-07T22:28:28+00:00\",\"breadcrumb\":{\"@id\":\"http:\\\/\\\/ruuby.ee\\\/en\\\/pood\\\/kodusisustus\\\/vaasid\\\/muubs-vaas-soil-vanilla\\\/#breadcrumb\"},\"inLanguage\":\"en-GB\",\"potentialAction\":[{\"@type\":\"ReadAction\",\"target\":[\"http:\\\/\\\/ruuby.ee\\\/en\\\/pood\\\/kodusisustus\\\/vaasid\\\/muubs-vaas-soil-vanilla\\\/\"]}]},{\"@type\":\"ImageObject\",\"inLanguage\":\"en-GB\",\"@id\":\"http:\\\/\\\/ruuby.ee\\\/en\\\/pood\\\/kodusisustus\\\/vaasid\\\/muubs-vaas-soil-vanilla\\\/#primaryimage\",\"url\":\"http:\\\/\\\/ruuby.ee\\\/wp-content\\\/uploads\\\/2025\\\/01\\\/Screenshot-2025-01-16-at-17.22.09.png\",\"contentUrl\":\"http:\\\/\\\/ruuby.ee\\\/wp-content\\\/uploads\\\/2025\\\/01\\\/Screenshot-2025-01-16-at-17.22.09.png\",\"width\":1056,\"height\":1232},{\"@type\":\"BreadcrumbList\",\"@id\":\"http:\\\/\\\/ruuby.ee\\\/en\\\/pood\\\/kodusisustus\\\/vaasid\\\/muubs-vaas-soil-vanilla\\\/#breadcrumb\",\"itemListElement\":[{\"@type\":\"ListItem\",\"position\":1,\"name\":\"Kdu\",\"item\":\"http:\\\/\\\/ruuby.ee\\\/en\\\/\"},{\"@type\":\"ListItem\",\"position\":2,\"name\":\"Pood\",\"item\":\"http:\\\/\\\/ruuby.ee\\\/en\\\/pood\\\/\"},{\"@type\":\"ListItem\",\"position\":3,\"name\":\"MUUBS vaas Soil &#8211; Vanilla\"}]},{\"@type\":\"WebSite\",\"@id\":\"http:\\\/\\\/ruuby.ee\\\/en\\\/#website\",\"url\":\"http:\\\/\\\/ruuby.ee\\\/en\\\/\",\"name\":\"RUUBY\",\"description\":\"Ruubys on \u00fchendatud elustiil ja disain\",\"publisher\":{\"@id\":\"http:\\\/\\\/ruuby.ee\\\/en\\\/#organization\"},\"alternateName\":\"Ruuby Disain\",\"potentialAction\":[{\"@type\":\"SearchAction\",\"target\":{\"@type\":\"EntryPoint\",\"urlTemplate\":\"http:\\\/\\\/ruuby.ee\\\/en\\\/?s={search_term_string}\"},\"query-input\":{\"@type\":\"PropertyValueSpecification\",\"valueRequired\":true,\"valueName\":\"search_term_string\"}}],\"inLanguage\":\"en-GB\"},{\"@type\":\"Organization\",\"@id\":\"http:\\\/\\\/ruuby.ee\\\/en\\\/#organization\",\"name\":\"Ruuby Disain O\u00dc\",\"alternateName\":\"Ruuby\",\"url\":\"http:\\\/\\\/ruuby.ee\\\/en\\\/\",\"logo\":{\"@type\":\"ImageObject\",\"inLanguage\":\"en-GB\",\"@id\":\"http:\\\/\\\/ruuby.ee\\\/en\\\/#\\\/schema\\\/logo\\\/image\\\/\",\"url\":\"http:\\\/\\\/ruuby.ee\\\/wp-content\\\/uploads\\\/2023\\\/06\\\/cropped-Black-White-Elegant-Circle-Signature-Fashion-Logo-12_large.png\",\"contentUrl\":\"http:\\\/\\\/ruuby.ee\\\/wp-content\\\/uploads\\\/2023\\\/06\\\/cropped-Black-White-Elegant-Circle-Signature-Fashion-Logo-12_large.png\",\"width\":1280,\"height\":747,\"caption\":\"Ruuby Disain O\u00dc\"},\"image\":{\"@id\":\"http:\\\/\\\/ruuby.ee\\\/en\\\/#\\\/schema\\\/logo\\\/image\\\/\"},\"sameAs\":[\"https:\\\/\\\/www.facebook.com\\\/ruubyconcept\",\"https:\\\/\\\/www.instagram.com\\\/ruuby_concept\\\/\"]}]}<\/script>\n<!-- \/ Yoast SEO plugin. -->","yoast_head_json":{"title":"MUUBS vaas Soil - Vanilla - RUUBY","robots":{"index":"index","follow":"follow","max-snippet":"max-snippet:-1","max-image-preview":"max-image-preview:large","max-video-preview":"max-video-preview:-1"},"canonical":"http:\/\/ruuby.ee\/en\/pood\/kodusisustus\/vaasid\/muubs-vaas-soil-vanilla\/","og_locale":"en_GB","og_type":"article","og_title":"MUUBS vaas Soil - Vanilla - RUUBY","og_description":"Kollektsioon Soil otsib inspiratsiooni looduse mustritest ja tekstuuridest. Pealt nagu vaniljeglasuuriga, kivikeraamika vaasi salap\u00e4rased kujundid \u00e4ratavad ellu looduse \u00f5nnistused. Koos v\u00e4rskete lillede v\u00f5i kuivatatud kaunistustega on Soil vaas imeilus nii looduslikus puitm\u00f6\u00f6bliga kui ka moodsas metallkapis. Kasutage vaasi eraldi, et skulptuurset kujundust t\u00f5eliselt hinnata. M\u00f5\u00f5dud: \u00d818XH21,5 CM","og_url":"http:\/\/ruuby.ee\/en\/pood\/kodusisustus\/vaasid\/muubs-vaas-soil-vanilla\/","og_site_name":"RUUBY","article_publisher":"https:\/\/www.facebook.com\/ruubyconcept","article_modified_time":"2026-04-07T22:28:28+00:00","og_image":[{"width":1056,"height":1232,"url":"http:\/\/ruuby.ee\/wp-content\/uploads\/2025\/01\/Screenshot-2025-01-16-at-17.22.09.png","type":"image\/png"}],"twitter_card":"summary_large_image","twitter_misc":{"Estimated reading time":"1 minute"},"schema":{"@context":"https:\/\/schema.org","@graph":[{"@type":["WebPage","ItemPage"],"@id":"http:\/\/ruuby.ee\/en\/pood\/kodusisustus\/vaasid\/muubs-vaas-soil-vanilla\/","url":"http:\/\/ruuby.ee\/en\/pood\/kodusisustus\/vaasid\/muubs-vaas-soil-vanilla\/","name":"MUUBS vaas Soil - Vanilla - RUUBY","isPartOf":{"@id":"http:\/\/ruuby.ee\/en\/#website"},"primaryImageOfPage":{"@id":"http:\/\/ruuby.ee\/en\/pood\/kodusisustus\/vaasid\/muubs-vaas-soil-vanilla\/#primaryimage"},"image":{"@id":"http:\/\/ruuby.ee\/en\/pood\/kodusisustus\/vaasid\/muubs-vaas-soil-vanilla\/#primaryimage"},"thumbnailUrl":"http:\/\/ruuby.ee\/wp-content\/uploads\/2025\/01\/Screenshot-2025-01-16-at-17.22.09.png","datePublished":"2025-01-16T15:22:25+00:00","dateModified":"2026-04-07T22:28:28+00:00","breadcrumb":{"@id":"http:\/\/ruuby.ee\/en\/pood\/kodusisustus\/vaasid\/muubs-vaas-soil-vanilla\/#breadcrumb"},"inLanguage":"en-GB","potentialAction":[{"@type":"ReadAction","target":["http:\/\/ruuby.ee\/en\/pood\/kodusisustus\/vaasid\/muubs-vaas-soil-vanilla\/"]}]},{"@type":"ImageObject","inLanguage":"en-GB","@id":"http:\/\/ruuby.ee\/en\/pood\/kodusisustus\/vaasid\/muubs-vaas-soil-vanilla\/#primaryimage","url":"http:\/\/ruuby.ee\/wp-content\/uploads\/2025\/01\/Screenshot-2025-01-16-at-17.22.09.png","contentUrl":"http:\/\/ruuby.ee\/wp-content\/uploads\/2025\/01\/Screenshot-2025-01-16-at-17.22.09.png","width":1056,"height":1232},{"@type":"BreadcrumbList","@id":"http:\/\/ruuby.ee\/en\/pood\/kodusisustus\/vaasid\/muubs-vaas-soil-vanilla\/#breadcrumb","itemListElement":[{"@type":"ListItem","position":1,"name":"Kdu","item":"http:\/\/ruuby.ee\/en\/"},{"@type":"ListItem","position":2,"name":"Pood","item":"http:\/\/ruuby.ee\/en\/pood\/"},{"@type":"ListItem","position":3,"name":"MUUBS vaas Soil &#8211; Vanilla"}]},{"@type":"WebSite","@id":"http:\/\/ruuby.ee\/en\/#website","url":"http:\/\/ruuby.ee\/en\/","name":"RUUBY","description":"Ruubys on \u00fchendatud elustiil ja disain","publisher":{"@id":"http:\/\/ruuby.ee\/en\/#organization"},"alternateName":"Ruuby Disain","potentialAction":[{"@type":"SearchAction","target":{"@type":"EntryPoint","urlTemplate":"http:\/\/ruuby.ee\/en\/?s={search_term_string}"},"query-input":{"@type":"PropertyValueSpecification","valueRequired":true,"valueName":"search_term_string"}}],"inLanguage":"en-GB"},{"@type":"Organization","@id":"http:\/\/ruuby.ee\/en\/#organization","name":"Ruuby Disain O\u00dc","alternateName":"Ruuby","url":"http:\/\/ruuby.ee\/en\/","logo":{"@type":"ImageObject","inLanguage":"en-GB","@id":"http:\/\/ruuby.ee\/en\/#\/schema\/logo\/image\/","url":"http:\/\/ruuby.ee\/wp-content\/uploads\/2023\/06\/cropped-Black-White-Elegant-Circle-Signature-Fashion-Logo-12_large.png","contentUrl":"http:\/\/ruuby.ee\/wp-content\/uploads\/2023\/06\/cropped-Black-White-Elegant-Circle-Signature-Fashion-Logo-12_large.png","width":1280,"height":747,"caption":"Ruuby Disain O\u00dc"},"image":{"@id":"http:\/\/ruuby.ee\/en\/#\/schema\/logo\/image\/"},"sameAs":["https:\/\/www.facebook.com\/ruubyconcept","https:\/\/www.instagram.com\/ruuby_concept\/"]}]}},"jetpack_sharing_enabled":true,"_links":{"self":[{"href":"http:\/\/ruuby.ee\/en\/wp-json\/wp\/v2\/product\/1850976","targetHints":{"allow":["GET"]}}],"collection":[{"href":"http:\/\/ruuby.ee\/en\/wp-json\/wp\/v2\/product"}],"about":[{"href":"http:\/\/ruuby.ee\/en\/wp-json\/wp\/v2\/types\/product"}],"replies":[{"embeddable":true,"href":"http:\/\/ruuby.ee\/en\/wp-json\/wp\/v2\/comments?post=1850976"}],"wp:featuredmedia":[{"embeddable":true,"href":"http:\/\/ruuby.ee\/en\/wp-json\/wp\/v2\/media\/1850979"}],"wp:attachment":[{"href":"http:\/\/ruuby.ee\/en\/wp-json\/wp\/v2\/media?parent=1850976"}],"wp:term":[{"taxonomy":"product_brand","embeddable":true,"href":"http:\/\/ruuby.ee\/en\/wp-json\/wp\/v2\/product_brand?post=1850976"},{"taxonomy":"product_cat","embeddable":true,"href":"http:\/\/ruuby.ee\/en\/wp-json\/wp\/v2\/product_cat?post=1850976"},{"taxonomy":"product_tag","embeddable":true,"href":"http:\/\/ruuby.ee\/en\/wp-json\/wp\/v2\/product_tag?post=1850976"}],"curies":[{"name":"wp","href":"https:\/\/api.w.org\/{rel}","templated":true}]}}