{"id":1850628,"date":"2024-12-05T13:11:42","date_gmt":"2024-12-05T11:11:42","guid":{"rendered":"http:\/\/ruuby.ee\/?post_type=product&#038;p=1850628"},"modified":"2026-04-04T01:24:54","modified_gmt":"2026-04-03T22:24:54","slug":"uyuni-lighting-led-teekuunal-valge-39-x-h2cm","status":"publish","type":"product","link":"http:\/\/ruuby.ee\/en\/pood\/joulueri\/joulukuunlad\/uyuni-lighting-led-teekuunal-valge-39-x-h2cm\/","title":{"rendered":"Uyuni Lighting &#8211; LED teek\u00fc\u00fcnal, valge 3,9 x H2cm"},"content":{"rendered":"<p>Uyuni k\u00fc\u00fcnlad on oma esteetika poolest traditsioonilised, puudutades luksuslikud ja oma mehaanika poolest uuenduslikud. 3D-leek on esimene omataoline ja Uyuni k\u00fc\u00fcnlad pakuvad praktilisust, mis eristab neid kaugjuhtimispuldi funktsionaalsusega, v\u00f5imaldades kasutajatel iga k\u00fc\u00fcnla distantsilt sisse ja v\u00e4lja l\u00fclitada v\u00f5i vastavalt soovile h\u00e4mardada. Meie k\u00fc\u00fcnlad pakuvad mitut taimeri valikut, vahemikus 4 kuni 10 tundi, nii et saate m\u00e4\u00e4rata ideaalse kestuse igaks s\u00fcndmuseks. K\u00f5igi k\u00fc\u00fcnalde korraga sisse-\/v\u00e4ljal\u00fclitamise funktsiooniga saate h\u00f5lpsalt luua rahuliku \u00f5hkkonna \u00fche puudutusega, reguleerides s\u00e4ra ja s\u00e4tteid k\u00f5ikjal ruumis.<\/p>\n<ul>\n<li>L\u00f5hnatu<\/li>\n<li>Suurused v\u00f5ivad varieeruda kuni 2 mm<\/li>\n<li>Otsese p\u00e4ikesevalguse ja k\u00fclma k\u00e4es viibimine kahjustab toodet<\/li>\n<li>Sisseehitatud 6-tunnine taimer<\/li>\n<li>Kasutada CR2477 (komplektis kaasas) t\u00f6\u00f6iga ~120 tundi<\/li>\n<li>ABS plastik<\/li>\n<\/ul>\n<p>M\u00f5\u00f5dud: W3,9 x H2cm (leek 2,8cm)<\/p>\n<p>Saab kasutada koos <span style=\"color: #333399;\"><a style=\"color: #333399;\" href=\"https:\/\/koopia.ruuby.ee\/pood\/kodusisustus\/kuunlad\/led-kuunlad\/uyuni-lighting-kaugjuhtimispult-must\/\">Uyuni kaugjuhtimispuldiga<\/a><\/span> (m\u00fc\u00fcakse eraldi): 4 taimeri valikud: 4, 6, 8 ja 10 tundi ja 3 dimmeri valikut. Kaugjuhtimispulti tuleb hoida v\u00e4rvilistele k\u00fc\u00fcnaldele l\u00e4hemal kui valgetele k\u00fc\u00fcnaldele, et neid juhtida.<\/p>\n<p>&nbsp;<\/p>","protected":false},"excerpt":{"rendered":"<p>LED k\u00fc\u00fcnlad UYUNI poolt on n\u00fc\u00fcd kohal!<\/p>\n<p>Teek\u00fc\u00fcnalde k\u00fc\u00fcnal v\u00f5ib olla eraldiseisev valgusallikas v\u00f5i teek\u00fc\u00fcnaldega \u00fchises r\u00fchmas, et luua valguse m\u00e4ng. V\u00f5belev LED-tuli loob \u00f5hkkonna kaunilt ja hubaselt.<\/p>\n<p>&nbsp;<\/p>","protected":false},"featured_media":1850629,"comment_status":"closed","ping_status":"closed","template":"","meta":[],"product_brand":[],"product_cat":[491,951,42,54,946],"product_tag":[],"class_list":{"0":"post-1850628","1":"product","2":"type-product","3":"status-publish","4":"has-post-thumbnail","6":"product_cat-joulueri","7":"product_cat-joulukuunlad","8":"product_cat-kodusisustus","9":"product_cat-kuunlad","10":"product_cat-led-kuunlad","12":"first","13":"instock","14":"taxable","15":"shipping-taxable","16":"purchasable","17":"product-type-simple"},"yoast_head":"<!-- This site is optimized with the Yoast SEO plugin v27.2 - https:\/\/yoast.com\/product\/yoast-seo-wordpress\/ -->\n<title>Uyuni Lighting - LED teek\u00fc\u00fcnal, valge 3,9 x H2cm - RUUBY<\/title>\n<meta name=\"robots\" content=\"index, follow, max-snippet:-1, max-image-preview:large, max-video-preview:-1\" \/>\n<link rel=\"canonical\" href=\"http:\/\/ruuby.ee\/en\/pood\/joulueri\/joulukuunlad\/uyuni-lighting-led-teekuunal-valge-39-x-h2cm\/\" \/>\n<meta property=\"og:locale\" content=\"en_GB\" \/>\n<meta property=\"og:type\" content=\"article\" \/>\n<meta property=\"og:title\" content=\"Uyuni Lighting - LED teek\u00fc\u00fcnal, valge 3,9 x H2cm - RUUBY\" \/>\n<meta property=\"og:description\" content=\"LED k\u00fc\u00fcnlad UYUNI poolt on n\u00fc\u00fcd kohal!  Teek\u00fc\u00fcnalde k\u00fc\u00fcnal v\u00f5ib olla eraldiseisev valgusallikas v\u00f5i teek\u00fc\u00fcnaldega \u00fchises r\u00fchmas, et luua valguse m\u00e4ng. V\u00f5belev LED-tuli loob \u00f5hkkonna kaunilt ja hubaselt.  &nbsp;\" \/>\n<meta property=\"og:url\" content=\"http:\/\/ruuby.ee\/en\/pood\/joulueri\/joulukuunlad\/uyuni-lighting-led-teekuunal-valge-39-x-h2cm\/\" \/>\n<meta property=\"og:site_name\" content=\"RUUBY\" \/>\n<meta property=\"article:publisher\" content=\"https:\/\/www.facebook.com\/ruubyconcept\" \/>\n<meta property=\"article:modified_time\" content=\"2026-04-03T22:24:54+00:00\" \/>\n<meta property=\"og:image\" content=\"http:\/\/ruuby.ee\/wp-content\/uploads\/2024\/12\/Screenshot-2024-12-05-at-13.11.30-952x1024.png\" \/>\n\t<meta property=\"og:image:width\" content=\"952\" \/>\n\t<meta property=\"og:image:height\" content=\"1024\" \/>\n\t<meta property=\"og:image:type\" content=\"image\/png\" \/>\n<meta name=\"twitter:card\" content=\"summary_large_image\" \/>\n<meta name=\"twitter:label1\" content=\"Estimated reading time\" \/>\n\t<meta name=\"twitter:data1\" content=\"1 minute\" \/>\n<script type=\"application\/ld+json\" class=\"yoast-schema-graph\">{\"@context\":\"https:\/\/schema.org\",\"@graph\":[{\"@type\":[\"WebPage\",\"ItemPage\"],\"@id\":\"http:\/\/ruuby.ee\/en\/pood\/joulueri\/joulukuunlad\/uyuni-lighting-led-teekuunal-valge-39-x-h2cm\/\",\"url\":\"http:\/\/ruuby.ee\/en\/pood\/joulueri\/joulukuunlad\/uyuni-lighting-led-teekuunal-valge-39-x-h2cm\/\",\"name\":\"Uyuni Lighting - LED teek\u00fc\u00fcnal, valge 3,9 x H2cm - RUUBY\",\"isPartOf\":{\"@id\":\"https:\/\/ruuby.ee\/en\/#website\"},\"primaryImageOfPage\":{\"@id\":\"http:\/\/ruuby.ee\/en\/pood\/joulueri\/joulukuunlad\/uyuni-lighting-led-teekuunal-valge-39-x-h2cm\/#primaryimage\"},\"image\":{\"@id\":\"http:\/\/ruuby.ee\/en\/pood\/joulueri\/joulukuunlad\/uyuni-lighting-led-teekuunal-valge-39-x-h2cm\/#primaryimage\"},\"thumbnailUrl\":\"http:\/\/ruuby.ee\/wp-content\/uploads\/2024\/12\/Screenshot-2024-12-05-at-13.11.30.png\",\"datePublished\":\"2024-12-05T11:11:42+00:00\",\"dateModified\":\"2026-04-03T22:24:54+00:00\",\"breadcrumb\":{\"@id\":\"http:\/\/ruuby.ee\/en\/pood\/joulueri\/joulukuunlad\/uyuni-lighting-led-teekuunal-valge-39-x-h2cm\/#breadcrumb\"},\"inLanguage\":\"en-GB\",\"potentialAction\":[{\"@type\":\"ReadAction\",\"target\":[\"http:\/\/ruuby.ee\/en\/pood\/joulueri\/joulukuunlad\/uyuni-lighting-led-teekuunal-valge-39-x-h2cm\/\"]}]},{\"@type\":\"ImageObject\",\"inLanguage\":\"en-GB\",\"@id\":\"http:\/\/ruuby.ee\/en\/pood\/joulueri\/joulukuunlad\/uyuni-lighting-led-teekuunal-valge-39-x-h2cm\/#primaryimage\",\"url\":\"http:\/\/ruuby.ee\/wp-content\/uploads\/2024\/12\/Screenshot-2024-12-05-at-13.11.30.png\",\"contentUrl\":\"http:\/\/ruuby.ee\/wp-content\/uploads\/2024\/12\/Screenshot-2024-12-05-at-13.11.30.png\",\"width\":1106,\"height\":1190},{\"@type\":\"BreadcrumbList\",\"@id\":\"http:\/\/ruuby.ee\/en\/pood\/joulueri\/joulukuunlad\/uyuni-lighting-led-teekuunal-valge-39-x-h2cm\/#breadcrumb\",\"itemListElement\":[{\"@type\":\"ListItem\",\"position\":1,\"name\":\"Kdu\",\"item\":\"https:\/\/ruuby.ee\/en\/\"},{\"@type\":\"ListItem\",\"position\":2,\"name\":\"Pood\",\"item\":\"https:\/\/ruuby.ee\/pood\/\"},{\"@type\":\"ListItem\",\"position\":3,\"name\":\"Uyuni Lighting &#8211; LED teek\u00fc\u00fcnal, valge 3,9 x H2cm\"}]},{\"@type\":\"WebSite\",\"@id\":\"https:\/\/ruuby.ee\/en\/#website\",\"url\":\"https:\/\/ruuby.ee\/en\/\",\"name\":\"RUUBY\",\"description\":\"Ruubys on \u00fchendatud elustiil ja disain\",\"publisher\":{\"@id\":\"https:\/\/ruuby.ee\/en\/#organization\"},\"alternateName\":\"Ruuby Disain\",\"potentialAction\":[{\"@type\":\"SearchAction\",\"target\":{\"@type\":\"EntryPoint\",\"urlTemplate\":\"https:\/\/ruuby.ee\/en\/?s={search_term_string}\"},\"query-input\":{\"@type\":\"PropertyValueSpecification\",\"valueRequired\":true,\"valueName\":\"search_term_string\"}}],\"inLanguage\":\"en-GB\"},{\"@type\":\"Organization\",\"@id\":\"https:\/\/ruuby.ee\/en\/#organization\",\"name\":\"Ruuby Disain O\u00dc\",\"alternateName\":\"Ruuby\",\"url\":\"https:\/\/ruuby.ee\/en\/\",\"logo\":{\"@type\":\"ImageObject\",\"inLanguage\":\"en-GB\",\"@id\":\"https:\/\/ruuby.ee\/en\/#\/schema\/logo\/image\/\",\"url\":\"http:\/\/ruuby.ee\/wp-content\/uploads\/2023\/06\/cropped-Black-White-Elegant-Circle-Signature-Fashion-Logo-12_large.png\",\"contentUrl\":\"http:\/\/ruuby.ee\/wp-content\/uploads\/2023\/06\/cropped-Black-White-Elegant-Circle-Signature-Fashion-Logo-12_large.png\",\"width\":1280,\"height\":747,\"caption\":\"Ruuby Disain O\u00dc\"},\"image\":{\"@id\":\"https:\/\/ruuby.ee\/en\/#\/schema\/logo\/image\/\"},\"sameAs\":[\"https:\/\/www.facebook.com\/ruubyconcept\",\"https:\/\/www.instagram.com\/ruuby_concept\/\"]}]}<\/script>\n<!-- \/ Yoast SEO plugin. -->","yoast_head_json":{"title":"Uyuni Lighting - LED teek\u00fc\u00fcnal, valge 3,9 x H2cm - RUUBY","robots":{"index":"index","follow":"follow","max-snippet":"max-snippet:-1","max-image-preview":"max-image-preview:large","max-video-preview":"max-video-preview:-1"},"canonical":"http:\/\/ruuby.ee\/en\/pood\/joulueri\/joulukuunlad\/uyuni-lighting-led-teekuunal-valge-39-x-h2cm\/","og_locale":"en_GB","og_type":"article","og_title":"Uyuni Lighting - LED teek\u00fc\u00fcnal, valge 3,9 x H2cm - RUUBY","og_description":"LED k\u00fc\u00fcnlad UYUNI poolt on n\u00fc\u00fcd kohal!  Teek\u00fc\u00fcnalde k\u00fc\u00fcnal v\u00f5ib olla eraldiseisev valgusallikas v\u00f5i teek\u00fc\u00fcnaldega \u00fchises r\u00fchmas, et luua valguse m\u00e4ng. V\u00f5belev LED-tuli loob \u00f5hkkonna kaunilt ja hubaselt.  &nbsp;","og_url":"http:\/\/ruuby.ee\/en\/pood\/joulueri\/joulukuunlad\/uyuni-lighting-led-teekuunal-valge-39-x-h2cm\/","og_site_name":"RUUBY","article_publisher":"https:\/\/www.facebook.com\/ruubyconcept","article_modified_time":"2026-04-03T22:24:54+00:00","og_image":[{"width":952,"height":1024,"url":"http:\/\/ruuby.ee\/wp-content\/uploads\/2024\/12\/Screenshot-2024-12-05-at-13.11.30-952x1024.png","type":"image\/png"}],"twitter_card":"summary_large_image","twitter_misc":{"Estimated reading time":"1 minute"},"schema":{"@context":"https:\/\/schema.org","@graph":[{"@type":["WebPage","ItemPage"],"@id":"http:\/\/ruuby.ee\/en\/pood\/joulueri\/joulukuunlad\/uyuni-lighting-led-teekuunal-valge-39-x-h2cm\/","url":"http:\/\/ruuby.ee\/en\/pood\/joulueri\/joulukuunlad\/uyuni-lighting-led-teekuunal-valge-39-x-h2cm\/","name":"Uyuni Lighting - LED teek\u00fc\u00fcnal, valge 3,9 x H2cm - RUUBY","isPartOf":{"@id":"https:\/\/ruuby.ee\/en\/#website"},"primaryImageOfPage":{"@id":"http:\/\/ruuby.ee\/en\/pood\/joulueri\/joulukuunlad\/uyuni-lighting-led-teekuunal-valge-39-x-h2cm\/#primaryimage"},"image":{"@id":"http:\/\/ruuby.ee\/en\/pood\/joulueri\/joulukuunlad\/uyuni-lighting-led-teekuunal-valge-39-x-h2cm\/#primaryimage"},"thumbnailUrl":"http:\/\/ruuby.ee\/wp-content\/uploads\/2024\/12\/Screenshot-2024-12-05-at-13.11.30.png","datePublished":"2024-12-05T11:11:42+00:00","dateModified":"2026-04-03T22:24:54+00:00","breadcrumb":{"@id":"http:\/\/ruuby.ee\/en\/pood\/joulueri\/joulukuunlad\/uyuni-lighting-led-teekuunal-valge-39-x-h2cm\/#breadcrumb"},"inLanguage":"en-GB","potentialAction":[{"@type":"ReadAction","target":["http:\/\/ruuby.ee\/en\/pood\/joulueri\/joulukuunlad\/uyuni-lighting-led-teekuunal-valge-39-x-h2cm\/"]}]},{"@type":"ImageObject","inLanguage":"en-GB","@id":"http:\/\/ruuby.ee\/en\/pood\/joulueri\/joulukuunlad\/uyuni-lighting-led-teekuunal-valge-39-x-h2cm\/#primaryimage","url":"http:\/\/ruuby.ee\/wp-content\/uploads\/2024\/12\/Screenshot-2024-12-05-at-13.11.30.png","contentUrl":"http:\/\/ruuby.ee\/wp-content\/uploads\/2024\/12\/Screenshot-2024-12-05-at-13.11.30.png","width":1106,"height":1190},{"@type":"BreadcrumbList","@id":"http:\/\/ruuby.ee\/en\/pood\/joulueri\/joulukuunlad\/uyuni-lighting-led-teekuunal-valge-39-x-h2cm\/#breadcrumb","itemListElement":[{"@type":"ListItem","position":1,"name":"Kdu","item":"https:\/\/ruuby.ee\/en\/"},{"@type":"ListItem","position":2,"name":"Pood","item":"https:\/\/ruuby.ee\/pood\/"},{"@type":"ListItem","position":3,"name":"Uyuni Lighting &#8211; LED teek\u00fc\u00fcnal, valge 3,9 x H2cm"}]},{"@type":"WebSite","@id":"https:\/\/ruuby.ee\/en\/#website","url":"https:\/\/ruuby.ee\/en\/","name":"RUUBY","description":"Ruubys on \u00fchendatud elustiil ja disain","publisher":{"@id":"https:\/\/ruuby.ee\/en\/#organization"},"alternateName":"Ruuby Disain","potentialAction":[{"@type":"SearchAction","target":{"@type":"EntryPoint","urlTemplate":"https:\/\/ruuby.ee\/en\/?s={search_term_string}"},"query-input":{"@type":"PropertyValueSpecification","valueRequired":true,"valueName":"search_term_string"}}],"inLanguage":"en-GB"},{"@type":"Organization","@id":"https:\/\/ruuby.ee\/en\/#organization","name":"Ruuby Disain O\u00dc","alternateName":"Ruuby","url":"https:\/\/ruuby.ee\/en\/","logo":{"@type":"ImageObject","inLanguage":"en-GB","@id":"https:\/\/ruuby.ee\/en\/#\/schema\/logo\/image\/","url":"http:\/\/ruuby.ee\/wp-content\/uploads\/2023\/06\/cropped-Black-White-Elegant-Circle-Signature-Fashion-Logo-12_large.png","contentUrl":"http:\/\/ruuby.ee\/wp-content\/uploads\/2023\/06\/cropped-Black-White-Elegant-Circle-Signature-Fashion-Logo-12_large.png","width":1280,"height":747,"caption":"Ruuby Disain O\u00dc"},"image":{"@id":"https:\/\/ruuby.ee\/en\/#\/schema\/logo\/image\/"},"sameAs":["https:\/\/www.facebook.com\/ruubyconcept","https:\/\/www.instagram.com\/ruuby_concept\/"]}]}},"jetpack_sharing_enabled":true,"_links":{"self":[{"href":"http:\/\/ruuby.ee\/en\/wp-json\/wp\/v2\/product\/1850628","targetHints":{"allow":["GET"]}}],"collection":[{"href":"http:\/\/ruuby.ee\/en\/wp-json\/wp\/v2\/product"}],"about":[{"href":"http:\/\/ruuby.ee\/en\/wp-json\/wp\/v2\/types\/product"}],"replies":[{"embeddable":true,"href":"http:\/\/ruuby.ee\/en\/wp-json\/wp\/v2\/comments?post=1850628"}],"wp:featuredmedia":[{"embeddable":true,"href":"http:\/\/ruuby.ee\/en\/wp-json\/wp\/v2\/media\/1850629"}],"wp:attachment":[{"href":"http:\/\/ruuby.ee\/en\/wp-json\/wp\/v2\/media?parent=1850628"}],"wp:term":[{"taxonomy":"product_brand","embeddable":true,"href":"http:\/\/ruuby.ee\/en\/wp-json\/wp\/v2\/product_brand?post=1850628"},{"taxonomy":"product_cat","embeddable":true,"href":"http:\/\/ruuby.ee\/en\/wp-json\/wp\/v2\/product_cat?post=1850628"},{"taxonomy":"product_tag","embeddable":true,"href":"http:\/\/ruuby.ee\/en\/wp-json\/wp\/v2\/product_tag?post=1850628"}],"curies":[{"name":"wp","href":"https:\/\/api.w.org\/{rel}","templated":true}]}}