{"id":1850620,"date":"2024-12-03T16:50:41","date_gmt":"2024-12-03T14:50:41","guid":{"rendered":"http:\/\/ruuby.ee\/?post_type=product&#038;p=1850620"},"modified":"2026-04-04T01:24:54","modified_gmt":"2026-04-03T22:24:54","slug":"the-mallows-kinkekomplekt-2","status":"publish","type":"product","link":"http:\/\/ruuby.ee\/en\/pood\/joulueri\/joulugurmee\/the-mallows-kinkekomplekt-2\/","title":{"rendered":"The Mallows kinkekomplekt"},"content":{"rendered":"<p>Kinkekarp koosneb meie kolmest enimm\u00fc\u00fcdud \u0161okolaadisortidega mahevahukommist, igat varianti 50g. Trio, mis hellitab teie maitsemeeli ja toob r\u00f5\u00f5mu igaks s\u00fcndmuseks.<\/p>\n<ul>\n<li>Soolakaramell on orgaaniline vahukomm, mis on kaetud Belgia piima\u0161okolaadi, Prantsuse karamelli ja meresoolaga. L\u00f5puks puista \u00fcle \u00f5hukese kakaokihiga. Lemmik paljude seas!<\/li>\n<li>Coffee &amp; Caramel on orgaanilised vahukommid, mis on kaetud Belgia valge \u0161okolaadi, kohvi ja karamelliga. L\u00f5puks hoolikalt maitsestatud kr\u00f5bedate meresoolahelvestega. \u00dclim suupiste kohvis\u00f5pradele.<\/li>\n<li>Flaked Salt on orgaanilised vaniljevahukommid, mis on kaetud Belgia tumeda \u0161okolaadi ja kr\u00f5bedate meresoolahelvestega. T\u00e4iuslik harmoonia tumeda \u0161okolaadi kibeduse ja vahukommi magususe vahel.<\/li>\n<\/ul>\n<p>HEAD NAUTIMIST!<\/p>","protected":false},"excerpt":{"rendered":"<p>MAHE KINKEKARBID, mis sisaldab kolmikut enimm\u00fc\u00fcdud orgaanilisi vahukomme \u2013 kokku pandud \u00fchte kaunisse kinkekarpi.<\/p>\n<p>Kinkekarp sobib nii m\u00f5nulevatele k\u00fclalistele kui ka neile, kes hindavad kvaliteeti ja maitsvaid gurmee ampse.<\/p>\n<p><strong>Kinkekarp sisaldab:<\/strong><\/p>\n<p>50G SOOLA KARAMELL<br \/>\n50G KOHV JA KARAMELL<br \/>\n50G SOOLAHELBED<\/p>","protected":false},"featured_media":1850014,"comment_status":"closed","ping_status":"closed","template":"","meta":[],"product_brand":[],"product_cat":[26,954,491,952,644],"product_tag":[],"class_list":{"0":"post-1850620","1":"product","2":"type-product","3":"status-publish","4":"has-post-thumbnail","6":"product_cat-gurmee","7":"product_cat-joulu-kinkekomplektid","8":"product_cat-joulueri","9":"product_cat-joulugurmee","10":"product_cat-maiustused","12":"first","13":"outofstock","14":"taxable","15":"shipping-taxable","16":"purchasable","17":"product-type-simple"},"yoast_head":"<!-- This site is optimized with the Yoast SEO plugin v27.2 - https:\/\/yoast.com\/product\/yoast-seo-wordpress\/ -->\n<title>The Mallows kinkekomplekt - RUUBY<\/title>\n<meta name=\"robots\" content=\"index, follow, max-snippet:-1, max-image-preview:large, max-video-preview:-1\" \/>\n<link rel=\"canonical\" href=\"http:\/\/ruuby.ee\/en\/pood\/joulueri\/joulugurmee\/the-mallows-kinkekomplekt-2\/\" \/>\n<meta property=\"og:locale\" content=\"en_GB\" \/>\n<meta property=\"og:type\" content=\"article\" \/>\n<meta property=\"og:title\" content=\"The Mallows kinkekomplekt - RUUBY\" \/>\n<meta property=\"og:description\" content=\"MAHE KINKEKARBID, mis sisaldab kolmikut enimm\u00fc\u00fcdud orgaanilisi vahukomme \u2013 kokku pandud \u00fchte kaunisse kinkekarpi.  Kinkekarp sobib nii m\u00f5nulevatele k\u00fclalistele kui ka neile, kes hindavad kvaliteeti ja maitsvaid gurmee ampse.  Kinkekarp sisaldab:  50G SOOLA KARAMELL 50G KOHV JA KARAMELL 50G SOOLAHELBED\" \/>\n<meta property=\"og:url\" content=\"http:\/\/ruuby.ee\/en\/pood\/joulueri\/joulugurmee\/the-mallows-kinkekomplekt-2\/\" \/>\n<meta property=\"og:site_name\" content=\"RUUBY\" \/>\n<meta property=\"article:publisher\" content=\"https:\/\/www.facebook.com\/ruubyconcept\" \/>\n<meta property=\"article:modified_time\" content=\"2026-04-03T22:24:54+00:00\" \/>\n<meta property=\"og:image\" content=\"http:\/\/ruuby.ee\/wp-content\/uploads\/2024\/10\/Screenshot-2024-10-21-at-18.31.01.png\" \/>\n\t<meta property=\"og:image:width\" content=\"1176\" \/>\n\t<meta property=\"og:image:height\" content=\"1170\" \/>\n\t<meta property=\"og:image:type\" content=\"image\/png\" \/>\n<meta name=\"twitter:card\" content=\"summary_large_image\" \/>\n<meta name=\"twitter:label1\" content=\"Estimated reading time\" \/>\n\t<meta name=\"twitter:data1\" content=\"1 minute\" \/>\n<script type=\"application\/ld+json\" class=\"yoast-schema-graph\">{\"@context\":\"https:\/\/schema.org\",\"@graph\":[{\"@type\":[\"WebPage\",\"ItemPage\"],\"@id\":\"http:\/\/ruuby.ee\/en\/pood\/joulueri\/joulugurmee\/the-mallows-kinkekomplekt-2\/\",\"url\":\"http:\/\/ruuby.ee\/en\/pood\/joulueri\/joulugurmee\/the-mallows-kinkekomplekt-2\/\",\"name\":\"The Mallows kinkekomplekt - RUUBY\",\"isPartOf\":{\"@id\":\"https:\/\/ruuby.ee\/en\/#website\"},\"primaryImageOfPage\":{\"@id\":\"http:\/\/ruuby.ee\/en\/pood\/joulueri\/joulugurmee\/the-mallows-kinkekomplekt-2\/#primaryimage\"},\"image\":{\"@id\":\"http:\/\/ruuby.ee\/en\/pood\/joulueri\/joulugurmee\/the-mallows-kinkekomplekt-2\/#primaryimage\"},\"thumbnailUrl\":\"http:\/\/ruuby.ee\/wp-content\/uploads\/2024\/10\/Screenshot-2024-10-21-at-18.31.01.png\",\"datePublished\":\"2024-12-03T14:50:41+00:00\",\"dateModified\":\"2026-04-03T22:24:54+00:00\",\"breadcrumb\":{\"@id\":\"http:\/\/ruuby.ee\/en\/pood\/joulueri\/joulugurmee\/the-mallows-kinkekomplekt-2\/#breadcrumb\"},\"inLanguage\":\"en-GB\",\"potentialAction\":[{\"@type\":\"ReadAction\",\"target\":[\"http:\/\/ruuby.ee\/en\/pood\/joulueri\/joulugurmee\/the-mallows-kinkekomplekt-2\/\"]}]},{\"@type\":\"ImageObject\",\"inLanguage\":\"en-GB\",\"@id\":\"http:\/\/ruuby.ee\/en\/pood\/joulueri\/joulugurmee\/the-mallows-kinkekomplekt-2\/#primaryimage\",\"url\":\"http:\/\/ruuby.ee\/wp-content\/uploads\/2024\/10\/Screenshot-2024-10-21-at-18.31.01.png\",\"contentUrl\":\"http:\/\/ruuby.ee\/wp-content\/uploads\/2024\/10\/Screenshot-2024-10-21-at-18.31.01.png\",\"width\":1176,\"height\":1170},{\"@type\":\"BreadcrumbList\",\"@id\":\"http:\/\/ruuby.ee\/en\/pood\/joulueri\/joulugurmee\/the-mallows-kinkekomplekt-2\/#breadcrumb\",\"itemListElement\":[{\"@type\":\"ListItem\",\"position\":1,\"name\":\"Kdu\",\"item\":\"https:\/\/ruuby.ee\/en\/\"},{\"@type\":\"ListItem\",\"position\":2,\"name\":\"Pood\",\"item\":\"https:\/\/ruuby.ee\/pood\/\"},{\"@type\":\"ListItem\",\"position\":3,\"name\":\"The Mallows kinkekomplekt\"}]},{\"@type\":\"WebSite\",\"@id\":\"https:\/\/ruuby.ee\/en\/#website\",\"url\":\"https:\/\/ruuby.ee\/en\/\",\"name\":\"RUUBY\",\"description\":\"Ruubys on \u00fchendatud elustiil ja disain\",\"publisher\":{\"@id\":\"https:\/\/ruuby.ee\/en\/#organization\"},\"alternateName\":\"Ruuby Disain\",\"potentialAction\":[{\"@type\":\"SearchAction\",\"target\":{\"@type\":\"EntryPoint\",\"urlTemplate\":\"https:\/\/ruuby.ee\/en\/?s={search_term_string}\"},\"query-input\":{\"@type\":\"PropertyValueSpecification\",\"valueRequired\":true,\"valueName\":\"search_term_string\"}}],\"inLanguage\":\"en-GB\"},{\"@type\":\"Organization\",\"@id\":\"https:\/\/ruuby.ee\/en\/#organization\",\"name\":\"Ruuby Disain O\u00dc\",\"alternateName\":\"Ruuby\",\"url\":\"https:\/\/ruuby.ee\/en\/\",\"logo\":{\"@type\":\"ImageObject\",\"inLanguage\":\"en-GB\",\"@id\":\"https:\/\/ruuby.ee\/en\/#\/schema\/logo\/image\/\",\"url\":\"http:\/\/ruuby.ee\/wp-content\/uploads\/2023\/06\/cropped-Black-White-Elegant-Circle-Signature-Fashion-Logo-12_large.png\",\"contentUrl\":\"http:\/\/ruuby.ee\/wp-content\/uploads\/2023\/06\/cropped-Black-White-Elegant-Circle-Signature-Fashion-Logo-12_large.png\",\"width\":1280,\"height\":747,\"caption\":\"Ruuby Disain O\u00dc\"},\"image\":{\"@id\":\"https:\/\/ruuby.ee\/en\/#\/schema\/logo\/image\/\"},\"sameAs\":[\"https:\/\/www.facebook.com\/ruubyconcept\",\"https:\/\/www.instagram.com\/ruuby_concept\/\"]}]}<\/script>\n<!-- \/ Yoast SEO plugin. -->","yoast_head_json":{"title":"The Mallows kinkekomplekt - RUUBY","robots":{"index":"index","follow":"follow","max-snippet":"max-snippet:-1","max-image-preview":"max-image-preview:large","max-video-preview":"max-video-preview:-1"},"canonical":"http:\/\/ruuby.ee\/en\/pood\/joulueri\/joulugurmee\/the-mallows-kinkekomplekt-2\/","og_locale":"en_GB","og_type":"article","og_title":"The Mallows kinkekomplekt - RUUBY","og_description":"MAHE KINKEKARBID, mis sisaldab kolmikut enimm\u00fc\u00fcdud orgaanilisi vahukomme \u2013 kokku pandud \u00fchte kaunisse kinkekarpi.  Kinkekarp sobib nii m\u00f5nulevatele k\u00fclalistele kui ka neile, kes hindavad kvaliteeti ja maitsvaid gurmee ampse.  Kinkekarp sisaldab:  50G SOOLA KARAMELL 50G KOHV JA KARAMELL 50G SOOLAHELBED","og_url":"http:\/\/ruuby.ee\/en\/pood\/joulueri\/joulugurmee\/the-mallows-kinkekomplekt-2\/","og_site_name":"RUUBY","article_publisher":"https:\/\/www.facebook.com\/ruubyconcept","article_modified_time":"2026-04-03T22:24:54+00:00","og_image":[{"width":1176,"height":1170,"url":"http:\/\/ruuby.ee\/wp-content\/uploads\/2024\/10\/Screenshot-2024-10-21-at-18.31.01.png","type":"image\/png"}],"twitter_card":"summary_large_image","twitter_misc":{"Estimated reading time":"1 minute"},"schema":{"@context":"https:\/\/schema.org","@graph":[{"@type":["WebPage","ItemPage"],"@id":"http:\/\/ruuby.ee\/en\/pood\/joulueri\/joulugurmee\/the-mallows-kinkekomplekt-2\/","url":"http:\/\/ruuby.ee\/en\/pood\/joulueri\/joulugurmee\/the-mallows-kinkekomplekt-2\/","name":"The Mallows kinkekomplekt - RUUBY","isPartOf":{"@id":"https:\/\/ruuby.ee\/en\/#website"},"primaryImageOfPage":{"@id":"http:\/\/ruuby.ee\/en\/pood\/joulueri\/joulugurmee\/the-mallows-kinkekomplekt-2\/#primaryimage"},"image":{"@id":"http:\/\/ruuby.ee\/en\/pood\/joulueri\/joulugurmee\/the-mallows-kinkekomplekt-2\/#primaryimage"},"thumbnailUrl":"http:\/\/ruuby.ee\/wp-content\/uploads\/2024\/10\/Screenshot-2024-10-21-at-18.31.01.png","datePublished":"2024-12-03T14:50:41+00:00","dateModified":"2026-04-03T22:24:54+00:00","breadcrumb":{"@id":"http:\/\/ruuby.ee\/en\/pood\/joulueri\/joulugurmee\/the-mallows-kinkekomplekt-2\/#breadcrumb"},"inLanguage":"en-GB","potentialAction":[{"@type":"ReadAction","target":["http:\/\/ruuby.ee\/en\/pood\/joulueri\/joulugurmee\/the-mallows-kinkekomplekt-2\/"]}]},{"@type":"ImageObject","inLanguage":"en-GB","@id":"http:\/\/ruuby.ee\/en\/pood\/joulueri\/joulugurmee\/the-mallows-kinkekomplekt-2\/#primaryimage","url":"http:\/\/ruuby.ee\/wp-content\/uploads\/2024\/10\/Screenshot-2024-10-21-at-18.31.01.png","contentUrl":"http:\/\/ruuby.ee\/wp-content\/uploads\/2024\/10\/Screenshot-2024-10-21-at-18.31.01.png","width":1176,"height":1170},{"@type":"BreadcrumbList","@id":"http:\/\/ruuby.ee\/en\/pood\/joulueri\/joulugurmee\/the-mallows-kinkekomplekt-2\/#breadcrumb","itemListElement":[{"@type":"ListItem","position":1,"name":"Kdu","item":"https:\/\/ruuby.ee\/en\/"},{"@type":"ListItem","position":2,"name":"Pood","item":"https:\/\/ruuby.ee\/pood\/"},{"@type":"ListItem","position":3,"name":"The Mallows kinkekomplekt"}]},{"@type":"WebSite","@id":"https:\/\/ruuby.ee\/en\/#website","url":"https:\/\/ruuby.ee\/en\/","name":"RUUBY","description":"Ruubys on \u00fchendatud elustiil ja disain","publisher":{"@id":"https:\/\/ruuby.ee\/en\/#organization"},"alternateName":"Ruuby Disain","potentialAction":[{"@type":"SearchAction","target":{"@type":"EntryPoint","urlTemplate":"https:\/\/ruuby.ee\/en\/?s={search_term_string}"},"query-input":{"@type":"PropertyValueSpecification","valueRequired":true,"valueName":"search_term_string"}}],"inLanguage":"en-GB"},{"@type":"Organization","@id":"https:\/\/ruuby.ee\/en\/#organization","name":"Ruuby Disain O\u00dc","alternateName":"Ruuby","url":"https:\/\/ruuby.ee\/en\/","logo":{"@type":"ImageObject","inLanguage":"en-GB","@id":"https:\/\/ruuby.ee\/en\/#\/schema\/logo\/image\/","url":"http:\/\/ruuby.ee\/wp-content\/uploads\/2023\/06\/cropped-Black-White-Elegant-Circle-Signature-Fashion-Logo-12_large.png","contentUrl":"http:\/\/ruuby.ee\/wp-content\/uploads\/2023\/06\/cropped-Black-White-Elegant-Circle-Signature-Fashion-Logo-12_large.png","width":1280,"height":747,"caption":"Ruuby Disain O\u00dc"},"image":{"@id":"https:\/\/ruuby.ee\/en\/#\/schema\/logo\/image\/"},"sameAs":["https:\/\/www.facebook.com\/ruubyconcept","https:\/\/www.instagram.com\/ruuby_concept\/"]}]}},"jetpack_sharing_enabled":true,"_links":{"self":[{"href":"http:\/\/ruuby.ee\/en\/wp-json\/wp\/v2\/product\/1850620","targetHints":{"allow":["GET"]}}],"collection":[{"href":"http:\/\/ruuby.ee\/en\/wp-json\/wp\/v2\/product"}],"about":[{"href":"http:\/\/ruuby.ee\/en\/wp-json\/wp\/v2\/types\/product"}],"replies":[{"embeddable":true,"href":"http:\/\/ruuby.ee\/en\/wp-json\/wp\/v2\/comments?post=1850620"}],"wp:featuredmedia":[{"embeddable":true,"href":"http:\/\/ruuby.ee\/en\/wp-json\/wp\/v2\/media\/1850014"}],"wp:attachment":[{"href":"http:\/\/ruuby.ee\/en\/wp-json\/wp\/v2\/media?parent=1850620"}],"wp:term":[{"taxonomy":"product_brand","embeddable":true,"href":"http:\/\/ruuby.ee\/en\/wp-json\/wp\/v2\/product_brand?post=1850620"},{"taxonomy":"product_cat","embeddable":true,"href":"http:\/\/ruuby.ee\/en\/wp-json\/wp\/v2\/product_cat?post=1850620"},{"taxonomy":"product_tag","embeddable":true,"href":"http:\/\/ruuby.ee\/en\/wp-json\/wp\/v2\/product_tag?post=1850620"}],"curies":[{"name":"wp","href":"https:\/\/api.w.org\/{rel}","templated":true}]}}