{"id":1850562,"date":"2024-11-30T14:15:51","date_gmt":"2024-11-30T12:15:51","guid":{"rendered":"http:\/\/ruuby.ee\/?post_type=product&#038;p=1850562"},"modified":"2026-04-08T01:28:28","modified_gmt":"2026-04-07T22:28:28","slug":"kinfill-klaasi-ja-peeglipuhastusvahendi-taiteampullid","status":"publish","type":"product","link":"http:\/\/ruuby.ee\/en\/pood\/kodusisustus\/puhastusvahendid\/taiteampullid\/kinfill-klaasi-ja-peeglipuhastusvahendi-taiteampullid\/","title":{"rendered":"KINFILL &#8211; Klaasi-ja peeglipuhastusvahendi t\u00e4iteampullid"},"content":{"rendered":"<p>Klaasi- ja peeglipuhastusvahend tagab triipudeta l\u00e4ike k\u00f5ikidele klaaspindadele. Ideaalne akende, peeglite ja muu jaoks.<\/p>\n<ul>\n<li>Toiteallikaks on planeedis\u00f5bralikud ja j\u00e4tkusuutlikud koostisosad<\/li>\n<li>Annab selge, poleeritud viimistluse<\/li>\n<li>\u00dche puhastuskontsentraadi tulemuseks on 500 ml puhastusvahendit<\/li>\n<\/ul>\n<p>Kinfill tooted on loodud nii, et need oleksid teie kodus \u00f5rnad, kuid samas \u00e4\u00e4rmiselt t\u00f5husad. See t\u00e4hendab nii maja, kus elate, kui ka keskkonda, kus elate.<\/p>\n<p>Koostis: isoprop\u00fc\u00fclalkohol, alk\u00fc\u00fclgl\u00fckool, etoks\u00fc\u00fclitud alkohol, etoks\u00fc\u00fclitud alkoholi propoks\u00fclaat, etanool, met\u00fc\u00fclgl\u00fctsiin-dia\u00e4\u00e4dikhape, parf\u00fc\u00fcm<\/p>\n<p>Klaasi- ja peeglipuhastuskomplekt pakub teile k\u00f5iki esemeid, mida saate kohe puhastamisel kasutada.<\/p>\n<p>Mis on pakendis:<\/p>\n<ul>\n<li>2 x puhastuskontsentraadi t\u00e4iteampulli<\/li>\n<\/ul>\n<p>Iga t\u00e4iteampull sisaldab 12 ml puhastuskontsentraati ja seda saab kasutada Forever Bottle\u2019i jaoks m\u00f5eldud puhastusvahendi lahjendamiseks 500 ml-ks.<\/p>\n<p>Saadaval kahes l\u00f5hna koosluses:<\/p>\n<ul>\n<li style=\"list-style-type: none;\">\n<ul>\n<li>Tangerine \u2013 V\u00fcrtsikas, soe, tsitruseline<\/li>\n<li>Brune \u2013 Puine, suitsune, soe, v\u00fcrtsikas<\/li>\n<\/ul>\n<\/li>\n<\/ul>\n<p>Tootel on B Corpi sertifikaat, mis peegeldab Kinfill p\u00fchendumust t\u00e4ita B Labi k\u00f5rgeid sotsiaalse ja keskkonnam\u00f5ju, l\u00e4bipaistvuse ja vastutuse standardeid.<\/p>\n<div class=\"product__block product__block--half\">\n<div class=\"product__icon__row\">\n<div class=\"product__icon__text\"><\/div>\n<\/div>\n<\/div>","protected":false},"excerpt":{"rendered":"<div class=\"product__block product__block--half\">\n<div class=\"product__icon__row\">\n<div class=\"product__icon icon-stroke\">\n<div class=\"product__icon__holder\"><img decoding=\"async\" class=\"product__icon__img lazyautosizes ls-is-cached lazyloaded\" src=\"https:\/\/kinfill.com\/cdn\/shop\/files\/230508_Icon_No_single-use_plastic.png?v=1728545542&amp;width=40\" sizes=\"20px\" srcset=\"https:\/\/kinfill.com\/cdn\/shop\/files\/230508_Icon_No_single-use_plastic.png?v=1728545542&amp;width=50 50w, https:\/\/kinfill.com\/cdn\/shop\/files\/230508_Icon_No_single-use_plastic.png?v=1728545542&amp;width=60 60w, https:\/\/kinfill.com\/cdn\/shop\/files\/230508_Icon_No_single-use_plastic.png?v=1728545542&amp;width=70 70w, https:\/\/kinfill.com\/cdn\/shop\/files\/230508_Icon_No_single-use_plastic.png?v=1728545542&amp;width=80 80w, https:\/\/kinfill.com\/cdn\/shop\/files\/230508_Icon_No_single-use_plastic.png?v=1728545542&amp;width=90 90w, https:\/\/kinfill.com\/cdn\/shop\/files\/230508_Icon_No_single-use_plastic.png?v=1728545542&amp;width=100 100w, https:\/\/kinfill.com\/cdn\/shop\/files\/230508_Icon_No_single-use_plastic.png?v=1728545542&amp;width=110 110w, https:\/\/kinfill.com\/cdn\/shop\/files\/230508_Icon_No_single-use_plastic.png?v=1728545542&amp;width=119 119w\" width=\"40\" height=\"40\" \/>Taask\u00e4itlus<\/div>\n<\/div>\n<\/div>\n<\/div>\n<div class=\"product__block product__block--half\">\n<div class=\"product__icon__row\">\n<div class=\"product__icon icon-stroke\">\n<div class=\"product__icon__holder\"><img decoding=\"async\" class=\"product__icon__img lazyautosizes ls-is-cached lazyloaded\" src=\"https:\/\/kinfill.com\/cdn\/shop\/files\/230508_Icon_Cruelty-Free.png?v=1728545492&amp;width=40\" sizes=\"20px\" srcset=\"https:\/\/kinfill.com\/cdn\/shop\/files\/230508_Icon_Cruelty-Free.png?v=1728545492&amp;width=50 50w, https:\/\/kinfill.com\/cdn\/shop\/files\/230508_Icon_Cruelty-Free.png?v=1728545492&amp;width=60 60w, https:\/\/kinfill.com\/cdn\/shop\/files\/230508_Icon_Cruelty-Free.png?v=1728545492&amp;width=70 70w, https:\/\/kinfill.com\/cdn\/shop\/files\/230508_Icon_Cruelty-Free.png?v=1728545492&amp;width=80 80w, https:\/\/kinfill.com\/cdn\/shop\/files\/230508_Icon_Cruelty-Free.png?v=1728545492&amp;width=90 90w, https:\/\/kinfill.com\/cdn\/shop\/files\/230508_Icon_Cruelty-Free.png?v=1728545492&amp;width=100 100w, https:\/\/kinfill.com\/cdn\/shop\/files\/230508_Icon_Cruelty-Free.png?v=1728545492&amp;width=110 110w, https:\/\/kinfill.com\/cdn\/shop\/files\/230508_Icon_Cruelty-Free.png?v=1728545492&amp;width=119 119w\" width=\"40\" height=\"40\" \/><\/div>\n<\/div>\n<div class=\"product__icon__text\">Julmusevaba<\/div>\n<\/div>\n<\/div>\n<div class=\"product__block product__block--half\">\n<div class=\"product__icon__row\">\n<div class=\"product__icon icon-stroke\">\n<div class=\"product__icon__holder\"><img decoding=\"async\" class=\"product__icon__img lazyautosizes ls-is-cached lazyloaded\" src=\"https:\/\/kinfill.com\/cdn\/shop\/files\/230725_web_Icons-11.svg?v=1690285376&amp;width=40\" sizes=\"20px\" srcset=\"https:\/\/kinfill.com\/cdn\/shop\/files\/230725_web_Icons-11.svg?v=1690285376&amp;width=50 50w, https:\/\/kinfill.com\/cdn\/shop\/files\/230725_web_Icons-11.svg?v=1690285376&amp;width=60 60w, https:\/\/kinfill.com\/cdn\/shop\/files\/230725_web_Icons-11.svg?v=1690285376&amp;width=70 70w, https:\/\/kinfill.com\/cdn\/shop\/files\/230725_web_Icons-11.svg?v=1690285376&amp;width=80 80w, https:\/\/kinfill.com\/cdn\/shop\/files\/230725_web_Icons-11.svg?v=1690285376&amp;width=90 90w, https:\/\/kinfill.com\/cdn\/shop\/files\/230725_web_Icons-11.svg?v=1690285376&amp;width=100 100w, https:\/\/kinfill.com\/cdn\/shop\/files\/230725_web_Icons-11.svg?v=1690285376&amp;width=110 110w, https:\/\/kinfill.com\/cdn\/shop\/files\/230725_web_Icons-11.svg?v=1690285376&amp;width=120 120w, https:\/\/kinfill.com\/cdn\/shop\/files\/230725_web_Icons-11.svg?v=1690285376&amp;width=130 130w, https:\/\/kinfill.com\/cdn\/shop\/files\/230725_web_Icons-11.svg?v=1690285376&amp;width=130 130w\" width=\"40\" height=\"40\" \/><\/div>\n<\/div>\n<div class=\"product__icon__text\">Igavesti uuesti t\u00e4idetav<\/div>\n<\/div>\n<\/div>\n<div class=\"product__block product__block--half\">\n<div class=\"product__icon__row\">\n<div class=\"product__icon icon-stroke\">\n<div class=\"product__icon__holder\"><img loading=\"lazy\" decoding=\"async\" class=\"product__icon__img lazyautosizes ls-is-cached lazyloaded\" src=\"https:\/\/kinfill.com\/cdn\/shop\/files\/230725_web_Icons-10.svg?v=1690285376&amp;width=40\" sizes=\"20px\" srcset=\"https:\/\/kinfill.com\/cdn\/shop\/files\/230725_web_Icons-10.svg?v=1690285376&amp;width=50 50w, https:\/\/kinfill.com\/cdn\/shop\/files\/230725_web_Icons-10.svg?v=1690285376&amp;width=60 60w, https:\/\/kinfill.com\/cdn\/shop\/files\/230725_web_Icons-10.svg?v=1690285376&amp;width=70 70w, https:\/\/kinfill.com\/cdn\/shop\/files\/230725_web_Icons-10.svg?v=1690285376&amp;width=80 80w, https:\/\/kinfill.com\/cdn\/shop\/files\/230725_web_Icons-10.svg?v=1690285376&amp;width=90 90w, https:\/\/kinfill.com\/cdn\/shop\/files\/230725_web_Icons-10.svg?v=1690285376&amp;width=100 100w, https:\/\/kinfill.com\/cdn\/shop\/files\/230725_web_Icons-10.svg?v=1690285376&amp;width=110 110w, https:\/\/kinfill.com\/cdn\/shop\/files\/230725_web_Icons-10.svg?v=1690285376&amp;width=120 120w, https:\/\/kinfill.com\/cdn\/shop\/files\/230725_web_Icons-10.svg?v=1690285376&amp;width=130 130w, https:\/\/kinfill.com\/cdn\/shop\/files\/230725_web_Icons-10.svg?v=1690285376&amp;width=130 130w\" width=\"40\" height=\"40\" \/><\/div>\n<\/div>\n<div class=\"product__icon__text\">Valmistatud Hollandis<\/div>\n<\/div>\n<\/div>\n<p>&nbsp;<\/p>","protected":false},"featured_media":1850565,"comment_status":"closed","ping_status":"closed","template":"","meta":[],"product_brand":[],"product_cat":[42,891,987],"product_tag":[],"class_list":{"0":"post-1850562","1":"product","2":"type-product","3":"status-publish","4":"has-post-thumbnail","6":"product_cat-kodusisustus","7":"product_cat-puhastusvahendid","8":"product_cat-taiteampullid","10":"first","11":"outofstock","12":"taxable","13":"shipping-taxable","14":"purchasable","15":"product-type-variable","16":"rtwpvs-product"},"yoast_head":"<!-- This site is optimized with the Yoast SEO plugin v27.3 - https:\/\/yoast.com\/product\/yoast-seo-wordpress\/ -->\n<title>KINFILL - Klaasi-ja peeglipuhastusvahendi t\u00e4iteampullid - RUUBY<\/title>\n<meta name=\"robots\" content=\"index, follow, max-snippet:-1, max-image-preview:large, max-video-preview:-1\" \/>\n<link rel=\"canonical\" href=\"http:\/\/ruuby.ee\/en\/pood\/kodusisustus\/puhastusvahendid\/taiteampullid\/kinfill-klaasi-ja-peeglipuhastusvahendi-taiteampullid\/\" \/>\n<meta property=\"og:locale\" content=\"en_GB\" \/>\n<meta property=\"og:type\" content=\"article\" \/>\n<meta property=\"og:title\" content=\"KINFILL - Klaasi-ja peeglipuhastusvahendi t\u00e4iteampullid - RUUBY\" \/>\n<meta property=\"og:description\" content=\"Taask\u00e4itlus         Julmusevaba        Igavesti uuesti t\u00e4idetav        Valmistatud Hollandis   &nbsp;\" \/>\n<meta property=\"og:url\" content=\"http:\/\/ruuby.ee\/en\/pood\/kodusisustus\/puhastusvahendid\/taiteampullid\/kinfill-klaasi-ja-peeglipuhastusvahendi-taiteampullid\/\" \/>\n<meta property=\"og:site_name\" content=\"RUUBY\" \/>\n<meta property=\"article:publisher\" content=\"https:\/\/www.facebook.com\/ruubyconcept\" \/>\n<meta property=\"article:modified_time\" content=\"2026-04-07T22:28:28+00:00\" \/>\n<meta property=\"og:image\" content=\"http:\/\/ruuby.ee\/wp-content\/uploads\/2024\/11\/Screenshot-2024-11-30-at-14.20.02.png\" \/>\n\t<meta property=\"og:image:width\" content=\"1490\" \/>\n\t<meta property=\"og:image:height\" content=\"1188\" \/>\n\t<meta property=\"og:image:type\" content=\"image\/png\" \/>\n<meta name=\"twitter:card\" content=\"summary_large_image\" \/>\n<meta name=\"twitter:label1\" content=\"Estimated reading time\" \/>\n\t<meta name=\"twitter:data1\" content=\"1 minute\" \/>\n<script type=\"application\/ld+json\" class=\"yoast-schema-graph\">{\"@context\":\"https:\\\/\\\/schema.org\",\"@graph\":[{\"@type\":[\"WebPage\",\"ItemPage\"],\"@id\":\"http:\\\/\\\/ruuby.ee\\\/en\\\/pood\\\/kodusisustus\\\/puhastusvahendid\\\/taiteampullid\\\/kinfill-klaasi-ja-peeglipuhastusvahendi-taiteampullid\\\/\",\"url\":\"http:\\\/\\\/ruuby.ee\\\/en\\\/pood\\\/kodusisustus\\\/puhastusvahendid\\\/taiteampullid\\\/kinfill-klaasi-ja-peeglipuhastusvahendi-taiteampullid\\\/\",\"name\":\"KINFILL - Klaasi-ja peeglipuhastusvahendi t\u00e4iteampullid - RUUBY\",\"isPartOf\":{\"@id\":\"https:\\\/\\\/ruuby.ee\\\/en\\\/#website\"},\"primaryImageOfPage\":{\"@id\":\"http:\\\/\\\/ruuby.ee\\\/en\\\/pood\\\/kodusisustus\\\/puhastusvahendid\\\/taiteampullid\\\/kinfill-klaasi-ja-peeglipuhastusvahendi-taiteampullid\\\/#primaryimage\"},\"image\":{\"@id\":\"http:\\\/\\\/ruuby.ee\\\/en\\\/pood\\\/kodusisustus\\\/puhastusvahendid\\\/taiteampullid\\\/kinfill-klaasi-ja-peeglipuhastusvahendi-taiteampullid\\\/#primaryimage\"},\"thumbnailUrl\":\"http:\\\/\\\/ruuby.ee\\\/wp-content\\\/uploads\\\/2024\\\/11\\\/Screenshot-2024-11-30-at-14.20.02.png\",\"datePublished\":\"2024-11-30T12:15:51+00:00\",\"dateModified\":\"2026-04-07T22:28:28+00:00\",\"breadcrumb\":{\"@id\":\"http:\\\/\\\/ruuby.ee\\\/en\\\/pood\\\/kodusisustus\\\/puhastusvahendid\\\/taiteampullid\\\/kinfill-klaasi-ja-peeglipuhastusvahendi-taiteampullid\\\/#breadcrumb\"},\"inLanguage\":\"en-GB\",\"potentialAction\":[{\"@type\":\"ReadAction\",\"target\":[\"http:\\\/\\\/ruuby.ee\\\/en\\\/pood\\\/kodusisustus\\\/puhastusvahendid\\\/taiteampullid\\\/kinfill-klaasi-ja-peeglipuhastusvahendi-taiteampullid\\\/\"]}]},{\"@type\":\"ImageObject\",\"inLanguage\":\"en-GB\",\"@id\":\"http:\\\/\\\/ruuby.ee\\\/en\\\/pood\\\/kodusisustus\\\/puhastusvahendid\\\/taiteampullid\\\/kinfill-klaasi-ja-peeglipuhastusvahendi-taiteampullid\\\/#primaryimage\",\"url\":\"http:\\\/\\\/ruuby.ee\\\/wp-content\\\/uploads\\\/2024\\\/11\\\/Screenshot-2024-11-30-at-14.20.02.png\",\"contentUrl\":\"http:\\\/\\\/ruuby.ee\\\/wp-content\\\/uploads\\\/2024\\\/11\\\/Screenshot-2024-11-30-at-14.20.02.png\",\"width\":1490,\"height\":1188},{\"@type\":\"BreadcrumbList\",\"@id\":\"http:\\\/\\\/ruuby.ee\\\/en\\\/pood\\\/kodusisustus\\\/puhastusvahendid\\\/taiteampullid\\\/kinfill-klaasi-ja-peeglipuhastusvahendi-taiteampullid\\\/#breadcrumb\",\"itemListElement\":[{\"@type\":\"ListItem\",\"position\":1,\"name\":\"Kdu\",\"item\":\"https:\\\/\\\/ruuby.ee\\\/en\\\/\"},{\"@type\":\"ListItem\",\"position\":2,\"name\":\"Pood\",\"item\":\"http:\\\/\\\/ruuby.ee\\\/en\\\/pood\\\/\"},{\"@type\":\"ListItem\",\"position\":3,\"name\":\"KINFILL &#8211; Klaasi-ja peeglipuhastusvahendi t\u00e4iteampullid\"}]},{\"@type\":\"WebSite\",\"@id\":\"https:\\\/\\\/ruuby.ee\\\/en\\\/#website\",\"url\":\"https:\\\/\\\/ruuby.ee\\\/en\\\/\",\"name\":\"RUUBY\",\"description\":\"Ruubys on \u00fchendatud elustiil ja disain\",\"publisher\":{\"@id\":\"https:\\\/\\\/ruuby.ee\\\/en\\\/#organization\"},\"alternateName\":\"Ruuby Disain\",\"potentialAction\":[{\"@type\":\"SearchAction\",\"target\":{\"@type\":\"EntryPoint\",\"urlTemplate\":\"https:\\\/\\\/ruuby.ee\\\/en\\\/?s={search_term_string}\"},\"query-input\":{\"@type\":\"PropertyValueSpecification\",\"valueRequired\":true,\"valueName\":\"search_term_string\"}}],\"inLanguage\":\"en-GB\"},{\"@type\":\"Organization\",\"@id\":\"https:\\\/\\\/ruuby.ee\\\/en\\\/#organization\",\"name\":\"Ruuby Disain O\u00dc\",\"alternateName\":\"Ruuby\",\"url\":\"https:\\\/\\\/ruuby.ee\\\/en\\\/\",\"logo\":{\"@type\":\"ImageObject\",\"inLanguage\":\"en-GB\",\"@id\":\"https:\\\/\\\/ruuby.ee\\\/en\\\/#\\\/schema\\\/logo\\\/image\\\/\",\"url\":\"http:\\\/\\\/ruuby.ee\\\/wp-content\\\/uploads\\\/2023\\\/06\\\/cropped-Black-White-Elegant-Circle-Signature-Fashion-Logo-12_large.png\",\"contentUrl\":\"http:\\\/\\\/ruuby.ee\\\/wp-content\\\/uploads\\\/2023\\\/06\\\/cropped-Black-White-Elegant-Circle-Signature-Fashion-Logo-12_large.png\",\"width\":1280,\"height\":747,\"caption\":\"Ruuby Disain O\u00dc\"},\"image\":{\"@id\":\"https:\\\/\\\/ruuby.ee\\\/en\\\/#\\\/schema\\\/logo\\\/image\\\/\"},\"sameAs\":[\"https:\\\/\\\/www.facebook.com\\\/ruubyconcept\",\"https:\\\/\\\/www.instagram.com\\\/ruuby_concept\\\/\"]}]}<\/script>\n<!-- \/ Yoast SEO plugin. -->","yoast_head_json":{"title":"KINFILL - Klaasi-ja peeglipuhastusvahendi t\u00e4iteampullid - RUUBY","robots":{"index":"index","follow":"follow","max-snippet":"max-snippet:-1","max-image-preview":"max-image-preview:large","max-video-preview":"max-video-preview:-1"},"canonical":"http:\/\/ruuby.ee\/en\/pood\/kodusisustus\/puhastusvahendid\/taiteampullid\/kinfill-klaasi-ja-peeglipuhastusvahendi-taiteampullid\/","og_locale":"en_GB","og_type":"article","og_title":"KINFILL - Klaasi-ja peeglipuhastusvahendi t\u00e4iteampullid - RUUBY","og_description":"Taask\u00e4itlus         Julmusevaba        Igavesti uuesti t\u00e4idetav        Valmistatud Hollandis   &nbsp;","og_url":"http:\/\/ruuby.ee\/en\/pood\/kodusisustus\/puhastusvahendid\/taiteampullid\/kinfill-klaasi-ja-peeglipuhastusvahendi-taiteampullid\/","og_site_name":"RUUBY","article_publisher":"https:\/\/www.facebook.com\/ruubyconcept","article_modified_time":"2026-04-07T22:28:28+00:00","og_image":[{"width":1490,"height":1188,"url":"http:\/\/ruuby.ee\/wp-content\/uploads\/2024\/11\/Screenshot-2024-11-30-at-14.20.02.png","type":"image\/png"}],"twitter_card":"summary_large_image","twitter_misc":{"Estimated reading time":"1 minute"},"schema":{"@context":"https:\/\/schema.org","@graph":[{"@type":["WebPage","ItemPage"],"@id":"http:\/\/ruuby.ee\/en\/pood\/kodusisustus\/puhastusvahendid\/taiteampullid\/kinfill-klaasi-ja-peeglipuhastusvahendi-taiteampullid\/","url":"http:\/\/ruuby.ee\/en\/pood\/kodusisustus\/puhastusvahendid\/taiteampullid\/kinfill-klaasi-ja-peeglipuhastusvahendi-taiteampullid\/","name":"KINFILL - Klaasi-ja peeglipuhastusvahendi t\u00e4iteampullid - RUUBY","isPartOf":{"@id":"https:\/\/ruuby.ee\/en\/#website"},"primaryImageOfPage":{"@id":"http:\/\/ruuby.ee\/en\/pood\/kodusisustus\/puhastusvahendid\/taiteampullid\/kinfill-klaasi-ja-peeglipuhastusvahendi-taiteampullid\/#primaryimage"},"image":{"@id":"http:\/\/ruuby.ee\/en\/pood\/kodusisustus\/puhastusvahendid\/taiteampullid\/kinfill-klaasi-ja-peeglipuhastusvahendi-taiteampullid\/#primaryimage"},"thumbnailUrl":"http:\/\/ruuby.ee\/wp-content\/uploads\/2024\/11\/Screenshot-2024-11-30-at-14.20.02.png","datePublished":"2024-11-30T12:15:51+00:00","dateModified":"2026-04-07T22:28:28+00:00","breadcrumb":{"@id":"http:\/\/ruuby.ee\/en\/pood\/kodusisustus\/puhastusvahendid\/taiteampullid\/kinfill-klaasi-ja-peeglipuhastusvahendi-taiteampullid\/#breadcrumb"},"inLanguage":"en-GB","potentialAction":[{"@type":"ReadAction","target":["http:\/\/ruuby.ee\/en\/pood\/kodusisustus\/puhastusvahendid\/taiteampullid\/kinfill-klaasi-ja-peeglipuhastusvahendi-taiteampullid\/"]}]},{"@type":"ImageObject","inLanguage":"en-GB","@id":"http:\/\/ruuby.ee\/en\/pood\/kodusisustus\/puhastusvahendid\/taiteampullid\/kinfill-klaasi-ja-peeglipuhastusvahendi-taiteampullid\/#primaryimage","url":"http:\/\/ruuby.ee\/wp-content\/uploads\/2024\/11\/Screenshot-2024-11-30-at-14.20.02.png","contentUrl":"http:\/\/ruuby.ee\/wp-content\/uploads\/2024\/11\/Screenshot-2024-11-30-at-14.20.02.png","width":1490,"height":1188},{"@type":"BreadcrumbList","@id":"http:\/\/ruuby.ee\/en\/pood\/kodusisustus\/puhastusvahendid\/taiteampullid\/kinfill-klaasi-ja-peeglipuhastusvahendi-taiteampullid\/#breadcrumb","itemListElement":[{"@type":"ListItem","position":1,"name":"Kdu","item":"https:\/\/ruuby.ee\/en\/"},{"@type":"ListItem","position":2,"name":"Pood","item":"http:\/\/ruuby.ee\/en\/pood\/"},{"@type":"ListItem","position":3,"name":"KINFILL &#8211; Klaasi-ja peeglipuhastusvahendi t\u00e4iteampullid"}]},{"@type":"WebSite","@id":"https:\/\/ruuby.ee\/en\/#website","url":"https:\/\/ruuby.ee\/en\/","name":"RUUBY","description":"Ruubys on \u00fchendatud elustiil ja disain","publisher":{"@id":"https:\/\/ruuby.ee\/en\/#organization"},"alternateName":"Ruuby Disain","potentialAction":[{"@type":"SearchAction","target":{"@type":"EntryPoint","urlTemplate":"https:\/\/ruuby.ee\/en\/?s={search_term_string}"},"query-input":{"@type":"PropertyValueSpecification","valueRequired":true,"valueName":"search_term_string"}}],"inLanguage":"en-GB"},{"@type":"Organization","@id":"https:\/\/ruuby.ee\/en\/#organization","name":"Ruuby Disain O\u00dc","alternateName":"Ruuby","url":"https:\/\/ruuby.ee\/en\/","logo":{"@type":"ImageObject","inLanguage":"en-GB","@id":"https:\/\/ruuby.ee\/en\/#\/schema\/logo\/image\/","url":"http:\/\/ruuby.ee\/wp-content\/uploads\/2023\/06\/cropped-Black-White-Elegant-Circle-Signature-Fashion-Logo-12_large.png","contentUrl":"http:\/\/ruuby.ee\/wp-content\/uploads\/2023\/06\/cropped-Black-White-Elegant-Circle-Signature-Fashion-Logo-12_large.png","width":1280,"height":747,"caption":"Ruuby Disain O\u00dc"},"image":{"@id":"https:\/\/ruuby.ee\/en\/#\/schema\/logo\/image\/"},"sameAs":["https:\/\/www.facebook.com\/ruubyconcept","https:\/\/www.instagram.com\/ruuby_concept\/"]}]}},"jetpack_sharing_enabled":true,"_links":{"self":[{"href":"http:\/\/ruuby.ee\/en\/wp-json\/wp\/v2\/product\/1850562","targetHints":{"allow":["GET"]}}],"collection":[{"href":"http:\/\/ruuby.ee\/en\/wp-json\/wp\/v2\/product"}],"about":[{"href":"http:\/\/ruuby.ee\/en\/wp-json\/wp\/v2\/types\/product"}],"replies":[{"embeddable":true,"href":"http:\/\/ruuby.ee\/en\/wp-json\/wp\/v2\/comments?post=1850562"}],"wp:featuredmedia":[{"embeddable":true,"href":"http:\/\/ruuby.ee\/en\/wp-json\/wp\/v2\/media\/1850565"}],"wp:attachment":[{"href":"http:\/\/ruuby.ee\/en\/wp-json\/wp\/v2\/media?parent=1850562"}],"wp:term":[{"taxonomy":"product_brand","embeddable":true,"href":"http:\/\/ruuby.ee\/en\/wp-json\/wp\/v2\/product_brand?post=1850562"},{"taxonomy":"product_cat","embeddable":true,"href":"http:\/\/ruuby.ee\/en\/wp-json\/wp\/v2\/product_cat?post=1850562"},{"taxonomy":"product_tag","embeddable":true,"href":"http:\/\/ruuby.ee\/en\/wp-json\/wp\/v2\/product_tag?post=1850562"}],"curies":[{"name":"wp","href":"https:\/\/api.w.org\/{rel}","templated":true}]}}