{"id":1850535,"date":"2024-11-29T15:52:03","date_gmt":"2024-11-29T13:52:03","guid":{"rendered":"http:\/\/ruuby.ee\/?post_type=product&#038;p=1850535"},"modified":"2026-04-08T01:28:28","modified_gmt":"2026-04-07T22:28:28","slug":"kinfill-noudepesuvahendi-taitepakend-lemon-basil","status":"publish","type":"product","link":"http:\/\/ruuby.ee\/en\/pood\/kodusisustus\/puhastusvahendid\/seebid\/kinfill-noudepesuvahendi-taitepakend-lemon-basil\/","title":{"rendered":"KINFILL &#8211; N\u00f5udepesuvahendi t\u00e4itepakend, Lemon &amp; Basil"},"content":{"rendered":"<p>ELi \u00f6kom\u00e4rgisega sertifitseeritud Kinfill n\u00f5udepesuseep puhastab t\u00f5husalt n\u00f5usid, olles samas \u00f5rn teie k\u00e4te ja keskkonna suhtes. Keskkonna eest hoolitseva puhtuse tagamine.<\/p>\n<p>Kinfill tooted on loodud nii, et need oleksid teie kodus \u00f5rnad, kuid samas \u00e4\u00e4rmiselt t\u00f5husad.<\/p>\n<p>Koostisosad: 5% &lt; 15% anioonsed ja mitteioonsed pindaktiivsed ained, &lt; 5% amfoteersed pindaktiivsed ained, h\u00fcdroks\u00fcprop\u00fc\u00fclsulfonaat, naatriumlauretsulfaat, gl\u00fctser\u00fc\u00fclkokoaat, naatrium, kloriid, kokamidoprop\u00fc\u00fclbetain, tetranaatrium, glutamaatdiatsetaat, met\u00fc\u00fclisotiasotiin, met\u00fc\u00fclisotiasotiin, Trimet\u00fc\u00fclts\u00fcklopenteen, butenool, fenet\u00fc\u00fclalkohol, 2,6-dimet\u00fc\u00fcl-7-okteen-2-ool, 2-met\u00fc\u00fcl-3-p-kres\u00fc\u00fclpropioonaldeh\u00fc\u00fcd.<\/p>\n<p>See t\u00e4itekott on valmistatud 80% v\u00e4hem plastikust v\u00f5rreldes tavaliste n\u00f5udeseebipudelitega ning on v\u00e4lja t\u00f6\u00f6tatud nii, et see oleks t\u00e4ielikult ja h\u00f5lpsasti taaskasutatav. 100% biolagunev, vastutustundlikult hangitud, toksiinivaba valem on ohutu kasutada rasedatel, lastel ja lemmikloomadel. Uhkelt valmistatud Hollandis.<\/p>\n<p>Mis on pakendis: 1x 500ml t\u00e4itekott, mis on t\u00e4idetud n\u00f5udeseebiga.<\/p>\n<p>L\u00f5hn: Karge, maitsev sidrun ja roheline mandariin. Meenutab jalutusk\u00e4iku l\u00e4bi sidrunisalu, kombineerituna rohtse basiiliku nootidega.<\/p>\n<p>Tootel on B Corpi sertifikaat, mis peegeldab Kinfill p\u00fchendumust t\u00e4ita B Labi k\u00f5rgeid sotsiaalse ja keskkonnam\u00f5ju, l\u00e4bipaistvuse ja vastutuse standardeid.<\/p>\n<div class=\"product__block product__block--half\">\n<div class=\"product__icon__row\">\n<div class=\"product__icon icon-stroke\"><\/div>\n<\/div>\n<\/div>\n<div class=\"product__block product__block--half\">\n<div class=\"product__icon__row\">\n<div class=\"product__icon__text\"><\/div>\n<\/div>\n<\/div>","protected":false},"excerpt":{"rendered":"<div class=\"product__block product__block--half\">\n<div class=\"product__icon__row\">\n<div class=\"product__icon icon-stroke\">\n<div class=\"product__icon__holder\"><img decoding=\"async\" class=\"product__icon__img lazyautosizes ls-is-cached lazyloaded\" src=\"https:\/\/kinfill.com\/cdn\/shop\/files\/230508_Icon_No_single-use_plastic.png?v=1728545542&amp;width=40\" sizes=\"20px\" srcset=\"https:\/\/kinfill.com\/cdn\/shop\/files\/230508_Icon_No_single-use_plastic.png?v=1728545542&amp;width=50 50w, https:\/\/kinfill.com\/cdn\/shop\/files\/230508_Icon_No_single-use_plastic.png?v=1728545542&amp;width=60 60w, https:\/\/kinfill.com\/cdn\/shop\/files\/230508_Icon_No_single-use_plastic.png?v=1728545542&amp;width=70 70w, https:\/\/kinfill.com\/cdn\/shop\/files\/230508_Icon_No_single-use_plastic.png?v=1728545542&amp;width=80 80w, https:\/\/kinfill.com\/cdn\/shop\/files\/230508_Icon_No_single-use_plastic.png?v=1728545542&amp;width=90 90w, https:\/\/kinfill.com\/cdn\/shop\/files\/230508_Icon_No_single-use_plastic.png?v=1728545542&amp;width=100 100w, https:\/\/kinfill.com\/cdn\/shop\/files\/230508_Icon_No_single-use_plastic.png?v=1728545542&amp;width=110 110w, https:\/\/kinfill.com\/cdn\/shop\/files\/230508_Icon_No_single-use_plastic.png?v=1728545542&amp;width=119 119w\" width=\"40\" height=\"40\" \/>Taask\u00e4itlus<\/div>\n<\/div>\n<\/div>\n<\/div>\n<div class=\"product__block product__block--half\">\n<div class=\"product__icon__row\">\n<div class=\"product__icon icon-stroke\">\n<div class=\"product__icon__holder\"><img decoding=\"async\" class=\"product__icon__img lazyautosizes ls-is-cached lazyloaded\" src=\"https:\/\/kinfill.com\/cdn\/shop\/files\/230508_Icon_Cruelty-Free.png?v=1728545492&amp;width=40\" sizes=\"20px\" srcset=\"https:\/\/kinfill.com\/cdn\/shop\/files\/230508_Icon_Cruelty-Free.png?v=1728545492&amp;width=50 50w, https:\/\/kinfill.com\/cdn\/shop\/files\/230508_Icon_Cruelty-Free.png?v=1728545492&amp;width=60 60w, https:\/\/kinfill.com\/cdn\/shop\/files\/230508_Icon_Cruelty-Free.png?v=1728545492&amp;width=70 70w, https:\/\/kinfill.com\/cdn\/shop\/files\/230508_Icon_Cruelty-Free.png?v=1728545492&amp;width=80 80w, https:\/\/kinfill.com\/cdn\/shop\/files\/230508_Icon_Cruelty-Free.png?v=1728545492&amp;width=90 90w, https:\/\/kinfill.com\/cdn\/shop\/files\/230508_Icon_Cruelty-Free.png?v=1728545492&amp;width=100 100w, https:\/\/kinfill.com\/cdn\/shop\/files\/230508_Icon_Cruelty-Free.png?v=1728545492&amp;width=110 110w, https:\/\/kinfill.com\/cdn\/shop\/files\/230508_Icon_Cruelty-Free.png?v=1728545492&amp;width=119 119w\" width=\"40\" height=\"40\" \/><\/div>\n<\/div>\n<div class=\"product__icon__text\">Julmusevaba<\/div>\n<\/div>\n<\/div>\n<div class=\"product__block product__block--half\">\n<div class=\"product__icon__row\">\n<div class=\"product__icon icon-stroke\">\n<div class=\"product__icon__holder\"><img decoding=\"async\" class=\"product__icon__img lazyautosizes ls-is-cached lazyloaded\" src=\"https:\/\/kinfill.com\/cdn\/shop\/files\/230725_web_Icons-11.svg?v=1690285376&amp;width=40\" sizes=\"20px\" srcset=\"https:\/\/kinfill.com\/cdn\/shop\/files\/230725_web_Icons-11.svg?v=1690285376&amp;width=50 50w, https:\/\/kinfill.com\/cdn\/shop\/files\/230725_web_Icons-11.svg?v=1690285376&amp;width=60 60w, https:\/\/kinfill.com\/cdn\/shop\/files\/230725_web_Icons-11.svg?v=1690285376&amp;width=70 70w, https:\/\/kinfill.com\/cdn\/shop\/files\/230725_web_Icons-11.svg?v=1690285376&amp;width=80 80w, https:\/\/kinfill.com\/cdn\/shop\/files\/230725_web_Icons-11.svg?v=1690285376&amp;width=90 90w, https:\/\/kinfill.com\/cdn\/shop\/files\/230725_web_Icons-11.svg?v=1690285376&amp;width=100 100w, https:\/\/kinfill.com\/cdn\/shop\/files\/230725_web_Icons-11.svg?v=1690285376&amp;width=110 110w, https:\/\/kinfill.com\/cdn\/shop\/files\/230725_web_Icons-11.svg?v=1690285376&amp;width=120 120w, https:\/\/kinfill.com\/cdn\/shop\/files\/230725_web_Icons-11.svg?v=1690285376&amp;width=130 130w, https:\/\/kinfill.com\/cdn\/shop\/files\/230725_web_Icons-11.svg?v=1690285376&amp;width=130 130w\" width=\"40\" height=\"40\" \/><\/div>\n<\/div>\n<div class=\"product__icon__text\">Igavesti uuesti t\u00e4idetav<\/div>\n<\/div>\n<\/div>\n<div class=\"product__block product__block--half\">\n<div class=\"product__icon__row\">\n<div class=\"product__icon icon-stroke\">\n<div class=\"product__icon__holder\"><img loading=\"lazy\" decoding=\"async\" class=\"product__icon__img lazyautosizes ls-is-cached lazyloaded\" src=\"https:\/\/kinfill.com\/cdn\/shop\/files\/230725_web_Icons-10.svg?v=1690285376&amp;width=40\" sizes=\"20px\" srcset=\"https:\/\/kinfill.com\/cdn\/shop\/files\/230725_web_Icons-10.svg?v=1690285376&amp;width=50 50w, https:\/\/kinfill.com\/cdn\/shop\/files\/230725_web_Icons-10.svg?v=1690285376&amp;width=60 60w, https:\/\/kinfill.com\/cdn\/shop\/files\/230725_web_Icons-10.svg?v=1690285376&amp;width=70 70w, https:\/\/kinfill.com\/cdn\/shop\/files\/230725_web_Icons-10.svg?v=1690285376&amp;width=80 80w, https:\/\/kinfill.com\/cdn\/shop\/files\/230725_web_Icons-10.svg?v=1690285376&amp;width=90 90w, https:\/\/kinfill.com\/cdn\/shop\/files\/230725_web_Icons-10.svg?v=1690285376&amp;width=100 100w, https:\/\/kinfill.com\/cdn\/shop\/files\/230725_web_Icons-10.svg?v=1690285376&amp;width=110 110w, https:\/\/kinfill.com\/cdn\/shop\/files\/230725_web_Icons-10.svg?v=1690285376&amp;width=120 120w, https:\/\/kinfill.com\/cdn\/shop\/files\/230725_web_Icons-10.svg?v=1690285376&amp;width=130 130w, https:\/\/kinfill.com\/cdn\/shop\/files\/230725_web_Icons-10.svg?v=1690285376&amp;width=130 130w\" width=\"40\" height=\"40\" \/><\/div>\n<\/div>\n<div class=\"product__icon__text\">Valmistatud Hollandis<\/div>\n<div><\/div>\n<\/div>\n<\/div>","protected":false},"featured_media":1850537,"comment_status":"closed","ping_status":"closed","template":"","meta":[],"product_brand":[],"product_cat":[42,891,989],"product_tag":[],"class_list":{"0":"post-1850535","1":"product","2":"type-product","3":"status-publish","4":"has-post-thumbnail","6":"product_cat-kodusisustus","7":"product_cat-puhastusvahendid","8":"product_cat-seebid","10":"first","11":"outofstock","12":"taxable","13":"shipping-taxable","14":"purchasable","15":"product-type-simple"},"yoast_head":"<!-- This site is optimized with the Yoast SEO plugin v27.3 - https:\/\/yoast.com\/product\/yoast-seo-wordpress\/ -->\n<title>KINFILL - N\u00f5udepesuvahendi t\u00e4itepakend, Lemon &amp; Basil - RUUBY<\/title>\n<meta name=\"robots\" content=\"index, follow, max-snippet:-1, max-image-preview:large, max-video-preview:-1\" \/>\n<link rel=\"canonical\" href=\"https:\/\/ruuby.ee\/en\/pood\/kodusisustus\/puhastusvahendid\/seebid\/kinfill-noudepesuvahendi-taitepakend-lemon-basil\/\" \/>\n<meta property=\"og:locale\" content=\"en_GB\" \/>\n<meta property=\"og:type\" content=\"article\" \/>\n<meta property=\"og:title\" content=\"KINFILL - N\u00f5udepesuvahendi t\u00e4itepakend, Lemon &amp; Basil - RUUBY\" \/>\n<meta property=\"og:description\" content=\"Taask\u00e4itlus         Julmusevaba        Igavesti uuesti t\u00e4idetav        Valmistatud Hollandis\" \/>\n<meta property=\"og:url\" content=\"https:\/\/ruuby.ee\/en\/pood\/kodusisustus\/puhastusvahendid\/seebid\/kinfill-noudepesuvahendi-taitepakend-lemon-basil\/\" \/>\n<meta property=\"og:site_name\" content=\"RUUBY\" \/>\n<meta property=\"article:publisher\" content=\"https:\/\/www.facebook.com\/ruubyconcept\" \/>\n<meta property=\"article:modified_time\" content=\"2026-04-07T22:28:28+00:00\" \/>\n<meta property=\"og:image\" content=\"https:\/\/ruuby.ee\/wp-content\/uploads\/2024\/11\/Screenshot-2024-11-29-at-15.54.14.png\" \/>\n\t<meta property=\"og:image:width\" content=\"1500\" \/>\n\t<meta property=\"og:image:height\" content=\"1250\" \/>\n\t<meta property=\"og:image:type\" content=\"image\/png\" \/>\n<meta name=\"twitter:card\" content=\"summary_large_image\" \/>\n<meta name=\"twitter:label1\" content=\"Estimated reading time\" \/>\n\t<meta name=\"twitter:data1\" content=\"1 minute\" \/>\n<script type=\"application\/ld+json\" class=\"yoast-schema-graph\">{\"@context\":\"https:\\\/\\\/schema.org\",\"@graph\":[{\"@type\":[\"WebPage\",\"ItemPage\"],\"@id\":\"https:\\\/\\\/ruuby.ee\\\/pood\\\/kodusisustus\\\/puhastusvahendid\\\/seebid\\\/kinfill-noudepesuvahendi-taitepakend-lemon-basil\\\/\",\"url\":\"https:\\\/\\\/ruuby.ee\\\/pood\\\/kodusisustus\\\/puhastusvahendid\\\/seebid\\\/kinfill-noudepesuvahendi-taitepakend-lemon-basil\\\/\",\"name\":\"KINFILL - N\u00f5udepesuvahendi t\u00e4itepakend, Lemon &amp; Basil - RUUBY\",\"isPartOf\":{\"@id\":\"http:\\\/\\\/ruuby.ee\\\/#website\"},\"primaryImageOfPage\":{\"@id\":\"https:\\\/\\\/ruuby.ee\\\/pood\\\/kodusisustus\\\/puhastusvahendid\\\/seebid\\\/kinfill-noudepesuvahendi-taitepakend-lemon-basil\\\/#primaryimage\"},\"image\":{\"@id\":\"https:\\\/\\\/ruuby.ee\\\/pood\\\/kodusisustus\\\/puhastusvahendid\\\/seebid\\\/kinfill-noudepesuvahendi-taitepakend-lemon-basil\\\/#primaryimage\"},\"thumbnailUrl\":\"http:\\\/\\\/ruuby.ee\\\/wp-content\\\/uploads\\\/2024\\\/11\\\/Screenshot-2024-11-29-at-15.54.14.png\",\"datePublished\":\"2024-11-29T13:52:03+00:00\",\"dateModified\":\"2026-04-07T22:28:28+00:00\",\"breadcrumb\":{\"@id\":\"https:\\\/\\\/ruuby.ee\\\/pood\\\/kodusisustus\\\/puhastusvahendid\\\/seebid\\\/kinfill-noudepesuvahendi-taitepakend-lemon-basil\\\/#breadcrumb\"},\"inLanguage\":\"en-GB\",\"potentialAction\":[{\"@type\":\"ReadAction\",\"target\":[\"https:\\\/\\\/ruuby.ee\\\/pood\\\/kodusisustus\\\/puhastusvahendid\\\/seebid\\\/kinfill-noudepesuvahendi-taitepakend-lemon-basil\\\/\"]}]},{\"@type\":\"ImageObject\",\"inLanguage\":\"en-GB\",\"@id\":\"https:\\\/\\\/ruuby.ee\\\/pood\\\/kodusisustus\\\/puhastusvahendid\\\/seebid\\\/kinfill-noudepesuvahendi-taitepakend-lemon-basil\\\/#primaryimage\",\"url\":\"http:\\\/\\\/ruuby.ee\\\/wp-content\\\/uploads\\\/2024\\\/11\\\/Screenshot-2024-11-29-at-15.54.14.png\",\"contentUrl\":\"http:\\\/\\\/ruuby.ee\\\/wp-content\\\/uploads\\\/2024\\\/11\\\/Screenshot-2024-11-29-at-15.54.14.png\",\"width\":1500,\"height\":1250},{\"@type\":\"BreadcrumbList\",\"@id\":\"https:\\\/\\\/ruuby.ee\\\/pood\\\/kodusisustus\\\/puhastusvahendid\\\/seebid\\\/kinfill-noudepesuvahendi-taitepakend-lemon-basil\\\/#breadcrumb\",\"itemListElement\":[{\"@type\":\"ListItem\",\"position\":1,\"name\":\"Kdu\",\"item\":\"http:\\\/\\\/ruuby.ee\\\/\"},{\"@type\":\"ListItem\",\"position\":2,\"name\":\"Pood\",\"item\":\"http:\\\/\\\/ruuby.ee\\\/pood\\\/\"},{\"@type\":\"ListItem\",\"position\":3,\"name\":\"KINFILL &#8211; N\u00f5udepesuvahendi t\u00e4itepakend, Lemon &amp; Basil\"}]},{\"@type\":\"WebSite\",\"@id\":\"http:\\\/\\\/ruuby.ee\\\/#website\",\"url\":\"http:\\\/\\\/ruuby.ee\\\/\",\"name\":\"RUUBY\",\"description\":\"Ruubys on \u00fchendatud elustiil ja disain\",\"publisher\":{\"@id\":\"http:\\\/\\\/ruuby.ee\\\/#organization\"},\"alternateName\":\"Ruuby Disain\",\"potentialAction\":[{\"@type\":\"SearchAction\",\"target\":{\"@type\":\"EntryPoint\",\"urlTemplate\":\"http:\\\/\\\/ruuby.ee\\\/?s={search_term_string}\"},\"query-input\":{\"@type\":\"PropertyValueSpecification\",\"valueRequired\":true,\"valueName\":\"search_term_string\"}}],\"inLanguage\":\"en-GB\"},{\"@type\":\"Organization\",\"@id\":\"http:\\\/\\\/ruuby.ee\\\/#organization\",\"name\":\"Ruuby Disain O\u00dc\",\"alternateName\":\"Ruuby\",\"url\":\"http:\\\/\\\/ruuby.ee\\\/\",\"logo\":{\"@type\":\"ImageObject\",\"inLanguage\":\"en-GB\",\"@id\":\"http:\\\/\\\/ruuby.ee\\\/#\\\/schema\\\/logo\\\/image\\\/\",\"url\":\"http:\\\/\\\/ruuby.ee\\\/wp-content\\\/uploads\\\/2023\\\/06\\\/cropped-Black-White-Elegant-Circle-Signature-Fashion-Logo-12_large.png\",\"contentUrl\":\"http:\\\/\\\/ruuby.ee\\\/wp-content\\\/uploads\\\/2023\\\/06\\\/cropped-Black-White-Elegant-Circle-Signature-Fashion-Logo-12_large.png\",\"width\":1280,\"height\":747,\"caption\":\"Ruuby Disain O\u00dc\"},\"image\":{\"@id\":\"http:\\\/\\\/ruuby.ee\\\/#\\\/schema\\\/logo\\\/image\\\/\"},\"sameAs\":[\"https:\\\/\\\/www.facebook.com\\\/ruubyconcept\",\"https:\\\/\\\/www.instagram.com\\\/ruuby_concept\\\/\"]}]}<\/script>\n<!-- \/ Yoast SEO plugin. -->","yoast_head_json":{"title":"KINFILL - N\u00f5udepesuvahendi t\u00e4itepakend, Lemon &amp; Basil - RUUBY","robots":{"index":"index","follow":"follow","max-snippet":"max-snippet:-1","max-image-preview":"max-image-preview:large","max-video-preview":"max-video-preview:-1"},"canonical":"https:\/\/ruuby.ee\/en\/pood\/kodusisustus\/puhastusvahendid\/seebid\/kinfill-noudepesuvahendi-taitepakend-lemon-basil\/","og_locale":"en_GB","og_type":"article","og_title":"KINFILL - N\u00f5udepesuvahendi t\u00e4itepakend, Lemon &amp; Basil - RUUBY","og_description":"Taask\u00e4itlus         Julmusevaba        Igavesti uuesti t\u00e4idetav        Valmistatud Hollandis","og_url":"https:\/\/ruuby.ee\/en\/pood\/kodusisustus\/puhastusvahendid\/seebid\/kinfill-noudepesuvahendi-taitepakend-lemon-basil\/","og_site_name":"RUUBY","article_publisher":"https:\/\/www.facebook.com\/ruubyconcept","article_modified_time":"2026-04-07T22:28:28+00:00","og_image":[{"width":1500,"height":1250,"url":"https:\/\/ruuby.ee\/wp-content\/uploads\/2024\/11\/Screenshot-2024-11-29-at-15.54.14.png","type":"image\/png"}],"twitter_card":"summary_large_image","twitter_misc":{"Estimated reading time":"1 minute"},"schema":{"@context":"https:\/\/schema.org","@graph":[{"@type":["WebPage","ItemPage"],"@id":"https:\/\/ruuby.ee\/pood\/kodusisustus\/puhastusvahendid\/seebid\/kinfill-noudepesuvahendi-taitepakend-lemon-basil\/","url":"https:\/\/ruuby.ee\/pood\/kodusisustus\/puhastusvahendid\/seebid\/kinfill-noudepesuvahendi-taitepakend-lemon-basil\/","name":"KINFILL - N\u00f5udepesuvahendi t\u00e4itepakend, Lemon &amp; Basil - RUUBY","isPartOf":{"@id":"http:\/\/ruuby.ee\/#website"},"primaryImageOfPage":{"@id":"https:\/\/ruuby.ee\/pood\/kodusisustus\/puhastusvahendid\/seebid\/kinfill-noudepesuvahendi-taitepakend-lemon-basil\/#primaryimage"},"image":{"@id":"https:\/\/ruuby.ee\/pood\/kodusisustus\/puhastusvahendid\/seebid\/kinfill-noudepesuvahendi-taitepakend-lemon-basil\/#primaryimage"},"thumbnailUrl":"http:\/\/ruuby.ee\/wp-content\/uploads\/2024\/11\/Screenshot-2024-11-29-at-15.54.14.png","datePublished":"2024-11-29T13:52:03+00:00","dateModified":"2026-04-07T22:28:28+00:00","breadcrumb":{"@id":"https:\/\/ruuby.ee\/pood\/kodusisustus\/puhastusvahendid\/seebid\/kinfill-noudepesuvahendi-taitepakend-lemon-basil\/#breadcrumb"},"inLanguage":"en-GB","potentialAction":[{"@type":"ReadAction","target":["https:\/\/ruuby.ee\/pood\/kodusisustus\/puhastusvahendid\/seebid\/kinfill-noudepesuvahendi-taitepakend-lemon-basil\/"]}]},{"@type":"ImageObject","inLanguage":"en-GB","@id":"https:\/\/ruuby.ee\/pood\/kodusisustus\/puhastusvahendid\/seebid\/kinfill-noudepesuvahendi-taitepakend-lemon-basil\/#primaryimage","url":"http:\/\/ruuby.ee\/wp-content\/uploads\/2024\/11\/Screenshot-2024-11-29-at-15.54.14.png","contentUrl":"http:\/\/ruuby.ee\/wp-content\/uploads\/2024\/11\/Screenshot-2024-11-29-at-15.54.14.png","width":1500,"height":1250},{"@type":"BreadcrumbList","@id":"https:\/\/ruuby.ee\/pood\/kodusisustus\/puhastusvahendid\/seebid\/kinfill-noudepesuvahendi-taitepakend-lemon-basil\/#breadcrumb","itemListElement":[{"@type":"ListItem","position":1,"name":"Kdu","item":"http:\/\/ruuby.ee\/"},{"@type":"ListItem","position":2,"name":"Pood","item":"http:\/\/ruuby.ee\/pood\/"},{"@type":"ListItem","position":3,"name":"KINFILL &#8211; N\u00f5udepesuvahendi t\u00e4itepakend, Lemon &amp; Basil"}]},{"@type":"WebSite","@id":"http:\/\/ruuby.ee\/#website","url":"http:\/\/ruuby.ee\/","name":"RUUBY","description":"Ruubys on \u00fchendatud elustiil ja disain","publisher":{"@id":"http:\/\/ruuby.ee\/#organization"},"alternateName":"Ruuby Disain","potentialAction":[{"@type":"SearchAction","target":{"@type":"EntryPoint","urlTemplate":"http:\/\/ruuby.ee\/?s={search_term_string}"},"query-input":{"@type":"PropertyValueSpecification","valueRequired":true,"valueName":"search_term_string"}}],"inLanguage":"en-GB"},{"@type":"Organization","@id":"http:\/\/ruuby.ee\/#organization","name":"Ruuby Disain O\u00dc","alternateName":"Ruuby","url":"http:\/\/ruuby.ee\/","logo":{"@type":"ImageObject","inLanguage":"en-GB","@id":"http:\/\/ruuby.ee\/#\/schema\/logo\/image\/","url":"http:\/\/ruuby.ee\/wp-content\/uploads\/2023\/06\/cropped-Black-White-Elegant-Circle-Signature-Fashion-Logo-12_large.png","contentUrl":"http:\/\/ruuby.ee\/wp-content\/uploads\/2023\/06\/cropped-Black-White-Elegant-Circle-Signature-Fashion-Logo-12_large.png","width":1280,"height":747,"caption":"Ruuby Disain O\u00dc"},"image":{"@id":"http:\/\/ruuby.ee\/#\/schema\/logo\/image\/"},"sameAs":["https:\/\/www.facebook.com\/ruubyconcept","https:\/\/www.instagram.com\/ruuby_concept\/"]}]}},"jetpack_sharing_enabled":true,"_links":{"self":[{"href":"http:\/\/ruuby.ee\/en\/wp-json\/wp\/v2\/product\/1850535","targetHints":{"allow":["GET"]}}],"collection":[{"href":"http:\/\/ruuby.ee\/en\/wp-json\/wp\/v2\/product"}],"about":[{"href":"http:\/\/ruuby.ee\/en\/wp-json\/wp\/v2\/types\/product"}],"replies":[{"embeddable":true,"href":"http:\/\/ruuby.ee\/en\/wp-json\/wp\/v2\/comments?post=1850535"}],"wp:featuredmedia":[{"embeddable":true,"href":"http:\/\/ruuby.ee\/en\/wp-json\/wp\/v2\/media\/1850537"}],"wp:attachment":[{"href":"http:\/\/ruuby.ee\/en\/wp-json\/wp\/v2\/media?parent=1850535"}],"wp:term":[{"taxonomy":"product_brand","embeddable":true,"href":"http:\/\/ruuby.ee\/en\/wp-json\/wp\/v2\/product_brand?post=1850535"},{"taxonomy":"product_cat","embeddable":true,"href":"http:\/\/ruuby.ee\/en\/wp-json\/wp\/v2\/product_cat?post=1850535"},{"taxonomy":"product_tag","embeddable":true,"href":"http:\/\/ruuby.ee\/en\/wp-json\/wp\/v2\/product_tag?post=1850535"}],"curies":[{"name":"wp","href":"https:\/\/api.w.org\/{rel}","templated":true}]}}