{"id":1850513,"date":"2024-11-29T15:07:36","date_gmt":"2024-11-29T13:07:36","guid":{"rendered":"http:\/\/ruuby.ee\/?post_type=product&#038;p=1850513"},"modified":"2026-04-08T01:28:28","modified_gmt":"2026-04-07T22:28:28","slug":"kinfill-rahustav-padjasprei-honey-chamomile","status":"publish","type":"product","link":"http:\/\/ruuby.ee\/en\/pood\/kodusisustus\/puhastusvahendid\/tekstiilipuhastus\/kinfill-rahustav-padjasprei-honey-chamomile\/","title":{"rendered":"KINFILL &#8211; Rahustav padjasprei, Honey &amp; Chamomile"},"content":{"rendered":"<p>See rahustav padjasprei, mis on l\u00e4bim\u00f5eldult valmistatud ainulaadsest mee ja kummeli segust, on loodud selleks, et aidata teil p\u00e4rast pikka p\u00e4eva l\u00f5\u00f5gastuda ja meelt leevendada. Selle looduslikud rahustavad omadused valmistavad teie keha ja vaimu ette heaks uneks.<\/p>\n<p>L\u00f5hn: Segu v\u00e4rskest m\u00e4nnist, rahustavast kummelist, kosutavast eukal\u00fcptist ja jahvatavast seedripuust juhatab teid \u00f5rnalt rahulikku und.<\/p>\n<p>Mis on pakendis: 1x klaaspudel rahustavat padjaspreid<\/p>\n<p>Koostisosad: Vesi, isioprop\u00fc\u00fclalkohol, monododekanoaat, parf\u00fc\u00fcm.<\/p>\n<p>Ohutute, 100% biolagunevate koostisosadega ja taaskasutatavasse klaaspudelisse pakitud padjaudu kehastab t\u00e4helepanelikkuse olemust, tagades, et teie unekeskkond on koosk\u00f5las teie p\u00fchendumusega puhtamale ja loomulikumale eluviisile. Tootel on B Corpi sertifikaat, mis peegeldab Kinfill p\u00fchendumust t\u00e4ita B Labi k\u00f5rgeid sotsiaalse ja keskkonnam\u00f5ju, l\u00e4bipaistvuse ja vastutuse standardeid.<\/p>\n<div class=\"product__block product__block--half\">\n<div class=\"product__icon__row\">\n<div class=\"product__icon icon-stroke\"><\/div>\n<\/div>\n<\/div>\n<div class=\"product__block product__block--half\">\n<div class=\"product__icon__row\">\n<div class=\"product__icon__text\"><\/div>\n<\/div>\n<\/div>","protected":false},"excerpt":{"rendered":"<div class=\"product__block product__block--half\">\n<div class=\"product__icon__row\">\n<div class=\"product__icon icon-stroke\">\n<div class=\"product__icon__holder\"><img decoding=\"async\" class=\"product__icon__img lazyautosizes ls-is-cached lazyloaded\" src=\"https:\/\/kinfill.com\/cdn\/shop\/files\/230508_Icon_No_single-use_plastic.png?v=1728545542&amp;width=40\" sizes=\"20px\" srcset=\"https:\/\/kinfill.com\/cdn\/shop\/files\/230508_Icon_No_single-use_plastic.png?v=1728545542&amp;width=50 50w, https:\/\/kinfill.com\/cdn\/shop\/files\/230508_Icon_No_single-use_plastic.png?v=1728545542&amp;width=60 60w, https:\/\/kinfill.com\/cdn\/shop\/files\/230508_Icon_No_single-use_plastic.png?v=1728545542&amp;width=70 70w, https:\/\/kinfill.com\/cdn\/shop\/files\/230508_Icon_No_single-use_plastic.png?v=1728545542&amp;width=80 80w, https:\/\/kinfill.com\/cdn\/shop\/files\/230508_Icon_No_single-use_plastic.png?v=1728545542&amp;width=90 90w, https:\/\/kinfill.com\/cdn\/shop\/files\/230508_Icon_No_single-use_plastic.png?v=1728545542&amp;width=100 100w, https:\/\/kinfill.com\/cdn\/shop\/files\/230508_Icon_No_single-use_plastic.png?v=1728545542&amp;width=110 110w, https:\/\/kinfill.com\/cdn\/shop\/files\/230508_Icon_No_single-use_plastic.png?v=1728545542&amp;width=119 119w\" width=\"40\" height=\"40\" \/>Taask\u00e4itlus<\/div>\n<\/div>\n<\/div>\n<\/div>\n<div class=\"product__block product__block--half\">\n<div class=\"product__icon__row\">\n<div class=\"product__icon icon-stroke\">\n<div class=\"product__icon__holder\"><img decoding=\"async\" class=\"product__icon__img lazyautosizes ls-is-cached lazyloaded\" src=\"https:\/\/kinfill.com\/cdn\/shop\/files\/230508_Icon_Cruelty-Free.png?v=1728545492&amp;width=40\" sizes=\"20px\" srcset=\"https:\/\/kinfill.com\/cdn\/shop\/files\/230508_Icon_Cruelty-Free.png?v=1728545492&amp;width=50 50w, https:\/\/kinfill.com\/cdn\/shop\/files\/230508_Icon_Cruelty-Free.png?v=1728545492&amp;width=60 60w, https:\/\/kinfill.com\/cdn\/shop\/files\/230508_Icon_Cruelty-Free.png?v=1728545492&amp;width=70 70w, https:\/\/kinfill.com\/cdn\/shop\/files\/230508_Icon_Cruelty-Free.png?v=1728545492&amp;width=80 80w, https:\/\/kinfill.com\/cdn\/shop\/files\/230508_Icon_Cruelty-Free.png?v=1728545492&amp;width=90 90w, https:\/\/kinfill.com\/cdn\/shop\/files\/230508_Icon_Cruelty-Free.png?v=1728545492&amp;width=100 100w, https:\/\/kinfill.com\/cdn\/shop\/files\/230508_Icon_Cruelty-Free.png?v=1728545492&amp;width=110 110w, https:\/\/kinfill.com\/cdn\/shop\/files\/230508_Icon_Cruelty-Free.png?v=1728545492&amp;width=119 119w\" width=\"40\" height=\"40\" \/><\/div>\n<\/div>\n<div class=\"product__icon__text\">Julmusevaba<\/div>\n<\/div>\n<\/div>\n<div class=\"product__block product__block--half\">\n<div class=\"product__icon__row\">\n<div class=\"product__icon icon-stroke\">\n<div class=\"product__icon__holder\"><img decoding=\"async\" class=\"product__icon__img lazyautosizes ls-is-cached lazyloaded\" src=\"https:\/\/kinfill.com\/cdn\/shop\/files\/230725_web_Icons-11.svg?v=1690285376&amp;width=40\" sizes=\"20px\" srcset=\"https:\/\/kinfill.com\/cdn\/shop\/files\/230725_web_Icons-11.svg?v=1690285376&amp;width=50 50w, https:\/\/kinfill.com\/cdn\/shop\/files\/230725_web_Icons-11.svg?v=1690285376&amp;width=60 60w, https:\/\/kinfill.com\/cdn\/shop\/files\/230725_web_Icons-11.svg?v=1690285376&amp;width=70 70w, https:\/\/kinfill.com\/cdn\/shop\/files\/230725_web_Icons-11.svg?v=1690285376&amp;width=80 80w, https:\/\/kinfill.com\/cdn\/shop\/files\/230725_web_Icons-11.svg?v=1690285376&amp;width=90 90w, https:\/\/kinfill.com\/cdn\/shop\/files\/230725_web_Icons-11.svg?v=1690285376&amp;width=100 100w, https:\/\/kinfill.com\/cdn\/shop\/files\/230725_web_Icons-11.svg?v=1690285376&amp;width=110 110w, https:\/\/kinfill.com\/cdn\/shop\/files\/230725_web_Icons-11.svg?v=1690285376&amp;width=120 120w, https:\/\/kinfill.com\/cdn\/shop\/files\/230725_web_Icons-11.svg?v=1690285376&amp;width=130 130w, https:\/\/kinfill.com\/cdn\/shop\/files\/230725_web_Icons-11.svg?v=1690285376&amp;width=130 130w\" width=\"40\" height=\"40\" \/><\/div>\n<\/div>\n<div class=\"product__icon__text\">Igavesti uuesti t\u00e4idetav<\/div>\n<\/div>\n<\/div>\n<div class=\"product__block product__block--half\">\n<div class=\"product__icon__row\">\n<div class=\"product__icon icon-stroke\">\n<div class=\"product__icon__holder\"><img loading=\"lazy\" decoding=\"async\" class=\"product__icon__img lazyautosizes ls-is-cached lazyloaded\" src=\"https:\/\/kinfill.com\/cdn\/shop\/files\/230725_web_Icons-10.svg?v=1690285376&amp;width=40\" sizes=\"20px\" srcset=\"https:\/\/kinfill.com\/cdn\/shop\/files\/230725_web_Icons-10.svg?v=1690285376&amp;width=50 50w, https:\/\/kinfill.com\/cdn\/shop\/files\/230725_web_Icons-10.svg?v=1690285376&amp;width=60 60w, https:\/\/kinfill.com\/cdn\/shop\/files\/230725_web_Icons-10.svg?v=1690285376&amp;width=70 70w, https:\/\/kinfill.com\/cdn\/shop\/files\/230725_web_Icons-10.svg?v=1690285376&amp;width=80 80w, https:\/\/kinfill.com\/cdn\/shop\/files\/230725_web_Icons-10.svg?v=1690285376&amp;width=90 90w, https:\/\/kinfill.com\/cdn\/shop\/files\/230725_web_Icons-10.svg?v=1690285376&amp;width=100 100w, https:\/\/kinfill.com\/cdn\/shop\/files\/230725_web_Icons-10.svg?v=1690285376&amp;width=110 110w, https:\/\/kinfill.com\/cdn\/shop\/files\/230725_web_Icons-10.svg?v=1690285376&amp;width=120 120w, https:\/\/kinfill.com\/cdn\/shop\/files\/230725_web_Icons-10.svg?v=1690285376&amp;width=130 130w, https:\/\/kinfill.com\/cdn\/shop\/files\/230725_web_Icons-10.svg?v=1690285376&amp;width=130 130w\" width=\"40\" height=\"40\" \/><\/div>\n<\/div>\n<div class=\"product__icon__text\">Valmistatud Hollandis<\/div>\n<div><\/div>\n<\/div>\n<\/div>\n<p>&nbsp;<\/p>","protected":false},"featured_media":1850515,"comment_status":"closed","ping_status":"closed","template":"","meta":[],"product_brand":[],"product_cat":[42,891,44,988],"product_tag":[],"class_list":{"0":"post-1850513","1":"product","2":"type-product","3":"status-publish","4":"has-post-thumbnail","6":"product_cat-kodusisustus","7":"product_cat-puhastusvahendid","8":"product_cat-ruumilohnastajad","9":"product_cat-tekstiilipuhastus","11":"first","12":"instock","13":"taxable","14":"shipping-taxable","15":"purchasable","16":"product-type-simple"},"yoast_head":"<!-- This site is optimized with the Yoast SEO plugin v27.3 - https:\/\/yoast.com\/product\/yoast-seo-wordpress\/ -->\n<title>KINFILL - Rahustav padjasprei, Honey &amp; Chamomile - RUUBY<\/title>\n<meta name=\"robots\" content=\"index, follow, max-snippet:-1, max-image-preview:large, max-video-preview:-1\" \/>\n<link rel=\"canonical\" href=\"http:\/\/ruuby.ee\/en\/pood\/kodusisustus\/puhastusvahendid\/tekstiilipuhastus\/kinfill-rahustav-padjasprei-honey-chamomile\/\" \/>\n<meta property=\"og:locale\" content=\"en_GB\" \/>\n<meta property=\"og:type\" content=\"article\" \/>\n<meta property=\"og:title\" content=\"KINFILL - Rahustav padjasprei, Honey &amp; Chamomile - RUUBY\" \/>\n<meta property=\"og:description\" content=\"Taask\u00e4itlus         Julmusevaba        Igavesti uuesti t\u00e4idetav        Valmistatud Hollandis    &nbsp;\" \/>\n<meta property=\"og:url\" content=\"http:\/\/ruuby.ee\/en\/pood\/kodusisustus\/puhastusvahendid\/tekstiilipuhastus\/kinfill-rahustav-padjasprei-honey-chamomile\/\" \/>\n<meta property=\"og:site_name\" content=\"RUUBY\" \/>\n<meta property=\"article:publisher\" content=\"https:\/\/www.facebook.com\/ruubyconcept\" \/>\n<meta property=\"article:modified_time\" content=\"2026-04-07T22:28:28+00:00\" \/>\n<meta property=\"og:image\" content=\"http:\/\/ruuby.ee\/wp-content\/uploads\/2024\/11\/Screenshot-2024-11-29-at-15.05.32-1024x837.png\" \/>\n\t<meta property=\"og:image:width\" content=\"1024\" \/>\n\t<meta property=\"og:image:height\" content=\"837\" \/>\n\t<meta property=\"og:image:type\" content=\"image\/png\" \/>\n<meta name=\"twitter:card\" content=\"summary_large_image\" \/>\n<meta name=\"twitter:label1\" content=\"Estimated reading time\" \/>\n\t<meta name=\"twitter:data1\" content=\"1 minute\" \/>\n<script type=\"application\/ld+json\" class=\"yoast-schema-graph\">{\"@context\":\"https:\\\/\\\/schema.org\",\"@graph\":[{\"@type\":[\"WebPage\",\"ItemPage\"],\"@id\":\"http:\\\/\\\/ruuby.ee\\\/en\\\/pood\\\/kodusisustus\\\/puhastusvahendid\\\/tekstiilipuhastus\\\/kinfill-rahustav-padjasprei-honey-chamomile\\\/\",\"url\":\"http:\\\/\\\/ruuby.ee\\\/en\\\/pood\\\/kodusisustus\\\/puhastusvahendid\\\/tekstiilipuhastus\\\/kinfill-rahustav-padjasprei-honey-chamomile\\\/\",\"name\":\"KINFILL - Rahustav padjasprei, Honey &amp; Chamomile - RUUBY\",\"isPartOf\":{\"@id\":\"https:\\\/\\\/ruuby.ee\\\/en\\\/#website\"},\"primaryImageOfPage\":{\"@id\":\"http:\\\/\\\/ruuby.ee\\\/en\\\/pood\\\/kodusisustus\\\/puhastusvahendid\\\/tekstiilipuhastus\\\/kinfill-rahustav-padjasprei-honey-chamomile\\\/#primaryimage\"},\"image\":{\"@id\":\"http:\\\/\\\/ruuby.ee\\\/en\\\/pood\\\/kodusisustus\\\/puhastusvahendid\\\/tekstiilipuhastus\\\/kinfill-rahustav-padjasprei-honey-chamomile\\\/#primaryimage\"},\"thumbnailUrl\":\"http:\\\/\\\/ruuby.ee\\\/wp-content\\\/uploads\\\/2024\\\/11\\\/Screenshot-2024-11-29-at-15.05.32.png\",\"datePublished\":\"2024-11-29T13:07:36+00:00\",\"dateModified\":\"2026-04-07T22:28:28+00:00\",\"breadcrumb\":{\"@id\":\"http:\\\/\\\/ruuby.ee\\\/en\\\/pood\\\/kodusisustus\\\/puhastusvahendid\\\/tekstiilipuhastus\\\/kinfill-rahustav-padjasprei-honey-chamomile\\\/#breadcrumb\"},\"inLanguage\":\"en-GB\",\"potentialAction\":[{\"@type\":\"ReadAction\",\"target\":[\"http:\\\/\\\/ruuby.ee\\\/en\\\/pood\\\/kodusisustus\\\/puhastusvahendid\\\/tekstiilipuhastus\\\/kinfill-rahustav-padjasprei-honey-chamomile\\\/\"]}]},{\"@type\":\"ImageObject\",\"inLanguage\":\"en-GB\",\"@id\":\"http:\\\/\\\/ruuby.ee\\\/en\\\/pood\\\/kodusisustus\\\/puhastusvahendid\\\/tekstiilipuhastus\\\/kinfill-rahustav-padjasprei-honey-chamomile\\\/#primaryimage\",\"url\":\"http:\\\/\\\/ruuby.ee\\\/wp-content\\\/uploads\\\/2024\\\/11\\\/Screenshot-2024-11-29-at-15.05.32.png\",\"contentUrl\":\"http:\\\/\\\/ruuby.ee\\\/wp-content\\\/uploads\\\/2024\\\/11\\\/Screenshot-2024-11-29-at-15.05.32.png\",\"width\":1504,\"height\":1230},{\"@type\":\"BreadcrumbList\",\"@id\":\"http:\\\/\\\/ruuby.ee\\\/en\\\/pood\\\/kodusisustus\\\/puhastusvahendid\\\/tekstiilipuhastus\\\/kinfill-rahustav-padjasprei-honey-chamomile\\\/#breadcrumb\",\"itemListElement\":[{\"@type\":\"ListItem\",\"position\":1,\"name\":\"Kdu\",\"item\":\"https:\\\/\\\/ruuby.ee\\\/en\\\/\"},{\"@type\":\"ListItem\",\"position\":2,\"name\":\"Pood\",\"item\":\"http:\\\/\\\/ruuby.ee\\\/en\\\/pood\\\/\"},{\"@type\":\"ListItem\",\"position\":3,\"name\":\"KINFILL &#8211; Rahustav padjasprei, Honey &amp; Chamomile\"}]},{\"@type\":\"WebSite\",\"@id\":\"https:\\\/\\\/ruuby.ee\\\/en\\\/#website\",\"url\":\"https:\\\/\\\/ruuby.ee\\\/en\\\/\",\"name\":\"RUUBY\",\"description\":\"Ruubys on \u00fchendatud elustiil ja disain\",\"publisher\":{\"@id\":\"https:\\\/\\\/ruuby.ee\\\/en\\\/#organization\"},\"alternateName\":\"Ruuby Disain\",\"potentialAction\":[{\"@type\":\"SearchAction\",\"target\":{\"@type\":\"EntryPoint\",\"urlTemplate\":\"https:\\\/\\\/ruuby.ee\\\/en\\\/?s={search_term_string}\"},\"query-input\":{\"@type\":\"PropertyValueSpecification\",\"valueRequired\":true,\"valueName\":\"search_term_string\"}}],\"inLanguage\":\"en-GB\"},{\"@type\":\"Organization\",\"@id\":\"https:\\\/\\\/ruuby.ee\\\/en\\\/#organization\",\"name\":\"Ruuby Disain O\u00dc\",\"alternateName\":\"Ruuby\",\"url\":\"https:\\\/\\\/ruuby.ee\\\/en\\\/\",\"logo\":{\"@type\":\"ImageObject\",\"inLanguage\":\"en-GB\",\"@id\":\"https:\\\/\\\/ruuby.ee\\\/en\\\/#\\\/schema\\\/logo\\\/image\\\/\",\"url\":\"http:\\\/\\\/ruuby.ee\\\/wp-content\\\/uploads\\\/2023\\\/06\\\/cropped-Black-White-Elegant-Circle-Signature-Fashion-Logo-12_large.png\",\"contentUrl\":\"http:\\\/\\\/ruuby.ee\\\/wp-content\\\/uploads\\\/2023\\\/06\\\/cropped-Black-White-Elegant-Circle-Signature-Fashion-Logo-12_large.png\",\"width\":1280,\"height\":747,\"caption\":\"Ruuby Disain O\u00dc\"},\"image\":{\"@id\":\"https:\\\/\\\/ruuby.ee\\\/en\\\/#\\\/schema\\\/logo\\\/image\\\/\"},\"sameAs\":[\"https:\\\/\\\/www.facebook.com\\\/ruubyconcept\",\"https:\\\/\\\/www.instagram.com\\\/ruuby_concept\\\/\"]}]}<\/script>\n<!-- \/ Yoast SEO plugin. -->","yoast_head_json":{"title":"KINFILL - Rahustav padjasprei, Honey &amp; Chamomile - RUUBY","robots":{"index":"index","follow":"follow","max-snippet":"max-snippet:-1","max-image-preview":"max-image-preview:large","max-video-preview":"max-video-preview:-1"},"canonical":"http:\/\/ruuby.ee\/en\/pood\/kodusisustus\/puhastusvahendid\/tekstiilipuhastus\/kinfill-rahustav-padjasprei-honey-chamomile\/","og_locale":"en_GB","og_type":"article","og_title":"KINFILL - Rahustav padjasprei, Honey &amp; Chamomile - RUUBY","og_description":"Taask\u00e4itlus         Julmusevaba        Igavesti uuesti t\u00e4idetav        Valmistatud Hollandis    &nbsp;","og_url":"http:\/\/ruuby.ee\/en\/pood\/kodusisustus\/puhastusvahendid\/tekstiilipuhastus\/kinfill-rahustav-padjasprei-honey-chamomile\/","og_site_name":"RUUBY","article_publisher":"https:\/\/www.facebook.com\/ruubyconcept","article_modified_time":"2026-04-07T22:28:28+00:00","og_image":[{"width":1024,"height":837,"url":"http:\/\/ruuby.ee\/wp-content\/uploads\/2024\/11\/Screenshot-2024-11-29-at-15.05.32-1024x837.png","type":"image\/png"}],"twitter_card":"summary_large_image","twitter_misc":{"Estimated reading time":"1 minute"},"schema":{"@context":"https:\/\/schema.org","@graph":[{"@type":["WebPage","ItemPage"],"@id":"http:\/\/ruuby.ee\/en\/pood\/kodusisustus\/puhastusvahendid\/tekstiilipuhastus\/kinfill-rahustav-padjasprei-honey-chamomile\/","url":"http:\/\/ruuby.ee\/en\/pood\/kodusisustus\/puhastusvahendid\/tekstiilipuhastus\/kinfill-rahustav-padjasprei-honey-chamomile\/","name":"KINFILL - Rahustav padjasprei, Honey &amp; Chamomile - RUUBY","isPartOf":{"@id":"https:\/\/ruuby.ee\/en\/#website"},"primaryImageOfPage":{"@id":"http:\/\/ruuby.ee\/en\/pood\/kodusisustus\/puhastusvahendid\/tekstiilipuhastus\/kinfill-rahustav-padjasprei-honey-chamomile\/#primaryimage"},"image":{"@id":"http:\/\/ruuby.ee\/en\/pood\/kodusisustus\/puhastusvahendid\/tekstiilipuhastus\/kinfill-rahustav-padjasprei-honey-chamomile\/#primaryimage"},"thumbnailUrl":"http:\/\/ruuby.ee\/wp-content\/uploads\/2024\/11\/Screenshot-2024-11-29-at-15.05.32.png","datePublished":"2024-11-29T13:07:36+00:00","dateModified":"2026-04-07T22:28:28+00:00","breadcrumb":{"@id":"http:\/\/ruuby.ee\/en\/pood\/kodusisustus\/puhastusvahendid\/tekstiilipuhastus\/kinfill-rahustav-padjasprei-honey-chamomile\/#breadcrumb"},"inLanguage":"en-GB","potentialAction":[{"@type":"ReadAction","target":["http:\/\/ruuby.ee\/en\/pood\/kodusisustus\/puhastusvahendid\/tekstiilipuhastus\/kinfill-rahustav-padjasprei-honey-chamomile\/"]}]},{"@type":"ImageObject","inLanguage":"en-GB","@id":"http:\/\/ruuby.ee\/en\/pood\/kodusisustus\/puhastusvahendid\/tekstiilipuhastus\/kinfill-rahustav-padjasprei-honey-chamomile\/#primaryimage","url":"http:\/\/ruuby.ee\/wp-content\/uploads\/2024\/11\/Screenshot-2024-11-29-at-15.05.32.png","contentUrl":"http:\/\/ruuby.ee\/wp-content\/uploads\/2024\/11\/Screenshot-2024-11-29-at-15.05.32.png","width":1504,"height":1230},{"@type":"BreadcrumbList","@id":"http:\/\/ruuby.ee\/en\/pood\/kodusisustus\/puhastusvahendid\/tekstiilipuhastus\/kinfill-rahustav-padjasprei-honey-chamomile\/#breadcrumb","itemListElement":[{"@type":"ListItem","position":1,"name":"Kdu","item":"https:\/\/ruuby.ee\/en\/"},{"@type":"ListItem","position":2,"name":"Pood","item":"http:\/\/ruuby.ee\/en\/pood\/"},{"@type":"ListItem","position":3,"name":"KINFILL &#8211; Rahustav padjasprei, Honey &amp; Chamomile"}]},{"@type":"WebSite","@id":"https:\/\/ruuby.ee\/en\/#website","url":"https:\/\/ruuby.ee\/en\/","name":"RUUBY","description":"Ruubys on \u00fchendatud elustiil ja disain","publisher":{"@id":"https:\/\/ruuby.ee\/en\/#organization"},"alternateName":"Ruuby Disain","potentialAction":[{"@type":"SearchAction","target":{"@type":"EntryPoint","urlTemplate":"https:\/\/ruuby.ee\/en\/?s={search_term_string}"},"query-input":{"@type":"PropertyValueSpecification","valueRequired":true,"valueName":"search_term_string"}}],"inLanguage":"en-GB"},{"@type":"Organization","@id":"https:\/\/ruuby.ee\/en\/#organization","name":"Ruuby Disain O\u00dc","alternateName":"Ruuby","url":"https:\/\/ruuby.ee\/en\/","logo":{"@type":"ImageObject","inLanguage":"en-GB","@id":"https:\/\/ruuby.ee\/en\/#\/schema\/logo\/image\/","url":"http:\/\/ruuby.ee\/wp-content\/uploads\/2023\/06\/cropped-Black-White-Elegant-Circle-Signature-Fashion-Logo-12_large.png","contentUrl":"http:\/\/ruuby.ee\/wp-content\/uploads\/2023\/06\/cropped-Black-White-Elegant-Circle-Signature-Fashion-Logo-12_large.png","width":1280,"height":747,"caption":"Ruuby Disain O\u00dc"},"image":{"@id":"https:\/\/ruuby.ee\/en\/#\/schema\/logo\/image\/"},"sameAs":["https:\/\/www.facebook.com\/ruubyconcept","https:\/\/www.instagram.com\/ruuby_concept\/"]}]}},"jetpack_sharing_enabled":true,"_links":{"self":[{"href":"http:\/\/ruuby.ee\/en\/wp-json\/wp\/v2\/product\/1850513","targetHints":{"allow":["GET"]}}],"collection":[{"href":"http:\/\/ruuby.ee\/en\/wp-json\/wp\/v2\/product"}],"about":[{"href":"http:\/\/ruuby.ee\/en\/wp-json\/wp\/v2\/types\/product"}],"replies":[{"embeddable":true,"href":"http:\/\/ruuby.ee\/en\/wp-json\/wp\/v2\/comments?post=1850513"}],"wp:featuredmedia":[{"embeddable":true,"href":"http:\/\/ruuby.ee\/en\/wp-json\/wp\/v2\/media\/1850515"}],"wp:attachment":[{"href":"http:\/\/ruuby.ee\/en\/wp-json\/wp\/v2\/media?parent=1850513"}],"wp:term":[{"taxonomy":"product_brand","embeddable":true,"href":"http:\/\/ruuby.ee\/en\/wp-json\/wp\/v2\/product_brand?post=1850513"},{"taxonomy":"product_cat","embeddable":true,"href":"http:\/\/ruuby.ee\/en\/wp-json\/wp\/v2\/product_cat?post=1850513"},{"taxonomy":"product_tag","embeddable":true,"href":"http:\/\/ruuby.ee\/en\/wp-json\/wp\/v2\/product_tag?post=1850513"}],"curies":[{"name":"wp","href":"https:\/\/api.w.org\/{rel}","templated":true}]}}