{"id":1850407,"date":"2024-11-17T09:24:31","date_gmt":"2024-11-17T07:24:31","guid":{"rendered":"http:\/\/ruuby.ee\/?post_type=product&#038;p=1850407"},"modified":"2026-04-08T01:28:29","modified_gmt":"2026-04-07T22:28:29","slug":"lubech-living-joulukuused-3tk","status":"publish","type":"product","link":"http:\/\/ruuby.ee\/en\/pood\/joulueri\/jouluehted\/lubech-living-joulukuused-3tk\/","title":{"rendered":"L\u00fcbech Living &#8211; J\u00f5ulukuused 3tk"},"content":{"rendered":"<p>Need j\u00f5ulupuud pole mitte ainult ilusad ja dekoratiivsed elemendid j\u00f5uludeks, vaid need on valmistatud ka s\u00e4\u00e4stvatest ja taaskasutatavatest materjalidest.<\/p>\n<p>Oma k\u00e4sitsi valmistatud puudutuse ja ainulaadse v\u00e4limusega lisavad need igale j\u00f5ulukaunistusele isikup\u00e4rase ja sooja tunde.<\/p>\n<p>Need sobivad suurep\u00e4raselt kaunite dekoratiivesemetena lauale, teie riiulile v\u00f5i aknalauale. Neid saab eksponeerida komplektina v\u00f5i \u00fcksikult. Selles v\u00e4ikeses komplektis on 3 suurust.<\/p>\n<p>Meie kasutatav paber p\u00e4rineb aegunud ajalehtedest ja muust vanapaberist, mis tagab selle toote minimaalse keskkonnam\u00f5ju. \u00dcksk\u00f5ik, kas j\u00f5ulukuused kaunistavad lauda, \u200b\u200brestoranis, kontoris v\u00f5i mujal, on need kindlasti vestluse alustajaks ja r\u00f5\u00f5muks paljudele meeltele. See on ideaalne kingitus kallimale, ettev\u00f5tte kingituseks v\u00f5i endale.<\/p>\n<p>Nagu ka \u00fclej\u00e4\u00e4nud OOhh tooted, on need suunatud k\u00f5igile, kelle jaoks on keskkonnal suur t\u00e4htsus, aga ka neile, kellel on suur huvi kauni disaini vastu.<\/p>\n<p>J\u00f5ulupuud valmistavad naised Sri Lankal \u00f5iglase kaubanduse projektis OOhh. 2010. aastal sai alguse projekt OOhh, kus t\u00e4na on 250 daami, kes t\u00f6\u00f6tavad kodus. Naised t\u00f6\u00f6tavad suure uhkusega, et luua ilusaid ja j\u00e4tkusuutlikke tooteid.<\/p>\n<p>M\u00f5\u00f5dud: H13 \/ H17 \/ H21 cm<\/p>","protected":false},"excerpt":{"rendered":"<p>Kaunista oma kodu imeliste kuuskede komplektidega!<\/p>\n<p>&nbsp;<\/p>","protected":false},"featured_media":1850409,"comment_status":"open","ping_status":"closed","template":"","meta":[],"product_brand":[],"product_cat":[949,491],"product_tag":[],"class_list":{"0":"post-1850407","1":"product","2":"type-product","3":"status-publish","4":"has-post-thumbnail","6":"product_cat-jouluehted","7":"product_cat-joulueri","9":"first","10":"instock","11":"taxable","12":"shipping-taxable","13":"purchasable","14":"product-type-simple"},"yoast_head":"<!-- This site is optimized with the Yoast SEO plugin v27.3 - https:\/\/yoast.com\/product\/yoast-seo-wordpress\/ -->\n<title>L\u00fcbech Living - J\u00f5ulukuused 3tk - RUUBY<\/title>\n<meta name=\"robots\" content=\"index, follow, max-snippet:-1, max-image-preview:large, max-video-preview:-1\" \/>\n<link rel=\"canonical\" href=\"https:\/\/ruuby.ee\/en\/pood\/joulueri\/jouluehted\/lubech-living-joulukuused-3tk\/\" \/>\n<meta property=\"og:locale\" content=\"en_GB\" \/>\n<meta property=\"og:type\" content=\"article\" \/>\n<meta property=\"og:title\" content=\"L\u00fcbech Living - J\u00f5ulukuused 3tk - RUUBY\" \/>\n<meta property=\"og:description\" content=\"Kaunista oma kodu imeliste kuuskede komplektidega!  &nbsp;\" \/>\n<meta property=\"og:url\" content=\"https:\/\/ruuby.ee\/en\/pood\/joulueri\/jouluehted\/lubech-living-joulukuused-3tk\/\" \/>\n<meta property=\"og:site_name\" content=\"RUUBY\" \/>\n<meta property=\"article:publisher\" content=\"https:\/\/www.facebook.com\/ruubyconcept\" \/>\n<meta property=\"article:modified_time\" content=\"2026-04-07T22:28:29+00:00\" \/>\n<meta property=\"og:image\" content=\"https:\/\/ruuby.ee\/wp-content\/uploads\/2024\/11\/IMG_3700.webp\" \/>\n\t<meta property=\"og:image:width\" content=\"610\" \/>\n\t<meta property=\"og:image:height\" content=\"610\" \/>\n\t<meta property=\"og:image:type\" content=\"image\/webp\" \/>\n<meta name=\"twitter:card\" content=\"summary_large_image\" \/>\n<meta name=\"twitter:label1\" content=\"Estimated reading time\" \/>\n\t<meta name=\"twitter:data1\" content=\"2 minutes\" \/>\n<script type=\"application\/ld+json\" class=\"yoast-schema-graph\">{\"@context\":\"https:\\\/\\\/schema.org\",\"@graph\":[{\"@type\":[\"WebPage\",\"ItemPage\"],\"@id\":\"https:\\\/\\\/ruuby.ee\\\/pood\\\/joulueri\\\/jouluehted\\\/lubech-living-joulukuused-3tk\\\/\",\"url\":\"https:\\\/\\\/ruuby.ee\\\/pood\\\/joulueri\\\/jouluehted\\\/lubech-living-joulukuused-3tk\\\/\",\"name\":\"L\u00fcbech Living - J\u00f5ulukuused 3tk - RUUBY\",\"isPartOf\":{\"@id\":\"http:\\\/\\\/ruuby.ee\\\/en\\\/#website\"},\"primaryImageOfPage\":{\"@id\":\"https:\\\/\\\/ruuby.ee\\\/pood\\\/joulueri\\\/jouluehted\\\/lubech-living-joulukuused-3tk\\\/#primaryimage\"},\"image\":{\"@id\":\"https:\\\/\\\/ruuby.ee\\\/pood\\\/joulueri\\\/jouluehted\\\/lubech-living-joulukuused-3tk\\\/#primaryimage\"},\"thumbnailUrl\":\"http:\\\/\\\/ruuby.ee\\\/wp-content\\\/uploads\\\/2024\\\/11\\\/IMG_3700.webp\",\"datePublished\":\"2024-11-17T07:24:31+00:00\",\"dateModified\":\"2026-04-07T22:28:29+00:00\",\"breadcrumb\":{\"@id\":\"https:\\\/\\\/ruuby.ee\\\/pood\\\/joulueri\\\/jouluehted\\\/lubech-living-joulukuused-3tk\\\/#breadcrumb\"},\"inLanguage\":\"en-GB\",\"potentialAction\":[{\"@type\":\"ReadAction\",\"target\":[\"https:\\\/\\\/ruuby.ee\\\/pood\\\/joulueri\\\/jouluehted\\\/lubech-living-joulukuused-3tk\\\/\"]}]},{\"@type\":\"ImageObject\",\"inLanguage\":\"en-GB\",\"@id\":\"https:\\\/\\\/ruuby.ee\\\/pood\\\/joulueri\\\/jouluehted\\\/lubech-living-joulukuused-3tk\\\/#primaryimage\",\"url\":\"http:\\\/\\\/ruuby.ee\\\/wp-content\\\/uploads\\\/2024\\\/11\\\/IMG_3700.webp\",\"contentUrl\":\"http:\\\/\\\/ruuby.ee\\\/wp-content\\\/uploads\\\/2024\\\/11\\\/IMG_3700.webp\",\"width\":610,\"height\":610},{\"@type\":\"BreadcrumbList\",\"@id\":\"https:\\\/\\\/ruuby.ee\\\/pood\\\/joulueri\\\/jouluehted\\\/lubech-living-joulukuused-3tk\\\/#breadcrumb\",\"itemListElement\":[{\"@type\":\"ListItem\",\"position\":1,\"name\":\"Kdu\",\"item\":\"http:\\\/\\\/ruuby.ee\\\/en\\\/\"},{\"@type\":\"ListItem\",\"position\":2,\"name\":\"Pood\",\"item\":\"http:\\\/\\\/ruuby.ee\\\/en\\\/pood\\\/\"},{\"@type\":\"ListItem\",\"position\":3,\"name\":\"L\u00fcbech Living &#8211; J\u00f5ulukuused 3tk\"}]},{\"@type\":\"WebSite\",\"@id\":\"http:\\\/\\\/ruuby.ee\\\/en\\\/#website\",\"url\":\"http:\\\/\\\/ruuby.ee\\\/en\\\/\",\"name\":\"RUUBY\",\"description\":\"Ruubys on \u00fchendatud elustiil ja disain\",\"publisher\":{\"@id\":\"http:\\\/\\\/ruuby.ee\\\/en\\\/#organization\"},\"alternateName\":\"Ruuby Disain\",\"potentialAction\":[{\"@type\":\"SearchAction\",\"target\":{\"@type\":\"EntryPoint\",\"urlTemplate\":\"http:\\\/\\\/ruuby.ee\\\/en\\\/?s={search_term_string}\"},\"query-input\":{\"@type\":\"PropertyValueSpecification\",\"valueRequired\":true,\"valueName\":\"search_term_string\"}}],\"inLanguage\":\"en-GB\"},{\"@type\":\"Organization\",\"@id\":\"http:\\\/\\\/ruuby.ee\\\/en\\\/#organization\",\"name\":\"Ruuby Disain O\u00dc\",\"alternateName\":\"Ruuby\",\"url\":\"http:\\\/\\\/ruuby.ee\\\/en\\\/\",\"logo\":{\"@type\":\"ImageObject\",\"inLanguage\":\"en-GB\",\"@id\":\"http:\\\/\\\/ruuby.ee\\\/en\\\/#\\\/schema\\\/logo\\\/image\\\/\",\"url\":\"http:\\\/\\\/ruuby.ee\\\/wp-content\\\/uploads\\\/2023\\\/06\\\/cropped-Black-White-Elegant-Circle-Signature-Fashion-Logo-12_large.png\",\"contentUrl\":\"http:\\\/\\\/ruuby.ee\\\/wp-content\\\/uploads\\\/2023\\\/06\\\/cropped-Black-White-Elegant-Circle-Signature-Fashion-Logo-12_large.png\",\"width\":1280,\"height\":747,\"caption\":\"Ruuby Disain O\u00dc\"},\"image\":{\"@id\":\"http:\\\/\\\/ruuby.ee\\\/en\\\/#\\\/schema\\\/logo\\\/image\\\/\"},\"sameAs\":[\"https:\\\/\\\/www.facebook.com\\\/ruubyconcept\",\"https:\\\/\\\/www.instagram.com\\\/ruuby_concept\\\/\"]}]}<\/script>\n<!-- \/ Yoast SEO plugin. -->","yoast_head_json":{"title":"L\u00fcbech Living - J\u00f5ulukuused 3tk - RUUBY","robots":{"index":"index","follow":"follow","max-snippet":"max-snippet:-1","max-image-preview":"max-image-preview:large","max-video-preview":"max-video-preview:-1"},"canonical":"https:\/\/ruuby.ee\/en\/pood\/joulueri\/jouluehted\/lubech-living-joulukuused-3tk\/","og_locale":"en_GB","og_type":"article","og_title":"L\u00fcbech Living - J\u00f5ulukuused 3tk - RUUBY","og_description":"Kaunista oma kodu imeliste kuuskede komplektidega!  &nbsp;","og_url":"https:\/\/ruuby.ee\/en\/pood\/joulueri\/jouluehted\/lubech-living-joulukuused-3tk\/","og_site_name":"RUUBY","article_publisher":"https:\/\/www.facebook.com\/ruubyconcept","article_modified_time":"2026-04-07T22:28:29+00:00","og_image":[{"width":610,"height":610,"url":"https:\/\/ruuby.ee\/wp-content\/uploads\/2024\/11\/IMG_3700.webp","type":"image\/webp"}],"twitter_card":"summary_large_image","twitter_misc":{"Estimated reading time":"2 minutes"},"schema":{"@context":"https:\/\/schema.org","@graph":[{"@type":["WebPage","ItemPage"],"@id":"https:\/\/ruuby.ee\/pood\/joulueri\/jouluehted\/lubech-living-joulukuused-3tk\/","url":"https:\/\/ruuby.ee\/pood\/joulueri\/jouluehted\/lubech-living-joulukuused-3tk\/","name":"L\u00fcbech Living - J\u00f5ulukuused 3tk - RUUBY","isPartOf":{"@id":"http:\/\/ruuby.ee\/en\/#website"},"primaryImageOfPage":{"@id":"https:\/\/ruuby.ee\/pood\/joulueri\/jouluehted\/lubech-living-joulukuused-3tk\/#primaryimage"},"image":{"@id":"https:\/\/ruuby.ee\/pood\/joulueri\/jouluehted\/lubech-living-joulukuused-3tk\/#primaryimage"},"thumbnailUrl":"http:\/\/ruuby.ee\/wp-content\/uploads\/2024\/11\/IMG_3700.webp","datePublished":"2024-11-17T07:24:31+00:00","dateModified":"2026-04-07T22:28:29+00:00","breadcrumb":{"@id":"https:\/\/ruuby.ee\/pood\/joulueri\/jouluehted\/lubech-living-joulukuused-3tk\/#breadcrumb"},"inLanguage":"en-GB","potentialAction":[{"@type":"ReadAction","target":["https:\/\/ruuby.ee\/pood\/joulueri\/jouluehted\/lubech-living-joulukuused-3tk\/"]}]},{"@type":"ImageObject","inLanguage":"en-GB","@id":"https:\/\/ruuby.ee\/pood\/joulueri\/jouluehted\/lubech-living-joulukuused-3tk\/#primaryimage","url":"http:\/\/ruuby.ee\/wp-content\/uploads\/2024\/11\/IMG_3700.webp","contentUrl":"http:\/\/ruuby.ee\/wp-content\/uploads\/2024\/11\/IMG_3700.webp","width":610,"height":610},{"@type":"BreadcrumbList","@id":"https:\/\/ruuby.ee\/pood\/joulueri\/jouluehted\/lubech-living-joulukuused-3tk\/#breadcrumb","itemListElement":[{"@type":"ListItem","position":1,"name":"Kdu","item":"http:\/\/ruuby.ee\/en\/"},{"@type":"ListItem","position":2,"name":"Pood","item":"http:\/\/ruuby.ee\/en\/pood\/"},{"@type":"ListItem","position":3,"name":"L\u00fcbech Living &#8211; J\u00f5ulukuused 3tk"}]},{"@type":"WebSite","@id":"http:\/\/ruuby.ee\/en\/#website","url":"http:\/\/ruuby.ee\/en\/","name":"RUUBY","description":"Ruubys on \u00fchendatud elustiil ja disain","publisher":{"@id":"http:\/\/ruuby.ee\/en\/#organization"},"alternateName":"Ruuby Disain","potentialAction":[{"@type":"SearchAction","target":{"@type":"EntryPoint","urlTemplate":"http:\/\/ruuby.ee\/en\/?s={search_term_string}"},"query-input":{"@type":"PropertyValueSpecification","valueRequired":true,"valueName":"search_term_string"}}],"inLanguage":"en-GB"},{"@type":"Organization","@id":"http:\/\/ruuby.ee\/en\/#organization","name":"Ruuby Disain O\u00dc","alternateName":"Ruuby","url":"http:\/\/ruuby.ee\/en\/","logo":{"@type":"ImageObject","inLanguage":"en-GB","@id":"http:\/\/ruuby.ee\/en\/#\/schema\/logo\/image\/","url":"http:\/\/ruuby.ee\/wp-content\/uploads\/2023\/06\/cropped-Black-White-Elegant-Circle-Signature-Fashion-Logo-12_large.png","contentUrl":"http:\/\/ruuby.ee\/wp-content\/uploads\/2023\/06\/cropped-Black-White-Elegant-Circle-Signature-Fashion-Logo-12_large.png","width":1280,"height":747,"caption":"Ruuby Disain O\u00dc"},"image":{"@id":"http:\/\/ruuby.ee\/en\/#\/schema\/logo\/image\/"},"sameAs":["https:\/\/www.facebook.com\/ruubyconcept","https:\/\/www.instagram.com\/ruuby_concept\/"]}]}},"jetpack_sharing_enabled":true,"_links":{"self":[{"href":"http:\/\/ruuby.ee\/en\/wp-json\/wp\/v2\/product\/1850407","targetHints":{"allow":["GET"]}}],"collection":[{"href":"http:\/\/ruuby.ee\/en\/wp-json\/wp\/v2\/product"}],"about":[{"href":"http:\/\/ruuby.ee\/en\/wp-json\/wp\/v2\/types\/product"}],"replies":[{"embeddable":true,"href":"http:\/\/ruuby.ee\/en\/wp-json\/wp\/v2\/comments?post=1850407"}],"wp:featuredmedia":[{"embeddable":true,"href":"http:\/\/ruuby.ee\/en\/wp-json\/wp\/v2\/media\/1850409"}],"wp:attachment":[{"href":"http:\/\/ruuby.ee\/en\/wp-json\/wp\/v2\/media?parent=1850407"}],"wp:term":[{"taxonomy":"product_brand","embeddable":true,"href":"http:\/\/ruuby.ee\/en\/wp-json\/wp\/v2\/product_brand?post=1850407"},{"taxonomy":"product_cat","embeddable":true,"href":"http:\/\/ruuby.ee\/en\/wp-json\/wp\/v2\/product_cat?post=1850407"},{"taxonomy":"product_tag","embeddable":true,"href":"http:\/\/ruuby.ee\/en\/wp-json\/wp\/v2\/product_tag?post=1850407"}],"curies":[{"name":"wp","href":"https:\/\/api.w.org\/{rel}","templated":true}]}}