{"id":1850396,"date":"2024-11-16T11:49:52","date_gmt":"2024-11-16T09:49:52","guid":{"rendered":"http:\/\/ruuby.ee\/?post_type=product&#038;p=1850396"},"modified":"2026-04-08T01:28:29","modified_gmt":"2026-04-07T22:28:29","slug":"bonobo-lavendli-kuunal-40h","status":"publish","type":"product","link":"http:\/\/ruuby.ee\/en\/pood\/kodusisustus\/kuunlad\/lohnakuunlad\/bonobo-lavendli-kuunal-40h\/","title":{"rendered":"Bonobo Lavendli k\u00fc\u00fcnal (40h)"},"content":{"rendered":"<p>Valikus on nii leevendava lavendli ning v\u00e4rskendava sidrunheina l\u00f5hnaga k\u00fc\u00fcnlad.<\/p>\n<p>NB! Kuna l\u00f5hnastajana on kasutatud looduslikku eeterlikku \u00f5li, siis on aroomi tunda m\u00f5nda aega, mitte kogu p\u00f5lemisperioodil.<\/p>\n<p>Valikus on 3 erinevat l\u00f5hna:<\/p>\n<p>\/ lavendel,<br \/>\n\/ sidrunhein<\/p>\n<p>P\u00f5lemisaeg ca 40 h.<\/p>","protected":false},"excerpt":{"rendered":"<p><strong>Bonobo naturaalsed k\u00fc\u00fcnlad!<\/strong><\/p>\n<p>Kas teadsid, et odavad parafiink\u00fc\u00fcnlad paiskavad \u00f5hku j\u00e4\u00e4kaineid, mis v\u00f5ivad kahjustada sinu ja su l\u00e4hedaste tervist?<\/p>\n<p>Bonobo on loonud <em><strong>sojavaha ja eeterlike \u00f5lide baasil <\/strong><\/em>k\u00fc\u00fcnlad, mis pakuvad silmailu ja hubasust sinu \u00fcmber ilma tervist ohtu seadmata.<\/p>","protected":false},"featured_media":1850397,"comment_status":"closed","ping_status":"closed","template":"","meta":[],"product_brand":[],"product_cat":[42,54,739],"product_tag":[],"class_list":{"0":"post-1850396","1":"product","2":"type-product","3":"status-publish","4":"has-post-thumbnail","6":"product_cat-kodusisustus","7":"product_cat-kuunlad","8":"product_cat-lohnakuunlad","10":"first","11":"outofstock","12":"taxable","13":"shipping-taxable","14":"purchasable","15":"product-type-simple"},"yoast_head":"<!-- This site is optimized with the Yoast SEO plugin v27.3 - https:\/\/yoast.com\/product\/yoast-seo-wordpress\/ -->\n<title>Bonobo Lavendli k\u00fc\u00fcnal (40h) - RUUBY<\/title>\n<meta name=\"robots\" content=\"index, follow, max-snippet:-1, max-image-preview:large, max-video-preview:-1\" \/>\n<link rel=\"canonical\" href=\"https:\/\/ruuby.ee\/en\/pood\/kodusisustus\/kuunlad\/lohnakuunlad\/bonobo-lavendli-kuunal-40h\/\" \/>\n<meta property=\"og:locale\" content=\"en_GB\" \/>\n<meta property=\"og:type\" content=\"article\" \/>\n<meta property=\"og:title\" content=\"Bonobo Lavendli k\u00fc\u00fcnal (40h) - RUUBY\" \/>\n<meta property=\"og:description\" content=\"Bonobo naturaalsed k\u00fc\u00fcnlad!  Kas teadsid, et odavad parafiink\u00fc\u00fcnlad paiskavad \u00f5hku j\u00e4\u00e4kaineid, mis v\u00f5ivad kahjustada sinu ja su l\u00e4hedaste tervist?  Bonobo on loonud sojavaha ja eeterlike \u00f5lide baasil k\u00fc\u00fcnlad, mis pakuvad silmailu ja hubasust sinu \u00fcmber ilma tervist ohtu seadmata.\" \/>\n<meta property=\"og:url\" content=\"https:\/\/ruuby.ee\/en\/pood\/kodusisustus\/kuunlad\/lohnakuunlad\/bonobo-lavendli-kuunal-40h\/\" \/>\n<meta property=\"og:site_name\" content=\"RUUBY\" \/>\n<meta property=\"article:publisher\" content=\"https:\/\/www.facebook.com\/ruubyconcept\" \/>\n<meta property=\"article:modified_time\" content=\"2026-04-07T22:28:29+00:00\" \/>\n<meta property=\"og:image\" content=\"https:\/\/ruuby.ee\/wp-content\/uploads\/2024\/11\/Screenshot-2024-11-16-at-11.49.59.png\" \/>\n\t<meta property=\"og:image:width\" content=\"1012\" \/>\n\t<meta property=\"og:image:height\" content=\"1074\" \/>\n\t<meta property=\"og:image:type\" content=\"image\/png\" \/>\n<meta name=\"twitter:card\" content=\"summary_large_image\" \/>\n<meta name=\"twitter:label1\" content=\"Estimated reading time\" \/>\n\t<meta name=\"twitter:data1\" content=\"1 minute\" \/>\n<script type=\"application\/ld+json\" class=\"yoast-schema-graph\">{\"@context\":\"https:\\\/\\\/schema.org\",\"@graph\":[{\"@type\":[\"WebPage\",\"ItemPage\"],\"@id\":\"https:\\\/\\\/ruuby.ee\\\/pood\\\/kodusisustus\\\/kuunlad\\\/lohnakuunlad\\\/bonobo-lavendli-kuunal-40h\\\/\",\"url\":\"https:\\\/\\\/ruuby.ee\\\/pood\\\/kodusisustus\\\/kuunlad\\\/lohnakuunlad\\\/bonobo-lavendli-kuunal-40h\\\/\",\"name\":\"Bonobo Lavendli k\u00fc\u00fcnal (40h) - RUUBY\",\"isPartOf\":{\"@id\":\"http:\\\/\\\/ruuby.ee\\\/en\\\/#website\"},\"primaryImageOfPage\":{\"@id\":\"https:\\\/\\\/ruuby.ee\\\/pood\\\/kodusisustus\\\/kuunlad\\\/lohnakuunlad\\\/bonobo-lavendli-kuunal-40h\\\/#primaryimage\"},\"image\":{\"@id\":\"https:\\\/\\\/ruuby.ee\\\/pood\\\/kodusisustus\\\/kuunlad\\\/lohnakuunlad\\\/bonobo-lavendli-kuunal-40h\\\/#primaryimage\"},\"thumbnailUrl\":\"http:\\\/\\\/ruuby.ee\\\/wp-content\\\/uploads\\\/2024\\\/11\\\/Screenshot-2024-11-16-at-11.49.59.png\",\"datePublished\":\"2024-11-16T09:49:52+00:00\",\"dateModified\":\"2026-04-07T22:28:29+00:00\",\"breadcrumb\":{\"@id\":\"https:\\\/\\\/ruuby.ee\\\/pood\\\/kodusisustus\\\/kuunlad\\\/lohnakuunlad\\\/bonobo-lavendli-kuunal-40h\\\/#breadcrumb\"},\"inLanguage\":\"en-GB\",\"potentialAction\":[{\"@type\":\"ReadAction\",\"target\":[\"https:\\\/\\\/ruuby.ee\\\/pood\\\/kodusisustus\\\/kuunlad\\\/lohnakuunlad\\\/bonobo-lavendli-kuunal-40h\\\/\"]}]},{\"@type\":\"ImageObject\",\"inLanguage\":\"en-GB\",\"@id\":\"https:\\\/\\\/ruuby.ee\\\/pood\\\/kodusisustus\\\/kuunlad\\\/lohnakuunlad\\\/bonobo-lavendli-kuunal-40h\\\/#primaryimage\",\"url\":\"http:\\\/\\\/ruuby.ee\\\/wp-content\\\/uploads\\\/2024\\\/11\\\/Screenshot-2024-11-16-at-11.49.59.png\",\"contentUrl\":\"http:\\\/\\\/ruuby.ee\\\/wp-content\\\/uploads\\\/2024\\\/11\\\/Screenshot-2024-11-16-at-11.49.59.png\",\"width\":1012,\"height\":1074},{\"@type\":\"BreadcrumbList\",\"@id\":\"https:\\\/\\\/ruuby.ee\\\/pood\\\/kodusisustus\\\/kuunlad\\\/lohnakuunlad\\\/bonobo-lavendli-kuunal-40h\\\/#breadcrumb\",\"itemListElement\":[{\"@type\":\"ListItem\",\"position\":1,\"name\":\"Kdu\",\"item\":\"http:\\\/\\\/ruuby.ee\\\/en\\\/\"},{\"@type\":\"ListItem\",\"position\":2,\"name\":\"Pood\",\"item\":\"http:\\\/\\\/ruuby.ee\\\/en\\\/pood\\\/\"},{\"@type\":\"ListItem\",\"position\":3,\"name\":\"Bonobo Lavendli k\u00fc\u00fcnal (40h)\"}]},{\"@type\":\"WebSite\",\"@id\":\"http:\\\/\\\/ruuby.ee\\\/en\\\/#website\",\"url\":\"http:\\\/\\\/ruuby.ee\\\/en\\\/\",\"name\":\"RUUBY\",\"description\":\"Ruubys on \u00fchendatud elustiil ja disain\",\"publisher\":{\"@id\":\"http:\\\/\\\/ruuby.ee\\\/en\\\/#organization\"},\"alternateName\":\"Ruuby Disain\",\"potentialAction\":[{\"@type\":\"SearchAction\",\"target\":{\"@type\":\"EntryPoint\",\"urlTemplate\":\"http:\\\/\\\/ruuby.ee\\\/en\\\/?s={search_term_string}\"},\"query-input\":{\"@type\":\"PropertyValueSpecification\",\"valueRequired\":true,\"valueName\":\"search_term_string\"}}],\"inLanguage\":\"en-GB\"},{\"@type\":\"Organization\",\"@id\":\"http:\\\/\\\/ruuby.ee\\\/en\\\/#organization\",\"name\":\"Ruuby Disain O\u00dc\",\"alternateName\":\"Ruuby\",\"url\":\"http:\\\/\\\/ruuby.ee\\\/en\\\/\",\"logo\":{\"@type\":\"ImageObject\",\"inLanguage\":\"en-GB\",\"@id\":\"http:\\\/\\\/ruuby.ee\\\/en\\\/#\\\/schema\\\/logo\\\/image\\\/\",\"url\":\"http:\\\/\\\/ruuby.ee\\\/wp-content\\\/uploads\\\/2023\\\/06\\\/cropped-Black-White-Elegant-Circle-Signature-Fashion-Logo-12_large.png\",\"contentUrl\":\"http:\\\/\\\/ruuby.ee\\\/wp-content\\\/uploads\\\/2023\\\/06\\\/cropped-Black-White-Elegant-Circle-Signature-Fashion-Logo-12_large.png\",\"width\":1280,\"height\":747,\"caption\":\"Ruuby Disain O\u00dc\"},\"image\":{\"@id\":\"http:\\\/\\\/ruuby.ee\\\/en\\\/#\\\/schema\\\/logo\\\/image\\\/\"},\"sameAs\":[\"https:\\\/\\\/www.facebook.com\\\/ruubyconcept\",\"https:\\\/\\\/www.instagram.com\\\/ruuby_concept\\\/\"]}]}<\/script>\n<!-- \/ Yoast SEO plugin. -->","yoast_head_json":{"title":"Bonobo Lavendli k\u00fc\u00fcnal (40h) - RUUBY","robots":{"index":"index","follow":"follow","max-snippet":"max-snippet:-1","max-image-preview":"max-image-preview:large","max-video-preview":"max-video-preview:-1"},"canonical":"https:\/\/ruuby.ee\/en\/pood\/kodusisustus\/kuunlad\/lohnakuunlad\/bonobo-lavendli-kuunal-40h\/","og_locale":"en_GB","og_type":"article","og_title":"Bonobo Lavendli k\u00fc\u00fcnal (40h) - RUUBY","og_description":"Bonobo naturaalsed k\u00fc\u00fcnlad!  Kas teadsid, et odavad parafiink\u00fc\u00fcnlad paiskavad \u00f5hku j\u00e4\u00e4kaineid, mis v\u00f5ivad kahjustada sinu ja su l\u00e4hedaste tervist?  Bonobo on loonud sojavaha ja eeterlike \u00f5lide baasil k\u00fc\u00fcnlad, mis pakuvad silmailu ja hubasust sinu \u00fcmber ilma tervist ohtu seadmata.","og_url":"https:\/\/ruuby.ee\/en\/pood\/kodusisustus\/kuunlad\/lohnakuunlad\/bonobo-lavendli-kuunal-40h\/","og_site_name":"RUUBY","article_publisher":"https:\/\/www.facebook.com\/ruubyconcept","article_modified_time":"2026-04-07T22:28:29+00:00","og_image":[{"width":1012,"height":1074,"url":"https:\/\/ruuby.ee\/wp-content\/uploads\/2024\/11\/Screenshot-2024-11-16-at-11.49.59.png","type":"image\/png"}],"twitter_card":"summary_large_image","twitter_misc":{"Estimated reading time":"1 minute"},"schema":{"@context":"https:\/\/schema.org","@graph":[{"@type":["WebPage","ItemPage"],"@id":"https:\/\/ruuby.ee\/pood\/kodusisustus\/kuunlad\/lohnakuunlad\/bonobo-lavendli-kuunal-40h\/","url":"https:\/\/ruuby.ee\/pood\/kodusisustus\/kuunlad\/lohnakuunlad\/bonobo-lavendli-kuunal-40h\/","name":"Bonobo Lavendli k\u00fc\u00fcnal (40h) - RUUBY","isPartOf":{"@id":"http:\/\/ruuby.ee\/en\/#website"},"primaryImageOfPage":{"@id":"https:\/\/ruuby.ee\/pood\/kodusisustus\/kuunlad\/lohnakuunlad\/bonobo-lavendli-kuunal-40h\/#primaryimage"},"image":{"@id":"https:\/\/ruuby.ee\/pood\/kodusisustus\/kuunlad\/lohnakuunlad\/bonobo-lavendli-kuunal-40h\/#primaryimage"},"thumbnailUrl":"http:\/\/ruuby.ee\/wp-content\/uploads\/2024\/11\/Screenshot-2024-11-16-at-11.49.59.png","datePublished":"2024-11-16T09:49:52+00:00","dateModified":"2026-04-07T22:28:29+00:00","breadcrumb":{"@id":"https:\/\/ruuby.ee\/pood\/kodusisustus\/kuunlad\/lohnakuunlad\/bonobo-lavendli-kuunal-40h\/#breadcrumb"},"inLanguage":"en-GB","potentialAction":[{"@type":"ReadAction","target":["https:\/\/ruuby.ee\/pood\/kodusisustus\/kuunlad\/lohnakuunlad\/bonobo-lavendli-kuunal-40h\/"]}]},{"@type":"ImageObject","inLanguage":"en-GB","@id":"https:\/\/ruuby.ee\/pood\/kodusisustus\/kuunlad\/lohnakuunlad\/bonobo-lavendli-kuunal-40h\/#primaryimage","url":"http:\/\/ruuby.ee\/wp-content\/uploads\/2024\/11\/Screenshot-2024-11-16-at-11.49.59.png","contentUrl":"http:\/\/ruuby.ee\/wp-content\/uploads\/2024\/11\/Screenshot-2024-11-16-at-11.49.59.png","width":1012,"height":1074},{"@type":"BreadcrumbList","@id":"https:\/\/ruuby.ee\/pood\/kodusisustus\/kuunlad\/lohnakuunlad\/bonobo-lavendli-kuunal-40h\/#breadcrumb","itemListElement":[{"@type":"ListItem","position":1,"name":"Kdu","item":"http:\/\/ruuby.ee\/en\/"},{"@type":"ListItem","position":2,"name":"Pood","item":"http:\/\/ruuby.ee\/en\/pood\/"},{"@type":"ListItem","position":3,"name":"Bonobo Lavendli k\u00fc\u00fcnal (40h)"}]},{"@type":"WebSite","@id":"http:\/\/ruuby.ee\/en\/#website","url":"http:\/\/ruuby.ee\/en\/","name":"RUUBY","description":"Ruubys on \u00fchendatud elustiil ja disain","publisher":{"@id":"http:\/\/ruuby.ee\/en\/#organization"},"alternateName":"Ruuby Disain","potentialAction":[{"@type":"SearchAction","target":{"@type":"EntryPoint","urlTemplate":"http:\/\/ruuby.ee\/en\/?s={search_term_string}"},"query-input":{"@type":"PropertyValueSpecification","valueRequired":true,"valueName":"search_term_string"}}],"inLanguage":"en-GB"},{"@type":"Organization","@id":"http:\/\/ruuby.ee\/en\/#organization","name":"Ruuby Disain O\u00dc","alternateName":"Ruuby","url":"http:\/\/ruuby.ee\/en\/","logo":{"@type":"ImageObject","inLanguage":"en-GB","@id":"http:\/\/ruuby.ee\/en\/#\/schema\/logo\/image\/","url":"http:\/\/ruuby.ee\/wp-content\/uploads\/2023\/06\/cropped-Black-White-Elegant-Circle-Signature-Fashion-Logo-12_large.png","contentUrl":"http:\/\/ruuby.ee\/wp-content\/uploads\/2023\/06\/cropped-Black-White-Elegant-Circle-Signature-Fashion-Logo-12_large.png","width":1280,"height":747,"caption":"Ruuby Disain O\u00dc"},"image":{"@id":"http:\/\/ruuby.ee\/en\/#\/schema\/logo\/image\/"},"sameAs":["https:\/\/www.facebook.com\/ruubyconcept","https:\/\/www.instagram.com\/ruuby_concept\/"]}]}},"jetpack_sharing_enabled":true,"_links":{"self":[{"href":"http:\/\/ruuby.ee\/en\/wp-json\/wp\/v2\/product\/1850396","targetHints":{"allow":["GET"]}}],"collection":[{"href":"http:\/\/ruuby.ee\/en\/wp-json\/wp\/v2\/product"}],"about":[{"href":"http:\/\/ruuby.ee\/en\/wp-json\/wp\/v2\/types\/product"}],"replies":[{"embeddable":true,"href":"http:\/\/ruuby.ee\/en\/wp-json\/wp\/v2\/comments?post=1850396"}],"wp:featuredmedia":[{"embeddable":true,"href":"http:\/\/ruuby.ee\/en\/wp-json\/wp\/v2\/media\/1850397"}],"wp:attachment":[{"href":"http:\/\/ruuby.ee\/en\/wp-json\/wp\/v2\/media?parent=1850396"}],"wp:term":[{"taxonomy":"product_brand","embeddable":true,"href":"http:\/\/ruuby.ee\/en\/wp-json\/wp\/v2\/product_brand?post=1850396"},{"taxonomy":"product_cat","embeddable":true,"href":"http:\/\/ruuby.ee\/en\/wp-json\/wp\/v2\/product_cat?post=1850396"},{"taxonomy":"product_tag","embeddable":true,"href":"http:\/\/ruuby.ee\/en\/wp-json\/wp\/v2\/product_tag?post=1850396"}],"curies":[{"name":"wp","href":"https:\/\/api.w.org\/{rel}","templated":true}]}}