{"id":1850073,"date":"2024-10-23T14:19:40","date_gmt":"2024-10-23T11:19:40","guid":{"rendered":"http:\/\/ruuby.ee\/?post_type=product&#038;p=1850073"},"modified":"2026-04-04T01:24:55","modified_gmt":"2026-04-03T22:24:55","slug":"uyuni-lighting-led-kuunal-grooved-pillar-h45-cm-plain-black","status":"publish","type":"product","link":"http:\/\/ruuby.ee\/en\/pood\/joulueri\/joulukuunlad\/uyuni-lighting-led-kuunal-grooved-pillar-h45-cm-plain-black\/","title":{"rendered":"Uyuni Lighting &#8211; LED k\u00fc\u00fcnal, Melted Pillar H4,5 cm, Plain Black"},"content":{"rendered":"<p>Uyuni <em>Melted <\/em>k\u00fc\u00fcnlad on loodud meeleolu t\u00f5stma. K\u00fc\u00fcnlal on m\u00e4rkimisv\u00e4\u00e4rselt realistik sulanud k\u00fc\u00fcnla efekt. Kogege t\u00e4iustatud leegi peegeldust ja hubast soojust, mis nendest k\u00fc\u00fcnaldest \u00f5hkub, nagu oleksid need juba p\u00f5lenud, tuues igasse ruumi hubase kodutunde.<\/p>\n<ul>\n<li>L\u00f5hnatu<\/li>\n<li>Kvaliteetne realistlik LED-leek<\/li>\n<li>Tekstuur: sile<\/li>\n<li>Suurused v\u00f5ivad varieeruda kuni 2 mm<\/li>\n<li>Sisetingimustes kasutamine \u2013 Otsene p\u00e4ikesevalgus ja pakane kahjustavad toodet<\/li>\n<li>Sisseehitatud 6-tunnine taimer<\/li>\n<li>Kasutada patareid <span style=\"color: #333399;\"><a style=\"color: #333399;\" href=\"https:\/\/koopia.ruuby.ee\/pood\/kodusisustus\/kuunlad\/led-kuunlad\/uyuni-lighting-patarei-cr2477-2tk-pakis\/\">1x CR2477<\/a>\u00a0<\/span>(ei kuulu komplekti)<\/li>\n<li>Aku t\u00f6\u00f6iga ~400 tundi<\/li>\n<li>Neitsiparafiinivahast<\/li>\n<\/ul>\n<p>M\u00f5\u00f5dud: W5 x H4,5 cm<\/p>\n<p>Saab kasutada koos <span style=\"color: #333399;\"><a style=\"color: #333399;\" href=\"https:\/\/koopia.ruuby.ee\/pood\/kodusisustus\/kuunlad\/led-kuunlad\/uyuni-lighting-kaugjuhtimispult-must\/\">Uyuni kaugjuhtimispuldiga<\/a><\/span> (m\u00fc\u00fcakse eraldi): 4 taimeri valikud: 4, 6, 8 ja 10 tundi ja 3 dimmeri valikut. Kaugjuhtimispulti tuleb hoida v\u00e4rvilistele k\u00fc\u00fcnaldele l\u00e4hemal kui valgetele k\u00fc\u00fcnaldele, et neid juhtida.<\/p>\n<p>&nbsp;<\/p>","protected":false},"excerpt":{"rendered":"<p>Uyuni Melted k\u00fc\u00fcnlal on m\u00e4rkimisv\u00e4\u00e4rselt realistik sulanud k\u00fc\u00fcnla efekt, mille leegi peegeldus loob hubast soojust, nagu oleksid need juba p\u00f5lenud, tuues igasse ruumi hubase kodutunde.<\/p>","protected":false},"featured_media":1850076,"comment_status":"closed","ping_status":"closed","template":"","meta":[],"product_brand":[],"product_cat":[491,951,42,54,946],"product_tag":[],"class_list":{"0":"post-1850073","1":"product","2":"type-product","3":"status-publish","4":"has-post-thumbnail","6":"product_cat-joulueri","7":"product_cat-joulukuunlad","8":"product_cat-kodusisustus","9":"product_cat-kuunlad","10":"product_cat-led-kuunlad","12":"first","13":"instock","14":"taxable","15":"shipping-taxable","16":"purchasable","17":"product-type-simple"},"yoast_head":"<!-- This site is optimized with the Yoast SEO plugin v27.2 - https:\/\/yoast.com\/product\/yoast-seo-wordpress\/ -->\n<title>Uyuni Lighting - LED k\u00fc\u00fcnal, Melted Pillar H4,5 cm, Plain Black - RUUBY<\/title>\n<meta name=\"robots\" content=\"index, follow, max-snippet:-1, max-image-preview:large, max-video-preview:-1\" \/>\n<link rel=\"canonical\" href=\"https:\/\/ruuby.ee\/en\/pood\/joulueri\/joulukuunlad\/uyuni-lighting-led-kuunal-grooved-pillar-h45-cm-plain-black\/\" \/>\n<meta property=\"og:locale\" content=\"en_GB\" \/>\n<meta property=\"og:type\" content=\"article\" \/>\n<meta property=\"og:title\" content=\"Uyuni Lighting - LED k\u00fc\u00fcnal, Melted Pillar H4,5 cm, Plain Black - RUUBY\" \/>\n<meta property=\"og:description\" content=\"Uyuni Melted k\u00fc\u00fcnlal on m\u00e4rkimisv\u00e4\u00e4rselt realistik sulanud k\u00fc\u00fcnla efekt, mille leegi peegeldus loob hubast soojust, nagu oleksid need juba p\u00f5lenud, tuues igasse ruumi hubase kodutunde.\" \/>\n<meta property=\"og:url\" content=\"https:\/\/ruuby.ee\/en\/pood\/joulueri\/joulukuunlad\/uyuni-lighting-led-kuunal-grooved-pillar-h45-cm-plain-black\/\" \/>\n<meta property=\"og:site_name\" content=\"RUUBY\" \/>\n<meta property=\"article:publisher\" content=\"https:\/\/www.facebook.com\/ruubyconcept\" \/>\n<meta property=\"article:modified_time\" content=\"2026-04-03T22:24:55+00:00\" \/>\n<meta property=\"og:image\" content=\"https:\/\/ruuby.ee\/wp-content\/uploads\/2024\/10\/Screenshot-2024-10-23-at-14.19.13.png\" \/>\n\t<meta property=\"og:image:width\" content=\"662\" \/>\n\t<meta property=\"og:image:height\" content=\"806\" \/>\n\t<meta property=\"og:image:type\" content=\"image\/png\" \/>\n<meta name=\"twitter:card\" content=\"summary_large_image\" \/>\n<meta name=\"twitter:label1\" content=\"Estimated reading time\" \/>\n\t<meta name=\"twitter:data1\" content=\"1 minute\" \/>\n<script type=\"application\/ld+json\" class=\"yoast-schema-graph\">{\"@context\":\"https:\/\/schema.org\",\"@graph\":[{\"@type\":[\"WebPage\",\"ItemPage\"],\"@id\":\"https:\/\/ruuby.ee\/pood\/joulueri\/joulukuunlad\/uyuni-lighting-led-kuunal-grooved-pillar-h45-cm-plain-black\/\",\"url\":\"https:\/\/ruuby.ee\/pood\/joulueri\/joulukuunlad\/uyuni-lighting-led-kuunal-grooved-pillar-h45-cm-plain-black\/\",\"name\":\"Uyuni Lighting - LED k\u00fc\u00fcnal, Melted Pillar H4,5 cm, Plain Black - RUUBY\",\"isPartOf\":{\"@id\":\"https:\/\/ruuby.ee\/en\/#website\"},\"primaryImageOfPage\":{\"@id\":\"https:\/\/ruuby.ee\/pood\/joulueri\/joulukuunlad\/uyuni-lighting-led-kuunal-grooved-pillar-h45-cm-plain-black\/#primaryimage\"},\"image\":{\"@id\":\"https:\/\/ruuby.ee\/pood\/joulueri\/joulukuunlad\/uyuni-lighting-led-kuunal-grooved-pillar-h45-cm-plain-black\/#primaryimage\"},\"thumbnailUrl\":\"http:\/\/ruuby.ee\/wp-content\/uploads\/2024\/10\/Screenshot-2024-10-23-at-14.19.13.png\",\"datePublished\":\"2024-10-23T11:19:40+00:00\",\"dateModified\":\"2026-04-03T22:24:55+00:00\",\"breadcrumb\":{\"@id\":\"https:\/\/ruuby.ee\/pood\/joulueri\/joulukuunlad\/uyuni-lighting-led-kuunal-grooved-pillar-h45-cm-plain-black\/#breadcrumb\"},\"inLanguage\":\"en-GB\",\"potentialAction\":[{\"@type\":\"ReadAction\",\"target\":[\"https:\/\/ruuby.ee\/pood\/joulueri\/joulukuunlad\/uyuni-lighting-led-kuunal-grooved-pillar-h45-cm-plain-black\/\"]}]},{\"@type\":\"ImageObject\",\"inLanguage\":\"en-GB\",\"@id\":\"https:\/\/ruuby.ee\/pood\/joulueri\/joulukuunlad\/uyuni-lighting-led-kuunal-grooved-pillar-h45-cm-plain-black\/#primaryimage\",\"url\":\"http:\/\/ruuby.ee\/wp-content\/uploads\/2024\/10\/Screenshot-2024-10-23-at-14.19.13.png\",\"contentUrl\":\"http:\/\/ruuby.ee\/wp-content\/uploads\/2024\/10\/Screenshot-2024-10-23-at-14.19.13.png\",\"width\":662,\"height\":806},{\"@type\":\"BreadcrumbList\",\"@id\":\"https:\/\/ruuby.ee\/pood\/joulueri\/joulukuunlad\/uyuni-lighting-led-kuunal-grooved-pillar-h45-cm-plain-black\/#breadcrumb\",\"itemListElement\":[{\"@type\":\"ListItem\",\"position\":1,\"name\":\"Kdu\",\"item\":\"https:\/\/ruuby.ee\/en\/\"},{\"@type\":\"ListItem\",\"position\":2,\"name\":\"Pood\",\"item\":\"https:\/\/ruuby.ee\/pood\/\"},{\"@type\":\"ListItem\",\"position\":3,\"name\":\"Uyuni Lighting &#8211; LED k\u00fc\u00fcnal, Melted Pillar H4,5 cm, Plain Black\"}]},{\"@type\":\"WebSite\",\"@id\":\"https:\/\/ruuby.ee\/en\/#website\",\"url\":\"https:\/\/ruuby.ee\/en\/\",\"name\":\"RUUBY\",\"description\":\"Ruubys on \u00fchendatud elustiil ja disain\",\"publisher\":{\"@id\":\"https:\/\/ruuby.ee\/en\/#organization\"},\"alternateName\":\"Ruuby Disain\",\"potentialAction\":[{\"@type\":\"SearchAction\",\"target\":{\"@type\":\"EntryPoint\",\"urlTemplate\":\"https:\/\/ruuby.ee\/en\/?s={search_term_string}\"},\"query-input\":{\"@type\":\"PropertyValueSpecification\",\"valueRequired\":true,\"valueName\":\"search_term_string\"}}],\"inLanguage\":\"en-GB\"},{\"@type\":\"Organization\",\"@id\":\"https:\/\/ruuby.ee\/en\/#organization\",\"name\":\"Ruuby Disain O\u00dc\",\"alternateName\":\"Ruuby\",\"url\":\"https:\/\/ruuby.ee\/en\/\",\"logo\":{\"@type\":\"ImageObject\",\"inLanguage\":\"en-GB\",\"@id\":\"https:\/\/ruuby.ee\/en\/#\/schema\/logo\/image\/\",\"url\":\"http:\/\/ruuby.ee\/wp-content\/uploads\/2023\/06\/cropped-Black-White-Elegant-Circle-Signature-Fashion-Logo-12_large.png\",\"contentUrl\":\"http:\/\/ruuby.ee\/wp-content\/uploads\/2023\/06\/cropped-Black-White-Elegant-Circle-Signature-Fashion-Logo-12_large.png\",\"width\":1280,\"height\":747,\"caption\":\"Ruuby Disain O\u00dc\"},\"image\":{\"@id\":\"https:\/\/ruuby.ee\/en\/#\/schema\/logo\/image\/\"},\"sameAs\":[\"https:\/\/www.facebook.com\/ruubyconcept\",\"https:\/\/www.instagram.com\/ruuby_concept\/\"]}]}<\/script>\n<!-- \/ Yoast SEO plugin. -->","yoast_head_json":{"title":"Uyuni Lighting - LED k\u00fc\u00fcnal, Melted Pillar H4,5 cm, Plain Black - RUUBY","robots":{"index":"index","follow":"follow","max-snippet":"max-snippet:-1","max-image-preview":"max-image-preview:large","max-video-preview":"max-video-preview:-1"},"canonical":"https:\/\/ruuby.ee\/en\/pood\/joulueri\/joulukuunlad\/uyuni-lighting-led-kuunal-grooved-pillar-h45-cm-plain-black\/","og_locale":"en_GB","og_type":"article","og_title":"Uyuni Lighting - LED k\u00fc\u00fcnal, Melted Pillar H4,5 cm, Plain Black - RUUBY","og_description":"Uyuni Melted k\u00fc\u00fcnlal on m\u00e4rkimisv\u00e4\u00e4rselt realistik sulanud k\u00fc\u00fcnla efekt, mille leegi peegeldus loob hubast soojust, nagu oleksid need juba p\u00f5lenud, tuues igasse ruumi hubase kodutunde.","og_url":"https:\/\/ruuby.ee\/en\/pood\/joulueri\/joulukuunlad\/uyuni-lighting-led-kuunal-grooved-pillar-h45-cm-plain-black\/","og_site_name":"RUUBY","article_publisher":"https:\/\/www.facebook.com\/ruubyconcept","article_modified_time":"2026-04-03T22:24:55+00:00","og_image":[{"width":662,"height":806,"url":"https:\/\/ruuby.ee\/wp-content\/uploads\/2024\/10\/Screenshot-2024-10-23-at-14.19.13.png","type":"image\/png"}],"twitter_card":"summary_large_image","twitter_misc":{"Estimated reading time":"1 minute"},"schema":{"@context":"https:\/\/schema.org","@graph":[{"@type":["WebPage","ItemPage"],"@id":"https:\/\/ruuby.ee\/pood\/joulueri\/joulukuunlad\/uyuni-lighting-led-kuunal-grooved-pillar-h45-cm-plain-black\/","url":"https:\/\/ruuby.ee\/pood\/joulueri\/joulukuunlad\/uyuni-lighting-led-kuunal-grooved-pillar-h45-cm-plain-black\/","name":"Uyuni Lighting - LED k\u00fc\u00fcnal, Melted Pillar H4,5 cm, Plain Black - RUUBY","isPartOf":{"@id":"https:\/\/ruuby.ee\/en\/#website"},"primaryImageOfPage":{"@id":"https:\/\/ruuby.ee\/pood\/joulueri\/joulukuunlad\/uyuni-lighting-led-kuunal-grooved-pillar-h45-cm-plain-black\/#primaryimage"},"image":{"@id":"https:\/\/ruuby.ee\/pood\/joulueri\/joulukuunlad\/uyuni-lighting-led-kuunal-grooved-pillar-h45-cm-plain-black\/#primaryimage"},"thumbnailUrl":"http:\/\/ruuby.ee\/wp-content\/uploads\/2024\/10\/Screenshot-2024-10-23-at-14.19.13.png","datePublished":"2024-10-23T11:19:40+00:00","dateModified":"2026-04-03T22:24:55+00:00","breadcrumb":{"@id":"https:\/\/ruuby.ee\/pood\/joulueri\/joulukuunlad\/uyuni-lighting-led-kuunal-grooved-pillar-h45-cm-plain-black\/#breadcrumb"},"inLanguage":"en-GB","potentialAction":[{"@type":"ReadAction","target":["https:\/\/ruuby.ee\/pood\/joulueri\/joulukuunlad\/uyuni-lighting-led-kuunal-grooved-pillar-h45-cm-plain-black\/"]}]},{"@type":"ImageObject","inLanguage":"en-GB","@id":"https:\/\/ruuby.ee\/pood\/joulueri\/joulukuunlad\/uyuni-lighting-led-kuunal-grooved-pillar-h45-cm-plain-black\/#primaryimage","url":"http:\/\/ruuby.ee\/wp-content\/uploads\/2024\/10\/Screenshot-2024-10-23-at-14.19.13.png","contentUrl":"http:\/\/ruuby.ee\/wp-content\/uploads\/2024\/10\/Screenshot-2024-10-23-at-14.19.13.png","width":662,"height":806},{"@type":"BreadcrumbList","@id":"https:\/\/ruuby.ee\/pood\/joulueri\/joulukuunlad\/uyuni-lighting-led-kuunal-grooved-pillar-h45-cm-plain-black\/#breadcrumb","itemListElement":[{"@type":"ListItem","position":1,"name":"Kdu","item":"https:\/\/ruuby.ee\/en\/"},{"@type":"ListItem","position":2,"name":"Pood","item":"https:\/\/ruuby.ee\/pood\/"},{"@type":"ListItem","position":3,"name":"Uyuni Lighting &#8211; LED k\u00fc\u00fcnal, Melted Pillar H4,5 cm, Plain Black"}]},{"@type":"WebSite","@id":"https:\/\/ruuby.ee\/en\/#website","url":"https:\/\/ruuby.ee\/en\/","name":"RUUBY","description":"Ruubys on \u00fchendatud elustiil ja disain","publisher":{"@id":"https:\/\/ruuby.ee\/en\/#organization"},"alternateName":"Ruuby Disain","potentialAction":[{"@type":"SearchAction","target":{"@type":"EntryPoint","urlTemplate":"https:\/\/ruuby.ee\/en\/?s={search_term_string}"},"query-input":{"@type":"PropertyValueSpecification","valueRequired":true,"valueName":"search_term_string"}}],"inLanguage":"en-GB"},{"@type":"Organization","@id":"https:\/\/ruuby.ee\/en\/#organization","name":"Ruuby Disain O\u00dc","alternateName":"Ruuby","url":"https:\/\/ruuby.ee\/en\/","logo":{"@type":"ImageObject","inLanguage":"en-GB","@id":"https:\/\/ruuby.ee\/en\/#\/schema\/logo\/image\/","url":"http:\/\/ruuby.ee\/wp-content\/uploads\/2023\/06\/cropped-Black-White-Elegant-Circle-Signature-Fashion-Logo-12_large.png","contentUrl":"http:\/\/ruuby.ee\/wp-content\/uploads\/2023\/06\/cropped-Black-White-Elegant-Circle-Signature-Fashion-Logo-12_large.png","width":1280,"height":747,"caption":"Ruuby Disain O\u00dc"},"image":{"@id":"https:\/\/ruuby.ee\/en\/#\/schema\/logo\/image\/"},"sameAs":["https:\/\/www.facebook.com\/ruubyconcept","https:\/\/www.instagram.com\/ruuby_concept\/"]}]}},"jetpack_sharing_enabled":true,"_links":{"self":[{"href":"http:\/\/ruuby.ee\/en\/wp-json\/wp\/v2\/product\/1850073","targetHints":{"allow":["GET"]}}],"collection":[{"href":"http:\/\/ruuby.ee\/en\/wp-json\/wp\/v2\/product"}],"about":[{"href":"http:\/\/ruuby.ee\/en\/wp-json\/wp\/v2\/types\/product"}],"replies":[{"embeddable":true,"href":"http:\/\/ruuby.ee\/en\/wp-json\/wp\/v2\/comments?post=1850073"}],"wp:featuredmedia":[{"embeddable":true,"href":"http:\/\/ruuby.ee\/en\/wp-json\/wp\/v2\/media\/1850076"}],"wp:attachment":[{"href":"http:\/\/ruuby.ee\/en\/wp-json\/wp\/v2\/media?parent=1850073"}],"wp:term":[{"taxonomy":"product_brand","embeddable":true,"href":"http:\/\/ruuby.ee\/en\/wp-json\/wp\/v2\/product_brand?post=1850073"},{"taxonomy":"product_cat","embeddable":true,"href":"http:\/\/ruuby.ee\/en\/wp-json\/wp\/v2\/product_cat?post=1850073"},{"taxonomy":"product_tag","embeddable":true,"href":"http:\/\/ruuby.ee\/en\/wp-json\/wp\/v2\/product_tag?post=1850073"}],"curies":[{"name":"wp","href":"https:\/\/api.w.org\/{rel}","templated":true}]}}