{"id":1850030,"date":"2024-10-22T15:39:43","date_gmt":"2024-10-22T12:39:43","guid":{"rendered":"http:\/\/ruuby.ee\/?post_type=product&#038;p=1850030"},"modified":"2026-04-04T01:24:55","modified_gmt":"2026-04-03T22:24:55","slug":"the-mallows-vahukommid-mustsostra-ja-valge-sokolaadiga-90g-uus-maitse","status":"publish","type":"product","link":"http:\/\/ruuby.ee\/en\/pood\/gurmee\/maiustused\/the-mallows-vahukommid-mustsostra-ja-valge-sokolaadiga-90g-uus-maitse\/","title":{"rendered":"The Mallows &#8211; Vahukommid musts\u00f5stra ja valge \u0161okolaadiga, 90g"},"content":{"rendered":"<p>Tutvusta oma maitsemeel<span lang=\"ET\">tele\u00a0<\/span>meie\u00a0<span lang=\"ET\">uusimaid\u00a0<\/span>h\u00f5rgutisi &#8211; THE MALLOWS\u00a0<span lang=\"ET\">uued vahukommid musts\u00f5stra ja valge \u0161okolaadiga.<\/span><\/p>\n<div>\n<p>Kvaliteet, maitse ja nauding &#8211; k\u00f5ik \u00fches v\u00e4ikeses ampsus!<\/p>\n<p>Orgaanilised vaniljevahukommid, mis on kaetud Belgia valge \u0161okolaadi ja v\u00e4rske musts\u00f5straga. Magus s\u00fcnergia teravast musts\u00f5strast, magusast \u0161okolaadist ja vahukommist.<\/p>\n<p>Suurep\u00e4rane maitseelamus endale v\u00f5i l\u00e4hedasele.<\/p>\n<p>Koostis:\u00a032% piima\u0161okolaad* (EU) (roosuhkur*, kakaov\u00f5i*, t\u00e4ispiimapulber*, kakaomass*, emulgaator: sojaletsitiin*), gl\u00fckoosisiirup*, roosuhkur*, vesi, dekstroos*, \u017eelatiin, maisit\u00e4rklis*, leeliseline kakao*, naturaalne piparm\u00fcndi maitseaine, looduslik vanilje maitseaine, s\u00e4ilitusaine: E270.<br \/>\n* = Orgaaniline. V\u00e4hemalt 35% kakao kuivainet<\/p>\n<p>&nbsp;<\/p>\n<\/div>","protected":false},"excerpt":{"rendered":"<p>Orgaanilised vaniljevahukommid, mis on kaetud Belgia valge \u0161okolaadi ja v\u00e4rske musts\u00f5straga. Magus s\u00fcnergia teravast musts\u00f5strast, magusast \u0161okolaadist ja vahukommist.<\/p>","protected":false},"featured_media":1850032,"comment_status":"open","ping_status":"closed","template":"","meta":[],"product_brand":[],"product_cat":[26,644],"product_tag":[],"class_list":{"0":"post-1850030","1":"product","2":"type-product","3":"status-publish","4":"has-post-thumbnail","6":"product_cat-gurmee","7":"product_cat-maiustused","9":"first","10":"outofstock","11":"taxable","12":"shipping-taxable","13":"purchasable","14":"product-type-simple"},"yoast_head":"<!-- This site is optimized with the Yoast SEO plugin v27.2 - https:\/\/yoast.com\/product\/yoast-seo-wordpress\/ -->\n<title>The Mallows - Vahukommid musts\u00f5stra ja valge \u0161okolaadiga, 90g - RUUBY<\/title>\n<meta name=\"robots\" content=\"index, follow, max-snippet:-1, max-image-preview:large, max-video-preview:-1\" \/>\n<link rel=\"canonical\" href=\"https:\/\/ruuby.ee\/en\/pood\/gurmee\/maiustused\/the-mallows-vahukommid-mustsostra-ja-valge-sokolaadiga-90g-uus-maitse\/\" \/>\n<meta property=\"og:locale\" content=\"en_GB\" \/>\n<meta property=\"og:type\" content=\"article\" \/>\n<meta property=\"og:title\" content=\"The Mallows - Vahukommid musts\u00f5stra ja valge \u0161okolaadiga, 90g - RUUBY\" \/>\n<meta property=\"og:description\" content=\"Orgaanilised vaniljevahukommid, mis on kaetud Belgia valge \u0161okolaadi ja v\u00e4rske musts\u00f5straga. Magus s\u00fcnergia teravast musts\u00f5strast, magusast \u0161okolaadist ja vahukommist.\" \/>\n<meta property=\"og:url\" content=\"https:\/\/ruuby.ee\/en\/pood\/gurmee\/maiustused\/the-mallows-vahukommid-mustsostra-ja-valge-sokolaadiga-90g-uus-maitse\/\" \/>\n<meta property=\"og:site_name\" content=\"RUUBY\" \/>\n<meta property=\"article:publisher\" content=\"https:\/\/www.facebook.com\/ruubyconcept\" \/>\n<meta property=\"article:modified_time\" content=\"2026-04-03T22:24:55+00:00\" \/>\n<meta property=\"og:image\" content=\"https:\/\/ruuby.ee\/wp-content\/uploads\/2024\/10\/Screenshot-2024-10-22-at-15.35.15.png\" \/>\n\t<meta property=\"og:image:width\" content=\"1584\" \/>\n\t<meta property=\"og:image:height\" content=\"1352\" \/>\n\t<meta property=\"og:image:type\" content=\"image\/png\" \/>\n<meta name=\"twitter:card\" content=\"summary_large_image\" \/>\n<meta name=\"twitter:label1\" content=\"Estimated reading time\" \/>\n\t<meta name=\"twitter:data1\" content=\"1 minute\" \/>\n<script type=\"application\/ld+json\" class=\"yoast-schema-graph\">{\"@context\":\"https:\/\/schema.org\",\"@graph\":[{\"@type\":[\"WebPage\",\"ItemPage\"],\"@id\":\"https:\/\/ruuby.ee\/pood\/gurmee\/maiustused\/the-mallows-vahukommid-mustsostra-ja-valge-sokolaadiga-90g-uus-maitse\/\",\"url\":\"https:\/\/ruuby.ee\/pood\/gurmee\/maiustused\/the-mallows-vahukommid-mustsostra-ja-valge-sokolaadiga-90g-uus-maitse\/\",\"name\":\"The Mallows - Vahukommid musts\u00f5stra ja valge \u0161okolaadiga, 90g - RUUBY\",\"isPartOf\":{\"@id\":\"https:\/\/ruuby.ee\/en\/#website\"},\"primaryImageOfPage\":{\"@id\":\"https:\/\/ruuby.ee\/pood\/gurmee\/maiustused\/the-mallows-vahukommid-mustsostra-ja-valge-sokolaadiga-90g-uus-maitse\/#primaryimage\"},\"image\":{\"@id\":\"https:\/\/ruuby.ee\/pood\/gurmee\/maiustused\/the-mallows-vahukommid-mustsostra-ja-valge-sokolaadiga-90g-uus-maitse\/#primaryimage\"},\"thumbnailUrl\":\"http:\/\/ruuby.ee\/wp-content\/uploads\/2024\/10\/Screenshot-2024-10-22-at-15.35.15.png\",\"datePublished\":\"2024-10-22T12:39:43+00:00\",\"dateModified\":\"2026-04-03T22:24:55+00:00\",\"breadcrumb\":{\"@id\":\"https:\/\/ruuby.ee\/pood\/gurmee\/maiustused\/the-mallows-vahukommid-mustsostra-ja-valge-sokolaadiga-90g-uus-maitse\/#breadcrumb\"},\"inLanguage\":\"en-GB\",\"potentialAction\":[{\"@type\":\"ReadAction\",\"target\":[\"https:\/\/ruuby.ee\/pood\/gurmee\/maiustused\/the-mallows-vahukommid-mustsostra-ja-valge-sokolaadiga-90g-uus-maitse\/\"]}]},{\"@type\":\"ImageObject\",\"inLanguage\":\"en-GB\",\"@id\":\"https:\/\/ruuby.ee\/pood\/gurmee\/maiustused\/the-mallows-vahukommid-mustsostra-ja-valge-sokolaadiga-90g-uus-maitse\/#primaryimage\",\"url\":\"http:\/\/ruuby.ee\/wp-content\/uploads\/2024\/10\/Screenshot-2024-10-22-at-15.35.15.png\",\"contentUrl\":\"http:\/\/ruuby.ee\/wp-content\/uploads\/2024\/10\/Screenshot-2024-10-22-at-15.35.15.png\",\"width\":1584,\"height\":1352},{\"@type\":\"BreadcrumbList\",\"@id\":\"https:\/\/ruuby.ee\/pood\/gurmee\/maiustused\/the-mallows-vahukommid-mustsostra-ja-valge-sokolaadiga-90g-uus-maitse\/#breadcrumb\",\"itemListElement\":[{\"@type\":\"ListItem\",\"position\":1,\"name\":\"Kdu\",\"item\":\"https:\/\/ruuby.ee\/en\/\"},{\"@type\":\"ListItem\",\"position\":2,\"name\":\"Pood\",\"item\":\"https:\/\/ruuby.ee\/pood\/\"},{\"@type\":\"ListItem\",\"position\":3,\"name\":\"The Mallows &#8211; Vahukommid musts\u00f5stra ja valge \u0161okolaadiga, 90g\"}]},{\"@type\":\"WebSite\",\"@id\":\"https:\/\/ruuby.ee\/en\/#website\",\"url\":\"https:\/\/ruuby.ee\/en\/\",\"name\":\"RUUBY\",\"description\":\"Ruubys on \u00fchendatud elustiil ja disain\",\"publisher\":{\"@id\":\"https:\/\/ruuby.ee\/en\/#organization\"},\"alternateName\":\"Ruuby Disain\",\"potentialAction\":[{\"@type\":\"SearchAction\",\"target\":{\"@type\":\"EntryPoint\",\"urlTemplate\":\"https:\/\/ruuby.ee\/en\/?s={search_term_string}\"},\"query-input\":{\"@type\":\"PropertyValueSpecification\",\"valueRequired\":true,\"valueName\":\"search_term_string\"}}],\"inLanguage\":\"en-GB\"},{\"@type\":\"Organization\",\"@id\":\"https:\/\/ruuby.ee\/en\/#organization\",\"name\":\"Ruuby Disain O\u00dc\",\"alternateName\":\"Ruuby\",\"url\":\"https:\/\/ruuby.ee\/en\/\",\"logo\":{\"@type\":\"ImageObject\",\"inLanguage\":\"en-GB\",\"@id\":\"https:\/\/ruuby.ee\/en\/#\/schema\/logo\/image\/\",\"url\":\"http:\/\/ruuby.ee\/wp-content\/uploads\/2023\/06\/cropped-Black-White-Elegant-Circle-Signature-Fashion-Logo-12_large.png\",\"contentUrl\":\"http:\/\/ruuby.ee\/wp-content\/uploads\/2023\/06\/cropped-Black-White-Elegant-Circle-Signature-Fashion-Logo-12_large.png\",\"width\":1280,\"height\":747,\"caption\":\"Ruuby Disain O\u00dc\"},\"image\":{\"@id\":\"https:\/\/ruuby.ee\/en\/#\/schema\/logo\/image\/\"},\"sameAs\":[\"https:\/\/www.facebook.com\/ruubyconcept\",\"https:\/\/www.instagram.com\/ruuby_concept\/\"]}]}<\/script>\n<!-- \/ Yoast SEO plugin. -->","yoast_head_json":{"title":"The Mallows - Vahukommid musts\u00f5stra ja valge \u0161okolaadiga, 90g - RUUBY","robots":{"index":"index","follow":"follow","max-snippet":"max-snippet:-1","max-image-preview":"max-image-preview:large","max-video-preview":"max-video-preview:-1"},"canonical":"https:\/\/ruuby.ee\/en\/pood\/gurmee\/maiustused\/the-mallows-vahukommid-mustsostra-ja-valge-sokolaadiga-90g-uus-maitse\/","og_locale":"en_GB","og_type":"article","og_title":"The Mallows - Vahukommid musts\u00f5stra ja valge \u0161okolaadiga, 90g - RUUBY","og_description":"Orgaanilised vaniljevahukommid, mis on kaetud Belgia valge \u0161okolaadi ja v\u00e4rske musts\u00f5straga. Magus s\u00fcnergia teravast musts\u00f5strast, magusast \u0161okolaadist ja vahukommist.","og_url":"https:\/\/ruuby.ee\/en\/pood\/gurmee\/maiustused\/the-mallows-vahukommid-mustsostra-ja-valge-sokolaadiga-90g-uus-maitse\/","og_site_name":"RUUBY","article_publisher":"https:\/\/www.facebook.com\/ruubyconcept","article_modified_time":"2026-04-03T22:24:55+00:00","og_image":[{"width":1584,"height":1352,"url":"https:\/\/ruuby.ee\/wp-content\/uploads\/2024\/10\/Screenshot-2024-10-22-at-15.35.15.png","type":"image\/png"}],"twitter_card":"summary_large_image","twitter_misc":{"Estimated reading time":"1 minute"},"schema":{"@context":"https:\/\/schema.org","@graph":[{"@type":["WebPage","ItemPage"],"@id":"https:\/\/ruuby.ee\/pood\/gurmee\/maiustused\/the-mallows-vahukommid-mustsostra-ja-valge-sokolaadiga-90g-uus-maitse\/","url":"https:\/\/ruuby.ee\/pood\/gurmee\/maiustused\/the-mallows-vahukommid-mustsostra-ja-valge-sokolaadiga-90g-uus-maitse\/","name":"The Mallows - Vahukommid musts\u00f5stra ja valge \u0161okolaadiga, 90g - RUUBY","isPartOf":{"@id":"https:\/\/ruuby.ee\/en\/#website"},"primaryImageOfPage":{"@id":"https:\/\/ruuby.ee\/pood\/gurmee\/maiustused\/the-mallows-vahukommid-mustsostra-ja-valge-sokolaadiga-90g-uus-maitse\/#primaryimage"},"image":{"@id":"https:\/\/ruuby.ee\/pood\/gurmee\/maiustused\/the-mallows-vahukommid-mustsostra-ja-valge-sokolaadiga-90g-uus-maitse\/#primaryimage"},"thumbnailUrl":"http:\/\/ruuby.ee\/wp-content\/uploads\/2024\/10\/Screenshot-2024-10-22-at-15.35.15.png","datePublished":"2024-10-22T12:39:43+00:00","dateModified":"2026-04-03T22:24:55+00:00","breadcrumb":{"@id":"https:\/\/ruuby.ee\/pood\/gurmee\/maiustused\/the-mallows-vahukommid-mustsostra-ja-valge-sokolaadiga-90g-uus-maitse\/#breadcrumb"},"inLanguage":"en-GB","potentialAction":[{"@type":"ReadAction","target":["https:\/\/ruuby.ee\/pood\/gurmee\/maiustused\/the-mallows-vahukommid-mustsostra-ja-valge-sokolaadiga-90g-uus-maitse\/"]}]},{"@type":"ImageObject","inLanguage":"en-GB","@id":"https:\/\/ruuby.ee\/pood\/gurmee\/maiustused\/the-mallows-vahukommid-mustsostra-ja-valge-sokolaadiga-90g-uus-maitse\/#primaryimage","url":"http:\/\/ruuby.ee\/wp-content\/uploads\/2024\/10\/Screenshot-2024-10-22-at-15.35.15.png","contentUrl":"http:\/\/ruuby.ee\/wp-content\/uploads\/2024\/10\/Screenshot-2024-10-22-at-15.35.15.png","width":1584,"height":1352},{"@type":"BreadcrumbList","@id":"https:\/\/ruuby.ee\/pood\/gurmee\/maiustused\/the-mallows-vahukommid-mustsostra-ja-valge-sokolaadiga-90g-uus-maitse\/#breadcrumb","itemListElement":[{"@type":"ListItem","position":1,"name":"Kdu","item":"https:\/\/ruuby.ee\/en\/"},{"@type":"ListItem","position":2,"name":"Pood","item":"https:\/\/ruuby.ee\/pood\/"},{"@type":"ListItem","position":3,"name":"The Mallows &#8211; Vahukommid musts\u00f5stra ja valge \u0161okolaadiga, 90g"}]},{"@type":"WebSite","@id":"https:\/\/ruuby.ee\/en\/#website","url":"https:\/\/ruuby.ee\/en\/","name":"RUUBY","description":"Ruubys on \u00fchendatud elustiil ja disain","publisher":{"@id":"https:\/\/ruuby.ee\/en\/#organization"},"alternateName":"Ruuby Disain","potentialAction":[{"@type":"SearchAction","target":{"@type":"EntryPoint","urlTemplate":"https:\/\/ruuby.ee\/en\/?s={search_term_string}"},"query-input":{"@type":"PropertyValueSpecification","valueRequired":true,"valueName":"search_term_string"}}],"inLanguage":"en-GB"},{"@type":"Organization","@id":"https:\/\/ruuby.ee\/en\/#organization","name":"Ruuby Disain O\u00dc","alternateName":"Ruuby","url":"https:\/\/ruuby.ee\/en\/","logo":{"@type":"ImageObject","inLanguage":"en-GB","@id":"https:\/\/ruuby.ee\/en\/#\/schema\/logo\/image\/","url":"http:\/\/ruuby.ee\/wp-content\/uploads\/2023\/06\/cropped-Black-White-Elegant-Circle-Signature-Fashion-Logo-12_large.png","contentUrl":"http:\/\/ruuby.ee\/wp-content\/uploads\/2023\/06\/cropped-Black-White-Elegant-Circle-Signature-Fashion-Logo-12_large.png","width":1280,"height":747,"caption":"Ruuby Disain O\u00dc"},"image":{"@id":"https:\/\/ruuby.ee\/en\/#\/schema\/logo\/image\/"},"sameAs":["https:\/\/www.facebook.com\/ruubyconcept","https:\/\/www.instagram.com\/ruuby_concept\/"]}]}},"jetpack_sharing_enabled":true,"_links":{"self":[{"href":"http:\/\/ruuby.ee\/en\/wp-json\/wp\/v2\/product\/1850030","targetHints":{"allow":["GET"]}}],"collection":[{"href":"http:\/\/ruuby.ee\/en\/wp-json\/wp\/v2\/product"}],"about":[{"href":"http:\/\/ruuby.ee\/en\/wp-json\/wp\/v2\/types\/product"}],"replies":[{"embeddable":true,"href":"http:\/\/ruuby.ee\/en\/wp-json\/wp\/v2\/comments?post=1850030"}],"wp:featuredmedia":[{"embeddable":true,"href":"http:\/\/ruuby.ee\/en\/wp-json\/wp\/v2\/media\/1850032"}],"wp:attachment":[{"href":"http:\/\/ruuby.ee\/en\/wp-json\/wp\/v2\/media?parent=1850030"}],"wp:term":[{"taxonomy":"product_brand","embeddable":true,"href":"http:\/\/ruuby.ee\/en\/wp-json\/wp\/v2\/product_brand?post=1850030"},{"taxonomy":"product_cat","embeddable":true,"href":"http:\/\/ruuby.ee\/en\/wp-json\/wp\/v2\/product_cat?post=1850030"},{"taxonomy":"product_tag","embeddable":true,"href":"http:\/\/ruuby.ee\/en\/wp-json\/wp\/v2\/product_tag?post=1850030"}],"curies":[{"name":"wp","href":"https:\/\/api.w.org\/{rel}","templated":true}]}}