{"id":1849876,"date":"2024-10-21T14:26:54","date_gmt":"2024-10-21T11:26:54","guid":{"rendered":"http:\/\/ruuby.ee\/?post_type=product&#038;p=1849876"},"modified":"2026-04-04T01:24:55","modified_gmt":"2026-04-03T22:24:55","slug":"jesper-home-soogitool-yanai-poorlev-180-kraadi","status":"publish","type":"product","link":"http:\/\/ruuby.ee\/en\/pood\/kodusisustus\/moobel\/toolid\/jesper-home-soogitool-yanai-poorlev-180-kraadi\/","title":{"rendered":"Jesper Home &#8211; S\u00f6\u00f6gitool Yanai, p\u00f6\u00f6rlev 180 kraadi."},"content":{"rendered":"<p><strong>Kuus v\u00e4rvi: millise valite?<\/strong><\/p>\n<p>Kas teile meeldib ajatu disain? Siis sobib Yanai s\u00f6\u00f6gitool teile ideaalselt. Yanai on elegantne ja mugav lisand igale s\u00f6\u00f6gitoale. Disain paistab silma ainulaadse seljatoe s\u00e4lku t\u00f5ttu, mis annab stiilse aktsendi.<\/p>\n<p>Tool on polsterdatud pol\u00fcakr\u00fc\u00fcliseguga, tagades silmapaistva mugavuse ja vastupidavuse.<\/p>\n<p>Yanai on saadaval kuues v\u00e4rvitoonis: Pigeon (helehall), Biscuit Beach (bee\u017e), Amazing Grey (tumehall), Toscan Terra (s\u00fcgav pronks), Soft Sage (heleroheline) ja Pink Punch (roosa). See lai v\u00e4rvivalik muudab teie interj\u00f6\u00f6riga sobiva ideaalse tooli leidmise lihtsaks.<\/p>\n<p><strong>Kerge disain<\/strong><br \/>\nYanai tooli seljatoes olev v\u00e4ljal\u00f5ige annab disainile kerge ja avatud iseloomu, mis sobib ideaalselt modernsesse ja kergesse interj\u00f6\u00f6ri. Kombineerige see elegantne iste oma valitud alusega ja looge oma ideaalne s\u00f6\u00f6gitool. Kanga tekstureeritud kudumine ei taga mitte ainult praktilist vastupidavust, vaid lisab ka m\u00e4ngulist v\u00f5lu ja v\u00e4rvis\u00fcgavust. Yanai iste on vastupidav ja soodustab aktiivset istumiskogemust.<\/p>\n<p>Tool on 180 kraadi p\u00f6\u00f6ratav automaatse tagasip\u00f6\u00f6ramise funktsiooniga.<\/p>\n<p><strong>M\u00f5\u00f5dud<\/strong><\/p>\n<p>Koguk\u00f5rgus: 83 cm, Laius: 59 cm, S\u00fcgavus: 62 cm<\/p>\n<p>Istme m\u00f5\u00f5dud: Istme k\u00f5rgus: 47 cm, Istme laius: 44 cm, Istme s\u00fcgavus: 46 cm<\/p>\n<p>K\u00e4etoe k\u00f5rgus (p\u00f5randast k\u00e4etoe \u00fclaosani): 62 cm<\/p>\n<p>Kaal: 8 kg, Maksimaalne koormus: 130 kg<\/p>\n<p><strong>Materjal<\/strong><\/p>\n<p>Istme materjal: pol\u00fcester. Raami materjal: metall<\/p>\n<p><strong>Puhastamine:<\/strong> Puhasta tolmuimejaga v\u00f5i harjaga \u00e4ra tolm ja praht. Vedelikuga kokkupuutel kuivatage kohe. Plekkide puhastamiseks kasutage pehmet seebilahust. Loputage hoolikalt puhta veega.<\/p>","protected":false},"excerpt":{"rendered":"<p>Yanai s\u00f6\u00f6gitoolil on kerge ja \u00f5huline disain, mida t\u00f5stab esile peen s\u00e4lk seljatoes. Selle tooli polster \u00f5hkub ajatut elegantsi koos keeruka v\u00e4rvide ja tekstuuride seguga. V\u00e4ga \u0161ikk.<\/p>","protected":false},"featured_media":1849889,"comment_status":"closed","ping_status":"closed","template":"","meta":[],"product_brand":[],"product_cat":[42,1016,555],"product_tag":[719,155],"class_list":{"0":"post-1849876","1":"product","2":"type-product","3":"status-publish","4":"has-post-thumbnail","6":"product_cat-kodusisustus","7":"product_cat-soogitoolid","8":"product_cat-toolid","9":"product_tag-jesper-home","10":"product_tag-tool","12":"first","13":"onbackorder","14":"taxable","15":"shipping-taxable","16":"purchasable","17":"product-type-variable","18":"rtwpvs-product"},"yoast_head":"<!-- This site is optimized with the Yoast SEO plugin v27.2 - https:\/\/yoast.com\/product\/yoast-seo-wordpress\/ -->\n<title>Jesper Home - S\u00f6\u00f6gitool Yanai, p\u00f6\u00f6rlev 180 kraadi. - RUUBY<\/title>\n<meta name=\"robots\" content=\"index, follow, max-snippet:-1, max-image-preview:large, max-video-preview:-1\" \/>\n<link rel=\"canonical\" href=\"https:\/\/ruuby.ee\/en\/pood\/kodusisustus\/moobel\/toolid\/jesper-home-soogitool-yanai-poorlev-180-kraadi\/\" \/>\n<meta property=\"og:locale\" content=\"en_GB\" \/>\n<meta property=\"og:type\" content=\"article\" \/>\n<meta property=\"og:title\" content=\"Jesper Home - S\u00f6\u00f6gitool Yanai, p\u00f6\u00f6rlev 180 kraadi. - RUUBY\" \/>\n<meta property=\"og:description\" content=\"Yanai s\u00f6\u00f6gitoolil on kerge ja \u00f5huline disain, mida t\u00f5stab esile peen s\u00e4lk seljatoes. Selle tooli polster \u00f5hkub ajatut elegantsi koos keeruka v\u00e4rvide ja tekstuuride seguga. V\u00e4ga \u0161ikk.\" \/>\n<meta property=\"og:url\" content=\"https:\/\/ruuby.ee\/en\/pood\/kodusisustus\/moobel\/toolid\/jesper-home-soogitool-yanai-poorlev-180-kraadi\/\" \/>\n<meta property=\"og:site_name\" content=\"RUUBY\" \/>\n<meta property=\"article:publisher\" content=\"https:\/\/www.facebook.com\/ruubyconcept\" \/>\n<meta property=\"article:modified_time\" content=\"2026-04-03T22:24:55+00:00\" \/>\n<meta property=\"og:image\" content=\"https:\/\/ruuby.ee\/wp-content\/uploads\/2024\/10\/Screenshot-2024-10-21-at-14.53.52.png\" \/>\n\t<meta property=\"og:image:width\" content=\"1134\" \/>\n\t<meta property=\"og:image:height\" content=\"1068\" \/>\n\t<meta property=\"og:image:type\" content=\"image\/png\" \/>\n<meta name=\"twitter:card\" content=\"summary_large_image\" \/>\n<meta name=\"twitter:label1\" content=\"Estimated reading time\" \/>\n\t<meta name=\"twitter:data1\" content=\"2 minutes\" \/>\n<script type=\"application\/ld+json\" class=\"yoast-schema-graph\">{\"@context\":\"https:\/\/schema.org\",\"@graph\":[{\"@type\":[\"WebPage\",\"ItemPage\"],\"@id\":\"https:\/\/ruuby.ee\/pood\/kodusisustus\/moobel\/toolid\/jesper-home-soogitool-yanai-poorlev-180-kraadi\/\",\"url\":\"https:\/\/ruuby.ee\/pood\/kodusisustus\/moobel\/toolid\/jesper-home-soogitool-yanai-poorlev-180-kraadi\/\",\"name\":\"Jesper Home - S\u00f6\u00f6gitool Yanai, p\u00f6\u00f6rlev 180 kraadi. - RUUBY\",\"isPartOf\":{\"@id\":\"https:\/\/ruuby.ee\/en\/#website\"},\"primaryImageOfPage\":{\"@id\":\"https:\/\/ruuby.ee\/pood\/kodusisustus\/moobel\/toolid\/jesper-home-soogitool-yanai-poorlev-180-kraadi\/#primaryimage\"},\"image\":{\"@id\":\"https:\/\/ruuby.ee\/pood\/kodusisustus\/moobel\/toolid\/jesper-home-soogitool-yanai-poorlev-180-kraadi\/#primaryimage\"},\"thumbnailUrl\":\"http:\/\/ruuby.ee\/wp-content\/uploads\/2024\/10\/Screenshot-2024-10-21-at-14.53.52.png\",\"datePublished\":\"2024-10-21T11:26:54+00:00\",\"dateModified\":\"2026-04-03T22:24:55+00:00\",\"breadcrumb\":{\"@id\":\"https:\/\/ruuby.ee\/pood\/kodusisustus\/moobel\/toolid\/jesper-home-soogitool-yanai-poorlev-180-kraadi\/#breadcrumb\"},\"inLanguage\":\"en-GB\",\"potentialAction\":[{\"@type\":\"ReadAction\",\"target\":[\"https:\/\/ruuby.ee\/pood\/kodusisustus\/moobel\/toolid\/jesper-home-soogitool-yanai-poorlev-180-kraadi\/\"]}]},{\"@type\":\"ImageObject\",\"inLanguage\":\"en-GB\",\"@id\":\"https:\/\/ruuby.ee\/pood\/kodusisustus\/moobel\/toolid\/jesper-home-soogitool-yanai-poorlev-180-kraadi\/#primaryimage\",\"url\":\"http:\/\/ruuby.ee\/wp-content\/uploads\/2024\/10\/Screenshot-2024-10-21-at-14.53.52.png\",\"contentUrl\":\"http:\/\/ruuby.ee\/wp-content\/uploads\/2024\/10\/Screenshot-2024-10-21-at-14.53.52.png\",\"width\":1134,\"height\":1068},{\"@type\":\"BreadcrumbList\",\"@id\":\"https:\/\/ruuby.ee\/pood\/kodusisustus\/moobel\/toolid\/jesper-home-soogitool-yanai-poorlev-180-kraadi\/#breadcrumb\",\"itemListElement\":[{\"@type\":\"ListItem\",\"position\":1,\"name\":\"Kdu\",\"item\":\"https:\/\/ruuby.ee\/en\/\"},{\"@type\":\"ListItem\",\"position\":2,\"name\":\"Pood\",\"item\":\"https:\/\/ruuby.ee\/pood\/\"},{\"@type\":\"ListItem\",\"position\":3,\"name\":\"Jesper Home &#8211; S\u00f6\u00f6gitool Yanai, p\u00f6\u00f6rlev 180 kraadi.\"}]},{\"@type\":\"WebSite\",\"@id\":\"https:\/\/ruuby.ee\/en\/#website\",\"url\":\"https:\/\/ruuby.ee\/en\/\",\"name\":\"RUUBY\",\"description\":\"Ruubys on \u00fchendatud elustiil ja disain\",\"publisher\":{\"@id\":\"https:\/\/ruuby.ee\/en\/#organization\"},\"alternateName\":\"Ruuby Disain\",\"potentialAction\":[{\"@type\":\"SearchAction\",\"target\":{\"@type\":\"EntryPoint\",\"urlTemplate\":\"https:\/\/ruuby.ee\/en\/?s={search_term_string}\"},\"query-input\":{\"@type\":\"PropertyValueSpecification\",\"valueRequired\":true,\"valueName\":\"search_term_string\"}}],\"inLanguage\":\"en-GB\"},{\"@type\":\"Organization\",\"@id\":\"https:\/\/ruuby.ee\/en\/#organization\",\"name\":\"Ruuby Disain O\u00dc\",\"alternateName\":\"Ruuby\",\"url\":\"https:\/\/ruuby.ee\/en\/\",\"logo\":{\"@type\":\"ImageObject\",\"inLanguage\":\"en-GB\",\"@id\":\"https:\/\/ruuby.ee\/en\/#\/schema\/logo\/image\/\",\"url\":\"http:\/\/ruuby.ee\/wp-content\/uploads\/2023\/06\/cropped-Black-White-Elegant-Circle-Signature-Fashion-Logo-12_large.png\",\"contentUrl\":\"http:\/\/ruuby.ee\/wp-content\/uploads\/2023\/06\/cropped-Black-White-Elegant-Circle-Signature-Fashion-Logo-12_large.png\",\"width\":1280,\"height\":747,\"caption\":\"Ruuby Disain O\u00dc\"},\"image\":{\"@id\":\"https:\/\/ruuby.ee\/en\/#\/schema\/logo\/image\/\"},\"sameAs\":[\"https:\/\/www.facebook.com\/ruubyconcept\",\"https:\/\/www.instagram.com\/ruuby_concept\/\"]}]}<\/script>\n<!-- \/ Yoast SEO plugin. -->","yoast_head_json":{"title":"Jesper Home - S\u00f6\u00f6gitool Yanai, p\u00f6\u00f6rlev 180 kraadi. - RUUBY","robots":{"index":"index","follow":"follow","max-snippet":"max-snippet:-1","max-image-preview":"max-image-preview:large","max-video-preview":"max-video-preview:-1"},"canonical":"https:\/\/ruuby.ee\/en\/pood\/kodusisustus\/moobel\/toolid\/jesper-home-soogitool-yanai-poorlev-180-kraadi\/","og_locale":"en_GB","og_type":"article","og_title":"Jesper Home - S\u00f6\u00f6gitool Yanai, p\u00f6\u00f6rlev 180 kraadi. - RUUBY","og_description":"Yanai s\u00f6\u00f6gitoolil on kerge ja \u00f5huline disain, mida t\u00f5stab esile peen s\u00e4lk seljatoes. Selle tooli polster \u00f5hkub ajatut elegantsi koos keeruka v\u00e4rvide ja tekstuuride seguga. V\u00e4ga \u0161ikk.","og_url":"https:\/\/ruuby.ee\/en\/pood\/kodusisustus\/moobel\/toolid\/jesper-home-soogitool-yanai-poorlev-180-kraadi\/","og_site_name":"RUUBY","article_publisher":"https:\/\/www.facebook.com\/ruubyconcept","article_modified_time":"2026-04-03T22:24:55+00:00","og_image":[{"width":1134,"height":1068,"url":"https:\/\/ruuby.ee\/wp-content\/uploads\/2024\/10\/Screenshot-2024-10-21-at-14.53.52.png","type":"image\/png"}],"twitter_card":"summary_large_image","twitter_misc":{"Estimated reading time":"2 minutes"},"schema":{"@context":"https:\/\/schema.org","@graph":[{"@type":["WebPage","ItemPage"],"@id":"https:\/\/ruuby.ee\/pood\/kodusisustus\/moobel\/toolid\/jesper-home-soogitool-yanai-poorlev-180-kraadi\/","url":"https:\/\/ruuby.ee\/pood\/kodusisustus\/moobel\/toolid\/jesper-home-soogitool-yanai-poorlev-180-kraadi\/","name":"Jesper Home - S\u00f6\u00f6gitool Yanai, p\u00f6\u00f6rlev 180 kraadi. - RUUBY","isPartOf":{"@id":"https:\/\/ruuby.ee\/en\/#website"},"primaryImageOfPage":{"@id":"https:\/\/ruuby.ee\/pood\/kodusisustus\/moobel\/toolid\/jesper-home-soogitool-yanai-poorlev-180-kraadi\/#primaryimage"},"image":{"@id":"https:\/\/ruuby.ee\/pood\/kodusisustus\/moobel\/toolid\/jesper-home-soogitool-yanai-poorlev-180-kraadi\/#primaryimage"},"thumbnailUrl":"http:\/\/ruuby.ee\/wp-content\/uploads\/2024\/10\/Screenshot-2024-10-21-at-14.53.52.png","datePublished":"2024-10-21T11:26:54+00:00","dateModified":"2026-04-03T22:24:55+00:00","breadcrumb":{"@id":"https:\/\/ruuby.ee\/pood\/kodusisustus\/moobel\/toolid\/jesper-home-soogitool-yanai-poorlev-180-kraadi\/#breadcrumb"},"inLanguage":"en-GB","potentialAction":[{"@type":"ReadAction","target":["https:\/\/ruuby.ee\/pood\/kodusisustus\/moobel\/toolid\/jesper-home-soogitool-yanai-poorlev-180-kraadi\/"]}]},{"@type":"ImageObject","inLanguage":"en-GB","@id":"https:\/\/ruuby.ee\/pood\/kodusisustus\/moobel\/toolid\/jesper-home-soogitool-yanai-poorlev-180-kraadi\/#primaryimage","url":"http:\/\/ruuby.ee\/wp-content\/uploads\/2024\/10\/Screenshot-2024-10-21-at-14.53.52.png","contentUrl":"http:\/\/ruuby.ee\/wp-content\/uploads\/2024\/10\/Screenshot-2024-10-21-at-14.53.52.png","width":1134,"height":1068},{"@type":"BreadcrumbList","@id":"https:\/\/ruuby.ee\/pood\/kodusisustus\/moobel\/toolid\/jesper-home-soogitool-yanai-poorlev-180-kraadi\/#breadcrumb","itemListElement":[{"@type":"ListItem","position":1,"name":"Kdu","item":"https:\/\/ruuby.ee\/en\/"},{"@type":"ListItem","position":2,"name":"Pood","item":"https:\/\/ruuby.ee\/pood\/"},{"@type":"ListItem","position":3,"name":"Jesper Home &#8211; S\u00f6\u00f6gitool Yanai, p\u00f6\u00f6rlev 180 kraadi."}]},{"@type":"WebSite","@id":"https:\/\/ruuby.ee\/en\/#website","url":"https:\/\/ruuby.ee\/en\/","name":"RUUBY","description":"Ruubys on \u00fchendatud elustiil ja disain","publisher":{"@id":"https:\/\/ruuby.ee\/en\/#organization"},"alternateName":"Ruuby Disain","potentialAction":[{"@type":"SearchAction","target":{"@type":"EntryPoint","urlTemplate":"https:\/\/ruuby.ee\/en\/?s={search_term_string}"},"query-input":{"@type":"PropertyValueSpecification","valueRequired":true,"valueName":"search_term_string"}}],"inLanguage":"en-GB"},{"@type":"Organization","@id":"https:\/\/ruuby.ee\/en\/#organization","name":"Ruuby Disain O\u00dc","alternateName":"Ruuby","url":"https:\/\/ruuby.ee\/en\/","logo":{"@type":"ImageObject","inLanguage":"en-GB","@id":"https:\/\/ruuby.ee\/en\/#\/schema\/logo\/image\/","url":"http:\/\/ruuby.ee\/wp-content\/uploads\/2023\/06\/cropped-Black-White-Elegant-Circle-Signature-Fashion-Logo-12_large.png","contentUrl":"http:\/\/ruuby.ee\/wp-content\/uploads\/2023\/06\/cropped-Black-White-Elegant-Circle-Signature-Fashion-Logo-12_large.png","width":1280,"height":747,"caption":"Ruuby Disain O\u00dc"},"image":{"@id":"https:\/\/ruuby.ee\/en\/#\/schema\/logo\/image\/"},"sameAs":["https:\/\/www.facebook.com\/ruubyconcept","https:\/\/www.instagram.com\/ruuby_concept\/"]}]}},"jetpack_sharing_enabled":true,"_links":{"self":[{"href":"http:\/\/ruuby.ee\/en\/wp-json\/wp\/v2\/product\/1849876","targetHints":{"allow":["GET"]}}],"collection":[{"href":"http:\/\/ruuby.ee\/en\/wp-json\/wp\/v2\/product"}],"about":[{"href":"http:\/\/ruuby.ee\/en\/wp-json\/wp\/v2\/types\/product"}],"replies":[{"embeddable":true,"href":"http:\/\/ruuby.ee\/en\/wp-json\/wp\/v2\/comments?post=1849876"}],"wp:featuredmedia":[{"embeddable":true,"href":"http:\/\/ruuby.ee\/en\/wp-json\/wp\/v2\/media\/1849889"}],"wp:attachment":[{"href":"http:\/\/ruuby.ee\/en\/wp-json\/wp\/v2\/media?parent=1849876"}],"wp:term":[{"taxonomy":"product_brand","embeddable":true,"href":"http:\/\/ruuby.ee\/en\/wp-json\/wp\/v2\/product_brand?post=1849876"},{"taxonomy":"product_cat","embeddable":true,"href":"http:\/\/ruuby.ee\/en\/wp-json\/wp\/v2\/product_cat?post=1849876"},{"taxonomy":"product_tag","embeddable":true,"href":"http:\/\/ruuby.ee\/en\/wp-json\/wp\/v2\/product_tag?post=1849876"}],"curies":[{"name":"wp","href":"https:\/\/api.w.org\/{rel}","templated":true}]}}