{"id":1849857,"date":"2024-10-19T12:03:49","date_gmt":"2024-10-19T09:03:49","guid":{"rendered":"http:\/\/ruuby.ee\/?post_type=product&#038;p=1849857"},"modified":"2026-04-08T01:28:29","modified_gmt":"2026-04-07T22:28:29","slug":"arbuusi-paevitusgeel-magusalt-mahlane","status":"publish","type":"product","link":"http:\/\/ruuby.ee\/en\/pood\/kosmeetika\/paikesekaitse\/arbuusi-paevitusgeel-magusalt-mahlane\/","title":{"rendered":"Arbuusi P\u00e4evitusgeel \u201dMagusalt Mahlane\u201d"},"content":{"rendered":"<p>Arbuusi P\u00e4evitusgeel aitab sul saavutada loomuliku, s\u00fcgavama ning kauakestvama jume kaks korda kiiremini. P\u00e4evitusgeel on m\u00f5nusalt v\u00f5ine ning kandub nahal laiali kergelt.<\/p>\n<p>Olenemata nahat\u00fc\u00fcbist pole sul vaja teha muud, kui veeda veidi aega loomuliku p\u00e4ikese k\u00e4es ja naudi p\u00e4ikese pai. P\u00e4evitusgeel on eksklusiivne segu k\u00f5rgeima kvaliteediga \u00f5lidest, mis on spetsiaalselt loodud nahas melaniini stimuleerimiseks ja loomuliku p\u00e4evitusprotsessi kiirendamiseks.<\/p>\n<p>Hoolitse oma naha eest Arbuusi P\u00e4evitusgeeliga ning m\u00e4rka, kuidas Su nahk \u00e4rkab ellu. See on Sinu p\u00fcsiva ja kauni p\u00e4evituse saladus!<\/p>\n<p><strong>MIS ON SEES?<\/strong><\/p>\n<p>K\u00f5ik, mida su nahk t\u00e4iusliku jume jaoks vajab:<\/p>\n<p>\u2763100% looduslik porgandi\u00f5li valmistab Su naha ette ja tugevdab seda.<br \/>\n\u2763 Ekstra neitsi kookos\u00f5li p\u00e4evituse tugevdamiseks ja p\u00fcsivuseks<br \/>\n\u2763 Vitamiine s\u00e4rava ja terve naha jaoks!<\/p>\n<p>Omadused:<br \/>\n\u2763 S\u00fcgava ja veatu jume<br \/>\n\u2763 Kiire \u2018\u2019sunkissed\u2019\u2019 glow<br \/>\n\u2763 Ultra niisutav<br \/>\n\u2763 Sobib k\u00f5ikidele nahat\u00fc\u00fcpidele<br \/>\n\u2763 100% looduslik ja julmusevaba<br \/>\n\u2763 Tumedam p\u00e4evitus kiiremini!<\/p>\n<p><strong>Kasutamine: <\/strong><\/p>\n<p>\u2763 Kandke \u00fchtlaselt suur kogus kogu kehale ja korrake protseduuri iga natukese aja tagant, et tagada kiireim tulemus. Kindlasti korda peale ujumist. V\u00e4ltige silma \u00fcmbrust!<br \/>\n\u2763 See toode ei paku UV-kaitset. Me ei soovita seda toodet kasutada lastel ega tundliku nahaga inimestel.<br \/>\n\u2763 V\u00e4ga heleda nahaga inimestel soovitame enne p\u00e4evitusv\u00f5i pealekandmist kasutada SPF-i.<br \/>\n\u2763 V\u00e4ltige otsest p\u00e4ikese k\u00e4es viibimist ajavahemikus 11.00\u201316.00.<\/p>\n<p>Koostisosad:<\/p>\n<p>Vitis Vinifera (Grape) Seed Oil, Butyrospermum Parkii (Shea) Butter, Cocos Nucifera (Coconut) Oil, Cera Alba, Prunus Amygdalus Dulcis (Sweet Almond) Oil, Sesamum Indicum (Sesame) Seed Oil, Citrullus Lanatus (Watermelon) Seed Oil, Fragrance, Daucus Carota Sativa (Carrot) Seed Oil, Tocopherol, CI 26100, Benzyl Salicylate, CI 60725.<\/p>","protected":false},"excerpt":{"rendered":"<p>Arbuusi p\u00e4evitusgeel aitab saavutada loomuliku, s\u00fcgavama, kauakestvama ja kaks korda kiirema p\u00e4evituse. Uus t\u00e4iustatud koostis on m\u00f5nusalt v\u00f5ine ning kandub nahal laiali imelise kergusega.<\/p>","protected":false},"featured_media":1849860,"comment_status":"closed","ping_status":"closed","template":"","meta":[],"product_brand":[],"product_cat":[690,25,688],"product_tag":[],"class_list":{"0":"post-1849857","1":"product","2":"type-product","3":"status-publish","4":"has-post-thumbnail","6":"product_cat-kehahooldus","7":"product_cat-kosmeetika","8":"product_cat-paikesekaitse","10":"first","11":"outofstock","12":"taxable","13":"shipping-taxable","14":"purchasable","15":"product-type-simple"},"yoast_head":"<!-- This site is optimized with the Yoast SEO plugin v27.3 - https:\/\/yoast.com\/product\/yoast-seo-wordpress\/ -->\n<title>Arbuusi P\u00e4evitusgeel \u201dMagusalt Mahlane\u201d - RUUBY<\/title>\n<meta name=\"robots\" content=\"index, follow, max-snippet:-1, max-image-preview:large, max-video-preview:-1\" \/>\n<link rel=\"canonical\" href=\"http:\/\/ruuby.ee\/en\/pood\/kosmeetika\/paikesekaitse\/arbuusi-paevitusgeel-magusalt-mahlane\/\" \/>\n<meta property=\"og:locale\" content=\"en_GB\" \/>\n<meta property=\"og:type\" content=\"article\" \/>\n<meta property=\"og:title\" content=\"Arbuusi P\u00e4evitusgeel \u201dMagusalt Mahlane\u201d - RUUBY\" \/>\n<meta property=\"og:description\" content=\"Arbuusi p\u00e4evitusgeel aitab saavutada loomuliku, s\u00fcgavama, kauakestvama ja kaks korda kiirema p\u00e4evituse. Uus t\u00e4iustatud koostis on m\u00f5nusalt v\u00f5ine ning kandub nahal laiali imelise kergusega.\" \/>\n<meta property=\"og:url\" content=\"http:\/\/ruuby.ee\/en\/pood\/kosmeetika\/paikesekaitse\/arbuusi-paevitusgeel-magusalt-mahlane\/\" \/>\n<meta property=\"og:site_name\" content=\"RUUBY\" \/>\n<meta property=\"article:publisher\" content=\"https:\/\/www.facebook.com\/ruubyconcept\" \/>\n<meta property=\"article:modified_time\" content=\"2026-04-07T22:28:29+00:00\" \/>\n<meta property=\"og:image\" content=\"http:\/\/ruuby.ee\/wp-content\/uploads\/2024\/10\/Screenshot-2024-10-19-at-12.01.19.png\" \/>\n\t<meta property=\"og:image:width\" content=\"588\" \/>\n\t<meta property=\"og:image:height\" content=\"610\" \/>\n\t<meta property=\"og:image:type\" content=\"image\/png\" \/>\n<meta name=\"twitter:card\" content=\"summary_large_image\" \/>\n<meta name=\"twitter:label1\" content=\"Estimated reading time\" \/>\n\t<meta name=\"twitter:data1\" content=\"2 minutes\" \/>\n<script type=\"application\/ld+json\" class=\"yoast-schema-graph\">{\"@context\":\"https:\\\/\\\/schema.org\",\"@graph\":[{\"@type\":[\"WebPage\",\"ItemPage\"],\"@id\":\"http:\\\/\\\/ruuby.ee\\\/pood\\\/kosmeetika\\\/paikesekaitse\\\/arbuusi-paevitusgeel-magusalt-mahlane\\\/\",\"url\":\"http:\\\/\\\/ruuby.ee\\\/pood\\\/kosmeetika\\\/paikesekaitse\\\/arbuusi-paevitusgeel-magusalt-mahlane\\\/\",\"name\":\"Arbuusi P\u00e4evitusgeel \u201dMagusalt Mahlane\u201d - RUUBY\",\"isPartOf\":{\"@id\":\"http:\\\/\\\/ruuby.ee\\\/en\\\/#website\"},\"primaryImageOfPage\":{\"@id\":\"http:\\\/\\\/ruuby.ee\\\/pood\\\/kosmeetika\\\/paikesekaitse\\\/arbuusi-paevitusgeel-magusalt-mahlane\\\/#primaryimage\"},\"image\":{\"@id\":\"http:\\\/\\\/ruuby.ee\\\/pood\\\/kosmeetika\\\/paikesekaitse\\\/arbuusi-paevitusgeel-magusalt-mahlane\\\/#primaryimage\"},\"thumbnailUrl\":\"http:\\\/\\\/ruuby.ee\\\/wp-content\\\/uploads\\\/2024\\\/10\\\/Screenshot-2024-10-19-at-12.01.19.png\",\"datePublished\":\"2024-10-19T09:03:49+00:00\",\"dateModified\":\"2026-04-07T22:28:29+00:00\",\"breadcrumb\":{\"@id\":\"http:\\\/\\\/ruuby.ee\\\/pood\\\/kosmeetika\\\/paikesekaitse\\\/arbuusi-paevitusgeel-magusalt-mahlane\\\/#breadcrumb\"},\"inLanguage\":\"en-GB\",\"potentialAction\":[{\"@type\":\"ReadAction\",\"target\":[\"http:\\\/\\\/ruuby.ee\\\/pood\\\/kosmeetika\\\/paikesekaitse\\\/arbuusi-paevitusgeel-magusalt-mahlane\\\/\"]}]},{\"@type\":\"ImageObject\",\"inLanguage\":\"en-GB\",\"@id\":\"http:\\\/\\\/ruuby.ee\\\/pood\\\/kosmeetika\\\/paikesekaitse\\\/arbuusi-paevitusgeel-magusalt-mahlane\\\/#primaryimage\",\"url\":\"http:\\\/\\\/ruuby.ee\\\/wp-content\\\/uploads\\\/2024\\\/10\\\/Screenshot-2024-10-19-at-12.01.19.png\",\"contentUrl\":\"http:\\\/\\\/ruuby.ee\\\/wp-content\\\/uploads\\\/2024\\\/10\\\/Screenshot-2024-10-19-at-12.01.19.png\",\"width\":588,\"height\":610},{\"@type\":\"BreadcrumbList\",\"@id\":\"http:\\\/\\\/ruuby.ee\\\/pood\\\/kosmeetika\\\/paikesekaitse\\\/arbuusi-paevitusgeel-magusalt-mahlane\\\/#breadcrumb\",\"itemListElement\":[{\"@type\":\"ListItem\",\"position\":1,\"name\":\"Kdu\",\"item\":\"http:\\\/\\\/ruuby.ee\\\/en\\\/\"},{\"@type\":\"ListItem\",\"position\":2,\"name\":\"Pood\",\"item\":\"http:\\\/\\\/ruuby.ee\\\/en\\\/pood\\\/\"},{\"@type\":\"ListItem\",\"position\":3,\"name\":\"Arbuusi P\u00e4evitusgeel \u201dMagusalt Mahlane\u201d\"}]},{\"@type\":\"WebSite\",\"@id\":\"http:\\\/\\\/ruuby.ee\\\/en\\\/#website\",\"url\":\"http:\\\/\\\/ruuby.ee\\\/en\\\/\",\"name\":\"RUUBY\",\"description\":\"Ruubys on \u00fchendatud elustiil ja disain\",\"publisher\":{\"@id\":\"http:\\\/\\\/ruuby.ee\\\/en\\\/#organization\"},\"alternateName\":\"Ruuby Disain\",\"potentialAction\":[{\"@type\":\"SearchAction\",\"target\":{\"@type\":\"EntryPoint\",\"urlTemplate\":\"http:\\\/\\\/ruuby.ee\\\/en\\\/?s={search_term_string}\"},\"query-input\":{\"@type\":\"PropertyValueSpecification\",\"valueRequired\":true,\"valueName\":\"search_term_string\"}}],\"inLanguage\":\"en-GB\"},{\"@type\":\"Organization\",\"@id\":\"http:\\\/\\\/ruuby.ee\\\/en\\\/#organization\",\"name\":\"Ruuby Disain O\u00dc\",\"alternateName\":\"Ruuby\",\"url\":\"http:\\\/\\\/ruuby.ee\\\/en\\\/\",\"logo\":{\"@type\":\"ImageObject\",\"inLanguage\":\"en-GB\",\"@id\":\"http:\\\/\\\/ruuby.ee\\\/en\\\/#\\\/schema\\\/logo\\\/image\\\/\",\"url\":\"http:\\\/\\\/ruuby.ee\\\/wp-content\\\/uploads\\\/2023\\\/06\\\/cropped-Black-White-Elegant-Circle-Signature-Fashion-Logo-12_large.png\",\"contentUrl\":\"http:\\\/\\\/ruuby.ee\\\/wp-content\\\/uploads\\\/2023\\\/06\\\/cropped-Black-White-Elegant-Circle-Signature-Fashion-Logo-12_large.png\",\"width\":1280,\"height\":747,\"caption\":\"Ruuby Disain O\u00dc\"},\"image\":{\"@id\":\"http:\\\/\\\/ruuby.ee\\\/en\\\/#\\\/schema\\\/logo\\\/image\\\/\"},\"sameAs\":[\"https:\\\/\\\/www.facebook.com\\\/ruubyconcept\",\"https:\\\/\\\/www.instagram.com\\\/ruuby_concept\\\/\"]}]}<\/script>\n<!-- \/ Yoast SEO plugin. -->","yoast_head_json":{"title":"Arbuusi P\u00e4evitusgeel \u201dMagusalt Mahlane\u201d - RUUBY","robots":{"index":"index","follow":"follow","max-snippet":"max-snippet:-1","max-image-preview":"max-image-preview:large","max-video-preview":"max-video-preview:-1"},"canonical":"http:\/\/ruuby.ee\/en\/pood\/kosmeetika\/paikesekaitse\/arbuusi-paevitusgeel-magusalt-mahlane\/","og_locale":"en_GB","og_type":"article","og_title":"Arbuusi P\u00e4evitusgeel \u201dMagusalt Mahlane\u201d - RUUBY","og_description":"Arbuusi p\u00e4evitusgeel aitab saavutada loomuliku, s\u00fcgavama, kauakestvama ja kaks korda kiirema p\u00e4evituse. Uus t\u00e4iustatud koostis on m\u00f5nusalt v\u00f5ine ning kandub nahal laiali imelise kergusega.","og_url":"http:\/\/ruuby.ee\/en\/pood\/kosmeetika\/paikesekaitse\/arbuusi-paevitusgeel-magusalt-mahlane\/","og_site_name":"RUUBY","article_publisher":"https:\/\/www.facebook.com\/ruubyconcept","article_modified_time":"2026-04-07T22:28:29+00:00","og_image":[{"width":588,"height":610,"url":"http:\/\/ruuby.ee\/wp-content\/uploads\/2024\/10\/Screenshot-2024-10-19-at-12.01.19.png","type":"image\/png"}],"twitter_card":"summary_large_image","twitter_misc":{"Estimated reading time":"2 minutes"},"schema":{"@context":"https:\/\/schema.org","@graph":[{"@type":["WebPage","ItemPage"],"@id":"http:\/\/ruuby.ee\/pood\/kosmeetika\/paikesekaitse\/arbuusi-paevitusgeel-magusalt-mahlane\/","url":"http:\/\/ruuby.ee\/pood\/kosmeetika\/paikesekaitse\/arbuusi-paevitusgeel-magusalt-mahlane\/","name":"Arbuusi P\u00e4evitusgeel \u201dMagusalt Mahlane\u201d - RUUBY","isPartOf":{"@id":"http:\/\/ruuby.ee\/en\/#website"},"primaryImageOfPage":{"@id":"http:\/\/ruuby.ee\/pood\/kosmeetika\/paikesekaitse\/arbuusi-paevitusgeel-magusalt-mahlane\/#primaryimage"},"image":{"@id":"http:\/\/ruuby.ee\/pood\/kosmeetika\/paikesekaitse\/arbuusi-paevitusgeel-magusalt-mahlane\/#primaryimage"},"thumbnailUrl":"http:\/\/ruuby.ee\/wp-content\/uploads\/2024\/10\/Screenshot-2024-10-19-at-12.01.19.png","datePublished":"2024-10-19T09:03:49+00:00","dateModified":"2026-04-07T22:28:29+00:00","breadcrumb":{"@id":"http:\/\/ruuby.ee\/pood\/kosmeetika\/paikesekaitse\/arbuusi-paevitusgeel-magusalt-mahlane\/#breadcrumb"},"inLanguage":"en-GB","potentialAction":[{"@type":"ReadAction","target":["http:\/\/ruuby.ee\/pood\/kosmeetika\/paikesekaitse\/arbuusi-paevitusgeel-magusalt-mahlane\/"]}]},{"@type":"ImageObject","inLanguage":"en-GB","@id":"http:\/\/ruuby.ee\/pood\/kosmeetika\/paikesekaitse\/arbuusi-paevitusgeel-magusalt-mahlane\/#primaryimage","url":"http:\/\/ruuby.ee\/wp-content\/uploads\/2024\/10\/Screenshot-2024-10-19-at-12.01.19.png","contentUrl":"http:\/\/ruuby.ee\/wp-content\/uploads\/2024\/10\/Screenshot-2024-10-19-at-12.01.19.png","width":588,"height":610},{"@type":"BreadcrumbList","@id":"http:\/\/ruuby.ee\/pood\/kosmeetika\/paikesekaitse\/arbuusi-paevitusgeel-magusalt-mahlane\/#breadcrumb","itemListElement":[{"@type":"ListItem","position":1,"name":"Kdu","item":"http:\/\/ruuby.ee\/en\/"},{"@type":"ListItem","position":2,"name":"Pood","item":"http:\/\/ruuby.ee\/en\/pood\/"},{"@type":"ListItem","position":3,"name":"Arbuusi P\u00e4evitusgeel \u201dMagusalt Mahlane\u201d"}]},{"@type":"WebSite","@id":"http:\/\/ruuby.ee\/en\/#website","url":"http:\/\/ruuby.ee\/en\/","name":"RUUBY","description":"Ruubys on \u00fchendatud elustiil ja disain","publisher":{"@id":"http:\/\/ruuby.ee\/en\/#organization"},"alternateName":"Ruuby Disain","potentialAction":[{"@type":"SearchAction","target":{"@type":"EntryPoint","urlTemplate":"http:\/\/ruuby.ee\/en\/?s={search_term_string}"},"query-input":{"@type":"PropertyValueSpecification","valueRequired":true,"valueName":"search_term_string"}}],"inLanguage":"en-GB"},{"@type":"Organization","@id":"http:\/\/ruuby.ee\/en\/#organization","name":"Ruuby Disain O\u00dc","alternateName":"Ruuby","url":"http:\/\/ruuby.ee\/en\/","logo":{"@type":"ImageObject","inLanguage":"en-GB","@id":"http:\/\/ruuby.ee\/en\/#\/schema\/logo\/image\/","url":"http:\/\/ruuby.ee\/wp-content\/uploads\/2023\/06\/cropped-Black-White-Elegant-Circle-Signature-Fashion-Logo-12_large.png","contentUrl":"http:\/\/ruuby.ee\/wp-content\/uploads\/2023\/06\/cropped-Black-White-Elegant-Circle-Signature-Fashion-Logo-12_large.png","width":1280,"height":747,"caption":"Ruuby Disain O\u00dc"},"image":{"@id":"http:\/\/ruuby.ee\/en\/#\/schema\/logo\/image\/"},"sameAs":["https:\/\/www.facebook.com\/ruubyconcept","https:\/\/www.instagram.com\/ruuby_concept\/"]}]}},"jetpack_sharing_enabled":true,"_links":{"self":[{"href":"http:\/\/ruuby.ee\/en\/wp-json\/wp\/v2\/product\/1849857","targetHints":{"allow":["GET"]}}],"collection":[{"href":"http:\/\/ruuby.ee\/en\/wp-json\/wp\/v2\/product"}],"about":[{"href":"http:\/\/ruuby.ee\/en\/wp-json\/wp\/v2\/types\/product"}],"replies":[{"embeddable":true,"href":"http:\/\/ruuby.ee\/en\/wp-json\/wp\/v2\/comments?post=1849857"}],"wp:featuredmedia":[{"embeddable":true,"href":"http:\/\/ruuby.ee\/en\/wp-json\/wp\/v2\/media\/1849860"}],"wp:attachment":[{"href":"http:\/\/ruuby.ee\/en\/wp-json\/wp\/v2\/media?parent=1849857"}],"wp:term":[{"taxonomy":"product_brand","embeddable":true,"href":"http:\/\/ruuby.ee\/en\/wp-json\/wp\/v2\/product_brand?post=1849857"},{"taxonomy":"product_cat","embeddable":true,"href":"http:\/\/ruuby.ee\/en\/wp-json\/wp\/v2\/product_cat?post=1849857"},{"taxonomy":"product_tag","embeddable":true,"href":"http:\/\/ruuby.ee\/en\/wp-json\/wp\/v2\/product_tag?post=1849857"}],"curies":[{"name":"wp","href":"https:\/\/api.w.org\/{rel}","templated":true}]}}