{"id":1849543,"date":"2024-09-30T20:46:24","date_gmt":"2024-09-30T17:46:24","guid":{"rendered":"http:\/\/ruuby.ee\/?post_type=product&#038;p=1849543"},"modified":"2026-04-08T01:28:30","modified_gmt":"2026-04-07T22:28:30","slug":"ecoegg-varske-lohnaga-pesumuna-taitegraanulid","status":"publish","type":"product","link":"http:\/\/ruuby.ee\/en\/pood\/kodusisustus\/puhastusvahendid\/taiteampullid\/ecoegg-varske-lohnaga-pesumuna-taitegraanulid\/","title":{"rendered":"ECOEGG pesumuna t\u00e4itegraanulid"},"content":{"rendered":"<p><strong>Mis on ECOEGG pesumuna?<\/strong><\/p>\n<p>Uuenduslik pesupesemislahendus, mis:<br \/>\n\u2022 Asendab pesupesemisvahendit ja -pehmendajat<br \/>\n\u2022 Ei sisalda kahjulikke kemikaale, vaid ainult looduslikke mineraale<br \/>\n\u2022 Dermatesti hinnangul sobib suurep\u00e4raselt tundlikule nahale<br \/>\n\u2022 Aitab v\u00e4hendada \u00fchekordselt kasutatavat plastikut<br \/>\n\u2022 Kerge rahakotile: \u00fcks muna sisaldab ca 0 pesu<\/p>\n<p>Ideaalne asendus pesupulbrile, pesugeelidele ja pesupehmendajatele! Seel\u00e4bi s\u00e4\u00e4stad \u00fchekordselt kasutatavatelt pakenditelt.<\/p>\n<p><strong>Kui iga p\u00e4ev pesta \u00fcks masinat\u00e4is pesu, siis s\u00e4\u00e4stad aastas nelik\u00fcmmend pudelit pr\u00fcgim\u00e4ele minekust. 2021. aastal s\u00e4\u00e4stsid ECOEGG kasutajad 15 miljonit plastpudelit.<\/strong><\/p>\n<p>Loodud \u00f5rna naha jaoks. ECOEGG graanulid ei sisalda palmi\u00f5li, SLS-i ega SLES-i, parabeene, ens\u00fc\u00fcme, fosfaate ega mikroplasti.<\/p>\n<p>Auhinnatud ja allergialiitude poolt tunnustatud mineraalsetest koostisosadest pesupesemismuna, mille sees olevad graanulid asendavad efektiivselt pesupulbrit v\u00f5i pesugeeli!<\/p>\n<p>ECOEGG l\u00f5hnavabadel pesumunadel ja kuivatusmunadel on alates 2011. aastast Allergy UK auhind \u201cAllergias\u00f5bralik toode\u201d.<\/p>\n<p><strong>Kasutamine:<\/strong> pane muna masinasse koos musta pesuga. V\u00f5ib kasutada ka k\u00e4sitsipesuks \u2013 seljuhul pane muna pesuvette ligunema viieks minutis ja saadki pesema hakata. Kui tegemist on kuivatiga masinaga, siis eemalda muna enne kuivatusprogrammi. Peale pesu lase munal kuivada.<\/p>\n<p>Pesumuna kasutatakse 30-60 kraadise temperatuuri juures. \u00dcks munat\u00e4is kestab umbes 70 pesukorda. Kui graanuleid on j\u00e4\u00e4nud alla poole, siis t\u00e4ida muna suurem osa gaanulitega.<\/p>\n<p>Lisateavet ECOEGG pesumuna kohta leiate videost (https:\/\/www.youtube.com\/watch?v=wA-DGD2ntnA&amp;ab_channel=ecoeggonline). Vaadake lisaks, mida inimesed ECOEGG pesumuna kohta Instagramis \u00fctlevad. Otsi m\u00e4rks\u00f5na #ecoegg.<\/p>\n<p>Toote koostisosad: 5-15% anioonsed pindaktiivsed ained. 15\u201330% mitteioonsed pindaktiivsed ained. Saponin, Naatrium-alfa-olefiini sulfonaat, Naatriumkarbonaat Dodekaan-1-ool, etoks\u00fc\u00fclitud.<\/p>","protected":false},"excerpt":{"rendered":"<p>Mis on ECOEGG pesumuna? Uuenduslik pesupesemislahendus, mis: \u2022 Asendab pesupesemisvahendit ja -pehmendajat \u2022 Ei sisalda kahjulikke kemikaale, vaid ainult looduslikke mineraale \u2022 Dermatesti hinnangul sobib suurep\u00e4raselt tundlikule nahale \u2022 Aitab v\u00e4hendada \u00fchekordselt kasutatavat plastikut \u2022 Kerge rahakotile: \u00fcks muna sisaldab ca 0 pesu Ideaalne asendus pesupulbrile, pesugeelidele ja pesupehmendajatele! Seel\u00e4bi s\u00e4\u00e4stad \u00fchekordselt kasutatavatelt pakenditelt. Kui [&hellip;]<\/p>\n","protected":false},"featured_media":1849544,"comment_status":"closed","ping_status":"closed","template":"","meta":[],"product_brand":[],"product_cat":[42,891,987],"product_tag":[],"class_list":{"0":"post-1849543","1":"product","2":"type-product","3":"status-publish","4":"has-post-thumbnail","6":"product_cat-kodusisustus","7":"product_cat-puhastusvahendid","8":"product_cat-taiteampullid","10":"first","11":"instock","12":"taxable","13":"shipping-taxable","14":"purchasable","15":"product-type-variable","16":"rtwpvs-product"},"yoast_head":"<!-- This site is optimized with the Yoast SEO plugin v27.3 - https:\/\/yoast.com\/product\/yoast-seo-wordpress\/ -->\n<title>ECOEGG pesumuna t\u00e4itegraanulid - RUUBY<\/title>\n<meta name=\"robots\" content=\"index, follow, max-snippet:-1, max-image-preview:large, max-video-preview:-1\" \/>\n<link rel=\"canonical\" href=\"http:\/\/ruuby.ee\/en\/pood\/kodusisustus\/puhastusvahendid\/taiteampullid\/ecoegg-varske-lohnaga-pesumuna-taitegraanulid\/\" \/>\n<meta property=\"og:locale\" content=\"en_GB\" \/>\n<meta property=\"og:type\" content=\"article\" \/>\n<meta property=\"og:title\" content=\"ECOEGG pesumuna t\u00e4itegraanulid - RUUBY\" \/>\n<meta property=\"og:description\" content=\"Mis on ECOEGG pesumuna? Uuenduslik pesupesemislahendus, mis: \u2022 Asendab pesupesemisvahendit ja -pehmendajat \u2022 Ei sisalda kahjulikke kemikaale, vaid ainult looduslikke mineraale \u2022 Dermatesti hinnangul sobib suurep\u00e4raselt tundlikule nahale \u2022 Aitab v\u00e4hendada \u00fchekordselt kasutatavat plastikut \u2022 Kerge rahakotile: \u00fcks muna sisaldab ca 0 pesu Ideaalne asendus pesupulbrile, pesugeelidele ja pesupehmendajatele! Seel\u00e4bi s\u00e4\u00e4stad \u00fchekordselt kasutatavatelt pakenditelt. Kui [&hellip;]\" \/>\n<meta property=\"og:url\" content=\"http:\/\/ruuby.ee\/en\/pood\/kodusisustus\/puhastusvahendid\/taiteampullid\/ecoegg-varske-lohnaga-pesumuna-taitegraanulid\/\" \/>\n<meta property=\"og:site_name\" content=\"RUUBY\" \/>\n<meta property=\"article:publisher\" content=\"https:\/\/www.facebook.com\/ruubyconcept\" \/>\n<meta property=\"article:modified_time\" content=\"2026-04-07T22:28:30+00:00\" \/>\n<meta property=\"og:image\" content=\"http:\/\/ruuby.ee\/wp-content\/uploads\/2024\/09\/IMG_2156.jpeg\" \/>\n\t<meta property=\"og:image:width\" content=\"1170\" \/>\n\t<meta property=\"og:image:height\" content=\"1142\" \/>\n\t<meta property=\"og:image:type\" content=\"image\/jpeg\" \/>\n<meta name=\"twitter:card\" content=\"summary_large_image\" \/>\n<meta name=\"twitter:label1\" content=\"Estimated reading time\" \/>\n\t<meta name=\"twitter:data1\" content=\"2 minutes\" \/>\n<script type=\"application\/ld+json\" class=\"yoast-schema-graph\">{\"@context\":\"https:\\\/\\\/schema.org\",\"@graph\":[{\"@type\":[\"WebPage\",\"ItemPage\"],\"@id\":\"http:\\\/\\\/ruuby.ee\\\/pood\\\/kodusisustus\\\/puhastusvahendid\\\/taiteampullid\\\/ecoegg-varske-lohnaga-pesumuna-taitegraanulid\\\/\",\"url\":\"http:\\\/\\\/ruuby.ee\\\/pood\\\/kodusisustus\\\/puhastusvahendid\\\/taiteampullid\\\/ecoegg-varske-lohnaga-pesumuna-taitegraanulid\\\/\",\"name\":\"ECOEGG pesumuna t\u00e4itegraanulid - RUUBY\",\"isPartOf\":{\"@id\":\"http:\\\/\\\/ruuby.ee\\\/#website\"},\"primaryImageOfPage\":{\"@id\":\"http:\\\/\\\/ruuby.ee\\\/pood\\\/kodusisustus\\\/puhastusvahendid\\\/taiteampullid\\\/ecoegg-varske-lohnaga-pesumuna-taitegraanulid\\\/#primaryimage\"},\"image\":{\"@id\":\"http:\\\/\\\/ruuby.ee\\\/pood\\\/kodusisustus\\\/puhastusvahendid\\\/taiteampullid\\\/ecoegg-varske-lohnaga-pesumuna-taitegraanulid\\\/#primaryimage\"},\"thumbnailUrl\":\"http:\\\/\\\/ruuby.ee\\\/wp-content\\\/uploads\\\/2024\\\/09\\\/IMG_2156.jpeg\",\"datePublished\":\"2024-09-30T17:46:24+00:00\",\"dateModified\":\"2026-04-07T22:28:30+00:00\",\"breadcrumb\":{\"@id\":\"http:\\\/\\\/ruuby.ee\\\/pood\\\/kodusisustus\\\/puhastusvahendid\\\/taiteampullid\\\/ecoegg-varske-lohnaga-pesumuna-taitegraanulid\\\/#breadcrumb\"},\"inLanguage\":\"en-GB\",\"potentialAction\":[{\"@type\":\"ReadAction\",\"target\":[\"http:\\\/\\\/ruuby.ee\\\/pood\\\/kodusisustus\\\/puhastusvahendid\\\/taiteampullid\\\/ecoegg-varske-lohnaga-pesumuna-taitegraanulid\\\/\"]}]},{\"@type\":\"ImageObject\",\"inLanguage\":\"en-GB\",\"@id\":\"http:\\\/\\\/ruuby.ee\\\/pood\\\/kodusisustus\\\/puhastusvahendid\\\/taiteampullid\\\/ecoegg-varske-lohnaga-pesumuna-taitegraanulid\\\/#primaryimage\",\"url\":\"http:\\\/\\\/ruuby.ee\\\/wp-content\\\/uploads\\\/2024\\\/09\\\/IMG_2156.jpeg\",\"contentUrl\":\"http:\\\/\\\/ruuby.ee\\\/wp-content\\\/uploads\\\/2024\\\/09\\\/IMG_2156.jpeg\",\"width\":1170,\"height\":1142,\"caption\":\"Screenshot\"},{\"@type\":\"BreadcrumbList\",\"@id\":\"http:\\\/\\\/ruuby.ee\\\/pood\\\/kodusisustus\\\/puhastusvahendid\\\/taiteampullid\\\/ecoegg-varske-lohnaga-pesumuna-taitegraanulid\\\/#breadcrumb\",\"itemListElement\":[{\"@type\":\"ListItem\",\"position\":1,\"name\":\"Kdu\",\"item\":\"http:\\\/\\\/ruuby.ee\\\/\"},{\"@type\":\"ListItem\",\"position\":2,\"name\":\"Pood\",\"item\":\"http:\\\/\\\/ruuby.ee\\\/pood\\\/\"},{\"@type\":\"ListItem\",\"position\":3,\"name\":\"ECOEGG pesumuna t\u00e4itegraanulid\"}]},{\"@type\":\"WebSite\",\"@id\":\"http:\\\/\\\/ruuby.ee\\\/#website\",\"url\":\"http:\\\/\\\/ruuby.ee\\\/\",\"name\":\"RUUBY\",\"description\":\"Ruubys on \u00fchendatud elustiil ja disain\",\"publisher\":{\"@id\":\"http:\\\/\\\/ruuby.ee\\\/#organization\"},\"alternateName\":\"Ruuby Disain\",\"potentialAction\":[{\"@type\":\"SearchAction\",\"target\":{\"@type\":\"EntryPoint\",\"urlTemplate\":\"http:\\\/\\\/ruuby.ee\\\/?s={search_term_string}\"},\"query-input\":{\"@type\":\"PropertyValueSpecification\",\"valueRequired\":true,\"valueName\":\"search_term_string\"}}],\"inLanguage\":\"en-GB\"},{\"@type\":\"Organization\",\"@id\":\"http:\\\/\\\/ruuby.ee\\\/#organization\",\"name\":\"Ruuby Disain O\u00dc\",\"alternateName\":\"Ruuby\",\"url\":\"http:\\\/\\\/ruuby.ee\\\/\",\"logo\":{\"@type\":\"ImageObject\",\"inLanguage\":\"en-GB\",\"@id\":\"http:\\\/\\\/ruuby.ee\\\/#\\\/schema\\\/logo\\\/image\\\/\",\"url\":\"http:\\\/\\\/ruuby.ee\\\/wp-content\\\/uploads\\\/2023\\\/06\\\/cropped-Black-White-Elegant-Circle-Signature-Fashion-Logo-12_large.png\",\"contentUrl\":\"http:\\\/\\\/ruuby.ee\\\/wp-content\\\/uploads\\\/2023\\\/06\\\/cropped-Black-White-Elegant-Circle-Signature-Fashion-Logo-12_large.png\",\"width\":1280,\"height\":747,\"caption\":\"Ruuby Disain O\u00dc\"},\"image\":{\"@id\":\"http:\\\/\\\/ruuby.ee\\\/#\\\/schema\\\/logo\\\/image\\\/\"},\"sameAs\":[\"https:\\\/\\\/www.facebook.com\\\/ruubyconcept\",\"https:\\\/\\\/www.instagram.com\\\/ruuby_concept\\\/\"]}]}<\/script>\n<!-- \/ Yoast SEO plugin. -->","yoast_head_json":{"title":"ECOEGG pesumuna t\u00e4itegraanulid - RUUBY","robots":{"index":"index","follow":"follow","max-snippet":"max-snippet:-1","max-image-preview":"max-image-preview:large","max-video-preview":"max-video-preview:-1"},"canonical":"http:\/\/ruuby.ee\/en\/pood\/kodusisustus\/puhastusvahendid\/taiteampullid\/ecoegg-varske-lohnaga-pesumuna-taitegraanulid\/","og_locale":"en_GB","og_type":"article","og_title":"ECOEGG pesumuna t\u00e4itegraanulid - RUUBY","og_description":"Mis on ECOEGG pesumuna? Uuenduslik pesupesemislahendus, mis: \u2022 Asendab pesupesemisvahendit ja -pehmendajat \u2022 Ei sisalda kahjulikke kemikaale, vaid ainult looduslikke mineraale \u2022 Dermatesti hinnangul sobib suurep\u00e4raselt tundlikule nahale \u2022 Aitab v\u00e4hendada \u00fchekordselt kasutatavat plastikut \u2022 Kerge rahakotile: \u00fcks muna sisaldab ca 0 pesu Ideaalne asendus pesupulbrile, pesugeelidele ja pesupehmendajatele! Seel\u00e4bi s\u00e4\u00e4stad \u00fchekordselt kasutatavatelt pakenditelt. Kui [&hellip;]","og_url":"http:\/\/ruuby.ee\/en\/pood\/kodusisustus\/puhastusvahendid\/taiteampullid\/ecoegg-varske-lohnaga-pesumuna-taitegraanulid\/","og_site_name":"RUUBY","article_publisher":"https:\/\/www.facebook.com\/ruubyconcept","article_modified_time":"2026-04-07T22:28:30+00:00","og_image":[{"width":1170,"height":1142,"url":"http:\/\/ruuby.ee\/wp-content\/uploads\/2024\/09\/IMG_2156.jpeg","type":"image\/jpeg"}],"twitter_card":"summary_large_image","twitter_misc":{"Estimated reading time":"2 minutes"},"schema":{"@context":"https:\/\/schema.org","@graph":[{"@type":["WebPage","ItemPage"],"@id":"http:\/\/ruuby.ee\/pood\/kodusisustus\/puhastusvahendid\/taiteampullid\/ecoegg-varske-lohnaga-pesumuna-taitegraanulid\/","url":"http:\/\/ruuby.ee\/pood\/kodusisustus\/puhastusvahendid\/taiteampullid\/ecoegg-varske-lohnaga-pesumuna-taitegraanulid\/","name":"ECOEGG pesumuna t\u00e4itegraanulid - RUUBY","isPartOf":{"@id":"http:\/\/ruuby.ee\/#website"},"primaryImageOfPage":{"@id":"http:\/\/ruuby.ee\/pood\/kodusisustus\/puhastusvahendid\/taiteampullid\/ecoegg-varske-lohnaga-pesumuna-taitegraanulid\/#primaryimage"},"image":{"@id":"http:\/\/ruuby.ee\/pood\/kodusisustus\/puhastusvahendid\/taiteampullid\/ecoegg-varske-lohnaga-pesumuna-taitegraanulid\/#primaryimage"},"thumbnailUrl":"http:\/\/ruuby.ee\/wp-content\/uploads\/2024\/09\/IMG_2156.jpeg","datePublished":"2024-09-30T17:46:24+00:00","dateModified":"2026-04-07T22:28:30+00:00","breadcrumb":{"@id":"http:\/\/ruuby.ee\/pood\/kodusisustus\/puhastusvahendid\/taiteampullid\/ecoegg-varske-lohnaga-pesumuna-taitegraanulid\/#breadcrumb"},"inLanguage":"en-GB","potentialAction":[{"@type":"ReadAction","target":["http:\/\/ruuby.ee\/pood\/kodusisustus\/puhastusvahendid\/taiteampullid\/ecoegg-varske-lohnaga-pesumuna-taitegraanulid\/"]}]},{"@type":"ImageObject","inLanguage":"en-GB","@id":"http:\/\/ruuby.ee\/pood\/kodusisustus\/puhastusvahendid\/taiteampullid\/ecoegg-varske-lohnaga-pesumuna-taitegraanulid\/#primaryimage","url":"http:\/\/ruuby.ee\/wp-content\/uploads\/2024\/09\/IMG_2156.jpeg","contentUrl":"http:\/\/ruuby.ee\/wp-content\/uploads\/2024\/09\/IMG_2156.jpeg","width":1170,"height":1142,"caption":"Screenshot"},{"@type":"BreadcrumbList","@id":"http:\/\/ruuby.ee\/pood\/kodusisustus\/puhastusvahendid\/taiteampullid\/ecoegg-varske-lohnaga-pesumuna-taitegraanulid\/#breadcrumb","itemListElement":[{"@type":"ListItem","position":1,"name":"Kdu","item":"http:\/\/ruuby.ee\/"},{"@type":"ListItem","position":2,"name":"Pood","item":"http:\/\/ruuby.ee\/pood\/"},{"@type":"ListItem","position":3,"name":"ECOEGG pesumuna t\u00e4itegraanulid"}]},{"@type":"WebSite","@id":"http:\/\/ruuby.ee\/#website","url":"http:\/\/ruuby.ee\/","name":"RUUBY","description":"Ruubys on \u00fchendatud elustiil ja disain","publisher":{"@id":"http:\/\/ruuby.ee\/#organization"},"alternateName":"Ruuby Disain","potentialAction":[{"@type":"SearchAction","target":{"@type":"EntryPoint","urlTemplate":"http:\/\/ruuby.ee\/?s={search_term_string}"},"query-input":{"@type":"PropertyValueSpecification","valueRequired":true,"valueName":"search_term_string"}}],"inLanguage":"en-GB"},{"@type":"Organization","@id":"http:\/\/ruuby.ee\/#organization","name":"Ruuby Disain O\u00dc","alternateName":"Ruuby","url":"http:\/\/ruuby.ee\/","logo":{"@type":"ImageObject","inLanguage":"en-GB","@id":"http:\/\/ruuby.ee\/#\/schema\/logo\/image\/","url":"http:\/\/ruuby.ee\/wp-content\/uploads\/2023\/06\/cropped-Black-White-Elegant-Circle-Signature-Fashion-Logo-12_large.png","contentUrl":"http:\/\/ruuby.ee\/wp-content\/uploads\/2023\/06\/cropped-Black-White-Elegant-Circle-Signature-Fashion-Logo-12_large.png","width":1280,"height":747,"caption":"Ruuby Disain O\u00dc"},"image":{"@id":"http:\/\/ruuby.ee\/#\/schema\/logo\/image\/"},"sameAs":["https:\/\/www.facebook.com\/ruubyconcept","https:\/\/www.instagram.com\/ruuby_concept\/"]}]}},"jetpack_sharing_enabled":true,"_links":{"self":[{"href":"http:\/\/ruuby.ee\/en\/wp-json\/wp\/v2\/product\/1849543","targetHints":{"allow":["GET"]}}],"collection":[{"href":"http:\/\/ruuby.ee\/en\/wp-json\/wp\/v2\/product"}],"about":[{"href":"http:\/\/ruuby.ee\/en\/wp-json\/wp\/v2\/types\/product"}],"replies":[{"embeddable":true,"href":"http:\/\/ruuby.ee\/en\/wp-json\/wp\/v2\/comments?post=1849543"}],"wp:featuredmedia":[{"embeddable":true,"href":"http:\/\/ruuby.ee\/en\/wp-json\/wp\/v2\/media\/1849544"}],"wp:attachment":[{"href":"http:\/\/ruuby.ee\/en\/wp-json\/wp\/v2\/media?parent=1849543"}],"wp:term":[{"taxonomy":"product_brand","embeddable":true,"href":"http:\/\/ruuby.ee\/en\/wp-json\/wp\/v2\/product_brand?post=1849543"},{"taxonomy":"product_cat","embeddable":true,"href":"http:\/\/ruuby.ee\/en\/wp-json\/wp\/v2\/product_cat?post=1849543"},{"taxonomy":"product_tag","embeddable":true,"href":"http:\/\/ruuby.ee\/en\/wp-json\/wp\/v2\/product_tag?post=1849543"}],"curies":[{"name":"wp","href":"https:\/\/api.w.org\/{rel}","templated":true}]}}