{"id":1849504,"date":"2024-09-28T14:08:17","date_gmt":"2024-09-28T11:08:17","guid":{"rendered":"http:\/\/ruuby.ee\/?post_type=product&#038;p=1849504"},"modified":"2026-04-08T01:28:30","modified_gmt":"2026-04-07T22:28:30","slug":"laste-dressikomplekt-cooper","status":"publish","type":"product","link":"http:\/\/ruuby.ee\/en\/pood\/lapsed\/riided\/dressid\/laste-dressikomplekt-cooper\/","title":{"rendered":"Mrs. Ertha &#8211; Laste dressikomplekt Cooper"},"content":{"rendered":"<p><span class=\"HwtZe\" lang=\"et\"><span class=\"jCAhz ChMk0b\"><span class=\"ryNqvb\">Mrs. Ertha laste dressikomplekt on valmistatud maksimaalset mugavust silmas pidades.<\/span><\/span> <span class=\"jCAhz ChMk0b\"><span class=\"ryNqvb\">Selle l\u00f5ige ja materjal lasevad k\u00f5ige pisematel vabalt liikuda.<\/span><\/span><\/span><\/p>\n<p><span class=\"HwtZe\" lang=\"et\"><span class=\"jCAhz ChMk0b\"><span class=\"ryNqvb\">Komplekt koosneb p\u00fckstest ja dressipluusist. V\u00e4rv: Peanut.<\/span><\/span><\/span><\/p>\n<p>&nbsp;<\/p>\n<p>Mrs. Ertha valmistab esemeid nii lastele kui ka t\u00e4iskasvanutele ning keskendub ohututele, j\u00e4tkusuutlikele ja vastupidavatele materjalidele, nagu orgaaniline puuvill, silikoon, puit ja taaskasutatud pol\u00fcester.<\/p>","protected":false},"excerpt":{"rendered":"<p>Mrs. Ertha laste dressikomplekt on valmistatud maksimaalset mugavust silmas pidades. Selle l\u00f5ige ja materjal lasevad k\u00f5ige pisematel vabalt liikuda. Komplekt koosneb p\u00fckstest ja dressipluusist. V\u00e4rv: Peanut. &nbsp; Mrs. Ertha valmistab esemeid nii lastele kui ka t\u00e4iskasvanutele ning keskendub ohututele, j\u00e4tkusuutlikele ja vastupidavatele materjalidele, nagu orgaaniline puuvill, silikoon, puit ja taaskasutatud pol\u00fcester.<\/p>","protected":false},"featured_media":1849505,"comment_status":"closed","ping_status":"closed","template":"","meta":[],"product_brand":[],"product_cat":[650,22,244,856],"product_tag":[],"class_list":{"0":"post-1849504","1":"product","2":"type-product","3":"status-publish","4":"has-post-thumbnail","6":"product_cat-dressid","7":"product_cat-lapsed","8":"product_cat-riided","9":"product_cat-uleriided","11":"first","12":"instock","13":"taxable","14":"shipping-taxable","15":"purchasable","16":"product-type-variable","17":"rtwpvs-product"},"yoast_head":"<!-- This site is optimized with the Yoast SEO plugin v27.3 - https:\/\/yoast.com\/product\/yoast-seo-wordpress\/ -->\n<title>Mrs. Ertha - Laste dressikomplekt Cooper - RUUBY<\/title>\n<meta name=\"robots\" content=\"index, follow, max-snippet:-1, max-image-preview:large, max-video-preview:-1\" \/>\n<link rel=\"canonical\" href=\"http:\/\/ruuby.ee\/en\/pood\/lapsed\/riided\/dressid\/laste-dressikomplekt-cooper\/\" \/>\n<meta property=\"og:locale\" content=\"en_GB\" \/>\n<meta property=\"og:type\" content=\"article\" \/>\n<meta property=\"og:title\" content=\"Mrs. Ertha - Laste dressikomplekt Cooper - RUUBY\" \/>\n<meta property=\"og:description\" content=\"Mrs. Ertha laste dressikomplekt on valmistatud maksimaalset mugavust silmas pidades. Selle l\u00f5ige ja materjal lasevad k\u00f5ige pisematel vabalt liikuda. Komplekt koosneb p\u00fckstest ja dressipluusist. V\u00e4rv: Peanut. &nbsp; Mrs. Ertha valmistab esemeid nii lastele kui ka t\u00e4iskasvanutele ning keskendub ohututele, j\u00e4tkusuutlikele ja vastupidavatele materjalidele, nagu orgaaniline puuvill, silikoon, puit ja taaskasutatud pol\u00fcester.\" \/>\n<meta property=\"og:url\" content=\"http:\/\/ruuby.ee\/en\/pood\/lapsed\/riided\/dressid\/laste-dressikomplekt-cooper\/\" \/>\n<meta property=\"og:site_name\" content=\"RUUBY\" \/>\n<meta property=\"article:publisher\" content=\"https:\/\/www.facebook.com\/ruubyconcept\" \/>\n<meta property=\"article:modified_time\" content=\"2026-04-07T22:28:30+00:00\" \/>\n<meta property=\"og:image\" content=\"http:\/\/ruuby.ee\/wp-content\/uploads\/2024\/09\/Screenshot-2024-09-28-at-14.04.19.png\" \/>\n\t<meta property=\"og:image:width\" content=\"950\" \/>\n\t<meta property=\"og:image:height\" content=\"1182\" \/>\n\t<meta property=\"og:image:type\" content=\"image\/png\" \/>\n<meta name=\"twitter:card\" content=\"summary_large_image\" \/>\n<meta name=\"twitter:label1\" content=\"Estimated reading time\" \/>\n\t<meta name=\"twitter:data1\" content=\"1 minute\" \/>\n<script type=\"application\/ld+json\" class=\"yoast-schema-graph\">{\"@context\":\"https:\\\/\\\/schema.org\",\"@graph\":[{\"@type\":[\"WebPage\",\"ItemPage\"],\"@id\":\"http:\\\/\\\/ruuby.ee\\\/pood\\\/lapsed\\\/riided\\\/dressid\\\/laste-dressikomplekt-cooper\\\/\",\"url\":\"http:\\\/\\\/ruuby.ee\\\/pood\\\/lapsed\\\/riided\\\/dressid\\\/laste-dressikomplekt-cooper\\\/\",\"name\":\"Mrs. Ertha - Laste dressikomplekt Cooper - RUUBY\",\"isPartOf\":{\"@id\":\"http:\\\/\\\/ruuby.ee\\\/en\\\/#website\"},\"primaryImageOfPage\":{\"@id\":\"http:\\\/\\\/ruuby.ee\\\/pood\\\/lapsed\\\/riided\\\/dressid\\\/laste-dressikomplekt-cooper\\\/#primaryimage\"},\"image\":{\"@id\":\"http:\\\/\\\/ruuby.ee\\\/pood\\\/lapsed\\\/riided\\\/dressid\\\/laste-dressikomplekt-cooper\\\/#primaryimage\"},\"thumbnailUrl\":\"http:\\\/\\\/ruuby.ee\\\/wp-content\\\/uploads\\\/2024\\\/09\\\/Screenshot-2024-09-28-at-14.04.19.png\",\"datePublished\":\"2024-09-28T11:08:17+00:00\",\"dateModified\":\"2026-04-07T22:28:30+00:00\",\"breadcrumb\":{\"@id\":\"http:\\\/\\\/ruuby.ee\\\/pood\\\/lapsed\\\/riided\\\/dressid\\\/laste-dressikomplekt-cooper\\\/#breadcrumb\"},\"inLanguage\":\"en-GB\",\"potentialAction\":[{\"@type\":\"ReadAction\",\"target\":[\"http:\\\/\\\/ruuby.ee\\\/pood\\\/lapsed\\\/riided\\\/dressid\\\/laste-dressikomplekt-cooper\\\/\"]}]},{\"@type\":\"ImageObject\",\"inLanguage\":\"en-GB\",\"@id\":\"http:\\\/\\\/ruuby.ee\\\/pood\\\/lapsed\\\/riided\\\/dressid\\\/laste-dressikomplekt-cooper\\\/#primaryimage\",\"url\":\"http:\\\/\\\/ruuby.ee\\\/wp-content\\\/uploads\\\/2024\\\/09\\\/Screenshot-2024-09-28-at-14.04.19.png\",\"contentUrl\":\"http:\\\/\\\/ruuby.ee\\\/wp-content\\\/uploads\\\/2024\\\/09\\\/Screenshot-2024-09-28-at-14.04.19.png\",\"width\":950,\"height\":1182},{\"@type\":\"BreadcrumbList\",\"@id\":\"http:\\\/\\\/ruuby.ee\\\/pood\\\/lapsed\\\/riided\\\/dressid\\\/laste-dressikomplekt-cooper\\\/#breadcrumb\",\"itemListElement\":[{\"@type\":\"ListItem\",\"position\":1,\"name\":\"Kdu\",\"item\":\"http:\\\/\\\/ruuby.ee\\\/en\\\/\"},{\"@type\":\"ListItem\",\"position\":2,\"name\":\"Pood\",\"item\":\"http:\\\/\\\/ruuby.ee\\\/en\\\/pood\\\/\"},{\"@type\":\"ListItem\",\"position\":3,\"name\":\"Mrs. Ertha &#8211; Laste dressikomplekt Cooper\"}]},{\"@type\":\"WebSite\",\"@id\":\"http:\\\/\\\/ruuby.ee\\\/en\\\/#website\",\"url\":\"http:\\\/\\\/ruuby.ee\\\/en\\\/\",\"name\":\"RUUBY\",\"description\":\"Ruubys on \u00fchendatud elustiil ja disain\",\"publisher\":{\"@id\":\"http:\\\/\\\/ruuby.ee\\\/en\\\/#organization\"},\"alternateName\":\"Ruuby Disain\",\"potentialAction\":[{\"@type\":\"SearchAction\",\"target\":{\"@type\":\"EntryPoint\",\"urlTemplate\":\"http:\\\/\\\/ruuby.ee\\\/en\\\/?s={search_term_string}\"},\"query-input\":{\"@type\":\"PropertyValueSpecification\",\"valueRequired\":true,\"valueName\":\"search_term_string\"}}],\"inLanguage\":\"en-GB\"},{\"@type\":\"Organization\",\"@id\":\"http:\\\/\\\/ruuby.ee\\\/en\\\/#organization\",\"name\":\"Ruuby Disain O\u00dc\",\"alternateName\":\"Ruuby\",\"url\":\"http:\\\/\\\/ruuby.ee\\\/en\\\/\",\"logo\":{\"@type\":\"ImageObject\",\"inLanguage\":\"en-GB\",\"@id\":\"http:\\\/\\\/ruuby.ee\\\/en\\\/#\\\/schema\\\/logo\\\/image\\\/\",\"url\":\"http:\\\/\\\/ruuby.ee\\\/wp-content\\\/uploads\\\/2023\\\/06\\\/cropped-Black-White-Elegant-Circle-Signature-Fashion-Logo-12_large.png\",\"contentUrl\":\"http:\\\/\\\/ruuby.ee\\\/wp-content\\\/uploads\\\/2023\\\/06\\\/cropped-Black-White-Elegant-Circle-Signature-Fashion-Logo-12_large.png\",\"width\":1280,\"height\":747,\"caption\":\"Ruuby Disain O\u00dc\"},\"image\":{\"@id\":\"http:\\\/\\\/ruuby.ee\\\/en\\\/#\\\/schema\\\/logo\\\/image\\\/\"},\"sameAs\":[\"https:\\\/\\\/www.facebook.com\\\/ruubyconcept\",\"https:\\\/\\\/www.instagram.com\\\/ruuby_concept\\\/\"]}]}<\/script>\n<!-- \/ Yoast SEO plugin. -->","yoast_head_json":{"title":"Mrs. Ertha - Laste dressikomplekt Cooper - RUUBY","robots":{"index":"index","follow":"follow","max-snippet":"max-snippet:-1","max-image-preview":"max-image-preview:large","max-video-preview":"max-video-preview:-1"},"canonical":"http:\/\/ruuby.ee\/en\/pood\/lapsed\/riided\/dressid\/laste-dressikomplekt-cooper\/","og_locale":"en_GB","og_type":"article","og_title":"Mrs. Ertha - Laste dressikomplekt Cooper - RUUBY","og_description":"Mrs. Ertha laste dressikomplekt on valmistatud maksimaalset mugavust silmas pidades. Selle l\u00f5ige ja materjal lasevad k\u00f5ige pisematel vabalt liikuda. Komplekt koosneb p\u00fckstest ja dressipluusist. V\u00e4rv: Peanut. &nbsp; Mrs. Ertha valmistab esemeid nii lastele kui ka t\u00e4iskasvanutele ning keskendub ohututele, j\u00e4tkusuutlikele ja vastupidavatele materjalidele, nagu orgaaniline puuvill, silikoon, puit ja taaskasutatud pol\u00fcester.","og_url":"http:\/\/ruuby.ee\/en\/pood\/lapsed\/riided\/dressid\/laste-dressikomplekt-cooper\/","og_site_name":"RUUBY","article_publisher":"https:\/\/www.facebook.com\/ruubyconcept","article_modified_time":"2026-04-07T22:28:30+00:00","og_image":[{"width":950,"height":1182,"url":"http:\/\/ruuby.ee\/wp-content\/uploads\/2024\/09\/Screenshot-2024-09-28-at-14.04.19.png","type":"image\/png"}],"twitter_card":"summary_large_image","twitter_misc":{"Estimated reading time":"1 minute"},"schema":{"@context":"https:\/\/schema.org","@graph":[{"@type":["WebPage","ItemPage"],"@id":"http:\/\/ruuby.ee\/pood\/lapsed\/riided\/dressid\/laste-dressikomplekt-cooper\/","url":"http:\/\/ruuby.ee\/pood\/lapsed\/riided\/dressid\/laste-dressikomplekt-cooper\/","name":"Mrs. Ertha - Laste dressikomplekt Cooper - RUUBY","isPartOf":{"@id":"http:\/\/ruuby.ee\/en\/#website"},"primaryImageOfPage":{"@id":"http:\/\/ruuby.ee\/pood\/lapsed\/riided\/dressid\/laste-dressikomplekt-cooper\/#primaryimage"},"image":{"@id":"http:\/\/ruuby.ee\/pood\/lapsed\/riided\/dressid\/laste-dressikomplekt-cooper\/#primaryimage"},"thumbnailUrl":"http:\/\/ruuby.ee\/wp-content\/uploads\/2024\/09\/Screenshot-2024-09-28-at-14.04.19.png","datePublished":"2024-09-28T11:08:17+00:00","dateModified":"2026-04-07T22:28:30+00:00","breadcrumb":{"@id":"http:\/\/ruuby.ee\/pood\/lapsed\/riided\/dressid\/laste-dressikomplekt-cooper\/#breadcrumb"},"inLanguage":"en-GB","potentialAction":[{"@type":"ReadAction","target":["http:\/\/ruuby.ee\/pood\/lapsed\/riided\/dressid\/laste-dressikomplekt-cooper\/"]}]},{"@type":"ImageObject","inLanguage":"en-GB","@id":"http:\/\/ruuby.ee\/pood\/lapsed\/riided\/dressid\/laste-dressikomplekt-cooper\/#primaryimage","url":"http:\/\/ruuby.ee\/wp-content\/uploads\/2024\/09\/Screenshot-2024-09-28-at-14.04.19.png","contentUrl":"http:\/\/ruuby.ee\/wp-content\/uploads\/2024\/09\/Screenshot-2024-09-28-at-14.04.19.png","width":950,"height":1182},{"@type":"BreadcrumbList","@id":"http:\/\/ruuby.ee\/pood\/lapsed\/riided\/dressid\/laste-dressikomplekt-cooper\/#breadcrumb","itemListElement":[{"@type":"ListItem","position":1,"name":"Kdu","item":"http:\/\/ruuby.ee\/en\/"},{"@type":"ListItem","position":2,"name":"Pood","item":"http:\/\/ruuby.ee\/en\/pood\/"},{"@type":"ListItem","position":3,"name":"Mrs. Ertha &#8211; Laste dressikomplekt Cooper"}]},{"@type":"WebSite","@id":"http:\/\/ruuby.ee\/en\/#website","url":"http:\/\/ruuby.ee\/en\/","name":"RUUBY","description":"Ruubys on \u00fchendatud elustiil ja disain","publisher":{"@id":"http:\/\/ruuby.ee\/en\/#organization"},"alternateName":"Ruuby Disain","potentialAction":[{"@type":"SearchAction","target":{"@type":"EntryPoint","urlTemplate":"http:\/\/ruuby.ee\/en\/?s={search_term_string}"},"query-input":{"@type":"PropertyValueSpecification","valueRequired":true,"valueName":"search_term_string"}}],"inLanguage":"en-GB"},{"@type":"Organization","@id":"http:\/\/ruuby.ee\/en\/#organization","name":"Ruuby Disain O\u00dc","alternateName":"Ruuby","url":"http:\/\/ruuby.ee\/en\/","logo":{"@type":"ImageObject","inLanguage":"en-GB","@id":"http:\/\/ruuby.ee\/en\/#\/schema\/logo\/image\/","url":"http:\/\/ruuby.ee\/wp-content\/uploads\/2023\/06\/cropped-Black-White-Elegant-Circle-Signature-Fashion-Logo-12_large.png","contentUrl":"http:\/\/ruuby.ee\/wp-content\/uploads\/2023\/06\/cropped-Black-White-Elegant-Circle-Signature-Fashion-Logo-12_large.png","width":1280,"height":747,"caption":"Ruuby Disain O\u00dc"},"image":{"@id":"http:\/\/ruuby.ee\/en\/#\/schema\/logo\/image\/"},"sameAs":["https:\/\/www.facebook.com\/ruubyconcept","https:\/\/www.instagram.com\/ruuby_concept\/"]}]}},"jetpack_sharing_enabled":true,"_links":{"self":[{"href":"http:\/\/ruuby.ee\/en\/wp-json\/wp\/v2\/product\/1849504","targetHints":{"allow":["GET"]}}],"collection":[{"href":"http:\/\/ruuby.ee\/en\/wp-json\/wp\/v2\/product"}],"about":[{"href":"http:\/\/ruuby.ee\/en\/wp-json\/wp\/v2\/types\/product"}],"replies":[{"embeddable":true,"href":"http:\/\/ruuby.ee\/en\/wp-json\/wp\/v2\/comments?post=1849504"}],"wp:featuredmedia":[{"embeddable":true,"href":"http:\/\/ruuby.ee\/en\/wp-json\/wp\/v2\/media\/1849505"}],"wp:attachment":[{"href":"http:\/\/ruuby.ee\/en\/wp-json\/wp\/v2\/media?parent=1849504"}],"wp:term":[{"taxonomy":"product_brand","embeddable":true,"href":"http:\/\/ruuby.ee\/en\/wp-json\/wp\/v2\/product_brand?post=1849504"},{"taxonomy":"product_cat","embeddable":true,"href":"http:\/\/ruuby.ee\/en\/wp-json\/wp\/v2\/product_cat?post=1849504"},{"taxonomy":"product_tag","embeddable":true,"href":"http:\/\/ruuby.ee\/en\/wp-json\/wp\/v2\/product_tag?post=1849504"}],"curies":[{"name":"wp","href":"https:\/\/api.w.org\/{rel}","templated":true}]}}