{"id":1849314,"date":"2024-09-26T14:13:35","date_gmt":"2024-09-26T11:13:35","guid":{"rendered":"http:\/\/ruuby.ee\/?post_type=product&#038;p=1849314"},"modified":"2026-04-08T01:28:31","modified_gmt":"2026-04-07T22:28:31","slug":"rammelaartje-oolamp-pardike-3-seadistuse-ja-30-minutilise-taimeriga","status":"publish","type":"product","link":"http:\/\/ruuby.ee\/en\/pood\/lapsed\/beebikaubad\/manguaeg\/rammelaartje-oolamp-pardike-3-seadistuse-ja-30-minutilise-taimeriga\/","title":{"rendered":"Rammelaartje &#8211; \u00d6\u00f6lamp pardike, 3 seadistuse ja 30-minutilise taimeriga"},"content":{"rendered":"<p>Kas otsite oma lapsetuppa \u00f6\u00f6lampi?<\/p>\n<p>Siis on Duck lamp on selleks hea valik. See armas lambike on pardi kujuga ja v\u00f5ib s\u00e4rada kolmes erinevas re\u017eiimis: pehme, veidi heledam ja s\u00e4ravam valgus. Samuti saate seada taimeri 30 minutiks, et valgus l\u00fclituks automaatselt v\u00e4lja, kui teie laps on magama j\u00e4\u00e4nud. Valgusti on laetav USB-C kaabli kaudu, nii et te ei pea patareisid v\u00e4lja vahetama.<\/p>\n<p>Kas teadsid, et pardikese jalgadele saad toetada ka telefoni, ehk see on ka kui telefoni hoidja.<\/p>\n<p>Kui l\u00fclitad pardikese sisse ja 30minutiline taimer kustub, siis patsuta lihtsalt pardikese peale ja valgus l\u00e4heb taas p\u00f5lema, patsuta veel ja saad valida, kui suurt valguse kuma sa soovid.<\/p>\n<p>See \u00f6\u00f6lamp on valmistatud pehmest silikoonmaterjalist, mis on ohutu ja vastupidav. Seda on lihtne ka kaasa v\u00f5tta, n\u00e4iteks magamaminekule v\u00f5i puhkusele. Duck lambiga annate oma lapsele \u00f6\u00f6seks hubase ja rahustava valguse.<\/p>\n<p>M\u00f5\u00f5dud: 210x103x62mm<\/p>","protected":false},"excerpt":{"rendered":"<p>Laste uus lemmik \u00f6\u00f6lamp on teie ees!<\/p>\n<p>Pehme ja armas ning teeb \u00e4ra kogu vajaliku t\u00f6\u00f6!<\/p>\n<p>Kui l\u00fclitad pardikese sisse ja 30minutiline taimer kustub, siis patsuta lihtsalt pardikese peale ja valgus l\u00e4heb taas p\u00f5lema, patsuta veel ja saad valida, kui suurt valguse kuma sa soovid.<\/p>","protected":false},"featured_media":1849315,"comment_status":"closed","ping_status":"closed","template":"","meta":[],"product_brand":[],"product_cat":[657,42,22,810,796,682,990,59],"product_tag":[70,898],"class_list":{"0":"post-1849314","1":"product","2":"type-product","3":"status-publish","4":"has-post-thumbnail","6":"product_cat-kinkekomplektid","7":"product_cat-kodusisustus","8":"product_cat-lapsed","9":"product_cat-lastetuba","10":"product_cat-laualamabid","11":"product_cat-manguaeg","12":"product_cat-oolambid","13":"product_cat-valgustus","14":"product_tag-lapsed","15":"product_tag-oolamp","17":"first","18":"instock","19":"taxable","20":"shipping-taxable","21":"purchasable","22":"product-type-simple"},"yoast_head":"<!-- This site is optimized with the Yoast SEO plugin v27.3 - https:\/\/yoast.com\/product\/yoast-seo-wordpress\/ -->\n<title>Rammelaartje - \u00d6\u00f6lamp pardike, 3 seadistuse ja 30-minutilise taimeriga - RUUBY<\/title>\n<meta name=\"robots\" content=\"index, follow, max-snippet:-1, max-image-preview:large, max-video-preview:-1\" \/>\n<link rel=\"canonical\" href=\"https:\/\/ruuby.ee\/en\/pood\/lapsed\/beebikaubad\/manguaeg\/rammelaartje-oolamp-pardike-3-seadistuse-ja-30-minutilise-taimeriga\/\" \/>\n<meta property=\"og:locale\" content=\"en_GB\" \/>\n<meta property=\"og:type\" content=\"article\" \/>\n<meta property=\"og:title\" content=\"Rammelaartje - \u00d6\u00f6lamp pardike, 3 seadistuse ja 30-minutilise taimeriga - RUUBY\" \/>\n<meta property=\"og:description\" content=\"Laste uus lemmik \u00f6\u00f6lamp on teie ees!  Pehme ja armas ning teeb \u00e4ra kogu vajaliku t\u00f6\u00f6!  Kui l\u00fclitad pardikese sisse ja 30minutiline taimer kustub, siis patsuta lihtsalt pardikese peale ja valgus l\u00e4heb taas p\u00f5lema, patsuta veel ja saad valida, kui suurt valguse kuma sa soovid.\" \/>\n<meta property=\"og:url\" content=\"https:\/\/ruuby.ee\/en\/pood\/lapsed\/beebikaubad\/manguaeg\/rammelaartje-oolamp-pardike-3-seadistuse-ja-30-minutilise-taimeriga\/\" \/>\n<meta property=\"og:site_name\" content=\"RUUBY\" \/>\n<meta property=\"article:publisher\" content=\"https:\/\/www.facebook.com\/ruubyconcept\" \/>\n<meta property=\"article:modified_time\" content=\"2026-04-07T22:28:31+00:00\" \/>\n<meta property=\"og:image\" content=\"https:\/\/ruuby.ee\/wp-content\/uploads\/2024\/09\/Screenshot-2024-09-26-at-14.04.27.png\" \/>\n\t<meta property=\"og:image:width\" content=\"1008\" \/>\n\t<meta property=\"og:image:height\" content=\"914\" \/>\n\t<meta property=\"og:image:type\" content=\"image\/png\" \/>\n<meta name=\"twitter:card\" content=\"summary_large_image\" \/>\n<meta name=\"twitter:label1\" content=\"Estimated reading time\" \/>\n\t<meta name=\"twitter:data1\" content=\"1 minute\" \/>\n<script type=\"application\/ld+json\" class=\"yoast-schema-graph\">{\"@context\":\"https:\\\/\\\/schema.org\",\"@graph\":[{\"@type\":[\"WebPage\",\"ItemPage\"],\"@id\":\"https:\\\/\\\/ruuby.ee\\\/pood\\\/lapsed\\\/beebikaubad\\\/manguaeg\\\/rammelaartje-oolamp-pardike-3-seadistuse-ja-30-minutilise-taimeriga\\\/\",\"url\":\"https:\\\/\\\/ruuby.ee\\\/pood\\\/lapsed\\\/beebikaubad\\\/manguaeg\\\/rammelaartje-oolamp-pardike-3-seadistuse-ja-30-minutilise-taimeriga\\\/\",\"name\":\"Rammelaartje - \u00d6\u00f6lamp pardike, 3 seadistuse ja 30-minutilise taimeriga - RUUBY\",\"isPartOf\":{\"@id\":\"https:\\\/\\\/ruuby.ee\\\/en\\\/#website\"},\"primaryImageOfPage\":{\"@id\":\"https:\\\/\\\/ruuby.ee\\\/pood\\\/lapsed\\\/beebikaubad\\\/manguaeg\\\/rammelaartje-oolamp-pardike-3-seadistuse-ja-30-minutilise-taimeriga\\\/#primaryimage\"},\"image\":{\"@id\":\"https:\\\/\\\/ruuby.ee\\\/pood\\\/lapsed\\\/beebikaubad\\\/manguaeg\\\/rammelaartje-oolamp-pardike-3-seadistuse-ja-30-minutilise-taimeriga\\\/#primaryimage\"},\"thumbnailUrl\":\"http:\\\/\\\/ruuby.ee\\\/wp-content\\\/uploads\\\/2024\\\/09\\\/Screenshot-2024-09-26-at-14.04.27.png\",\"datePublished\":\"2024-09-26T11:13:35+00:00\",\"dateModified\":\"2026-04-07T22:28:31+00:00\",\"breadcrumb\":{\"@id\":\"https:\\\/\\\/ruuby.ee\\\/pood\\\/lapsed\\\/beebikaubad\\\/manguaeg\\\/rammelaartje-oolamp-pardike-3-seadistuse-ja-30-minutilise-taimeriga\\\/#breadcrumb\"},\"inLanguage\":\"en-GB\",\"potentialAction\":[{\"@type\":\"ReadAction\",\"target\":[\"https:\\\/\\\/ruuby.ee\\\/pood\\\/lapsed\\\/beebikaubad\\\/manguaeg\\\/rammelaartje-oolamp-pardike-3-seadistuse-ja-30-minutilise-taimeriga\\\/\"]}]},{\"@type\":\"ImageObject\",\"inLanguage\":\"en-GB\",\"@id\":\"https:\\\/\\\/ruuby.ee\\\/pood\\\/lapsed\\\/beebikaubad\\\/manguaeg\\\/rammelaartje-oolamp-pardike-3-seadistuse-ja-30-minutilise-taimeriga\\\/#primaryimage\",\"url\":\"http:\\\/\\\/ruuby.ee\\\/wp-content\\\/uploads\\\/2024\\\/09\\\/Screenshot-2024-09-26-at-14.04.27.png\",\"contentUrl\":\"http:\\\/\\\/ruuby.ee\\\/wp-content\\\/uploads\\\/2024\\\/09\\\/Screenshot-2024-09-26-at-14.04.27.png\",\"width\":1008,\"height\":914},{\"@type\":\"BreadcrumbList\",\"@id\":\"https:\\\/\\\/ruuby.ee\\\/pood\\\/lapsed\\\/beebikaubad\\\/manguaeg\\\/rammelaartje-oolamp-pardike-3-seadistuse-ja-30-minutilise-taimeriga\\\/#breadcrumb\",\"itemListElement\":[{\"@type\":\"ListItem\",\"position\":1,\"name\":\"Kdu\",\"item\":\"https:\\\/\\\/ruuby.ee\\\/en\\\/\"},{\"@type\":\"ListItem\",\"position\":2,\"name\":\"Pood\",\"item\":\"https:\\\/\\\/ruuby.ee\\\/en\\\/pood\\\/\"},{\"@type\":\"ListItem\",\"position\":3,\"name\":\"Rammelaartje &#8211; \u00d6\u00f6lamp pardike, 3 seadistuse ja 30-minutilise taimeriga\"}]},{\"@type\":\"WebSite\",\"@id\":\"https:\\\/\\\/ruuby.ee\\\/en\\\/#website\",\"url\":\"https:\\\/\\\/ruuby.ee\\\/en\\\/\",\"name\":\"RUUBY\",\"description\":\"Ruubys on \u00fchendatud elustiil ja disain\",\"publisher\":{\"@id\":\"https:\\\/\\\/ruuby.ee\\\/en\\\/#organization\"},\"alternateName\":\"Ruuby Disain\",\"potentialAction\":[{\"@type\":\"SearchAction\",\"target\":{\"@type\":\"EntryPoint\",\"urlTemplate\":\"https:\\\/\\\/ruuby.ee\\\/en\\\/?s={search_term_string}\"},\"query-input\":{\"@type\":\"PropertyValueSpecification\",\"valueRequired\":true,\"valueName\":\"search_term_string\"}}],\"inLanguage\":\"en-GB\"},{\"@type\":\"Organization\",\"@id\":\"https:\\\/\\\/ruuby.ee\\\/en\\\/#organization\",\"name\":\"Ruuby Disain O\u00dc\",\"alternateName\":\"Ruuby\",\"url\":\"https:\\\/\\\/ruuby.ee\\\/en\\\/\",\"logo\":{\"@type\":\"ImageObject\",\"inLanguage\":\"en-GB\",\"@id\":\"https:\\\/\\\/ruuby.ee\\\/en\\\/#\\\/schema\\\/logo\\\/image\\\/\",\"url\":\"http:\\\/\\\/ruuby.ee\\\/wp-content\\\/uploads\\\/2023\\\/06\\\/cropped-Black-White-Elegant-Circle-Signature-Fashion-Logo-12_large.png\",\"contentUrl\":\"http:\\\/\\\/ruuby.ee\\\/wp-content\\\/uploads\\\/2023\\\/06\\\/cropped-Black-White-Elegant-Circle-Signature-Fashion-Logo-12_large.png\",\"width\":1280,\"height\":747,\"caption\":\"Ruuby Disain O\u00dc\"},\"image\":{\"@id\":\"https:\\\/\\\/ruuby.ee\\\/en\\\/#\\\/schema\\\/logo\\\/image\\\/\"},\"sameAs\":[\"https:\\\/\\\/www.facebook.com\\\/ruubyconcept\",\"https:\\\/\\\/www.instagram.com\\\/ruuby_concept\\\/\"]}]}<\/script>\n<!-- \/ Yoast SEO plugin. -->","yoast_head_json":{"title":"Rammelaartje - \u00d6\u00f6lamp pardike, 3 seadistuse ja 30-minutilise taimeriga - RUUBY","robots":{"index":"index","follow":"follow","max-snippet":"max-snippet:-1","max-image-preview":"max-image-preview:large","max-video-preview":"max-video-preview:-1"},"canonical":"https:\/\/ruuby.ee\/en\/pood\/lapsed\/beebikaubad\/manguaeg\/rammelaartje-oolamp-pardike-3-seadistuse-ja-30-minutilise-taimeriga\/","og_locale":"en_GB","og_type":"article","og_title":"Rammelaartje - \u00d6\u00f6lamp pardike, 3 seadistuse ja 30-minutilise taimeriga - RUUBY","og_description":"Laste uus lemmik \u00f6\u00f6lamp on teie ees!  Pehme ja armas ning teeb \u00e4ra kogu vajaliku t\u00f6\u00f6!  Kui l\u00fclitad pardikese sisse ja 30minutiline taimer kustub, siis patsuta lihtsalt pardikese peale ja valgus l\u00e4heb taas p\u00f5lema, patsuta veel ja saad valida, kui suurt valguse kuma sa soovid.","og_url":"https:\/\/ruuby.ee\/en\/pood\/lapsed\/beebikaubad\/manguaeg\/rammelaartje-oolamp-pardike-3-seadistuse-ja-30-minutilise-taimeriga\/","og_site_name":"RUUBY","article_publisher":"https:\/\/www.facebook.com\/ruubyconcept","article_modified_time":"2026-04-07T22:28:31+00:00","og_image":[{"width":1008,"height":914,"url":"https:\/\/ruuby.ee\/wp-content\/uploads\/2024\/09\/Screenshot-2024-09-26-at-14.04.27.png","type":"image\/png"}],"twitter_card":"summary_large_image","twitter_misc":{"Estimated reading time":"1 minute"},"schema":{"@context":"https:\/\/schema.org","@graph":[{"@type":["WebPage","ItemPage"],"@id":"https:\/\/ruuby.ee\/pood\/lapsed\/beebikaubad\/manguaeg\/rammelaartje-oolamp-pardike-3-seadistuse-ja-30-minutilise-taimeriga\/","url":"https:\/\/ruuby.ee\/pood\/lapsed\/beebikaubad\/manguaeg\/rammelaartje-oolamp-pardike-3-seadistuse-ja-30-minutilise-taimeriga\/","name":"Rammelaartje - \u00d6\u00f6lamp pardike, 3 seadistuse ja 30-minutilise taimeriga - RUUBY","isPartOf":{"@id":"https:\/\/ruuby.ee\/en\/#website"},"primaryImageOfPage":{"@id":"https:\/\/ruuby.ee\/pood\/lapsed\/beebikaubad\/manguaeg\/rammelaartje-oolamp-pardike-3-seadistuse-ja-30-minutilise-taimeriga\/#primaryimage"},"image":{"@id":"https:\/\/ruuby.ee\/pood\/lapsed\/beebikaubad\/manguaeg\/rammelaartje-oolamp-pardike-3-seadistuse-ja-30-minutilise-taimeriga\/#primaryimage"},"thumbnailUrl":"http:\/\/ruuby.ee\/wp-content\/uploads\/2024\/09\/Screenshot-2024-09-26-at-14.04.27.png","datePublished":"2024-09-26T11:13:35+00:00","dateModified":"2026-04-07T22:28:31+00:00","breadcrumb":{"@id":"https:\/\/ruuby.ee\/pood\/lapsed\/beebikaubad\/manguaeg\/rammelaartje-oolamp-pardike-3-seadistuse-ja-30-minutilise-taimeriga\/#breadcrumb"},"inLanguage":"en-GB","potentialAction":[{"@type":"ReadAction","target":["https:\/\/ruuby.ee\/pood\/lapsed\/beebikaubad\/manguaeg\/rammelaartje-oolamp-pardike-3-seadistuse-ja-30-minutilise-taimeriga\/"]}]},{"@type":"ImageObject","inLanguage":"en-GB","@id":"https:\/\/ruuby.ee\/pood\/lapsed\/beebikaubad\/manguaeg\/rammelaartje-oolamp-pardike-3-seadistuse-ja-30-minutilise-taimeriga\/#primaryimage","url":"http:\/\/ruuby.ee\/wp-content\/uploads\/2024\/09\/Screenshot-2024-09-26-at-14.04.27.png","contentUrl":"http:\/\/ruuby.ee\/wp-content\/uploads\/2024\/09\/Screenshot-2024-09-26-at-14.04.27.png","width":1008,"height":914},{"@type":"BreadcrumbList","@id":"https:\/\/ruuby.ee\/pood\/lapsed\/beebikaubad\/manguaeg\/rammelaartje-oolamp-pardike-3-seadistuse-ja-30-minutilise-taimeriga\/#breadcrumb","itemListElement":[{"@type":"ListItem","position":1,"name":"Kdu","item":"https:\/\/ruuby.ee\/en\/"},{"@type":"ListItem","position":2,"name":"Pood","item":"https:\/\/ruuby.ee\/en\/pood\/"},{"@type":"ListItem","position":3,"name":"Rammelaartje &#8211; \u00d6\u00f6lamp pardike, 3 seadistuse ja 30-minutilise taimeriga"}]},{"@type":"WebSite","@id":"https:\/\/ruuby.ee\/en\/#website","url":"https:\/\/ruuby.ee\/en\/","name":"RUUBY","description":"Ruubys on \u00fchendatud elustiil ja disain","publisher":{"@id":"https:\/\/ruuby.ee\/en\/#organization"},"alternateName":"Ruuby Disain","potentialAction":[{"@type":"SearchAction","target":{"@type":"EntryPoint","urlTemplate":"https:\/\/ruuby.ee\/en\/?s={search_term_string}"},"query-input":{"@type":"PropertyValueSpecification","valueRequired":true,"valueName":"search_term_string"}}],"inLanguage":"en-GB"},{"@type":"Organization","@id":"https:\/\/ruuby.ee\/en\/#organization","name":"Ruuby Disain O\u00dc","alternateName":"Ruuby","url":"https:\/\/ruuby.ee\/en\/","logo":{"@type":"ImageObject","inLanguage":"en-GB","@id":"https:\/\/ruuby.ee\/en\/#\/schema\/logo\/image\/","url":"http:\/\/ruuby.ee\/wp-content\/uploads\/2023\/06\/cropped-Black-White-Elegant-Circle-Signature-Fashion-Logo-12_large.png","contentUrl":"http:\/\/ruuby.ee\/wp-content\/uploads\/2023\/06\/cropped-Black-White-Elegant-Circle-Signature-Fashion-Logo-12_large.png","width":1280,"height":747,"caption":"Ruuby Disain O\u00dc"},"image":{"@id":"https:\/\/ruuby.ee\/en\/#\/schema\/logo\/image\/"},"sameAs":["https:\/\/www.facebook.com\/ruubyconcept","https:\/\/www.instagram.com\/ruuby_concept\/"]}]}},"jetpack_sharing_enabled":true,"_links":{"self":[{"href":"http:\/\/ruuby.ee\/en\/wp-json\/wp\/v2\/product\/1849314","targetHints":{"allow":["GET"]}}],"collection":[{"href":"http:\/\/ruuby.ee\/en\/wp-json\/wp\/v2\/product"}],"about":[{"href":"http:\/\/ruuby.ee\/en\/wp-json\/wp\/v2\/types\/product"}],"replies":[{"embeddable":true,"href":"http:\/\/ruuby.ee\/en\/wp-json\/wp\/v2\/comments?post=1849314"}],"wp:featuredmedia":[{"embeddable":true,"href":"http:\/\/ruuby.ee\/en\/wp-json\/wp\/v2\/media\/1849315"}],"wp:attachment":[{"href":"http:\/\/ruuby.ee\/en\/wp-json\/wp\/v2\/media?parent=1849314"}],"wp:term":[{"taxonomy":"product_brand","embeddable":true,"href":"http:\/\/ruuby.ee\/en\/wp-json\/wp\/v2\/product_brand?post=1849314"},{"taxonomy":"product_cat","embeddable":true,"href":"http:\/\/ruuby.ee\/en\/wp-json\/wp\/v2\/product_cat?post=1849314"},{"taxonomy":"product_tag","embeddable":true,"href":"http:\/\/ruuby.ee\/en\/wp-json\/wp\/v2\/product_tag?post=1849314"}],"curies":[{"name":"wp","href":"https:\/\/api.w.org\/{rel}","templated":true}]}}