{"id":1849212,"date":"2024-09-21T14:35:41","date_gmt":"2024-09-21T11:35:41","guid":{"rendered":"http:\/\/ruuby.ee\/?post_type=product&#038;p=1849212"},"modified":"2026-04-08T01:28:31","modified_gmt":"2026-04-07T22:28:31","slug":"kinfill-porandapuhastusvahendi-kontsentraat","status":"publish","type":"product","link":"http:\/\/ruuby.ee\/en\/pood\/kodusisustus\/puhastusvahendid\/taiteampullid\/kinfill-porandapuhastusvahendi-kontsentraat\/","title":{"rendered":"KINFILL &#8211; p\u00f5randapuhastusvahendi kontsentraat"},"content":{"rendered":"<p>Kinfill p\u00f5randapuhastusvahend<em> Floor Cleaner <\/em>on peaaegu neutraalse PH-ga ning loodud teie p\u00f5randate pesemiseks ja kaitsmiseks \u2013 olenemata p\u00f5randakatte t\u00fc\u00fcbist.<\/p>\n<p><span class=\"HwtZe\" lang=\"et\"><span class=\"jCAhz ChMk0b\"><span class=\"ryNqvb\">Kinfilli missiooniks on pakkuda t\u00f5husaid puhastustooteid ilma kahjulike kemikaalideta. <\/span><\/span><\/span><span class=\"HwtZe\" lang=\"et\"><span class=\"jCAhz ChMk0b\"><span class=\"ryNqvb\">Iga kontsentraat on valmistatud vastutustundliku p\u00e4ritoluga koostisosadest ja looduslike l\u00f5hnaainetega. <\/span><\/span><\/span><span class=\"HwtZe\" lang=\"et\"><span class=\"jCAhz ChMk0b\"><span class=\"ryNqvb\">Kinfilli<\/span><\/span><span class=\"jCAhz ChMk0b\"><span class=\"ryNqvb\"> koostisosad on kokku pandud nii, et need oleksid keskkonnas\u00f5bralikud. <\/span><\/span><\/span><\/p>\n<p><span lang=\"et\">Kinfill<\/span> puhastusvahendid ei sisalda kemikaale, mis v\u00f5iksid olla kahjulikud Teile v\u00f5i keskkonnale.<\/p>\n<p>\u2014 Vegan<br \/>\n\u2014 Ei sisalda palmi\u00f5li<br \/>\n\u2014 \u00dchekordse plastpakendi vaba<\/p>\n<p><strong>L\u00f5hnad:<\/strong><\/p>\n<p>1) <em>Tangerine Limited Ed. &#8211; <\/em><span class=\"HwtZe\" lang=\"et\"><span class=\"jCAhz ChMk0b\"><span class=\"ryNqvb\">Sidrunine, soe, v\u00fcrtsikas<\/span><\/span><\/span>.<\/p>\n<p><strong>Kasutamine:<\/strong><\/p>\n<p><span class=\"HwtZe\" lang=\"et\"><span class=\"jCAhz ChMk0b\"><span class=\"ryNqvb\">T\u00e4itke <em>Forever Bottle (v\u00f5i juba olmeasolev puhastusvahendi pudel)\u00a0<\/em> k\u00fclma veega ja lisage puhastuskontsentraat, loksutage ja oletegi valmis! Lisaks saad lahti \u00fchekordselt kasutatavatest plastpudelitest.<\/span><\/span><\/span><\/p>\n<p>Toodetud Hollandis.<\/p>","protected":false},"excerpt":{"rendered":"<p>Kinfill p\u00f5randapuhastusvahend on neutraalse PH-ga ning loodud teie p\u00f5randate pesemiseks ja kaitsmiseks \u2013 olenemata p\u00f5randakatte t\u00fc\u00fcbist.<\/p>\n<p>Komplekti kuulub 2 x puhastuskontsentraati (10ml).<\/p>\n<p>&nbsp;<\/p>","protected":false},"featured_media":1849214,"comment_status":"closed","ping_status":"closed","template":"","meta":[],"product_brand":[],"product_cat":[42,891,987],"product_tag":[],"class_list":{"0":"post-1849212","1":"product","2":"type-product","3":"status-publish","4":"has-post-thumbnail","6":"product_cat-kodusisustus","7":"product_cat-puhastusvahendid","8":"product_cat-taiteampullid","10":"first","11":"outofstock","12":"taxable","13":"shipping-taxable","14":"purchasable","15":"product-type-variable","16":"rtwpvs-product"},"yoast_head":"<!-- This site is optimized with the Yoast SEO plugin v27.3 - https:\/\/yoast.com\/product\/yoast-seo-wordpress\/ -->\n<title>KINFILL - p\u00f5randapuhastusvahendi kontsentraat - RUUBY<\/title>\n<meta name=\"robots\" content=\"index, follow, max-snippet:-1, max-image-preview:large, max-video-preview:-1\" \/>\n<link rel=\"canonical\" href=\"http:\/\/ruuby.ee\/en\/pood\/kodusisustus\/puhastusvahendid\/taiteampullid\/kinfill-porandapuhastusvahendi-kontsentraat\/\" \/>\n<meta property=\"og:locale\" content=\"en_GB\" \/>\n<meta property=\"og:type\" content=\"article\" \/>\n<meta property=\"og:title\" content=\"KINFILL - p\u00f5randapuhastusvahendi kontsentraat - RUUBY\" \/>\n<meta property=\"og:description\" content=\"Kinfill p\u00f5randapuhastusvahend on neutraalse PH-ga ning loodud teie p\u00f5randate pesemiseks ja kaitsmiseks \u2013 olenemata p\u00f5randakatte t\u00fc\u00fcbist.  Komplekti kuulub 2 x puhastuskontsentraati (10ml).  &nbsp;\" \/>\n<meta property=\"og:url\" content=\"http:\/\/ruuby.ee\/en\/pood\/kodusisustus\/puhastusvahendid\/taiteampullid\/kinfill-porandapuhastusvahendi-kontsentraat\/\" \/>\n<meta property=\"og:site_name\" content=\"RUUBY\" \/>\n<meta property=\"article:publisher\" content=\"https:\/\/www.facebook.com\/ruubyconcept\" \/>\n<meta property=\"article:modified_time\" content=\"2026-04-07T22:28:31+00:00\" \/>\n<meta property=\"og:image\" content=\"http:\/\/ruuby.ee\/wp-content\/uploads\/2024\/09\/Screenshot-2024-09-21-at-14.27.37.png\" \/>\n\t<meta property=\"og:image:width\" content=\"958\" \/>\n\t<meta property=\"og:image:height\" content=\"772\" \/>\n\t<meta property=\"og:image:type\" content=\"image\/png\" \/>\n<meta name=\"twitter:card\" content=\"summary_large_image\" \/>\n<meta name=\"twitter:label1\" content=\"Estimated reading time\" \/>\n\t<meta name=\"twitter:data1\" content=\"1 minute\" \/>\n<script type=\"application\/ld+json\" class=\"yoast-schema-graph\">{\"@context\":\"https:\\\/\\\/schema.org\",\"@graph\":[{\"@type\":[\"WebPage\",\"ItemPage\"],\"@id\":\"http:\\\/\\\/ruuby.ee\\\/pood\\\/kodusisustus\\\/puhastusvahendid\\\/taiteampullid\\\/kinfill-porandapuhastusvahendi-kontsentraat\\\/\",\"url\":\"http:\\\/\\\/ruuby.ee\\\/pood\\\/kodusisustus\\\/puhastusvahendid\\\/taiteampullid\\\/kinfill-porandapuhastusvahendi-kontsentraat\\\/\",\"name\":\"KINFILL - p\u00f5randapuhastusvahendi kontsentraat - RUUBY\",\"isPartOf\":{\"@id\":\"https:\\\/\\\/ruuby.ee\\\/en\\\/#website\"},\"primaryImageOfPage\":{\"@id\":\"http:\\\/\\\/ruuby.ee\\\/pood\\\/kodusisustus\\\/puhastusvahendid\\\/taiteampullid\\\/kinfill-porandapuhastusvahendi-kontsentraat\\\/#primaryimage\"},\"image\":{\"@id\":\"http:\\\/\\\/ruuby.ee\\\/pood\\\/kodusisustus\\\/puhastusvahendid\\\/taiteampullid\\\/kinfill-porandapuhastusvahendi-kontsentraat\\\/#primaryimage\"},\"thumbnailUrl\":\"http:\\\/\\\/ruuby.ee\\\/wp-content\\\/uploads\\\/2024\\\/09\\\/Screenshot-2024-09-21-at-14.27.37.png\",\"datePublished\":\"2024-09-21T11:35:41+00:00\",\"dateModified\":\"2026-04-07T22:28:31+00:00\",\"breadcrumb\":{\"@id\":\"http:\\\/\\\/ruuby.ee\\\/pood\\\/kodusisustus\\\/puhastusvahendid\\\/taiteampullid\\\/kinfill-porandapuhastusvahendi-kontsentraat\\\/#breadcrumb\"},\"inLanguage\":\"en-GB\",\"potentialAction\":[{\"@type\":\"ReadAction\",\"target\":[\"http:\\\/\\\/ruuby.ee\\\/pood\\\/kodusisustus\\\/puhastusvahendid\\\/taiteampullid\\\/kinfill-porandapuhastusvahendi-kontsentraat\\\/\"]}]},{\"@type\":\"ImageObject\",\"inLanguage\":\"en-GB\",\"@id\":\"http:\\\/\\\/ruuby.ee\\\/pood\\\/kodusisustus\\\/puhastusvahendid\\\/taiteampullid\\\/kinfill-porandapuhastusvahendi-kontsentraat\\\/#primaryimage\",\"url\":\"http:\\\/\\\/ruuby.ee\\\/wp-content\\\/uploads\\\/2024\\\/09\\\/Screenshot-2024-09-21-at-14.27.37.png\",\"contentUrl\":\"http:\\\/\\\/ruuby.ee\\\/wp-content\\\/uploads\\\/2024\\\/09\\\/Screenshot-2024-09-21-at-14.27.37.png\",\"width\":958,\"height\":772},{\"@type\":\"BreadcrumbList\",\"@id\":\"http:\\\/\\\/ruuby.ee\\\/pood\\\/kodusisustus\\\/puhastusvahendid\\\/taiteampullid\\\/kinfill-porandapuhastusvahendi-kontsentraat\\\/#breadcrumb\",\"itemListElement\":[{\"@type\":\"ListItem\",\"position\":1,\"name\":\"Kdu\",\"item\":\"https:\\\/\\\/ruuby.ee\\\/en\\\/\"},{\"@type\":\"ListItem\",\"position\":2,\"name\":\"Pood\",\"item\":\"http:\\\/\\\/ruuby.ee\\\/en\\\/pood\\\/\"},{\"@type\":\"ListItem\",\"position\":3,\"name\":\"KINFILL &#8211; p\u00f5randapuhastusvahendi kontsentraat\"}]},{\"@type\":\"WebSite\",\"@id\":\"https:\\\/\\\/ruuby.ee\\\/en\\\/#website\",\"url\":\"https:\\\/\\\/ruuby.ee\\\/en\\\/\",\"name\":\"RUUBY\",\"description\":\"Ruubys on \u00fchendatud elustiil ja disain\",\"publisher\":{\"@id\":\"https:\\\/\\\/ruuby.ee\\\/en\\\/#organization\"},\"alternateName\":\"Ruuby Disain\",\"potentialAction\":[{\"@type\":\"SearchAction\",\"target\":{\"@type\":\"EntryPoint\",\"urlTemplate\":\"https:\\\/\\\/ruuby.ee\\\/en\\\/?s={search_term_string}\"},\"query-input\":{\"@type\":\"PropertyValueSpecification\",\"valueRequired\":true,\"valueName\":\"search_term_string\"}}],\"inLanguage\":\"en-GB\"},{\"@type\":\"Organization\",\"@id\":\"https:\\\/\\\/ruuby.ee\\\/en\\\/#organization\",\"name\":\"Ruuby Disain O\u00dc\",\"alternateName\":\"Ruuby\",\"url\":\"https:\\\/\\\/ruuby.ee\\\/en\\\/\",\"logo\":{\"@type\":\"ImageObject\",\"inLanguage\":\"en-GB\",\"@id\":\"https:\\\/\\\/ruuby.ee\\\/en\\\/#\\\/schema\\\/logo\\\/image\\\/\",\"url\":\"http:\\\/\\\/ruuby.ee\\\/wp-content\\\/uploads\\\/2023\\\/06\\\/cropped-Black-White-Elegant-Circle-Signature-Fashion-Logo-12_large.png\",\"contentUrl\":\"http:\\\/\\\/ruuby.ee\\\/wp-content\\\/uploads\\\/2023\\\/06\\\/cropped-Black-White-Elegant-Circle-Signature-Fashion-Logo-12_large.png\",\"width\":1280,\"height\":747,\"caption\":\"Ruuby Disain O\u00dc\"},\"image\":{\"@id\":\"https:\\\/\\\/ruuby.ee\\\/en\\\/#\\\/schema\\\/logo\\\/image\\\/\"},\"sameAs\":[\"https:\\\/\\\/www.facebook.com\\\/ruubyconcept\",\"https:\\\/\\\/www.instagram.com\\\/ruuby_concept\\\/\"]}]}<\/script>\n<!-- \/ Yoast SEO plugin. -->","yoast_head_json":{"title":"KINFILL - p\u00f5randapuhastusvahendi kontsentraat - RUUBY","robots":{"index":"index","follow":"follow","max-snippet":"max-snippet:-1","max-image-preview":"max-image-preview:large","max-video-preview":"max-video-preview:-1"},"canonical":"http:\/\/ruuby.ee\/en\/pood\/kodusisustus\/puhastusvahendid\/taiteampullid\/kinfill-porandapuhastusvahendi-kontsentraat\/","og_locale":"en_GB","og_type":"article","og_title":"KINFILL - p\u00f5randapuhastusvahendi kontsentraat - RUUBY","og_description":"Kinfill p\u00f5randapuhastusvahend on neutraalse PH-ga ning loodud teie p\u00f5randate pesemiseks ja kaitsmiseks \u2013 olenemata p\u00f5randakatte t\u00fc\u00fcbist.  Komplekti kuulub 2 x puhastuskontsentraati (10ml).  &nbsp;","og_url":"http:\/\/ruuby.ee\/en\/pood\/kodusisustus\/puhastusvahendid\/taiteampullid\/kinfill-porandapuhastusvahendi-kontsentraat\/","og_site_name":"RUUBY","article_publisher":"https:\/\/www.facebook.com\/ruubyconcept","article_modified_time":"2026-04-07T22:28:31+00:00","og_image":[{"width":958,"height":772,"url":"http:\/\/ruuby.ee\/wp-content\/uploads\/2024\/09\/Screenshot-2024-09-21-at-14.27.37.png","type":"image\/png"}],"twitter_card":"summary_large_image","twitter_misc":{"Estimated reading time":"1 minute"},"schema":{"@context":"https:\/\/schema.org","@graph":[{"@type":["WebPage","ItemPage"],"@id":"http:\/\/ruuby.ee\/pood\/kodusisustus\/puhastusvahendid\/taiteampullid\/kinfill-porandapuhastusvahendi-kontsentraat\/","url":"http:\/\/ruuby.ee\/pood\/kodusisustus\/puhastusvahendid\/taiteampullid\/kinfill-porandapuhastusvahendi-kontsentraat\/","name":"KINFILL - p\u00f5randapuhastusvahendi kontsentraat - RUUBY","isPartOf":{"@id":"https:\/\/ruuby.ee\/en\/#website"},"primaryImageOfPage":{"@id":"http:\/\/ruuby.ee\/pood\/kodusisustus\/puhastusvahendid\/taiteampullid\/kinfill-porandapuhastusvahendi-kontsentraat\/#primaryimage"},"image":{"@id":"http:\/\/ruuby.ee\/pood\/kodusisustus\/puhastusvahendid\/taiteampullid\/kinfill-porandapuhastusvahendi-kontsentraat\/#primaryimage"},"thumbnailUrl":"http:\/\/ruuby.ee\/wp-content\/uploads\/2024\/09\/Screenshot-2024-09-21-at-14.27.37.png","datePublished":"2024-09-21T11:35:41+00:00","dateModified":"2026-04-07T22:28:31+00:00","breadcrumb":{"@id":"http:\/\/ruuby.ee\/pood\/kodusisustus\/puhastusvahendid\/taiteampullid\/kinfill-porandapuhastusvahendi-kontsentraat\/#breadcrumb"},"inLanguage":"en-GB","potentialAction":[{"@type":"ReadAction","target":["http:\/\/ruuby.ee\/pood\/kodusisustus\/puhastusvahendid\/taiteampullid\/kinfill-porandapuhastusvahendi-kontsentraat\/"]}]},{"@type":"ImageObject","inLanguage":"en-GB","@id":"http:\/\/ruuby.ee\/pood\/kodusisustus\/puhastusvahendid\/taiteampullid\/kinfill-porandapuhastusvahendi-kontsentraat\/#primaryimage","url":"http:\/\/ruuby.ee\/wp-content\/uploads\/2024\/09\/Screenshot-2024-09-21-at-14.27.37.png","contentUrl":"http:\/\/ruuby.ee\/wp-content\/uploads\/2024\/09\/Screenshot-2024-09-21-at-14.27.37.png","width":958,"height":772},{"@type":"BreadcrumbList","@id":"http:\/\/ruuby.ee\/pood\/kodusisustus\/puhastusvahendid\/taiteampullid\/kinfill-porandapuhastusvahendi-kontsentraat\/#breadcrumb","itemListElement":[{"@type":"ListItem","position":1,"name":"Kdu","item":"https:\/\/ruuby.ee\/en\/"},{"@type":"ListItem","position":2,"name":"Pood","item":"http:\/\/ruuby.ee\/en\/pood\/"},{"@type":"ListItem","position":3,"name":"KINFILL &#8211; p\u00f5randapuhastusvahendi kontsentraat"}]},{"@type":"WebSite","@id":"https:\/\/ruuby.ee\/en\/#website","url":"https:\/\/ruuby.ee\/en\/","name":"RUUBY","description":"Ruubys on \u00fchendatud elustiil ja disain","publisher":{"@id":"https:\/\/ruuby.ee\/en\/#organization"},"alternateName":"Ruuby Disain","potentialAction":[{"@type":"SearchAction","target":{"@type":"EntryPoint","urlTemplate":"https:\/\/ruuby.ee\/en\/?s={search_term_string}"},"query-input":{"@type":"PropertyValueSpecification","valueRequired":true,"valueName":"search_term_string"}}],"inLanguage":"en-GB"},{"@type":"Organization","@id":"https:\/\/ruuby.ee\/en\/#organization","name":"Ruuby Disain O\u00dc","alternateName":"Ruuby","url":"https:\/\/ruuby.ee\/en\/","logo":{"@type":"ImageObject","inLanguage":"en-GB","@id":"https:\/\/ruuby.ee\/en\/#\/schema\/logo\/image\/","url":"http:\/\/ruuby.ee\/wp-content\/uploads\/2023\/06\/cropped-Black-White-Elegant-Circle-Signature-Fashion-Logo-12_large.png","contentUrl":"http:\/\/ruuby.ee\/wp-content\/uploads\/2023\/06\/cropped-Black-White-Elegant-Circle-Signature-Fashion-Logo-12_large.png","width":1280,"height":747,"caption":"Ruuby Disain O\u00dc"},"image":{"@id":"https:\/\/ruuby.ee\/en\/#\/schema\/logo\/image\/"},"sameAs":["https:\/\/www.facebook.com\/ruubyconcept","https:\/\/www.instagram.com\/ruuby_concept\/"]}]}},"jetpack_sharing_enabled":true,"_links":{"self":[{"href":"http:\/\/ruuby.ee\/en\/wp-json\/wp\/v2\/product\/1849212","targetHints":{"allow":["GET"]}}],"collection":[{"href":"http:\/\/ruuby.ee\/en\/wp-json\/wp\/v2\/product"}],"about":[{"href":"http:\/\/ruuby.ee\/en\/wp-json\/wp\/v2\/types\/product"}],"replies":[{"embeddable":true,"href":"http:\/\/ruuby.ee\/en\/wp-json\/wp\/v2\/comments?post=1849212"}],"wp:featuredmedia":[{"embeddable":true,"href":"http:\/\/ruuby.ee\/en\/wp-json\/wp\/v2\/media\/1849214"}],"wp:attachment":[{"href":"http:\/\/ruuby.ee\/en\/wp-json\/wp\/v2\/media?parent=1849212"}],"wp:term":[{"taxonomy":"product_brand","embeddable":true,"href":"http:\/\/ruuby.ee\/en\/wp-json\/wp\/v2\/product_brand?post=1849212"},{"taxonomy":"product_cat","embeddable":true,"href":"http:\/\/ruuby.ee\/en\/wp-json\/wp\/v2\/product_cat?post=1849212"},{"taxonomy":"product_tag","embeddable":true,"href":"http:\/\/ruuby.ee\/en\/wp-json\/wp\/v2\/product_tag?post=1849212"}],"curies":[{"name":"wp","href":"https:\/\/api.w.org\/{rel}","templated":true}]}}