{"id":1849105,"date":"2024-09-20T15:51:22","date_gmt":"2024-09-20T12:51:22","guid":{"rendered":"http:\/\/ruuby.ee\/?post_type=product&#038;p=1849105"},"modified":"2026-04-04T01:24:56","modified_gmt":"2026-04-03T22:24:56","slug":"wouf-tualett-tarvete-kott-pat","status":"publish","type":"product","link":"http:\/\/ruuby.ee\/en\/pood\/aksessuaarid\/kotid\/wouf-tualett-tarvete-kott-pat\/","title":{"rendered":"WOUF &#8211; Tualett-tarvete kott, PAT"},"content":{"rendered":"<p>Sellel kotil on vetth\u00fclgav viimistlus ning \u00fcks p\u00f5hisahtel ja \u00fcks sisetasku, mis sobivad suurep\u00e4raselt oluliste tualett-tarvete korrastamiseks ja kandmiseks. Meie ikoonilise Daily kollektsiooni kuuluv Pat tualett-tarvete kott sulandub sujuvalt teie igap\u00e4evaellu nii kodus kui ka liikvel olles.<\/p>\n<p>Suurus &#8211; 21 x 14 x 8,5 cm<\/p>\n<p>100% taaskasutatud kangad tarbimisj\u00e4rgsetest plastpudelitest.<br \/>\nVett h\u00fclgav viimistlus.<br \/>\nTaaskasutatud nahast etikett.<br \/>\nIsikup\u00e4rastatud Woufi alumiiniumist t\u00f5mmits.<br \/>\nYKK t\u00f5mblukk taaskasutatud pol\u00fcester k\u00fclgedega.<br \/>\nTr\u00fckitud Oeko-Tex\u00ae sertifitseeritud tintidega.<br \/>\nHooldusjuhised: K\u00e4sitsi pesta k\u00fclmas vees neutraalse seebiga.<\/p>\n<p>*Pange t\u00e4hele, et tr\u00fckipaigutus v\u00f5ib tootmisprotsessi t\u00f5ttu erineda.<\/p>\n<p>Valmistatud Hispaanias<\/p>","protected":false},"excerpt":{"rendered":"<p>100% taaskasutatud kangast valmistatud Pat tualett-tarvete kott sobib ideaalselt kosmeetika-, meigi- ja h\u00fcgieenitarvete kandmiseks.<\/p>","protected":false},"featured_media":1849107,"comment_status":"closed","ping_status":"closed","template":"","meta":[],"product_brand":[],"product_cat":[43,668,33],"product_tag":[],"class_list":{"0":"post-1849105","1":"product","2":"type-product","3":"status-publish","4":"has-post-thumbnail","6":"product_cat-aksessuaarid","7":"product_cat-kosmeetikakott","8":"product_cat-kotid","10":"first","11":"instock","12":"taxable","13":"shipping-taxable","14":"purchasable","15":"product-type-simple"},"yoast_head":"<!-- This site is optimized with the Yoast SEO plugin v27.2 - https:\/\/yoast.com\/product\/yoast-seo-wordpress\/ -->\n<title>WOUF - Tualett-tarvete kott, PAT - RUUBY<\/title>\n<meta name=\"robots\" content=\"index, follow, max-snippet:-1, max-image-preview:large, max-video-preview:-1\" \/>\n<link rel=\"canonical\" href=\"http:\/\/ruuby.ee\/en\/pood\/aksessuaarid\/kotid\/wouf-tualett-tarvete-kott-pat\/\" \/>\n<meta property=\"og:locale\" content=\"en_GB\" \/>\n<meta property=\"og:type\" content=\"article\" \/>\n<meta property=\"og:title\" content=\"WOUF - Tualett-tarvete kott, PAT - RUUBY\" \/>\n<meta property=\"og:description\" content=\"100% taaskasutatud kangast valmistatud Pat tualett-tarvete kott sobib ideaalselt kosmeetika-, meigi- ja h\u00fcgieenitarvete kandmiseks.\" \/>\n<meta property=\"og:url\" content=\"http:\/\/ruuby.ee\/en\/pood\/aksessuaarid\/kotid\/wouf-tualett-tarvete-kott-pat\/\" \/>\n<meta property=\"og:site_name\" content=\"RUUBY\" \/>\n<meta property=\"article:publisher\" content=\"https:\/\/www.facebook.com\/ruubyconcept\" \/>\n<meta property=\"article:modified_time\" content=\"2026-04-03T22:24:56+00:00\" \/>\n<meta property=\"og:image\" content=\"http:\/\/ruuby.ee\/wp-content\/uploads\/2024\/09\/Screenshot-2024-09-20-at-15.49.24.png\" \/>\n\t<meta property=\"og:image:width\" content=\"930\" \/>\n\t<meta property=\"og:image:height\" content=\"1154\" \/>\n\t<meta property=\"og:image:type\" content=\"image\/png\" \/>\n<meta name=\"twitter:card\" content=\"summary_large_image\" \/>\n<meta name=\"twitter:label1\" content=\"Estimated reading time\" \/>\n\t<meta name=\"twitter:data1\" content=\"1 minute\" \/>\n<script type=\"application\/ld+json\" class=\"yoast-schema-graph\">{\"@context\":\"https:\/\/schema.org\",\"@graph\":[{\"@type\":[\"WebPage\",\"ItemPage\"],\"@id\":\"http:\/\/ruuby.ee\/en\/pood\/aksessuaarid\/kotid\/wouf-tualett-tarvete-kott-pat\/\",\"url\":\"http:\/\/ruuby.ee\/en\/pood\/aksessuaarid\/kotid\/wouf-tualett-tarvete-kott-pat\/\",\"name\":\"WOUF - Tualett-tarvete kott, PAT - RUUBY\",\"isPartOf\":{\"@id\":\"https:\/\/ruuby.ee\/en\/#website\"},\"primaryImageOfPage\":{\"@id\":\"http:\/\/ruuby.ee\/en\/pood\/aksessuaarid\/kotid\/wouf-tualett-tarvete-kott-pat\/#primaryimage\"},\"image\":{\"@id\":\"http:\/\/ruuby.ee\/en\/pood\/aksessuaarid\/kotid\/wouf-tualett-tarvete-kott-pat\/#primaryimage\"},\"thumbnailUrl\":\"http:\/\/ruuby.ee\/wp-content\/uploads\/2024\/09\/Screenshot-2024-09-20-at-15.49.24.png\",\"datePublished\":\"2024-09-20T12:51:22+00:00\",\"dateModified\":\"2026-04-03T22:24:56+00:00\",\"breadcrumb\":{\"@id\":\"http:\/\/ruuby.ee\/en\/pood\/aksessuaarid\/kotid\/wouf-tualett-tarvete-kott-pat\/#breadcrumb\"},\"inLanguage\":\"en-GB\",\"potentialAction\":[{\"@type\":\"ReadAction\",\"target\":[\"http:\/\/ruuby.ee\/en\/pood\/aksessuaarid\/kotid\/wouf-tualett-tarvete-kott-pat\/\"]}]},{\"@type\":\"ImageObject\",\"inLanguage\":\"en-GB\",\"@id\":\"http:\/\/ruuby.ee\/en\/pood\/aksessuaarid\/kotid\/wouf-tualett-tarvete-kott-pat\/#primaryimage\",\"url\":\"http:\/\/ruuby.ee\/wp-content\/uploads\/2024\/09\/Screenshot-2024-09-20-at-15.49.24.png\",\"contentUrl\":\"http:\/\/ruuby.ee\/wp-content\/uploads\/2024\/09\/Screenshot-2024-09-20-at-15.49.24.png\",\"width\":930,\"height\":1154},{\"@type\":\"BreadcrumbList\",\"@id\":\"http:\/\/ruuby.ee\/en\/pood\/aksessuaarid\/kotid\/wouf-tualett-tarvete-kott-pat\/#breadcrumb\",\"itemListElement\":[{\"@type\":\"ListItem\",\"position\":1,\"name\":\"Kdu\",\"item\":\"https:\/\/ruuby.ee\/en\/\"},{\"@type\":\"ListItem\",\"position\":2,\"name\":\"Pood\",\"item\":\"https:\/\/ruuby.ee\/pood\/\"},{\"@type\":\"ListItem\",\"position\":3,\"name\":\"WOUF &#8211; Tualett-tarvete kott, PAT\"}]},{\"@type\":\"WebSite\",\"@id\":\"https:\/\/ruuby.ee\/en\/#website\",\"url\":\"https:\/\/ruuby.ee\/en\/\",\"name\":\"RUUBY\",\"description\":\"Ruubys on \u00fchendatud elustiil ja disain\",\"publisher\":{\"@id\":\"https:\/\/ruuby.ee\/en\/#organization\"},\"alternateName\":\"Ruuby Disain\",\"potentialAction\":[{\"@type\":\"SearchAction\",\"target\":{\"@type\":\"EntryPoint\",\"urlTemplate\":\"https:\/\/ruuby.ee\/en\/?s={search_term_string}\"},\"query-input\":{\"@type\":\"PropertyValueSpecification\",\"valueRequired\":true,\"valueName\":\"search_term_string\"}}],\"inLanguage\":\"en-GB\"},{\"@type\":\"Organization\",\"@id\":\"https:\/\/ruuby.ee\/en\/#organization\",\"name\":\"Ruuby Disain O\u00dc\",\"alternateName\":\"Ruuby\",\"url\":\"https:\/\/ruuby.ee\/en\/\",\"logo\":{\"@type\":\"ImageObject\",\"inLanguage\":\"en-GB\",\"@id\":\"https:\/\/ruuby.ee\/en\/#\/schema\/logo\/image\/\",\"url\":\"http:\/\/ruuby.ee\/wp-content\/uploads\/2023\/06\/cropped-Black-White-Elegant-Circle-Signature-Fashion-Logo-12_large.png\",\"contentUrl\":\"http:\/\/ruuby.ee\/wp-content\/uploads\/2023\/06\/cropped-Black-White-Elegant-Circle-Signature-Fashion-Logo-12_large.png\",\"width\":1280,\"height\":747,\"caption\":\"Ruuby Disain O\u00dc\"},\"image\":{\"@id\":\"https:\/\/ruuby.ee\/en\/#\/schema\/logo\/image\/\"},\"sameAs\":[\"https:\/\/www.facebook.com\/ruubyconcept\",\"https:\/\/www.instagram.com\/ruuby_concept\/\"]}]}<\/script>\n<!-- \/ Yoast SEO plugin. -->","yoast_head_json":{"title":"WOUF - Tualett-tarvete kott, PAT - RUUBY","robots":{"index":"index","follow":"follow","max-snippet":"max-snippet:-1","max-image-preview":"max-image-preview:large","max-video-preview":"max-video-preview:-1"},"canonical":"http:\/\/ruuby.ee\/en\/pood\/aksessuaarid\/kotid\/wouf-tualett-tarvete-kott-pat\/","og_locale":"en_GB","og_type":"article","og_title":"WOUF - Tualett-tarvete kott, PAT - RUUBY","og_description":"100% taaskasutatud kangast valmistatud Pat tualett-tarvete kott sobib ideaalselt kosmeetika-, meigi- ja h\u00fcgieenitarvete kandmiseks.","og_url":"http:\/\/ruuby.ee\/en\/pood\/aksessuaarid\/kotid\/wouf-tualett-tarvete-kott-pat\/","og_site_name":"RUUBY","article_publisher":"https:\/\/www.facebook.com\/ruubyconcept","article_modified_time":"2026-04-03T22:24:56+00:00","og_image":[{"width":930,"height":1154,"url":"http:\/\/ruuby.ee\/wp-content\/uploads\/2024\/09\/Screenshot-2024-09-20-at-15.49.24.png","type":"image\/png"}],"twitter_card":"summary_large_image","twitter_misc":{"Estimated reading time":"1 minute"},"schema":{"@context":"https:\/\/schema.org","@graph":[{"@type":["WebPage","ItemPage"],"@id":"http:\/\/ruuby.ee\/en\/pood\/aksessuaarid\/kotid\/wouf-tualett-tarvete-kott-pat\/","url":"http:\/\/ruuby.ee\/en\/pood\/aksessuaarid\/kotid\/wouf-tualett-tarvete-kott-pat\/","name":"WOUF - Tualett-tarvete kott, PAT - RUUBY","isPartOf":{"@id":"https:\/\/ruuby.ee\/en\/#website"},"primaryImageOfPage":{"@id":"http:\/\/ruuby.ee\/en\/pood\/aksessuaarid\/kotid\/wouf-tualett-tarvete-kott-pat\/#primaryimage"},"image":{"@id":"http:\/\/ruuby.ee\/en\/pood\/aksessuaarid\/kotid\/wouf-tualett-tarvete-kott-pat\/#primaryimage"},"thumbnailUrl":"http:\/\/ruuby.ee\/wp-content\/uploads\/2024\/09\/Screenshot-2024-09-20-at-15.49.24.png","datePublished":"2024-09-20T12:51:22+00:00","dateModified":"2026-04-03T22:24:56+00:00","breadcrumb":{"@id":"http:\/\/ruuby.ee\/en\/pood\/aksessuaarid\/kotid\/wouf-tualett-tarvete-kott-pat\/#breadcrumb"},"inLanguage":"en-GB","potentialAction":[{"@type":"ReadAction","target":["http:\/\/ruuby.ee\/en\/pood\/aksessuaarid\/kotid\/wouf-tualett-tarvete-kott-pat\/"]}]},{"@type":"ImageObject","inLanguage":"en-GB","@id":"http:\/\/ruuby.ee\/en\/pood\/aksessuaarid\/kotid\/wouf-tualett-tarvete-kott-pat\/#primaryimage","url":"http:\/\/ruuby.ee\/wp-content\/uploads\/2024\/09\/Screenshot-2024-09-20-at-15.49.24.png","contentUrl":"http:\/\/ruuby.ee\/wp-content\/uploads\/2024\/09\/Screenshot-2024-09-20-at-15.49.24.png","width":930,"height":1154},{"@type":"BreadcrumbList","@id":"http:\/\/ruuby.ee\/en\/pood\/aksessuaarid\/kotid\/wouf-tualett-tarvete-kott-pat\/#breadcrumb","itemListElement":[{"@type":"ListItem","position":1,"name":"Kdu","item":"https:\/\/ruuby.ee\/en\/"},{"@type":"ListItem","position":2,"name":"Pood","item":"https:\/\/ruuby.ee\/pood\/"},{"@type":"ListItem","position":3,"name":"WOUF &#8211; Tualett-tarvete kott, PAT"}]},{"@type":"WebSite","@id":"https:\/\/ruuby.ee\/en\/#website","url":"https:\/\/ruuby.ee\/en\/","name":"RUUBY","description":"Ruubys on \u00fchendatud elustiil ja disain","publisher":{"@id":"https:\/\/ruuby.ee\/en\/#organization"},"alternateName":"Ruuby Disain","potentialAction":[{"@type":"SearchAction","target":{"@type":"EntryPoint","urlTemplate":"https:\/\/ruuby.ee\/en\/?s={search_term_string}"},"query-input":{"@type":"PropertyValueSpecification","valueRequired":true,"valueName":"search_term_string"}}],"inLanguage":"en-GB"},{"@type":"Organization","@id":"https:\/\/ruuby.ee\/en\/#organization","name":"Ruuby Disain O\u00dc","alternateName":"Ruuby","url":"https:\/\/ruuby.ee\/en\/","logo":{"@type":"ImageObject","inLanguage":"en-GB","@id":"https:\/\/ruuby.ee\/en\/#\/schema\/logo\/image\/","url":"http:\/\/ruuby.ee\/wp-content\/uploads\/2023\/06\/cropped-Black-White-Elegant-Circle-Signature-Fashion-Logo-12_large.png","contentUrl":"http:\/\/ruuby.ee\/wp-content\/uploads\/2023\/06\/cropped-Black-White-Elegant-Circle-Signature-Fashion-Logo-12_large.png","width":1280,"height":747,"caption":"Ruuby Disain O\u00dc"},"image":{"@id":"https:\/\/ruuby.ee\/en\/#\/schema\/logo\/image\/"},"sameAs":["https:\/\/www.facebook.com\/ruubyconcept","https:\/\/www.instagram.com\/ruuby_concept\/"]}]}},"jetpack_sharing_enabled":true,"_links":{"self":[{"href":"http:\/\/ruuby.ee\/en\/wp-json\/wp\/v2\/product\/1849105","targetHints":{"allow":["GET"]}}],"collection":[{"href":"http:\/\/ruuby.ee\/en\/wp-json\/wp\/v2\/product"}],"about":[{"href":"http:\/\/ruuby.ee\/en\/wp-json\/wp\/v2\/types\/product"}],"replies":[{"embeddable":true,"href":"http:\/\/ruuby.ee\/en\/wp-json\/wp\/v2\/comments?post=1849105"}],"wp:featuredmedia":[{"embeddable":true,"href":"http:\/\/ruuby.ee\/en\/wp-json\/wp\/v2\/media\/1849107"}],"wp:attachment":[{"href":"http:\/\/ruuby.ee\/en\/wp-json\/wp\/v2\/media?parent=1849105"}],"wp:term":[{"taxonomy":"product_brand","embeddable":true,"href":"http:\/\/ruuby.ee\/en\/wp-json\/wp\/v2\/product_brand?post=1849105"},{"taxonomy":"product_cat","embeddable":true,"href":"http:\/\/ruuby.ee\/en\/wp-json\/wp\/v2\/product_cat?post=1849105"},{"taxonomy":"product_tag","embeddable":true,"href":"http:\/\/ruuby.ee\/en\/wp-json\/wp\/v2\/product_tag?post=1849105"}],"curies":[{"name":"wp","href":"https:\/\/api.w.org\/{rel}","templated":true}]}}