{"id":1848844,"date":"2024-09-18T13:07:38","date_gmt":"2024-09-18T10:07:38","guid":{"rendered":"http:\/\/ruuby.ee\/?post_type=product&#038;p=1848844"},"modified":"2026-04-08T01:28:32","modified_gmt":"2026-04-07T22:28:32","slug":"sage-et-sauvage-pullover-alpaka","status":"publish","type":"product","link":"http:\/\/ruuby.ee\/en\/pood\/lapsed\/riided\/uleriided\/sage-et-sauvage-pullover-alpaka\/","title":{"rendered":"Sage et sauvage &#8211; Pullover Alpaka"},"content":{"rendered":"<p>M\u00f5nusalt soe ja karvane kampsun orgaanilisest puuvillast. All\u00e4\u00e4r on ilma soonikuta, mis v\u00f5imaldab igas olukorras mugavalt ringi liikuda. Kaelus kinnitub kookosp\u00e4hklist valmistatud n\u00f6\u00f6pidega. \u00a0Pusa sobib ilusti k\u00f5igi stiilidega ja paljudeks olukordadeks. \u00a0Seda saavad kanda nii v\u00e4ikseimad beebid kui ka pikemad v\u00e4ikelapsed.<\/p>\n<p>Soovitame valida pigem suurema suuruse.<\/p>\n<p>&nbsp;<\/p>\n<p>Materjal: 100% orgaaniline puuvill<\/p>\n<p>P\u00e4ritolumaa: Prantsusmaa<\/p>","protected":false},"excerpt":{"rendered":"<div class=\"woocommerce-product-details__short-description\">\n<p>Hea riideese garderoobis, et talv soojalt m\u00f6\u00f6da veeta ja jahedatel suve\u00f5htutel j\u00e4lle kapist v\u00e4lja v\u00f5tta.<\/p>\n<\/div>\n<div class=\"wd-shipping-progress-bar wd-style-bordered\">\n<div class=\"wd-progress-bar wd-free-progress-bar wd-progress-hide\"><\/div>\n<\/div>","protected":false},"featured_media":1848845,"comment_status":"closed","ping_status":"closed","template":"","meta":[],"product_brand":[],"product_cat":[22,244,856],"product_tag":[],"class_list":{"0":"post-1848844","1":"product","2":"type-product","3":"status-publish","4":"has-post-thumbnail","6":"product_cat-lapsed","7":"product_cat-riided","8":"product_cat-uleriided","10":"first","11":"instock","12":"taxable","13":"shipping-taxable","14":"purchasable","15":"product-type-variable","16":"rtwpvs-product"},"yoast_head":"<!-- This site is optimized with the Yoast SEO plugin v27.3 - https:\/\/yoast.com\/product\/yoast-seo-wordpress\/ -->\n<title>Sage et sauvage - Pullover Alpaka - RUUBY<\/title>\n<meta name=\"robots\" content=\"index, follow, max-snippet:-1, max-image-preview:large, max-video-preview:-1\" \/>\n<link rel=\"canonical\" href=\"http:\/\/ruuby.ee\/en\/pood\/lapsed\/riided\/uleriided\/sage-et-sauvage-pullover-alpaka\/\" \/>\n<meta property=\"og:locale\" content=\"en_GB\" \/>\n<meta property=\"og:type\" content=\"article\" \/>\n<meta property=\"og:title\" content=\"Sage et sauvage - Pullover Alpaka - RUUBY\" \/>\n<meta property=\"og:description\" content=\"Hea riideese garderoobis, et talv soojalt m\u00f6\u00f6da veeta ja jahedatel suve\u00f5htutel j\u00e4lle kapist v\u00e4lja v\u00f5tta.\" \/>\n<meta property=\"og:url\" content=\"http:\/\/ruuby.ee\/en\/pood\/lapsed\/riided\/uleriided\/sage-et-sauvage-pullover-alpaka\/\" \/>\n<meta property=\"og:site_name\" content=\"RUUBY\" \/>\n<meta property=\"article:publisher\" content=\"https:\/\/www.facebook.com\/ruubyconcept\" \/>\n<meta property=\"article:modified_time\" content=\"2026-04-07T22:28:32+00:00\" \/>\n<meta property=\"og:image\" content=\"http:\/\/ruuby.ee\/wp-content\/uploads\/2024\/09\/Screenshot-2024-09-18-at-12.25.52.png\" \/>\n\t<meta property=\"og:image:width\" content=\"1204\" \/>\n\t<meta property=\"og:image:height\" content=\"1208\" \/>\n\t<meta property=\"og:image:type\" content=\"image\/png\" \/>\n<meta name=\"twitter:card\" content=\"summary_large_image\" \/>\n<meta name=\"twitter:label1\" content=\"Estimated reading time\" \/>\n\t<meta name=\"twitter:data1\" content=\"1 minute\" \/>\n<script type=\"application\/ld+json\" class=\"yoast-schema-graph\">{\"@context\":\"https:\\\/\\\/schema.org\",\"@graph\":[{\"@type\":[\"WebPage\",\"ItemPage\"],\"@id\":\"http:\\\/\\\/ruuby.ee\\\/pood\\\/lapsed\\\/riided\\\/uleriided\\\/sage-et-sauvage-pullover-alpaka\\\/\",\"url\":\"http:\\\/\\\/ruuby.ee\\\/pood\\\/lapsed\\\/riided\\\/uleriided\\\/sage-et-sauvage-pullover-alpaka\\\/\",\"name\":\"Sage et sauvage - Pullover Alpaka - RUUBY\",\"isPartOf\":{\"@id\":\"http:\\\/\\\/ruuby.ee\\\/en\\\/#website\"},\"primaryImageOfPage\":{\"@id\":\"http:\\\/\\\/ruuby.ee\\\/pood\\\/lapsed\\\/riided\\\/uleriided\\\/sage-et-sauvage-pullover-alpaka\\\/#primaryimage\"},\"image\":{\"@id\":\"http:\\\/\\\/ruuby.ee\\\/pood\\\/lapsed\\\/riided\\\/uleriided\\\/sage-et-sauvage-pullover-alpaka\\\/#primaryimage\"},\"thumbnailUrl\":\"http:\\\/\\\/ruuby.ee\\\/wp-content\\\/uploads\\\/2024\\\/09\\\/Screenshot-2024-09-18-at-12.25.52.png\",\"datePublished\":\"2024-09-18T10:07:38+00:00\",\"dateModified\":\"2026-04-07T22:28:32+00:00\",\"breadcrumb\":{\"@id\":\"http:\\\/\\\/ruuby.ee\\\/pood\\\/lapsed\\\/riided\\\/uleriided\\\/sage-et-sauvage-pullover-alpaka\\\/#breadcrumb\"},\"inLanguage\":\"en-GB\",\"potentialAction\":[{\"@type\":\"ReadAction\",\"target\":[\"http:\\\/\\\/ruuby.ee\\\/pood\\\/lapsed\\\/riided\\\/uleriided\\\/sage-et-sauvage-pullover-alpaka\\\/\"]}]},{\"@type\":\"ImageObject\",\"inLanguage\":\"en-GB\",\"@id\":\"http:\\\/\\\/ruuby.ee\\\/pood\\\/lapsed\\\/riided\\\/uleriided\\\/sage-et-sauvage-pullover-alpaka\\\/#primaryimage\",\"url\":\"http:\\\/\\\/ruuby.ee\\\/wp-content\\\/uploads\\\/2024\\\/09\\\/Screenshot-2024-09-18-at-12.25.52.png\",\"contentUrl\":\"http:\\\/\\\/ruuby.ee\\\/wp-content\\\/uploads\\\/2024\\\/09\\\/Screenshot-2024-09-18-at-12.25.52.png\",\"width\":1204,\"height\":1208},{\"@type\":\"BreadcrumbList\",\"@id\":\"http:\\\/\\\/ruuby.ee\\\/pood\\\/lapsed\\\/riided\\\/uleriided\\\/sage-et-sauvage-pullover-alpaka\\\/#breadcrumb\",\"itemListElement\":[{\"@type\":\"ListItem\",\"position\":1,\"name\":\"Kdu\",\"item\":\"http:\\\/\\\/ruuby.ee\\\/en\\\/\"},{\"@type\":\"ListItem\",\"position\":2,\"name\":\"Pood\",\"item\":\"http:\\\/\\\/ruuby.ee\\\/en\\\/pood\\\/\"},{\"@type\":\"ListItem\",\"position\":3,\"name\":\"Sage et sauvage &#8211; Pullover Alpaka\"}]},{\"@type\":\"WebSite\",\"@id\":\"http:\\\/\\\/ruuby.ee\\\/en\\\/#website\",\"url\":\"http:\\\/\\\/ruuby.ee\\\/en\\\/\",\"name\":\"RUUBY\",\"description\":\"Ruubys on \u00fchendatud elustiil ja disain\",\"publisher\":{\"@id\":\"http:\\\/\\\/ruuby.ee\\\/en\\\/#organization\"},\"alternateName\":\"Ruuby Disain\",\"potentialAction\":[{\"@type\":\"SearchAction\",\"target\":{\"@type\":\"EntryPoint\",\"urlTemplate\":\"http:\\\/\\\/ruuby.ee\\\/en\\\/?s={search_term_string}\"},\"query-input\":{\"@type\":\"PropertyValueSpecification\",\"valueRequired\":true,\"valueName\":\"search_term_string\"}}],\"inLanguage\":\"en-GB\"},{\"@type\":\"Organization\",\"@id\":\"http:\\\/\\\/ruuby.ee\\\/en\\\/#organization\",\"name\":\"Ruuby Disain O\u00dc\",\"alternateName\":\"Ruuby\",\"url\":\"http:\\\/\\\/ruuby.ee\\\/en\\\/\",\"logo\":{\"@type\":\"ImageObject\",\"inLanguage\":\"en-GB\",\"@id\":\"http:\\\/\\\/ruuby.ee\\\/en\\\/#\\\/schema\\\/logo\\\/image\\\/\",\"url\":\"http:\\\/\\\/ruuby.ee\\\/wp-content\\\/uploads\\\/2023\\\/06\\\/cropped-Black-White-Elegant-Circle-Signature-Fashion-Logo-12_large.png\",\"contentUrl\":\"http:\\\/\\\/ruuby.ee\\\/wp-content\\\/uploads\\\/2023\\\/06\\\/cropped-Black-White-Elegant-Circle-Signature-Fashion-Logo-12_large.png\",\"width\":1280,\"height\":747,\"caption\":\"Ruuby Disain O\u00dc\"},\"image\":{\"@id\":\"http:\\\/\\\/ruuby.ee\\\/en\\\/#\\\/schema\\\/logo\\\/image\\\/\"},\"sameAs\":[\"https:\\\/\\\/www.facebook.com\\\/ruubyconcept\",\"https:\\\/\\\/www.instagram.com\\\/ruuby_concept\\\/\"]}]}<\/script>\n<!-- \/ Yoast SEO plugin. -->","yoast_head_json":{"title":"Sage et sauvage - Pullover Alpaka - RUUBY","robots":{"index":"index","follow":"follow","max-snippet":"max-snippet:-1","max-image-preview":"max-image-preview:large","max-video-preview":"max-video-preview:-1"},"canonical":"http:\/\/ruuby.ee\/en\/pood\/lapsed\/riided\/uleriided\/sage-et-sauvage-pullover-alpaka\/","og_locale":"en_GB","og_type":"article","og_title":"Sage et sauvage - Pullover Alpaka - RUUBY","og_description":"Hea riideese garderoobis, et talv soojalt m\u00f6\u00f6da veeta ja jahedatel suve\u00f5htutel j\u00e4lle kapist v\u00e4lja v\u00f5tta.","og_url":"http:\/\/ruuby.ee\/en\/pood\/lapsed\/riided\/uleriided\/sage-et-sauvage-pullover-alpaka\/","og_site_name":"RUUBY","article_publisher":"https:\/\/www.facebook.com\/ruubyconcept","article_modified_time":"2026-04-07T22:28:32+00:00","og_image":[{"width":1204,"height":1208,"url":"http:\/\/ruuby.ee\/wp-content\/uploads\/2024\/09\/Screenshot-2024-09-18-at-12.25.52.png","type":"image\/png"}],"twitter_card":"summary_large_image","twitter_misc":{"Estimated reading time":"1 minute"},"schema":{"@context":"https:\/\/schema.org","@graph":[{"@type":["WebPage","ItemPage"],"@id":"http:\/\/ruuby.ee\/pood\/lapsed\/riided\/uleriided\/sage-et-sauvage-pullover-alpaka\/","url":"http:\/\/ruuby.ee\/pood\/lapsed\/riided\/uleriided\/sage-et-sauvage-pullover-alpaka\/","name":"Sage et sauvage - Pullover Alpaka - RUUBY","isPartOf":{"@id":"http:\/\/ruuby.ee\/en\/#website"},"primaryImageOfPage":{"@id":"http:\/\/ruuby.ee\/pood\/lapsed\/riided\/uleriided\/sage-et-sauvage-pullover-alpaka\/#primaryimage"},"image":{"@id":"http:\/\/ruuby.ee\/pood\/lapsed\/riided\/uleriided\/sage-et-sauvage-pullover-alpaka\/#primaryimage"},"thumbnailUrl":"http:\/\/ruuby.ee\/wp-content\/uploads\/2024\/09\/Screenshot-2024-09-18-at-12.25.52.png","datePublished":"2024-09-18T10:07:38+00:00","dateModified":"2026-04-07T22:28:32+00:00","breadcrumb":{"@id":"http:\/\/ruuby.ee\/pood\/lapsed\/riided\/uleriided\/sage-et-sauvage-pullover-alpaka\/#breadcrumb"},"inLanguage":"en-GB","potentialAction":[{"@type":"ReadAction","target":["http:\/\/ruuby.ee\/pood\/lapsed\/riided\/uleriided\/sage-et-sauvage-pullover-alpaka\/"]}]},{"@type":"ImageObject","inLanguage":"en-GB","@id":"http:\/\/ruuby.ee\/pood\/lapsed\/riided\/uleriided\/sage-et-sauvage-pullover-alpaka\/#primaryimage","url":"http:\/\/ruuby.ee\/wp-content\/uploads\/2024\/09\/Screenshot-2024-09-18-at-12.25.52.png","contentUrl":"http:\/\/ruuby.ee\/wp-content\/uploads\/2024\/09\/Screenshot-2024-09-18-at-12.25.52.png","width":1204,"height":1208},{"@type":"BreadcrumbList","@id":"http:\/\/ruuby.ee\/pood\/lapsed\/riided\/uleriided\/sage-et-sauvage-pullover-alpaka\/#breadcrumb","itemListElement":[{"@type":"ListItem","position":1,"name":"Kdu","item":"http:\/\/ruuby.ee\/en\/"},{"@type":"ListItem","position":2,"name":"Pood","item":"http:\/\/ruuby.ee\/en\/pood\/"},{"@type":"ListItem","position":3,"name":"Sage et sauvage &#8211; Pullover Alpaka"}]},{"@type":"WebSite","@id":"http:\/\/ruuby.ee\/en\/#website","url":"http:\/\/ruuby.ee\/en\/","name":"RUUBY","description":"Ruubys on \u00fchendatud elustiil ja disain","publisher":{"@id":"http:\/\/ruuby.ee\/en\/#organization"},"alternateName":"Ruuby Disain","potentialAction":[{"@type":"SearchAction","target":{"@type":"EntryPoint","urlTemplate":"http:\/\/ruuby.ee\/en\/?s={search_term_string}"},"query-input":{"@type":"PropertyValueSpecification","valueRequired":true,"valueName":"search_term_string"}}],"inLanguage":"en-GB"},{"@type":"Organization","@id":"http:\/\/ruuby.ee\/en\/#organization","name":"Ruuby Disain O\u00dc","alternateName":"Ruuby","url":"http:\/\/ruuby.ee\/en\/","logo":{"@type":"ImageObject","inLanguage":"en-GB","@id":"http:\/\/ruuby.ee\/en\/#\/schema\/logo\/image\/","url":"http:\/\/ruuby.ee\/wp-content\/uploads\/2023\/06\/cropped-Black-White-Elegant-Circle-Signature-Fashion-Logo-12_large.png","contentUrl":"http:\/\/ruuby.ee\/wp-content\/uploads\/2023\/06\/cropped-Black-White-Elegant-Circle-Signature-Fashion-Logo-12_large.png","width":1280,"height":747,"caption":"Ruuby Disain O\u00dc"},"image":{"@id":"http:\/\/ruuby.ee\/en\/#\/schema\/logo\/image\/"},"sameAs":["https:\/\/www.facebook.com\/ruubyconcept","https:\/\/www.instagram.com\/ruuby_concept\/"]}]}},"jetpack_sharing_enabled":true,"_links":{"self":[{"href":"http:\/\/ruuby.ee\/en\/wp-json\/wp\/v2\/product\/1848844","targetHints":{"allow":["GET"]}}],"collection":[{"href":"http:\/\/ruuby.ee\/en\/wp-json\/wp\/v2\/product"}],"about":[{"href":"http:\/\/ruuby.ee\/en\/wp-json\/wp\/v2\/types\/product"}],"replies":[{"embeddable":true,"href":"http:\/\/ruuby.ee\/en\/wp-json\/wp\/v2\/comments?post=1848844"}],"wp:featuredmedia":[{"embeddable":true,"href":"http:\/\/ruuby.ee\/en\/wp-json\/wp\/v2\/media\/1848845"}],"wp:attachment":[{"href":"http:\/\/ruuby.ee\/en\/wp-json\/wp\/v2\/media?parent=1848844"}],"wp:term":[{"taxonomy":"product_brand","embeddable":true,"href":"http:\/\/ruuby.ee\/en\/wp-json\/wp\/v2\/product_brand?post=1848844"},{"taxonomy":"product_cat","embeddable":true,"href":"http:\/\/ruuby.ee\/en\/wp-json\/wp\/v2\/product_cat?post=1848844"},{"taxonomy":"product_tag","embeddable":true,"href":"http:\/\/ruuby.ee\/en\/wp-json\/wp\/v2\/product_tag?post=1848844"}],"curies":[{"name":"wp","href":"https:\/\/api.w.org\/{rel}","templated":true}]}}