{"id":1848807,"date":"2024-09-17T17:06:05","date_gmt":"2024-09-17T14:06:05","guid":{"rendered":"http:\/\/ruuby.ee\/?post_type=product&#038;p=1848807"},"modified":"2026-04-08T01:28:32","modified_gmt":"2026-04-07T22:28:32","slug":"patti-oslo-heegeldatud-manguasi-goldie-giraffe","status":"publish","type":"product","link":"http:\/\/ruuby.ee\/en\/pood\/lapsed\/pehmed-manguasjad\/patti-oslo-heegeldatud-manguasi-goldie-giraffe\/","title":{"rendered":"Patti OSLO &#8211; Heegeldatud m\u00e4nguasi, Goldie Giraffe"},"content":{"rendered":"<p>Eksklusiivselt k\u00e4sitsi valmistatud GOTS-sertifikaadiga orgaanilisest puuvillast. Meie maagiliste k\u00e4tega osavad naisk\u00e4sit\u00f6\u00f6lised valmistavad iga t\u00fcki armastusega, kasutades traditsioonilisi tehnikaid. Iga ese on t\u00f5eliselt ainulaadne ja kannab selle valmistanud k\u00e4sit\u00f6\u00f6lise individuaalsust. K\u00f5ik meie m\u00e4nguasjad on tundliku naha jaoks ohutud.<\/p>\n<p>Disainitud Norras<br \/>\nEetiliselt k\u00e4sitsi valmistatud T\u00fcrkiye linnas<\/p>\n<p>&#8211; 100% orgaaniline puuvill<br \/>\n&#8211; H\u00fcpoallergeenne, antibakteriaalne<br \/>\n&#8211; Mittetoksilised v\u00e4rvained: keskkonnas\u00f5bralikud v\u00e4rvained<br \/>\n&#8211; T\u00e4idised: taaskasutatud pol\u00fcester (\u00fclemaailmne ringlussev\u00f5tu standard)<br \/>\n&#8211; Suurus: umbes 29 cm<\/p>\n<p>Vastab CE standarditele<br \/>\nSobib alates s\u00fcnnist<\/p>\n<p><strong>Puhastusjuhised<\/strong><br \/>\nKasutage alati pehmet pesuainet ja jahedat vett.<br \/>\nPunktpuhastus v\u00f5i k\u00e4sipesu 30\u00baC \u00f5rna ts\u00fckliga. Pigistage \u00f5rnalt ja asetage kuivama.<\/p>","protected":false},"excerpt":{"rendered":"<p>Kas olete valmis magususe ja p\u00f5lislooduse puudutuseks? Goldie Giraffe on v\u00e4rviline kingitus, mis muudab teie beebi p\u00e4eva s\u00e4ravaks. K\u00e4sit\u00f6\u00f6na valmistatud puhtaimast orgaanilisest puuvillast.<\/p>","protected":false},"featured_media":1848808,"comment_status":"closed","ping_status":"closed","template":"","meta":[],"product_brand":[],"product_cat":[22,849],"product_tag":[],"class_list":{"0":"post-1848807","1":"product","2":"type-product","3":"status-publish","4":"has-post-thumbnail","6":"product_cat-lapsed","7":"product_cat-pehmed-manguasjad","9":"first","10":"instock","11":"taxable","12":"shipping-taxable","13":"purchasable","14":"product-type-simple"},"yoast_head":"<!-- This site is optimized with the Yoast SEO plugin v27.3 - https:\/\/yoast.com\/product\/yoast-seo-wordpress\/ -->\n<title>Patti OSLO - Heegeldatud m\u00e4nguasi, Goldie Giraffe - RUUBY<\/title>\n<meta name=\"robots\" content=\"index, follow, max-snippet:-1, max-image-preview:large, max-video-preview:-1\" \/>\n<link rel=\"canonical\" href=\"http:\/\/ruuby.ee\/en\/pood\/lapsed\/pehmed-manguasjad\/patti-oslo-heegeldatud-manguasi-goldie-giraffe\/\" \/>\n<meta property=\"og:locale\" content=\"en_GB\" \/>\n<meta property=\"og:type\" content=\"article\" \/>\n<meta property=\"og:title\" content=\"Patti OSLO - Heegeldatud m\u00e4nguasi, Goldie Giraffe - RUUBY\" \/>\n<meta property=\"og:description\" content=\"Kas olete valmis magususe ja p\u00f5lislooduse puudutuseks? Goldie Giraffe on v\u00e4rviline kingitus, mis muudab teie beebi p\u00e4eva s\u00e4ravaks. K\u00e4sit\u00f6\u00f6na valmistatud puhtaimast orgaanilisest puuvillast.\" \/>\n<meta property=\"og:url\" content=\"http:\/\/ruuby.ee\/en\/pood\/lapsed\/pehmed-manguasjad\/patti-oslo-heegeldatud-manguasi-goldie-giraffe\/\" \/>\n<meta property=\"og:site_name\" content=\"RUUBY\" \/>\n<meta property=\"article:publisher\" content=\"https:\/\/www.facebook.com\/ruubyconcept\" \/>\n<meta property=\"article:modified_time\" content=\"2026-04-07T22:28:32+00:00\" \/>\n<meta property=\"og:image\" content=\"http:\/\/ruuby.ee\/wp-content\/uploads\/2024\/09\/Screenshot-2024-09-17-at-17.07.34.png\" \/>\n\t<meta property=\"og:image:width\" content=\"1490\" \/>\n\t<meta property=\"og:image:height\" content=\"1388\" \/>\n\t<meta property=\"og:image:type\" content=\"image\/png\" \/>\n<meta name=\"twitter:card\" content=\"summary_large_image\" \/>\n<meta name=\"twitter:label1\" content=\"Estimated reading time\" \/>\n\t<meta name=\"twitter:data1\" content=\"1 minute\" \/>\n<script type=\"application\/ld+json\" class=\"yoast-schema-graph\">{\"@context\":\"https:\\\/\\\/schema.org\",\"@graph\":[{\"@type\":[\"WebPage\",\"ItemPage\"],\"@id\":\"http:\\\/\\\/ruuby.ee\\\/pood\\\/lapsed\\\/pehmed-manguasjad\\\/patti-oslo-heegeldatud-manguasi-goldie-giraffe\\\/\",\"url\":\"http:\\\/\\\/ruuby.ee\\\/pood\\\/lapsed\\\/pehmed-manguasjad\\\/patti-oslo-heegeldatud-manguasi-goldie-giraffe\\\/\",\"name\":\"Patti OSLO - Heegeldatud m\u00e4nguasi, Goldie Giraffe - RUUBY\",\"isPartOf\":{\"@id\":\"http:\\\/\\\/ruuby.ee\\\/en\\\/#website\"},\"primaryImageOfPage\":{\"@id\":\"http:\\\/\\\/ruuby.ee\\\/pood\\\/lapsed\\\/pehmed-manguasjad\\\/patti-oslo-heegeldatud-manguasi-goldie-giraffe\\\/#primaryimage\"},\"image\":{\"@id\":\"http:\\\/\\\/ruuby.ee\\\/pood\\\/lapsed\\\/pehmed-manguasjad\\\/patti-oslo-heegeldatud-manguasi-goldie-giraffe\\\/#primaryimage\"},\"thumbnailUrl\":\"http:\\\/\\\/ruuby.ee\\\/wp-content\\\/uploads\\\/2024\\\/09\\\/Screenshot-2024-09-17-at-17.07.34.png\",\"datePublished\":\"2024-09-17T14:06:05+00:00\",\"dateModified\":\"2026-04-07T22:28:32+00:00\",\"breadcrumb\":{\"@id\":\"http:\\\/\\\/ruuby.ee\\\/pood\\\/lapsed\\\/pehmed-manguasjad\\\/patti-oslo-heegeldatud-manguasi-goldie-giraffe\\\/#breadcrumb\"},\"inLanguage\":\"en-GB\",\"potentialAction\":[{\"@type\":\"ReadAction\",\"target\":[\"http:\\\/\\\/ruuby.ee\\\/pood\\\/lapsed\\\/pehmed-manguasjad\\\/patti-oslo-heegeldatud-manguasi-goldie-giraffe\\\/\"]}]},{\"@type\":\"ImageObject\",\"inLanguage\":\"en-GB\",\"@id\":\"http:\\\/\\\/ruuby.ee\\\/pood\\\/lapsed\\\/pehmed-manguasjad\\\/patti-oslo-heegeldatud-manguasi-goldie-giraffe\\\/#primaryimage\",\"url\":\"http:\\\/\\\/ruuby.ee\\\/wp-content\\\/uploads\\\/2024\\\/09\\\/Screenshot-2024-09-17-at-17.07.34.png\",\"contentUrl\":\"http:\\\/\\\/ruuby.ee\\\/wp-content\\\/uploads\\\/2024\\\/09\\\/Screenshot-2024-09-17-at-17.07.34.png\",\"width\":1490,\"height\":1388},{\"@type\":\"BreadcrumbList\",\"@id\":\"http:\\\/\\\/ruuby.ee\\\/pood\\\/lapsed\\\/pehmed-manguasjad\\\/patti-oslo-heegeldatud-manguasi-goldie-giraffe\\\/#breadcrumb\",\"itemListElement\":[{\"@type\":\"ListItem\",\"position\":1,\"name\":\"Kdu\",\"item\":\"http:\\\/\\\/ruuby.ee\\\/en\\\/\"},{\"@type\":\"ListItem\",\"position\":2,\"name\":\"Pood\",\"item\":\"http:\\\/\\\/ruuby.ee\\\/en\\\/pood\\\/\"},{\"@type\":\"ListItem\",\"position\":3,\"name\":\"Patti OSLO &#8211; Heegeldatud m\u00e4nguasi, Goldie Giraffe\"}]},{\"@type\":\"WebSite\",\"@id\":\"http:\\\/\\\/ruuby.ee\\\/en\\\/#website\",\"url\":\"http:\\\/\\\/ruuby.ee\\\/en\\\/\",\"name\":\"RUUBY\",\"description\":\"Ruubys on \u00fchendatud elustiil ja disain\",\"publisher\":{\"@id\":\"http:\\\/\\\/ruuby.ee\\\/en\\\/#organization\"},\"alternateName\":\"Ruuby Disain\",\"potentialAction\":[{\"@type\":\"SearchAction\",\"target\":{\"@type\":\"EntryPoint\",\"urlTemplate\":\"http:\\\/\\\/ruuby.ee\\\/en\\\/?s={search_term_string}\"},\"query-input\":{\"@type\":\"PropertyValueSpecification\",\"valueRequired\":true,\"valueName\":\"search_term_string\"}}],\"inLanguage\":\"en-GB\"},{\"@type\":\"Organization\",\"@id\":\"http:\\\/\\\/ruuby.ee\\\/en\\\/#organization\",\"name\":\"Ruuby Disain O\u00dc\",\"alternateName\":\"Ruuby\",\"url\":\"http:\\\/\\\/ruuby.ee\\\/en\\\/\",\"logo\":{\"@type\":\"ImageObject\",\"inLanguage\":\"en-GB\",\"@id\":\"http:\\\/\\\/ruuby.ee\\\/en\\\/#\\\/schema\\\/logo\\\/image\\\/\",\"url\":\"http:\\\/\\\/ruuby.ee\\\/wp-content\\\/uploads\\\/2023\\\/06\\\/cropped-Black-White-Elegant-Circle-Signature-Fashion-Logo-12_large.png\",\"contentUrl\":\"http:\\\/\\\/ruuby.ee\\\/wp-content\\\/uploads\\\/2023\\\/06\\\/cropped-Black-White-Elegant-Circle-Signature-Fashion-Logo-12_large.png\",\"width\":1280,\"height\":747,\"caption\":\"Ruuby Disain O\u00dc\"},\"image\":{\"@id\":\"http:\\\/\\\/ruuby.ee\\\/en\\\/#\\\/schema\\\/logo\\\/image\\\/\"},\"sameAs\":[\"https:\\\/\\\/www.facebook.com\\\/ruubyconcept\",\"https:\\\/\\\/www.instagram.com\\\/ruuby_concept\\\/\"]}]}<\/script>\n<!-- \/ Yoast SEO plugin. -->","yoast_head_json":{"title":"Patti OSLO - Heegeldatud m\u00e4nguasi, Goldie Giraffe - RUUBY","robots":{"index":"index","follow":"follow","max-snippet":"max-snippet:-1","max-image-preview":"max-image-preview:large","max-video-preview":"max-video-preview:-1"},"canonical":"http:\/\/ruuby.ee\/en\/pood\/lapsed\/pehmed-manguasjad\/patti-oslo-heegeldatud-manguasi-goldie-giraffe\/","og_locale":"en_GB","og_type":"article","og_title":"Patti OSLO - Heegeldatud m\u00e4nguasi, Goldie Giraffe - RUUBY","og_description":"Kas olete valmis magususe ja p\u00f5lislooduse puudutuseks? Goldie Giraffe on v\u00e4rviline kingitus, mis muudab teie beebi p\u00e4eva s\u00e4ravaks. K\u00e4sit\u00f6\u00f6na valmistatud puhtaimast orgaanilisest puuvillast.","og_url":"http:\/\/ruuby.ee\/en\/pood\/lapsed\/pehmed-manguasjad\/patti-oslo-heegeldatud-manguasi-goldie-giraffe\/","og_site_name":"RUUBY","article_publisher":"https:\/\/www.facebook.com\/ruubyconcept","article_modified_time":"2026-04-07T22:28:32+00:00","og_image":[{"width":1490,"height":1388,"url":"http:\/\/ruuby.ee\/wp-content\/uploads\/2024\/09\/Screenshot-2024-09-17-at-17.07.34.png","type":"image\/png"}],"twitter_card":"summary_large_image","twitter_misc":{"Estimated reading time":"1 minute"},"schema":{"@context":"https:\/\/schema.org","@graph":[{"@type":["WebPage","ItemPage"],"@id":"http:\/\/ruuby.ee\/pood\/lapsed\/pehmed-manguasjad\/patti-oslo-heegeldatud-manguasi-goldie-giraffe\/","url":"http:\/\/ruuby.ee\/pood\/lapsed\/pehmed-manguasjad\/patti-oslo-heegeldatud-manguasi-goldie-giraffe\/","name":"Patti OSLO - Heegeldatud m\u00e4nguasi, Goldie Giraffe - RUUBY","isPartOf":{"@id":"http:\/\/ruuby.ee\/en\/#website"},"primaryImageOfPage":{"@id":"http:\/\/ruuby.ee\/pood\/lapsed\/pehmed-manguasjad\/patti-oslo-heegeldatud-manguasi-goldie-giraffe\/#primaryimage"},"image":{"@id":"http:\/\/ruuby.ee\/pood\/lapsed\/pehmed-manguasjad\/patti-oslo-heegeldatud-manguasi-goldie-giraffe\/#primaryimage"},"thumbnailUrl":"http:\/\/ruuby.ee\/wp-content\/uploads\/2024\/09\/Screenshot-2024-09-17-at-17.07.34.png","datePublished":"2024-09-17T14:06:05+00:00","dateModified":"2026-04-07T22:28:32+00:00","breadcrumb":{"@id":"http:\/\/ruuby.ee\/pood\/lapsed\/pehmed-manguasjad\/patti-oslo-heegeldatud-manguasi-goldie-giraffe\/#breadcrumb"},"inLanguage":"en-GB","potentialAction":[{"@type":"ReadAction","target":["http:\/\/ruuby.ee\/pood\/lapsed\/pehmed-manguasjad\/patti-oslo-heegeldatud-manguasi-goldie-giraffe\/"]}]},{"@type":"ImageObject","inLanguage":"en-GB","@id":"http:\/\/ruuby.ee\/pood\/lapsed\/pehmed-manguasjad\/patti-oslo-heegeldatud-manguasi-goldie-giraffe\/#primaryimage","url":"http:\/\/ruuby.ee\/wp-content\/uploads\/2024\/09\/Screenshot-2024-09-17-at-17.07.34.png","contentUrl":"http:\/\/ruuby.ee\/wp-content\/uploads\/2024\/09\/Screenshot-2024-09-17-at-17.07.34.png","width":1490,"height":1388},{"@type":"BreadcrumbList","@id":"http:\/\/ruuby.ee\/pood\/lapsed\/pehmed-manguasjad\/patti-oslo-heegeldatud-manguasi-goldie-giraffe\/#breadcrumb","itemListElement":[{"@type":"ListItem","position":1,"name":"Kdu","item":"http:\/\/ruuby.ee\/en\/"},{"@type":"ListItem","position":2,"name":"Pood","item":"http:\/\/ruuby.ee\/en\/pood\/"},{"@type":"ListItem","position":3,"name":"Patti OSLO &#8211; Heegeldatud m\u00e4nguasi, Goldie Giraffe"}]},{"@type":"WebSite","@id":"http:\/\/ruuby.ee\/en\/#website","url":"http:\/\/ruuby.ee\/en\/","name":"RUUBY","description":"Ruubys on \u00fchendatud elustiil ja disain","publisher":{"@id":"http:\/\/ruuby.ee\/en\/#organization"},"alternateName":"Ruuby Disain","potentialAction":[{"@type":"SearchAction","target":{"@type":"EntryPoint","urlTemplate":"http:\/\/ruuby.ee\/en\/?s={search_term_string}"},"query-input":{"@type":"PropertyValueSpecification","valueRequired":true,"valueName":"search_term_string"}}],"inLanguage":"en-GB"},{"@type":"Organization","@id":"http:\/\/ruuby.ee\/en\/#organization","name":"Ruuby Disain O\u00dc","alternateName":"Ruuby","url":"http:\/\/ruuby.ee\/en\/","logo":{"@type":"ImageObject","inLanguage":"en-GB","@id":"http:\/\/ruuby.ee\/en\/#\/schema\/logo\/image\/","url":"http:\/\/ruuby.ee\/wp-content\/uploads\/2023\/06\/cropped-Black-White-Elegant-Circle-Signature-Fashion-Logo-12_large.png","contentUrl":"http:\/\/ruuby.ee\/wp-content\/uploads\/2023\/06\/cropped-Black-White-Elegant-Circle-Signature-Fashion-Logo-12_large.png","width":1280,"height":747,"caption":"Ruuby Disain O\u00dc"},"image":{"@id":"http:\/\/ruuby.ee\/en\/#\/schema\/logo\/image\/"},"sameAs":["https:\/\/www.facebook.com\/ruubyconcept","https:\/\/www.instagram.com\/ruuby_concept\/"]}]}},"jetpack_sharing_enabled":true,"_links":{"self":[{"href":"http:\/\/ruuby.ee\/en\/wp-json\/wp\/v2\/product\/1848807","targetHints":{"allow":["GET"]}}],"collection":[{"href":"http:\/\/ruuby.ee\/en\/wp-json\/wp\/v2\/product"}],"about":[{"href":"http:\/\/ruuby.ee\/en\/wp-json\/wp\/v2\/types\/product"}],"replies":[{"embeddable":true,"href":"http:\/\/ruuby.ee\/en\/wp-json\/wp\/v2\/comments?post=1848807"}],"wp:featuredmedia":[{"embeddable":true,"href":"http:\/\/ruuby.ee\/en\/wp-json\/wp\/v2\/media\/1848808"}],"wp:attachment":[{"href":"http:\/\/ruuby.ee\/en\/wp-json\/wp\/v2\/media?parent=1848807"}],"wp:term":[{"taxonomy":"product_brand","embeddable":true,"href":"http:\/\/ruuby.ee\/en\/wp-json\/wp\/v2\/product_brand?post=1848807"},{"taxonomy":"product_cat","embeddable":true,"href":"http:\/\/ruuby.ee\/en\/wp-json\/wp\/v2\/product_cat?post=1848807"},{"taxonomy":"product_tag","embeddable":true,"href":"http:\/\/ruuby.ee\/en\/wp-json\/wp\/v2\/product_tag?post=1848807"}],"curies":[{"name":"wp","href":"https:\/\/api.w.org\/{rel}","templated":true}]}}