{"id":1848645,"date":"2024-09-11T16:50:08","date_gmt":"2024-09-11T13:50:08","guid":{"rendered":"http:\/\/ruuby.ee\/?post_type=product&#038;p=1848645"},"modified":"2026-04-08T01:28:32","modified_gmt":"2026-04-07T22:28:32","slug":"nore-toaparfuum-jasmiin-iiris-nektariin","status":"publish","type":"product","link":"http:\/\/ruuby.ee\/en\/pood\/kodusisustus\/ruumilohnastajad\/nore-toaparfuum-jasmiin-iiris-nektariin\/","title":{"rendered":"NORE toaparf\u00fc\u00fcm, jasmiin-iiris-nektariin"},"content":{"rendered":"<p><span class=\"OYPEnA text-decoration-none text-strikethrough-none\">K\u00fclluslik ja mahlane l\u00f5hnakombinatsioon, milles p\u00f5imuvad aromaatne jasmiin, delikaatne ja \u00f5rn iiris ning mahlane ja magus nektariin. L\u00f5hnakombinatsiooni t\u00e4iustavad mahe pirn, v\u00e4rskendav apelsini\u00f5is ja merevaik.<\/span><\/p>\n<p>Nore toaparf\u00fc\u00fcmid valmivad k\u00e4sit\u00f6\u00f6na looduslikust baasainest ning k\u00f5rgekvaliteedilistest aroomi\u00f5lidest.<\/p>\n<p>Pihustage toaparf\u00fc\u00fcmi 2-3 korda \u00f5hku, intensiivsema l\u00f5hna saamiseks korrake. V\u00e4ltige toaparf\u00fc\u00fcmi pihustamist otse esemetele v\u00f5i materjalidele. Parf\u00fc\u00fcm v\u00f5ib kahjustada tekstiilist, klaasist, puidust v\u00f5i plastist pindasid. Toaparf\u00fc\u00fcm ei ole m\u00f5eldud kasutamiseks isikliku parf\u00fc\u00fcmina. Hoida lastele ja loomadele k\u00e4ttesaamatus kohas.<\/p>","protected":false},"excerpt":{"rendered":"<p>K\u00fclluslik ja mahlane l\u00f5hnakombinatsioon, milles p\u00f5imuvad aromaatne jasmiin, delikaatne ja \u00f5rn iiris ning mahlane ja magus nektariin. L\u00f5hnakombinatsiooni t\u00e4iustavad mahe pirn, v\u00e4rskendav apelsini\u00f5is ja merevaik. Nore toaparf\u00fc\u00fcmid valmivad k\u00e4sit\u00f6\u00f6na looduslikust baasainest ning k\u00f5rgekvaliteedilistest aroomi\u00f5lidest. Pihustage toaparf\u00fc\u00fcmi 2-3 korda \u00f5hku, intensiivsema l\u00f5hna saamiseks korrake. V\u00e4ltige toaparf\u00fc\u00fcmi pihustamist otse esemetele v\u00f5i materjalidele. Parf\u00fc\u00fcm v\u00f5ib kahjustada tekstiilist, klaasist, [&hellip;]<\/p>\n","protected":false},"featured_media":1848646,"comment_status":"open","ping_status":"closed","template":"","meta":[],"product_brand":[],"product_cat":[44],"product_tag":[],"class_list":{"0":"post-1848645","1":"product","2":"type-product","3":"status-publish","4":"has-post-thumbnail","6":"product_cat-ruumilohnastajad","8":"first","9":"outofstock","10":"taxable","11":"shipping-taxable","12":"purchasable","13":"product-type-simple"},"yoast_head":"<!-- This site is optimized with the Yoast SEO plugin v27.3 - https:\/\/yoast.com\/product\/yoast-seo-wordpress\/ -->\n<title>NORE toaparf\u00fc\u00fcm, jasmiin-iiris-nektariin - RUUBY<\/title>\n<meta name=\"robots\" content=\"index, follow, max-snippet:-1, max-image-preview:large, max-video-preview:-1\" \/>\n<link rel=\"canonical\" href=\"http:\/\/ruuby.ee\/en\/pood\/kodusisustus\/ruumilohnastajad\/nore-toaparfuum-jasmiin-iiris-nektariin\/\" \/>\n<meta property=\"og:locale\" content=\"en_GB\" \/>\n<meta property=\"og:type\" content=\"article\" \/>\n<meta property=\"og:title\" content=\"NORE toaparf\u00fc\u00fcm, jasmiin-iiris-nektariin - RUUBY\" \/>\n<meta property=\"og:description\" content=\"K\u00fclluslik ja mahlane l\u00f5hnakombinatsioon, milles p\u00f5imuvad aromaatne jasmiin, delikaatne ja \u00f5rn iiris ning mahlane ja magus nektariin. L\u00f5hnakombinatsiooni t\u00e4iustavad mahe pirn, v\u00e4rskendav apelsini\u00f5is ja merevaik. Nore toaparf\u00fc\u00fcmid valmivad k\u00e4sit\u00f6\u00f6na looduslikust baasainest ning k\u00f5rgekvaliteedilistest aroomi\u00f5lidest. Pihustage toaparf\u00fc\u00fcmi 2-3 korda \u00f5hku, intensiivsema l\u00f5hna saamiseks korrake. V\u00e4ltige toaparf\u00fc\u00fcmi pihustamist otse esemetele v\u00f5i materjalidele. Parf\u00fc\u00fcm v\u00f5ib kahjustada tekstiilist, klaasist, [&hellip;]\" \/>\n<meta property=\"og:url\" content=\"http:\/\/ruuby.ee\/en\/pood\/kodusisustus\/ruumilohnastajad\/nore-toaparfuum-jasmiin-iiris-nektariin\/\" \/>\n<meta property=\"og:site_name\" content=\"RUUBY\" \/>\n<meta property=\"article:publisher\" content=\"https:\/\/www.facebook.com\/ruubyconcept\" \/>\n<meta property=\"article:modified_time\" content=\"2026-04-07T22:28:32+00:00\" \/>\n<meta property=\"og:image\" content=\"http:\/\/ruuby.ee\/wp-content\/uploads\/2024\/09\/Screenshot-2024-09-11-at-16.53.52.png\" \/>\n\t<meta property=\"og:image:width\" content=\"890\" \/>\n\t<meta property=\"og:image:height\" content=\"1114\" \/>\n\t<meta property=\"og:image:type\" content=\"image\/png\" \/>\n<meta name=\"twitter:card\" content=\"summary_large_image\" \/>\n<meta name=\"twitter:label1\" content=\"Estimated reading time\" \/>\n\t<meta name=\"twitter:data1\" content=\"1 minute\" \/>\n<script type=\"application\/ld+json\" class=\"yoast-schema-graph\">{\"@context\":\"https:\\\/\\\/schema.org\",\"@graph\":[{\"@type\":[\"WebPage\",\"ItemPage\"],\"@id\":\"http:\\\/\\\/ruuby.ee\\\/pood\\\/kodusisustus\\\/ruumilohnastajad\\\/nore-toaparfuum-jasmiin-iiris-nektariin\\\/\",\"url\":\"http:\\\/\\\/ruuby.ee\\\/pood\\\/kodusisustus\\\/ruumilohnastajad\\\/nore-toaparfuum-jasmiin-iiris-nektariin\\\/\",\"name\":\"NORE toaparf\u00fc\u00fcm, jasmiin-iiris-nektariin - RUUBY\",\"isPartOf\":{\"@id\":\"http:\\\/\\\/ruuby.ee\\\/en\\\/#website\"},\"primaryImageOfPage\":{\"@id\":\"http:\\\/\\\/ruuby.ee\\\/pood\\\/kodusisustus\\\/ruumilohnastajad\\\/nore-toaparfuum-jasmiin-iiris-nektariin\\\/#primaryimage\"},\"image\":{\"@id\":\"http:\\\/\\\/ruuby.ee\\\/pood\\\/kodusisustus\\\/ruumilohnastajad\\\/nore-toaparfuum-jasmiin-iiris-nektariin\\\/#primaryimage\"},\"thumbnailUrl\":\"http:\\\/\\\/ruuby.ee\\\/wp-content\\\/uploads\\\/2024\\\/09\\\/Screenshot-2024-09-11-at-16.53.52.png\",\"datePublished\":\"2024-09-11T13:50:08+00:00\",\"dateModified\":\"2026-04-07T22:28:32+00:00\",\"breadcrumb\":{\"@id\":\"http:\\\/\\\/ruuby.ee\\\/pood\\\/kodusisustus\\\/ruumilohnastajad\\\/nore-toaparfuum-jasmiin-iiris-nektariin\\\/#breadcrumb\"},\"inLanguage\":\"en-GB\",\"potentialAction\":[{\"@type\":\"ReadAction\",\"target\":[\"http:\\\/\\\/ruuby.ee\\\/pood\\\/kodusisustus\\\/ruumilohnastajad\\\/nore-toaparfuum-jasmiin-iiris-nektariin\\\/\"]}]},{\"@type\":\"ImageObject\",\"inLanguage\":\"en-GB\",\"@id\":\"http:\\\/\\\/ruuby.ee\\\/pood\\\/kodusisustus\\\/ruumilohnastajad\\\/nore-toaparfuum-jasmiin-iiris-nektariin\\\/#primaryimage\",\"url\":\"http:\\\/\\\/ruuby.ee\\\/wp-content\\\/uploads\\\/2024\\\/09\\\/Screenshot-2024-09-11-at-16.53.52.png\",\"contentUrl\":\"http:\\\/\\\/ruuby.ee\\\/wp-content\\\/uploads\\\/2024\\\/09\\\/Screenshot-2024-09-11-at-16.53.52.png\",\"width\":890,\"height\":1114},{\"@type\":\"BreadcrumbList\",\"@id\":\"http:\\\/\\\/ruuby.ee\\\/pood\\\/kodusisustus\\\/ruumilohnastajad\\\/nore-toaparfuum-jasmiin-iiris-nektariin\\\/#breadcrumb\",\"itemListElement\":[{\"@type\":\"ListItem\",\"position\":1,\"name\":\"Kdu\",\"item\":\"http:\\\/\\\/ruuby.ee\\\/en\\\/\"},{\"@type\":\"ListItem\",\"position\":2,\"name\":\"Pood\",\"item\":\"http:\\\/\\\/ruuby.ee\\\/en\\\/pood\\\/\"},{\"@type\":\"ListItem\",\"position\":3,\"name\":\"NORE toaparf\u00fc\u00fcm, jasmiin-iiris-nektariin\"}]},{\"@type\":\"WebSite\",\"@id\":\"http:\\\/\\\/ruuby.ee\\\/en\\\/#website\",\"url\":\"http:\\\/\\\/ruuby.ee\\\/en\\\/\",\"name\":\"RUUBY\",\"description\":\"Ruubys on \u00fchendatud elustiil ja disain\",\"publisher\":{\"@id\":\"http:\\\/\\\/ruuby.ee\\\/en\\\/#organization\"},\"alternateName\":\"Ruuby Disain\",\"potentialAction\":[{\"@type\":\"SearchAction\",\"target\":{\"@type\":\"EntryPoint\",\"urlTemplate\":\"http:\\\/\\\/ruuby.ee\\\/en\\\/?s={search_term_string}\"},\"query-input\":{\"@type\":\"PropertyValueSpecification\",\"valueRequired\":true,\"valueName\":\"search_term_string\"}}],\"inLanguage\":\"en-GB\"},{\"@type\":\"Organization\",\"@id\":\"http:\\\/\\\/ruuby.ee\\\/en\\\/#organization\",\"name\":\"Ruuby Disain O\u00dc\",\"alternateName\":\"Ruuby\",\"url\":\"http:\\\/\\\/ruuby.ee\\\/en\\\/\",\"logo\":{\"@type\":\"ImageObject\",\"inLanguage\":\"en-GB\",\"@id\":\"http:\\\/\\\/ruuby.ee\\\/en\\\/#\\\/schema\\\/logo\\\/image\\\/\",\"url\":\"http:\\\/\\\/ruuby.ee\\\/wp-content\\\/uploads\\\/2023\\\/06\\\/cropped-Black-White-Elegant-Circle-Signature-Fashion-Logo-12_large.png\",\"contentUrl\":\"http:\\\/\\\/ruuby.ee\\\/wp-content\\\/uploads\\\/2023\\\/06\\\/cropped-Black-White-Elegant-Circle-Signature-Fashion-Logo-12_large.png\",\"width\":1280,\"height\":747,\"caption\":\"Ruuby Disain O\u00dc\"},\"image\":{\"@id\":\"http:\\\/\\\/ruuby.ee\\\/en\\\/#\\\/schema\\\/logo\\\/image\\\/\"},\"sameAs\":[\"https:\\\/\\\/www.facebook.com\\\/ruubyconcept\",\"https:\\\/\\\/www.instagram.com\\\/ruuby_concept\\\/\"]}]}<\/script>\n<!-- \/ Yoast SEO plugin. -->","yoast_head_json":{"title":"NORE toaparf\u00fc\u00fcm, jasmiin-iiris-nektariin - RUUBY","robots":{"index":"index","follow":"follow","max-snippet":"max-snippet:-1","max-image-preview":"max-image-preview:large","max-video-preview":"max-video-preview:-1"},"canonical":"http:\/\/ruuby.ee\/en\/pood\/kodusisustus\/ruumilohnastajad\/nore-toaparfuum-jasmiin-iiris-nektariin\/","og_locale":"en_GB","og_type":"article","og_title":"NORE toaparf\u00fc\u00fcm, jasmiin-iiris-nektariin - RUUBY","og_description":"K\u00fclluslik ja mahlane l\u00f5hnakombinatsioon, milles p\u00f5imuvad aromaatne jasmiin, delikaatne ja \u00f5rn iiris ning mahlane ja magus nektariin. L\u00f5hnakombinatsiooni t\u00e4iustavad mahe pirn, v\u00e4rskendav apelsini\u00f5is ja merevaik. Nore toaparf\u00fc\u00fcmid valmivad k\u00e4sit\u00f6\u00f6na looduslikust baasainest ning k\u00f5rgekvaliteedilistest aroomi\u00f5lidest. Pihustage toaparf\u00fc\u00fcmi 2-3 korda \u00f5hku, intensiivsema l\u00f5hna saamiseks korrake. V\u00e4ltige toaparf\u00fc\u00fcmi pihustamist otse esemetele v\u00f5i materjalidele. Parf\u00fc\u00fcm v\u00f5ib kahjustada tekstiilist, klaasist, [&hellip;]","og_url":"http:\/\/ruuby.ee\/en\/pood\/kodusisustus\/ruumilohnastajad\/nore-toaparfuum-jasmiin-iiris-nektariin\/","og_site_name":"RUUBY","article_publisher":"https:\/\/www.facebook.com\/ruubyconcept","article_modified_time":"2026-04-07T22:28:32+00:00","og_image":[{"width":890,"height":1114,"url":"http:\/\/ruuby.ee\/wp-content\/uploads\/2024\/09\/Screenshot-2024-09-11-at-16.53.52.png","type":"image\/png"}],"twitter_card":"summary_large_image","twitter_misc":{"Estimated reading time":"1 minute"},"schema":{"@context":"https:\/\/schema.org","@graph":[{"@type":["WebPage","ItemPage"],"@id":"http:\/\/ruuby.ee\/pood\/kodusisustus\/ruumilohnastajad\/nore-toaparfuum-jasmiin-iiris-nektariin\/","url":"http:\/\/ruuby.ee\/pood\/kodusisustus\/ruumilohnastajad\/nore-toaparfuum-jasmiin-iiris-nektariin\/","name":"NORE toaparf\u00fc\u00fcm, jasmiin-iiris-nektariin - RUUBY","isPartOf":{"@id":"http:\/\/ruuby.ee\/en\/#website"},"primaryImageOfPage":{"@id":"http:\/\/ruuby.ee\/pood\/kodusisustus\/ruumilohnastajad\/nore-toaparfuum-jasmiin-iiris-nektariin\/#primaryimage"},"image":{"@id":"http:\/\/ruuby.ee\/pood\/kodusisustus\/ruumilohnastajad\/nore-toaparfuum-jasmiin-iiris-nektariin\/#primaryimage"},"thumbnailUrl":"http:\/\/ruuby.ee\/wp-content\/uploads\/2024\/09\/Screenshot-2024-09-11-at-16.53.52.png","datePublished":"2024-09-11T13:50:08+00:00","dateModified":"2026-04-07T22:28:32+00:00","breadcrumb":{"@id":"http:\/\/ruuby.ee\/pood\/kodusisustus\/ruumilohnastajad\/nore-toaparfuum-jasmiin-iiris-nektariin\/#breadcrumb"},"inLanguage":"en-GB","potentialAction":[{"@type":"ReadAction","target":["http:\/\/ruuby.ee\/pood\/kodusisustus\/ruumilohnastajad\/nore-toaparfuum-jasmiin-iiris-nektariin\/"]}]},{"@type":"ImageObject","inLanguage":"en-GB","@id":"http:\/\/ruuby.ee\/pood\/kodusisustus\/ruumilohnastajad\/nore-toaparfuum-jasmiin-iiris-nektariin\/#primaryimage","url":"http:\/\/ruuby.ee\/wp-content\/uploads\/2024\/09\/Screenshot-2024-09-11-at-16.53.52.png","contentUrl":"http:\/\/ruuby.ee\/wp-content\/uploads\/2024\/09\/Screenshot-2024-09-11-at-16.53.52.png","width":890,"height":1114},{"@type":"BreadcrumbList","@id":"http:\/\/ruuby.ee\/pood\/kodusisustus\/ruumilohnastajad\/nore-toaparfuum-jasmiin-iiris-nektariin\/#breadcrumb","itemListElement":[{"@type":"ListItem","position":1,"name":"Kdu","item":"http:\/\/ruuby.ee\/en\/"},{"@type":"ListItem","position":2,"name":"Pood","item":"http:\/\/ruuby.ee\/en\/pood\/"},{"@type":"ListItem","position":3,"name":"NORE toaparf\u00fc\u00fcm, jasmiin-iiris-nektariin"}]},{"@type":"WebSite","@id":"http:\/\/ruuby.ee\/en\/#website","url":"http:\/\/ruuby.ee\/en\/","name":"RUUBY","description":"Ruubys on \u00fchendatud elustiil ja disain","publisher":{"@id":"http:\/\/ruuby.ee\/en\/#organization"},"alternateName":"Ruuby Disain","potentialAction":[{"@type":"SearchAction","target":{"@type":"EntryPoint","urlTemplate":"http:\/\/ruuby.ee\/en\/?s={search_term_string}"},"query-input":{"@type":"PropertyValueSpecification","valueRequired":true,"valueName":"search_term_string"}}],"inLanguage":"en-GB"},{"@type":"Organization","@id":"http:\/\/ruuby.ee\/en\/#organization","name":"Ruuby Disain O\u00dc","alternateName":"Ruuby","url":"http:\/\/ruuby.ee\/en\/","logo":{"@type":"ImageObject","inLanguage":"en-GB","@id":"http:\/\/ruuby.ee\/en\/#\/schema\/logo\/image\/","url":"http:\/\/ruuby.ee\/wp-content\/uploads\/2023\/06\/cropped-Black-White-Elegant-Circle-Signature-Fashion-Logo-12_large.png","contentUrl":"http:\/\/ruuby.ee\/wp-content\/uploads\/2023\/06\/cropped-Black-White-Elegant-Circle-Signature-Fashion-Logo-12_large.png","width":1280,"height":747,"caption":"Ruuby Disain O\u00dc"},"image":{"@id":"http:\/\/ruuby.ee\/en\/#\/schema\/logo\/image\/"},"sameAs":["https:\/\/www.facebook.com\/ruubyconcept","https:\/\/www.instagram.com\/ruuby_concept\/"]}]}},"jetpack_sharing_enabled":true,"_links":{"self":[{"href":"http:\/\/ruuby.ee\/en\/wp-json\/wp\/v2\/product\/1848645","targetHints":{"allow":["GET"]}}],"collection":[{"href":"http:\/\/ruuby.ee\/en\/wp-json\/wp\/v2\/product"}],"about":[{"href":"http:\/\/ruuby.ee\/en\/wp-json\/wp\/v2\/types\/product"}],"replies":[{"embeddable":true,"href":"http:\/\/ruuby.ee\/en\/wp-json\/wp\/v2\/comments?post=1848645"}],"wp:featuredmedia":[{"embeddable":true,"href":"http:\/\/ruuby.ee\/en\/wp-json\/wp\/v2\/media\/1848646"}],"wp:attachment":[{"href":"http:\/\/ruuby.ee\/en\/wp-json\/wp\/v2\/media?parent=1848645"}],"wp:term":[{"taxonomy":"product_brand","embeddable":true,"href":"http:\/\/ruuby.ee\/en\/wp-json\/wp\/v2\/product_brand?post=1848645"},{"taxonomy":"product_cat","embeddable":true,"href":"http:\/\/ruuby.ee\/en\/wp-json\/wp\/v2\/product_cat?post=1848645"},{"taxonomy":"product_tag","embeddable":true,"href":"http:\/\/ruuby.ee\/en\/wp-json\/wp\/v2\/product_tag?post=1848645"}],"curies":[{"name":"wp","href":"https:\/\/api.w.org\/{rel}","templated":true}]}}